{"id":39641,"date":"2024-10-22T14:33:00","date_gmt":"2024-10-22T12:33:00","guid":{"rendered":"https:\/\/antersystem.com\/wiedza-i-nowosci\/anter-system-partnerem-konferencji-branzowej\/"},"modified":"2026-02-04T14:05:45","modified_gmt":"2026-02-04T13:05:45","slug":"anter-system-partnerem-konferencji-branzowej","status":"publish","type":"page","link":"https:\/\/antersystem.com\/pl\/wiedza-i-nowosci\/anter-system-partnerem-konferencji-branzowej\/","title":{"rendered":"Anter System partnerem konferencji bran\u017cowej"},"content":{"rendered":"\n<div class=\"wp-block-columns is-layout-flex wp-container-core-columns-is-layout-9d6595d7 wp-block-columns-is-layout-flex\">\n<div class=\"wp-block-column is-layout-flow wp-block-column-is-layout-flow\" style=\"flex-basis:10%\"><\/div>\n\n\n\n<div class=\"wp-block-column is-layout-flow wp-block-column-is-layout-flow\">\n<h2 class=\"wp-block-heading\">Zapraszamy na spotkanie po\u015bwi\u0119cone zmianom w logistyce!<\/h2>\n\n\n\n<p>Ju\u017c 7 listopada w Zabrzu odb\u0119dzie si\u0119 konferencja <em>\u201eOptymalizacja proces\u00f3w intralogistycznych i magazynowych\u201d<\/em>, jedno z najwa\u017cniejszych w tym roku spotka\u0144 bran\u017cy logistycznej. Partnerem konferencji organizowanej przesz Axon Media ponownie b\u0119dzie Anter System Polska. <\/p>\n\n\n\n<p><strong>Dlaczego warto do\u0142\u0105czy\u0107 do uczestnik\u00f3w?<\/strong><\/p>\n\n\n\n<p>Konferencja przeznaczona jest dla w\u0142a\u015bcicieli i dyrektor\u00f3w zak\u0142ad\u00f3w oraz centr\u00f3w logistycznych, a tak\u017ce mened\u017cer\u00f3w odpowiedzialnych za procesy magazynowe, \u0142a\u0144cuchy dostaw i zarz\u0105dzanie produkcj\u0105. Podczas paneli tematycznych <strong>eksperci podziel\u0105 si\u0119 swoimi do\u015bwiadczeniami w usprawnianiu proces\u00f3w logistycznych i magazynowych<\/strong> w firmach oraz om\u00f3wi\u0105 wyzwania zwi\u0105zane z dostosowaniem tych proces\u00f3w do specyfiki ka\u017cdego zak\u0142adu. Zaprezentowane przyk\u0142ady obejm\u0105 zar\u00f3wno wdro\u017cenia na du\u017c\u0105 skal\u0119, jak i mniejsze modyfikacje, kt\u00f3re przynios\u0142y wymierne rezultaty.  <\/p>\n\n\n\n<p>Poruszane tematy b\u0119d\u0105 obejmowa\u0107 systemy transportu wewn\u0119trznego, sprz\u0119t do obs\u0142ugi materia\u0142\u00f3w, roboty magazynowe, zautomatyzowane systemy magazynowania i kompletacji zam\u00f3wie\u0144, technologie RFID i identyfikacji bezprzewodowej, oprogramowanie intralogistyczne, projektowanie i doradztwo w zakresie intralogistyki, a tak\u017ce maszyny i urz\u0105dzenia etykietuj\u0105ce.<\/p>\n\n\n\n<p><strong>Porozmawiajmy o bezpiecze\u0144stwie w miejscu pracy<\/strong><\/p>\n\n\n\n<p>Podczas wydarzenia poruszony zostanie r\u00f3wnie\u017c temat <strong>bezpiecze\u0144stwa i higieny pracy (BHP) w magazynach i halach produkcyjnych &#8211;<\/strong> dziedziny, w kt\u00f3rej Anter System Polska jest ekspertem. Od ponad 15 lat \u015bwiadczymy us\u0142ugi doradcze zwi\u0105zane z systemami ochrony pracownik\u00f3w, maszyn i infrastruktury w \u015brodowiskach przemys\u0142owych i logistycznych. Podczas konferencji ch\u0119tnie opowiemy <strong>o najnowszych rozwi\u0105zaniach<\/strong> zwi\u0119kszaj\u0105cych bezpiecze\u0144stwo pracy.  <\/p>\n\n\n\n<p>Dynamiczny, jednodniowy format konferencji obejmuje nie tylko wyk\u0142ady ekspert\u00f3w, ale tak\u017ce <strong>mo\u017cliwo\u015b\u0107 nawi\u0105zania cennych relacji biznesowych.<\/strong> Udzia\u0142 w wydarzeniu jest bezp\u0142atny &#8211; serdecznie zapraszamy!<\/p>\n\n\n\n<p>Udzia\u0142 w konferencji jest bezp\u0142atny. Szczeg\u00f3\u0142owe informacje dotycz\u0105ce zapis\u00f3w oraz plan prelekcji: <em><a href=\"https:\/\/www.axonmedia.pl\/konferencje\/aktualne\/intralogistyka-magazynowanie-2024-zabrze\/\" target=\"_blank\" rel=\"noreferrer noopener\">\u201eOptymalizacja proces\u00f3w intralogistycznych i magazynowych\u201d<\/a><\/em> <\/p>\n\n\n\n<p><\/p>\n\n\n\n<p><\/p>\n<\/div>\n\n\n\n<div class=\"wp-block-column is-layout-flow wp-block-column-is-layout-flow\" style=\"flex-basis:10%\"><\/div>\n<\/div>\n<div class=\"wp-block-image\">\n<figure class=\"aligncenter size-large is-resized\"><img loading=\"lazy\" decoding=\"async\" width=\"1024\" height=\"576\" src=\"https:\/\/antersystem.com\/wp-content\/uploads\/Konferencja_optymalizacja-procesow-logistycznych-2024-1024x576.jpg\" alt=\"\" class=\"wp-image-5562\" style=\"width:620px;height:auto\" srcset=\"https:\/\/antersystem.com\/wp-content\/uploads\/Konferencja_optymalizacja-procesow-logistycznych-2024-1024x576.jpg 1024w, https:\/\/antersystem.com\/wp-content\/uploads\/Konferencja_optymalizacja-procesow-logistycznych-2024-300x169.jpg 300w, https:\/\/antersystem.com\/wp-content\/uploads\/Konferencja_optymalizacja-procesow-logistycznych-2024-768x432.jpg 768w, https:\/\/antersystem.com\/wp-content\/uploads\/Konferencja_optymalizacja-procesow-logistycznych-2024-450x253.jpg 450w, https:\/\/antersystem.com\/wp-content\/uploads\/Konferencja_optymalizacja-procesow-logistycznych-2024-330x186.jpg 330w, https:\/\/antersystem.com\/wp-content\/uploads\/Konferencja_optymalizacja-procesow-logistycznych-2024.jpg 1115w\" sizes=\"auto, (max-width: 1024px) 100vw, 1024px\" \/><\/figure><\/div>","protected":false},"excerpt":{"rendered":"<p>Zapraszamy na spotkanie po\u015bwi\u0119cone zmianom w logistyce! Ju\u017c 7 listopada w Zabrzu odb\u0119dzie si\u0119 konferencja \u201eOptymalizacja proces\u00f3w intralogistycznych i magazynowych\u201d, jedno z najwa\u017cniejszych w tym roku spotka\u0144 bran\u017cy logistycznej. Partnerem konferencji organizowanej przesz Axon Media ponownie b\u0119dzie Anter System Polska. Dlaczego warto do\u0142\u0105czy\u0107 do uczestnik\u00f3w? Konferencja przeznaczona jest dla w\u0142a\u015bcicieli i dyrektor\u00f3w zak\u0142ad\u00f3w oraz centr\u00f3w [&hellip;]<\/p>\n","protected":false},"author":1,"featured_media":0,"parent":12824,"menu_order":0,"comment_status":"closed","ping_status":"closed","template":"","meta":{"inline_featured_image":false,"ngg_post_thumbnail":0,"footnotes":""},"class_list":["post-39641","page","type-page","status-publish","hentry"],"acf":[],"yoast_head":"<!-- This site is optimized with the Yoast SEO plugin v27.0 - https:\/\/yoast.com\/product\/yoast-seo-wordpress\/ -->\n<title>Anter System partnerem konferencji bran\u017cowej - Anter System<\/title>\n<meta name=\"description\" content=\"Zapraszamy na spotkanie po\u015bwi\u0119cone zmianom w logistyce! Ju\u017c 7 listopada w Zabrzu odb\u0119dzie si\u0119 konferencja \u201eOptymalizacja proces\u00f3w intralogistycznych i\" \/>\n<meta name=\"robots\" content=\"index, follow, max-snippet:-1, max-image-preview:large, max-video-preview:-1\" \/>\n<link rel=\"canonical\" href=\"https:\/\/antersystem.com\/pl\/wiedza-i-nowosci\/anter-system-partnerem-konferencji-branzowej\/\" \/>\n<meta property=\"og:locale\" content=\"pl_PL\" \/>\n<meta property=\"og:type\" content=\"article\" \/>\n<meta property=\"og:title\" content=\"Anter System partnerem konferencji bran\u017cowej - Anter System\" \/>\n<meta property=\"og:description\" content=\"Zapraszamy na spotkanie po\u015bwi\u0119cone zmianom w logistyce! Ju\u017c 7 listopada w Zabrzu odb\u0119dzie si\u0119 konferencja \u201eOptymalizacja proces\u00f3w intralogistycznych i\" \/>\n<meta property=\"og:url\" content=\"https:\/\/antersystem.com\/pl\/wiedza-i-nowosci\/anter-system-partnerem-konferencji-branzowej\/\" \/>\n<meta property=\"og:site_name\" content=\"Anter System\" \/>\n<meta property=\"article:modified_time\" content=\"2026-02-04T13:05:45+00:00\" \/>\n<meta property=\"og:image\" content=\"https:\/\/antersystem.com\/wp-content\/uploads\/Konferencja_optymalizacja-procesow-logistycznych-2024-1024x576.jpg\" \/>\n<meta name=\"twitter:card\" content=\"summary_large_image\" \/>\n<meta name=\"twitter:label1\" content=\"Szacowany czas czytania\" \/>\n\t<meta name=\"twitter:data1\" content=\"2 minuty\" \/>\n<script type=\"application\/ld+json\" class=\"yoast-schema-graph\">{\"@context\":\"https:\/\/schema.org\",\"@graph\":[{\"@type\":\"WebPage\",\"@id\":\"https:\/\/antersystem.com\/pl\/wiedza-i-nowosci\/anter-system-partnerem-konferencji-branzowej\/\",\"url\":\"https:\/\/antersystem.com\/pl\/wiedza-i-nowosci\/anter-system-partnerem-konferencji-branzowej\/\",\"name\":\"Anter System partnerem konferencji bran\u017cowej - Anter System\",\"isPartOf\":{\"@id\":\"https:\/\/antersystem.com\/pl\/#website\"},\"primaryImageOfPage\":{\"@id\":\"https:\/\/antersystem.com\/pl\/wiedza-i-nowosci\/anter-system-partnerem-konferencji-branzowej\/#primaryimage\"},\"image\":{\"@id\":\"https:\/\/antersystem.com\/pl\/wiedza-i-nowosci\/anter-system-partnerem-konferencji-branzowej\/#primaryimage\"},\"thumbnailUrl\":\"https:\/\/antersystem.com\/wp-content\/uploads\/Konferencja_optymalizacja-procesow-logistycznych-2024-1024x576.jpg\",\"datePublished\":\"2024-10-22T12:33:00+00:00\",\"dateModified\":\"2026-02-04T13:05:45+00:00\",\"description\":\"Zapraszamy na spotkanie po\u015bwi\u0119cone zmianom w logistyce! Ju\u017c 7 listopada w Zabrzu odb\u0119dzie si\u0119 konferencja \u201eOptymalizacja proces\u00f3w intralogistycznych i\",\"breadcrumb\":{\"@id\":\"https:\/\/antersystem.com\/pl\/wiedza-i-nowosci\/anter-system-partnerem-konferencji-branzowej\/#breadcrumb\"},\"inLanguage\":\"pl-PL\",\"potentialAction\":[{\"@type\":\"ReadAction\",\"target\":[\"https:\/\/antersystem.com\/pl\/wiedza-i-nowosci\/anter-system-partnerem-konferencji-branzowej\/\"]}]},{\"@type\":\"ImageObject\",\"inLanguage\":\"pl-PL\",\"@id\":\"https:\/\/antersystem.com\/pl\/wiedza-i-nowosci\/anter-system-partnerem-konferencji-branzowej\/#primaryimage\",\"url\":\"https:\/\/antersystem.com\/wp-content\/uploads\/Konferencja_optymalizacja-procesow-logistycznych-2024-1024x576.jpg\",\"contentUrl\":\"https:\/\/antersystem.com\/wp-content\/uploads\/Konferencja_optymalizacja-procesow-logistycznych-2024-1024x576.jpg\"},{\"@type\":\"BreadcrumbList\",\"@id\":\"https:\/\/antersystem.com\/pl\/wiedza-i-nowosci\/anter-system-partnerem-konferencji-branzowej\/#breadcrumb\",\"itemListElement\":[{\"@type\":\"ListItem\",\"position\":1,\"name\":\"AnterSystem\",\"item\":\"https:\/\/antersystem.com\/pl\/\"},{\"@type\":\"ListItem\",\"position\":2,\"name\":\"Wiedza i nowo\u015bci\",\"item\":\"https:\/\/antersystem.com\/pl\/wiedza-i-nowosci\/\"},{\"@type\":\"ListItem\",\"position\":3,\"name\":\"Anter System partnerem konferencji bran\u017cowej\"}]},{\"@type\":\"WebSite\",\"@id\":\"https:\/\/antersystem.com\/pl\/#website\",\"url\":\"https:\/\/antersystem.com\/pl\/\",\"name\":\"Anter System\",\"description\":\"Jeste\u015bmy polskim producentem elastycznych barier ochronnych wykonywanych z polimerowych tworzyw sztucznych. Na rynku krajowym i zagranicznym dzia\u0142amy od ponad 15 lat dbaj\u0105c o zapewnienie bezpiecze\u0144stwa w zak\u0142adach produkcyjnych, magazynach oraz centrach logistycznych.\",\"potentialAction\":[{\"@type\":\"SearchAction\",\"target\":{\"@type\":\"EntryPoint\",\"urlTemplate\":\"https:\/\/antersystem.com\/pl\/?s={search_term_string}\"},\"query-input\":{\"@type\":\"PropertyValueSpecification\",\"valueRequired\":true,\"valueName\":\"search_term_string\"}}],\"inLanguage\":\"pl-PL\"}]}<\/script>\n<!-- \/ Yoast SEO plugin. -->","yoast_head_json":{"title":"Anter System partnerem konferencji bran\u017cowej - Anter System","description":"Zapraszamy na spotkanie po\u015bwi\u0119cone zmianom w logistyce! Ju\u017c 7 listopada w Zabrzu odb\u0119dzie si\u0119 konferencja \u201eOptymalizacja proces\u00f3w intralogistycznych i","robots":{"index":"index","follow":"follow","max-snippet":"max-snippet:-1","max-image-preview":"max-image-preview:large","max-video-preview":"max-video-preview:-1"},"canonical":"https:\/\/antersystem.com\/pl\/wiedza-i-nowosci\/anter-system-partnerem-konferencji-branzowej\/","og_locale":"pl_PL","og_type":"article","og_title":"Anter System partnerem konferencji bran\u017cowej - Anter System","og_description":"Zapraszamy na spotkanie po\u015bwi\u0119cone zmianom w logistyce! Ju\u017c 7 listopada w Zabrzu odb\u0119dzie si\u0119 konferencja \u201eOptymalizacja proces\u00f3w intralogistycznych i","og_url":"https:\/\/antersystem.com\/pl\/wiedza-i-nowosci\/anter-system-partnerem-konferencji-branzowej\/","og_site_name":"Anter System","article_modified_time":"2026-02-04T13:05:45+00:00","og_image":[{"url":"https:\/\/antersystem.com\/wp-content\/uploads\/Konferencja_optymalizacja-procesow-logistycznych-2024-1024x576.jpg","type":"","width":"","height":""}],"twitter_card":"summary_large_image","twitter_misc":{"Szacowany czas czytania":"2 minuty"},"schema":{"@context":"https:\/\/schema.org","@graph":[{"@type":"WebPage","@id":"https:\/\/antersystem.com\/pl\/wiedza-i-nowosci\/anter-system-partnerem-konferencji-branzowej\/","url":"https:\/\/antersystem.com\/pl\/wiedza-i-nowosci\/anter-system-partnerem-konferencji-branzowej\/","name":"Anter System partnerem konferencji bran\u017cowej - Anter System","isPartOf":{"@id":"https:\/\/antersystem.com\/pl\/#website"},"primaryImageOfPage":{"@id":"https:\/\/antersystem.com\/pl\/wiedza-i-nowosci\/anter-system-partnerem-konferencji-branzowej\/#primaryimage"},"image":{"@id":"https:\/\/antersystem.com\/pl\/wiedza-i-nowosci\/anter-system-partnerem-konferencji-branzowej\/#primaryimage"},"thumbnailUrl":"https:\/\/antersystem.com\/wp-content\/uploads\/Konferencja_optymalizacja-procesow-logistycznych-2024-1024x576.jpg","datePublished":"2024-10-22T12:33:00+00:00","dateModified":"2026-02-04T13:05:45+00:00","description":"Zapraszamy na spotkanie po\u015bwi\u0119cone zmianom w logistyce! Ju\u017c 7 listopada w Zabrzu odb\u0119dzie si\u0119 konferencja \u201eOptymalizacja proces\u00f3w intralogistycznych i","breadcrumb":{"@id":"https:\/\/antersystem.com\/pl\/wiedza-i-nowosci\/anter-system-partnerem-konferencji-branzowej\/#breadcrumb"},"inLanguage":"pl-PL","potentialAction":[{"@type":"ReadAction","target":["https:\/\/antersystem.com\/pl\/wiedza-i-nowosci\/anter-system-partnerem-konferencji-branzowej\/"]}]},{"@type":"ImageObject","inLanguage":"pl-PL","@id":"https:\/\/antersystem.com\/pl\/wiedza-i-nowosci\/anter-system-partnerem-konferencji-branzowej\/#primaryimage","url":"https:\/\/antersystem.com\/wp-content\/uploads\/Konferencja_optymalizacja-procesow-logistycznych-2024-1024x576.jpg","contentUrl":"https:\/\/antersystem.com\/wp-content\/uploads\/Konferencja_optymalizacja-procesow-logistycznych-2024-1024x576.jpg"},{"@type":"BreadcrumbList","@id":"https:\/\/antersystem.com\/pl\/wiedza-i-nowosci\/anter-system-partnerem-konferencji-branzowej\/#breadcrumb","itemListElement":[{"@type":"ListItem","position":1,"name":"AnterSystem","item":"https:\/\/antersystem.com\/pl\/"},{"@type":"ListItem","position":2,"name":"Wiedza i nowo\u015bci","item":"https:\/\/antersystem.com\/pl\/wiedza-i-nowosci\/"},{"@type":"ListItem","position":3,"name":"Anter System partnerem konferencji bran\u017cowej"}]},{"@type":"WebSite","@id":"https:\/\/antersystem.com\/pl\/#website","url":"https:\/\/antersystem.com\/pl\/","name":"Anter System","description":"Jeste\u015bmy polskim producentem elastycznych barier ochronnych wykonywanych z polimerowych tworzyw sztucznych. Na rynku krajowym i zagranicznym dzia\u0142amy od ponad 15 lat dbaj\u0105c o zapewnienie bezpiecze\u0144stwa w zak\u0142adach produkcyjnych, magazynach oraz centrach logistycznych.","potentialAction":[{"@type":"SearchAction","target":{"@type":"EntryPoint","urlTemplate":"https:\/\/antersystem.com\/pl\/?s={search_term_string}"},"query-input":{"@type":"PropertyValueSpecification","valueRequired":true,"valueName":"search_term_string"}}],"inLanguage":"pl-PL"}]}},"_links":{"self":[{"href":"https:\/\/antersystem.com\/pl\/wp-json\/wp\/v2\/pages\/39641","targetHints":{"allow":["GET"]}}],"collection":[{"href":"https:\/\/antersystem.com\/pl\/wp-json\/wp\/v2\/pages"}],"about":[{"href":"https:\/\/antersystem.com\/pl\/wp-json\/wp\/v2\/types\/page"}],"author":[{"embeddable":true,"href":"https:\/\/antersystem.com\/pl\/wp-json\/wp\/v2\/users\/1"}],"replies":[{"embeddable":true,"href":"https:\/\/antersystem.com\/pl\/wp-json\/wp\/v2\/comments?post=39641"}],"version-history":[{"count":1,"href":"https:\/\/antersystem.com\/pl\/wp-json\/wp\/v2\/pages\/39641\/revisions"}],"predecessor-version":[{"id":39642,"href":"https:\/\/antersystem.com\/pl\/wp-json\/wp\/v2\/pages\/39641\/revisions\/39642"}],"up":[{"embeddable":true,"href":"https:\/\/antersystem.com\/pl\/wp-json\/wp\/v2\/pages\/12824"}],"wp:attachment":[{"href":"https:\/\/antersystem.com\/pl\/wp-json\/wp\/v2\/media?parent=39641"}],"curies":[{"name":"wp","href":"https:\/\/api.w.org\/{rel}","templated":true}]}}