{"id":39853,"date":"2025-11-07T14:23:00","date_gmt":"2025-11-07T13:23:00","guid":{"rendered":"https:\/\/antersystem.com\/wiedza-i-nowosci\/warsaw-industry-week-2025\/"},"modified":"2025-11-07T14:23:00","modified_gmt":"2025-11-07T13:23:00","slug":"warsaw-industry-week-2025","status":"publish","type":"page","link":"https:\/\/antersystem.com\/pl\/wiedza-i-nowosci\/warsaw-industry-week-2025\/","title":{"rendered":"Warsaw Industry Week 2025"},"content":{"rendered":"<p>W tym roku nasz zesp\u00f3\u0142 po raz kolejny mia\u0142 przyjemno\u015b\u0107 uczestniczy\u0107 w <strong>Warsaw Industry Week<\/strong>. 9. edycja zgromadzi\u0142a wiod\u0105ce firmy, ekspert\u00f3w i entuzjast\u00f3w technologii na trzy dni wype\u0142nione innowacjami, inspiracjami i cennymi rozmowami. By\u0142a to \u015bwietna okazja do ponownego nawi\u0105zania kontaktu z profesjonalistami z bran\u017cy, poznania nowych partner\u00f3w i zbadania najnowszych trend\u00f3w kszta\u0142tuj\u0105cych przysz\u0142o\u015b\u0107 produkcji.  <\/p>\n<p>Tegoroczne targi by\u0142y imponuj\u0105ce pod wzgl\u0119dem wielko\u015bci i zakresu, obejmuj\u0105c ponad 500 wystawc\u00f3w i przyjmuj\u0105c 22 573 odwiedzaj\u0105cych z ca\u0142ej Polski i zagranicy. Ka\u017cda hala oferowa\u0142a mo\u017cliwo\u015b\u0107 zapoznania si\u0119 z najnowszymi rozwi\u0105zaniami przemys\u0142owymi, obejrzenia demonstracji na \u017cywo i nawi\u0105zania kontaktu z innowatorami z ca\u0142ego regionu, dzi\u0119ki czemu by\u0142o to inspiruj\u0105ce \u015brodowisko do nauki i wymiany pomys\u0142\u00f3w. <\/p>\n<p>Ten rok by\u0142 dla nas szczeg\u00f3lnie wyj\u0105tkowy. Mieli\u015bmy zaszczyt otrzyma\u0107 <strong>Medale Targ\u00f3w Jako\u015bci i Innowacji<\/strong> w dw\u00f3ch r\u00f3\u017cnych kategoriach: <\/p>\n<ol>\n<li><strong>Innowacyjno\u015b\u0107<\/strong> &#8211; nagroda za zaawansowane rozwi\u0105zania bezpiecze\u0144stwa<\/li>\n<li><strong>Stoisko targ<\/strong> owe &#8211; zapoznanie si\u0119 z naszym projektem wystawy i prezentacj\u0105<\/li>\n<\/ol>\n<p>Te rozr\u00f3\u017cnienia podkre\u015blaj\u0105 zar\u00f3wno nasze ambicje technologiczne, jak i uwag\u0119, jak\u0105 po\u015bwi\u0119camy temu, w jaki spos\u00f3b komunikujemy si\u0119 i prezentujemy nasz\u0105 prac\u0119.<\/p>\n<p>Warsaw Industry Week po raz kolejny okaza\u0142 si\u0119 bezcennym do\u015bwiadczeniem dla naszego zespo\u0142u. Zainspirowani targami, zabieramy ze sob\u0105 nowe pomys\u0142y, znacz\u0105ce kontakty i spostrze\u017cenia, kt\u00f3re b\u0119d\u0105 kierowa\u0107 naszymi przysz\u0142ymi innowacjami w bran\u017cy produkcyjnej. <\/p>\n","protected":false},"excerpt":{"rendered":"<p>W tym roku nasz zesp\u00f3\u0142 po raz kolejny mia\u0142 przyjemno\u015b\u0107 uczestniczy\u0107 w Warsaw Industry Week. 9. edycja zgromadzi\u0142a wiod\u0105ce firmy, ekspert\u00f3w i entuzjast\u00f3w technologii na trzy dni wype\u0142nione innowacjami, inspiracjami i cennymi rozmowami. By\u0142a to \u015bwietna okazja do ponownego nawi\u0105zania kontaktu z profesjonalistami z bran\u017cy, poznania nowych partner\u00f3w i zbadania najnowszych trend\u00f3w kszta\u0142tuj\u0105cych przysz\u0142o\u015b\u0107 produkcji. [&hellip;]<\/p>\n","protected":false},"author":11,"featured_media":39840,"parent":12824,"menu_order":0,"comment_status":"closed","ping_status":"closed","template":"","meta":{"inline_featured_image":false,"ngg_post_thumbnail":0,"footnotes":""},"class_list":["post-39853","page","type-page","status-publish","has-post-thumbnail","hentry"],"acf":[],"yoast_head":"<!-- This site is optimized with the Yoast SEO plugin v27.0 - https:\/\/yoast.com\/product\/yoast-seo-wordpress\/ -->\n<title>Warsaw Industry Week 2025 - Anter System<\/title>\n<meta name=\"description\" content=\"W tym roku nasz zesp\u00f3\u0142 po raz kolejny mia\u0142 przyjemno\u015b\u0107 uczestniczy\u0107 w Warsaw Industry Week. 9. edycja zgromadzi\u0142a wiod\u0105ce firmy, ekspert\u00f3w i entuzjast\u00f3w\" \/>\n<meta name=\"robots\" content=\"index, follow, max-snippet:-1, max-image-preview:large, max-video-preview:-1\" \/>\n<link rel=\"canonical\" href=\"https:\/\/antersystem.com\/pl\/wiedza-i-nowosci\/warsaw-industry-week-2025\/\" \/>\n<meta property=\"og:locale\" content=\"pl_PL\" \/>\n<meta property=\"og:type\" content=\"article\" \/>\n<meta property=\"og:title\" content=\"Warsaw Industry Week 2025 - Anter System\" \/>\n<meta property=\"og:description\" content=\"W tym roku nasz zesp\u00f3\u0142 po raz kolejny mia\u0142 przyjemno\u015b\u0107 uczestniczy\u0107 w Warsaw Industry Week. 9. edycja zgromadzi\u0142a wiod\u0105ce firmy, ekspert\u00f3w i entuzjast\u00f3w\" \/>\n<meta property=\"og:url\" content=\"https:\/\/antersystem.com\/pl\/wiedza-i-nowosci\/warsaw-industry-week-2025\/\" \/>\n<meta property=\"og:site_name\" content=\"Anter System\" \/>\n<meta property=\"og:image\" content=\"https:\/\/antersystem.com\/wp-content\/uploads\/WIW2025-01.webp\" \/>\n\t<meta property=\"og:image:width\" content=\"2001\" \/>\n\t<meta property=\"og:image:height\" content=\"1001\" \/>\n\t<meta property=\"og:image:type\" content=\"image\/webp\" \/>\n<meta name=\"twitter:card\" content=\"summary_large_image\" \/>\n<meta name=\"twitter:label1\" content=\"Szacowany czas czytania\" \/>\n\t<meta name=\"twitter:data1\" content=\"1 minuta\" \/>\n<script type=\"application\/ld+json\" class=\"yoast-schema-graph\">{\"@context\":\"https:\/\/schema.org\",\"@graph\":[{\"@type\":\"WebPage\",\"@id\":\"https:\/\/antersystem.com\/pl\/wiedza-i-nowosci\/warsaw-industry-week-2025\/\",\"url\":\"https:\/\/antersystem.com\/pl\/wiedza-i-nowosci\/warsaw-industry-week-2025\/\",\"name\":\"Warsaw Industry Week 2025 - Anter System\",\"isPartOf\":{\"@id\":\"https:\/\/antersystem.com\/pl\/#website\"},\"primaryImageOfPage\":{\"@id\":\"https:\/\/antersystem.com\/pl\/wiedza-i-nowosci\/warsaw-industry-week-2025\/#primaryimage\"},\"image\":{\"@id\":\"https:\/\/antersystem.com\/pl\/wiedza-i-nowosci\/warsaw-industry-week-2025\/#primaryimage\"},\"thumbnailUrl\":\"https:\/\/antersystem.com\/wp-content\/uploads\/WIW2025-01.webp\",\"datePublished\":\"2025-11-07T13:23:00+00:00\",\"description\":\"W tym roku nasz zesp\u00f3\u0142 po raz kolejny mia\u0142 przyjemno\u015b\u0107 uczestniczy\u0107 w Warsaw Industry Week. 9. edycja zgromadzi\u0142a wiod\u0105ce firmy, ekspert\u00f3w i entuzjast\u00f3w\",\"breadcrumb\":{\"@id\":\"https:\/\/antersystem.com\/pl\/wiedza-i-nowosci\/warsaw-industry-week-2025\/#breadcrumb\"},\"inLanguage\":\"pl-PL\",\"potentialAction\":[{\"@type\":\"ReadAction\",\"target\":[\"https:\/\/antersystem.com\/pl\/wiedza-i-nowosci\/warsaw-industry-week-2025\/\"]}]},{\"@type\":\"ImageObject\",\"inLanguage\":\"pl-PL\",\"@id\":\"https:\/\/antersystem.com\/pl\/wiedza-i-nowosci\/warsaw-industry-week-2025\/#primaryimage\",\"url\":\"https:\/\/antersystem.com\/wp-content\/uploads\/WIW2025-01.webp\",\"contentUrl\":\"https:\/\/antersystem.com\/wp-content\/uploads\/WIW2025-01.webp\",\"width\":2001,\"height\":1001},{\"@type\":\"BreadcrumbList\",\"@id\":\"https:\/\/antersystem.com\/pl\/wiedza-i-nowosci\/warsaw-industry-week-2025\/#breadcrumb\",\"itemListElement\":[{\"@type\":\"ListItem\",\"position\":1,\"name\":\"AnterSystem\",\"item\":\"https:\/\/antersystem.com\/pl\/\"},{\"@type\":\"ListItem\",\"position\":2,\"name\":\"Wiedza i nowo\u015bci\",\"item\":\"https:\/\/antersystem.com\/pl\/wiedza-i-nowosci\/\"},{\"@type\":\"ListItem\",\"position\":3,\"name\":\"Warsaw Industry Week 2025\"}]},{\"@type\":\"WebSite\",\"@id\":\"https:\/\/antersystem.com\/pl\/#website\",\"url\":\"https:\/\/antersystem.com\/pl\/\",\"name\":\"Anter System\",\"description\":\"Jeste\u015bmy polskim producentem elastycznych barier ochronnych wykonywanych z polimerowych tworzyw sztucznych. Na rynku krajowym i zagranicznym dzia\u0142amy od ponad 15 lat dbaj\u0105c o zapewnienie bezpiecze\u0144stwa w zak\u0142adach produkcyjnych, magazynach oraz centrach logistycznych.\",\"potentialAction\":[{\"@type\":\"SearchAction\",\"target\":{\"@type\":\"EntryPoint\",\"urlTemplate\":\"https:\/\/antersystem.com\/pl\/?s={search_term_string}\"},\"query-input\":{\"@type\":\"PropertyValueSpecification\",\"valueRequired\":true,\"valueName\":\"search_term_string\"}}],\"inLanguage\":\"pl-PL\"}]}<\/script>\n<!-- \/ Yoast SEO plugin. -->","yoast_head_json":{"title":"Warsaw Industry Week 2025 - Anter System","description":"W tym roku nasz zesp\u00f3\u0142 po raz kolejny mia\u0142 przyjemno\u015b\u0107 uczestniczy\u0107 w Warsaw Industry Week. 9. edycja zgromadzi\u0142a wiod\u0105ce firmy, ekspert\u00f3w i entuzjast\u00f3w","robots":{"index":"index","follow":"follow","max-snippet":"max-snippet:-1","max-image-preview":"max-image-preview:large","max-video-preview":"max-video-preview:-1"},"canonical":"https:\/\/antersystem.com\/pl\/wiedza-i-nowosci\/warsaw-industry-week-2025\/","og_locale":"pl_PL","og_type":"article","og_title":"Warsaw Industry Week 2025 - Anter System","og_description":"W tym roku nasz zesp\u00f3\u0142 po raz kolejny mia\u0142 przyjemno\u015b\u0107 uczestniczy\u0107 w Warsaw Industry Week. 9. edycja zgromadzi\u0142a wiod\u0105ce firmy, ekspert\u00f3w i entuzjast\u00f3w","og_url":"https:\/\/antersystem.com\/pl\/wiedza-i-nowosci\/warsaw-industry-week-2025\/","og_site_name":"Anter System","og_image":[{"width":2001,"height":1001,"url":"https:\/\/antersystem.com\/wp-content\/uploads\/WIW2025-01.webp","type":"image\/webp"}],"twitter_card":"summary_large_image","twitter_misc":{"Szacowany czas czytania":"1 minuta"},"schema":{"@context":"https:\/\/schema.org","@graph":[{"@type":"WebPage","@id":"https:\/\/antersystem.com\/pl\/wiedza-i-nowosci\/warsaw-industry-week-2025\/","url":"https:\/\/antersystem.com\/pl\/wiedza-i-nowosci\/warsaw-industry-week-2025\/","name":"Warsaw Industry Week 2025 - Anter System","isPartOf":{"@id":"https:\/\/antersystem.com\/pl\/#website"},"primaryImageOfPage":{"@id":"https:\/\/antersystem.com\/pl\/wiedza-i-nowosci\/warsaw-industry-week-2025\/#primaryimage"},"image":{"@id":"https:\/\/antersystem.com\/pl\/wiedza-i-nowosci\/warsaw-industry-week-2025\/#primaryimage"},"thumbnailUrl":"https:\/\/antersystem.com\/wp-content\/uploads\/WIW2025-01.webp","datePublished":"2025-11-07T13:23:00+00:00","description":"W tym roku nasz zesp\u00f3\u0142 po raz kolejny mia\u0142 przyjemno\u015b\u0107 uczestniczy\u0107 w Warsaw Industry Week. 9. edycja zgromadzi\u0142a wiod\u0105ce firmy, ekspert\u00f3w i entuzjast\u00f3w","breadcrumb":{"@id":"https:\/\/antersystem.com\/pl\/wiedza-i-nowosci\/warsaw-industry-week-2025\/#breadcrumb"},"inLanguage":"pl-PL","potentialAction":[{"@type":"ReadAction","target":["https:\/\/antersystem.com\/pl\/wiedza-i-nowosci\/warsaw-industry-week-2025\/"]}]},{"@type":"ImageObject","inLanguage":"pl-PL","@id":"https:\/\/antersystem.com\/pl\/wiedza-i-nowosci\/warsaw-industry-week-2025\/#primaryimage","url":"https:\/\/antersystem.com\/wp-content\/uploads\/WIW2025-01.webp","contentUrl":"https:\/\/antersystem.com\/wp-content\/uploads\/WIW2025-01.webp","width":2001,"height":1001},{"@type":"BreadcrumbList","@id":"https:\/\/antersystem.com\/pl\/wiedza-i-nowosci\/warsaw-industry-week-2025\/#breadcrumb","itemListElement":[{"@type":"ListItem","position":1,"name":"AnterSystem","item":"https:\/\/antersystem.com\/pl\/"},{"@type":"ListItem","position":2,"name":"Wiedza i nowo\u015bci","item":"https:\/\/antersystem.com\/pl\/wiedza-i-nowosci\/"},{"@type":"ListItem","position":3,"name":"Warsaw Industry Week 2025"}]},{"@type":"WebSite","@id":"https:\/\/antersystem.com\/pl\/#website","url":"https:\/\/antersystem.com\/pl\/","name":"Anter System","description":"Jeste\u015bmy polskim producentem elastycznych barier ochronnych wykonywanych z polimerowych tworzyw sztucznych. Na rynku krajowym i zagranicznym dzia\u0142amy od ponad 15 lat dbaj\u0105c o zapewnienie bezpiecze\u0144stwa w zak\u0142adach produkcyjnych, magazynach oraz centrach logistycznych.","potentialAction":[{"@type":"SearchAction","target":{"@type":"EntryPoint","urlTemplate":"https:\/\/antersystem.com\/pl\/?s={search_term_string}"},"query-input":{"@type":"PropertyValueSpecification","valueRequired":true,"valueName":"search_term_string"}}],"inLanguage":"pl-PL"}]}},"_links":{"self":[{"href":"https:\/\/antersystem.com\/pl\/wp-json\/wp\/v2\/pages\/39853","targetHints":{"allow":["GET"]}}],"collection":[{"href":"https:\/\/antersystem.com\/pl\/wp-json\/wp\/v2\/pages"}],"about":[{"href":"https:\/\/antersystem.com\/pl\/wp-json\/wp\/v2\/types\/page"}],"author":[{"embeddable":true,"href":"https:\/\/antersystem.com\/pl\/wp-json\/wp\/v2\/users\/11"}],"replies":[{"embeddable":true,"href":"https:\/\/antersystem.com\/pl\/wp-json\/wp\/v2\/comments?post=39853"}],"version-history":[{"count":0,"href":"https:\/\/antersystem.com\/pl\/wp-json\/wp\/v2\/pages\/39853\/revisions"}],"up":[{"embeddable":true,"href":"https:\/\/antersystem.com\/pl\/wp-json\/wp\/v2\/pages\/12824"}],"wp:featuredmedia":[{"embeddable":true,"href":"https:\/\/antersystem.com\/pl\/wp-json\/wp\/v2\/media\/39840"}],"wp:attachment":[{"href":"https:\/\/antersystem.com\/pl\/wp-json\/wp\/v2\/media?parent=39853"}],"curies":[{"name":"wp","href":"https:\/\/api.w.org\/{rel}","templated":true}]}}