{"id":40080,"date":"2026-02-12T13:00:38","date_gmt":"2026-02-12T12:00:38","guid":{"rendered":"https:\/\/antersystem.com\/realizacje\/hygiene-focused-safety-in-food-production\/"},"modified":"2026-02-12T14:00:48","modified_gmt":"2026-02-12T13:00:48","slug":"bezpieczenstwo-higiena-zaklad-produkujacy-zywnosc","status":"publish","type":"page","link":"https:\/\/antersystem.com\/pl\/realizacje\/bezpieczenstwo-higiena-zaklad-produkujacy-zywnosc\/","title":{"rendered":"Odpowiedzialne podej\u015bcie do bezpiecze\u0144stwa i higieny w zak\u0142adzie produkuj\u0105cym \u017cywno\u015b\u0107"},"content":{"rendered":"\n<h2 class=\"wp-block-heading\">Odpowiedzialne podej\u015bcie do bezpiecze\u0144stwa i higieny w zak\u0142adzie produkcji \u017cywno\u015bci<\/h2>\n\n<div class=\"wp-block-media-text has-media-on-the-right is-stacked-on-mobile is-image-fill-element\" style=\"grid-template-columns:auto 35%\"><div class=\"wp-block-media-text__content\">\n<h3 class=\"wp-block-heading\">Wsp\u00f3lna misja: bezpiecze\u0144stwo i innowacja<\/h3>\n\n\n\n<p>Klientem jest europejski producent dzia\u0142aj\u0105cy w bran\u017cy \u017cywienia medycznego i produkcji \u017cywno\u015bci dla niemowl\u0105t. Jego misja koncentruje si\u0119 na zapewnieniu najwy\u017cszej jako\u015bci opieki \u017cywieniowej dla os\u00f3b w najbardziej wra\u017cliwych momentach \u017cycia. Taka odpowiedzialna deklaracja musi i\u015b\u0107 w parze z <strong>najwy\u017cszymi standardami bezpiecze\u0144stwa i higieny<\/strong> w procesie produkcji.  <\/p>\n\n\n\n<p>Anter System, jako producent nowoczesnych rozwi\u0105za\u0144 bezpiecze\u0144stwa, doskonale wpisuje si\u0119 w te potrzeby, oferuj\u0105c systemy, kt\u00f3re wspieraj\u0105 t\u0119 misj\u0119 poprzez <strong>realn\u0105 popraw\u0119 bezpiecze\u0144stwa i czysto\u015bci<\/strong> w \u015brodowisku produkcyjnym.<\/p>\n\n\n\n<h3 class=\"wp-block-heading\">D\u0142ugoterminowa wsp\u00f3\u0142praca<\/h3>\n\n\n\n<p>Anter System wsp\u00f3\u0142pracuje z zak\u0142adami produkcyjnymi dzia\u0142aj\u0105cymi w ramach tej organizacji przemys\u0142owej od ponad 10 lat, dostarczaj\u0105c kolejne instalacje elastycznych system\u00f3w bezpiecze\u0144stwa. W tym czasie zrealizowano ponad 20 projekt\u00f3w, ka\u017cdy dostosowany do <strong>indywidualnych wymaga\u0144 i wysokich standard\u00f3w operacyjnych<\/strong>. <\/p>\n\n\n\n<p><strong>Pierwsze bariery zainstalowane na pocz\u0105tku tej wieloletniej wsp\u00f3\u0142pracy do dzi\u015b s\u0105 wykorzystywane<\/strong> w zak\u0142adach produkcyjnych &#8211; bez konieczno\u015bci wymiany czy renowacji. Jest to wyra\u017any dow\u00f3d na <strong>trwa\u0142o\u015b\u0107 i jako\u015b\u0107<\/strong> zastosowanych rozwi\u0105za\u0144, co bezpo\u015brednio przek\u0142ada si\u0119 na wieloletnie zaufanie. <\/p>\n<\/div><figure class=\"wp-block-media-text__media\"><img loading=\"lazy\" decoding=\"async\" width=\"801\" height=\"1001\" src=\"https:\/\/antersystem.com\/wp-content\/uploads\/case-study-hygiene-12.webp\" alt=\"\" class=\"wp-image-39969 size-full\" style=\"object-position:50% 50%\" srcset=\"https:\/\/antersystem.com\/wp-content\/uploads\/case-study-hygiene-12.webp 801w, https:\/\/antersystem.com\/wp-content\/uploads\/case-study-hygiene-12-240x300.webp 240w, https:\/\/antersystem.com\/wp-content\/uploads\/case-study-hygiene-12-768x960.webp 768w, https:\/\/antersystem.com\/wp-content\/uploads\/case-study-hygiene-12-450x562.webp 450w, https:\/\/antersystem.com\/wp-content\/uploads\/case-study-hygiene-12-330x412.webp 330w\" sizes=\"auto, (max-width: 801px) 100vw, 801px\" \/><\/figure><\/div>\n\n<div style=\"height:20px\" aria-hidden=\"true\" class=\"wp-block-spacer\"><\/div>\n\n<div class=\"wp-block-media-text is-stacked-on-mobile\" style=\"grid-template-columns:35% auto\"><figure class=\"wp-block-media-text__media\"><img loading=\"lazy\" decoding=\"async\" width=\"801\" height=\"1001\" src=\"https:\/\/antersystem.com\/wp-content\/uploads\/case-study-hygiene-13.webp\" alt=\"\" class=\"wp-image-39984 size-full\" srcset=\"https:\/\/antersystem.com\/wp-content\/uploads\/case-study-hygiene-13.webp 801w, https:\/\/antersystem.com\/wp-content\/uploads\/case-study-hygiene-13-240x300.webp 240w, https:\/\/antersystem.com\/wp-content\/uploads\/case-study-hygiene-13-768x960.webp 768w, https:\/\/antersystem.com\/wp-content\/uploads\/case-study-hygiene-13-450x562.webp 450w, https:\/\/antersystem.com\/wp-content\/uploads\/case-study-hygiene-13-330x412.webp 330w\" sizes=\"auto, (max-width: 801px) 100vw, 801px\" \/><\/figure><div class=\"wp-block-media-text__content\">\n<h3 class=\"wp-block-heading\">Higiena pod kontrol\u0105 &#8211; bezpiecze\u0144stwo bez kompromis\u00f3w<\/h3>\n\n\n\n<p>Produkcja \u017cywno\u015bci, zw\u0142aszcza dla <strong>niemowl\u0105t i os\u00f3b o szczeg\u00f3lnych potrzebach<\/strong> medycznych, wymaga<br\/><strong>absolutnie najwy\u017csze standardy czysto\u015bci<\/strong>. W takich obiektach nie <strong>ma miejsca na kompromisy<\/strong><br\/>&#8211; ka\u017cdy element wyposa\u017cenia musi wspiera\u0107 bezpiecze\u0144stwo i spe\u0142nia\u0107 <strong>rygorystyczne wymogi sanitarne<\/strong>. <\/p>\n\n\n\n<p>Powszechnym rozwi\u0105zaniem stosowanym w wielu zak\u0142adach przemys\u0142owych s\u0105 stalowe bariery ochronne. Jednak w obszarach o podwy\u017cszonych standardach higieny ich stosowanie wi\u0105\u017ce si\u0119 z szeregiem zagro\u017ce\u0144, w tym odpryskiwaniem farby, podatno\u015bci\u0105 na korozj\u0119 i konieczno\u015bci\u0105 regularnej konserwacji. Z kolei bariery ze stali nierdzewnej s\u0105 kosztown\u0105 opcj\u0105, a w przypadku uszkodzenia spowodowanego uderzeniem cz\u0119sto wymagaj\u0105 ca\u0142kowitej wymiany, generuj\u0105c dodatkowe koszty i zwi\u0119kszaj\u0105c ryzyko przestoj\u00f3w w produkcji. W \u015brodowiskach, w kt\u00f3rych <strong>higiena i niezawodno\u015b\u0107<\/strong> s\u0105 r\u00f3wnie wa\u017cne jak trwa\u0142o\u015b\u0107, taka strategia ochrony okazuje si\u0119 niewystarczaj\u0105ca.   <\/p>\n\n\n\n<p>Z tego powodu klient zdecydowa\u0142 si\u0119 na wdro\u017cenie elastycznych barier ochronnych Anter System. Rozwi\u0105zania te zosta\u0142y zaprojektowane specjalnie dla \u015brodowisk o <strong>szczeg\u00f3lnie wysokich wymaganiach<\/strong>. Materia\u0142y u\u017cyte do produkcji barier:  <\/p>\n\n\n\n<ul class=\"wp-block-list\">\n<li>s\u0105 odporne na korozj\u0119,<\/li>\n\n\n\n<li>nie odpryskuj\u0105 ani nie \u0142uszcz\u0105 si\u0119,<\/li>\n\n\n\n<li>s\u0105 barwione w masie, dzi\u0119ki czemu nie trac\u0105 estetyki,<\/li>\n\n\n\n<li>spe\u0142niaj\u0105 rygorystyczne normy HACCP i FDA,<\/li>\n\n\n\n<li>s\u0105 \u0142atwe do utrzymania w czysto\u015bci,<\/li>\n\n\n\n<li>s\u0105 dost\u0119pne w wersjach z mocowaniem wewn\u0119trznym, co ogranicza powstawanie wg\u0142\u0119bie\u0144, w kt\u00f3rych m\u00f3g\u0142by gromadzi\u0107 si\u0119 brud i eliminuje ryzyko korozji element\u00f3w monta\u017cowych.<\/li>\n<\/ul>\n\n\n\n<p>Wybieraj\u0105c elastyczne bariery ochronne, klient by\u0142 w stanie zapewni\u0107 <strong>najwy\u017cszy poziom bezpiecze\u0144stwa<\/strong> &#8211; zar\u00f3wno dla pracownik\u00f3w, jak i dla produktu. Decyzja ta potwierdza silne zaanga\u017cowanie w utrzymanie <strong>\u015bwiatowej klasy standard\u00f3w<\/strong> w ka\u017cdym obszarze zak\u0142adu produkcyjnego. <\/p>\n<\/div><\/div>\n\n<h3 class=\"wp-block-heading\">Posadzki pod ochron\u0105 \u2013 gdy bezpiecze\u0144stwo zaczyna si\u0119 od podstaw<\/h3>\n\n<p>W zak\u0142adzie produkcyjnym stosowane s\u0105 specjalistyczne posadzki \u017cywiczne o w\u0142a\u015bciwo\u015bciach antystatycznych, niezb\u0119dne do utrzymania <strong>sterylno\u015bci i bezpiecze\u0144stwa pracy<\/strong>. Takie posadzki stanowi\u0105 znacz\u0105c\u0105 inwestycj\u0119, a ich uszkodzenie skutkowa\u0142oby nie tylko wysokimi kosztami naprawy, ale tak\u017ce potencjalnymi przestojami w produkcji. <\/p>\n\n<p>Elastyczne bariery ochronne Anter System nie tylko chroni\u0105 ludzi i maszyny, ale tak\u017ce znacznie zmniejszaj\u0105 <strong>ryzyko uszkodzenia pod\u0142ogi:<\/strong><\/p>\n\n<ul class=\"wp-block-list\">\n<li>odkszta\u0142caj\u0105 si\u0119 pod wp\u0142ywem uderzenia i powracaj\u0105 do swojego pierwotnego kszta\u0142tu,<\/li>\n\n\n\n<li>minimalizuj\u0105 si\u0142\u0119 przenoszon\u0105 z uderzenia na kotwy i mocowania,<\/li>\n\n\n\n<li>Wymagaj\u0105 do 50% mniej mocowa\u0144 ni\u017c alternatywne rozwi\u0105zania stalowe, znacznie zmniejszaj\u0105c ingerencj\u0119 w konstrukcj\u0119 pod\u0142ogi.<\/li>\n<\/ul>\n\n<p>Dzi\u0119ki tym cechom inwestycja w elastyczne bariery ochronne skutecznie chroni posadzki, <strong>ogranicza ryzyko przestoj\u00f3w produkcyjnych i zapewnia ci\u0105g\u0142o\u015b\u0107 pracy<\/strong> nawet w najbardziej wymagaj\u0105cych warunkach.<\/p>\n\n<div class=\"wp-block-media-text is-stacked-on-mobile\" style=\"grid-template-columns:35% auto\"><figure class=\"wp-block-media-text__media\"><img loading=\"lazy\" decoding=\"async\" width=\"801\" height=\"1001\" src=\"https:\/\/antersystem.com\/wp-content\/uploads\/case-study-hygiene-11.webp\" alt=\"\" class=\"wp-image-39999 size-full\" srcset=\"https:\/\/antersystem.com\/wp-content\/uploads\/case-study-hygiene-11.webp 801w, https:\/\/antersystem.com\/wp-content\/uploads\/case-study-hygiene-11-240x300.webp 240w, https:\/\/antersystem.com\/wp-content\/uploads\/case-study-hygiene-11-768x960.webp 768w, https:\/\/antersystem.com\/wp-content\/uploads\/case-study-hygiene-11-450x562.webp 450w, https:\/\/antersystem.com\/wp-content\/uploads\/case-study-hygiene-11-330x412.webp 330w\" sizes=\"auto, (max-width: 801px) 100vw, 801px\" \/><\/figure><div class=\"wp-block-media-text__content\">\n<h3 class=\"wp-block-heading\">Komfort operatora = mniej wypadk\u00f3w<\/h3>\n\n\n\n<p>Bariery zosta\u0142y zaprojektowane nie tylko z my\u015bl\u0105 o trwa\u0142o\u015bci, ale tak\u017ce <strong>ergonomii i widoczno\u015bci<\/strong>. <strong>Jaskrawo\u017c\u00f3\u0142ty kolor<\/strong> element\u00f3w Anter System znacznie poprawia widoczno\u015b\u0107 operator\u00f3w w\u00f3zk\u00f3w wid\u0142owych, zmniejszaj\u0105c ryzyko kolizji w por\u00f3wnaniu do barier ze stali ocynkowanej o niskim kontra\u015bcie wizualnym. <\/p>\n\n\n\n<p>Ponadto bariery <strong>nie maj\u0105 ostrych kraw\u0119dzi<\/strong> &#8211; co jest wa\u017cnym czynnikiem w przypadku ochrony towar\u00f3w transportowanych na w\u00f3zkach wid\u0142owych, takich jak sproszkowane mleko dla niemowl\u0105t, a przede wszystkim w przypadku ochrony zdrowia pracownik\u00f3w.<\/p>\n\n\n\n<h3 class=\"wp-block-heading\">Inteligentne podej\u015bcie do organizacji przestrzeni<\/h3>\n\n\n\n<p><strong>W\u0105skie korytarze i ograniczona przestrze\u0144 robocza<\/strong> to cz\u0119ste wyzwania w zak\u0142adach produkcyjnych. W tym przypadku wymagane by\u0142o <strong>elastyczne podej\u015bcie do podzia\u0142u na strefy<\/strong>, przy jednoczesnym zachowaniu p\u0142ynno\u015bci proces\u00f3w i <strong>wysokiego poziomu bezpiecze\u0144stwa<\/strong>. <\/p>\n\n\n\n<p><strong>Modu\u0142owa konstrukcja<\/strong> naszych barier umo\u017cliwia dostosowanie uk\u0142ad\u00f3w do geometrii hali, szybkie zmiany podczas reorganizacji produkcji oraz optymalizacj\u0119 ci\u0105g\u00f3w ruchu pieszego i samochodowego. Doradcy techniczni wsparli projekt nie tylko produktami, ale tak\u017ce <strong>wiedz\u0105 zwi\u0105zan\u0105 z planowaniem przep\u0142ywu ruchu<\/strong> i optymalnym rozmieszczeniem przej\u015b\u0107 dla pieszych &#8211; zapewniaj\u0105c, \u017ce codzienne operacje s\u0105 zar\u00f3wno <strong>wydajne<\/strong>, jak i <strong>maksymalnie bezpieczne<\/strong>. <\/p>\n\n\n\n<h3 class=\"wp-block-heading\">W trosce o klimat<\/h3>\n\n\n\n<p>Klient wdra\u017ca <strong>d\u0142ugoterminow\u0105 strategi\u0119<\/strong> maj\u0105c\u0105 na celu zmniejszenie <strong>emisji gaz\u00f3w cieplarnianych<\/strong> i osi\u0105gni\u0119cie <strong>cel\u00f3w Net Zero<\/strong>. Wyb\u00f3r <strong>elastycznych barier ochron<\/strong>nych wspiera to podej\u015bcie. Elastyczne bariery generuj\u0105 <strong>do pi\u0119ciu razy mniejszy \u015blad w\u0119glowy<\/strong> ni\u017c bariery stalowe.  <\/p>\n<\/div><\/div>\n\n<h3 class=\"wp-block-heading\">Zastosowane produkty<\/h3>\n\n<p>W ramach projektu dostarczono i zainstalowano nast\u0119puj\u0105ce rozwi\u0105zania:<\/p>\n\n<p><strong><a href=\"https:\/\/antersystem.com\/pl\/produkty\/elastyczna-bariera-traffic-r3-gb\/\" target=\"_blank\" rel=\"noopener\">Bariery elastyczne Traffic R3 GB<\/a> <\/strong>&#8211; do tworzenia ci\u0105g\u00f3w komunikacyjnych i ochrony zar\u00f3wno pieszych, jak i maszyn, z ni\u017cszym profilem GB zapobiegaj\u0105cym przeje\u017cd\u017caniu wide\u0142 w\u00f3zk\u00f3w wid\u0142owych pod barier\u0105.<\/p>\n\n<p><strong><a href=\"https:\/\/antersystem.com\/pl\/produkty\/sga-safety-gate-stop\/\" target=\"_blank\" rel=\"noopener\">Bramki bezpiecze\u0144stwa SGA<\/a><\/strong> z piktogramami, otwierane w jedn\u0105 stron\u0119 &#8211; fizyczna bariera chroni\u0105ca pieszych przed przypadkowym wej\u015bciem na trasy ruchu w\u00f3zk\u00f3w wid\u0142owych.<\/p>\n\n<p><strong><a href=\"https:\/\/antersystem.com\/pl\/produkty\/elastyczny-slup-ochronny-pa\/\" target=\"_blank\" rel=\"noopener\">S\u0142upki ochronne PA<\/a> <\/strong>&#8211; zainstalowane przy bramach wjazdowych, elastyczne i odporne na wielokrotne uderzenia, chroni\u0105ce elementy konstrukcyjne w obszarach o najwi\u0119kszej liczbie manewr\u00f3w.<\/p>\n\n<p><strong><a href=\"https:\/\/antersystem.com\/pl\/produkty\/bramka-rozsuwana-slide-gate-r3\/\" target=\"_blank\" rel=\"noopener\">Przesuwne bramy bezpiecze\u0144stwa Slide Gate R3<\/a><\/strong> &#8211; Umo\u017cliwiaj\u0105 przemieszczanie materia\u0142\u00f3w mi\u0119dzy ci\u0105gami komunikacyjnymi i elastyczne zarz\u0105dzanie przestrzeni\u0105.<\/p>\n\n<h3 class=\"wp-block-heading\">Rezultat? Bezpieczniejsze codzienne operacje i silniejsza przewaga <\/h3>\n\n<p>Wdro\u017cenie elastycznych barier ochronnych Anter System w tym zak\u0142adzie produkcyjnym wykracza daleko poza standardow\u0105 ochron\u0119 przestrzeni. Od samego pocz\u0105tku projektowania obiektu celem by\u0142o zapewnienie <strong>najwy\u017cszych standard\u00f3w bezpiecze\u0144stwa, higieny i wydajno\u015bci<\/strong>. Takie podej\u015bcie zapewnia prawdziw\u0105 przewag\u0119 konkurencyjn\u0105 &#8211; poniewa\u017c bezpiecze\u0144stwo nie powinno by\u0107 traktowane jako dodatek, ale jako podstawa dzia\u0142alno\u015bci.  <\/p>\n\n<h3 class=\"wp-block-heading\">Podsumowanie<\/h3>\n\n<p>W Anter System wierzymy, \u017ce <strong>prawdziwa innowacja rozwi\u0105zuje rzeczywiste problemy i zapewnia d\u0142ugoterminow\u0105 warto\u015b\u0107<\/strong>. Wsp\u00f3\u0142praca z wymagaj\u0105cymi producentami z sektora spo\u017cywczego i \u017cywienia medycznego pozwala nam tworzy\u0107 trwa\u0142e rozwi\u0105zania, kt\u00f3re rzeczywi\u015bcie poprawiaj\u0105 bezpiecze\u0144stwo, wspieraj\u0105 zr\u00f3wnowa\u017cony rozw\u00f3j i podnosz\u0105 standardy w ca\u0142ych bran\u017cach. <\/p>\n\nngg_shortcode_0_placeholder\n","protected":false},"excerpt":{"rendered":"<p>Odpowiedzialne podej\u015bcie do bezpiecze\u0144stwa i higieny w zak\u0142adzie produkcji \u017cywno\u015bci Wsp\u00f3lna misja: bezpiecze\u0144stwo i innowacja Klientem jest europejski producent dzia\u0142aj\u0105cy w bran\u017cy \u017cywienia medycznego i produkcji \u017cywno\u015bci dla niemowl\u0105t. Jego misja koncentruje si\u0119 na zapewnieniu najwy\u017cszej jako\u015bci opieki \u017cywieniowej dla os\u00f3b w najbardziej wra\u017cliwych momentach \u017cycia. Taka odpowiedzialna deklaracja musi i\u015b\u0107 w parze z najwy\u017cszymi [&hellip;]<\/p>\n","protected":false},"author":11,"featured_media":40040,"parent":12527,"menu_order":0,"comment_status":"closed","ping_status":"closed","template":"","meta":{"inline_featured_image":false,"ngg_post_thumbnail":0,"footnotes":""},"class_list":["post-40080","page","type-page","status-publish","has-post-thumbnail","hentry"],"acf":[],"yoast_head":"<!-- This site is optimized with the Yoast SEO plugin v27.0 - https:\/\/yoast.com\/product\/yoast-seo-wordpress\/ -->\n<title>Odpowiedzialne podej\u015bcie do bezpiecze\u0144stwa i higieny w zak\u0142adzie produkuj\u0105cym \u017cywno\u015b\u0107 - Anter System<\/title>\n<meta name=\"description\" content=\"Odpowiedzialne podej\u015bcie do bezpiecze\u0144stwa i higieny w zak\u0142adzie produkcji \u017cywno\u015bci Wsp\u00f3lna misja: bezpiecze\u0144stwo i innowacja Klientem jest europejski\" \/>\n<meta name=\"robots\" content=\"index, follow, max-snippet:-1, max-image-preview:large, max-video-preview:-1\" \/>\n<link rel=\"canonical\" href=\"https:\/\/antersystem.com\/pl\/realizacje\/bezpieczenstwo-higiena-zaklad-produkujacy-zywnosc\/\" \/>\n<meta property=\"og:locale\" content=\"pl_PL\" \/>\n<meta property=\"og:type\" content=\"article\" \/>\n<meta property=\"og:title\" content=\"Odpowiedzialne podej\u015bcie do bezpiecze\u0144stwa i higieny w zak\u0142adzie produkuj\u0105cym \u017cywno\u015b\u0107 - Anter System\" \/>\n<meta property=\"og:description\" content=\"Odpowiedzialne podej\u015bcie do bezpiecze\u0144stwa i higieny w zak\u0142adzie produkcji \u017cywno\u015bci Wsp\u00f3lna misja: bezpiecze\u0144stwo i innowacja Klientem jest europejski\" \/>\n<meta property=\"og:url\" content=\"https:\/\/antersystem.com\/pl\/realizacje\/bezpieczenstwo-higiena-zaklad-produkujacy-zywnosc\/\" \/>\n<meta property=\"og:site_name\" content=\"Anter System\" \/>\n<meta property=\"article:modified_time\" content=\"2026-02-12T13:00:48+00:00\" \/>\n<meta property=\"og:image\" content=\"https:\/\/antersystem.com\/wp-content\/uploads\/case-study-hygiene-cover.webp\" \/>\n\t<meta property=\"og:image:width\" content=\"1921\" \/>\n\t<meta property=\"og:image:height\" content=\"1081\" \/>\n\t<meta property=\"og:image:type\" content=\"image\/webp\" \/>\n<meta name=\"twitter:card\" content=\"summary_large_image\" \/>\n<meta name=\"twitter:label1\" content=\"Szacowany czas czytania\" \/>\n\t<meta name=\"twitter:data1\" content=\"6 minut\" \/>\n<script type=\"application\/ld+json\" class=\"yoast-schema-graph\">{\"@context\":\"https:\/\/schema.org\",\"@graph\":[{\"@type\":\"WebPage\",\"@id\":\"https:\/\/antersystem.com\/pl\/realizacje\/bezpieczenstwo-higiena-zaklad-produkujacy-zywnosc\/\",\"url\":\"https:\/\/antersystem.com\/pl\/realizacje\/bezpieczenstwo-higiena-zaklad-produkujacy-zywnosc\/\",\"name\":\"Odpowiedzialne podej\u015bcie do bezpiecze\u0144stwa i higieny w zak\u0142adzie produkuj\u0105cym \u017cywno\u015b\u0107 - Anter System\",\"isPartOf\":{\"@id\":\"https:\/\/antersystem.com\/pl\/#website\"},\"primaryImageOfPage\":{\"@id\":\"https:\/\/antersystem.com\/pl\/realizacje\/bezpieczenstwo-higiena-zaklad-produkujacy-zywnosc\/#primaryimage\"},\"image\":{\"@id\":\"https:\/\/antersystem.com\/pl\/realizacje\/bezpieczenstwo-higiena-zaklad-produkujacy-zywnosc\/#primaryimage\"},\"thumbnailUrl\":\"https:\/\/antersystem.com\/wp-content\/uploads\/case-study-hygiene-cover.webp\",\"datePublished\":\"2026-02-12T12:00:38+00:00\",\"dateModified\":\"2026-02-12T13:00:48+00:00\",\"description\":\"Odpowiedzialne podej\u015bcie do bezpiecze\u0144stwa i higieny w zak\u0142adzie produkcji \u017cywno\u015bci Wsp\u00f3lna misja: bezpiecze\u0144stwo i innowacja Klientem jest europejski\",\"breadcrumb\":{\"@id\":\"https:\/\/antersystem.com\/pl\/realizacje\/bezpieczenstwo-higiena-zaklad-produkujacy-zywnosc\/#breadcrumb\"},\"inLanguage\":\"pl-PL\",\"potentialAction\":[{\"@type\":\"ReadAction\",\"target\":[\"https:\/\/antersystem.com\/pl\/realizacje\/bezpieczenstwo-higiena-zaklad-produkujacy-zywnosc\/\"]}]},{\"@type\":\"ImageObject\",\"inLanguage\":\"pl-PL\",\"@id\":\"https:\/\/antersystem.com\/pl\/realizacje\/bezpieczenstwo-higiena-zaklad-produkujacy-zywnosc\/#primaryimage\",\"url\":\"https:\/\/antersystem.com\/wp-content\/uploads\/case-study-hygiene-cover.webp\",\"contentUrl\":\"https:\/\/antersystem.com\/wp-content\/uploads\/case-study-hygiene-cover.webp\",\"width\":1921,\"height\":1081},{\"@type\":\"BreadcrumbList\",\"@id\":\"https:\/\/antersystem.com\/pl\/realizacje\/bezpieczenstwo-higiena-zaklad-produkujacy-zywnosc\/#breadcrumb\",\"itemListElement\":[{\"@type\":\"ListItem\",\"position\":1,\"name\":\"AnterSystem\",\"item\":\"https:\/\/antersystem.com\/pl\/\"},{\"@type\":\"ListItem\",\"position\":2,\"name\":\"Realizacje\",\"item\":\"https:\/\/antersystem.com\/pl\/realizacje\/\"},{\"@type\":\"ListItem\",\"position\":3,\"name\":\"Odpowiedzialne podej\u015bcie do bezpiecze\u0144stwa i higieny w zak\u0142adzie produkuj\u0105cym \u017cywno\u015b\u0107\"}]},{\"@type\":\"WebSite\",\"@id\":\"https:\/\/antersystem.com\/pl\/#website\",\"url\":\"https:\/\/antersystem.com\/pl\/\",\"name\":\"Anter System\",\"description\":\"Jeste\u015bmy polskim producentem elastycznych barier ochronnych wykonywanych z polimerowych tworzyw sztucznych. Na rynku krajowym i zagranicznym dzia\u0142amy od ponad 15 lat dbaj\u0105c o zapewnienie bezpiecze\u0144stwa w zak\u0142adach produkcyjnych, magazynach oraz centrach logistycznych.\",\"potentialAction\":[{\"@type\":\"SearchAction\",\"target\":{\"@type\":\"EntryPoint\",\"urlTemplate\":\"https:\/\/antersystem.com\/pl\/?s={search_term_string}\"},\"query-input\":{\"@type\":\"PropertyValueSpecification\",\"valueRequired\":true,\"valueName\":\"search_term_string\"}}],\"inLanguage\":\"pl-PL\"}]}<\/script>\n<!-- \/ Yoast SEO plugin. -->","yoast_head_json":{"title":"Odpowiedzialne podej\u015bcie do bezpiecze\u0144stwa i higieny w zak\u0142adzie produkuj\u0105cym \u017cywno\u015b\u0107 - Anter System","description":"Odpowiedzialne podej\u015bcie do bezpiecze\u0144stwa i higieny w zak\u0142adzie produkcji \u017cywno\u015bci Wsp\u00f3lna misja: bezpiecze\u0144stwo i innowacja Klientem jest europejski","robots":{"index":"index","follow":"follow","max-snippet":"max-snippet:-1","max-image-preview":"max-image-preview:large","max-video-preview":"max-video-preview:-1"},"canonical":"https:\/\/antersystem.com\/pl\/realizacje\/bezpieczenstwo-higiena-zaklad-produkujacy-zywnosc\/","og_locale":"pl_PL","og_type":"article","og_title":"Odpowiedzialne podej\u015bcie do bezpiecze\u0144stwa i higieny w zak\u0142adzie produkuj\u0105cym \u017cywno\u015b\u0107 - Anter System","og_description":"Odpowiedzialne podej\u015bcie do bezpiecze\u0144stwa i higieny w zak\u0142adzie produkcji \u017cywno\u015bci Wsp\u00f3lna misja: bezpiecze\u0144stwo i innowacja Klientem jest europejski","og_url":"https:\/\/antersystem.com\/pl\/realizacje\/bezpieczenstwo-higiena-zaklad-produkujacy-zywnosc\/","og_site_name":"Anter System","article_modified_time":"2026-02-12T13:00:48+00:00","og_image":[{"width":1921,"height":1081,"url":"https:\/\/antersystem.com\/wp-content\/uploads\/case-study-hygiene-cover.webp","type":"image\/webp"}],"twitter_card":"summary_large_image","twitter_misc":{"Szacowany czas czytania":"6 minut"},"schema":{"@context":"https:\/\/schema.org","@graph":[{"@type":"WebPage","@id":"https:\/\/antersystem.com\/pl\/realizacje\/bezpieczenstwo-higiena-zaklad-produkujacy-zywnosc\/","url":"https:\/\/antersystem.com\/pl\/realizacje\/bezpieczenstwo-higiena-zaklad-produkujacy-zywnosc\/","name":"Odpowiedzialne podej\u015bcie do bezpiecze\u0144stwa i higieny w zak\u0142adzie produkuj\u0105cym \u017cywno\u015b\u0107 - Anter System","isPartOf":{"@id":"https:\/\/antersystem.com\/pl\/#website"},"primaryImageOfPage":{"@id":"https:\/\/antersystem.com\/pl\/realizacje\/bezpieczenstwo-higiena-zaklad-produkujacy-zywnosc\/#primaryimage"},"image":{"@id":"https:\/\/antersystem.com\/pl\/realizacje\/bezpieczenstwo-higiena-zaklad-produkujacy-zywnosc\/#primaryimage"},"thumbnailUrl":"https:\/\/antersystem.com\/wp-content\/uploads\/case-study-hygiene-cover.webp","datePublished":"2026-02-12T12:00:38+00:00","dateModified":"2026-02-12T13:00:48+00:00","description":"Odpowiedzialne podej\u015bcie do bezpiecze\u0144stwa i higieny w zak\u0142adzie produkcji \u017cywno\u015bci Wsp\u00f3lna misja: bezpiecze\u0144stwo i innowacja Klientem jest europejski","breadcrumb":{"@id":"https:\/\/antersystem.com\/pl\/realizacje\/bezpieczenstwo-higiena-zaklad-produkujacy-zywnosc\/#breadcrumb"},"inLanguage":"pl-PL","potentialAction":[{"@type":"ReadAction","target":["https:\/\/antersystem.com\/pl\/realizacje\/bezpieczenstwo-higiena-zaklad-produkujacy-zywnosc\/"]}]},{"@type":"ImageObject","inLanguage":"pl-PL","@id":"https:\/\/antersystem.com\/pl\/realizacje\/bezpieczenstwo-higiena-zaklad-produkujacy-zywnosc\/#primaryimage","url":"https:\/\/antersystem.com\/wp-content\/uploads\/case-study-hygiene-cover.webp","contentUrl":"https:\/\/antersystem.com\/wp-content\/uploads\/case-study-hygiene-cover.webp","width":1921,"height":1081},{"@type":"BreadcrumbList","@id":"https:\/\/antersystem.com\/pl\/realizacje\/bezpieczenstwo-higiena-zaklad-produkujacy-zywnosc\/#breadcrumb","itemListElement":[{"@type":"ListItem","position":1,"name":"AnterSystem","item":"https:\/\/antersystem.com\/pl\/"},{"@type":"ListItem","position":2,"name":"Realizacje","item":"https:\/\/antersystem.com\/pl\/realizacje\/"},{"@type":"ListItem","position":3,"name":"Odpowiedzialne podej\u015bcie do bezpiecze\u0144stwa i higieny w zak\u0142adzie produkuj\u0105cym \u017cywno\u015b\u0107"}]},{"@type":"WebSite","@id":"https:\/\/antersystem.com\/pl\/#website","url":"https:\/\/antersystem.com\/pl\/","name":"Anter System","description":"Jeste\u015bmy polskim producentem elastycznych barier ochronnych wykonywanych z polimerowych tworzyw sztucznych. Na rynku krajowym i zagranicznym dzia\u0142amy od ponad 15 lat dbaj\u0105c o zapewnienie bezpiecze\u0144stwa w zak\u0142adach produkcyjnych, magazynach oraz centrach logistycznych.","potentialAction":[{"@type":"SearchAction","target":{"@type":"EntryPoint","urlTemplate":"https:\/\/antersystem.com\/pl\/?s={search_term_string}"},"query-input":{"@type":"PropertyValueSpecification","valueRequired":true,"valueName":"search_term_string"}}],"inLanguage":"pl-PL"}]}},"_links":{"self":[{"href":"https:\/\/antersystem.com\/pl\/wp-json\/wp\/v2\/pages\/40080","targetHints":{"allow":["GET"]}}],"collection":[{"href":"https:\/\/antersystem.com\/pl\/wp-json\/wp\/v2\/pages"}],"about":[{"href":"https:\/\/antersystem.com\/pl\/wp-json\/wp\/v2\/types\/page"}],"author":[{"embeddable":true,"href":"https:\/\/antersystem.com\/pl\/wp-json\/wp\/v2\/users\/11"}],"replies":[{"embeddable":true,"href":"https:\/\/antersystem.com\/pl\/wp-json\/wp\/v2\/comments?post=40080"}],"version-history":[{"count":5,"href":"https:\/\/antersystem.com\/pl\/wp-json\/wp\/v2\/pages\/40080\/revisions"}],"predecessor-version":[{"id":40098,"href":"https:\/\/antersystem.com\/pl\/wp-json\/wp\/v2\/pages\/40080\/revisions\/40098"}],"up":[{"embeddable":true,"href":"https:\/\/antersystem.com\/pl\/wp-json\/wp\/v2\/pages\/12527"}],"wp:featuredmedia":[{"embeddable":true,"href":"https:\/\/antersystem.com\/pl\/wp-json\/wp\/v2\/media\/40040"}],"wp:attachment":[{"href":"https:\/\/antersystem.com\/pl\/wp-json\/wp\/v2\/media?parent=40080"}],"curies":[{"name":"wp","href":"https:\/\/api.w.org\/{rel}","templated":true}]}}