{"id":40144,"date":"2022-05-31T14:30:17","date_gmt":"2022-05-31T12:30:17","guid":{"rendered":"https:\/\/antersystem.com\/polityka-cookies\/"},"modified":"2026-02-19T10:28:41","modified_gmt":"2026-02-19T09:28:41","slug":"polityka-cookies","status":"publish","type":"page","link":"https:\/\/antersystem.com\/pl\/polityka-cookies\/","title":{"rendered":"Polityka cookies"},"content":{"rendered":"\n<p class=\"has-text-align-left\"><strong>Pliki cookie to ma\u0142e pliki danych, kt\u00f3re s\u0105 wysy\u0142ane na Twoje urz\u0105dzenie podczas odwiedzania naszej Strony Internetowej, kt\u00f3ra przechowuje informacje o tym, jak z niej korzystasz, a czasami \u015bledzi informacje o Tobie.<\/strong> Pliki cookie pozwalaj\u0105 nam rozpozna\u0107 Twoje urz\u0105dzenie i zebra\u0107 dane, takie jak nazwa domeny Twojego dostawcy us\u0142ug internetowych, typ przegl\u0105darki, rodzaj systemu operacyjnego, adres IP, stron\u0119 internetow\u0105, z kt\u00f3rej Ci\u0119 do nas przekierowano, a tak\u017ce dane operacyjne lub informacje o lokalizacji urz\u0105dzenia. Informacje gromadzone przez pliki cookie nie zawsze s\u0105 danymi osobowymi w rozumieniu rozporz\u0105dzenia Parlamentu Europejskiego i Rady (UE) 2016\/679 z dnia 27 kwietnia 2016 r. w kwestii ochrony os\u00f3b fizycznych w odniesieniu do przetwarzania danych osobowych i swobodnego przep\u0142ywu tych danych oraz uchylenia dyrektywy 95\/46\/WE, zwanego dalej r\u00f3wnie\u017c jako Og\u00f3lne Rozporz\u0105dzenie o Ochronie Danych (RODO). Je\u015bli jednak wcze\u015bniej poda\u0142e\u015b swoje Dane Osobowe, pliki cookie mog\u0105 by\u0107 bezpo\u015brednio z Tob\u0105 powi\u0105zane, na przyk\u0142ad poprzez powi\u0105zanie numer\u00f3w identyfikacyjnych w plikach cookie z innymi informacjami.   <\/p>\n\n<p>Zasadniczo, podstaw\u0105 prawn\u0105 przetwarzania Twoich danych osobowych gromadzonych za pomoc\u0105 plik\u00f3w cookie i podobnych technologii jest <strong>Twoja zgoda<\/strong> (art. 6 ust. 1 lit. a RODO), z wyj\u0105tkiem przypadk\u00f3w, gdy ich wykorzystanie jest konieczne do prawid\u0142owego funkcjonowania Strony Internetowej (zapewnienie us\u0142ug drog\u0105 elektroniczn\u0105), gdy opieramy si\u0119 na art. 173 ust. 3 pkt 2 ustawy z dnia 16 lipca 2004 r. \u2013 Prawo Telekomunikacyjne i odpowiednio o nasz <strong>uzasadniony interes<\/strong> (art. 6 ust. 1 lit. f RODO).<\/p>\n\n<p><strong>Przetwarzamy wy\u017cej wymienione Dane Osobowe w celu poprawy jako\u015bci naszych Us\u0142ug, dzia\u0142ania i produkt\u00f3w Anter System Polska Sp\u00f3\u0142ka z ograniczon\u0105 odpowiedzialno\u015bci\u0105<\/strong> z siedzib\u0105 we Wroc\u0142awiu, adres: <a>ul. Strzegomska 199, 54-431 Wroc\u0142aw, Polska<\/a>, <strong>a tak\u017ce w celu dostosowania tre\u015bci dost\u0119pnych za po\u015brednictwem Strony Internetowej do Twoich zainteresowa\u0144<\/strong> (w tym w ramach zautomatyzowanego przetwarzania Danych Osobowych, w celu prezentacji og\u00f3lnych reklam, ofert lub promocji dotycz\u0105cych Us\u0142ug w spos\u00f3b dostosowany do zainteresowa\u0144 U\u017cytkownika, jednak bez istotnego wp\u0142ywu na ich decyzje \u2013 <strong>profilowanie<\/strong>). Mo\u017cemy przeczyta\u0107 Twoje preferencje, na przyk\u0142ad analizuj\u0105c jak cz\u0119sto odwiedzasz Stron\u0119 Internetow\u0105, jakich us\u0142ug u\u017cywasz, rozszerzenia itp. Pozwala to lepiej zrozumie\u0107 Twoje oczekiwania i dostosowa\u0107 si\u0119 do Twoich potrzeb. Dzi\u0119ki zastosowaniu zaawansowanych technologii, powy\u017csze czynno\u015bci b\u0119d\u0105 cz\u0119sto wykonywane przez system w spos\u00f3b zautomatyzowany, dzi\u0119ki czemu pokazywana Ci tre\u015b\u0107 b\u0119dzie najbardziej aktualna (w tym celu przetwarzamy Twoje Dane Osobowe r\u00f3wnie\u017c w oparciu o nasz <strong>uzasadniony interes \u2013 cele promocyjne\/analityczne\/wydajno\u015bciowe<\/strong> \u2013 art. 6 ust. 1 lit. f RODO).   <\/p>\n\n<p>W przypadku, gdy podstaw\u0105 prawn\u0105 przetwarzania Danych Osobowych jest Twoja zgoda, przypominamy, \u017ce <strong>mo\u017cesz j\u0105 wycofa\u0107 w dowolnym momencie<\/strong>, bez wp\u0142ywu na zgodno\u015b\u0107 z prawem przetwarzania na podstawie zgody przed jej wycofaniem. Je\u015bli natomiast Twoje Dane Osobowe s\u0105 przetwarzane na podstawie naszego uzasadnionego interesu, <strong>masz prawo sprzeciwi\u0107 si\u0119 takiemu przetwarzaniu<\/strong>. Opis swoich praw mo\u017cesz znale\u017a\u0107 w Cz\u0119\u015bci VI Polityki Prywatno\u015bci, do kt\u00f3rej odes\u0142anie znajduje si\u0119 poni\u017cej: <a href=\"https:\/\/antersystem.com\/pl\/polityka-prywatnosci\/\"><u>https:\/\/antersystem.com\/pl\/polityka-prywatnosci\/<\/u><\/a>  <\/p>\n\n<p>Przegl\u0105darki internetowe lub inne oprogramowanie zainstalowane na Twoim urz\u0105dzeniu zwykle domy\u015blnie zezwalaj\u0105 na stosowanie plik\u00f3w cookie na takim urz\u0105dzeniu, a tym samym na zbieranie wy\u017cej wymienionych informacji. Mo\u017cesz zmieni\u0107 spos\u00f3b korzystania z plik\u00f3w cookie, w tym ca\u0142kowicie je blokowa\u0107 lub usuwa\u0107, za pomoc\u0105 przegl\u0105darki internetowej \u2013 wi\u0119cej informacji na ten temat mo\u017cna znale\u017a\u0107 w instrukcji obs\u0142ugi. Pami\u0119taj, \u017ce wy\u0142\u0105czenie lub zablokowanie niekt\u00f3rych plik\u00f3w cookie mo\u017ce uniemo\u017cliwi\u0107 lub znacznie utrudni\u0107 prawid\u0142owe funkcjonowanie naszej Strony Internetowej, na przyk\u0142ad poprzez jej spowolnienie. Wi\u0119cej informacji o ustawieniach plik\u00f3w cookie mo\u017cna znale\u017a\u0107 w informacjach o przegl\u0105darce lub na naszej Stronie Internetowej. Mo\u017cesz r\u00f3wnie\u017c odwiedzi\u0107 <a href=\"https:\/\/www.allaboutcookies.org\/\" target=\"_blank\" rel=\"noreferrer noopener\"><u>https:\/\/www.allaboutcookies.org<\/u><\/a> w celu uzyskania praktycznych porad.    <\/p>\n\n<p>Ze wzgl\u0119du na domen\u0119, z kt\u00f3rej pochodz\u0105, pliki cookie dzielimy na:<\/p>\n\n<ol style=\"list-style-type:upper-alpha\" class=\"wp-block-list\">\n<li><strong>w\u0142asne pliki cookie<\/strong> \u2013 ustawiane przez serwery internetowe naszej Strony Internetowej;<\/li>\n\n\n\n<li><strong>pliki cookie stron trzecich<\/strong> \u2013 ustawiane przez serwery internetowe inne ni\u017c naszej Strony Internetowej.<\/li>\n<\/ol>\n\n<p>Ze wzgl\u0119du na cykl \u017cycia pliki cookie dzielimy na:<\/p>\n\n<ol style=\"list-style-type:upper-alpha\" class=\"wp-block-list\">\n<li><strong>sesyjne<\/strong> \u2013 sesyjny plik cookie zawiera informacje przechowywane w tymczasowej lokalizacji w pami\u0119ci, a nast\u0119pnie usuwane po zako\u0144czeniu sesji lub zamkni\u0119ciu przegl\u0105darki internetowej;<\/li>\n\n\n\n<li><strong>sta\u0142e<\/strong> \u2013 zwane tak\u017ce trwa\u0142ymi plikami cookie lub przechowywanym plikiem cookie; plink cookie, kt\u00f3ry jest przechowywany na twardym dysku U\u017cytkownika do momentu wyga\u015bni\u0119cia (trwa\u0142e pliki cookie s\u0105 ustawiane z datami wa\u017cno\u015bci) lub do momentu usuni\u0119cia pliku cookie; trwa\u0142e pliki cookie s\u0105 u\u017cywane do gromadzenia informacji identyfikuj\u0105cych U\u017cytkownika, takich jak zachowanie podczas przegl\u0105dania Strony Internetowej lub preferencje U\u017cytkownika dotycz\u0105ce Strony Internetowej.<\/li>\n<\/ol>\n\n<p>Mo\u017cemy u\u017cywa\u0107 nast\u0119puj\u0105cych rodzaj\u00f3w plik\u00f3w cookie:<\/p>\n\n<ol style=\"list-style-type:upper-alpha\" class=\"wp-block-list\">\n<li><strong>niezb\u0119dne pliki cookie<\/strong> przyczyniaj\u0105 si\u0119 do u\u017cyteczno\u015bci Strony Internetowej poprzez umo\u017cliwianie podstawowych funkcji takich jak nawigacja na Stronie Internetowej i dost\u0119p do bezpiecznych obszar\u00f3w Strony Internetowej. Strona Internetowa nie mo\u017ce funkcjonowa\u0107 poprawnie bez tych plik\u00f3w cookie; <\/li>\n\n\n\n<li><strong>pliki cookie dotycz\u0105ce preferencji<\/strong> umo\u017cliwiaj\u0105 Stronie Internetowej zapami\u0119tanie informacji, kt\u00f3re zmieniaj\u0105 wygl\u0105d lub funkcjonowanie Strony Internetowej, np. preferowany j\u0119zyk lub region, w kt\u00f3rym znajduje si\u0119 U\u017cytkownik;<\/li>\n\n\n\n<li><strong>statystyczne pliki cookie<\/strong> pomagaj\u0105 zrozumie\u0107, w jaki spos\u00f3b r\u00f3\u017cni u\u017cytkownicy zachowuj\u0105 si\u0119 na Stronie Internetowej, gromadz\u0105c i zg\u0142aszaj\u0105c anonimowe informacje;<\/li>\n\n\n\n<li><strong>marketingowe pliki cookie<\/strong> stosowane s\u0105 w celu \u015bledzenia u\u017cytkownik\u00f3w na Stronie Internetowej i innych stronach internetowych. Celem jest wy\u015bwietlanie reklam, kt\u00f3re s\u0105 istotne i interesuj\u0105ce dla U\u017cytkownika i tym samym cenniejsze dla wydawc\u00f3w i reklamodawc\u00f3w strony trzeciej; <\/li>\n\n\n\n<li><strong>niesklasyfikowane pliki cookie<\/strong>, to pliki, kt\u00f3re s\u0105 w procesie klasyfikowania, wraz z dostawcami poszczeg\u00f3lnych plik\u00f3w cookie.<\/li>\n<\/ol>\n\n<p><strong>Zgodnie z wymogami RODO, mo\u017cesz zarz\u0105dza\u0107 swoimi zgodami dotycz\u0105cymi r\u00f3\u017cnych rodzaj\u00f3w plik\u00f3w cookie.<\/strong> Udost\u0119pniamy w tym celu narz\u0119dzie Cookiebot, kt\u00f3rego interfejs pozwala Ci zadecydowa\u0107, kt\u00f3re cookies akceptujesz, a ustawienia te mo\u017cesz zmieni\u0107 w dowolnym czasie w zale\u017cno\u015bci od swoich preferencji.<\/p>\n\n<p>Kliknij <a href=\"#\" class=\"cky-banner-element\">tutaj<\/a>, aby zgodnie z RODO zarz\u0105dza\u0107 swoimi preferencjami dotycz\u0105cymi plik\u00f3w cookie lub \u017ceby po prostu je wy\u015bwietli\u0107.<\/p>\n\n<p>Informacje gromadzone w ten spos\u00f3b zale\u017c\u0105 od cel\u00f3w i podstaw prawnych przetwarzania plik\u00f3w cookie, mog\u0105 one by\u0107 przechowywane i przetwarzane przez czas wskazany w Cz\u0119\u015bci IV Polityki Prywatno\u015bci, kt\u00f3rej pe\u0142na tre\u015b\u0107 dost\u0119pna jest pod nast\u0119puj\u0105cym linkiem: <u><a href=\"https:\/\/antersystem.com\/pl\/polityka-prywatnosci\/\">https:\/\/antersystem.com\/pl\/polityka-prywatnosci\/<\/a><\/u><\/p>\n\n<p><a id=\"_msocom_1\"><\/a><\/p>\n","protected":false},"excerpt":{"rendered":"<p>Pliki cookie to ma\u0142e pliki danych, kt\u00f3re s\u0105 wysy\u0142ane na Twoje urz\u0105dzenie podczas odwiedzania naszej Strony Internetowej, kt\u00f3ra przechowuje informacje o tym, jak z niej korzystasz, a czasami \u015bledzi informacje o Tobie. Pliki cookie pozwalaj\u0105 nam rozpozna\u0107 Twoje urz\u0105dzenie i zebra\u0107 dane, takie jak nazwa domeny Twojego dostawcy us\u0142ug internetowych, typ przegl\u0105darki, rodzaj systemu operacyjnego, [&hellip;]<\/p>\n","protected":false},"author":1,"featured_media":0,"parent":0,"menu_order":0,"comment_status":"closed","ping_status":"closed","template":"","meta":{"inline_featured_image":false,"ngg_post_thumbnail":0,"footnotes":""},"class_list":["post-40144","page","type-page","status-publish","hentry"],"acf":[],"yoast_head":"<!-- This site is optimized with the Yoast SEO plugin v27.0 - https:\/\/yoast.com\/product\/yoast-seo-wordpress\/ -->\n<title>Polityka cookies - Anter System<\/title>\n<meta name=\"description\" content=\"Pliki cookie to ma\u0142e pliki danych, kt\u00f3re s\u0105 wysy\u0142ane na Twoje urz\u0105dzenie podczas odwiedzania naszej Strony Internetowej, kt\u00f3ra przechowuje informacje o\" \/>\n<meta name=\"robots\" content=\"index, follow, max-snippet:-1, max-image-preview:large, max-video-preview:-1\" \/>\n<link rel=\"canonical\" href=\"https:\/\/antersystem.com\/pl\/polityka-cookies\/\" \/>\n<meta property=\"og:locale\" content=\"pl_PL\" \/>\n<meta property=\"og:type\" content=\"article\" \/>\n<meta property=\"og:title\" content=\"Polityka cookies - Anter System\" \/>\n<meta property=\"og:description\" content=\"Pliki cookie to ma\u0142e pliki danych, kt\u00f3re s\u0105 wysy\u0142ane na Twoje urz\u0105dzenie podczas odwiedzania naszej Strony Internetowej, kt\u00f3ra przechowuje informacje o\" \/>\n<meta property=\"og:url\" content=\"https:\/\/antersystem.com\/pl\/polityka-cookies\/\" \/>\n<meta property=\"og:site_name\" content=\"Anter System\" \/>\n<meta property=\"article:modified_time\" content=\"2026-02-19T09:28:41+00:00\" \/>\n<meta name=\"twitter:card\" content=\"summary_large_image\" \/>\n<meta name=\"twitter:label1\" content=\"Szacowany czas czytania\" \/>\n\t<meta name=\"twitter:data1\" content=\"6 minut\" \/>\n<script type=\"application\/ld+json\" class=\"yoast-schema-graph\">{\"@context\":\"https:\/\/schema.org\",\"@graph\":[{\"@type\":\"WebPage\",\"@id\":\"https:\/\/antersystem.com\/pl\/polityka-cookies\/\",\"url\":\"https:\/\/antersystem.com\/pl\/polityka-cookies\/\",\"name\":\"Polityka cookies - Anter System\",\"isPartOf\":{\"@id\":\"https:\/\/antersystem.com\/pl\/#website\"},\"datePublished\":\"2022-05-31T12:30:17+00:00\",\"dateModified\":\"2026-02-19T09:28:41+00:00\",\"description\":\"Pliki cookie to ma\u0142e pliki danych, kt\u00f3re s\u0105 wysy\u0142ane na Twoje urz\u0105dzenie podczas odwiedzania naszej Strony Internetowej, kt\u00f3ra przechowuje informacje o\",\"breadcrumb\":{\"@id\":\"https:\/\/antersystem.com\/pl\/polityka-cookies\/#breadcrumb\"},\"inLanguage\":\"pl-PL\",\"potentialAction\":[{\"@type\":\"ReadAction\",\"target\":[\"https:\/\/antersystem.com\/pl\/polityka-cookies\/\"]}]},{\"@type\":\"BreadcrumbList\",\"@id\":\"https:\/\/antersystem.com\/pl\/polityka-cookies\/#breadcrumb\",\"itemListElement\":[{\"@type\":\"ListItem\",\"position\":1,\"name\":\"AnterSystem\",\"item\":\"https:\/\/antersystem.com\/pl\/\"},{\"@type\":\"ListItem\",\"position\":2,\"name\":\"Polityka cookies\"}]},{\"@type\":\"WebSite\",\"@id\":\"https:\/\/antersystem.com\/pl\/#website\",\"url\":\"https:\/\/antersystem.com\/pl\/\",\"name\":\"Anter System\",\"description\":\"Jeste\u015bmy polskim producentem elastycznych barier ochronnych wykonywanych z polimerowych tworzyw sztucznych. Na rynku krajowym i zagranicznym dzia\u0142amy od ponad 15 lat dbaj\u0105c o zapewnienie bezpiecze\u0144stwa w zak\u0142adach produkcyjnych, magazynach oraz centrach logistycznych.\",\"potentialAction\":[{\"@type\":\"SearchAction\",\"target\":{\"@type\":\"EntryPoint\",\"urlTemplate\":\"https:\/\/antersystem.com\/pl\/?s={search_term_string}\"},\"query-input\":{\"@type\":\"PropertyValueSpecification\",\"valueRequired\":true,\"valueName\":\"search_term_string\"}}],\"inLanguage\":\"pl-PL\"}]}<\/script>\n<!-- \/ Yoast SEO plugin. -->","yoast_head_json":{"title":"Polityka cookies - Anter System","description":"Pliki cookie to ma\u0142e pliki danych, kt\u00f3re s\u0105 wysy\u0142ane na Twoje urz\u0105dzenie podczas odwiedzania naszej Strony Internetowej, kt\u00f3ra przechowuje informacje o","robots":{"index":"index","follow":"follow","max-snippet":"max-snippet:-1","max-image-preview":"max-image-preview:large","max-video-preview":"max-video-preview:-1"},"canonical":"https:\/\/antersystem.com\/pl\/polityka-cookies\/","og_locale":"pl_PL","og_type":"article","og_title":"Polityka cookies - Anter System","og_description":"Pliki cookie to ma\u0142e pliki danych, kt\u00f3re s\u0105 wysy\u0142ane na Twoje urz\u0105dzenie podczas odwiedzania naszej Strony Internetowej, kt\u00f3ra przechowuje informacje o","og_url":"https:\/\/antersystem.com\/pl\/polityka-cookies\/","og_site_name":"Anter System","article_modified_time":"2026-02-19T09:28:41+00:00","twitter_card":"summary_large_image","twitter_misc":{"Szacowany czas czytania":"6 minut"},"schema":{"@context":"https:\/\/schema.org","@graph":[{"@type":"WebPage","@id":"https:\/\/antersystem.com\/pl\/polityka-cookies\/","url":"https:\/\/antersystem.com\/pl\/polityka-cookies\/","name":"Polityka cookies - Anter System","isPartOf":{"@id":"https:\/\/antersystem.com\/pl\/#website"},"datePublished":"2022-05-31T12:30:17+00:00","dateModified":"2026-02-19T09:28:41+00:00","description":"Pliki cookie to ma\u0142e pliki danych, kt\u00f3re s\u0105 wysy\u0142ane na Twoje urz\u0105dzenie podczas odwiedzania naszej Strony Internetowej, kt\u00f3ra przechowuje informacje o","breadcrumb":{"@id":"https:\/\/antersystem.com\/pl\/polityka-cookies\/#breadcrumb"},"inLanguage":"pl-PL","potentialAction":[{"@type":"ReadAction","target":["https:\/\/antersystem.com\/pl\/polityka-cookies\/"]}]},{"@type":"BreadcrumbList","@id":"https:\/\/antersystem.com\/pl\/polityka-cookies\/#breadcrumb","itemListElement":[{"@type":"ListItem","position":1,"name":"AnterSystem","item":"https:\/\/antersystem.com\/pl\/"},{"@type":"ListItem","position":2,"name":"Polityka cookies"}]},{"@type":"WebSite","@id":"https:\/\/antersystem.com\/pl\/#website","url":"https:\/\/antersystem.com\/pl\/","name":"Anter System","description":"Jeste\u015bmy polskim producentem elastycznych barier ochronnych wykonywanych z polimerowych tworzyw sztucznych. Na rynku krajowym i zagranicznym dzia\u0142amy od ponad 15 lat dbaj\u0105c o zapewnienie bezpiecze\u0144stwa w zak\u0142adach produkcyjnych, magazynach oraz centrach logistycznych.","potentialAction":[{"@type":"SearchAction","target":{"@type":"EntryPoint","urlTemplate":"https:\/\/antersystem.com\/pl\/?s={search_term_string}"},"query-input":{"@type":"PropertyValueSpecification","valueRequired":true,"valueName":"search_term_string"}}],"inLanguage":"pl-PL"}]}},"_links":{"self":[{"href":"https:\/\/antersystem.com\/pl\/wp-json\/wp\/v2\/pages\/40144","targetHints":{"allow":["GET"]}}],"collection":[{"href":"https:\/\/antersystem.com\/pl\/wp-json\/wp\/v2\/pages"}],"about":[{"href":"https:\/\/antersystem.com\/pl\/wp-json\/wp\/v2\/types\/page"}],"author":[{"embeddable":true,"href":"https:\/\/antersystem.com\/pl\/wp-json\/wp\/v2\/users\/1"}],"replies":[{"embeddable":true,"href":"https:\/\/antersystem.com\/pl\/wp-json\/wp\/v2\/comments?post=40144"}],"version-history":[{"count":1,"href":"https:\/\/antersystem.com\/pl\/wp-json\/wp\/v2\/pages\/40144\/revisions"}],"predecessor-version":[{"id":40145,"href":"https:\/\/antersystem.com\/pl\/wp-json\/wp\/v2\/pages\/40144\/revisions\/40145"}],"wp:attachment":[{"href":"https:\/\/antersystem.com\/pl\/wp-json\/wp\/v2\/media?parent=40144"}],"curies":[{"name":"wp","href":"https:\/\/api.w.org\/{rel}","templated":true}]}}