{"id":40271,"date":"2026-02-13T14:00:03","date_gmt":"2026-02-13T13:00:03","guid":{"rendered":"https:\/\/antersystem.com\/wiedza-i-nowosci\/magazyn-mid-bezpieczna-strefa\/"},"modified":"2026-02-22T14:08:45","modified_gmt":"2026-02-22T13:08:45","slug":"magazyn-mid-bezpieczna-strefa","status":"publish","type":"page","link":"https:\/\/antersystem.com\/pl\/wiedza-i-nowosci\/magazyn-mid-bezpieczna-strefa\/","title":{"rendered":"Magazyn MID \u2013 &#8222;Bezpieczna strefa&#8221;"},"content":{"rendered":"\n<div class=\"wp-block-columns is-layout-flex wp-container-core-columns-is-layout-9d6595d7 wp-block-columns-is-layout-flex\">\n<div class=\"wp-block-column is-layout-flow wp-block-column-is-layout-flow\" style=\"flex-basis:10%\"><\/div>\n\n\n\n<div class=\"wp-block-column is-layout-flow wp-block-column-is-layout-flow\">\n<h3 class=\"wp-block-heading\">Komentarze naszych ekspert\u00f3w w magazynie MID<\/h3>\n\n\n\n<p>Mi\u0142o nam poinformowa\u0107, \u017ce nasz komentarz ekspercki pojawi\u0142 si\u0119 w <strong>MID &#8211; Magazynie Intralogistyki i Dystrybucji<\/strong>.<\/p>\n<p>W artykule omawiamy, dlaczego nowoczesne bezpiecze\u0144stwo magazyn\u00f3w <strong>powinno wykracza\u0107 poza malowane linie i znaki ostrzegawcze<\/strong> &#8211; koncentruj\u0105c si\u0119 na \u015bwiadomym projektowaniu przestrzeni, wyra\u017anym oddzieleniu ruchu i systemach ochrony poch\u0142aniaj\u0105cych uderzenia, kt\u00f3re zmniejszaj\u0105 ryzyko i koszty operacyjne.<\/p>\n<p>Komentarza eksperckiego udzieli\u0142 Tomasz Bary\u0142a, nasz Product Manager, kt\u00f3ry podzieli\u0142 si\u0119 swoim spojrzeniem na projektowanie bezpieczniejszych i bardziej wydajnych \u015brodowisk przemys\u0142owych.<\/p>\n<p><strong>Zapraszamy do zapoznania si\u0119 z pe\u0142nym artyku\u0142em poni\u017cej (PDF).<\/strong><\/p>\n<p>Je\u015bli chcesz dowiedzie\u0107 si\u0119, w jaki spos\u00f3b te zasady mog\u0105 zosta\u0107 wdro\u017cone w Twoim obiekcie, skontaktuj si\u0119 z nami.<\/p>\n<\/div>\n\n\n\n<div class=\"wp-block-column is-layout-flow wp-block-column-is-layout-flow\" style=\"flex-basis:10%\"><\/div>\n<\/div>\n\n<div data-wp-interactive=\"core\/file\" class=\"wp-block-file\"><object data-wp-bind--hidden=\"!state.hasPdfPreview\" hidden class=\"wp-block-file__embed\" data=\"https:\/\/antersystem.com\/wp-content\/uploads\/MID_109_1_2026_Bezpieczny-obszar.pdf\" type=\"application\/pdf\" style=\"width:100%;height:600px\" aria-label=\"Osadzone z MID_97_1_2024-Anter-System.\"><\/object><a id=\"wp-block-file--media-c4a79965-4313-4b68-8827-3aa81c41db0a\" href=\"https:\/\/antersystem.com\/wp-content\/uploads\/MID_109_1_2026_Bezpieczny-obszar.pdf\">MID_109_1_2026-Anter-System<\/a><a href=\"https:\/\/antersystem.com\/wp-content\/uploads\/MID_109_1_2026_Bezpieczny-obszar.pdf\" class=\"wp-block-file__button wp-element-button\" download=\"\" aria-describedby=\"wp-block-file--media-c4a79965-4313-4b68-8827-3aa81c41db0a\">Pobierz<\/a><\/div>\n","protected":false},"excerpt":{"rendered":"<p>Komentarze naszych ekspert\u00f3w w magazynie MID Mi\u0142o nam poinformowa\u0107, \u017ce nasz komentarz ekspercki pojawi\u0142 si\u0119 w MID &#8211; Magazynie Intralogistyki i Dystrybucji. W artykule omawiamy, dlaczego nowoczesne bezpiecze\u0144stwo magazyn\u00f3w powinno wykracza\u0107 poza malowane linie i znaki ostrzegawcze &#8211; koncentruj\u0105c si\u0119 na \u015bwiadomym projektowaniu przestrzeni, wyra\u017anym oddzieleniu ruchu i systemach ochrony poch\u0142aniaj\u0105cych uderzenia, kt\u00f3re zmniejszaj\u0105 ryzyko [&hellip;]<\/p>\n","protected":false},"author":11,"featured_media":40264,"parent":12824,"menu_order":0,"comment_status":"closed","ping_status":"closed","template":"","meta":{"inline_featured_image":false,"ngg_post_thumbnail":0,"footnotes":""},"class_list":["post-40271","page","type-page","status-publish","has-post-thumbnail","hentry"],"acf":[],"yoast_head":"<!-- This site is optimized with the Yoast SEO plugin v27.0 - https:\/\/yoast.com\/product\/yoast-seo-wordpress\/ -->\n<title>Magazyn MID \u2013 &quot;Bezpieczna strefa&quot; - Anter System<\/title>\n<meta name=\"description\" content=\"Komentarze naszych ekspert\u00f3w w magazynie MID Mi\u0142o nam poinformowa\u0107, \u017ce nasz komentarz ekspercki pojawi\u0142 si\u0119 w MID - Magazynie Intralogistyki i\" \/>\n<meta name=\"robots\" content=\"index, follow, max-snippet:-1, max-image-preview:large, max-video-preview:-1\" \/>\n<link rel=\"canonical\" href=\"https:\/\/antersystem.com\/pl\/wiedza-i-nowosci\/magazyn-mid-bezpieczna-strefa\/\" \/>\n<meta property=\"og:locale\" content=\"pl_PL\" \/>\n<meta property=\"og:type\" content=\"article\" \/>\n<meta property=\"og:title\" content=\"Magazyn MID \u2013 &quot;Bezpieczna strefa&quot; - Anter System\" \/>\n<meta property=\"og:description\" content=\"Komentarze naszych ekspert\u00f3w w magazynie MID Mi\u0142o nam poinformowa\u0107, \u017ce nasz komentarz ekspercki pojawi\u0142 si\u0119 w MID - Magazynie Intralogistyki i\" \/>\n<meta property=\"og:url\" content=\"https:\/\/antersystem.com\/pl\/wiedza-i-nowosci\/magazyn-mid-bezpieczna-strefa\/\" \/>\n<meta property=\"og:site_name\" content=\"Anter System\" \/>\n<meta property=\"article:modified_time\" content=\"2026-02-22T13:08:45+00:00\" \/>\n<meta property=\"og:image\" content=\"https:\/\/antersystem.com\/wp-content\/uploads\/MID-1-2026.webp\" \/>\n\t<meta property=\"og:image:width\" content=\"1920\" \/>\n\t<meta property=\"og:image:height\" content=\"1080\" \/>\n\t<meta property=\"og:image:type\" content=\"image\/webp\" \/>\n<meta name=\"twitter:card\" content=\"summary_large_image\" \/>\n<meta name=\"twitter:label1\" content=\"Szacowany czas czytania\" \/>\n\t<meta name=\"twitter:data1\" content=\"1 minuta\" \/>\n<script type=\"application\/ld+json\" class=\"yoast-schema-graph\">{\"@context\":\"https:\/\/schema.org\",\"@graph\":[{\"@type\":\"WebPage\",\"@id\":\"https:\/\/antersystem.com\/pl\/wiedza-i-nowosci\/magazyn-mid-bezpieczna-strefa\/\",\"url\":\"https:\/\/antersystem.com\/pl\/wiedza-i-nowosci\/magazyn-mid-bezpieczna-strefa\/\",\"name\":\"Magazyn MID \u2013 \\\"Bezpieczna strefa\\\" - Anter System\",\"isPartOf\":{\"@id\":\"https:\/\/antersystem.com\/pl\/#website\"},\"primaryImageOfPage\":{\"@id\":\"https:\/\/antersystem.com\/pl\/wiedza-i-nowosci\/magazyn-mid-bezpieczna-strefa\/#primaryimage\"},\"image\":{\"@id\":\"https:\/\/antersystem.com\/pl\/wiedza-i-nowosci\/magazyn-mid-bezpieczna-strefa\/#primaryimage\"},\"thumbnailUrl\":\"https:\/\/antersystem.com\/wp-content\/uploads\/MID-1-2026.webp\",\"datePublished\":\"2026-02-13T13:00:03+00:00\",\"dateModified\":\"2026-02-22T13:08:45+00:00\",\"description\":\"Komentarze naszych ekspert\u00f3w w magazynie MID Mi\u0142o nam poinformowa\u0107, \u017ce nasz komentarz ekspercki pojawi\u0142 si\u0119 w MID - Magazynie Intralogistyki i\",\"breadcrumb\":{\"@id\":\"https:\/\/antersystem.com\/pl\/wiedza-i-nowosci\/magazyn-mid-bezpieczna-strefa\/#breadcrumb\"},\"inLanguage\":\"pl-PL\",\"potentialAction\":[{\"@type\":\"ReadAction\",\"target\":[\"https:\/\/antersystem.com\/pl\/wiedza-i-nowosci\/magazyn-mid-bezpieczna-strefa\/\"]}]},{\"@type\":\"ImageObject\",\"inLanguage\":\"pl-PL\",\"@id\":\"https:\/\/antersystem.com\/pl\/wiedza-i-nowosci\/magazyn-mid-bezpieczna-strefa\/#primaryimage\",\"url\":\"https:\/\/antersystem.com\/wp-content\/uploads\/MID-1-2026.webp\",\"contentUrl\":\"https:\/\/antersystem.com\/wp-content\/uploads\/MID-1-2026.webp\",\"width\":1920,\"height\":1080},{\"@type\":\"BreadcrumbList\",\"@id\":\"https:\/\/antersystem.com\/pl\/wiedza-i-nowosci\/magazyn-mid-bezpieczna-strefa\/#breadcrumb\",\"itemListElement\":[{\"@type\":\"ListItem\",\"position\":1,\"name\":\"AnterSystem\",\"item\":\"https:\/\/antersystem.com\/pl\/\"},{\"@type\":\"ListItem\",\"position\":2,\"name\":\"Wiedza i nowo\u015bci\",\"item\":\"https:\/\/antersystem.com\/pl\/wiedza-i-nowosci\/\"},{\"@type\":\"ListItem\",\"position\":3,\"name\":\"Magazyn MID \u2013 &#8222;Bezpieczna strefa&#8221;\"}]},{\"@type\":\"WebSite\",\"@id\":\"https:\/\/antersystem.com\/pl\/#website\",\"url\":\"https:\/\/antersystem.com\/pl\/\",\"name\":\"Anter System\",\"description\":\"Jeste\u015bmy polskim producentem elastycznych barier ochronnych wykonywanych z polimerowych tworzyw sztucznych. Na rynku krajowym i zagranicznym dzia\u0142amy od ponad 15 lat dbaj\u0105c o zapewnienie bezpiecze\u0144stwa w zak\u0142adach produkcyjnych, magazynach oraz centrach logistycznych.\",\"potentialAction\":[{\"@type\":\"SearchAction\",\"target\":{\"@type\":\"EntryPoint\",\"urlTemplate\":\"https:\/\/antersystem.com\/pl\/?s={search_term_string}\"},\"query-input\":{\"@type\":\"PropertyValueSpecification\",\"valueRequired\":true,\"valueName\":\"search_term_string\"}}],\"inLanguage\":\"pl-PL\"}]}<\/script>\n<!-- \/ Yoast SEO plugin. -->","yoast_head_json":{"title":"Magazyn MID \u2013 \"Bezpieczna strefa\" - Anter System","description":"Komentarze naszych ekspert\u00f3w w magazynie MID Mi\u0142o nam poinformowa\u0107, \u017ce nasz komentarz ekspercki pojawi\u0142 si\u0119 w MID - Magazynie Intralogistyki i","robots":{"index":"index","follow":"follow","max-snippet":"max-snippet:-1","max-image-preview":"max-image-preview:large","max-video-preview":"max-video-preview:-1"},"canonical":"https:\/\/antersystem.com\/pl\/wiedza-i-nowosci\/magazyn-mid-bezpieczna-strefa\/","og_locale":"pl_PL","og_type":"article","og_title":"Magazyn MID \u2013 \"Bezpieczna strefa\" - Anter System","og_description":"Komentarze naszych ekspert\u00f3w w magazynie MID Mi\u0142o nam poinformowa\u0107, \u017ce nasz komentarz ekspercki pojawi\u0142 si\u0119 w MID - Magazynie Intralogistyki i","og_url":"https:\/\/antersystem.com\/pl\/wiedza-i-nowosci\/magazyn-mid-bezpieczna-strefa\/","og_site_name":"Anter System","article_modified_time":"2026-02-22T13:08:45+00:00","og_image":[{"width":1920,"height":1080,"url":"https:\/\/antersystem.com\/wp-content\/uploads\/MID-1-2026.webp","type":"image\/webp"}],"twitter_card":"summary_large_image","twitter_misc":{"Szacowany czas czytania":"1 minuta"},"schema":{"@context":"https:\/\/schema.org","@graph":[{"@type":"WebPage","@id":"https:\/\/antersystem.com\/pl\/wiedza-i-nowosci\/magazyn-mid-bezpieczna-strefa\/","url":"https:\/\/antersystem.com\/pl\/wiedza-i-nowosci\/magazyn-mid-bezpieczna-strefa\/","name":"Magazyn MID \u2013 \"Bezpieczna strefa\" - Anter System","isPartOf":{"@id":"https:\/\/antersystem.com\/pl\/#website"},"primaryImageOfPage":{"@id":"https:\/\/antersystem.com\/pl\/wiedza-i-nowosci\/magazyn-mid-bezpieczna-strefa\/#primaryimage"},"image":{"@id":"https:\/\/antersystem.com\/pl\/wiedza-i-nowosci\/magazyn-mid-bezpieczna-strefa\/#primaryimage"},"thumbnailUrl":"https:\/\/antersystem.com\/wp-content\/uploads\/MID-1-2026.webp","datePublished":"2026-02-13T13:00:03+00:00","dateModified":"2026-02-22T13:08:45+00:00","description":"Komentarze naszych ekspert\u00f3w w magazynie MID Mi\u0142o nam poinformowa\u0107, \u017ce nasz komentarz ekspercki pojawi\u0142 si\u0119 w MID - Magazynie Intralogistyki i","breadcrumb":{"@id":"https:\/\/antersystem.com\/pl\/wiedza-i-nowosci\/magazyn-mid-bezpieczna-strefa\/#breadcrumb"},"inLanguage":"pl-PL","potentialAction":[{"@type":"ReadAction","target":["https:\/\/antersystem.com\/pl\/wiedza-i-nowosci\/magazyn-mid-bezpieczna-strefa\/"]}]},{"@type":"ImageObject","inLanguage":"pl-PL","@id":"https:\/\/antersystem.com\/pl\/wiedza-i-nowosci\/magazyn-mid-bezpieczna-strefa\/#primaryimage","url":"https:\/\/antersystem.com\/wp-content\/uploads\/MID-1-2026.webp","contentUrl":"https:\/\/antersystem.com\/wp-content\/uploads\/MID-1-2026.webp","width":1920,"height":1080},{"@type":"BreadcrumbList","@id":"https:\/\/antersystem.com\/pl\/wiedza-i-nowosci\/magazyn-mid-bezpieczna-strefa\/#breadcrumb","itemListElement":[{"@type":"ListItem","position":1,"name":"AnterSystem","item":"https:\/\/antersystem.com\/pl\/"},{"@type":"ListItem","position":2,"name":"Wiedza i nowo\u015bci","item":"https:\/\/antersystem.com\/pl\/wiedza-i-nowosci\/"},{"@type":"ListItem","position":3,"name":"Magazyn MID \u2013 &#8222;Bezpieczna strefa&#8221;"}]},{"@type":"WebSite","@id":"https:\/\/antersystem.com\/pl\/#website","url":"https:\/\/antersystem.com\/pl\/","name":"Anter System","description":"Jeste\u015bmy polskim producentem elastycznych barier ochronnych wykonywanych z polimerowych tworzyw sztucznych. Na rynku krajowym i zagranicznym dzia\u0142amy od ponad 15 lat dbaj\u0105c o zapewnienie bezpiecze\u0144stwa w zak\u0142adach produkcyjnych, magazynach oraz centrach logistycznych.","potentialAction":[{"@type":"SearchAction","target":{"@type":"EntryPoint","urlTemplate":"https:\/\/antersystem.com\/pl\/?s={search_term_string}"},"query-input":{"@type":"PropertyValueSpecification","valueRequired":true,"valueName":"search_term_string"}}],"inLanguage":"pl-PL"}]}},"_links":{"self":[{"href":"https:\/\/antersystem.com\/pl\/wp-json\/wp\/v2\/pages\/40271","targetHints":{"allow":["GET"]}}],"collection":[{"href":"https:\/\/antersystem.com\/pl\/wp-json\/wp\/v2\/pages"}],"about":[{"href":"https:\/\/antersystem.com\/pl\/wp-json\/wp\/v2\/types\/page"}],"author":[{"embeddable":true,"href":"https:\/\/antersystem.com\/pl\/wp-json\/wp\/v2\/users\/11"}],"replies":[{"embeddable":true,"href":"https:\/\/antersystem.com\/pl\/wp-json\/wp\/v2\/comments?post=40271"}],"version-history":[{"count":2,"href":"https:\/\/antersystem.com\/pl\/wp-json\/wp\/v2\/pages\/40271\/revisions"}],"predecessor-version":[{"id":40275,"href":"https:\/\/antersystem.com\/pl\/wp-json\/wp\/v2\/pages\/40271\/revisions\/40275"}],"up":[{"embeddable":true,"href":"https:\/\/antersystem.com\/pl\/wp-json\/wp\/v2\/pages\/12824"}],"wp:featuredmedia":[{"embeddable":true,"href":"https:\/\/antersystem.com\/pl\/wp-json\/wp\/v2\/media\/40264"}],"wp:attachment":[{"href":"https:\/\/antersystem.com\/pl\/wp-json\/wp\/v2\/media?parent=40271"}],"curies":[{"name":"wp","href":"https:\/\/api.w.org\/{rel}","templated":true}]}}