{"id":40359,"date":"2026-02-22T13:05:26","date_gmt":"2026-02-22T12:05:26","guid":{"rendered":"https:\/\/antersystem.com\/wiedza-i-nowosci\/zaproszenie-logimat-2026\/"},"modified":"2026-02-22T13:05:26","modified_gmt":"2026-02-22T12:05:26","slug":"zaproszenie-logimat-2026","status":"publish","type":"page","link":"https:\/\/antersystem.com\/pl\/wiedza-i-nowosci\/zaproszenie-logimat-2026\/","title":{"rendered":"Zaproszenie na targi LogiMAT 2026"},"content":{"rendered":"<h2>B\u0119dziemy si\u0119 na targach LogiMAT 2026 &#8211; spotkajmy si\u0119 w hali 1<\/h2>\n<p>Z przyjemno\u015bci\u0105 informujemy, \u017ce <strong>Anter System b\u0119dzie wystawc\u0105 na LogiMAT 2026<\/strong>, wiod\u0105cych mi\u0119dzynarodowych targach rozwi\u0105za\u0144 intralogistycznych i zarz\u0105dzania procesami.<\/p>\n<p>LogiMAT gromadzi specjalist\u00f3w z bran\u017cy, dostawc\u00f3w technologii i producent\u00f3w system\u00f3w, aby bada\u0107 najnowsze osi\u0105gni\u0119cia w dziedzinie automatyzacji magazyn\u00f3w, obs\u0142ugi materia\u0142\u00f3w i optymalizacji proces\u00f3w.<\/p>\n<p><strong>\ud83c\udfe2 Messe Stuttgart, Niemcy<\/strong><\/p>\n<p>\ud83d\udcc5 <strong>24\u201326 marca 2026<\/strong><\/p>\n<p><strong>\ud83c\udfe2 Hala 1 | Stoisko 1D10<\/strong><\/p>\n<h3>Wydarzenie otwieraj\u0105ce Intralogistyk\u0119 w Europie<\/h3>\n<p>LogiMAT jest uznawany za kluczowy mi\u0119dzynarodowy punkt spotka\u0144 dla intralogistyki w sercu Europy. Ka\u017cdego roku mi\u0119dzynarodowi wystawcy prezentuj\u0105 innowacyjne technologie, systemy i rozwi\u0105zania maj\u0105ce na celu racjonalizacj\u0119, optymalizacj\u0119 proces\u00f3w i redukcj\u0119 koszt\u00f3w w ramach proces\u00f3w logistyki wewn\u0119trznej. <\/p>\n<p>Od zaopatrzenia i produkcji po magazynowanie i dostaw\u0119, LogiMAT zapewnia kompleksowy przegl\u0105d rynku i praktyczny transfer wiedzy. Dzi\u0119ki kompaktowej strukturze rynku, forom eksperckim i demonstracjom na \u017cywo, wydarzenie \u0142\u0105czy w sobie: konkretne rozwi\u0105zania, bezpo\u015bredni\u0105 wiedz\u0119 ekspert\u00f3w bran\u017cowych i prezentacje technologii w czasie rzeczywistym. To tutaj spotyka si\u0119 rynek.  <\/p>\n<h3>Hala 1 &#8211; Technologia transportowania i magazynowania materia\u0142\u00f3w<\/h3>\n<p>Znajdziesz nas w <strong>hali 1<\/strong>, po\u015bwi\u0119conej:\n<\/p>\n<ul>\n<li>Technologia transportowania i magazynowania materia\u0142\u00f3w<\/li>\n<li>Wyposa\u017cenie magazynowe i operacyjne<\/li>\n<li>Dostawcy system\u00f3w i budowa hal<\/li>\n<\/ul>\n<p>Jest to miejsce, w kt\u00f3rym \u0142\u0105cz\u0105 si\u0119 bezpiecze\u0144stwo, infrastruktura i wydajno\u015b\u0107 transportu wewn\u0119trznego &#8211; co czyni go idealnym miejscem do om\u00f3wienia nowoczesnych strategii ochrony magazynu.<\/p>\n<h3>Co zaprezentujemy<\/h3>\n<p>\nNa naszym stoisku zaprezentujemy nasze <strong>elastyczne polimerowe systemy barier ochronnych<\/strong> zaprojektowane z my\u015bl\u0105 o ochronie pieszych, pojazd\u00f3w przemys\u0142owych, infrastruktury magazynowej i \u015brodowisk produkcyjnych. Nasze rozwi\u0105zania pomagaj\u0105 tworzy\u0107 wyra\u017anie oddzielone strefy ruchu, jednocze\u015bnie zwi\u0119kszaj\u0105c bezpiecze\u0144stwo operacyjne i wydajno\u015b\u0107. W czasach rosn\u0105cej automatyzacji, autonomicznych pojazd\u00f3w i transformacji cyfrowej bezpieczna separacja ruchu pozostaje jednym z podstawowych filar\u00f3w wydajnej intralogistyki.  <\/p>\n<p>Nasze rozwi\u0105zania s\u0105 przeznaczone do:\n<\/p>\n<ul>\n<li>Poch\u0142aniaj\u0105 energi\u0119 uderzenia zamiast j\u0105 przenosi\u0107<\/li>\n<li>Obni\u017cenie koszt\u00f3w napraw<\/li>\n<li>Zwi\u0119kszenie ci\u0105g\u0142o\u015bci operacyjnej<\/li>\n<li>Wspieranie bezpiecznej wsp\u00f3\u0142pracy cz\u0142owieka z maszyn\u0105<\/li>\n<\/ul>\n<h3>Bezpiecze\u0144stwo w dobie Przemys\u0142u 4.0<\/h3>\n<p>Cyfryzacja, wzajemne po\u0142\u0105czenia, sztuczna inteligencja i inteligentne systemy autonomiczne przekszta\u0142caj\u0105 \u0142a\u0144cuchy dostaw. Jednak niezale\u017cnie od tego, jak zaawansowane staj\u0105 si\u0119 systemy, ochrona fizyczna i zarz\u0105dzanie ruchem pozostaj\u0105 kluczowe. <\/p>\n<p>W miar\u0119 jak systemy \u0142\u0105cz\u0105 si\u0119 w inteligentne ekosystemy, <strong>jasno zorganizowane i chronione przestrzenie robocze<\/strong> s\u0105 niezb\u0119dne dla szybszych, bardziej energooszcz\u0119dnych i bezpiecznych proces\u00f3w.<\/p>\n<p>W LogiMAT z niecierpliwo\u015bci\u0105 czekamy na dyskusj\u0119 o tym, jak infrastruktura bezpiecze\u0144stwa wspiera t\u0119 transformacj\u0119.<\/p>\n<h3>Spotkajmy si\u0119 w Stuttgarcie<\/h3>\n<p>Je\u015bli planujesz odwiedzi\u0107 LogiMAT 2026, serdecznie zapraszamy do spotkania z naszym zespo\u0142em i zbadania, w jaki spos\u00f3b mo\u017cemy pom\u00f3c poprawi\u0107 bezpiecze\u0144stwo i wydajno\u015b\u0107 w Twoim zak\u0142adzie. Z niecierpliwo\u015bci\u0105 czekamy na osobiste spotkanie. <\/p>\n","protected":false},"excerpt":{"rendered":"<p>B\u0119dziemy si\u0119 na targach LogiMAT 2026 &#8211; spotkajmy si\u0119 w hali 1 Z przyjemno\u015bci\u0105 informujemy, \u017ce Anter System b\u0119dzie wystawc\u0105 na LogiMAT 2026, wiod\u0105cych mi\u0119dzynarodowych targach rozwi\u0105za\u0144 intralogistycznych i zarz\u0105dzania procesami. LogiMAT gromadzi specjalist\u00f3w z bran\u017cy, dostawc\u00f3w technologii i producent\u00f3w system\u00f3w, aby bada\u0107 najnowsze osi\u0105gni\u0119cia w dziedzinie automatyzacji magazyn\u00f3w, obs\u0142ugi materia\u0142\u00f3w i optymalizacji proces\u00f3w. \ud83c\udfe2 [&hellip;]<\/p>\n","protected":false},"author":11,"featured_media":40226,"parent":12824,"menu_order":0,"comment_status":"closed","ping_status":"closed","template":"","meta":{"inline_featured_image":false,"ngg_post_thumbnail":0,"footnotes":""},"class_list":["post-40359","page","type-page","status-publish","has-post-thumbnail","hentry"],"acf":[],"yoast_head":"<!-- This site is optimized with the Yoast SEO plugin v27.0 - https:\/\/yoast.com\/product\/yoast-seo-wordpress\/ -->\n<title>Zaproszenie na targi LogiMAT 2026 - Anter System<\/title>\n<meta name=\"description\" content=\"B\u0119dziemy si\u0119 na targach LogiMAT 2026 - spotkajmy si\u0119 w hali 1 Z przyjemno\u015bci\u0105 informujemy, \u017ce Anter System b\u0119dzie wystawc\u0105 na LogiMAT 2026, wiod\u0105cych\" \/>\n<meta name=\"robots\" content=\"index, follow, max-snippet:-1, max-image-preview:large, max-video-preview:-1\" \/>\n<link rel=\"canonical\" href=\"https:\/\/antersystem.com\/pl\/wiedza-i-nowosci\/zaproszenie-logimat-2026\/\" \/>\n<meta property=\"og:locale\" content=\"pl_PL\" \/>\n<meta property=\"og:type\" content=\"article\" \/>\n<meta property=\"og:title\" content=\"Zaproszenie na targi LogiMAT 2026 - Anter System\" \/>\n<meta property=\"og:description\" content=\"B\u0119dziemy si\u0119 na targach LogiMAT 2026 - spotkajmy si\u0119 w hali 1 Z przyjemno\u015bci\u0105 informujemy, \u017ce Anter System b\u0119dzie wystawc\u0105 na LogiMAT 2026, wiod\u0105cych\" \/>\n<meta property=\"og:url\" content=\"https:\/\/antersystem.com\/pl\/wiedza-i-nowosci\/zaproszenie-logimat-2026\/\" \/>\n<meta property=\"og:site_name\" content=\"Anter System\" \/>\n<meta property=\"og:image\" content=\"https:\/\/antersystem.com\/wp-content\/uploads\/news-logimat-invitation.webp\" \/>\n\t<meta property=\"og:image:width\" content=\"1920\" \/>\n\t<meta property=\"og:image:height\" content=\"1081\" \/>\n\t<meta property=\"og:image:type\" content=\"image\/webp\" \/>\n<meta name=\"twitter:card\" content=\"summary_large_image\" \/>\n<meta name=\"twitter:label1\" content=\"Szacowany czas czytania\" \/>\n\t<meta name=\"twitter:data1\" content=\"2 minuty\" \/>\n<script type=\"application\/ld+json\" class=\"yoast-schema-graph\">{\"@context\":\"https:\/\/schema.org\",\"@graph\":[{\"@type\":\"WebPage\",\"@id\":\"https:\/\/antersystem.com\/pl\/wiedza-i-nowosci\/zaproszenie-logimat-2026\/\",\"url\":\"https:\/\/antersystem.com\/pl\/wiedza-i-nowosci\/zaproszenie-logimat-2026\/\",\"name\":\"Zaproszenie na targi LogiMAT 2026 - Anter System\",\"isPartOf\":{\"@id\":\"https:\/\/antersystem.com\/pl\/#website\"},\"primaryImageOfPage\":{\"@id\":\"https:\/\/antersystem.com\/pl\/wiedza-i-nowosci\/zaproszenie-logimat-2026\/#primaryimage\"},\"image\":{\"@id\":\"https:\/\/antersystem.com\/pl\/wiedza-i-nowosci\/zaproszenie-logimat-2026\/#primaryimage\"},\"thumbnailUrl\":\"https:\/\/antersystem.com\/wp-content\/uploads\/news-logimat-invitation.webp\",\"datePublished\":\"2026-02-22T12:05:26+00:00\",\"description\":\"B\u0119dziemy si\u0119 na targach LogiMAT 2026 - spotkajmy si\u0119 w hali 1 Z przyjemno\u015bci\u0105 informujemy, \u017ce Anter System b\u0119dzie wystawc\u0105 na LogiMAT 2026, wiod\u0105cych\",\"breadcrumb\":{\"@id\":\"https:\/\/antersystem.com\/pl\/wiedza-i-nowosci\/zaproszenie-logimat-2026\/#breadcrumb\"},\"inLanguage\":\"pl-PL\",\"potentialAction\":[{\"@type\":\"ReadAction\",\"target\":[\"https:\/\/antersystem.com\/pl\/wiedza-i-nowosci\/zaproszenie-logimat-2026\/\"]}]},{\"@type\":\"ImageObject\",\"inLanguage\":\"pl-PL\",\"@id\":\"https:\/\/antersystem.com\/pl\/wiedza-i-nowosci\/zaproszenie-logimat-2026\/#primaryimage\",\"url\":\"https:\/\/antersystem.com\/wp-content\/uploads\/news-logimat-invitation.webp\",\"contentUrl\":\"https:\/\/antersystem.com\/wp-content\/uploads\/news-logimat-invitation.webp\",\"width\":1920,\"height\":1081},{\"@type\":\"BreadcrumbList\",\"@id\":\"https:\/\/antersystem.com\/pl\/wiedza-i-nowosci\/zaproszenie-logimat-2026\/#breadcrumb\",\"itemListElement\":[{\"@type\":\"ListItem\",\"position\":1,\"name\":\"AnterSystem\",\"item\":\"https:\/\/antersystem.com\/pl\/\"},{\"@type\":\"ListItem\",\"position\":2,\"name\":\"Wiedza i nowo\u015bci\",\"item\":\"https:\/\/antersystem.com\/pl\/wiedza-i-nowosci\/\"},{\"@type\":\"ListItem\",\"position\":3,\"name\":\"Zaproszenie na targi LogiMAT 2026\"}]},{\"@type\":\"WebSite\",\"@id\":\"https:\/\/antersystem.com\/pl\/#website\",\"url\":\"https:\/\/antersystem.com\/pl\/\",\"name\":\"Anter System\",\"description\":\"Jeste\u015bmy polskim producentem elastycznych barier ochronnych wykonywanych z polimerowych tworzyw sztucznych. Na rynku krajowym i zagranicznym dzia\u0142amy od ponad 15 lat dbaj\u0105c o zapewnienie bezpiecze\u0144stwa w zak\u0142adach produkcyjnych, magazynach oraz centrach logistycznych.\",\"potentialAction\":[{\"@type\":\"SearchAction\",\"target\":{\"@type\":\"EntryPoint\",\"urlTemplate\":\"https:\/\/antersystem.com\/pl\/?s={search_term_string}\"},\"query-input\":{\"@type\":\"PropertyValueSpecification\",\"valueRequired\":true,\"valueName\":\"search_term_string\"}}],\"inLanguage\":\"pl-PL\"}]}<\/script>\n<!-- \/ Yoast SEO plugin. -->","yoast_head_json":{"title":"Zaproszenie na targi LogiMAT 2026 - Anter System","description":"B\u0119dziemy si\u0119 na targach LogiMAT 2026 - spotkajmy si\u0119 w hali 1 Z przyjemno\u015bci\u0105 informujemy, \u017ce Anter System b\u0119dzie wystawc\u0105 na LogiMAT 2026, wiod\u0105cych","robots":{"index":"index","follow":"follow","max-snippet":"max-snippet:-1","max-image-preview":"max-image-preview:large","max-video-preview":"max-video-preview:-1"},"canonical":"https:\/\/antersystem.com\/pl\/wiedza-i-nowosci\/zaproszenie-logimat-2026\/","og_locale":"pl_PL","og_type":"article","og_title":"Zaproszenie na targi LogiMAT 2026 - Anter System","og_description":"B\u0119dziemy si\u0119 na targach LogiMAT 2026 - spotkajmy si\u0119 w hali 1 Z przyjemno\u015bci\u0105 informujemy, \u017ce Anter System b\u0119dzie wystawc\u0105 na LogiMAT 2026, wiod\u0105cych","og_url":"https:\/\/antersystem.com\/pl\/wiedza-i-nowosci\/zaproszenie-logimat-2026\/","og_site_name":"Anter System","og_image":[{"width":1920,"height":1081,"url":"https:\/\/antersystem.com\/wp-content\/uploads\/news-logimat-invitation.webp","type":"image\/webp"}],"twitter_card":"summary_large_image","twitter_misc":{"Szacowany czas czytania":"2 minuty"},"schema":{"@context":"https:\/\/schema.org","@graph":[{"@type":"WebPage","@id":"https:\/\/antersystem.com\/pl\/wiedza-i-nowosci\/zaproszenie-logimat-2026\/","url":"https:\/\/antersystem.com\/pl\/wiedza-i-nowosci\/zaproszenie-logimat-2026\/","name":"Zaproszenie na targi LogiMAT 2026 - Anter System","isPartOf":{"@id":"https:\/\/antersystem.com\/pl\/#website"},"primaryImageOfPage":{"@id":"https:\/\/antersystem.com\/pl\/wiedza-i-nowosci\/zaproszenie-logimat-2026\/#primaryimage"},"image":{"@id":"https:\/\/antersystem.com\/pl\/wiedza-i-nowosci\/zaproszenie-logimat-2026\/#primaryimage"},"thumbnailUrl":"https:\/\/antersystem.com\/wp-content\/uploads\/news-logimat-invitation.webp","datePublished":"2026-02-22T12:05:26+00:00","description":"B\u0119dziemy si\u0119 na targach LogiMAT 2026 - spotkajmy si\u0119 w hali 1 Z przyjemno\u015bci\u0105 informujemy, \u017ce Anter System b\u0119dzie wystawc\u0105 na LogiMAT 2026, wiod\u0105cych","breadcrumb":{"@id":"https:\/\/antersystem.com\/pl\/wiedza-i-nowosci\/zaproszenie-logimat-2026\/#breadcrumb"},"inLanguage":"pl-PL","potentialAction":[{"@type":"ReadAction","target":["https:\/\/antersystem.com\/pl\/wiedza-i-nowosci\/zaproszenie-logimat-2026\/"]}]},{"@type":"ImageObject","inLanguage":"pl-PL","@id":"https:\/\/antersystem.com\/pl\/wiedza-i-nowosci\/zaproszenie-logimat-2026\/#primaryimage","url":"https:\/\/antersystem.com\/wp-content\/uploads\/news-logimat-invitation.webp","contentUrl":"https:\/\/antersystem.com\/wp-content\/uploads\/news-logimat-invitation.webp","width":1920,"height":1081},{"@type":"BreadcrumbList","@id":"https:\/\/antersystem.com\/pl\/wiedza-i-nowosci\/zaproszenie-logimat-2026\/#breadcrumb","itemListElement":[{"@type":"ListItem","position":1,"name":"AnterSystem","item":"https:\/\/antersystem.com\/pl\/"},{"@type":"ListItem","position":2,"name":"Wiedza i nowo\u015bci","item":"https:\/\/antersystem.com\/pl\/wiedza-i-nowosci\/"},{"@type":"ListItem","position":3,"name":"Zaproszenie na targi LogiMAT 2026"}]},{"@type":"WebSite","@id":"https:\/\/antersystem.com\/pl\/#website","url":"https:\/\/antersystem.com\/pl\/","name":"Anter System","description":"Jeste\u015bmy polskim producentem elastycznych barier ochronnych wykonywanych z polimerowych tworzyw sztucznych. Na rynku krajowym i zagranicznym dzia\u0142amy od ponad 15 lat dbaj\u0105c o zapewnienie bezpiecze\u0144stwa w zak\u0142adach produkcyjnych, magazynach oraz centrach logistycznych.","potentialAction":[{"@type":"SearchAction","target":{"@type":"EntryPoint","urlTemplate":"https:\/\/antersystem.com\/pl\/?s={search_term_string}"},"query-input":{"@type":"PropertyValueSpecification","valueRequired":true,"valueName":"search_term_string"}}],"inLanguage":"pl-PL"}]}},"_links":{"self":[{"href":"https:\/\/antersystem.com\/pl\/wp-json\/wp\/v2\/pages\/40359","targetHints":{"allow":["GET"]}}],"collection":[{"href":"https:\/\/antersystem.com\/pl\/wp-json\/wp\/v2\/pages"}],"about":[{"href":"https:\/\/antersystem.com\/pl\/wp-json\/wp\/v2\/types\/page"}],"author":[{"embeddable":true,"href":"https:\/\/antersystem.com\/pl\/wp-json\/wp\/v2\/users\/11"}],"replies":[{"embeddable":true,"href":"https:\/\/antersystem.com\/pl\/wp-json\/wp\/v2\/comments?post=40359"}],"version-history":[{"count":0,"href":"https:\/\/antersystem.com\/pl\/wp-json\/wp\/v2\/pages\/40359\/revisions"}],"up":[{"embeddable":true,"href":"https:\/\/antersystem.com\/pl\/wp-json\/wp\/v2\/pages\/12824"}],"wp:featuredmedia":[{"embeddable":true,"href":"https:\/\/antersystem.com\/pl\/wp-json\/wp\/v2\/media\/40226"}],"wp:attachment":[{"href":"https:\/\/antersystem.com\/pl\/wp-json\/wp\/v2\/media?parent=40359"}],"curies":[{"name":"wp","href":"https:\/\/api.w.org\/{rel}","templated":true}]}}