{"id":40360,"date":"2025-12-22T15:36:00","date_gmt":"2025-12-22T14:36:00","guid":{"rendered":"https:\/\/antersystem.com\/wiedza-i-nowosci\/handling-expo-2025\/"},"modified":"2025-12-22T15:36:00","modified_gmt":"2025-12-22T14:36:00","slug":"handling-expo-2025","status":"publish","type":"page","link":"https:\/\/antersystem.com\/pl\/wiedza-i-nowosci\/handling-expo-2025\/","title":{"rendered":"Handling Expo 2025"},"content":{"rendered":"<h2>Anter System na Handling Expo 2025 w Kairze<\/h2>\n<p>W dniach 18-21 grudnia 2025 r. mieli\u015bmy przyjemno\u015b\u0107 uczestniczy\u0107 w <strong>Handling Expo &#8211; Mi\u0119dzynarodowych Targach Sprz\u0119tu do Prze\u0142adunku i Magazynowania Materia\u0142\u00f3w<\/strong> w Kairze w Egipcie. Wydarzenie to by\u0142o wa\u017cnym przystankiem na mi\u0119dzynarodowej mapie Anter System i mocnym punktem zamykaj\u0105cym nasz sezon targowy 2025. <\/p>\n<p>Odbywaj\u0105ce si\u0119 w Egypt International Exhibition Center targi Handling Expo potwierdzi\u0142y, jak dynamicznie rozwija si\u0119 magazynowanie, intralogistyka i bezpiecze\u0144stwo przemys\u0142owe na rynkach Bliskiego Wschodu i Afryki. Wed\u0142ug organizator\u00f3w, tegoroczna edycja zgromadzi\u0142a <strong>622 wystawc\u00f3w z 27 kraj\u00f3w<\/strong> i przyci\u0105gn\u0119\u0142a <strong>24 208 odwiedzaj\u0105cych<\/strong>, tworz\u0105c t\u0119tni\u0105c\u0105 \u017cyciem platform\u0119 wymiany wiedzy i rozwoju biznesu. <\/p>\n<p>Na targach zaprezentowali\u015bmy nasze podej\u015bcie do <strong>elastycznych system\u00f3w ochrony przed uderzeniami<\/strong>, koncentruj\u0105c si\u0119 na praktycznych wyzwaniach zwi\u0105zanych z bezpiecze\u0144stwem w nowoczesnych magazynach i zak\u0142adach produkcyjnych. Wraz z naszym partnerem <strong>IRack Storage Solution<\/strong> zaprezentowali\u015bmy rozwi\u0105zania zaprojektowane z my\u015bl\u0105 o rzeczywistych warunkach pracy &#8211; ochronie ludzi, infrastruktury i towar\u00f3w w \u015brodowiskach przemys\u0142owych o du\u017cym nat\u0119\u017ceniu ruchu. <\/p>\n<p>Ka\u017cde mi\u0119dzynarodowe wydarzenie pomaga nam lepiej zrozumie\u0107 potrzeby lokalnego rynku, wymienia\u0107 si\u0119 perspektywami z profesjonalistami z bran\u017cy i udoskonala\u0107 rozwi\u0105zania, kt\u00f3re dzia\u0142aj\u0105 globalnie, a jednocze\u015bnie s\u0105 wdra\u017cane lokalnie.<\/p>\n<p>Dzi\u0119kujemy wszystkim, kt\u00f3rzy odwiedzili nas w Kairze i przyczynili si\u0119 do inspiruj\u0105cych rozm\u00f3w i warto\u015bciowych spotka\u0144. Z niecierpliwo\u015bci\u0105 czekamy na kontynuacj\u0119 tych dyskusji w 2026 roku. <\/p>\n","protected":false},"excerpt":{"rendered":"<p>Anter System na Handling Expo 2025 w Kairze W dniach 18-21 grudnia 2025 r. mieli\u015bmy przyjemno\u015b\u0107 uczestniczy\u0107 w Handling Expo &#8211; Mi\u0119dzynarodowych Targach Sprz\u0119tu do Prze\u0142adunku i Magazynowania Materia\u0142\u00f3w w Kairze w Egipcie. Wydarzenie to by\u0142o wa\u017cnym przystankiem na mi\u0119dzynarodowej mapie Anter System i mocnym punktem zamykaj\u0105cym nasz sezon targowy 2025. Odbywaj\u0105ce si\u0119 w Egypt [&hellip;]<\/p>\n","protected":false},"author":11,"featured_media":40288,"parent":12824,"menu_order":0,"comment_status":"closed","ping_status":"closed","template":"","meta":{"inline_featured_image":false,"ngg_post_thumbnail":0,"footnotes":""},"class_list":["post-40360","page","type-page","status-publish","has-post-thumbnail","hentry"],"acf":[],"yoast_head":"<!-- This site is optimized with the Yoast SEO plugin v27.0 - https:\/\/yoast.com\/product\/yoast-seo-wordpress\/ -->\n<title>Handling Expo 2025 - Anter System<\/title>\n<meta name=\"description\" content=\"Anter System na Handling Expo 2025 w Kairze W dniach 18-21 grudnia 2025 r. mieli\u015bmy przyjemno\u015b\u0107 uczestniczy\u0107 w Handling Expo - Mi\u0119dzynarodowych Targach\" \/>\n<meta name=\"robots\" content=\"index, follow, max-snippet:-1, max-image-preview:large, max-video-preview:-1\" \/>\n<link rel=\"canonical\" href=\"https:\/\/antersystem.com\/pl\/wiedza-i-nowosci\/handling-expo-2025\/\" \/>\n<meta property=\"og:locale\" content=\"pl_PL\" \/>\n<meta property=\"og:type\" content=\"article\" \/>\n<meta property=\"og:title\" content=\"Handling Expo 2025 - Anter System\" \/>\n<meta property=\"og:description\" content=\"Anter System na Handling Expo 2025 w Kairze W dniach 18-21 grudnia 2025 r. mieli\u015bmy przyjemno\u015b\u0107 uczestniczy\u0107 w Handling Expo - Mi\u0119dzynarodowych Targach\" \/>\n<meta property=\"og:url\" content=\"https:\/\/antersystem.com\/pl\/wiedza-i-nowosci\/handling-expo-2025\/\" \/>\n<meta property=\"og:site_name\" content=\"Anter System\" \/>\n<meta property=\"og:image\" content=\"https:\/\/antersystem.com\/wp-content\/uploads\/handling-expo-2025-cover.webp\" \/>\n\t<meta property=\"og:image:width\" content=\"1921\" \/>\n\t<meta property=\"og:image:height\" content=\"1080\" \/>\n\t<meta property=\"og:image:type\" content=\"image\/webp\" \/>\n<meta name=\"twitter:card\" content=\"summary_large_image\" \/>\n<meta name=\"twitter:label1\" content=\"Szacowany czas czytania\" \/>\n\t<meta name=\"twitter:data1\" content=\"1 minuta\" \/>\n<script type=\"application\/ld+json\" class=\"yoast-schema-graph\">{\"@context\":\"https:\/\/schema.org\",\"@graph\":[{\"@type\":\"WebPage\",\"@id\":\"https:\/\/antersystem.com\/pl\/wiedza-i-nowosci\/handling-expo-2025\/\",\"url\":\"https:\/\/antersystem.com\/pl\/wiedza-i-nowosci\/handling-expo-2025\/\",\"name\":\"Handling Expo 2025 - Anter System\",\"isPartOf\":{\"@id\":\"https:\/\/antersystem.com\/pl\/#website\"},\"primaryImageOfPage\":{\"@id\":\"https:\/\/antersystem.com\/pl\/wiedza-i-nowosci\/handling-expo-2025\/#primaryimage\"},\"image\":{\"@id\":\"https:\/\/antersystem.com\/pl\/wiedza-i-nowosci\/handling-expo-2025\/#primaryimage\"},\"thumbnailUrl\":\"https:\/\/antersystem.com\/wp-content\/uploads\/handling-expo-2025-cover.webp\",\"datePublished\":\"2025-12-22T14:36:00+00:00\",\"description\":\"Anter System na Handling Expo 2025 w Kairze W dniach 18-21 grudnia 2025 r. mieli\u015bmy przyjemno\u015b\u0107 uczestniczy\u0107 w Handling Expo - Mi\u0119dzynarodowych Targach\",\"breadcrumb\":{\"@id\":\"https:\/\/antersystem.com\/pl\/wiedza-i-nowosci\/handling-expo-2025\/#breadcrumb\"},\"inLanguage\":\"pl-PL\",\"potentialAction\":[{\"@type\":\"ReadAction\",\"target\":[\"https:\/\/antersystem.com\/pl\/wiedza-i-nowosci\/handling-expo-2025\/\"]}]},{\"@type\":\"ImageObject\",\"inLanguage\":\"pl-PL\",\"@id\":\"https:\/\/antersystem.com\/pl\/wiedza-i-nowosci\/handling-expo-2025\/#primaryimage\",\"url\":\"https:\/\/antersystem.com\/wp-content\/uploads\/handling-expo-2025-cover.webp\",\"contentUrl\":\"https:\/\/antersystem.com\/wp-content\/uploads\/handling-expo-2025-cover.webp\",\"width\":1921,\"height\":1080},{\"@type\":\"BreadcrumbList\",\"@id\":\"https:\/\/antersystem.com\/pl\/wiedza-i-nowosci\/handling-expo-2025\/#breadcrumb\",\"itemListElement\":[{\"@type\":\"ListItem\",\"position\":1,\"name\":\"AnterSystem\",\"item\":\"https:\/\/antersystem.com\/pl\/\"},{\"@type\":\"ListItem\",\"position\":2,\"name\":\"Wiedza i nowo\u015bci\",\"item\":\"https:\/\/antersystem.com\/pl\/wiedza-i-nowosci\/\"},{\"@type\":\"ListItem\",\"position\":3,\"name\":\"Handling Expo 2025\"}]},{\"@type\":\"WebSite\",\"@id\":\"https:\/\/antersystem.com\/pl\/#website\",\"url\":\"https:\/\/antersystem.com\/pl\/\",\"name\":\"Anter System\",\"description\":\"Jeste\u015bmy polskim producentem elastycznych barier ochronnych wykonywanych z polimerowych tworzyw sztucznych. Na rynku krajowym i zagranicznym dzia\u0142amy od ponad 15 lat dbaj\u0105c o zapewnienie bezpiecze\u0144stwa w zak\u0142adach produkcyjnych, magazynach oraz centrach logistycznych.\",\"potentialAction\":[{\"@type\":\"SearchAction\",\"target\":{\"@type\":\"EntryPoint\",\"urlTemplate\":\"https:\/\/antersystem.com\/pl\/?s={search_term_string}\"},\"query-input\":{\"@type\":\"PropertyValueSpecification\",\"valueRequired\":true,\"valueName\":\"search_term_string\"}}],\"inLanguage\":\"pl-PL\"}]}<\/script>\n<!-- \/ Yoast SEO plugin. -->","yoast_head_json":{"title":"Handling Expo 2025 - Anter System","description":"Anter System na Handling Expo 2025 w Kairze W dniach 18-21 grudnia 2025 r. mieli\u015bmy przyjemno\u015b\u0107 uczestniczy\u0107 w Handling Expo - Mi\u0119dzynarodowych Targach","robots":{"index":"index","follow":"follow","max-snippet":"max-snippet:-1","max-image-preview":"max-image-preview:large","max-video-preview":"max-video-preview:-1"},"canonical":"https:\/\/antersystem.com\/pl\/wiedza-i-nowosci\/handling-expo-2025\/","og_locale":"pl_PL","og_type":"article","og_title":"Handling Expo 2025 - Anter System","og_description":"Anter System na Handling Expo 2025 w Kairze W dniach 18-21 grudnia 2025 r. mieli\u015bmy przyjemno\u015b\u0107 uczestniczy\u0107 w Handling Expo - Mi\u0119dzynarodowych Targach","og_url":"https:\/\/antersystem.com\/pl\/wiedza-i-nowosci\/handling-expo-2025\/","og_site_name":"Anter System","og_image":[{"width":1921,"height":1080,"url":"https:\/\/antersystem.com\/wp-content\/uploads\/handling-expo-2025-cover.webp","type":"image\/webp"}],"twitter_card":"summary_large_image","twitter_misc":{"Szacowany czas czytania":"1 minuta"},"schema":{"@context":"https:\/\/schema.org","@graph":[{"@type":"WebPage","@id":"https:\/\/antersystem.com\/pl\/wiedza-i-nowosci\/handling-expo-2025\/","url":"https:\/\/antersystem.com\/pl\/wiedza-i-nowosci\/handling-expo-2025\/","name":"Handling Expo 2025 - Anter System","isPartOf":{"@id":"https:\/\/antersystem.com\/pl\/#website"},"primaryImageOfPage":{"@id":"https:\/\/antersystem.com\/pl\/wiedza-i-nowosci\/handling-expo-2025\/#primaryimage"},"image":{"@id":"https:\/\/antersystem.com\/pl\/wiedza-i-nowosci\/handling-expo-2025\/#primaryimage"},"thumbnailUrl":"https:\/\/antersystem.com\/wp-content\/uploads\/handling-expo-2025-cover.webp","datePublished":"2025-12-22T14:36:00+00:00","description":"Anter System na Handling Expo 2025 w Kairze W dniach 18-21 grudnia 2025 r. mieli\u015bmy przyjemno\u015b\u0107 uczestniczy\u0107 w Handling Expo - Mi\u0119dzynarodowych Targach","breadcrumb":{"@id":"https:\/\/antersystem.com\/pl\/wiedza-i-nowosci\/handling-expo-2025\/#breadcrumb"},"inLanguage":"pl-PL","potentialAction":[{"@type":"ReadAction","target":["https:\/\/antersystem.com\/pl\/wiedza-i-nowosci\/handling-expo-2025\/"]}]},{"@type":"ImageObject","inLanguage":"pl-PL","@id":"https:\/\/antersystem.com\/pl\/wiedza-i-nowosci\/handling-expo-2025\/#primaryimage","url":"https:\/\/antersystem.com\/wp-content\/uploads\/handling-expo-2025-cover.webp","contentUrl":"https:\/\/antersystem.com\/wp-content\/uploads\/handling-expo-2025-cover.webp","width":1921,"height":1080},{"@type":"BreadcrumbList","@id":"https:\/\/antersystem.com\/pl\/wiedza-i-nowosci\/handling-expo-2025\/#breadcrumb","itemListElement":[{"@type":"ListItem","position":1,"name":"AnterSystem","item":"https:\/\/antersystem.com\/pl\/"},{"@type":"ListItem","position":2,"name":"Wiedza i nowo\u015bci","item":"https:\/\/antersystem.com\/pl\/wiedza-i-nowosci\/"},{"@type":"ListItem","position":3,"name":"Handling Expo 2025"}]},{"@type":"WebSite","@id":"https:\/\/antersystem.com\/pl\/#website","url":"https:\/\/antersystem.com\/pl\/","name":"Anter System","description":"Jeste\u015bmy polskim producentem elastycznych barier ochronnych wykonywanych z polimerowych tworzyw sztucznych. Na rynku krajowym i zagranicznym dzia\u0142amy od ponad 15 lat dbaj\u0105c o zapewnienie bezpiecze\u0144stwa w zak\u0142adach produkcyjnych, magazynach oraz centrach logistycznych.","potentialAction":[{"@type":"SearchAction","target":{"@type":"EntryPoint","urlTemplate":"https:\/\/antersystem.com\/pl\/?s={search_term_string}"},"query-input":{"@type":"PropertyValueSpecification","valueRequired":true,"valueName":"search_term_string"}}],"inLanguage":"pl-PL"}]}},"_links":{"self":[{"href":"https:\/\/antersystem.com\/pl\/wp-json\/wp\/v2\/pages\/40360","targetHints":{"allow":["GET"]}}],"collection":[{"href":"https:\/\/antersystem.com\/pl\/wp-json\/wp\/v2\/pages"}],"about":[{"href":"https:\/\/antersystem.com\/pl\/wp-json\/wp\/v2\/types\/page"}],"author":[{"embeddable":true,"href":"https:\/\/antersystem.com\/pl\/wp-json\/wp\/v2\/users\/11"}],"replies":[{"embeddable":true,"href":"https:\/\/antersystem.com\/pl\/wp-json\/wp\/v2\/comments?post=40360"}],"version-history":[{"count":0,"href":"https:\/\/antersystem.com\/pl\/wp-json\/wp\/v2\/pages\/40360\/revisions"}],"up":[{"embeddable":true,"href":"https:\/\/antersystem.com\/pl\/wp-json\/wp\/v2\/pages\/12824"}],"wp:featuredmedia":[{"embeddable":true,"href":"https:\/\/antersystem.com\/pl\/wp-json\/wp\/v2\/media\/40288"}],"wp:attachment":[{"href":"https:\/\/antersystem.com\/pl\/wp-json\/wp\/v2\/media?parent=40360"}],"curies":[{"name":"wp","href":"https:\/\/api.w.org\/{rel}","templated":true}]}}