{"id":40886,"date":"2026-04-16T10:33:36","date_gmt":"2026-04-16T08:33:36","guid":{"rendered":"https:\/\/antersystem.com\/wiedza-i-nowosci\/pa-bollard-sense-warn-wins-gold-medal-sawo\/"},"modified":"2026-04-16T13:54:04","modified_gmt":"2026-04-16T11:54:04","slug":"slup-pa-sense-warn-zloty-medal-sawo","status":"publish","type":"page","link":"https:\/\/antersystem.com\/pl\/wiedza-i-nowosci\/slup-pa-sense-warn-zloty-medal-sawo\/","title":{"rendered":"S\u0142up PA LED z funkcj\u0105 Sense&amp;Warn zdobywa Z\u0142oty Medal targ\u00f3w SAWO 2026"},"content":{"rendered":"<p>Z dum\u0105 informujemy, \u017ce nasz <strong>s\u0142upek PA LED z systemem Sense&amp;Warn<\/strong> zosta\u0142 nagrodzony <strong>Z\u0142otym Medalem<\/strong> na <strong>SAWO 2026<\/strong> &#8211; jednym z najwa\u017cniejszych wydarze\u0144 po\u015bwi\u0119conych bezpiecze\u0144stwu pracy w Europie \u015arodkowo-Wschodniej.<\/p>\n<p>Uznanie to potwierdza to, w co mocno wierzymy: rozwi\u0105zania bezpiecze\u0144stwa powinny nie tylko chroni\u0107 &#8211; powinny aktywnie zapobiega\u0107 wypadkom.<\/p>\n<h2>Od ochrony do zapobiegania<\/h2>\n<p>Nagrodzone rozwi\u0105zanie \u0142\u0105czy w sobie elastyczny s\u0142upek bezpiecze\u0144stwa z inteligentnym systemem ostrzegawczym zaprojektowanym w celu zmniejszenia ryzyka kolizji w \u015brodowiskach przemys\u0142owych. W wielu obiektach ograniczona widoczno\u015b\u0107 pozostaje jednym z kluczowych wyzwa\u0144 dla bezpiecze\u0144stwa &#8211; szczeg\u00f3lnie na skrzy\u017cowaniach, wyj\u015bciach z korytarzy lub w strefach bram. System Sense&amp;Warn rozwi\u0105zuje ten problem, wykrywaj\u0105c zbli\u017caj\u0105ce si\u0119 w\u00f3zki wid\u0142owe i automatycznie aktywuj\u0105c sygnalizacj\u0119 LED. W rezultacie piesi otrzymuj\u0105 wyra\u017ane ostrze\u017cenie, zanim jeszcze pojazd znajdzie si\u0119 w ich polu widzenia.   <\/p>\n<h2>Inteligentne bezpiecze\u0144stwo dostosowane do rzeczywistych warunk\u00f3w<\/h2>\n<p>To, co wyr\u00f3\u017cnia to rozwi\u0105zanie, to jego elastyczno\u015b\u0107 i zdolno\u015b\u0107 adaptacji. Sense&amp;Warn mo\u017ce dzia\u0142a\u0107 w oparciu o r\u00f3\u017cne technologie wykrywania, w tym systemy pozycjonowania UWB, czujniki ruchu lub systemy wizyjne oparte na sztucznej inteligencji. Pozwala to na dostosowanie systemu do specyficznych warunk\u00f3w ka\u017cdego obiektu i zintegrowanie go z istniej\u0105c\u0105 infrastruktur\u0105 bezpiecze\u0144stwa. Jednocze\u015bnie sam s\u0142upek jest wykonany z elastycznego, odpornego na uderzenia polimeru, kt\u00f3ry poch\u0142ania energi\u0119 i powraca do swojego pierwotnego kszta\u0142tu &#8211; zmniejszaj\u0105c uszkodzenia, przestoje i koszty konserwacji.   <\/p>\n<h2>Krok naprz\u00f3d w dziedzinie bezpiecze\u0144stwa przemys\u0142owego<\/h2>\n<p>Z\u0142oty Medal SAWO przyznawany jest rozwi\u0105zaniom, kt\u00f3re wyr\u00f3\u017cniaj\u0105 si\u0119 innowacyjno\u015bci\u0105, jako\u015bci\u0105 i praktyczn\u0105 warto\u015bci\u0105. Dla nas to wyr\u00f3\u017cnienie to nie tylko nagroda &#8211; to potwierdzenie, \u017ce obrany przez nas kierunek jest w\u0142a\u015bciwy. Wierzymy, \u017ce przysz\u0142o\u015b\u0107 bezpiecze\u0144stwa przemys\u0142owego le\u017cy w rozwi\u0105zaniach, kt\u00f3re \u0142\u0105cz\u0105 ochron\u0119 fizyczn\u0105 z inteligentnymi systemami, kt\u00f3re aktywnie wspieraj\u0105 ludzi w ich codziennej pracy.  <\/p>\n<h2>Dzi\u0119kujemy za odwiedzenie nas w Poznaniu<\/h2>\n<p>Podczas SAWO 2026 mieli\u015bmy okazj\u0119 zaprezentowa\u0107 to rozwi\u0105zanie i porozmawia\u0107 z wieloma profesjonalistami o prawdziwych wyzwaniach zwi\u0105zanych z bezpiecze\u0144stwem w ich obiektach.  <strong>Dzi\u0119kujemy wszystkim, kt\u00f3rzy odwiedzili nasze stoisko &#8211; i jury za docenienie naszego rozwi\u0105zania.<\/strong><\/p>\n","protected":false},"excerpt":{"rendered":"<p>Z dum\u0105 informujemy, \u017ce nasz s\u0142upek PA LED z systemem Sense&amp;Warn zosta\u0142 nagrodzony Z\u0142otym Medalem na SAWO 2026 &#8211; jednym z najwa\u017cniejszych wydarze\u0144 po\u015bwi\u0119conych bezpiecze\u0144stwu pracy w Europie \u015arodkowo-Wschodniej. Uznanie to potwierdza to, w co mocno wierzymy: rozwi\u0105zania bezpiecze\u0144stwa powinny nie tylko chroni\u0107 &#8211; powinny aktywnie zapobiega\u0107 wypadkom. Od ochrony do zapobiegania Nagrodzone rozwi\u0105zanie \u0142\u0105czy [&hellip;]<\/p>\n","protected":false},"author":11,"featured_media":40852,"parent":12824,"menu_order":0,"comment_status":"closed","ping_status":"closed","template":"","meta":{"inline_featured_image":false,"ngg_post_thumbnail":0,"footnotes":""},"class_list":["post-40886","page","type-page","status-publish","has-post-thumbnail","hentry"],"acf":[],"yoast_head":"<!-- This site is optimized with the Yoast SEO plugin v27.0 - https:\/\/yoast.com\/product\/yoast-seo-wordpress\/ -->\n<title>S\u0142up PA LED z funkcj\u0105 Sense&amp;Warn zdobywa Z\u0142oty Medal targ\u00f3w SAWO 2026 - Anter System<\/title>\n<meta name=\"description\" content=\"Z dum\u0105 informujemy, \u017ce nasz s\u0142upek PA LED z systemem Sense&amp;Warn zosta\u0142 nagrodzony Z\u0142otym Medalem na SAWO 2026 - jednym z najwa\u017cniejszych wydarze\u0144\" \/>\n<meta name=\"robots\" content=\"index, follow, max-snippet:-1, max-image-preview:large, max-video-preview:-1\" \/>\n<link rel=\"canonical\" href=\"https:\/\/antersystem.com\/pl\/wiedza-i-nowosci\/slup-pa-sense-warn-zloty-medal-sawo\/\" \/>\n<meta property=\"og:locale\" content=\"pl_PL\" \/>\n<meta property=\"og:type\" content=\"article\" \/>\n<meta property=\"og:title\" content=\"S\u0142up PA LED z funkcj\u0105 Sense&amp;Warn zdobywa Z\u0142oty Medal targ\u00f3w SAWO 2026 - Anter System\" \/>\n<meta property=\"og:description\" content=\"Z dum\u0105 informujemy, \u017ce nasz s\u0142upek PA LED z systemem Sense&amp;Warn zosta\u0142 nagrodzony Z\u0142otym Medalem na SAWO 2026 - jednym z najwa\u017cniejszych wydarze\u0144\" \/>\n<meta property=\"og:url\" content=\"https:\/\/antersystem.com\/pl\/wiedza-i-nowosci\/slup-pa-sense-warn-zloty-medal-sawo\/\" \/>\n<meta property=\"og:site_name\" content=\"Anter System\" \/>\n<meta property=\"article:modified_time\" content=\"2026-04-16T11:54:04+00:00\" \/>\n<meta property=\"og:image\" content=\"https:\/\/antersystem.com\/wp-content\/uploads\/sawo-2026-gold-medal.webp\" \/>\n\t<meta property=\"og:image:width\" content=\"1920\" \/>\n\t<meta property=\"og:image:height\" content=\"1080\" \/>\n\t<meta property=\"og:image:type\" content=\"image\/webp\" \/>\n<meta name=\"twitter:card\" content=\"summary_large_image\" \/>\n<meta name=\"twitter:label1\" content=\"Szacowany czas czytania\" \/>\n\t<meta name=\"twitter:data1\" content=\"2 minuty\" \/>\n<script type=\"application\/ld+json\" class=\"yoast-schema-graph\">{\"@context\":\"https:\/\/schema.org\",\"@graph\":[{\"@type\":\"WebPage\",\"@id\":\"https:\/\/antersystem.com\/pl\/wiedza-i-nowosci\/slup-pa-sense-warn-zloty-medal-sawo\/\",\"url\":\"https:\/\/antersystem.com\/pl\/wiedza-i-nowosci\/slup-pa-sense-warn-zloty-medal-sawo\/\",\"name\":\"S\u0142up PA LED z funkcj\u0105 Sense&amp;Warn zdobywa Z\u0142oty Medal targ\u00f3w SAWO 2026 - Anter System\",\"isPartOf\":{\"@id\":\"https:\/\/antersystem.com\/pl\/#website\"},\"primaryImageOfPage\":{\"@id\":\"https:\/\/antersystem.com\/pl\/wiedza-i-nowosci\/slup-pa-sense-warn-zloty-medal-sawo\/#primaryimage\"},\"image\":{\"@id\":\"https:\/\/antersystem.com\/pl\/wiedza-i-nowosci\/slup-pa-sense-warn-zloty-medal-sawo\/#primaryimage\"},\"thumbnailUrl\":\"https:\/\/antersystem.com\/wp-content\/uploads\/sawo-2026-gold-medal.webp\",\"datePublished\":\"2026-04-16T08:33:36+00:00\",\"dateModified\":\"2026-04-16T11:54:04+00:00\",\"description\":\"Z dum\u0105 informujemy, \u017ce nasz s\u0142upek PA LED z systemem Sense&amp;Warn zosta\u0142 nagrodzony Z\u0142otym Medalem na SAWO 2026 - jednym z najwa\u017cniejszych wydarze\u0144\",\"breadcrumb\":{\"@id\":\"https:\/\/antersystem.com\/pl\/wiedza-i-nowosci\/slup-pa-sense-warn-zloty-medal-sawo\/#breadcrumb\"},\"inLanguage\":\"pl-PL\",\"potentialAction\":[{\"@type\":\"ReadAction\",\"target\":[\"https:\/\/antersystem.com\/pl\/wiedza-i-nowosci\/slup-pa-sense-warn-zloty-medal-sawo\/\"]}]},{\"@type\":\"ImageObject\",\"inLanguage\":\"pl-PL\",\"@id\":\"https:\/\/antersystem.com\/pl\/wiedza-i-nowosci\/slup-pa-sense-warn-zloty-medal-sawo\/#primaryimage\",\"url\":\"https:\/\/antersystem.com\/wp-content\/uploads\/sawo-2026-gold-medal.webp\",\"contentUrl\":\"https:\/\/antersystem.com\/wp-content\/uploads\/sawo-2026-gold-medal.webp\",\"width\":1920,\"height\":1080},{\"@type\":\"BreadcrumbList\",\"@id\":\"https:\/\/antersystem.com\/pl\/wiedza-i-nowosci\/slup-pa-sense-warn-zloty-medal-sawo\/#breadcrumb\",\"itemListElement\":[{\"@type\":\"ListItem\",\"position\":1,\"name\":\"AnterSystem\",\"item\":\"https:\/\/antersystem.com\/pl\/\"},{\"@type\":\"ListItem\",\"position\":2,\"name\":\"Wiedza i nowo\u015bci\",\"item\":\"https:\/\/antersystem.com\/pl\/wiedza-i-nowosci\/\"},{\"@type\":\"ListItem\",\"position\":3,\"name\":\"S\u0142up PA LED z funkcj\u0105 Sense&amp;Warn zdobywa Z\u0142oty Medal targ\u00f3w SAWO 2026\"}]},{\"@type\":\"WebSite\",\"@id\":\"https:\/\/antersystem.com\/pl\/#website\",\"url\":\"https:\/\/antersystem.com\/pl\/\",\"name\":\"Anter System\",\"description\":\"Jeste\u015bmy polskim producentem elastycznych barier ochronnych wykonywanych z polimerowych tworzyw sztucznych. Na rynku krajowym i zagranicznym dzia\u0142amy od ponad 15 lat dbaj\u0105c o zapewnienie bezpiecze\u0144stwa w zak\u0142adach produkcyjnych, magazynach oraz centrach logistycznych.\",\"potentialAction\":[{\"@type\":\"SearchAction\",\"target\":{\"@type\":\"EntryPoint\",\"urlTemplate\":\"https:\/\/antersystem.com\/pl\/?s={search_term_string}\"},\"query-input\":{\"@type\":\"PropertyValueSpecification\",\"valueRequired\":true,\"valueName\":\"search_term_string\"}}],\"inLanguage\":\"pl-PL\"}]}<\/script>\n<!-- \/ Yoast SEO plugin. -->","yoast_head_json":{"title":"S\u0142up PA LED z funkcj\u0105 Sense&amp;Warn zdobywa Z\u0142oty Medal targ\u00f3w SAWO 2026 - Anter System","description":"Z dum\u0105 informujemy, \u017ce nasz s\u0142upek PA LED z systemem Sense&amp;Warn zosta\u0142 nagrodzony Z\u0142otym Medalem na SAWO 2026 - jednym z najwa\u017cniejszych wydarze\u0144","robots":{"index":"index","follow":"follow","max-snippet":"max-snippet:-1","max-image-preview":"max-image-preview:large","max-video-preview":"max-video-preview:-1"},"canonical":"https:\/\/antersystem.com\/pl\/wiedza-i-nowosci\/slup-pa-sense-warn-zloty-medal-sawo\/","og_locale":"pl_PL","og_type":"article","og_title":"S\u0142up PA LED z funkcj\u0105 Sense&amp;Warn zdobywa Z\u0142oty Medal targ\u00f3w SAWO 2026 - Anter System","og_description":"Z dum\u0105 informujemy, \u017ce nasz s\u0142upek PA LED z systemem Sense&amp;Warn zosta\u0142 nagrodzony Z\u0142otym Medalem na SAWO 2026 - jednym z najwa\u017cniejszych wydarze\u0144","og_url":"https:\/\/antersystem.com\/pl\/wiedza-i-nowosci\/slup-pa-sense-warn-zloty-medal-sawo\/","og_site_name":"Anter System","article_modified_time":"2026-04-16T11:54:04+00:00","og_image":[{"width":1920,"height":1080,"url":"https:\/\/antersystem.com\/wp-content\/uploads\/sawo-2026-gold-medal.webp","type":"image\/webp"}],"twitter_card":"summary_large_image","twitter_misc":{"Szacowany czas czytania":"2 minuty"},"schema":{"@context":"https:\/\/schema.org","@graph":[{"@type":"WebPage","@id":"https:\/\/antersystem.com\/pl\/wiedza-i-nowosci\/slup-pa-sense-warn-zloty-medal-sawo\/","url":"https:\/\/antersystem.com\/pl\/wiedza-i-nowosci\/slup-pa-sense-warn-zloty-medal-sawo\/","name":"S\u0142up PA LED z funkcj\u0105 Sense&amp;Warn zdobywa Z\u0142oty Medal targ\u00f3w SAWO 2026 - Anter System","isPartOf":{"@id":"https:\/\/antersystem.com\/pl\/#website"},"primaryImageOfPage":{"@id":"https:\/\/antersystem.com\/pl\/wiedza-i-nowosci\/slup-pa-sense-warn-zloty-medal-sawo\/#primaryimage"},"image":{"@id":"https:\/\/antersystem.com\/pl\/wiedza-i-nowosci\/slup-pa-sense-warn-zloty-medal-sawo\/#primaryimage"},"thumbnailUrl":"https:\/\/antersystem.com\/wp-content\/uploads\/sawo-2026-gold-medal.webp","datePublished":"2026-04-16T08:33:36+00:00","dateModified":"2026-04-16T11:54:04+00:00","description":"Z dum\u0105 informujemy, \u017ce nasz s\u0142upek PA LED z systemem Sense&amp;Warn zosta\u0142 nagrodzony Z\u0142otym Medalem na SAWO 2026 - jednym z najwa\u017cniejszych wydarze\u0144","breadcrumb":{"@id":"https:\/\/antersystem.com\/pl\/wiedza-i-nowosci\/slup-pa-sense-warn-zloty-medal-sawo\/#breadcrumb"},"inLanguage":"pl-PL","potentialAction":[{"@type":"ReadAction","target":["https:\/\/antersystem.com\/pl\/wiedza-i-nowosci\/slup-pa-sense-warn-zloty-medal-sawo\/"]}]},{"@type":"ImageObject","inLanguage":"pl-PL","@id":"https:\/\/antersystem.com\/pl\/wiedza-i-nowosci\/slup-pa-sense-warn-zloty-medal-sawo\/#primaryimage","url":"https:\/\/antersystem.com\/wp-content\/uploads\/sawo-2026-gold-medal.webp","contentUrl":"https:\/\/antersystem.com\/wp-content\/uploads\/sawo-2026-gold-medal.webp","width":1920,"height":1080},{"@type":"BreadcrumbList","@id":"https:\/\/antersystem.com\/pl\/wiedza-i-nowosci\/slup-pa-sense-warn-zloty-medal-sawo\/#breadcrumb","itemListElement":[{"@type":"ListItem","position":1,"name":"AnterSystem","item":"https:\/\/antersystem.com\/pl\/"},{"@type":"ListItem","position":2,"name":"Wiedza i nowo\u015bci","item":"https:\/\/antersystem.com\/pl\/wiedza-i-nowosci\/"},{"@type":"ListItem","position":3,"name":"S\u0142up PA LED z funkcj\u0105 Sense&amp;Warn zdobywa Z\u0142oty Medal targ\u00f3w SAWO 2026"}]},{"@type":"WebSite","@id":"https:\/\/antersystem.com\/pl\/#website","url":"https:\/\/antersystem.com\/pl\/","name":"Anter System","description":"Jeste\u015bmy polskim producentem elastycznych barier ochronnych wykonywanych z polimerowych tworzyw sztucznych. Na rynku krajowym i zagranicznym dzia\u0142amy od ponad 15 lat dbaj\u0105c o zapewnienie bezpiecze\u0144stwa w zak\u0142adach produkcyjnych, magazynach oraz centrach logistycznych.","potentialAction":[{"@type":"SearchAction","target":{"@type":"EntryPoint","urlTemplate":"https:\/\/antersystem.com\/pl\/?s={search_term_string}"},"query-input":{"@type":"PropertyValueSpecification","valueRequired":true,"valueName":"search_term_string"}}],"inLanguage":"pl-PL"}]}},"_links":{"self":[{"href":"https:\/\/antersystem.com\/pl\/wp-json\/wp\/v2\/pages\/40886","targetHints":{"allow":["GET"]}}],"collection":[{"href":"https:\/\/antersystem.com\/pl\/wp-json\/wp\/v2\/pages"}],"about":[{"href":"https:\/\/antersystem.com\/pl\/wp-json\/wp\/v2\/types\/page"}],"author":[{"embeddable":true,"href":"https:\/\/antersystem.com\/pl\/wp-json\/wp\/v2\/users\/11"}],"replies":[{"embeddable":true,"href":"https:\/\/antersystem.com\/pl\/wp-json\/wp\/v2\/comments?post=40886"}],"version-history":[{"count":3,"href":"https:\/\/antersystem.com\/pl\/wp-json\/wp\/v2\/pages\/40886\/revisions"}],"predecessor-version":[{"id":40986,"href":"https:\/\/antersystem.com\/pl\/wp-json\/wp\/v2\/pages\/40886\/revisions\/40986"}],"up":[{"embeddable":true,"href":"https:\/\/antersystem.com\/pl\/wp-json\/wp\/v2\/pages\/12824"}],"wp:featuredmedia":[{"embeddable":true,"href":"https:\/\/antersystem.com\/pl\/wp-json\/wp\/v2\/media\/40852"}],"wp:attachment":[{"href":"https:\/\/antersystem.com\/pl\/wp-json\/wp\/v2\/media?parent=40886"}],"curies":[{"name":"wp","href":"https:\/\/api.w.org\/{rel}","templated":true}]}}