{"id":40897,"date":"2026-03-31T10:10:47","date_gmt":"2026-03-31T08:10:47","guid":{"rendered":"https:\/\/antersystem.com\/wiedza-i-nowosci\/see-you-at-nordbygg-2026\/"},"modified":"2026-04-16T11:03:02","modified_gmt":"2026-04-16T09:03:02","slug":"do-zobaczenia-na-nordbygg-2026","status":"publish","type":"page","link":"https:\/\/antersystem.com\/pl\/wiedza-i-nowosci\/do-zobaczenia-na-nordbygg-2026\/","title":{"rendered":"Do zobaczenia na Nordbygg 2026 w Szwecji"},"content":{"rendered":"<p>Anter System b\u0119dzie wystawc\u0105 na targach <strong>Nordbygg 2026<\/strong>, kt\u00f3re odb\u0119d\u0105 si\u0119 w <strong>Sztokholmie w Szwecji<\/strong>. Jako jedne z najwa\u017cniejszych targ\u00f3w bran\u017cy budowlanej w regionie nordyckim, Nordbygg gromadzi profesjonalist\u00f3w poszukuj\u0105cych innowacyjnych i praktycznych rozwi\u0105za\u0144. <\/p>\n<p>Podczas wydarzenia odwiedzaj\u0105cy b\u0119d\u0105 mogli spotka\u0107 Anter System na stoisku <strong>Polskiej Agencji Rozwoju Przedsi\u0119biorczo\u015bci<\/strong>. Zaprezentujemy nasze rozwi\u0105zania z zakresu bezpiecze\u0144stwa przeznaczone do ochrony ludzi, infrastruktury i operacji w magazynach, zak\u0142adach produkcyjnych i \u015brodowiskach logistycznych. <\/p>\n<p>Je\u015bli odwiedzasz Nordbygg, serdecznie zapraszamy do spotkania z naszym zespo\u0142em w <strong>hali C, stoisko C03:61<\/strong>. Z niecierpliwo\u015bci\u0105 czekamy na spotkanie w Szwecji. <\/p>\n","protected":false},"excerpt":{"rendered":"<p>Anter System b\u0119dzie wystawc\u0105 na targach Nordbygg 2026, kt\u00f3re odb\u0119d\u0105 si\u0119 w Sztokholmie w Szwecji. Jako jedne z najwa\u017cniejszych targ\u00f3w bran\u017cy budowlanej w regionie nordyckim, Nordbygg gromadzi profesjonalist\u00f3w poszukuj\u0105cych innowacyjnych i praktycznych rozwi\u0105za\u0144. Podczas wydarzenia odwiedzaj\u0105cy b\u0119d\u0105 mogli spotka\u0107 Anter System na stoisku Polskiej Agencji Rozwoju Przedsi\u0119biorczo\u015bci. Zaprezentujemy nasze rozwi\u0105zania z zakresu bezpiecze\u0144stwa przeznaczone do [&hellip;]<\/p>\n","protected":false},"author":11,"featured_media":40834,"parent":12824,"menu_order":0,"comment_status":"closed","ping_status":"closed","template":"","meta":{"inline_featured_image":false,"ngg_post_thumbnail":0,"footnotes":""},"class_list":["post-40897","page","type-page","status-publish","has-post-thumbnail","hentry"],"acf":[],"yoast_head":"<!-- This site is optimized with the Yoast SEO plugin v27.0 - https:\/\/yoast.com\/product\/yoast-seo-wordpress\/ -->\n<title>Do zobaczenia na Nordbygg 2026 w Szwecji - Anter System<\/title>\n<meta name=\"description\" content=\"Anter System b\u0119dzie wystawc\u0105 na targach Nordbygg 2026, kt\u00f3re odb\u0119d\u0105 si\u0119 w Sztokholmie w Szwecji. Jako jedne z najwa\u017cniejszych targ\u00f3w bran\u017cy budowlanej w\" \/>\n<meta name=\"robots\" content=\"index, follow, max-snippet:-1, max-image-preview:large, max-video-preview:-1\" \/>\n<link rel=\"canonical\" href=\"https:\/\/antersystem.com\/pl\/wiedza-i-nowosci\/do-zobaczenia-na-nordbygg-2026\/\" \/>\n<meta property=\"og:locale\" content=\"pl_PL\" \/>\n<meta property=\"og:type\" content=\"article\" \/>\n<meta property=\"og:title\" content=\"Do zobaczenia na Nordbygg 2026 w Szwecji - Anter System\" \/>\n<meta property=\"og:description\" content=\"Anter System b\u0119dzie wystawc\u0105 na targach Nordbygg 2026, kt\u00f3re odb\u0119d\u0105 si\u0119 w Sztokholmie w Szwecji. Jako jedne z najwa\u017cniejszych targ\u00f3w bran\u017cy budowlanej w\" \/>\n<meta property=\"og:url\" content=\"https:\/\/antersystem.com\/pl\/wiedza-i-nowosci\/do-zobaczenia-na-nordbygg-2026\/\" \/>\n<meta property=\"og:site_name\" content=\"Anter System\" \/>\n<meta property=\"article:modified_time\" content=\"2026-04-16T09:03:02+00:00\" \/>\n<meta property=\"og:image\" content=\"https:\/\/antersystem.com\/wp-content\/uploads\/norbygg-logo.webp\" \/>\n\t<meta property=\"og:image:width\" content=\"961\" \/>\n\t<meta property=\"og:image:height\" content=\"541\" \/>\n\t<meta property=\"og:image:type\" content=\"image\/webp\" \/>\n<meta name=\"twitter:card\" content=\"summary_large_image\" \/>\n<meta name=\"twitter:label1\" content=\"Szacowany czas czytania\" \/>\n\t<meta name=\"twitter:data1\" content=\"1 minuta\" \/>\n<script type=\"application\/ld+json\" class=\"yoast-schema-graph\">{\"@context\":\"https:\/\/schema.org\",\"@graph\":[{\"@type\":\"WebPage\",\"@id\":\"https:\/\/antersystem.com\/pl\/wiedza-i-nowosci\/do-zobaczenia-na-nordbygg-2026\/\",\"url\":\"https:\/\/antersystem.com\/pl\/wiedza-i-nowosci\/do-zobaczenia-na-nordbygg-2026\/\",\"name\":\"Do zobaczenia na Nordbygg 2026 w Szwecji - Anter System\",\"isPartOf\":{\"@id\":\"https:\/\/antersystem.com\/pl\/#website\"},\"primaryImageOfPage\":{\"@id\":\"https:\/\/antersystem.com\/pl\/wiedza-i-nowosci\/do-zobaczenia-na-nordbygg-2026\/#primaryimage\"},\"image\":{\"@id\":\"https:\/\/antersystem.com\/pl\/wiedza-i-nowosci\/do-zobaczenia-na-nordbygg-2026\/#primaryimage\"},\"thumbnailUrl\":\"https:\/\/antersystem.com\/wp-content\/uploads\/norbygg-logo.webp\",\"datePublished\":\"2026-03-31T08:10:47+00:00\",\"dateModified\":\"2026-04-16T09:03:02+00:00\",\"description\":\"Anter System b\u0119dzie wystawc\u0105 na targach Nordbygg 2026, kt\u00f3re odb\u0119d\u0105 si\u0119 w Sztokholmie w Szwecji. Jako jedne z najwa\u017cniejszych targ\u00f3w bran\u017cy budowlanej w\",\"breadcrumb\":{\"@id\":\"https:\/\/antersystem.com\/pl\/wiedza-i-nowosci\/do-zobaczenia-na-nordbygg-2026\/#breadcrumb\"},\"inLanguage\":\"pl-PL\",\"potentialAction\":[{\"@type\":\"ReadAction\",\"target\":[\"https:\/\/antersystem.com\/pl\/wiedza-i-nowosci\/do-zobaczenia-na-nordbygg-2026\/\"]}]},{\"@type\":\"ImageObject\",\"inLanguage\":\"pl-PL\",\"@id\":\"https:\/\/antersystem.com\/pl\/wiedza-i-nowosci\/do-zobaczenia-na-nordbygg-2026\/#primaryimage\",\"url\":\"https:\/\/antersystem.com\/wp-content\/uploads\/norbygg-logo.webp\",\"contentUrl\":\"https:\/\/antersystem.com\/wp-content\/uploads\/norbygg-logo.webp\",\"width\":961,\"height\":541},{\"@type\":\"BreadcrumbList\",\"@id\":\"https:\/\/antersystem.com\/pl\/wiedza-i-nowosci\/do-zobaczenia-na-nordbygg-2026\/#breadcrumb\",\"itemListElement\":[{\"@type\":\"ListItem\",\"position\":1,\"name\":\"AnterSystem\",\"item\":\"https:\/\/antersystem.com\/pl\/\"},{\"@type\":\"ListItem\",\"position\":2,\"name\":\"Wiedza i nowo\u015bci\",\"item\":\"https:\/\/antersystem.com\/pl\/wiedza-i-nowosci\/\"},{\"@type\":\"ListItem\",\"position\":3,\"name\":\"Do zobaczenia na Nordbygg 2026 w Szwecji\"}]},{\"@type\":\"WebSite\",\"@id\":\"https:\/\/antersystem.com\/pl\/#website\",\"url\":\"https:\/\/antersystem.com\/pl\/\",\"name\":\"Anter System\",\"description\":\"Jeste\u015bmy polskim producentem elastycznych barier ochronnych wykonywanych z polimerowych tworzyw sztucznych. Na rynku krajowym i zagranicznym dzia\u0142amy od ponad 15 lat dbaj\u0105c o zapewnienie bezpiecze\u0144stwa w zak\u0142adach produkcyjnych, magazynach oraz centrach logistycznych.\",\"potentialAction\":[{\"@type\":\"SearchAction\",\"target\":{\"@type\":\"EntryPoint\",\"urlTemplate\":\"https:\/\/antersystem.com\/pl\/?s={search_term_string}\"},\"query-input\":{\"@type\":\"PropertyValueSpecification\",\"valueRequired\":true,\"valueName\":\"search_term_string\"}}],\"inLanguage\":\"pl-PL\"}]}<\/script>\n<!-- \/ Yoast SEO plugin. -->","yoast_head_json":{"title":"Do zobaczenia na Nordbygg 2026 w Szwecji - Anter System","description":"Anter System b\u0119dzie wystawc\u0105 na targach Nordbygg 2026, kt\u00f3re odb\u0119d\u0105 si\u0119 w Sztokholmie w Szwecji. Jako jedne z najwa\u017cniejszych targ\u00f3w bran\u017cy budowlanej w","robots":{"index":"index","follow":"follow","max-snippet":"max-snippet:-1","max-image-preview":"max-image-preview:large","max-video-preview":"max-video-preview:-1"},"canonical":"https:\/\/antersystem.com\/pl\/wiedza-i-nowosci\/do-zobaczenia-na-nordbygg-2026\/","og_locale":"pl_PL","og_type":"article","og_title":"Do zobaczenia na Nordbygg 2026 w Szwecji - Anter System","og_description":"Anter System b\u0119dzie wystawc\u0105 na targach Nordbygg 2026, kt\u00f3re odb\u0119d\u0105 si\u0119 w Sztokholmie w Szwecji. Jako jedne z najwa\u017cniejszych targ\u00f3w bran\u017cy budowlanej w","og_url":"https:\/\/antersystem.com\/pl\/wiedza-i-nowosci\/do-zobaczenia-na-nordbygg-2026\/","og_site_name":"Anter System","article_modified_time":"2026-04-16T09:03:02+00:00","og_image":[{"width":961,"height":541,"url":"https:\/\/antersystem.com\/wp-content\/uploads\/norbygg-logo.webp","type":"image\/webp"}],"twitter_card":"summary_large_image","twitter_misc":{"Szacowany czas czytania":"1 minuta"},"schema":{"@context":"https:\/\/schema.org","@graph":[{"@type":"WebPage","@id":"https:\/\/antersystem.com\/pl\/wiedza-i-nowosci\/do-zobaczenia-na-nordbygg-2026\/","url":"https:\/\/antersystem.com\/pl\/wiedza-i-nowosci\/do-zobaczenia-na-nordbygg-2026\/","name":"Do zobaczenia na Nordbygg 2026 w Szwecji - Anter System","isPartOf":{"@id":"https:\/\/antersystem.com\/pl\/#website"},"primaryImageOfPage":{"@id":"https:\/\/antersystem.com\/pl\/wiedza-i-nowosci\/do-zobaczenia-na-nordbygg-2026\/#primaryimage"},"image":{"@id":"https:\/\/antersystem.com\/pl\/wiedza-i-nowosci\/do-zobaczenia-na-nordbygg-2026\/#primaryimage"},"thumbnailUrl":"https:\/\/antersystem.com\/wp-content\/uploads\/norbygg-logo.webp","datePublished":"2026-03-31T08:10:47+00:00","dateModified":"2026-04-16T09:03:02+00:00","description":"Anter System b\u0119dzie wystawc\u0105 na targach Nordbygg 2026, kt\u00f3re odb\u0119d\u0105 si\u0119 w Sztokholmie w Szwecji. Jako jedne z najwa\u017cniejszych targ\u00f3w bran\u017cy budowlanej w","breadcrumb":{"@id":"https:\/\/antersystem.com\/pl\/wiedza-i-nowosci\/do-zobaczenia-na-nordbygg-2026\/#breadcrumb"},"inLanguage":"pl-PL","potentialAction":[{"@type":"ReadAction","target":["https:\/\/antersystem.com\/pl\/wiedza-i-nowosci\/do-zobaczenia-na-nordbygg-2026\/"]}]},{"@type":"ImageObject","inLanguage":"pl-PL","@id":"https:\/\/antersystem.com\/pl\/wiedza-i-nowosci\/do-zobaczenia-na-nordbygg-2026\/#primaryimage","url":"https:\/\/antersystem.com\/wp-content\/uploads\/norbygg-logo.webp","contentUrl":"https:\/\/antersystem.com\/wp-content\/uploads\/norbygg-logo.webp","width":961,"height":541},{"@type":"BreadcrumbList","@id":"https:\/\/antersystem.com\/pl\/wiedza-i-nowosci\/do-zobaczenia-na-nordbygg-2026\/#breadcrumb","itemListElement":[{"@type":"ListItem","position":1,"name":"AnterSystem","item":"https:\/\/antersystem.com\/pl\/"},{"@type":"ListItem","position":2,"name":"Wiedza i nowo\u015bci","item":"https:\/\/antersystem.com\/pl\/wiedza-i-nowosci\/"},{"@type":"ListItem","position":3,"name":"Do zobaczenia na Nordbygg 2026 w Szwecji"}]},{"@type":"WebSite","@id":"https:\/\/antersystem.com\/pl\/#website","url":"https:\/\/antersystem.com\/pl\/","name":"Anter System","description":"Jeste\u015bmy polskim producentem elastycznych barier ochronnych wykonywanych z polimerowych tworzyw sztucznych. Na rynku krajowym i zagranicznym dzia\u0142amy od ponad 15 lat dbaj\u0105c o zapewnienie bezpiecze\u0144stwa w zak\u0142adach produkcyjnych, magazynach oraz centrach logistycznych.","potentialAction":[{"@type":"SearchAction","target":{"@type":"EntryPoint","urlTemplate":"https:\/\/antersystem.com\/pl\/?s={search_term_string}"},"query-input":{"@type":"PropertyValueSpecification","valueRequired":true,"valueName":"search_term_string"}}],"inLanguage":"pl-PL"}]}},"_links":{"self":[{"href":"https:\/\/antersystem.com\/pl\/wp-json\/wp\/v2\/pages\/40897","targetHints":{"allow":["GET"]}}],"collection":[{"href":"https:\/\/antersystem.com\/pl\/wp-json\/wp\/v2\/pages"}],"about":[{"href":"https:\/\/antersystem.com\/pl\/wp-json\/wp\/v2\/types\/page"}],"author":[{"embeddable":true,"href":"https:\/\/antersystem.com\/pl\/wp-json\/wp\/v2\/users\/11"}],"replies":[{"embeddable":true,"href":"https:\/\/antersystem.com\/pl\/wp-json\/wp\/v2\/comments?post=40897"}],"version-history":[{"count":2,"href":"https:\/\/antersystem.com\/pl\/wp-json\/wp\/v2\/pages\/40897\/revisions"}],"predecessor-version":[{"id":40941,"href":"https:\/\/antersystem.com\/pl\/wp-json\/wp\/v2\/pages\/40897\/revisions\/40941"}],"up":[{"embeddable":true,"href":"https:\/\/antersystem.com\/pl\/wp-json\/wp\/v2\/pages\/12824"}],"wp:featuredmedia":[{"embeddable":true,"href":"https:\/\/antersystem.com\/pl\/wp-json\/wp\/v2\/media\/40834"}],"wp:attachment":[{"href":"https:\/\/antersystem.com\/pl\/wp-json\/wp\/v2\/media?parent=40897"}],"curies":[{"name":"wp","href":"https:\/\/api.w.org\/{rel}","templated":true}]}}