{"id":40974,"date":"2024-12-12T15:46:51","date_gmt":"2024-12-12T14:46:51","guid":{"rendered":"https:\/\/antersystem.com\/wiedza-i-nowosci\/komentarz-eksperta-anter-system-dla-czasopisma-kaizen\/"},"modified":"2026-04-16T11:27:26","modified_gmt":"2026-04-16T09:27:26","slug":"komentarz-eksperta-anter-system-dla-czasopisma-kaizen","status":"publish","type":"page","link":"https:\/\/antersystem.com\/pl\/wiedza-i-nowosci\/komentarz-eksperta-anter-system-dla-czasopisma-kaizen\/","title":{"rendered":"Komentarz eksperta Anter System dla czasopisma KAIZEN"},"content":{"rendered":"\n<div class=\"wp-block-columns is-layout-flex wp-container-core-columns-is-layout-9d6595d7 wp-block-columns-is-layout-flex\">\n  \n  <div class=\"wp-block-column is-layout-flow wp-block-column-is-layout-flow\" style=\"flex-basis:10%\"><\/div>\n  \n\n  \n  <div class=\"wp-block-column is-layout-flow wp-block-column-is-layout-flow\">\n    \n    <h2 class=\"wp-block-heading\">S\u0142\u00f3w kilka od Anter System na temat bezpiecze\u0144stwa w przemy\u015ble dla magazynu <em>Kaizen<\/em><\/h2>\n    \n\n    \n    <p>Mi\u0142o nam poinformowa\u0107, \u017ce w ostatnim w roku 2024 wydaniu czasopisma \u201e<em>Kaizen<\/em>\u201d (pa\u017adziernik \u2013 listopad 2024 nr 5(70)\/2024) ukaza\u0142 si\u0119 komentarz ekspercki <strong>Natalii Margatis, Project Managera w Anter System<\/strong>. Komentarz jest cz\u0119\u015bci\u0105 artyku\u0142u Micha\u0142a Jurczaka pt. <em>\u201eStrefa ruchu. Jak i czym zabezpieczy\u0107 przestrze\u0144 ruchu urz\u0105dze\u0144 oraz ludzi w halach przemys\u0142owych?\u201d<\/em>, w kt\u00f3rym autor przygl\u0105da si\u0119 <strong>trendom panuj\u0105cym obecnie w obszarze bezpiecze\u0144stwa pracy w przestrzeniach przemys\u0142owych<\/strong>. Przegl\u0105d najnowszych rozwi\u0105za\u0144 obejmuje szeroki zakres dost\u0119pnych narz\u0119dzi \u2013 od system\u00f3w informatycznych po \u015brodki fizycznej ochrony. <\/p>\n    \n\n    \n    <p><strong>Komentarz naszego eksperta<\/strong> dotyczy rosn\u0105cej \u015bwiadomo\u015bci w zakresie konieczno\u015bci zapobiegania wypadkom w nowoczesnych halach przemys\u0142owych, wsp\u00f3\u0142pracy ze specjalistami BHP w ramach prowadzonych audyt\u00f3w bezpiecze\u0144stwa oraz najnowszych rozwi\u0105za\u0144 z oferty modu\u0142owego systemu elastycznych barier ochronnych Anter System.<\/p>\n    \n\n    \n    <blockquote class=\"wp-block-quote is-layout-flow wp-block-quote-is-layout-flow\">\n      \n      <p><em>\u201e[\u2026] Fizyczne bariery ochronne nadal s\u0105 g\u0142\u00f3wnym elementem system\u00f3w zabezpiecze\u0144 w halach. Minimalizuj\u0105 one mo\u017cliwo\u015b\u0107 wypadk\u00f3w z udzia\u0142em pieszych i skutecznie zabezpieczaj\u0105 maszyny, rega\u0142y, infrastruktur\u0119 oraz pozosta\u0142e miejsca nara\u017cone na uszkodzenia. Przy wyborze odpowiednich zabezpiecze\u0144 kluczow\u0105 rol\u0119 odgrywa materia\u0142, z kt\u00f3rego s\u0105 wykonane, pod uwag\u0119 warto wzi\u0105\u0107 trwa\u0142o\u015b\u0107 oferowanych rozwi\u0105za\u0144, \u017cywotno\u015b\u0107 i \u0142atwo\u015b\u0107 konserwacji oraz estetyk\u0119. [\u2026]     <\/em><\/p>\n      \n\n      \n      <p><em>Do zalet tych nowoczesnych system\u00f3w trzeba r\u00f3wnie\u017c zaliczy\u0107 mo\u017cliwo\u015b\u0107 wyposa\u017cenia ich w systemy ostrzegawcze, jak \u015bwiat\u0142a czy sygna\u0142y d\u017awi\u0119kowe. Coraz wi\u0119ksz\u0105 popularno\u015bci\u0105 ciesz\u0105 si\u0119 r\u00f3wnie\u017c takie funkcjonalno\u015bci jak blokowanie bramek bezpiecze\u0144stwa w przypadku wykrycia nadje\u017cd\u017caj\u0105cego pojazdu. Wszystkie te rozwi\u0105zania maj\u0105 na celu jak najskuteczniejsze zapobieganie kolizjom pomi\u0119dzy pieszymi a pojazdami w miejscach szczeg\u00f3lnie nara\u017conych na uderzenia.\u201d  <\/em><\/p>\n      \n      <cite>Natalia Margatis, Project Manager w Anter System, <em>Kaizen<\/em> nr 5(70)\/2024<\/cite>\n    <\/blockquote>\n    \n\n    \n    <p>Ca\u0142y artyku\u0142 ju\u017c teraz do przeczytania w magazynie: <em><a href=\"https:\/\/www.logistyczny.com\/sklep24\/index.php\/kaizen\/2024\/kaizen-5-2024-e-wydanie.html\">Kaizen 5\/2024-e-wydanie \u2013 2024 \u2013 Kaizen<\/a><\/em><\/p>\n    \n\n    \n    <p>W najnowszym wydaniu znale\u017a\u0107 du\u017co wi\u0119cej ciekawych temat\u00f3w istotnych dla specjalist\u00f3w z bran\u017cy przemys\u0142owej dotycz\u0105cych zarz\u0105dzania, automatyzacji i robotyki, AI w przemy\u015ble oraz ciekawe podsumowanie roku w artykule <em>\u201e5 tendencji. Nowe technologie w logistyce i przemy\u015ble w 2024 \u2013 od AI po elektryfikacj\u0119\u201d<\/em>. Zach\u0119camy do lektury!<\/p>\n    \n\n    \n    <p>&#8212;&#8212;&#8212;&#8212;&#8212;&#8212;&#8212;&#8212;&#8212;&#8212;&#8212;&#8212;-<\/p>\n    \n\n    \n    <p><em>\u201cKaizen. Czasopismo o narz\u0119dziach ci\u0105g\u0142ego doskonalenia w lean manufacturingu\u201d<\/em> to jedyne na polskim rynku czasopismo dla Koordynator\u00f3w Kaizen\/Lean i innych os\u00f3b wdra\u017caj\u0105cych strategi\u0119 chudego zarz\u0105dzania przedsi\u0119biorstwem, ze szczeg\u00f3lnym uwzgl\u0119dnieniem obszar\u00f3w i proces\u00f3w produkcyjnych. Dope\u0142nieniem problematyki z zakresu zarz\u0105dzania s\u0105 materia\u0142y dotycz\u0105ce infrastruktury sprz\u0119towej, wykorzystywanej na liniach produkcyjnych, rozwi\u0105za\u0144 automatyzuj\u0105cych przep\u0142yw materia\u0142\u00f3w do produkcji i wyrob\u00f3w gotowych oraz system\u00f3w informatycznych steruj\u0105cych procesami produkcji <\/p>\n    \n\n    \n    <p><em>\u0179r\u00f3d\u0142o: <a href=\"https:\/\/www.logistyczny.com\/\">www.logistyczny.com<\/a><\/em><\/p>\n    \n  <\/div>\n  \n\n  \n  <div class=\"wp-block-column is-layout-flow wp-block-column-is-layout-flow\" style=\"flex-basis:10%\"><\/div>\n  \n<\/div>\n","protected":false},"excerpt":{"rendered":"<p>S\u0142\u00f3w kilka od Anter System na temat bezpiecze\u0144stwa w przemy\u015ble dla magazynu Kaizen Mi\u0142o nam poinformowa\u0107, \u017ce w ostatnim w roku 2024 wydaniu czasopisma \u201eKaizen\u201d (pa\u017adziernik \u2013 listopad 2024 nr 5(70)\/2024) ukaza\u0142 si\u0119 komentarz ekspercki Natalii Margatis, Project Managera w Anter System. Komentarz jest cz\u0119\u015bci\u0105 artyku\u0142u Micha\u0142a Jurczaka pt. \u201eStrefa ruchu. Jak i czym zabezpieczy\u0107 [&hellip;]<\/p>\n","protected":false},"author":1,"featured_media":0,"parent":12824,"menu_order":0,"comment_status":"closed","ping_status":"closed","template":"","meta":{"inline_featured_image":false,"ngg_post_thumbnail":0,"footnotes":""},"class_list":["post-40974","page","type-page","status-publish","hentry"],"acf":[],"yoast_head":"<!-- This site is optimized with the Yoast SEO plugin v27.0 - https:\/\/yoast.com\/product\/yoast-seo-wordpress\/ -->\n<title>Komentarz eksperta Anter System dla czasopisma KAIZEN - Anter System<\/title>\n<meta name=\"description\" content=\"Zapraszamy do lektury najnowszego wydania magazynu KAIZEN, w kt\u00f3rym ukaza\u0142 si\u0119 komentarz ekspercki firmy Anter System\" \/>\n<meta name=\"robots\" content=\"index, follow, max-snippet:-1, max-image-preview:large, max-video-preview:-1\" \/>\n<link rel=\"canonical\" href=\"https:\/\/antersystem.com\/pl\/wiedza-i-nowosci\/komentarz-eksperta-anter-system-dla-czasopisma-kaizen\/\" \/>\n<meta property=\"og:locale\" content=\"pl_PL\" \/>\n<meta property=\"og:type\" content=\"article\" \/>\n<meta property=\"og:title\" content=\"Komentarz eksperta Anter System dla czasopisma KAIZEN - Anter System\" \/>\n<meta property=\"og:description\" content=\"Zapraszamy do lektury najnowszego wydania magazynu KAIZEN, w kt\u00f3rym ukaza\u0142 si\u0119 komentarz ekspercki firmy Anter System\" \/>\n<meta property=\"og:url\" content=\"https:\/\/antersystem.com\/pl\/wiedza-i-nowosci\/komentarz-eksperta-anter-system-dla-czasopisma-kaizen\/\" \/>\n<meta property=\"og:site_name\" content=\"Anter System\" \/>\n<meta property=\"article:modified_time\" content=\"2026-04-16T09:27:26+00:00\" \/>\n<meta name=\"twitter:card\" content=\"summary_large_image\" \/>\n<meta name=\"twitter:label1\" content=\"Szacowany czas czytania\" \/>\n\t<meta name=\"twitter:data1\" content=\"2 minuty\" \/>\n<script type=\"application\/ld+json\" class=\"yoast-schema-graph\">{\"@context\":\"https:\/\/schema.org\",\"@graph\":[{\"@type\":\"WebPage\",\"@id\":\"https:\/\/antersystem.com\/pl\/wiedza-i-nowosci\/komentarz-eksperta-anter-system-dla-czasopisma-kaizen\/\",\"url\":\"https:\/\/antersystem.com\/pl\/wiedza-i-nowosci\/komentarz-eksperta-anter-system-dla-czasopisma-kaizen\/\",\"name\":\"Komentarz eksperta Anter System dla czasopisma KAIZEN - Anter System\",\"isPartOf\":{\"@id\":\"https:\/\/antersystem.com\/pl\/#website\"},\"datePublished\":\"2024-12-12T14:46:51+00:00\",\"dateModified\":\"2026-04-16T09:27:26+00:00\",\"description\":\"Zapraszamy do lektury najnowszego wydania magazynu KAIZEN, w kt\u00f3rym ukaza\u0142 si\u0119 komentarz ekspercki firmy Anter System\",\"breadcrumb\":{\"@id\":\"https:\/\/antersystem.com\/pl\/wiedza-i-nowosci\/komentarz-eksperta-anter-system-dla-czasopisma-kaizen\/#breadcrumb\"},\"inLanguage\":\"pl-PL\",\"potentialAction\":[{\"@type\":\"ReadAction\",\"target\":[\"https:\/\/antersystem.com\/pl\/wiedza-i-nowosci\/komentarz-eksperta-anter-system-dla-czasopisma-kaizen\/\"]}]},{\"@type\":\"BreadcrumbList\",\"@id\":\"https:\/\/antersystem.com\/pl\/wiedza-i-nowosci\/komentarz-eksperta-anter-system-dla-czasopisma-kaizen\/#breadcrumb\",\"itemListElement\":[{\"@type\":\"ListItem\",\"position\":1,\"name\":\"AnterSystem\",\"item\":\"https:\/\/antersystem.com\/pl\/\"},{\"@type\":\"ListItem\",\"position\":2,\"name\":\"Wiedza i nowo\u015bci\",\"item\":\"https:\/\/antersystem.com\/pl\/wiedza-i-nowosci\/\"},{\"@type\":\"ListItem\",\"position\":3,\"name\":\"Komentarz eksperta Anter System dla czasopisma KAIZEN\"}]},{\"@type\":\"WebSite\",\"@id\":\"https:\/\/antersystem.com\/pl\/#website\",\"url\":\"https:\/\/antersystem.com\/pl\/\",\"name\":\"Anter System\",\"description\":\"Jeste\u015bmy polskim producentem elastycznych barier ochronnych wykonywanych z polimerowych tworzyw sztucznych. Na rynku krajowym i zagranicznym dzia\u0142amy od ponad 15 lat dbaj\u0105c o zapewnienie bezpiecze\u0144stwa w zak\u0142adach produkcyjnych, magazynach oraz centrach logistycznych.\",\"potentialAction\":[{\"@type\":\"SearchAction\",\"target\":{\"@type\":\"EntryPoint\",\"urlTemplate\":\"https:\/\/antersystem.com\/pl\/?s={search_term_string}\"},\"query-input\":{\"@type\":\"PropertyValueSpecification\",\"valueRequired\":true,\"valueName\":\"search_term_string\"}}],\"inLanguage\":\"pl-PL\"}]}<\/script>\n<!-- \/ Yoast SEO plugin. -->","yoast_head_json":{"title":"Komentarz eksperta Anter System dla czasopisma KAIZEN - Anter System","description":"Zapraszamy do lektury najnowszego wydania magazynu KAIZEN, w kt\u00f3rym ukaza\u0142 si\u0119 komentarz ekspercki firmy Anter System","robots":{"index":"index","follow":"follow","max-snippet":"max-snippet:-1","max-image-preview":"max-image-preview:large","max-video-preview":"max-video-preview:-1"},"canonical":"https:\/\/antersystem.com\/pl\/wiedza-i-nowosci\/komentarz-eksperta-anter-system-dla-czasopisma-kaizen\/","og_locale":"pl_PL","og_type":"article","og_title":"Komentarz eksperta Anter System dla czasopisma KAIZEN - Anter System","og_description":"Zapraszamy do lektury najnowszego wydania magazynu KAIZEN, w kt\u00f3rym ukaza\u0142 si\u0119 komentarz ekspercki firmy Anter System","og_url":"https:\/\/antersystem.com\/pl\/wiedza-i-nowosci\/komentarz-eksperta-anter-system-dla-czasopisma-kaizen\/","og_site_name":"Anter System","article_modified_time":"2026-04-16T09:27:26+00:00","twitter_card":"summary_large_image","twitter_misc":{"Szacowany czas czytania":"2 minuty"},"schema":{"@context":"https:\/\/schema.org","@graph":[{"@type":"WebPage","@id":"https:\/\/antersystem.com\/pl\/wiedza-i-nowosci\/komentarz-eksperta-anter-system-dla-czasopisma-kaizen\/","url":"https:\/\/antersystem.com\/pl\/wiedza-i-nowosci\/komentarz-eksperta-anter-system-dla-czasopisma-kaizen\/","name":"Komentarz eksperta Anter System dla czasopisma KAIZEN - Anter System","isPartOf":{"@id":"https:\/\/antersystem.com\/pl\/#website"},"datePublished":"2024-12-12T14:46:51+00:00","dateModified":"2026-04-16T09:27:26+00:00","description":"Zapraszamy do lektury najnowszego wydania magazynu KAIZEN, w kt\u00f3rym ukaza\u0142 si\u0119 komentarz ekspercki firmy Anter System","breadcrumb":{"@id":"https:\/\/antersystem.com\/pl\/wiedza-i-nowosci\/komentarz-eksperta-anter-system-dla-czasopisma-kaizen\/#breadcrumb"},"inLanguage":"pl-PL","potentialAction":[{"@type":"ReadAction","target":["https:\/\/antersystem.com\/pl\/wiedza-i-nowosci\/komentarz-eksperta-anter-system-dla-czasopisma-kaizen\/"]}]},{"@type":"BreadcrumbList","@id":"https:\/\/antersystem.com\/pl\/wiedza-i-nowosci\/komentarz-eksperta-anter-system-dla-czasopisma-kaizen\/#breadcrumb","itemListElement":[{"@type":"ListItem","position":1,"name":"AnterSystem","item":"https:\/\/antersystem.com\/pl\/"},{"@type":"ListItem","position":2,"name":"Wiedza i nowo\u015bci","item":"https:\/\/antersystem.com\/pl\/wiedza-i-nowosci\/"},{"@type":"ListItem","position":3,"name":"Komentarz eksperta Anter System dla czasopisma KAIZEN"}]},{"@type":"WebSite","@id":"https:\/\/antersystem.com\/pl\/#website","url":"https:\/\/antersystem.com\/pl\/","name":"Anter System","description":"Jeste\u015bmy polskim producentem elastycznych barier ochronnych wykonywanych z polimerowych tworzyw sztucznych. Na rynku krajowym i zagranicznym dzia\u0142amy od ponad 15 lat dbaj\u0105c o zapewnienie bezpiecze\u0144stwa w zak\u0142adach produkcyjnych, magazynach oraz centrach logistycznych.","potentialAction":[{"@type":"SearchAction","target":{"@type":"EntryPoint","urlTemplate":"https:\/\/antersystem.com\/pl\/?s={search_term_string}"},"query-input":{"@type":"PropertyValueSpecification","valueRequired":true,"valueName":"search_term_string"}}],"inLanguage":"pl-PL"}]}},"_links":{"self":[{"href":"https:\/\/antersystem.com\/pl\/wp-json\/wp\/v2\/pages\/40974","targetHints":{"allow":["GET"]}}],"collection":[{"href":"https:\/\/antersystem.com\/pl\/wp-json\/wp\/v2\/pages"}],"about":[{"href":"https:\/\/antersystem.com\/pl\/wp-json\/wp\/v2\/types\/page"}],"author":[{"embeddable":true,"href":"https:\/\/antersystem.com\/pl\/wp-json\/wp\/v2\/users\/1"}],"replies":[{"embeddable":true,"href":"https:\/\/antersystem.com\/pl\/wp-json\/wp\/v2\/comments?post=40974"}],"version-history":[{"count":1,"href":"https:\/\/antersystem.com\/pl\/wp-json\/wp\/v2\/pages\/40974\/revisions"}],"predecessor-version":[{"id":40975,"href":"https:\/\/antersystem.com\/pl\/wp-json\/wp\/v2\/pages\/40974\/revisions\/40975"}],"up":[{"embeddable":true,"href":"https:\/\/antersystem.com\/pl\/wp-json\/wp\/v2\/pages\/12824"}],"wp:attachment":[{"href":"https:\/\/antersystem.com\/pl\/wp-json\/wp\/v2\/media?parent=40974"}],"curies":[{"name":"wp","href":"https:\/\/api.w.org\/{rel}","templated":true}]}}