{"id":41063,"date":"2024-10-10T14:20:22","date_gmt":"2024-10-10T12:20:22","guid":{"rendered":"https:\/\/antersystem.com\/wiedza-i-nowosci\/blog\/"},"modified":"2026-04-23T15:06:41","modified_gmt":"2026-04-23T13:06:41","slug":"blog","status":"publish","type":"page","link":"https:\/\/antersystem.com\/pl\/wiedza-i-nowosci\/blog\/","title":{"rendered":"Blog"},"content":{"rendered":"\n<div class=\"wp-block-columns is-layout-flex wp-container-core-columns-is-layout-9d6595d7 wp-block-columns-is-layout-flex\">\n<div class=\"wp-block-column is-layout-flow wp-block-column-is-layout-flow\">\n<h3 class=\"wp-block-heading\">Zach\u0119camy do lektury artyku\u0142\u00f3w blogowych, w kt\u00f3rych omawiamy m.in. najnowsze trendy w zakresie zabezpiecze\u0144 w przemy\u015ble i logistyce oraz przedstawiamy praktyczne zastosowania elastycznych barier ochronnych produkowanych przez Anter System. Poznaj nowoczesne rozwi\u0105zania zwi\u0119kszaj\u0105ce bezpiecze\u0144stwo w Twojej bran\u017cy! <\/h3>\n<\/div>\n<\/div>\n<ul class=\"wp-block-latest-posts__list blog-post-list wp-block-latest-posts\"><li><div class=\"wp-block-latest-posts__featured-image\"><a href=\"https:\/\/antersystem.com\/pl\/systemy-kamer-ai-w-bezpieczenstwie-przemyslowym\/\" aria-label=\"Systemy kamer AI w bezpiecze\u0144stwie przemys\u0142owym\"><img loading=\"lazy\" decoding=\"async\" width=\"1024\" height=\"577\" src=\"https:\/\/antersystem.com\/wp-content\/uploads\/ai-cameras-1920-1024x577.webp\" class=\"attachment-large size-large wp-post-image\" alt=\"\" style=\"max-width:512px;max-height:512px;\" srcset=\"https:\/\/antersystem.com\/wp-content\/uploads\/ai-cameras-1920-1024x577.webp 1024w, https:\/\/antersystem.com\/wp-content\/uploads\/ai-cameras-1920-300x169.webp 300w, https:\/\/antersystem.com\/wp-content\/uploads\/ai-cameras-1920-768x432.webp 768w, https:\/\/antersystem.com\/wp-content\/uploads\/ai-cameras-1920-1536x865.webp 1536w, https:\/\/antersystem.com\/wp-content\/uploads\/ai-cameras-1920-450x253.webp 450w, https:\/\/antersystem.com\/wp-content\/uploads\/ai-cameras-1920-330x186.webp 330w, https:\/\/antersystem.com\/wp-content\/uploads\/ai-cameras-1920.webp 1920w\" sizes=\"auto, (max-width: 1024px) 100vw, 1024px\" \/><\/a><\/div><a class=\"wp-block-latest-posts__post-title\" href=\"https:\/\/antersystem.com\/pl\/systemy-kamer-ai-w-bezpieczenstwie-przemyslowym\/\">Systemy kamer AI w bezpiecze\u0144stwie przemys\u0142owym<\/a><div class=\"wp-block-latest-posts__post-excerpt\">Sztuczna inteligencja otwiera nowe mo\u017cliwo\u015bci budowania bardziej responsywnych system\u00f3w bezpiecze\u0144stwa przemys\u0142owego. Systemy wizyjne oparte na AI mog\u0105 analizowa\u0107 wideo w czasie rzeczywistym, wykrywa\u0107 potencjalnie niebezpieczne sytuacje i uruchamia\u0107 automatyczne reakcje bezpiecze\u0144stwa zanim nast\u0105pi wypadek. W przeciwie\u0144stwie do tradycyjnych metod wykrywania, kt\u00f3re opieraj\u0105 si\u0119 g\u0142\u00f3wnie na czujnikach ruchu, kamery wspomagane AI mog\u0105 rozpoznawa\u0107 zar\u00f3wno ruchome, jak\u2026 <a class=\"wp-block-latest-posts__read-more\" href=\"https:\/\/antersystem.com\/pl\/systemy-kamer-ai-w-bezpieczenstwie-przemyslowym\/\" rel=\"noopener noreferrer\">Dowiedz si\u0119 wi\u0119cej<span class=\"screen-reader-text\">: Systemy kamer AI w bezpiecze\u0144stwie przemys\u0142owym<\/span><\/a><\/div><\/li>\n<li><div class=\"wp-block-latest-posts__featured-image\"><a href=\"https:\/\/antersystem.com\/pl\/inteligentne-systemy-zabezpieczen-w-magazynie\/\" aria-label=\"Inteligentne systemy zabezpiecze\u0144 w magazynie\"><img loading=\"lazy\" decoding=\"async\" width=\"1024\" height=\"682\" src=\"https:\/\/antersystem.com\/wp-content\/uploads\/inteligentne-systemy-zabezpieczen-w-magazynie-1024x682.jpg\" class=\"attachment-large size-large wp-post-image\" alt=\"\" style=\"max-width:512px;max-height:512px;\" srcset=\"https:\/\/antersystem.com\/wp-content\/uploads\/inteligentne-systemy-zabezpieczen-w-magazynie-1024x682.jpg 1024w, https:\/\/antersystem.com\/wp-content\/uploads\/inteligentne-systemy-zabezpieczen-w-magazynie-300x200.jpg 300w, https:\/\/antersystem.com\/wp-content\/uploads\/inteligentne-systemy-zabezpieczen-w-magazynie-768x512.jpg 768w, https:\/\/antersystem.com\/wp-content\/uploads\/inteligentne-systemy-zabezpieczen-w-magazynie-450x300.jpg 450w, https:\/\/antersystem.com\/wp-content\/uploads\/inteligentne-systemy-zabezpieczen-w-magazynie-330x220.jpg 330w, https:\/\/antersystem.com\/wp-content\/uploads\/inteligentne-systemy-zabezpieczen-w-magazynie.jpg 1280w\" sizes=\"auto, (max-width: 1024px) 100vw, 1024px\" \/><\/a><\/div><a class=\"wp-block-latest-posts__post-title\" href=\"https:\/\/antersystem.com\/pl\/inteligentne-systemy-zabezpieczen-w-magazynie\/\">Inteligentne systemy zabezpiecze\u0144 w magazynie<\/a><div class=\"wp-block-latest-posts__post-excerpt\">Nowoczesne magazyny staj\u0105 si\u0119 coraz bardziej zaawansowane technologicznie. Dzieje si\u0119 tak dlatego, \u017ce firmy inwestuj\u0105 w inteligentne systemy bezpiecze\u0144stwa, kt\u00f3re nie tylko pomagaj\u0105 chroni\u0107 mienie i zdrowie pracownik\u00f3w, ale tak\u017ce optymalizuj\u0105 procesy logistyczne. Je\u015bli jeste\u015b zainteresowany automatyzacj\u0105 bezpiecze\u0144stwa w magazynie i chcia\u0142by\u015b dowiedzie\u0107 si\u0119 wi\u0119cej na ten temat, zapraszamy do zapoznania si\u0119 z poni\u017cszym artyku\u0142em!\u2026 <a class=\"wp-block-latest-posts__read-more\" href=\"https:\/\/antersystem.com\/pl\/inteligentne-systemy-zabezpieczen-w-magazynie\/\" rel=\"noopener noreferrer\">Dowiedz si\u0119 wi\u0119cej<span class=\"screen-reader-text\">: Inteligentne systemy zabezpiecze\u0144 w magazynie<\/span><\/a><\/div><\/li>\n<li><a class=\"wp-block-latest-posts__post-title\" href=\"https:\/\/antersystem.com\/pl\/korzysci-ze-stosowania-odbojnic-ochronnych-w-magazynie\/\">Korzy\u015bci ze stosowania odbojnic ochronnych w magazynie<\/a><div class=\"wp-block-latest-posts__post-excerpt\">Stosowanie odbojnic ochronnych to jeden z najlepszych sposob\u00f3w na zwi\u0119kszenie bezpiecze\u0144stwa na magazynie. W jaki dok\u0142adnie spos\u00f3b mo\u017cna je wykorzysta\u0107 i jakie konkretne korzy\u015bci mo\u017ce to przynie\u015b\u0107? Odpowiedzi na te pytania znajdziesz w naszym artykule. Zach\u0119camy do zapoznania si\u0119 z jego tre\u015bci\u0105! Odbojnica ochronna &#8211; w jaki spos\u00f3b dzia\u0142a? Odbojnice ochronne to niezwykle istotne elementy\u2026 <a class=\"wp-block-latest-posts__read-more\" href=\"https:\/\/antersystem.com\/pl\/korzysci-ze-stosowania-odbojnic-ochronnych-w-magazynie\/\" rel=\"noopener noreferrer\">Dowiedz si\u0119 wi\u0119cej<span class=\"screen-reader-text\">: Korzy\u015bci ze stosowania odbojnic ochronnych w magazynie<\/span><\/a><\/div><\/li>\n<li><div class=\"wp-block-latest-posts__featured-image\"><a href=\"https:\/\/antersystem.com\/pl\/bezpieczenstwo-w-erze-automatyzacji-bariery-ochronne-dla-zakladow-z-robotami-samojezdnymi\/\" aria-label=\"Bezpiecze\u0144stwo w erze automatyzacji \u2013 bariery ochronne dla zak\u0142ad\u00f3w z robotami samojezdnymi\"><img loading=\"lazy\" decoding=\"async\" width=\"1024\" height=\"576\" src=\"https:\/\/antersystem.com\/wp-content\/uploads\/bezpieczenstwo-w-erze-autoamtyzacji-i-agv-1024x576.jpg\" class=\"attachment-large size-large wp-post-image\" alt=\"\" style=\"max-width:512px;max-height:512px;\" srcset=\"https:\/\/antersystem.com\/wp-content\/uploads\/bezpieczenstwo-w-erze-autoamtyzacji-i-agv-1024x576.jpg 1024w, https:\/\/antersystem.com\/wp-content\/uploads\/bezpieczenstwo-w-erze-autoamtyzacji-i-agv-300x169.jpg 300w, https:\/\/antersystem.com\/wp-content\/uploads\/bezpieczenstwo-w-erze-autoamtyzacji-i-agv-768x432.jpg 768w, https:\/\/antersystem.com\/wp-content\/uploads\/bezpieczenstwo-w-erze-autoamtyzacji-i-agv-450x253.jpg 450w, https:\/\/antersystem.com\/wp-content\/uploads\/bezpieczenstwo-w-erze-autoamtyzacji-i-agv-330x186.jpg 330w, https:\/\/antersystem.com\/wp-content\/uploads\/bezpieczenstwo-w-erze-autoamtyzacji-i-agv.jpg 1115w\" sizes=\"auto, (max-width: 1024px) 100vw, 1024px\" \/><\/a><\/div><a class=\"wp-block-latest-posts__post-title\" href=\"https:\/\/antersystem.com\/pl\/bezpieczenstwo-w-erze-automatyzacji-bariery-ochronne-dla-zakladow-z-robotami-samojezdnymi\/\">Bezpiecze\u0144stwo w erze automatyzacji \u2013 bariery ochronne dla zak\u0142ad\u00f3w z robotami samojezdnymi<\/a><div class=\"wp-block-latest-posts__post-excerpt\">Nowoczesne zak\u0142ady przemys\u0142owe coraz cz\u0119\u015bciej korzystaj\u0105 z zaawansowanych technologii, takich jak automatyzacja i robotyzacja, aby zwi\u0119kszy\u0107 efektywno\u015b\u0107 i ograniczy\u0107 koszty. Wraz z dynamicznym wzrostem zastosowania robot\u00f3w samojezdnych ro\u015bnie r\u00f3wnie\u017c potrzeba zapewnienia bezpiecze\u0144stwa zar\u00f3wno ludziom, samym pojazdom jak i infrastrukturze. Czy w tak wymagaj\u0105cych \u015brodowisku elastyczne bariery bezpiecze\u0144stwa r\u00f3wnie\u017c oka\u017c\u0105 si\u0119 skutecznym sposobem ochrony ludzi i maszyn?  <\/div><\/li>\n<li><div class=\"wp-block-latest-posts__featured-image\"><a href=\"https:\/\/antersystem.com\/pl\/jak-przeprowadzic-ocene-ryzyka-zawodowego-przy-uzyciu-metody-risk-score\/\" aria-label=\"Jak przeprowadzi\u0107 ocen\u0119 ryzyka zawodowego przy u\u017cyciu metody Risk Score?\"><img loading=\"lazy\" decoding=\"async\" width=\"1024\" height=\"576\" src=\"https:\/\/antersystem.com\/wp-content\/uploads\/Risk_Score_blog-1024x576.jpg\" class=\"attachment-large size-large wp-post-image\" alt=\"\" style=\"max-width:512px;max-height:512px;\" srcset=\"https:\/\/antersystem.com\/wp-content\/uploads\/Risk_Score_blog-1024x576.jpg 1024w, https:\/\/antersystem.com\/wp-content\/uploads\/Risk_Score_blog-300x169.jpg 300w, https:\/\/antersystem.com\/wp-content\/uploads\/Risk_Score_blog-768x432.jpg 768w, https:\/\/antersystem.com\/wp-content\/uploads\/Risk_Score_blog-450x253.jpg 450w, https:\/\/antersystem.com\/wp-content\/uploads\/Risk_Score_blog-330x186.jpg 330w, https:\/\/antersystem.com\/wp-content\/uploads\/Risk_Score_blog.jpg 1115w\" sizes=\"auto, (max-width: 1024px) 100vw, 1024px\" \/><\/a><\/div><a class=\"wp-block-latest-posts__post-title\" href=\"https:\/\/antersystem.com\/pl\/jak-przeprowadzic-ocene-ryzyka-zawodowego-przy-uzyciu-metody-risk-score\/\">Jak przeprowadzi\u0107 ocen\u0119 ryzyka zawodowego przy u\u017cyciu metody Risk Score?<\/a><div class=\"wp-block-latest-posts__post-excerpt\">Ocena ryzyka zawodowego to kluczowy element dbania o bezpiecze\u0144stwo w miejscu pracy. Jednym z najskuteczniejszych i najbardziej sprawdzonych sposob\u00f3w oceny ryzyka jest metoda Risk Score. Je\u015bli chcesz wiedzie\u0107 na jej temat wi\u0119cej, koniecznie zapoznaj si\u0119 z naszym artyku\u0142em. Zdradzimy Ci te\u017c jak wykorzysta\u0107 t\u0119 technik\u0119 w praktyce.   <\/div><\/li>\n<li><div class=\"wp-block-latest-posts__featured-image\"><a href=\"https:\/\/antersystem.com\/pl\/metoda-5s-na-czym-polega-i-jak-dziala\/\" aria-label=\"Metoda 5S \u2013 na czym polega i jak dzia\u0142a?\"><img loading=\"lazy\" decoding=\"async\" width=\"1024\" height=\"576\" src=\"https:\/\/antersystem.com\/wp-content\/uploads\/5S-1024x576.jpg\" class=\"attachment-large size-large wp-post-image\" alt=\"\" style=\"max-width:512px;max-height:512px;\" srcset=\"https:\/\/antersystem.com\/wp-content\/uploads\/5S-1024x576.jpg 1024w, https:\/\/antersystem.com\/wp-content\/uploads\/5S-300x169.jpg 300w, https:\/\/antersystem.com\/wp-content\/uploads\/5S-768x432.jpg 768w, https:\/\/antersystem.com\/wp-content\/uploads\/5S-450x253.jpg 450w, https:\/\/antersystem.com\/wp-content\/uploads\/5S-330x186.jpg 330w, https:\/\/antersystem.com\/wp-content\/uploads\/5S.jpg 1115w\" sizes=\"auto, (max-width: 1024px) 100vw, 1024px\" \/><\/a><\/div><a class=\"wp-block-latest-posts__post-title\" href=\"https:\/\/antersystem.com\/pl\/metoda-5s-na-czym-polega-i-jak-dziala\/\">Metoda 5S \u2013 na czym polega i jak dzia\u0142a?<\/a><div class=\"wp-block-latest-posts__post-excerpt\">Wsp\u00f3\u0142czesne firmy produkcyjne i magazynowe nieustannie poszukuj\u0105 sposob\u00f3w na popraw\u0119 efektywno\u015bci, optymalizacj\u0119 proces\u00f3w oraz zwi\u0119kszenie bezpiecze\u0144stwa pracy. Jednym z najskuteczniejszych i najbardziej cenionych rozwi\u0105za\u0144 jest metoda 5S. Sprawd\u017a nasz artyku\u0142, by dowiedzie\u0107 si\u0119 na jej temat wi\u0119cej i nauczy\u0107 si\u0119 j\u0105 stosowa\u0107!  <\/div><\/li>\n<li><div class=\"wp-block-latest-posts__featured-image\"><a href=\"https:\/\/antersystem.com\/pl\/bariery-elastyczne-czy-stalowe\/\" aria-label=\"Bariery elastyczne czy stalowe?\"><img loading=\"lazy\" decoding=\"async\" width=\"1024\" height=\"576\" src=\"https:\/\/antersystem.com\/wp-content\/uploads\/Bariery-elastyczne-czy-stalowe-1024x576.jpg\" class=\"attachment-large size-large wp-post-image\" alt=\"\" style=\"max-width:512px;max-height:512px;\" srcset=\"https:\/\/antersystem.com\/wp-content\/uploads\/Bariery-elastyczne-czy-stalowe-1024x576.jpg 1024w, https:\/\/antersystem.com\/wp-content\/uploads\/Bariery-elastyczne-czy-stalowe-300x169.jpg 300w, https:\/\/antersystem.com\/wp-content\/uploads\/Bariery-elastyczne-czy-stalowe-768x432.jpg 768w, https:\/\/antersystem.com\/wp-content\/uploads\/Bariery-elastyczne-czy-stalowe-450x253.jpg 450w, https:\/\/antersystem.com\/wp-content\/uploads\/Bariery-elastyczne-czy-stalowe-330x186.jpg 330w, https:\/\/antersystem.com\/wp-content\/uploads\/Bariery-elastyczne-czy-stalowe.jpg 1115w\" sizes=\"auto, (max-width: 1024px) 100vw, 1024px\" \/><\/a><\/div><a class=\"wp-block-latest-posts__post-title\" href=\"https:\/\/antersystem.com\/pl\/bariery-elastyczne-czy-stalowe\/\">Bariery elastyczne czy stalowe?<\/a><div class=\"wp-block-latest-posts__post-excerpt\">W ka\u017cdym nowoczesnym magazynie, hali produkcyjnej czy centrum logistycznym, bezpiecze\u0144stwo pracownik\u00f3w oraz ochrona infrastruktury to priorytet. Jednym z najwa\u017cniejszych element\u00f3w zabezpieczenia przestrzeni przemys\u0142owej s\u0105 bariery ochronne. Kt\u00f3re z nich s\u0105 lepsze, te elastyczne czy stalowe? Na to pytanie odpowiemy w poni\u017cszym artykule!   <\/div><\/li>\n<\/ul>\n<p><\/p>\n","protected":false},"excerpt":{"rendered":"<p>Zach\u0119camy do lektury artyku\u0142\u00f3w blogowych, w kt\u00f3rych omawiamy m.in. najnowsze trendy w zakresie zabezpiecze\u0144 w przemy\u015ble i logistyce oraz przedstawiamy praktyczne zastosowania elastycznych barier ochronnych produkowanych przez Anter System. Poznaj nowoczesne rozwi\u0105zania zwi\u0119kszaj\u0105ce bezpiecze\u0144stwo w Twojej bran\u017cy!<\/p>\n","protected":false},"author":1,"featured_media":0,"parent":12824,"menu_order":0,"comment_status":"closed","ping_status":"closed","template":"","meta":{"inline_featured_image":false,"ngg_post_thumbnail":0,"footnotes":""},"class_list":["post-41063","page","type-page","status-publish","hentry"],"acf":[],"yoast_head":"<!-- This site is optimized with the Yoast SEO plugin v27.0 - https:\/\/yoast.com\/product\/yoast-seo-wordpress\/ -->\n<title>Blog - wiedza o bezpiecze\u0144stwie i barierach elastycznych - Anter System<\/title>\n<meta name=\"description\" content=\"Artyku\u0142y o elastycznych barierach, bezpiecze\u0144stwie pracy i ochronie infrastruktury w zak\u0142adach przemys\u0142owych. Dowiedz si\u0119, jak optymalizowa\u0107 organizacj\u0119 ruchu.\" \/>\n<meta name=\"robots\" content=\"index, follow, max-snippet:-1, max-image-preview:large, max-video-preview:-1\" \/>\n<link rel=\"canonical\" href=\"https:\/\/antersystem.com\/pl\/wiedza-i-nowosci\/blog\/\" \/>\n<meta property=\"og:locale\" content=\"pl_PL\" \/>\n<meta property=\"og:type\" content=\"article\" \/>\n<meta property=\"og:title\" content=\"Blog - wiedza o bezpiecze\u0144stwie i barierach elastycznych - Anter System\" \/>\n<meta property=\"og:description\" content=\"Artyku\u0142y o elastycznych barierach, bezpiecze\u0144stwie pracy i ochronie infrastruktury w zak\u0142adach przemys\u0142owych. Dowiedz si\u0119, jak optymalizowa\u0107 organizacj\u0119 ruchu.\" \/>\n<meta property=\"og:url\" content=\"https:\/\/antersystem.com\/pl\/wiedza-i-nowosci\/blog\/\" \/>\n<meta property=\"og:site_name\" content=\"Anter System\" \/>\n<meta property=\"article:modified_time\" content=\"2026-04-23T13:06:41+00:00\" \/>\n<meta name=\"twitter:card\" content=\"summary_large_image\" \/>\n<script type=\"application\/ld+json\" class=\"yoast-schema-graph\">{\"@context\":\"https:\/\/schema.org\",\"@graph\":[{\"@type\":\"WebPage\",\"@id\":\"https:\/\/antersystem.com\/pl\/wiedza-i-nowosci\/blog\/\",\"url\":\"https:\/\/antersystem.com\/pl\/wiedza-i-nowosci\/blog\/\",\"name\":\"Blog - wiedza o bezpiecze\u0144stwie i barierach elastycznych - Anter System\",\"isPartOf\":{\"@id\":\"https:\/\/antersystem.com\/pl\/#website\"},\"datePublished\":\"2024-10-10T12:20:22+00:00\",\"dateModified\":\"2026-04-23T13:06:41+00:00\",\"description\":\"Artyku\u0142y o elastycznych barierach, bezpiecze\u0144stwie pracy i ochronie infrastruktury w zak\u0142adach przemys\u0142owych. Dowiedz si\u0119, jak optymalizowa\u0107 organizacj\u0119 ruchu.\",\"breadcrumb\":{\"@id\":\"https:\/\/antersystem.com\/pl\/wiedza-i-nowosci\/blog\/#breadcrumb\"},\"inLanguage\":\"pl-PL\",\"potentialAction\":[{\"@type\":\"ReadAction\",\"target\":[\"https:\/\/antersystem.com\/pl\/wiedza-i-nowosci\/blog\/\"]}]},{\"@type\":\"BreadcrumbList\",\"@id\":\"https:\/\/antersystem.com\/pl\/wiedza-i-nowosci\/blog\/#breadcrumb\",\"itemListElement\":[{\"@type\":\"ListItem\",\"position\":1,\"name\":\"AnterSystem\",\"item\":\"https:\/\/antersystem.com\/pl\/\"},{\"@type\":\"ListItem\",\"position\":2,\"name\":\"Wiedza i nowo\u015bci\",\"item\":\"https:\/\/antersystem.com\/pl\/wiedza-i-nowosci\/\"},{\"@type\":\"ListItem\",\"position\":3,\"name\":\"Blog\"}]},{\"@type\":\"WebSite\",\"@id\":\"https:\/\/antersystem.com\/pl\/#website\",\"url\":\"https:\/\/antersystem.com\/pl\/\",\"name\":\"Anter System\",\"description\":\"Jeste\u015bmy polskim producentem elastycznych barier ochronnych wykonywanych z polimerowych tworzyw sztucznych. Na rynku krajowym i zagranicznym dzia\u0142amy od ponad 15 lat dbaj\u0105c o zapewnienie bezpiecze\u0144stwa w zak\u0142adach produkcyjnych, magazynach oraz centrach logistycznych.\",\"potentialAction\":[{\"@type\":\"SearchAction\",\"target\":{\"@type\":\"EntryPoint\",\"urlTemplate\":\"https:\/\/antersystem.com\/pl\/?s={search_term_string}\"},\"query-input\":{\"@type\":\"PropertyValueSpecification\",\"valueRequired\":true,\"valueName\":\"search_term_string\"}}],\"inLanguage\":\"pl-PL\"}]}<\/script>\n<!-- \/ Yoast SEO plugin. -->","yoast_head_json":{"title":"Blog - wiedza o bezpiecze\u0144stwie i barierach elastycznych - Anter System","description":"Artyku\u0142y o elastycznych barierach, bezpiecze\u0144stwie pracy i ochronie infrastruktury w zak\u0142adach przemys\u0142owych. Dowiedz si\u0119, jak optymalizowa\u0107 organizacj\u0119 ruchu.","robots":{"index":"index","follow":"follow","max-snippet":"max-snippet:-1","max-image-preview":"max-image-preview:large","max-video-preview":"max-video-preview:-1"},"canonical":"https:\/\/antersystem.com\/pl\/wiedza-i-nowosci\/blog\/","og_locale":"pl_PL","og_type":"article","og_title":"Blog - wiedza o bezpiecze\u0144stwie i barierach elastycznych - Anter System","og_description":"Artyku\u0142y o elastycznych barierach, bezpiecze\u0144stwie pracy i ochronie infrastruktury w zak\u0142adach przemys\u0142owych. Dowiedz si\u0119, jak optymalizowa\u0107 organizacj\u0119 ruchu.","og_url":"https:\/\/antersystem.com\/pl\/wiedza-i-nowosci\/blog\/","og_site_name":"Anter System","article_modified_time":"2026-04-23T13:06:41+00:00","twitter_card":"summary_large_image","schema":{"@context":"https:\/\/schema.org","@graph":[{"@type":"WebPage","@id":"https:\/\/antersystem.com\/pl\/wiedza-i-nowosci\/blog\/","url":"https:\/\/antersystem.com\/pl\/wiedza-i-nowosci\/blog\/","name":"Blog - wiedza o bezpiecze\u0144stwie i barierach elastycznych - Anter System","isPartOf":{"@id":"https:\/\/antersystem.com\/pl\/#website"},"datePublished":"2024-10-10T12:20:22+00:00","dateModified":"2026-04-23T13:06:41+00:00","description":"Artyku\u0142y o elastycznych barierach, bezpiecze\u0144stwie pracy i ochronie infrastruktury w zak\u0142adach przemys\u0142owych. Dowiedz si\u0119, jak optymalizowa\u0107 organizacj\u0119 ruchu.","breadcrumb":{"@id":"https:\/\/antersystem.com\/pl\/wiedza-i-nowosci\/blog\/#breadcrumb"},"inLanguage":"pl-PL","potentialAction":[{"@type":"ReadAction","target":["https:\/\/antersystem.com\/pl\/wiedza-i-nowosci\/blog\/"]}]},{"@type":"BreadcrumbList","@id":"https:\/\/antersystem.com\/pl\/wiedza-i-nowosci\/blog\/#breadcrumb","itemListElement":[{"@type":"ListItem","position":1,"name":"AnterSystem","item":"https:\/\/antersystem.com\/pl\/"},{"@type":"ListItem","position":2,"name":"Wiedza i nowo\u015bci","item":"https:\/\/antersystem.com\/pl\/wiedza-i-nowosci\/"},{"@type":"ListItem","position":3,"name":"Blog"}]},{"@type":"WebSite","@id":"https:\/\/antersystem.com\/pl\/#website","url":"https:\/\/antersystem.com\/pl\/","name":"Anter System","description":"Jeste\u015bmy polskim producentem elastycznych barier ochronnych wykonywanych z polimerowych tworzyw sztucznych. Na rynku krajowym i zagranicznym dzia\u0142amy od ponad 15 lat dbaj\u0105c o zapewnienie bezpiecze\u0144stwa w zak\u0142adach produkcyjnych, magazynach oraz centrach logistycznych.","potentialAction":[{"@type":"SearchAction","target":{"@type":"EntryPoint","urlTemplate":"https:\/\/antersystem.com\/pl\/?s={search_term_string}"},"query-input":{"@type":"PropertyValueSpecification","valueRequired":true,"valueName":"search_term_string"}}],"inLanguage":"pl-PL"}]}},"_links":{"self":[{"href":"https:\/\/antersystem.com\/pl\/wp-json\/wp\/v2\/pages\/41063","targetHints":{"allow":["GET"]}}],"collection":[{"href":"https:\/\/antersystem.com\/pl\/wp-json\/wp\/v2\/pages"}],"about":[{"href":"https:\/\/antersystem.com\/pl\/wp-json\/wp\/v2\/types\/page"}],"author":[{"embeddable":true,"href":"https:\/\/antersystem.com\/pl\/wp-json\/wp\/v2\/users\/1"}],"replies":[{"embeddable":true,"href":"https:\/\/antersystem.com\/pl\/wp-json\/wp\/v2\/comments?post=41063"}],"version-history":[{"count":1,"href":"https:\/\/antersystem.com\/pl\/wp-json\/wp\/v2\/pages\/41063\/revisions"}],"predecessor-version":[{"id":41064,"href":"https:\/\/antersystem.com\/pl\/wp-json\/wp\/v2\/pages\/41063\/revisions\/41064"}],"up":[{"embeddable":true,"href":"https:\/\/antersystem.com\/pl\/wp-json\/wp\/v2\/pages\/12824"}],"wp:attachment":[{"href":"https:\/\/antersystem.com\/pl\/wp-json\/wp\/v2\/media?parent=41063"}],"curies":[{"name":"wp","href":"https:\/\/api.w.org\/{rel}","templated":true}]}}