{"id":10984,"date":"2024-10-07T13:21:59","date_gmt":"2024-10-07T11:21:59","guid":{"rendered":"https:\/\/new.antersystem.com\/warsaw-industry-week-2024\/"},"modified":"2026-01-30T14:29:58","modified_gmt":"2026-01-30T13:29:58","slug":"warsaw-industry-week-2024","status":"publish","type":"page","link":"https:\/\/antersystem.com\/sk\/novinky\/warsaw-industry-week-2024\/","title":{"rendered":"Warsaw Industry Week 2024"},"content":{"rendered":"\n<div class=\"wp-block-columns is-layout-flex wp-container-core-columns-is-layout-9d6595d7 wp-block-columns-is-layout-flex\">\n<div class=\"wp-block-column is-layout-flow wp-block-column-is-layout-flow\" style=\"flex-basis:10%\"><\/div>\n\n\n\n<div class=\"wp-block-column is-layout-flow wp-block-column-is-layout-flow\">\n<h2 class=\"wp-block-heading\">Stretnite sa s nami na Warsaw Industry Week!<\/h2>\n\n\n\n<p>\u010eal\u0161\u00ed ro\u010dn\u00edk najv\u00e4\u010d\u0161ieho priemyseln\u00e9ho ve\u013etrhu v Po\u013esku je u\u017e za rohom! Od <strong>5. do 7. novembra<\/strong> vo Var\u0161ave predstavia l\u00eddri v tomto odvetv\u00ed najnov\u0161ie inov\u00e1cie <strong>na v\u00fdstavnej ploche<\/strong> 65 <strong>000 m\u00b2<\/strong> na ve\u013etrhu Ptak Expo. Svoju \u00fa\u010das\u0165 <strong>potvrdilo<\/strong> viac ako <strong>370 spolo\u010dnost\u00ed<\/strong>, ktor\u00e9 predstavili modern\u00e9 technol\u00f3gie a n\u00e1stroje podporuj\u00face rast r\u00f4znych priemyseln\u00fdch odvetv\u00ed.<\/p>\n\n\n\n<p><strong>Spolo\u010dnos\u0165 Anter System tu tie\u017e predstav\u00ed svoje inovat\u00edvne rie\u0161enia &#8211;<\/strong> modul\u00e1rny syst\u00e9m flexibiln\u00fdch polym\u00e9rov\u00fdch bari\u00e9r navrhnut\u00fdch pre priemyseln\u00fa bezpe\u010dnos\u0165 vr\u00e1tane <strong>modern\u00fdch automatick\u00fdch bezpe\u010dnostn\u00fdch br\u00e1n.<\/strong> Poz\u00fdvame v\u00e1s nav\u0161t\u00edvi\u0165 n\u00e1\u0161 st\u00e1nok a porozpr\u00e1va\u0165 sa s na\u0161imi odborn\u00edkmi o \u00fa\u010dinnej ochrane infra\u0161trukt\u00fary, strojov a zamestnancov vo v\u00fdrobn\u00fdch hal\u00e1ch, skladoch a nakladac\u00edch ramp\u00e1ch.<\/p>\n\n\n\n<p><strong><a href=\"https:\/\/industryweek.pl\/\" target=\"_blank\" rel=\"noreferrer noopener\">Warsaw Industry Week<\/a><\/strong> je nielen najv\u00e4\u010d\u0161\u00edm priemyseln\u00fdm ve\u013etrhom v Po\u013esku <strong>,<\/strong> ale aj jedine\u010dnou iniciat\u00edvou <strong>vytvorenou priemyslom pre priemysel.<\/strong> Podujatie sprev\u00e1dza odborn\u00fd kongres, ktor\u00fd d\u00e1va \u00fa\u010dastn\u00edkom pr\u00edle\u017eitos\u0165 aktualizova\u0165 svoje vedomosti, z\u00edska\u0165 nov\u00e9 zru\u010dnosti a presk\u00fama\u0165 najnov\u0161ie trendy na trhu. Je to tie\u017e <strong>vynikaj\u00face miesto na budovanie obchodn\u00fdch vz\u0165ahov prostredn\u00edctvom<\/strong> priamych stretnut\u00ed a \u017eiv\u00fdch prezent\u00e1ci\u00ed inovat\u00edvnych rie\u0161en\u00ed. Pre vystavovate\u013eov je to <strong>jedine\u010dn\u00e1 pr\u00edle\u017eitos\u0165 diskutova\u0165 o potreb\u00e1ch, v\u00fdzvach a o\u010dak\u00e1vaniach priemyslu vo\u010di dod\u00e1vate\u013eom a<\/strong> ich produktom.<\/p>\n\n\n\n<p>Spolo\u010dnos\u0165 <strong>Anter System<\/strong> n\u00e1jdete <strong>v hale C, st\u00e1nok C2.41a.<\/strong> Budeme tam od 10: <strong>00 do 17:00 &#8211; uvid\u00edme sa vo Var\u0161ave!<\/strong> <\/p>\n\n\n\n<p>Chcete si po\u010das ve\u013etrhu <strong>dohodn\u00fa\u0165 stretnutie so<\/strong> \u0161pecialistami spolo\u010dnosti Anter System? Nap\u00ed\u0161te n\u00e1m na: <a href=\"mailto:contact@antersystem.com\">contact@antersystem.com<\/a><\/p>\n\n\n\n<p><\/p>\n<\/div>\n\n\n\n<div class=\"wp-block-column is-layout-flow wp-block-column-is-layout-flow\" style=\"flex-basis:10%\"><\/div>\n<\/div>\n<div class=\"wp-block-image\">\n<figure class=\"aligncenter size-large is-resized\"><img loading=\"lazy\" decoding=\"async\" width=\"1024\" height=\"576\" src=\"https:\/\/antersystem.com\/wp-content\/uploads\/warsaw_industry_week2-1-1024x576.jpg\" alt=\"Anter System na Warsaw Industry Week 2024\" class=\"wp-image-5501\" style=\"width:620px;height:auto\" srcset=\"https:\/\/antersystem.com\/wp-content\/uploads\/warsaw_industry_week2-1-1024x576.jpg 1024w, https:\/\/antersystem.com\/wp-content\/uploads\/warsaw_industry_week2-1-300x169.jpg 300w, https:\/\/antersystem.com\/wp-content\/uploads\/warsaw_industry_week2-1-768x432.jpg 768w, https:\/\/antersystem.com\/wp-content\/uploads\/warsaw_industry_week2-1-450x253.jpg 450w, https:\/\/antersystem.com\/wp-content\/uploads\/warsaw_industry_week2-1-330x186.jpg 330w, https:\/\/antersystem.com\/wp-content\/uploads\/warsaw_industry_week2-1.jpg 1115w\" sizes=\"auto, (max-width: 1024px) 100vw, 1024px\" \/><\/figure><\/div>","protected":false},"excerpt":{"rendered":"<p>Stretnite sa s nami na Warsaw Industry Week! \u010eal\u0161\u00ed ro\u010dn\u00edk najv\u00e4\u010d\u0161ieho priemyseln\u00e9ho ve\u013etrhu v Po\u013esku je u\u017e za rohom! Od 5. do 7. novembra vo Var\u0161ave predstavia l\u00eddri v tomto odvetv\u00ed najnov\u0161ie inov\u00e1cie na v\u00fdstavnej ploche 65 000 m\u00b2 na ve\u013etrhu Ptak Expo. Svoju \u00fa\u010das\u0165 potvrdilo viac ako 370 spolo\u010dnost\u00ed, ktor\u00e9 predstavili modern\u00e9 technol\u00f3gie a [&hellip;]<\/p>\n","protected":false},"author":1,"featured_media":0,"parent":30350,"menu_order":0,"comment_status":"closed","ping_status":"closed","template":"","meta":{"inline_featured_image":false,"ngg_post_thumbnail":0,"footnotes":""},"class_list":["post-10984","page","type-page","status-publish","hentry"],"acf":[],"yoast_head":"<!-- This site is optimized with the Yoast SEO plugin v27.0 - https:\/\/yoast.com\/product\/yoast-seo-wordpress\/ -->\n<title>Warsaw Industry Week 2024 - Anter System<\/title>\n<meta name=\"description\" content=\"EcoVadis pozwala firmom oceni\u0107 jak skutecznie zarz\u0105dzaj\u0105 swoimi praktykami odpowiedzialno\u015bci spo\u0142ecznej. Anter System anga\u017euje sa...\" \/>\n<meta name=\"robots\" content=\"index, follow, max-snippet:-1, max-image-preview:large, max-video-preview:-1\" \/>\n<link rel=\"canonical\" href=\"https:\/\/antersystem.com\/sk\/novinky\/warsaw-industry-week-2024\/\" \/>\n<meta property=\"og:locale\" content=\"sk_SK\" \/>\n<meta property=\"og:type\" content=\"article\" \/>\n<meta property=\"og:title\" content=\"Warsaw Industry Week 2024 - Anter System\" \/>\n<meta property=\"og:description\" content=\"EcoVadis pozwala firmom oceni\u0107 jak skutecznie zarz\u0105dzaj\u0105 swoimi praktykami odpowiedzialno\u015bci spo\u0142ecznej. Anter System anga\u017euje sa...\" \/>\n<meta property=\"og:url\" content=\"https:\/\/antersystem.com\/sk\/novinky\/warsaw-industry-week-2024\/\" \/>\n<meta property=\"og:site_name\" content=\"Anter System\" \/>\n<meta property=\"article:modified_time\" content=\"2026-01-30T13:29:58+00:00\" \/>\n<meta property=\"og:image\" content=\"https:\/\/antersystem.com\/wp-content\/uploads\/warsaw_industry_week2-1-1024x576.jpg\" \/>\n<meta name=\"twitter:card\" content=\"summary_large_image\" \/>\n<meta name=\"twitter:label1\" content=\"Predpokladan\u00fd \u010das \u010d\u00edtania\" \/>\n\t<meta name=\"twitter:data1\" content=\"2 min\u00faty\" \/>\n<script type=\"application\/ld+json\" class=\"yoast-schema-graph\">{\"@context\":\"https:\/\/schema.org\",\"@graph\":[{\"@type\":\"WebPage\",\"@id\":\"https:\/\/antersystem.com\/sk\/novinky\/warsaw-industry-week-2024\/\",\"url\":\"https:\/\/antersystem.com\/sk\/novinky\/warsaw-industry-week-2024\/\",\"name\":\"Warsaw Industry Week 2024 - Anter System\",\"isPartOf\":{\"@id\":\"https:\/\/antersystem.com\/sk\/#website\"},\"primaryImageOfPage\":{\"@id\":\"https:\/\/antersystem.com\/sk\/novinky\/warsaw-industry-week-2024\/#primaryimage\"},\"image\":{\"@id\":\"https:\/\/antersystem.com\/sk\/novinky\/warsaw-industry-week-2024\/#primaryimage\"},\"thumbnailUrl\":\"https:\/\/antersystem.com\/wp-content\/uploads\/warsaw_industry_week2-1-1024x576.jpg\",\"datePublished\":\"2024-10-07T11:21:59+00:00\",\"dateModified\":\"2026-01-30T13:29:58+00:00\",\"description\":\"EcoVadis pozwala firmom oceni\u0107 jak skutecznie zarz\u0105dzaj\u0105 swoimi praktykami odpowiedzialno\u015bci spo\u0142ecznej. Anter System anga\u017euje sa...\",\"breadcrumb\":{\"@id\":\"https:\/\/antersystem.com\/sk\/novinky\/warsaw-industry-week-2024\/#breadcrumb\"},\"inLanguage\":\"sk-SK\",\"potentialAction\":[{\"@type\":\"ReadAction\",\"target\":[\"https:\/\/antersystem.com\/sk\/novinky\/warsaw-industry-week-2024\/\"]}]},{\"@type\":\"ImageObject\",\"inLanguage\":\"sk-SK\",\"@id\":\"https:\/\/antersystem.com\/sk\/novinky\/warsaw-industry-week-2024\/#primaryimage\",\"url\":\"https:\/\/antersystem.com\/wp-content\/uploads\/warsaw_industry_week2-1-1024x576.jpg\",\"contentUrl\":\"https:\/\/antersystem.com\/wp-content\/uploads\/warsaw_industry_week2-1-1024x576.jpg\"},{\"@type\":\"BreadcrumbList\",\"@id\":\"https:\/\/antersystem.com\/sk\/novinky\/warsaw-industry-week-2024\/#breadcrumb\",\"itemListElement\":[{\"@type\":\"ListItem\",\"position\":1,\"name\":\"AnterSystem\",\"item\":\"https:\/\/antersystem.com\/sk\/\"},{\"@type\":\"ListItem\",\"position\":2,\"name\":\"Novinky\",\"item\":\"https:\/\/antersystem.com\/sk\/novinky\/\"},{\"@type\":\"ListItem\",\"position\":3,\"name\":\"Warsaw Industry Week 2024\"}]},{\"@type\":\"WebSite\",\"@id\":\"https:\/\/antersystem.com\/sk\/#website\",\"url\":\"https:\/\/antersystem.com\/sk\/\",\"name\":\"Anter System\",\"description\":\"Jeste\u015bmy polskim producentem elastycznych barier ochronnych wykonywanych z polimerowych tworzyw sztucznych. Na rynku krajowym i zagranicznym dzia\u0142amy od ponad 15 lat dbaj\u0105c o zapewnienie bezpiecze\u0144stwa w zak\u0142adach produkcyjnych, magazynach oraz centrach logistycznych.\",\"potentialAction\":[{\"@type\":\"SearchAction\",\"target\":{\"@type\":\"EntryPoint\",\"urlTemplate\":\"https:\/\/antersystem.com\/sk\/?s={search_term_string}\"},\"query-input\":{\"@type\":\"PropertyValueSpecification\",\"valueRequired\":true,\"valueName\":\"search_term_string\"}}],\"inLanguage\":\"sk-SK\"}]}<\/script>\n<!-- \/ Yoast SEO plugin. -->","yoast_head_json":{"title":"Warsaw Industry Week 2024 - Anter System","description":"EcoVadis pozwala firmom oceni\u0107 jak skutecznie zarz\u0105dzaj\u0105 swoimi praktykami odpowiedzialno\u015bci spo\u0142ecznej. Anter System anga\u017euje sa...","robots":{"index":"index","follow":"follow","max-snippet":"max-snippet:-1","max-image-preview":"max-image-preview:large","max-video-preview":"max-video-preview:-1"},"canonical":"https:\/\/antersystem.com\/sk\/novinky\/warsaw-industry-week-2024\/","og_locale":"sk_SK","og_type":"article","og_title":"Warsaw Industry Week 2024 - Anter System","og_description":"EcoVadis pozwala firmom oceni\u0107 jak skutecznie zarz\u0105dzaj\u0105 swoimi praktykami odpowiedzialno\u015bci spo\u0142ecznej. Anter System anga\u017euje sa...","og_url":"https:\/\/antersystem.com\/sk\/novinky\/warsaw-industry-week-2024\/","og_site_name":"Anter System","article_modified_time":"2026-01-30T13:29:58+00:00","og_image":[{"url":"https:\/\/antersystem.com\/wp-content\/uploads\/warsaw_industry_week2-1-1024x576.jpg","type":"","width":"","height":""}],"twitter_card":"summary_large_image","twitter_misc":{"Predpokladan\u00fd \u010das \u010d\u00edtania":"2 min\u00faty"},"schema":{"@context":"https:\/\/schema.org","@graph":[{"@type":"WebPage","@id":"https:\/\/antersystem.com\/sk\/novinky\/warsaw-industry-week-2024\/","url":"https:\/\/antersystem.com\/sk\/novinky\/warsaw-industry-week-2024\/","name":"Warsaw Industry Week 2024 - Anter System","isPartOf":{"@id":"https:\/\/antersystem.com\/sk\/#website"},"primaryImageOfPage":{"@id":"https:\/\/antersystem.com\/sk\/novinky\/warsaw-industry-week-2024\/#primaryimage"},"image":{"@id":"https:\/\/antersystem.com\/sk\/novinky\/warsaw-industry-week-2024\/#primaryimage"},"thumbnailUrl":"https:\/\/antersystem.com\/wp-content\/uploads\/warsaw_industry_week2-1-1024x576.jpg","datePublished":"2024-10-07T11:21:59+00:00","dateModified":"2026-01-30T13:29:58+00:00","description":"EcoVadis pozwala firmom oceni\u0107 jak skutecznie zarz\u0105dzaj\u0105 swoimi praktykami odpowiedzialno\u015bci spo\u0142ecznej. Anter System anga\u017euje sa...","breadcrumb":{"@id":"https:\/\/antersystem.com\/sk\/novinky\/warsaw-industry-week-2024\/#breadcrumb"},"inLanguage":"sk-SK","potentialAction":[{"@type":"ReadAction","target":["https:\/\/antersystem.com\/sk\/novinky\/warsaw-industry-week-2024\/"]}]},{"@type":"ImageObject","inLanguage":"sk-SK","@id":"https:\/\/antersystem.com\/sk\/novinky\/warsaw-industry-week-2024\/#primaryimage","url":"https:\/\/antersystem.com\/wp-content\/uploads\/warsaw_industry_week2-1-1024x576.jpg","contentUrl":"https:\/\/antersystem.com\/wp-content\/uploads\/warsaw_industry_week2-1-1024x576.jpg"},{"@type":"BreadcrumbList","@id":"https:\/\/antersystem.com\/sk\/novinky\/warsaw-industry-week-2024\/#breadcrumb","itemListElement":[{"@type":"ListItem","position":1,"name":"AnterSystem","item":"https:\/\/antersystem.com\/sk\/"},{"@type":"ListItem","position":2,"name":"Novinky","item":"https:\/\/antersystem.com\/sk\/novinky\/"},{"@type":"ListItem","position":3,"name":"Warsaw Industry Week 2024"}]},{"@type":"WebSite","@id":"https:\/\/antersystem.com\/sk\/#website","url":"https:\/\/antersystem.com\/sk\/","name":"Anter System","description":"Jeste\u015bmy polskim producentem elastycznych barier ochronnych wykonywanych z polimerowych tworzyw sztucznych. Na rynku krajowym i zagranicznym dzia\u0142amy od ponad 15 lat dbaj\u0105c o zapewnienie bezpiecze\u0144stwa w zak\u0142adach produkcyjnych, magazynach oraz centrach logistycznych.","potentialAction":[{"@type":"SearchAction","target":{"@type":"EntryPoint","urlTemplate":"https:\/\/antersystem.com\/sk\/?s={search_term_string}"},"query-input":{"@type":"PropertyValueSpecification","valueRequired":true,"valueName":"search_term_string"}}],"inLanguage":"sk-SK"}]}},"_links":{"self":[{"href":"https:\/\/antersystem.com\/sk\/wp-json\/wp\/v2\/pages\/10984","targetHints":{"allow":["GET"]}}],"collection":[{"href":"https:\/\/antersystem.com\/sk\/wp-json\/wp\/v2\/pages"}],"about":[{"href":"https:\/\/antersystem.com\/sk\/wp-json\/wp\/v2\/types\/page"}],"author":[{"embeddable":true,"href":"https:\/\/antersystem.com\/sk\/wp-json\/wp\/v2\/users\/1"}],"replies":[{"embeddable":true,"href":"https:\/\/antersystem.com\/sk\/wp-json\/wp\/v2\/comments?post=10984"}],"version-history":[{"count":3,"href":"https:\/\/antersystem.com\/sk\/wp-json\/wp\/v2\/pages\/10984\/revisions"}],"predecessor-version":[{"id":15450,"href":"https:\/\/antersystem.com\/sk\/wp-json\/wp\/v2\/pages\/10984\/revisions\/15450"}],"up":[{"embeddable":true,"href":"https:\/\/antersystem.com\/sk\/wp-json\/wp\/v2\/pages\/30350"}],"wp:attachment":[{"href":"https:\/\/antersystem.com\/sk\/wp-json\/wp\/v2\/media?parent=10984"}],"curies":[{"name":"wp","href":"https:\/\/api.w.org\/{rel}","templated":true}]}}