{"id":12768,"date":"2024-06-28T09:56:14","date_gmt":"2024-06-28T07:56:14","guid":{"rendered":"https:\/\/new.antersystem.com\/sustainable-practices\/"},"modified":"2026-01-30T14:29:58","modified_gmt":"2026-01-30T13:29:58","slug":"sustainable-practices","status":"publish","type":"page","link":"https:\/\/antersystem.com\/sk\/novinky\/sustainable-practices\/","title":{"rendered":"Udr\u017eate\u013en\u00e9 postupy"},"content":{"rendered":"\n<div class=\"wp-block-columns is-layout-flex wp-container-core-columns-is-layout-9d6595d7 wp-block-columns-is-layout-flex\">\n<div class=\"wp-block-column is-layout-flow wp-block-column-is-layout-flow\" style=\"flex-basis:10%\"><\/div>\n\n\n\n<div class=\"wp-block-column is-layout-flow wp-block-column-is-layout-flow\">\n<h2 class=\"wp-block-heading\">Sledovanie glob\u00e1lnych iniciat\u00edv a noriem<\/h2>\n\n\n\n<p><strong>EcoVadis pom\u00e1ha spolo\u010dnostiam hodnoti\u0165, ako efekt\u00edvne riadia svoje postupy v oblasti spolo\u010denskej zodpovednosti.  <\/strong>  Spolo\u010dnos\u0165 Anter System sa zaviazala predch\u00e1dza\u0165 zne\u010dis\u0165ovaniu \u017eivotn\u00e9ho prostredia, dod\u00e1va\u0165 etick\u00e9 v\u00fdrobky a prij\u00edma\u0165 udr\u017eate\u013en\u00e9 obchodn\u00e9 modely. V roku 2024 bolo na\u0161e \u00fasilie op\u00e4\u0165 ocenen\u00e9 <strong>striebornou medailou EcoVadis, rovnako<\/strong> ako v predch\u00e1dzaj\u00facom roku.<\/p>\n\n\n\n<p>Toto ocenenie potvrdzuje, \u017ee spolo\u010dnos\u0165 dosiahla vysok\u00e9 v\u00fdsledky v t\u00fdchto oblastiach:<\/p>\n\n\n\n<p><strong>\u017divotn\u00e9 prostredie:<\/strong> Politika a opatrenia t\u00fdkaj\u00face sa riadenia vplyvu spolo\u010dnosti na \u017eivotn\u00e9 prostredie vr\u00e1tane riadenia emisi\u00ed, efekt\u00edvneho vyu\u017e\u00edvania zdrojov a iniciat\u00edv v oblasti udr\u017eate\u013enosti.<\/p>\n\n\n\n<p><strong>Pr\u00e1ca a \u013eudsk\u00e9 pr\u00e1va:<\/strong> Pracovn\u00e9 podmienky, dodr\u017eiavanie pr\u00e1v zamestnancov, bezpe\u010dnos\u0165 a ochrana zdravia pri pr\u00e1ci, ako aj politiky rozmanitosti a za\u010dlenenia.<\/p>\n\n\n\n<p><strong>Etika:<\/strong> Etick\u00e9 z\u00e1sady, protikorup\u010dn\u00e9 opatrenia, transparentnos\u0165 a dodr\u017eiavanie pr\u00e1vnych predpisov.<\/p>\n\n\n\n<p><strong>Udr\u017eate\u013en\u00e9 obstar\u00e1vanie:<\/strong> politiky, ktor\u00e9 podporuj\u00fa etick\u00e9 a udr\u017eate\u013en\u00e9 n\u00e1kupn\u00e9 postupy, v\u00fdber dod\u00e1vate\u013eov a riadenie dod\u00e1vate\u013esk\u00e9ho re\u0165azca.<\/p>\n\n\n\n<p>Strieborn\u00e1 medaila n\u00e1s zaradila medzi 15 % najlep\u0161\u00edch spolo\u010dnost\u00ed hodnoten\u00fdch agent\u00farou EcoVadis, \u010do poukazuje na n\u00e1\u0161 akt\u00edvny z\u00e1v\u00e4zok v oblasti udr\u017eate\u013enosti a soci\u00e1lnej zodpovednosti. \u010eakujeme v\u0161etk\u00fdm, ktor\u00ed prispeli k t\u00fdmto v\u00fdsledkom spolo\u010dnosti Anter System, a na\u0161im klientom za ich trval\u00fa d\u00f4veru.<\/p>\n<\/div>\n\n\n\n<div class=\"wp-block-column is-layout-flow wp-block-column-is-layout-flow\" style=\"flex-basis:10%\"><\/div>\n<\/div>\n<div class=\"wp-block-image\">\n<figure class=\"aligncenter size-large is-resized\"><img loading=\"lazy\" decoding=\"async\" width=\"1024\" height=\"535\" src=\"https:\/\/antersystem.com\/wp-content\/uploads\/ECOVADIS-1-1024x535.webp\" alt=\"Na obr&#xE1;zku je strieborn&#xE1; medaila EcoVadis. Potvrdzuje vysok&#xFD; v&#xFD;kon v oblasti spolo&#x10D;enskej zodpovednosti, etiky, ochrany &#x17E;ivotn&#xE9;ho prostredia a udr&#x17E;ate&#x13E;n&#xE9;ho riadenia. \" class=\"wp-image-4968\" style=\"width:620px;height:auto\" srcset=\"https:\/\/antersystem.com\/wp-content\/uploads\/ECOVADIS-1-1024x535.webp 1024w, https:\/\/antersystem.com\/wp-content\/uploads\/ECOVADIS-1-300x157.webp 300w, https:\/\/antersystem.com\/wp-content\/uploads\/ECOVADIS-1-768x401.webp 768w, https:\/\/antersystem.com\/wp-content\/uploads\/ECOVADIS-1-450x235.webp 450w, https:\/\/antersystem.com\/wp-content\/uploads\/ECOVADIS-1-330x172.webp 330w, https:\/\/antersystem.com\/wp-content\/uploads\/ECOVADIS-1.webp 1200w\" sizes=\"auto, (max-width: 1024px) 100vw, 1024px\" \/><\/figure><\/div>","protected":false},"excerpt":{"rendered":"<p>Sledovanie glob\u00e1lnych iniciat\u00edv a noriem EcoVadis pom\u00e1ha spolo\u010dnostiam hodnoti\u0165, ako efekt\u00edvne riadia svoje postupy v oblasti spolo\u010denskej zodpovednosti. Spolo\u010dnos\u0165 Anter System sa zaviazala predch\u00e1dza\u0165 zne\u010dis\u0165ovaniu \u017eivotn\u00e9ho prostredia, dod\u00e1va\u0165 etick\u00e9 v\u00fdrobky a prij\u00edma\u0165 udr\u017eate\u013en\u00e9 obchodn\u00e9 modely. V roku 2024 bolo na\u0161e \u00fasilie op\u00e4\u0165 ocenen\u00e9 striebornou medailou EcoVadis, rovnako ako v predch\u00e1dzaj\u00facom roku. Toto ocenenie potvrdzuje, \u017ee [&hellip;]<\/p>\n","protected":false},"author":1,"featured_media":0,"parent":30350,"menu_order":0,"comment_status":"closed","ping_status":"closed","template":"","meta":{"inline_featured_image":false,"ngg_post_thumbnail":0,"footnotes":""},"class_list":["post-12768","page","type-page","status-publish","hentry"],"acf":[],"yoast_head":"<!-- This site is optimized with the Yoast SEO plugin v27.0 - https:\/\/yoast.com\/product\/yoast-seo-wordpress\/ -->\n<title>Udr\u017eate\u013en\u00e9 postupy - Anter System<\/title>\n<meta name=\"description\" content=\"Sledovanie glob\u00e1lnych iniciat\u00edv a noriem EcoVadis pom\u00e1ha spolo\u010dnostiam hodnoti\u0165, ako efekt\u00edvne riadia svoje postupy v oblasti spolo\u010denskej zodpovednosti.\" \/>\n<meta name=\"robots\" content=\"index, follow, max-snippet:-1, max-image-preview:large, max-video-preview:-1\" \/>\n<link rel=\"canonical\" href=\"https:\/\/antersystem.com\/sk\/novinky\/sustainable-practices\/\" \/>\n<meta property=\"og:locale\" content=\"sk_SK\" \/>\n<meta property=\"og:type\" content=\"article\" \/>\n<meta property=\"og:title\" content=\"Udr\u017eate\u013en\u00e9 postupy - Anter System\" \/>\n<meta property=\"og:description\" content=\"Sledovanie glob\u00e1lnych iniciat\u00edv a noriem EcoVadis pom\u00e1ha spolo\u010dnostiam hodnoti\u0165, ako efekt\u00edvne riadia svoje postupy v oblasti spolo\u010denskej zodpovednosti.\" \/>\n<meta property=\"og:url\" content=\"https:\/\/antersystem.com\/sk\/novinky\/sustainable-practices\/\" \/>\n<meta property=\"og:site_name\" content=\"Anter System\" \/>\n<meta property=\"article:modified_time\" content=\"2026-01-30T13:29:58+00:00\" \/>\n<meta property=\"og:image\" content=\"https:\/\/antersystem.com\/wp-content\/uploads\/ECOVADIS-1-1024x535.webp\" \/>\n<meta name=\"twitter:card\" content=\"summary_large_image\" \/>\n<meta name=\"twitter:label1\" content=\"Predpokladan\u00fd \u010das \u010d\u00edtania\" \/>\n\t<meta name=\"twitter:data1\" content=\"1 min\u00fata\" \/>\n<script type=\"application\/ld+json\" class=\"yoast-schema-graph\">{\"@context\":\"https:\/\/schema.org\",\"@graph\":[{\"@type\":\"WebPage\",\"@id\":\"https:\/\/antersystem.com\/sk\/novinky\/sustainable-practices\/\",\"url\":\"https:\/\/antersystem.com\/sk\/novinky\/sustainable-practices\/\",\"name\":\"Udr\u017eate\u013en\u00e9 postupy - Anter System\",\"isPartOf\":{\"@id\":\"https:\/\/antersystem.com\/sk\/#website\"},\"primaryImageOfPage\":{\"@id\":\"https:\/\/antersystem.com\/sk\/novinky\/sustainable-practices\/#primaryimage\"},\"image\":{\"@id\":\"https:\/\/antersystem.com\/sk\/novinky\/sustainable-practices\/#primaryimage\"},\"thumbnailUrl\":\"https:\/\/antersystem.com\/wp-content\/uploads\/ECOVADIS-1-1024x535.webp\",\"datePublished\":\"2024-06-28T07:56:14+00:00\",\"dateModified\":\"2026-01-30T13:29:58+00:00\",\"description\":\"Sledovanie glob\u00e1lnych iniciat\u00edv a noriem EcoVadis pom\u00e1ha spolo\u010dnostiam hodnoti\u0165, ako efekt\u00edvne riadia svoje postupy v oblasti spolo\u010denskej zodpovednosti.\",\"breadcrumb\":{\"@id\":\"https:\/\/antersystem.com\/sk\/novinky\/sustainable-practices\/#breadcrumb\"},\"inLanguage\":\"sk-SK\",\"potentialAction\":[{\"@type\":\"ReadAction\",\"target\":[\"https:\/\/antersystem.com\/sk\/novinky\/sustainable-practices\/\"]}]},{\"@type\":\"ImageObject\",\"inLanguage\":\"sk-SK\",\"@id\":\"https:\/\/antersystem.com\/sk\/novinky\/sustainable-practices\/#primaryimage\",\"url\":\"https:\/\/antersystem.com\/wp-content\/uploads\/ECOVADIS-1-1024x535.webp\",\"contentUrl\":\"https:\/\/antersystem.com\/wp-content\/uploads\/ECOVADIS-1-1024x535.webp\"},{\"@type\":\"BreadcrumbList\",\"@id\":\"https:\/\/antersystem.com\/sk\/novinky\/sustainable-practices\/#breadcrumb\",\"itemListElement\":[{\"@type\":\"ListItem\",\"position\":1,\"name\":\"AnterSystem\",\"item\":\"https:\/\/antersystem.com\/sk\/\"},{\"@type\":\"ListItem\",\"position\":2,\"name\":\"Novinky\",\"item\":\"https:\/\/antersystem.com\/sk\/novinky\/\"},{\"@type\":\"ListItem\",\"position\":3,\"name\":\"Udr\u017eate\u013en\u00e9 postupy\"}]},{\"@type\":\"WebSite\",\"@id\":\"https:\/\/antersystem.com\/sk\/#website\",\"url\":\"https:\/\/antersystem.com\/sk\/\",\"name\":\"Anter System\",\"description\":\"Jeste\u015bmy polskim producentem elastycznych barier ochronnych wykonywanych z polimerowych tworzyw sztucznych. Na rynku krajowym i zagranicznym dzia\u0142amy od ponad 15 lat dbaj\u0105c o zapewnienie bezpiecze\u0144stwa w zak\u0142adach produkcyjnych, magazynach oraz centrach logistycznych.\",\"potentialAction\":[{\"@type\":\"SearchAction\",\"target\":{\"@type\":\"EntryPoint\",\"urlTemplate\":\"https:\/\/antersystem.com\/sk\/?s={search_term_string}\"},\"query-input\":{\"@type\":\"PropertyValueSpecification\",\"valueRequired\":true,\"valueName\":\"search_term_string\"}}],\"inLanguage\":\"sk-SK\"}]}<\/script>\n<!-- \/ Yoast SEO plugin. -->","yoast_head_json":{"title":"Udr\u017eate\u013en\u00e9 postupy - Anter System","description":"Sledovanie glob\u00e1lnych iniciat\u00edv a noriem EcoVadis pom\u00e1ha spolo\u010dnostiam hodnoti\u0165, ako efekt\u00edvne riadia svoje postupy v oblasti spolo\u010denskej zodpovednosti.","robots":{"index":"index","follow":"follow","max-snippet":"max-snippet:-1","max-image-preview":"max-image-preview:large","max-video-preview":"max-video-preview:-1"},"canonical":"https:\/\/antersystem.com\/sk\/novinky\/sustainable-practices\/","og_locale":"sk_SK","og_type":"article","og_title":"Udr\u017eate\u013en\u00e9 postupy - Anter System","og_description":"Sledovanie glob\u00e1lnych iniciat\u00edv a noriem EcoVadis pom\u00e1ha spolo\u010dnostiam hodnoti\u0165, ako efekt\u00edvne riadia svoje postupy v oblasti spolo\u010denskej zodpovednosti.","og_url":"https:\/\/antersystem.com\/sk\/novinky\/sustainable-practices\/","og_site_name":"Anter System","article_modified_time":"2026-01-30T13:29:58+00:00","og_image":[{"url":"https:\/\/antersystem.com\/wp-content\/uploads\/ECOVADIS-1-1024x535.webp","type":"","width":"","height":""}],"twitter_card":"summary_large_image","twitter_misc":{"Predpokladan\u00fd \u010das \u010d\u00edtania":"1 min\u00fata"},"schema":{"@context":"https:\/\/schema.org","@graph":[{"@type":"WebPage","@id":"https:\/\/antersystem.com\/sk\/novinky\/sustainable-practices\/","url":"https:\/\/antersystem.com\/sk\/novinky\/sustainable-practices\/","name":"Udr\u017eate\u013en\u00e9 postupy - Anter System","isPartOf":{"@id":"https:\/\/antersystem.com\/sk\/#website"},"primaryImageOfPage":{"@id":"https:\/\/antersystem.com\/sk\/novinky\/sustainable-practices\/#primaryimage"},"image":{"@id":"https:\/\/antersystem.com\/sk\/novinky\/sustainable-practices\/#primaryimage"},"thumbnailUrl":"https:\/\/antersystem.com\/wp-content\/uploads\/ECOVADIS-1-1024x535.webp","datePublished":"2024-06-28T07:56:14+00:00","dateModified":"2026-01-30T13:29:58+00:00","description":"Sledovanie glob\u00e1lnych iniciat\u00edv a noriem EcoVadis pom\u00e1ha spolo\u010dnostiam hodnoti\u0165, ako efekt\u00edvne riadia svoje postupy v oblasti spolo\u010denskej zodpovednosti.","breadcrumb":{"@id":"https:\/\/antersystem.com\/sk\/novinky\/sustainable-practices\/#breadcrumb"},"inLanguage":"sk-SK","potentialAction":[{"@type":"ReadAction","target":["https:\/\/antersystem.com\/sk\/novinky\/sustainable-practices\/"]}]},{"@type":"ImageObject","inLanguage":"sk-SK","@id":"https:\/\/antersystem.com\/sk\/novinky\/sustainable-practices\/#primaryimage","url":"https:\/\/antersystem.com\/wp-content\/uploads\/ECOVADIS-1-1024x535.webp","contentUrl":"https:\/\/antersystem.com\/wp-content\/uploads\/ECOVADIS-1-1024x535.webp"},{"@type":"BreadcrumbList","@id":"https:\/\/antersystem.com\/sk\/novinky\/sustainable-practices\/#breadcrumb","itemListElement":[{"@type":"ListItem","position":1,"name":"AnterSystem","item":"https:\/\/antersystem.com\/sk\/"},{"@type":"ListItem","position":2,"name":"Novinky","item":"https:\/\/antersystem.com\/sk\/novinky\/"},{"@type":"ListItem","position":3,"name":"Udr\u017eate\u013en\u00e9 postupy"}]},{"@type":"WebSite","@id":"https:\/\/antersystem.com\/sk\/#website","url":"https:\/\/antersystem.com\/sk\/","name":"Anter System","description":"Jeste\u015bmy polskim producentem elastycznych barier ochronnych wykonywanych z polimerowych tworzyw sztucznych. Na rynku krajowym i zagranicznym dzia\u0142amy od ponad 15 lat dbaj\u0105c o zapewnienie bezpiecze\u0144stwa w zak\u0142adach produkcyjnych, magazynach oraz centrach logistycznych.","potentialAction":[{"@type":"SearchAction","target":{"@type":"EntryPoint","urlTemplate":"https:\/\/antersystem.com\/sk\/?s={search_term_string}"},"query-input":{"@type":"PropertyValueSpecification","valueRequired":true,"valueName":"search_term_string"}}],"inLanguage":"sk-SK"}]}},"_links":{"self":[{"href":"https:\/\/antersystem.com\/sk\/wp-json\/wp\/v2\/pages\/12768","targetHints":{"allow":["GET"]}}],"collection":[{"href":"https:\/\/antersystem.com\/sk\/wp-json\/wp\/v2\/pages"}],"about":[{"href":"https:\/\/antersystem.com\/sk\/wp-json\/wp\/v2\/types\/page"}],"author":[{"embeddable":true,"href":"https:\/\/antersystem.com\/sk\/wp-json\/wp\/v2\/users\/1"}],"replies":[{"embeddable":true,"href":"https:\/\/antersystem.com\/sk\/wp-json\/wp\/v2\/comments?post=12768"}],"version-history":[{"count":1,"href":"https:\/\/antersystem.com\/sk\/wp-json\/wp\/v2\/pages\/12768\/revisions"}],"predecessor-version":[{"id":12774,"href":"https:\/\/antersystem.com\/sk\/wp-json\/wp\/v2\/pages\/12768\/revisions\/12774"}],"up":[{"embeddable":true,"href":"https:\/\/antersystem.com\/sk\/wp-json\/wp\/v2\/pages\/30350"}],"wp:attachment":[{"href":"https:\/\/antersystem.com\/sk\/wp-json\/wp\/v2\/media?parent=12768"}],"curies":[{"name":"wp","href":"https:\/\/api.w.org\/{rel}","templated":true}]}}