{"id":12884,"date":"2023-09-01T11:11:31","date_gmt":"2023-09-01T09:11:31","guid":{"rendered":"https:\/\/new.antersystem.com\/case-studies\/barriers-traffic-r3\/"},"modified":"2026-01-30T01:31:31","modified_gmt":"2026-01-30T00:31:31","slug":"barriers-traffic-r3","status":"publish","type":"page","link":"https:\/\/antersystem.com\/sk\/case-studies\/barriers-traffic-r3\/","title":{"rendered":"Prek\u00e1\u017eky Traffic R3"},"content":{"rendered":"\n<div class=\"wp-block-columns is-layout-flex wp-container-core-columns-is-layout-9d6595d7 wp-block-columns-is-layout-flex\">\n<div class=\"wp-block-column is-layout-flow wp-block-column-is-layout-flow\" style=\"flex-basis:10%\"><\/div>\n\n\n\n<div class=\"wp-block-column is-layout-flow wp-block-column-is-layout-flow\" style=\"flex-basis:80%\">\n<p class=\"justify-mru\">\u010eal\u0161\u00ed projekt prisp\u00f4soben\u00fd individu\u00e1lnym potreb\u00e1m klienta bol realizovan\u00fd pre dod\u00e1vate\u013ea automobilov\u00fdch dielov z Nemecka. Dopravn\u00e9 bari\u00e9ry Traffic R3 a Wall PROTECTOR boli navrhnut\u00e9 a nain\u0161talovan\u00e9 na oddelenie vysoko polo\u017een\u00fdch skladovac\u00edch priestorov. Na elimin\u00e1ciu rizika kol\u00edzi\u00ed medzi vysokozdvi\u017en\u00fdmi voz\u00edkmi a chodcami boli zaveden\u00e9 bezpe\u010dnostn\u00e9 br\u00e1ny a automatick\u00e9 syst\u00e9my dopravn\u00fdch z\u00e1bran. Rozsah pou\u017eit\u00fdch rie\u0161en\u00ed nielen\u017ee zv\u00fd\u0161il celkov\u00fa \u00farove\u0148 bezpe\u010dnosti, ale aj zefekt\u00edvnil v\u00fdrobn\u00e9 procesy.<\/p>\n\n\n\nngg_shortcode_0_placeholder\n<\/div>\n\n\n\n<div class=\"wp-block-column is-layout-flow wp-block-column-is-layout-flow\" style=\"flex-basis:10%\"><\/div>\n<\/div>\n","protected":false},"excerpt":{"rendered":"<p>\u010eal\u0161\u00ed projekt prisp\u00f4soben\u00fd individu\u00e1lnym potreb\u00e1m klienta bol realizovan\u00fd pre dod\u00e1vate\u013ea automobilov\u00fdch dielov z Nemecka. Dopravn\u00e9 bari\u00e9ry Traffic R3 a Wall PROTECTOR boli navrhnut\u00e9 a nain\u0161talovan\u00e9 na oddelenie vysoko polo\u017een\u00fdch skladovac\u00edch priestorov. Na elimin\u00e1ciu rizika kol\u00edzi\u00ed medzi vysokozdvi\u017en\u00fdmi voz\u00edkmi a chodcami boli zaveden\u00e9 bezpe\u010dnostn\u00e9 br\u00e1ny a automatick\u00e9 syst\u00e9my dopravn\u00fdch z\u00e1bran. Rozsah pou\u017eit\u00fdch rie\u0161en\u00ed nielen\u017ee zv\u00fd\u0161il celkov\u00fa [&hellip;]<\/p>\n","protected":false},"author":1,"featured_media":0,"parent":12713,"menu_order":0,"comment_status":"closed","ping_status":"closed","template":"","meta":{"inline_featured_image":false,"ngg_post_thumbnail":0,"footnotes":""},"class_list":["post-12884","page","type-page","status-publish","hentry"],"acf":[],"yoast_head":"<!-- This site is optimized with the Yoast SEO plugin v27.0 - https:\/\/yoast.com\/product\/yoast-seo-wordpress\/ -->\n<title>Prek\u00e1\u017eky Traffic R3 - Anter System<\/title>\n<meta name=\"description\" content=\"\u010eal\u0161\u00ed projekt prisp\u00f4soben\u00fd individu\u00e1lnym potreb\u00e1m klienta bol realizovan\u00fd pre dod\u00e1vate\u013ea automobilov\u00fdch dielov z Nemecka. Dopravn\u00e9 bari\u00e9ry Traffic R3 a\" \/>\n<meta name=\"robots\" content=\"index, follow, max-snippet:-1, max-image-preview:large, max-video-preview:-1\" \/>\n<link rel=\"canonical\" href=\"https:\/\/antersystem.com\/sk\/case-studies\/barriers-traffic-r3\/\" \/>\n<meta property=\"og:locale\" content=\"sk_SK\" \/>\n<meta property=\"og:type\" content=\"article\" \/>\n<meta property=\"og:title\" content=\"Prek\u00e1\u017eky Traffic R3 - Anter System\" \/>\n<meta property=\"og:description\" content=\"\u010eal\u0161\u00ed projekt prisp\u00f4soben\u00fd individu\u00e1lnym potreb\u00e1m klienta bol realizovan\u00fd pre dod\u00e1vate\u013ea automobilov\u00fdch dielov z Nemecka. Dopravn\u00e9 bari\u00e9ry Traffic R3 a\" \/>\n<meta property=\"og:url\" content=\"https:\/\/antersystem.com\/sk\/case-studies\/barriers-traffic-r3\/\" \/>\n<meta property=\"og:site_name\" content=\"Anter System\" \/>\n<meta property=\"article:modified_time\" content=\"2026-01-30T00:31:31+00:00\" \/>\n<meta name=\"twitter:card\" content=\"summary_large_image\" \/>\n<meta name=\"twitter:label1\" content=\"Predpokladan\u00fd \u010das \u010d\u00edtania\" \/>\n\t<meta name=\"twitter:data1\" content=\"1 min\u00fata\" \/>\n<script type=\"application\/ld+json\" class=\"yoast-schema-graph\">{\"@context\":\"https:\/\/schema.org\",\"@graph\":[{\"@type\":\"WebPage\",\"@id\":\"https:\/\/antersystem.com\/sk\/case-studies\/barriers-traffic-r3\/\",\"url\":\"https:\/\/antersystem.com\/sk\/case-studies\/barriers-traffic-r3\/\",\"name\":\"Prek\u00e1\u017eky Traffic R3 - Anter System\",\"isPartOf\":{\"@id\":\"https:\/\/antersystem.com\/sk\/#website\"},\"datePublished\":\"2023-09-01T09:11:31+00:00\",\"dateModified\":\"2026-01-30T00:31:31+00:00\",\"description\":\"\u010eal\u0161\u00ed projekt prisp\u00f4soben\u00fd individu\u00e1lnym potreb\u00e1m klienta bol realizovan\u00fd pre dod\u00e1vate\u013ea automobilov\u00fdch dielov z Nemecka. Dopravn\u00e9 bari\u00e9ry Traffic R3 a\",\"breadcrumb\":{\"@id\":\"https:\/\/antersystem.com\/sk\/case-studies\/barriers-traffic-r3\/#breadcrumb\"},\"inLanguage\":\"sk-SK\",\"potentialAction\":[{\"@type\":\"ReadAction\",\"target\":[\"https:\/\/antersystem.com\/sk\/case-studies\/barriers-traffic-r3\/\"]}]},{\"@type\":\"BreadcrumbList\",\"@id\":\"https:\/\/antersystem.com\/sk\/case-studies\/barriers-traffic-r3\/#breadcrumb\",\"itemListElement\":[{\"@type\":\"ListItem\",\"position\":1,\"name\":\"AnterSystem\",\"item\":\"https:\/\/antersystem.com\/sk\/\"},{\"@type\":\"ListItem\",\"position\":2,\"name\":\"Pr\u00edpadov\u00e9 \u0161t\u00fadie\",\"item\":\"https:\/\/antersystem.com\/sk\/case-studies\/\"},{\"@type\":\"ListItem\",\"position\":3,\"name\":\"Prek\u00e1\u017eky Traffic R3\"}]},{\"@type\":\"WebSite\",\"@id\":\"https:\/\/antersystem.com\/sk\/#website\",\"url\":\"https:\/\/antersystem.com\/sk\/\",\"name\":\"Anter System\",\"description\":\"Jeste\u015bmy polskim producentem elastycznych barier ochronnych wykonywanych z polimerowych tworzyw sztucznych. Na rynku krajowym i zagranicznym dzia\u0142amy od ponad 15 lat dbaj\u0105c o zapewnienie bezpiecze\u0144stwa w zak\u0142adach produkcyjnych, magazynach oraz centrach logistycznych.\",\"potentialAction\":[{\"@type\":\"SearchAction\",\"target\":{\"@type\":\"EntryPoint\",\"urlTemplate\":\"https:\/\/antersystem.com\/sk\/?s={search_term_string}\"},\"query-input\":{\"@type\":\"PropertyValueSpecification\",\"valueRequired\":true,\"valueName\":\"search_term_string\"}}],\"inLanguage\":\"sk-SK\"}]}<\/script>\n<!-- \/ Yoast SEO plugin. -->","yoast_head_json":{"title":"Prek\u00e1\u017eky Traffic R3 - Anter System","description":"\u010eal\u0161\u00ed projekt prisp\u00f4soben\u00fd individu\u00e1lnym potreb\u00e1m klienta bol realizovan\u00fd pre dod\u00e1vate\u013ea automobilov\u00fdch dielov z Nemecka. Dopravn\u00e9 bari\u00e9ry Traffic R3 a","robots":{"index":"index","follow":"follow","max-snippet":"max-snippet:-1","max-image-preview":"max-image-preview:large","max-video-preview":"max-video-preview:-1"},"canonical":"https:\/\/antersystem.com\/sk\/case-studies\/barriers-traffic-r3\/","og_locale":"sk_SK","og_type":"article","og_title":"Prek\u00e1\u017eky Traffic R3 - Anter System","og_description":"\u010eal\u0161\u00ed projekt prisp\u00f4soben\u00fd individu\u00e1lnym potreb\u00e1m klienta bol realizovan\u00fd pre dod\u00e1vate\u013ea automobilov\u00fdch dielov z Nemecka. Dopravn\u00e9 bari\u00e9ry Traffic R3 a","og_url":"https:\/\/antersystem.com\/sk\/case-studies\/barriers-traffic-r3\/","og_site_name":"Anter System","article_modified_time":"2026-01-30T00:31:31+00:00","twitter_card":"summary_large_image","twitter_misc":{"Predpokladan\u00fd \u010das \u010d\u00edtania":"1 min\u00fata"},"schema":{"@context":"https:\/\/schema.org","@graph":[{"@type":"WebPage","@id":"https:\/\/antersystem.com\/sk\/case-studies\/barriers-traffic-r3\/","url":"https:\/\/antersystem.com\/sk\/case-studies\/barriers-traffic-r3\/","name":"Prek\u00e1\u017eky Traffic R3 - Anter System","isPartOf":{"@id":"https:\/\/antersystem.com\/sk\/#website"},"datePublished":"2023-09-01T09:11:31+00:00","dateModified":"2026-01-30T00:31:31+00:00","description":"\u010eal\u0161\u00ed projekt prisp\u00f4soben\u00fd individu\u00e1lnym potreb\u00e1m klienta bol realizovan\u00fd pre dod\u00e1vate\u013ea automobilov\u00fdch dielov z Nemecka. Dopravn\u00e9 bari\u00e9ry Traffic R3 a","breadcrumb":{"@id":"https:\/\/antersystem.com\/sk\/case-studies\/barriers-traffic-r3\/#breadcrumb"},"inLanguage":"sk-SK","potentialAction":[{"@type":"ReadAction","target":["https:\/\/antersystem.com\/sk\/case-studies\/barriers-traffic-r3\/"]}]},{"@type":"BreadcrumbList","@id":"https:\/\/antersystem.com\/sk\/case-studies\/barriers-traffic-r3\/#breadcrumb","itemListElement":[{"@type":"ListItem","position":1,"name":"AnterSystem","item":"https:\/\/antersystem.com\/sk\/"},{"@type":"ListItem","position":2,"name":"Pr\u00edpadov\u00e9 \u0161t\u00fadie","item":"https:\/\/antersystem.com\/sk\/case-studies\/"},{"@type":"ListItem","position":3,"name":"Prek\u00e1\u017eky Traffic R3"}]},{"@type":"WebSite","@id":"https:\/\/antersystem.com\/sk\/#website","url":"https:\/\/antersystem.com\/sk\/","name":"Anter System","description":"Jeste\u015bmy polskim producentem elastycznych barier ochronnych wykonywanych z polimerowych tworzyw sztucznych. Na rynku krajowym i zagranicznym dzia\u0142amy od ponad 15 lat dbaj\u0105c o zapewnienie bezpiecze\u0144stwa w zak\u0142adach produkcyjnych, magazynach oraz centrach logistycznych.","potentialAction":[{"@type":"SearchAction","target":{"@type":"EntryPoint","urlTemplate":"https:\/\/antersystem.com\/sk\/?s={search_term_string}"},"query-input":{"@type":"PropertyValueSpecification","valueRequired":true,"valueName":"search_term_string"}}],"inLanguage":"sk-SK"}]}},"_links":{"self":[{"href":"https:\/\/antersystem.com\/sk\/wp-json\/wp\/v2\/pages\/12884","targetHints":{"allow":["GET"]}}],"collection":[{"href":"https:\/\/antersystem.com\/sk\/wp-json\/wp\/v2\/pages"}],"about":[{"href":"https:\/\/antersystem.com\/sk\/wp-json\/wp\/v2\/types\/page"}],"author":[{"embeddable":true,"href":"https:\/\/antersystem.com\/sk\/wp-json\/wp\/v2\/users\/1"}],"replies":[{"embeddable":true,"href":"https:\/\/antersystem.com\/sk\/wp-json\/wp\/v2\/comments?post=12884"}],"version-history":[{"count":1,"href":"https:\/\/antersystem.com\/sk\/wp-json\/wp\/v2\/pages\/12884\/revisions"}],"predecessor-version":[{"id":12886,"href":"https:\/\/antersystem.com\/sk\/wp-json\/wp\/v2\/pages\/12884\/revisions\/12886"}],"up":[{"embeddable":true,"href":"https:\/\/antersystem.com\/sk\/wp-json\/wp\/v2\/pages\/12713"}],"wp:attachment":[{"href":"https:\/\/antersystem.com\/sk\/wp-json\/wp\/v2\/media?parent=12884"}],"curies":[{"name":"wp","href":"https:\/\/api.w.org\/{rel}","templated":true}]}}