{"id":12895,"date":"2023-09-01T11:13:45","date_gmt":"2023-09-01T09:13:45","guid":{"rendered":"https:\/\/new.antersystem.com\/case-studies\/gb-barriers\/"},"modified":"2026-01-30T01:31:27","modified_gmt":"2026-01-30T00:31:27","slug":"gb-barriers","status":"publish","type":"page","link":"https:\/\/antersystem.com\/sk\/case-studies\/gb-barriers\/","title":{"rendered":"Bari\u00e9ry GB"},"content":{"rendered":"\n<div class=\"wp-block-columns is-layout-flex wp-container-core-columns-is-layout-9d6595d7 wp-block-columns-is-layout-flex\">\n<div class=\"wp-block-column is-layout-flow wp-block-column-is-layout-flow\" style=\"flex-basis:10%\"><\/div>\n\n\n\n<div class=\"wp-block-column is-layout-flow wp-block-column-is-layout-flow\" style=\"flex-basis:80%\">\n<p class=\"justify-mru\">Pre najv\u00e4\u010d\u0161ieho americk\u00e9ho oper\u00e1tora na svete, ktor\u00fd sa \u0161pecializuje na zmluvn\u00fa logistiku, sme navrhli a realizovali projekt ochrany dopravn\u00edkov a prepravn\u00fdch liniek s pou\u017eit\u00edm flexibiln\u00fdch bari\u00e9r GB spolo\u010dnosti Anter System. S\u00fa\u010das\u0165ou koncepcie bolo aj zv\u00fd\u0161enie bezpe\u010dnosti oddelen\u00edm strojov, chodn\u00edkov a pracovn\u00fdch pl\u00f4ch pomocou flexibiln\u00fdch bezpe\u010dnostn\u00fdch z\u00e1bran Pedestrian R3 HD+. Kritick\u00e9 body boli dodato\u010dne zabezpe\u010den\u00e9 ochrann\u00fdmi st\u013apikmi PA HD+. Na ochranu stojanov a siet\u00ed sa pou\u017eili obrubn\u00edky KB. Stavebn\u00e9 st\u013apy boli zabezpe\u010den\u00e9 ochrann\u00fdmi prvkami RAL5. Pozornos\u0165 venovan\u00e1 ka\u017ed\u00e9mu detailu projektu prispela k zv\u00fd\u0161eniu celkovej \u00farovne bezpe\u010dnosti a komfortu na pracovisku.<\/p>\n\n\n\nngg_shortcode_0_placeholder\n<\/div>\n\n\n\n<div class=\"wp-block-column is-layout-flow wp-block-column-is-layout-flow\" style=\"flex-basis:10%\"><\/div>\n<\/div>\n","protected":false},"excerpt":{"rendered":"<p>Pre najv\u00e4\u010d\u0161ieho americk\u00e9ho oper\u00e1tora na svete, ktor\u00fd sa \u0161pecializuje na zmluvn\u00fa logistiku, sme navrhli a realizovali projekt ochrany dopravn\u00edkov a prepravn\u00fdch liniek s pou\u017eit\u00edm flexibiln\u00fdch bari\u00e9r GB spolo\u010dnosti Anter System. S\u00fa\u010das\u0165ou koncepcie bolo aj zv\u00fd\u0161enie bezpe\u010dnosti oddelen\u00edm strojov, chodn\u00edkov a pracovn\u00fdch pl\u00f4ch pomocou flexibiln\u00fdch bezpe\u010dnostn\u00fdch z\u00e1bran Pedestrian R3 HD+. Kritick\u00e9 body boli dodato\u010dne zabezpe\u010den\u00e9 ochrann\u00fdmi [&hellip;]<\/p>\n","protected":false},"author":1,"featured_media":0,"parent":12713,"menu_order":0,"comment_status":"closed","ping_status":"closed","template":"","meta":{"inline_featured_image":false,"ngg_post_thumbnail":0,"footnotes":""},"class_list":["post-12895","page","type-page","status-publish","hentry"],"acf":[],"yoast_head":"<!-- This site is optimized with the Yoast SEO plugin v27.0 - https:\/\/yoast.com\/product\/yoast-seo-wordpress\/ -->\n<title>Bari\u00e9ry GB - Anter System<\/title>\n<meta name=\"description\" content=\"Pre najv\u00e4\u010d\u0161ieho americk\u00e9ho oper\u00e1tora na svete, ktor\u00fd sa \u0161pecializuje na zmluvn\u00fa logistiku, sme navrhli a realizovali projekt ochrany dopravn\u00edkov a\" \/>\n<meta name=\"robots\" content=\"index, follow, max-snippet:-1, max-image-preview:large, max-video-preview:-1\" \/>\n<link rel=\"canonical\" href=\"https:\/\/antersystem.com\/sk\/case-studies\/gb-barriers\/\" \/>\n<meta property=\"og:locale\" content=\"sk_SK\" \/>\n<meta property=\"og:type\" content=\"article\" \/>\n<meta property=\"og:title\" content=\"Bari\u00e9ry GB - Anter System\" \/>\n<meta property=\"og:description\" content=\"Pre najv\u00e4\u010d\u0161ieho americk\u00e9ho oper\u00e1tora na svete, ktor\u00fd sa \u0161pecializuje na zmluvn\u00fa logistiku, sme navrhli a realizovali projekt ochrany dopravn\u00edkov a\" \/>\n<meta property=\"og:url\" content=\"https:\/\/antersystem.com\/sk\/case-studies\/gb-barriers\/\" \/>\n<meta property=\"og:site_name\" content=\"Anter System\" \/>\n<meta property=\"article:modified_time\" content=\"2026-01-30T00:31:27+00:00\" \/>\n<meta name=\"twitter:card\" content=\"summary_large_image\" \/>\n<meta name=\"twitter:label1\" content=\"Predpokladan\u00fd \u010das \u010d\u00edtania\" \/>\n\t<meta name=\"twitter:data1\" content=\"1 min\u00fata\" \/>\n<script type=\"application\/ld+json\" class=\"yoast-schema-graph\">{\"@context\":\"https:\/\/schema.org\",\"@graph\":[{\"@type\":\"WebPage\",\"@id\":\"https:\/\/antersystem.com\/sk\/case-studies\/gb-barriers\/\",\"url\":\"https:\/\/antersystem.com\/sk\/case-studies\/gb-barriers\/\",\"name\":\"Bari\u00e9ry GB - Anter System\",\"isPartOf\":{\"@id\":\"https:\/\/antersystem.com\/sk\/#website\"},\"datePublished\":\"2023-09-01T09:13:45+00:00\",\"dateModified\":\"2026-01-30T00:31:27+00:00\",\"description\":\"Pre najv\u00e4\u010d\u0161ieho americk\u00e9ho oper\u00e1tora na svete, ktor\u00fd sa \u0161pecializuje na zmluvn\u00fa logistiku, sme navrhli a realizovali projekt ochrany dopravn\u00edkov a\",\"breadcrumb\":{\"@id\":\"https:\/\/antersystem.com\/sk\/case-studies\/gb-barriers\/#breadcrumb\"},\"inLanguage\":\"sk-SK\",\"potentialAction\":[{\"@type\":\"ReadAction\",\"target\":[\"https:\/\/antersystem.com\/sk\/case-studies\/gb-barriers\/\"]}]},{\"@type\":\"BreadcrumbList\",\"@id\":\"https:\/\/antersystem.com\/sk\/case-studies\/gb-barriers\/#breadcrumb\",\"itemListElement\":[{\"@type\":\"ListItem\",\"position\":1,\"name\":\"AnterSystem\",\"item\":\"https:\/\/antersystem.com\/sk\/\"},{\"@type\":\"ListItem\",\"position\":2,\"name\":\"Pr\u00edpadov\u00e9 \u0161t\u00fadie\",\"item\":\"https:\/\/antersystem.com\/sk\/case-studies\/\"},{\"@type\":\"ListItem\",\"position\":3,\"name\":\"Bari\u00e9ry GB\"}]},{\"@type\":\"WebSite\",\"@id\":\"https:\/\/antersystem.com\/sk\/#website\",\"url\":\"https:\/\/antersystem.com\/sk\/\",\"name\":\"Anter System\",\"description\":\"Jeste\u015bmy polskim producentem elastycznych barier ochronnych wykonywanych z polimerowych tworzyw sztucznych. Na rynku krajowym i zagranicznym dzia\u0142amy od ponad 15 lat dbaj\u0105c o zapewnienie bezpiecze\u0144stwa w zak\u0142adach produkcyjnych, magazynach oraz centrach logistycznych.\",\"potentialAction\":[{\"@type\":\"SearchAction\",\"target\":{\"@type\":\"EntryPoint\",\"urlTemplate\":\"https:\/\/antersystem.com\/sk\/?s={search_term_string}\"},\"query-input\":{\"@type\":\"PropertyValueSpecification\",\"valueRequired\":true,\"valueName\":\"search_term_string\"}}],\"inLanguage\":\"sk-SK\"}]}<\/script>\n<!-- \/ Yoast SEO plugin. -->","yoast_head_json":{"title":"Bari\u00e9ry GB - Anter System","description":"Pre najv\u00e4\u010d\u0161ieho americk\u00e9ho oper\u00e1tora na svete, ktor\u00fd sa \u0161pecializuje na zmluvn\u00fa logistiku, sme navrhli a realizovali projekt ochrany dopravn\u00edkov a","robots":{"index":"index","follow":"follow","max-snippet":"max-snippet:-1","max-image-preview":"max-image-preview:large","max-video-preview":"max-video-preview:-1"},"canonical":"https:\/\/antersystem.com\/sk\/case-studies\/gb-barriers\/","og_locale":"sk_SK","og_type":"article","og_title":"Bari\u00e9ry GB - Anter System","og_description":"Pre najv\u00e4\u010d\u0161ieho americk\u00e9ho oper\u00e1tora na svete, ktor\u00fd sa \u0161pecializuje na zmluvn\u00fa logistiku, sme navrhli a realizovali projekt ochrany dopravn\u00edkov a","og_url":"https:\/\/antersystem.com\/sk\/case-studies\/gb-barriers\/","og_site_name":"Anter System","article_modified_time":"2026-01-30T00:31:27+00:00","twitter_card":"summary_large_image","twitter_misc":{"Predpokladan\u00fd \u010das \u010d\u00edtania":"1 min\u00fata"},"schema":{"@context":"https:\/\/schema.org","@graph":[{"@type":"WebPage","@id":"https:\/\/antersystem.com\/sk\/case-studies\/gb-barriers\/","url":"https:\/\/antersystem.com\/sk\/case-studies\/gb-barriers\/","name":"Bari\u00e9ry GB - Anter System","isPartOf":{"@id":"https:\/\/antersystem.com\/sk\/#website"},"datePublished":"2023-09-01T09:13:45+00:00","dateModified":"2026-01-30T00:31:27+00:00","description":"Pre najv\u00e4\u010d\u0161ieho americk\u00e9ho oper\u00e1tora na svete, ktor\u00fd sa \u0161pecializuje na zmluvn\u00fa logistiku, sme navrhli a realizovali projekt ochrany dopravn\u00edkov a","breadcrumb":{"@id":"https:\/\/antersystem.com\/sk\/case-studies\/gb-barriers\/#breadcrumb"},"inLanguage":"sk-SK","potentialAction":[{"@type":"ReadAction","target":["https:\/\/antersystem.com\/sk\/case-studies\/gb-barriers\/"]}]},{"@type":"BreadcrumbList","@id":"https:\/\/antersystem.com\/sk\/case-studies\/gb-barriers\/#breadcrumb","itemListElement":[{"@type":"ListItem","position":1,"name":"AnterSystem","item":"https:\/\/antersystem.com\/sk\/"},{"@type":"ListItem","position":2,"name":"Pr\u00edpadov\u00e9 \u0161t\u00fadie","item":"https:\/\/antersystem.com\/sk\/case-studies\/"},{"@type":"ListItem","position":3,"name":"Bari\u00e9ry GB"}]},{"@type":"WebSite","@id":"https:\/\/antersystem.com\/sk\/#website","url":"https:\/\/antersystem.com\/sk\/","name":"Anter System","description":"Jeste\u015bmy polskim producentem elastycznych barier ochronnych wykonywanych z polimerowych tworzyw sztucznych. Na rynku krajowym i zagranicznym dzia\u0142amy od ponad 15 lat dbaj\u0105c o zapewnienie bezpiecze\u0144stwa w zak\u0142adach produkcyjnych, magazynach oraz centrach logistycznych.","potentialAction":[{"@type":"SearchAction","target":{"@type":"EntryPoint","urlTemplate":"https:\/\/antersystem.com\/sk\/?s={search_term_string}"},"query-input":{"@type":"PropertyValueSpecification","valueRequired":true,"valueName":"search_term_string"}}],"inLanguage":"sk-SK"}]}},"_links":{"self":[{"href":"https:\/\/antersystem.com\/sk\/wp-json\/wp\/v2\/pages\/12895","targetHints":{"allow":["GET"]}}],"collection":[{"href":"https:\/\/antersystem.com\/sk\/wp-json\/wp\/v2\/pages"}],"about":[{"href":"https:\/\/antersystem.com\/sk\/wp-json\/wp\/v2\/types\/page"}],"author":[{"embeddable":true,"href":"https:\/\/antersystem.com\/sk\/wp-json\/wp\/v2\/users\/1"}],"replies":[{"embeddable":true,"href":"https:\/\/antersystem.com\/sk\/wp-json\/wp\/v2\/comments?post=12895"}],"version-history":[{"count":1,"href":"https:\/\/antersystem.com\/sk\/wp-json\/wp\/v2\/pages\/12895\/revisions"}],"predecessor-version":[{"id":12897,"href":"https:\/\/antersystem.com\/sk\/wp-json\/wp\/v2\/pages\/12895\/revisions\/12897"}],"up":[{"embeddable":true,"href":"https:\/\/antersystem.com\/sk\/wp-json\/wp\/v2\/pages\/12713"}],"wp:attachment":[{"href":"https:\/\/antersystem.com\/sk\/wp-json\/wp\/v2\/media?parent=12895"}],"curies":[{"name":"wp","href":"https:\/\/api.w.org\/{rel}","templated":true}]}}