{"id":12924,"date":"2023-10-06T11:50:25","date_gmt":"2023-10-06T09:50:25","guid":{"rendered":"https:\/\/new.antersystem.com\/case-studies\/kb-kerb-barriers\/"},"modified":"2026-01-30T01:30:10","modified_gmt":"2026-01-30T00:30:10","slug":"kb-kerb-barriers","status":"publish","type":"page","link":"https:\/\/antersystem.com\/sk\/case-studies\/kb-kerb-barriers\/","title":{"rendered":"KB Obrubn\u00edkov\u00e9 z\u00e1brany"},"content":{"rendered":"\n<p><\/p>\n\n<div class=\"wp-block-columns is-layout-flex wp-container-core-columns-is-layout-9d6595d7 wp-block-columns-is-layout-flex\">\n<div class=\"wp-block-column is-layout-flow wp-block-column-is-layout-flow\" style=\"flex-basis:10%\"><\/div>\n\n\n\n<div class=\"wp-block-column is-layout-flow wp-block-column-is-layout-flow\">\n<p>In\u0161tal\u00e1cia KB Barriers pre klienta z automobilov\u00e9ho priemyslu poskytla efekt\u00edvne rie\u0161enie na zabezpe\u010denie priestoru na skladovanie paletov\u00fdch boxov. KB bari\u00e9ry spolo\u010dnosti Anter System, vyroben\u00e9 z vysoko odoln\u00e9ho materi\u00e1lu ERTAX, sa uk\u00e1zali ako nevyhnutn\u00e9 na zabr\u00e1nenie pohybu a udr\u017eanie spr\u00e1vneho zarovnania boxov.<\/p>\n\n\n\n<p>V\u010faka extr\u00e9mnej odolnosti vo\u010di n\u00e1razom materi\u00e1l ERTAX zaru\u010duje nielen vynikaj\u00facu trvanlivos\u0165, ale aj minimalizuje riziko po\u0161kodenia alebo deform\u00e1cie z\u00e1bran. In\u0161tal\u00e1cia bari\u00e9r KB Barriers prispela k zv\u00fd\u0161eniu efekt\u00edvnosti skladovania a bezpe\u010dnosti v sklade. Toto rie\u0161enie nielen\u017ee \u0161etr\u00ed \u010das a n\u00e1klady, ale zvy\u0161uje aj celkov\u00fa funk\u010dnos\u0165 priestoru na skladovanie paletov\u00fdch boxov.<\/p>\n\n\n\nngg_shortcode_0_placeholder\n<\/div>\n\n\n\n<div class=\"wp-block-column is-layout-flow wp-block-column-is-layout-flow\" style=\"flex-basis:10%\"><\/div>\n<\/div>\n","protected":false},"excerpt":{"rendered":"<p>In\u0161tal\u00e1cia KB Barriers pre klienta z automobilov\u00e9ho priemyslu poskytla efekt\u00edvne rie\u0161enie na zabezpe\u010denie priestoru na skladovanie paletov\u00fdch boxov. KB bari\u00e9ry spolo\u010dnosti Anter System, vyroben\u00e9 z vysoko odoln\u00e9ho materi\u00e1lu ERTAX, sa uk\u00e1zali ako nevyhnutn\u00e9 na zabr\u00e1nenie pohybu a udr\u017eanie spr\u00e1vneho zarovnania boxov. V\u010faka extr\u00e9mnej odolnosti vo\u010di n\u00e1razom materi\u00e1l ERTAX zaru\u010duje nielen vynikaj\u00facu trvanlivos\u0165, ale aj minimalizuje [&hellip;]<\/p>\n","protected":false},"author":1,"featured_media":0,"parent":12713,"menu_order":0,"comment_status":"closed","ping_status":"closed","template":"","meta":{"inline_featured_image":false,"ngg_post_thumbnail":0,"footnotes":""},"class_list":["post-12924","page","type-page","status-publish","hentry"],"acf":[],"yoast_head":"<!-- This site is optimized with the Yoast SEO plugin v27.0 - https:\/\/yoast.com\/product\/yoast-seo-wordpress\/ -->\n<title>KB Obrubn\u00edkov\u00e9 z\u00e1brany - Anter System<\/title>\n<meta name=\"description\" content=\"In\u0161tal\u00e1cia KB Barriers pre klienta z automobilov\u00e9ho priemyslu poskytla efekt\u00edvne rie\u0161enie na zabezpe\u010denie priestoru na skladovanie paletov\u00fdch boxov. KB\" \/>\n<meta name=\"robots\" content=\"index, follow, max-snippet:-1, max-image-preview:large, max-video-preview:-1\" \/>\n<link rel=\"canonical\" href=\"https:\/\/antersystem.com\/sk\/case-studies\/kb-kerb-barriers\/\" \/>\n<meta property=\"og:locale\" content=\"sk_SK\" \/>\n<meta property=\"og:type\" content=\"article\" \/>\n<meta property=\"og:title\" content=\"KB Obrubn\u00edkov\u00e9 z\u00e1brany - Anter System\" \/>\n<meta property=\"og:description\" content=\"In\u0161tal\u00e1cia KB Barriers pre klienta z automobilov\u00e9ho priemyslu poskytla efekt\u00edvne rie\u0161enie na zabezpe\u010denie priestoru na skladovanie paletov\u00fdch boxov. KB\" \/>\n<meta property=\"og:url\" content=\"https:\/\/antersystem.com\/sk\/case-studies\/kb-kerb-barriers\/\" \/>\n<meta property=\"og:site_name\" content=\"Anter System\" \/>\n<meta property=\"article:modified_time\" content=\"2026-01-30T00:30:10+00:00\" \/>\n<meta name=\"twitter:card\" content=\"summary_large_image\" \/>\n<meta name=\"twitter:label1\" content=\"Predpokladan\u00fd \u010das \u010d\u00edtania\" \/>\n\t<meta name=\"twitter:data1\" content=\"1 min\u00fata\" \/>\n<script type=\"application\/ld+json\" class=\"yoast-schema-graph\">{\"@context\":\"https:\/\/schema.org\",\"@graph\":[{\"@type\":\"WebPage\",\"@id\":\"https:\/\/antersystem.com\/sk\/case-studies\/kb-kerb-barriers\/\",\"url\":\"https:\/\/antersystem.com\/sk\/case-studies\/kb-kerb-barriers\/\",\"name\":\"KB Obrubn\u00edkov\u00e9 z\u00e1brany - Anter System\",\"isPartOf\":{\"@id\":\"https:\/\/antersystem.com\/sk\/#website\"},\"datePublished\":\"2023-10-06T09:50:25+00:00\",\"dateModified\":\"2026-01-30T00:30:10+00:00\",\"description\":\"In\u0161tal\u00e1cia KB Barriers pre klienta z automobilov\u00e9ho priemyslu poskytla efekt\u00edvne rie\u0161enie na zabezpe\u010denie priestoru na skladovanie paletov\u00fdch boxov. KB\",\"breadcrumb\":{\"@id\":\"https:\/\/antersystem.com\/sk\/case-studies\/kb-kerb-barriers\/#breadcrumb\"},\"inLanguage\":\"sk-SK\",\"potentialAction\":[{\"@type\":\"ReadAction\",\"target\":[\"https:\/\/antersystem.com\/sk\/case-studies\/kb-kerb-barriers\/\"]}]},{\"@type\":\"BreadcrumbList\",\"@id\":\"https:\/\/antersystem.com\/sk\/case-studies\/kb-kerb-barriers\/#breadcrumb\",\"itemListElement\":[{\"@type\":\"ListItem\",\"position\":1,\"name\":\"AnterSystem\",\"item\":\"https:\/\/antersystem.com\/sk\/\"},{\"@type\":\"ListItem\",\"position\":2,\"name\":\"Pr\u00edpadov\u00e9 \u0161t\u00fadie\",\"item\":\"https:\/\/antersystem.com\/sk\/case-studies\/\"},{\"@type\":\"ListItem\",\"position\":3,\"name\":\"KB Obrubn\u00edkov\u00e9 z\u00e1brany\"}]},{\"@type\":\"WebSite\",\"@id\":\"https:\/\/antersystem.com\/sk\/#website\",\"url\":\"https:\/\/antersystem.com\/sk\/\",\"name\":\"Anter System\",\"description\":\"Jeste\u015bmy polskim producentem elastycznych barier ochronnych wykonywanych z polimerowych tworzyw sztucznych. Na rynku krajowym i zagranicznym dzia\u0142amy od ponad 15 lat dbaj\u0105c o zapewnienie bezpiecze\u0144stwa w zak\u0142adach produkcyjnych, magazynach oraz centrach logistycznych.\",\"potentialAction\":[{\"@type\":\"SearchAction\",\"target\":{\"@type\":\"EntryPoint\",\"urlTemplate\":\"https:\/\/antersystem.com\/sk\/?s={search_term_string}\"},\"query-input\":{\"@type\":\"PropertyValueSpecification\",\"valueRequired\":true,\"valueName\":\"search_term_string\"}}],\"inLanguage\":\"sk-SK\"}]}<\/script>\n<!-- \/ Yoast SEO plugin. -->","yoast_head_json":{"title":"KB Obrubn\u00edkov\u00e9 z\u00e1brany - Anter System","description":"In\u0161tal\u00e1cia KB Barriers pre klienta z automobilov\u00e9ho priemyslu poskytla efekt\u00edvne rie\u0161enie na zabezpe\u010denie priestoru na skladovanie paletov\u00fdch boxov. KB","robots":{"index":"index","follow":"follow","max-snippet":"max-snippet:-1","max-image-preview":"max-image-preview:large","max-video-preview":"max-video-preview:-1"},"canonical":"https:\/\/antersystem.com\/sk\/case-studies\/kb-kerb-barriers\/","og_locale":"sk_SK","og_type":"article","og_title":"KB Obrubn\u00edkov\u00e9 z\u00e1brany - Anter System","og_description":"In\u0161tal\u00e1cia KB Barriers pre klienta z automobilov\u00e9ho priemyslu poskytla efekt\u00edvne rie\u0161enie na zabezpe\u010denie priestoru na skladovanie paletov\u00fdch boxov. KB","og_url":"https:\/\/antersystem.com\/sk\/case-studies\/kb-kerb-barriers\/","og_site_name":"Anter System","article_modified_time":"2026-01-30T00:30:10+00:00","twitter_card":"summary_large_image","twitter_misc":{"Predpokladan\u00fd \u010das \u010d\u00edtania":"1 min\u00fata"},"schema":{"@context":"https:\/\/schema.org","@graph":[{"@type":"WebPage","@id":"https:\/\/antersystem.com\/sk\/case-studies\/kb-kerb-barriers\/","url":"https:\/\/antersystem.com\/sk\/case-studies\/kb-kerb-barriers\/","name":"KB Obrubn\u00edkov\u00e9 z\u00e1brany - Anter System","isPartOf":{"@id":"https:\/\/antersystem.com\/sk\/#website"},"datePublished":"2023-10-06T09:50:25+00:00","dateModified":"2026-01-30T00:30:10+00:00","description":"In\u0161tal\u00e1cia KB Barriers pre klienta z automobilov\u00e9ho priemyslu poskytla efekt\u00edvne rie\u0161enie na zabezpe\u010denie priestoru na skladovanie paletov\u00fdch boxov. KB","breadcrumb":{"@id":"https:\/\/antersystem.com\/sk\/case-studies\/kb-kerb-barriers\/#breadcrumb"},"inLanguage":"sk-SK","potentialAction":[{"@type":"ReadAction","target":["https:\/\/antersystem.com\/sk\/case-studies\/kb-kerb-barriers\/"]}]},{"@type":"BreadcrumbList","@id":"https:\/\/antersystem.com\/sk\/case-studies\/kb-kerb-barriers\/#breadcrumb","itemListElement":[{"@type":"ListItem","position":1,"name":"AnterSystem","item":"https:\/\/antersystem.com\/sk\/"},{"@type":"ListItem","position":2,"name":"Pr\u00edpadov\u00e9 \u0161t\u00fadie","item":"https:\/\/antersystem.com\/sk\/case-studies\/"},{"@type":"ListItem","position":3,"name":"KB Obrubn\u00edkov\u00e9 z\u00e1brany"}]},{"@type":"WebSite","@id":"https:\/\/antersystem.com\/sk\/#website","url":"https:\/\/antersystem.com\/sk\/","name":"Anter System","description":"Jeste\u015bmy polskim producentem elastycznych barier ochronnych wykonywanych z polimerowych tworzyw sztucznych. Na rynku krajowym i zagranicznym dzia\u0142amy od ponad 15 lat dbaj\u0105c o zapewnienie bezpiecze\u0144stwa w zak\u0142adach produkcyjnych, magazynach oraz centrach logistycznych.","potentialAction":[{"@type":"SearchAction","target":{"@type":"EntryPoint","urlTemplate":"https:\/\/antersystem.com\/sk\/?s={search_term_string}"},"query-input":{"@type":"PropertyValueSpecification","valueRequired":true,"valueName":"search_term_string"}}],"inLanguage":"sk-SK"}]}},"_links":{"self":[{"href":"https:\/\/antersystem.com\/sk\/wp-json\/wp\/v2\/pages\/12924","targetHints":{"allow":["GET"]}}],"collection":[{"href":"https:\/\/antersystem.com\/sk\/wp-json\/wp\/v2\/pages"}],"about":[{"href":"https:\/\/antersystem.com\/sk\/wp-json\/wp\/v2\/types\/page"}],"author":[{"embeddable":true,"href":"https:\/\/antersystem.com\/sk\/wp-json\/wp\/v2\/users\/1"}],"replies":[{"embeddable":true,"href":"https:\/\/antersystem.com\/sk\/wp-json\/wp\/v2\/comments?post=12924"}],"version-history":[{"count":1,"href":"https:\/\/antersystem.com\/sk\/wp-json\/wp\/v2\/pages\/12924\/revisions"}],"predecessor-version":[{"id":12929,"href":"https:\/\/antersystem.com\/sk\/wp-json\/wp\/v2\/pages\/12924\/revisions\/12929"}],"up":[{"embeddable":true,"href":"https:\/\/antersystem.com\/sk\/wp-json\/wp\/v2\/pages\/12713"}],"wp:attachment":[{"href":"https:\/\/antersystem.com\/sk\/wp-json\/wp\/v2\/media?parent=12924"}],"curies":[{"name":"wp","href":"https:\/\/api.w.org\/{rel}","templated":true}]}}