{"id":12973,"date":"2023-08-28T15:34:49","date_gmt":"2023-08-28T13:34:49","guid":{"rendered":"https:\/\/new.antersystem.com\/case-studies\/high-storage-barriers-wroclaw\/"},"modified":"2026-01-30T01:30:58","modified_gmt":"2026-01-30T00:30:58","slug":"high-storage-barriers-wroclaw","status":"publish","type":"page","link":"https:\/\/antersystem.com\/sk\/case-studies\/high-storage-barriers-wroclaw\/","title":{"rendered":"Vysok\u00e9 \u00falo\u017en\u00e9 bari\u00e9ry vo Wroclawi"},"content":{"rendered":"\n<div class=\"wp-block-columns is-layout-flex wp-container-core-columns-is-layout-9d6595d7 wp-block-columns-is-layout-flex\">\n<div class=\"wp-block-column is-layout-flow wp-block-column-is-layout-flow\" style=\"flex-basis:10%\"><\/div>\n\n\n\n<div class=\"wp-block-column is-layout-flow wp-block-column-is-layout-flow\" style=\"flex-basis:80%\">\n<p class=\"justify-mru\">Spolo\u010dnos\u0165, ktor\u00e1 je eur\u00f3pskym l\u00eddrom vo v\u00fdrobe k\u00e1blov pre automobilov\u00fd priemysel, mala dlho probl\u00e9my so zabezpe\u010den\u00edm skladovac\u00edch pl\u00f4ch pre stohy \u0165a\u017ek\u00fdch v\u00fdrobkov.<\/p>\n\n\n\n<p class=\"justify-mru\">Spolo\u010dnos\u0165 presk\u00famala a konzultovala r\u00f4zne rie\u0161enia ochrany. Nakoniec si vybrali rie\u0161enie Anter System, ktor\u00e9 ich presved\u010dilo svojou robustnou kon\u0161trukciou, jednoduchou in\u0161tal\u00e1ciou v stiesnen\u00fdch priestoroch a &#8211; \u010do je pre klienta d\u00f4le\u017eit\u00e9 &#8211; svojou kvalitnou povrchovou \u00fapravou.<\/p>\n\n\n\n<p class=\"justify-mru\">Implement\u00e1ciou n\u00e1\u0161ho rie\u0161enia &#8211; vysok\u00fdch \u00falo\u017en\u00fdch z\u00e1bran WALL PROTECTOR &#8211; spolo\u010dnos\u0165 nielen zv\u00fd\u0161ila bezpe\u010dnos\u0165 pracovn\u00fdch miest a dopravn\u00fdch tr\u00e1s, ale aj lep\u0161ie vyu\u017eila priestory, kde s\u00fa ulo\u017een\u00e9 k\u00e1ble. Dosiahli svoj cie\u013e zn\u00ed\u017ei\u0165 riziko spojen\u00e9 s prevracan\u00edm ulo\u017een\u00e9ho materi\u00e1lu v bl\u00edzkosti pracovn\u00fdch miest a ciest pre chodcov a vozidl\u00e1.  <\/p>\n\n\n\nngg_shortcode_0_placeholder\n<\/div>\n\n\n\n<div class=\"wp-block-column is-layout-flow wp-block-column-is-layout-flow\" style=\"flex-basis:10%\"><\/div>\n<\/div>\n","protected":false},"excerpt":{"rendered":"<p>Spolo\u010dnos\u0165, ktor\u00e1 je eur\u00f3pskym l\u00eddrom vo v\u00fdrobe k\u00e1blov pre automobilov\u00fd priemysel, mala dlho probl\u00e9my so zabezpe\u010den\u00edm skladovac\u00edch pl\u00f4ch pre stohy \u0165a\u017ek\u00fdch v\u00fdrobkov. Spolo\u010dnos\u0165 presk\u00famala a konzultovala r\u00f4zne rie\u0161enia ochrany. Nakoniec si vybrali rie\u0161enie Anter System, ktor\u00e9 ich presved\u010dilo svojou robustnou kon\u0161trukciou, jednoduchou in\u0161tal\u00e1ciou v stiesnen\u00fdch priestoroch a &#8211; \u010do je pre klienta d\u00f4le\u017eit\u00e9 &#8211; svojou [&hellip;]<\/p>\n","protected":false},"author":1,"featured_media":0,"parent":12713,"menu_order":0,"comment_status":"closed","ping_status":"closed","template":"","meta":{"inline_featured_image":false,"ngg_post_thumbnail":0,"footnotes":""},"class_list":["post-12973","page","type-page","status-publish","hentry"],"acf":[],"yoast_head":"<!-- This site is optimized with the Yoast SEO plugin v27.0 - https:\/\/yoast.com\/product\/yoast-seo-wordpress\/ -->\n<title>Vysok\u00e9 \u00falo\u017en\u00e9 bari\u00e9ry vo Wroclawi - Anter System<\/title>\n<meta name=\"description\" content=\"Spolo\u010dnos\u0165, ktor\u00e1 je eur\u00f3pskym l\u00eddrom vo v\u00fdrobe k\u00e1blov pre automobilov\u00fd priemysel, mala dlho probl\u00e9my so zabezpe\u010den\u00edm skladovac\u00edch pl\u00f4ch pre stohy \u0165a\u017ek\u00fdch\" \/>\n<meta name=\"robots\" content=\"index, follow, max-snippet:-1, max-image-preview:large, max-video-preview:-1\" \/>\n<link rel=\"canonical\" href=\"https:\/\/antersystem.com\/sk\/case-studies\/high-storage-barriers-wroclaw\/\" \/>\n<meta property=\"og:locale\" content=\"sk_SK\" \/>\n<meta property=\"og:type\" content=\"article\" \/>\n<meta property=\"og:title\" content=\"Vysok\u00e9 \u00falo\u017en\u00e9 bari\u00e9ry vo Wroclawi - Anter System\" \/>\n<meta property=\"og:description\" content=\"Spolo\u010dnos\u0165, ktor\u00e1 je eur\u00f3pskym l\u00eddrom vo v\u00fdrobe k\u00e1blov pre automobilov\u00fd priemysel, mala dlho probl\u00e9my so zabezpe\u010den\u00edm skladovac\u00edch pl\u00f4ch pre stohy \u0165a\u017ek\u00fdch\" \/>\n<meta property=\"og:url\" content=\"https:\/\/antersystem.com\/sk\/case-studies\/high-storage-barriers-wroclaw\/\" \/>\n<meta property=\"og:site_name\" content=\"Anter System\" \/>\n<meta property=\"article:modified_time\" content=\"2026-01-30T00:30:58+00:00\" \/>\n<meta name=\"twitter:card\" content=\"summary_large_image\" \/>\n<meta name=\"twitter:label1\" content=\"Predpokladan\u00fd \u010das \u010d\u00edtania\" \/>\n\t<meta name=\"twitter:data1\" content=\"1 min\u00fata\" \/>\n<script type=\"application\/ld+json\" class=\"yoast-schema-graph\">{\"@context\":\"https:\/\/schema.org\",\"@graph\":[{\"@type\":\"WebPage\",\"@id\":\"https:\/\/antersystem.com\/sk\/case-studies\/high-storage-barriers-wroclaw\/\",\"url\":\"https:\/\/antersystem.com\/sk\/case-studies\/high-storage-barriers-wroclaw\/\",\"name\":\"Vysok\u00e9 \u00falo\u017en\u00e9 bari\u00e9ry vo Wroclawi - Anter System\",\"isPartOf\":{\"@id\":\"https:\/\/antersystem.com\/sk\/#website\"},\"datePublished\":\"2023-08-28T13:34:49+00:00\",\"dateModified\":\"2026-01-30T00:30:58+00:00\",\"description\":\"Spolo\u010dnos\u0165, ktor\u00e1 je eur\u00f3pskym l\u00eddrom vo v\u00fdrobe k\u00e1blov pre automobilov\u00fd priemysel, mala dlho probl\u00e9my so zabezpe\u010den\u00edm skladovac\u00edch pl\u00f4ch pre stohy \u0165a\u017ek\u00fdch\",\"breadcrumb\":{\"@id\":\"https:\/\/antersystem.com\/sk\/case-studies\/high-storage-barriers-wroclaw\/#breadcrumb\"},\"inLanguage\":\"sk-SK\",\"potentialAction\":[{\"@type\":\"ReadAction\",\"target\":[\"https:\/\/antersystem.com\/sk\/case-studies\/high-storage-barriers-wroclaw\/\"]}]},{\"@type\":\"BreadcrumbList\",\"@id\":\"https:\/\/antersystem.com\/sk\/case-studies\/high-storage-barriers-wroclaw\/#breadcrumb\",\"itemListElement\":[{\"@type\":\"ListItem\",\"position\":1,\"name\":\"AnterSystem\",\"item\":\"https:\/\/antersystem.com\/sk\/\"},{\"@type\":\"ListItem\",\"position\":2,\"name\":\"Pr\u00edpadov\u00e9 \u0161t\u00fadie\",\"item\":\"https:\/\/antersystem.com\/sk\/case-studies\/\"},{\"@type\":\"ListItem\",\"position\":3,\"name\":\"Vysok\u00e9 \u00falo\u017en\u00e9 bari\u00e9ry vo Wroclawi\"}]},{\"@type\":\"WebSite\",\"@id\":\"https:\/\/antersystem.com\/sk\/#website\",\"url\":\"https:\/\/antersystem.com\/sk\/\",\"name\":\"Anter System\",\"description\":\"Jeste\u015bmy polskim producentem elastycznych barier ochronnych wykonywanych z polimerowych tworzyw sztucznych. Na rynku krajowym i zagranicznym dzia\u0142amy od ponad 15 lat dbaj\u0105c o zapewnienie bezpiecze\u0144stwa w zak\u0142adach produkcyjnych, magazynach oraz centrach logistycznych.\",\"potentialAction\":[{\"@type\":\"SearchAction\",\"target\":{\"@type\":\"EntryPoint\",\"urlTemplate\":\"https:\/\/antersystem.com\/sk\/?s={search_term_string}\"},\"query-input\":{\"@type\":\"PropertyValueSpecification\",\"valueRequired\":true,\"valueName\":\"search_term_string\"}}],\"inLanguage\":\"sk-SK\"}]}<\/script>\n<!-- \/ Yoast SEO plugin. -->","yoast_head_json":{"title":"Vysok\u00e9 \u00falo\u017en\u00e9 bari\u00e9ry vo Wroclawi - Anter System","description":"Spolo\u010dnos\u0165, ktor\u00e1 je eur\u00f3pskym l\u00eddrom vo v\u00fdrobe k\u00e1blov pre automobilov\u00fd priemysel, mala dlho probl\u00e9my so zabezpe\u010den\u00edm skladovac\u00edch pl\u00f4ch pre stohy \u0165a\u017ek\u00fdch","robots":{"index":"index","follow":"follow","max-snippet":"max-snippet:-1","max-image-preview":"max-image-preview:large","max-video-preview":"max-video-preview:-1"},"canonical":"https:\/\/antersystem.com\/sk\/case-studies\/high-storage-barriers-wroclaw\/","og_locale":"sk_SK","og_type":"article","og_title":"Vysok\u00e9 \u00falo\u017en\u00e9 bari\u00e9ry vo Wroclawi - Anter System","og_description":"Spolo\u010dnos\u0165, ktor\u00e1 je eur\u00f3pskym l\u00eddrom vo v\u00fdrobe k\u00e1blov pre automobilov\u00fd priemysel, mala dlho probl\u00e9my so zabezpe\u010den\u00edm skladovac\u00edch pl\u00f4ch pre stohy \u0165a\u017ek\u00fdch","og_url":"https:\/\/antersystem.com\/sk\/case-studies\/high-storage-barriers-wroclaw\/","og_site_name":"Anter System","article_modified_time":"2026-01-30T00:30:58+00:00","twitter_card":"summary_large_image","twitter_misc":{"Predpokladan\u00fd \u010das \u010d\u00edtania":"1 min\u00fata"},"schema":{"@context":"https:\/\/schema.org","@graph":[{"@type":"WebPage","@id":"https:\/\/antersystem.com\/sk\/case-studies\/high-storage-barriers-wroclaw\/","url":"https:\/\/antersystem.com\/sk\/case-studies\/high-storage-barriers-wroclaw\/","name":"Vysok\u00e9 \u00falo\u017en\u00e9 bari\u00e9ry vo Wroclawi - Anter System","isPartOf":{"@id":"https:\/\/antersystem.com\/sk\/#website"},"datePublished":"2023-08-28T13:34:49+00:00","dateModified":"2026-01-30T00:30:58+00:00","description":"Spolo\u010dnos\u0165, ktor\u00e1 je eur\u00f3pskym l\u00eddrom vo v\u00fdrobe k\u00e1blov pre automobilov\u00fd priemysel, mala dlho probl\u00e9my so zabezpe\u010den\u00edm skladovac\u00edch pl\u00f4ch pre stohy \u0165a\u017ek\u00fdch","breadcrumb":{"@id":"https:\/\/antersystem.com\/sk\/case-studies\/high-storage-barriers-wroclaw\/#breadcrumb"},"inLanguage":"sk-SK","potentialAction":[{"@type":"ReadAction","target":["https:\/\/antersystem.com\/sk\/case-studies\/high-storage-barriers-wroclaw\/"]}]},{"@type":"BreadcrumbList","@id":"https:\/\/antersystem.com\/sk\/case-studies\/high-storage-barriers-wroclaw\/#breadcrumb","itemListElement":[{"@type":"ListItem","position":1,"name":"AnterSystem","item":"https:\/\/antersystem.com\/sk\/"},{"@type":"ListItem","position":2,"name":"Pr\u00edpadov\u00e9 \u0161t\u00fadie","item":"https:\/\/antersystem.com\/sk\/case-studies\/"},{"@type":"ListItem","position":3,"name":"Vysok\u00e9 \u00falo\u017en\u00e9 bari\u00e9ry vo Wroclawi"}]},{"@type":"WebSite","@id":"https:\/\/antersystem.com\/sk\/#website","url":"https:\/\/antersystem.com\/sk\/","name":"Anter System","description":"Jeste\u015bmy polskim producentem elastycznych barier ochronnych wykonywanych z polimerowych tworzyw sztucznych. Na rynku krajowym i zagranicznym dzia\u0142amy od ponad 15 lat dbaj\u0105c o zapewnienie bezpiecze\u0144stwa w zak\u0142adach produkcyjnych, magazynach oraz centrach logistycznych.","potentialAction":[{"@type":"SearchAction","target":{"@type":"EntryPoint","urlTemplate":"https:\/\/antersystem.com\/sk\/?s={search_term_string}"},"query-input":{"@type":"PropertyValueSpecification","valueRequired":true,"valueName":"search_term_string"}}],"inLanguage":"sk-SK"}]}},"_links":{"self":[{"href":"https:\/\/antersystem.com\/sk\/wp-json\/wp\/v2\/pages\/12973","targetHints":{"allow":["GET"]}}],"collection":[{"href":"https:\/\/antersystem.com\/sk\/wp-json\/wp\/v2\/pages"}],"about":[{"href":"https:\/\/antersystem.com\/sk\/wp-json\/wp\/v2\/types\/page"}],"author":[{"embeddable":true,"href":"https:\/\/antersystem.com\/sk\/wp-json\/wp\/v2\/users\/1"}],"replies":[{"embeddable":true,"href":"https:\/\/antersystem.com\/sk\/wp-json\/wp\/v2\/comments?post=12973"}],"version-history":[{"count":1,"href":"https:\/\/antersystem.com\/sk\/wp-json\/wp\/v2\/pages\/12973\/revisions"}],"predecessor-version":[{"id":12974,"href":"https:\/\/antersystem.com\/sk\/wp-json\/wp\/v2\/pages\/12973\/revisions\/12974"}],"up":[{"embeddable":true,"href":"https:\/\/antersystem.com\/sk\/wp-json\/wp\/v2\/pages\/12713"}],"wp:attachment":[{"href":"https:\/\/antersystem.com\/sk\/wp-json\/wp\/v2\/media?parent=12973"}],"curies":[{"name":"wp","href":"https:\/\/api.w.org\/{rel}","templated":true}]}}