{"id":12984,"date":"2024-12-06T14:52:25","date_gmt":"2024-12-06T13:52:25","guid":{"rendered":"https:\/\/new.antersystem.com\/case-studies\/pa-bollards-gb-barriers-cold-storage-facility\/"},"modified":"2026-01-31T22:28:36","modified_gmt":"2026-01-31T21:28:36","slug":"pa-bollards-gb-barriers-cold-storage-facility","status":"publish","type":"page","link":"https:\/\/antersystem.com\/sk\/case-studies\/pa-bollards-gb-barriers-cold-storage-facility\/","title":{"rendered":"PA st\u013apiky a GB z\u00e1brany v chladiarenskom sklade"},"content":{"rendered":"\n<div class=\"wp-block-columns is-layout-flex wp-container-core-columns-is-layout-9d6595d7 wp-block-columns-is-layout-flex\">\n<div class=\"wp-block-column is-layout-flow wp-block-column-is-layout-flow\" style=\"flex-basis:10%\"><\/div>\n\n\n\n<div class=\"wp-block-column is-layout-flow wp-block-column-is-layout-flow\">\n<h2 class=\"wp-block-heading\">Ochrann\u00e9 st\u013apiky PA a z\u00e1brany GB HD+. \u00da\u010dinn\u00e1 ochrana infra\u0161trukt\u00fary pri n\u00edzkych teplot\u00e1ch<\/h2>\n\n\n\n<p>V jednom z na\u0161ich projektov priemyselnej bezpe\u010dnosti, ktor\u00fd sme realizovali pre novopostaven\u00fd chladiarensk\u00fd sklad, sme \u010delili v\u00fdzve chr\u00e1ni\u0165 k\u013e\u00fa\u010dov\u00e9 prvky infra\u0161trukt\u00fary vystaven\u00e9 mo\u017en\u00e9mu po\u0161kodeniu. Intenz\u00edvna prev\u00e1dzka vysokozdvi\u017en\u00fdch voz\u00edkov a ru\u010dn\u00fdch prepravn\u00fdch voz\u00edkov si vy\u017eadovala rie\u0161enia, ktor\u00e9 by nielen chr\u00e1nili kritick\u00e9 oblasti zariadenia, ale boli by aj <strong>odoln\u00e9 vo\u010di extr\u00e9mnym podmienkam &#8211; teplot\u00e1m<\/strong> dosahuj\u00facim a\u017e -40 \u00b0C.<\/p>\n\n\n\n<p>Rozsah projektu zah\u0155\u0148al ochranu prvkov, ako s\u00fa vstupn\u00e9 br\u00e1ny, nakladacie rampy, sanit\u00e1rne zariadenia a steny vo v\u00fdrobn\u00fdch a skladov\u00fdch priestoroch. Okrem toho museli rie\u0161enia sp\u013a\u0148a\u0165 vysok\u00e9 hygienick\u00e9 po\u017eiadavky platn\u00e9 v potravin\u00e1rskom priemysle.<\/p>\n\n\n\n<h3 class=\"wp-block-heading\">Implement\u00e1cia<\/h3>\n\n\n\n<p>Proces sa za\u010dal <strong>podrobn\u00fdm auditom lokality,<\/strong> ktor\u00fd n\u00e1m umo\u017enil identifikova\u0165 oblasti najviac ohrozen\u00e9 po\u0161koden\u00edm. Spolupr\u00e1ca s klientom bola k\u013e\u00fa\u010dov\u00e1 v ka\u017edej f\u00e1ze &#8211; od anal\u00fdzy potrieb a\u017e po implement\u00e1ciu vhodn\u00fdch produktov. Na\u0161ou \u00falohou bolo nielen poskytn\u00fa\u0165 \u00fa\u010dinn\u00fa ochranu, ale aj navrhn\u00fa\u0165 rie\u0161enie, ktor\u00e9 by bolo odoln\u00e9, estetick\u00e9 a funk\u010dn\u00e9 pri ka\u017edodennom pou\u017e\u00edvan\u00ed.<\/p>\n\n\n\n<p>Na ochranu infra\u0161trukt\u00fary sme pou\u017eili flexibiln\u00e9 <a href=\"https:\/\/antersystem.com\/produkty\/elastyczny-slup-ochronny-pa\/\">ochrann\u00e9 st\u013apiky<\/a> PA , z\u00e1brany pre chodcov PEDESTRIAN R2 GB a podlahov\u00e9 <a href=\"https:\/\/antersystem.com\/produkty\/elastyczna-bariera-gb-hd\/\">z\u00e1brany GB .<\/a> Ochrann\u00e9 z\u00e1brany PA boli nain\u0161talovan\u00e9 na vstupn\u00fdch br\u00e1nach, nakladac\u00edch ramp\u00e1ch a dver\u00e1ch pou\u017e\u00edvan\u00fdch vozidlami a ru\u010dn\u00fdmi prepravn\u00fdmi voz\u00edkmi. Umiest\u0148ovali sa aj v bl\u00edzkosti sanit\u00e1rnych zariaden\u00ed, ako s\u00fa um\u00fdvadl\u00e1, a chr\u00e1nili ich pred n\u00e1hodn\u00fdmi n\u00e1razmi.<\/p>\n\n\n\n<p>Pozd\u013a\u017e stien vystaven\u00fdch kontaktu s vidlicami vysokozdvi\u017en\u00fdch voz\u00edkov sme nain\u0161talovali flexibiln\u00e9 <a href=\"https:\/\/antersystem.com\/produkty\/elastyczna-bariera-pedestrian-r2-gb\/\">ochrann\u00e9 z\u00e1brany pre chodcov PEDESTRIAN R2 GB<\/a>, ako aj podlahov\u00e9 z\u00e1brany GB. Tieto rie\u0161enia poskytuj\u00fa \u00fa\u010dinn\u00fa ochranu spodn\u00fdch \u010dast\u00ed stien pred mechanick\u00fdm po\u0161koden\u00edm.<\/p>\n\n\n\n<p>D\u00f4le\u017eit\u00fdm aspektom implement\u00e1cie bolo pou\u017eitie \u0161pecializovanej produktovej l\u00ednie navrhnutej <strong>na prev\u00e1dzku pri extr\u00e9mne n\u00edzkych teplot\u00e1ch.<\/strong> Dokonca aj v chladn\u00fdch skladovac\u00edch podmienkach si tieto rie\u0161enia zachov\u00e1vaj\u00fa svoju pru\u017enos\u0165 a odolnos\u0165, \u010do znamen\u00e1, \u017ee vydr\u017eia n\u00e1razy bez toho, aby praskli alebo sa rozpadli. Pou\u017eit\u00e9 v\u00fdrobky s\u00fa vyroben\u00e9 z vysokokvalitn\u00fdch polym\u00e9rnych materi\u00e1lov, ktor\u00e9 s\u00fa odoln\u00e9 vo\u010di kor\u00f3zii a in\u00fdm mechanick\u00fdm po\u0161kodeniam.<\/p>\n\n\n\n<h3 class=\"wp-block-heading\">V\u00fdsledky<\/h3>\n\n\n\n<p>Implementovan\u00e9 rie\u0161enia priniesli viacer\u00e9 v\u00fdhody. Zabezpe\u010dili sme \u00fa\u010dinn\u00fa ochranu infra\u0161trukt\u00fary, v\u010faka \u010domu sa klient vyhol n\u00e1kladom spojen\u00fdm s pr\u00edpadn\u00fdmi opravami br\u00e1n, dokov alebo sanit\u00e1rnych zariaden\u00ed. V\u010faka spr\u00e1vnemu umiestneniu ochrann\u00fdch prvkov funguje cel\u00e9 zariadenie ako ucelen\u00fd bezpe\u010dnostn\u00fd syst\u00e9m, ktor\u00fd minimalizuje riziko po\u0161kodenia po\u010das ka\u017edodennej prev\u00e1dzky.<\/p>\n\n\n\n<p>Materi\u00e1ly, ktor\u00e9 spolo\u010dnos\u0165 Anter System pou\u017e\u00edva pri v\u00fdrobe ochrann\u00fdch bari\u00e9r a z\u00e1bran, sa \u013eahko udr\u017eiavaj\u00fa v \u010distote, \u010do je v potravin\u00e1rskom priemysle ve\u013emi d\u00f4le\u017eit\u00e9. <a href=\"https:\/\/antersystem.com\/wiedza-i-nowosci\/standardy-higieniczne\/\">Sp\u013a\u0148aj\u00fa pr\u00edsne po\u017eiadavky HACCP a FDA, \u010do<\/a> potvrdzuje ich bezpe\u010dnos\u0165 pri styku s potravinami. Okrem toho sme pri in\u0161tal\u00e1cii pou\u017eili vn\u00fatorn\u00e9 mont\u00e1\u017ene rie\u0161enia ur\u010den\u00e9 pre oblasti vy\u017eaduj\u00face najvy\u0161\u0161ie hygienick\u00e9 \u0161tandardy.<\/p>\n\n\n\n<p>K\u013e\u00fa\u010dovou v\u00fdhodou implementovan\u00e9ho rie\u0161enia je jeho odolnos\u0165 vo\u010di n\u00edzkym teplot\u00e1m. Flexibiln\u00e9 z\u00e1brany Anter System z radu ur\u010den\u00e9ho do prostredia s ve\u013emi n\u00edzkymi teplotami si zachov\u00e1vaj\u00fa pln\u00fa funk\u010dnos\u0165 pri teplot\u00e1ch <strong>a\u017e do -40 \u00b0C,<\/strong> \u010do z nich rob\u00ed ide\u00e1lnu vo\u013ebu pre chladiarensk\u00e9 sklady a mraziace zariadenia.<\/p>\n\n\n\n<h3 class=\"wp-block-heading\">Zhrnutie<\/h3>\n\n\n\n<p>Projekt chladiarensk\u00e9ho skladu je \u010fal\u0161\u00edm pr\u00edkladom \u00fa\u010dinn\u00e9ho pou\u017eitia ochrann\u00fdch bari\u00e9rov\u00fdch syst\u00e9mov Anter System v \u0161pecializovan\u00fdch podmienkach. Kombin\u00e1cia <strong>flexibility, odolnosti a estetiky zabezpe\u010dila, \u017ee<\/strong> realizovan\u00e9 z\u00e1brany a ochrann\u00e9 st\u013apiky plne splnili o\u010dak\u00e1vania klienta. V\u010faka starostliv\u00e9mu pl\u00e1novaniu, spr\u00e1vnemu v\u00fdberu produktov a profesion\u00e1lnemu prevedeniu bol objekt komplexne chr\u00e1nen\u00fd, \u010do viedlo k zv\u00fd\u0161eniu bezpe\u010dnosti a zn\u00ed\u017eeniu potenci\u00e1lnych n\u00e1kladov na opravy.<\/p>\n<\/div>\n\n\n\n<div class=\"wp-block-column is-layout-flow wp-block-column-is-layout-flow\" style=\"flex-basis:10%\"><\/div>\n<\/div>\n\nngg_shortcode_0_placeholder\n","protected":false},"excerpt":{"rendered":"<p>Ochrann\u00e9 st\u013apiky PA a z\u00e1brany GB HD+. \u00da\u010dinn\u00e1 ochrana infra\u0161trukt\u00fary pri n\u00edzkych teplot\u00e1ch V jednom z na\u0161ich projektov priemyselnej bezpe\u010dnosti, ktor\u00fd sme realizovali pre novopostaven\u00fd chladiarensk\u00fd sklad, sme \u010delili v\u00fdzve chr\u00e1ni\u0165 k\u013e\u00fa\u010dov\u00e9 prvky infra\u0161trukt\u00fary vystaven\u00e9 mo\u017en\u00e9mu po\u0161kodeniu. Intenz\u00edvna prev\u00e1dzka vysokozdvi\u017en\u00fdch voz\u00edkov a ru\u010dn\u00fdch prepravn\u00fdch voz\u00edkov si vy\u017eadovala rie\u0161enia, ktor\u00e9 by nielen chr\u00e1nili kritick\u00e9 oblasti zariadenia, [&hellip;]<\/p>\n","protected":false},"author":1,"featured_media":0,"parent":12713,"menu_order":0,"comment_status":"closed","ping_status":"closed","template":"","meta":{"inline_featured_image":false,"ngg_post_thumbnail":0,"footnotes":""},"class_list":["post-12984","page","type-page","status-publish","hentry"],"acf":[],"yoast_head":"<!-- This site is optimized with the Yoast SEO plugin v27.0 - https:\/\/yoast.com\/product\/yoast-seo-wordpress\/ -->\n<title>PA st\u013apiky a GB z\u00e1brany v chladiarenskom sklade - Anter System<\/title>\n<meta name=\"description\" content=\"Ochrann\u00e9 st\u013apiky PA a z\u00e1brany GB HD+. \u00da\u010dinn\u00e1 ochrana infra\u0161trukt\u00fary pri n\u00edzkych teplot\u00e1ch V jednom z na\u0161ich projektov priemyselnej bezpe\u010dnosti, ktor\u00fd sme\" \/>\n<meta name=\"robots\" content=\"index, follow, max-snippet:-1, max-image-preview:large, max-video-preview:-1\" \/>\n<link rel=\"canonical\" href=\"https:\/\/antersystem.com\/sk\/case-studies\/pa-bollards-gb-barriers-cold-storage-facility\/\" \/>\n<meta property=\"og:locale\" content=\"sk_SK\" \/>\n<meta property=\"og:type\" content=\"article\" \/>\n<meta property=\"og:title\" content=\"PA st\u013apiky a GB z\u00e1brany v chladiarenskom sklade - Anter System\" \/>\n<meta property=\"og:description\" content=\"Ochrann\u00e9 st\u013apiky PA a z\u00e1brany GB HD+. \u00da\u010dinn\u00e1 ochrana infra\u0161trukt\u00fary pri n\u00edzkych teplot\u00e1ch V jednom z na\u0161ich projektov priemyselnej bezpe\u010dnosti, ktor\u00fd sme\" \/>\n<meta property=\"og:url\" content=\"https:\/\/antersystem.com\/sk\/case-studies\/pa-bollards-gb-barriers-cold-storage-facility\/\" \/>\n<meta property=\"og:site_name\" content=\"Anter System\" \/>\n<meta property=\"article:modified_time\" content=\"2026-01-31T21:28:36+00:00\" \/>\n<meta name=\"twitter:card\" content=\"summary_large_image\" \/>\n<meta name=\"twitter:label1\" content=\"Predpokladan\u00fd \u010das \u010d\u00edtania\" \/>\n\t<meta name=\"twitter:data1\" content=\"4 min\u00faty\" \/>\n<script type=\"application\/ld+json\" class=\"yoast-schema-graph\">{\"@context\":\"https:\/\/schema.org\",\"@graph\":[{\"@type\":\"WebPage\",\"@id\":\"https:\/\/antersystem.com\/sk\/case-studies\/pa-bollards-gb-barriers-cold-storage-facility\/\",\"url\":\"https:\/\/antersystem.com\/sk\/case-studies\/pa-bollards-gb-barriers-cold-storage-facility\/\",\"name\":\"PA st\u013apiky a GB z\u00e1brany v chladiarenskom sklade - Anter System\",\"isPartOf\":{\"@id\":\"https:\/\/antersystem.com\/sk\/#website\"},\"datePublished\":\"2024-12-06T13:52:25+00:00\",\"dateModified\":\"2026-01-31T21:28:36+00:00\",\"description\":\"Ochrann\u00e9 st\u013apiky PA a z\u00e1brany GB HD+. \u00da\u010dinn\u00e1 ochrana infra\u0161trukt\u00fary pri n\u00edzkych teplot\u00e1ch V jednom z na\u0161ich projektov priemyselnej bezpe\u010dnosti, ktor\u00fd sme\",\"breadcrumb\":{\"@id\":\"https:\/\/antersystem.com\/sk\/case-studies\/pa-bollards-gb-barriers-cold-storage-facility\/#breadcrumb\"},\"inLanguage\":\"sk-SK\",\"potentialAction\":[{\"@type\":\"ReadAction\",\"target\":[\"https:\/\/antersystem.com\/sk\/case-studies\/pa-bollards-gb-barriers-cold-storage-facility\/\"]}]},{\"@type\":\"BreadcrumbList\",\"@id\":\"https:\/\/antersystem.com\/sk\/case-studies\/pa-bollards-gb-barriers-cold-storage-facility\/#breadcrumb\",\"itemListElement\":[{\"@type\":\"ListItem\",\"position\":1,\"name\":\"AnterSystem\",\"item\":\"https:\/\/antersystem.com\/sk\/\"},{\"@type\":\"ListItem\",\"position\":2,\"name\":\"Pr\u00edpadov\u00e9 \u0161t\u00fadie\",\"item\":\"https:\/\/antersystem.com\/sk\/case-studies\/\"},{\"@type\":\"ListItem\",\"position\":3,\"name\":\"PA st\u013apiky a GB z\u00e1brany v chladiarenskom sklade\"}]},{\"@type\":\"WebSite\",\"@id\":\"https:\/\/antersystem.com\/sk\/#website\",\"url\":\"https:\/\/antersystem.com\/sk\/\",\"name\":\"Anter System\",\"description\":\"Jeste\u015bmy polskim producentem elastycznych barier ochronnych wykonywanych z polimerowych tworzyw sztucznych. Na rynku krajowym i zagranicznym dzia\u0142amy od ponad 15 lat dbaj\u0105c o zapewnienie bezpiecze\u0144stwa w zak\u0142adach produkcyjnych, magazynach oraz centrach logistycznych.\",\"potentialAction\":[{\"@type\":\"SearchAction\",\"target\":{\"@type\":\"EntryPoint\",\"urlTemplate\":\"https:\/\/antersystem.com\/sk\/?s={search_term_string}\"},\"query-input\":{\"@type\":\"PropertyValueSpecification\",\"valueRequired\":true,\"valueName\":\"search_term_string\"}}],\"inLanguage\":\"sk-SK\"}]}<\/script>\n<!-- \/ Yoast SEO plugin. -->","yoast_head_json":{"title":"PA st\u013apiky a GB z\u00e1brany v chladiarenskom sklade - Anter System","description":"Ochrann\u00e9 st\u013apiky PA a z\u00e1brany GB HD+. \u00da\u010dinn\u00e1 ochrana infra\u0161trukt\u00fary pri n\u00edzkych teplot\u00e1ch V jednom z na\u0161ich projektov priemyselnej bezpe\u010dnosti, ktor\u00fd sme","robots":{"index":"index","follow":"follow","max-snippet":"max-snippet:-1","max-image-preview":"max-image-preview:large","max-video-preview":"max-video-preview:-1"},"canonical":"https:\/\/antersystem.com\/sk\/case-studies\/pa-bollards-gb-barriers-cold-storage-facility\/","og_locale":"sk_SK","og_type":"article","og_title":"PA st\u013apiky a GB z\u00e1brany v chladiarenskom sklade - Anter System","og_description":"Ochrann\u00e9 st\u013apiky PA a z\u00e1brany GB HD+. \u00da\u010dinn\u00e1 ochrana infra\u0161trukt\u00fary pri n\u00edzkych teplot\u00e1ch V jednom z na\u0161ich projektov priemyselnej bezpe\u010dnosti, ktor\u00fd sme","og_url":"https:\/\/antersystem.com\/sk\/case-studies\/pa-bollards-gb-barriers-cold-storage-facility\/","og_site_name":"Anter System","article_modified_time":"2026-01-31T21:28:36+00:00","twitter_card":"summary_large_image","twitter_misc":{"Predpokladan\u00fd \u010das \u010d\u00edtania":"4 min\u00faty"},"schema":{"@context":"https:\/\/schema.org","@graph":[{"@type":"WebPage","@id":"https:\/\/antersystem.com\/sk\/case-studies\/pa-bollards-gb-barriers-cold-storage-facility\/","url":"https:\/\/antersystem.com\/sk\/case-studies\/pa-bollards-gb-barriers-cold-storage-facility\/","name":"PA st\u013apiky a GB z\u00e1brany v chladiarenskom sklade - Anter System","isPartOf":{"@id":"https:\/\/antersystem.com\/sk\/#website"},"datePublished":"2024-12-06T13:52:25+00:00","dateModified":"2026-01-31T21:28:36+00:00","description":"Ochrann\u00e9 st\u013apiky PA a z\u00e1brany GB HD+. \u00da\u010dinn\u00e1 ochrana infra\u0161trukt\u00fary pri n\u00edzkych teplot\u00e1ch V jednom z na\u0161ich projektov priemyselnej bezpe\u010dnosti, ktor\u00fd sme","breadcrumb":{"@id":"https:\/\/antersystem.com\/sk\/case-studies\/pa-bollards-gb-barriers-cold-storage-facility\/#breadcrumb"},"inLanguage":"sk-SK","potentialAction":[{"@type":"ReadAction","target":["https:\/\/antersystem.com\/sk\/case-studies\/pa-bollards-gb-barriers-cold-storage-facility\/"]}]},{"@type":"BreadcrumbList","@id":"https:\/\/antersystem.com\/sk\/case-studies\/pa-bollards-gb-barriers-cold-storage-facility\/#breadcrumb","itemListElement":[{"@type":"ListItem","position":1,"name":"AnterSystem","item":"https:\/\/antersystem.com\/sk\/"},{"@type":"ListItem","position":2,"name":"Pr\u00edpadov\u00e9 \u0161t\u00fadie","item":"https:\/\/antersystem.com\/sk\/case-studies\/"},{"@type":"ListItem","position":3,"name":"PA st\u013apiky a GB z\u00e1brany v chladiarenskom sklade"}]},{"@type":"WebSite","@id":"https:\/\/antersystem.com\/sk\/#website","url":"https:\/\/antersystem.com\/sk\/","name":"Anter System","description":"Jeste\u015bmy polskim producentem elastycznych barier ochronnych wykonywanych z polimerowych tworzyw sztucznych. Na rynku krajowym i zagranicznym dzia\u0142amy od ponad 15 lat dbaj\u0105c o zapewnienie bezpiecze\u0144stwa w zak\u0142adach produkcyjnych, magazynach oraz centrach logistycznych.","potentialAction":[{"@type":"SearchAction","target":{"@type":"EntryPoint","urlTemplate":"https:\/\/antersystem.com\/sk\/?s={search_term_string}"},"query-input":{"@type":"PropertyValueSpecification","valueRequired":true,"valueName":"search_term_string"}}],"inLanguage":"sk-SK"}]}},"_links":{"self":[{"href":"https:\/\/antersystem.com\/sk\/wp-json\/wp\/v2\/pages\/12984","targetHints":{"allow":["GET"]}}],"collection":[{"href":"https:\/\/antersystem.com\/sk\/wp-json\/wp\/v2\/pages"}],"about":[{"href":"https:\/\/antersystem.com\/sk\/wp-json\/wp\/v2\/types\/page"}],"author":[{"embeddable":true,"href":"https:\/\/antersystem.com\/sk\/wp-json\/wp\/v2\/users\/1"}],"replies":[{"embeddable":true,"href":"https:\/\/antersystem.com\/sk\/wp-json\/wp\/v2\/comments?post=12984"}],"version-history":[{"count":1,"href":"https:\/\/antersystem.com\/sk\/wp-json\/wp\/v2\/pages\/12984\/revisions"}],"predecessor-version":[{"id":12990,"href":"https:\/\/antersystem.com\/sk\/wp-json\/wp\/v2\/pages\/12984\/revisions\/12990"}],"up":[{"embeddable":true,"href":"https:\/\/antersystem.com\/sk\/wp-json\/wp\/v2\/pages\/12713"}],"wp:attachment":[{"href":"https:\/\/antersystem.com\/sk\/wp-json\/wp\/v2\/media?parent=12984"}],"curies":[{"name":"wp","href":"https:\/\/api.w.org\/{rel}","templated":true}]}}