{"id":13039,"date":"2023-12-11T12:55:28","date_gmt":"2023-12-11T11:55:28","guid":{"rendered":"https:\/\/new.antersystem.com\/case-studies\/sga-safety-gates\/"},"modified":"2026-01-30T01:31:15","modified_gmt":"2026-01-30T00:31:15","slug":"sga-safety-gates","status":"publish","type":"page","link":"https:\/\/antersystem.com\/sk\/case-studies\/sga-safety-gates\/","title":{"rendered":"Bezpe\u010dnostn\u00e9 br\u00e1ny SGA"},"content":{"rendered":"\n<p><\/p>\n\n<div class=\"wp-block-columns is-layout-flex wp-container-core-columns-is-layout-9d6595d7 wp-block-columns-is-layout-flex\">\n  \n  <div class=\"wp-block-column is-layout-flow wp-block-column-is-layout-flow\" style=\"flex-basis:10%\"><\/div>\n  \n\n  \n  <div class=\"wp-block-column is-layout-flow wp-block-column-is-layout-flow\">\n    \n    <p>Na\u0161e syst\u00e9my in\u0161talujeme na z\u00e1klade \u0161pecifick\u00fdch potrieb ka\u017ed\u00e9ho skladov\u00e9ho priestoru. Poskytujeme ochranu v\u0161ade tam, kde hroz\u00ed riziko kol\u00edzie skladov\u00fdch vozidiel, a z\u00e1rove\u0148 zabezpe\u010dujeme plynul\u00fd pohyb chodcov. Pr\u00edklad takejto in\u0161tal\u00e1cie je uveden\u00fd ni\u017e\u0161ie &#8211; kombin\u00e1cia <strong>flexibiln\u00fdch z\u00e1bran pre chodcov<\/strong> a <a href=\"https:\/\/antersystem.com\/produkty\/bramka-bezpieczenstwa-ze-znakiem-stop\/\">br\u00e1ny SGA s v\u00fdstra\u017enou zna\u010dkou STOP<\/a>.<\/p>\n    \n\n    \n    <p>N\u00e1\u0161 klient z rodn\u00e9ho mesta predt\u00fdm pou\u017e\u00edval tradi\u010dn\u00e9 oce\u013eov\u00e9 z\u00e1brany a br\u00e1ny, ktor\u00e9 sa pri n\u00e1raze vysokozdvi\u017en\u00fdm voz\u00edkom \u0161tiepia a deformuj\u00fa. Podlaha okolo oce\u013eov\u00fdch z\u00e1bran sa \u010dasom tie\u017e po\u0161kod\u00ed. Preto si vybrali n\u00e1s &#8211; a my sme radi, \u017ee si n\u00e1s vybrali. <strong>Flexibiln\u00e9 bari\u00e9ry \u00fa\u010dinne chr\u00e1nia a<\/strong> z\u00e1rove\u0148 sl\u00fa\u017eia ako dlhodob\u00e1 invest\u00edcia do rozpo\u010dtu spolo\u010dnosti. Vy\u017eaduj\u00fa ove\u013ea menej \u00fadr\u017eby ako oce\u013eov\u00e9 &#8211; \u017eiadne prelakovanie, \u017eiadne opravy hrdze. Podlaha tie\u017e zost\u00e1va v lep\u0161om stave, preto\u017ee <strong>polym\u00e9rov\u00fd materi\u00e1l rovnomerne absorbuje n\u00e1razy<\/strong> po celom svojom povrchu. \u010eal\u0161\u00edm d\u00f4le\u017eit\u00fdm faktorom je bezpe\u010dn\u00fd syst\u00e9m kotvenia st\u013apikov. V\u00e1\u017eime si d\u00f4veru a sme otvoren\u00ed poskytn\u00fa\u0165 <a href=\"https:\/\/antersystem.com\/co-zabezpieczamy\/\">odborn\u00e9 poradenstvo v oblasti bezpe\u010dnosti a riadenia dopravn\u00e9ho toku v\u017edy, ke\u010f<\/a> je to potrebn\u00e9.<\/p>\n    \n\n    \n    ngg_shortcode_0_placeholder\n    \n  <\/div>\n  \n\n  \n  <div class=\"wp-block-column is-layout-flow wp-block-column-is-layout-flow\" style=\"flex-basis:10%\"><\/div>\n  \n<\/div>\n","protected":false},"excerpt":{"rendered":"<p>Na\u0161e syst\u00e9my in\u0161talujeme na z\u00e1klade \u0161pecifick\u00fdch potrieb ka\u017ed\u00e9ho skladov\u00e9ho priestoru. Poskytujeme ochranu v\u0161ade tam, kde hroz\u00ed riziko kol\u00edzie skladov\u00fdch vozidiel, a z\u00e1rove\u0148 zabezpe\u010dujeme plynul\u00fd pohyb chodcov. Pr\u00edklad takejto in\u0161tal\u00e1cie je uveden\u00fd ni\u017e\u0161ie &#8211; kombin\u00e1cia flexibiln\u00fdch z\u00e1bran pre chodcov a br\u00e1ny SGA s v\u00fdstra\u017enou zna\u010dkou STOP. N\u00e1\u0161 klient z rodn\u00e9ho mesta predt\u00fdm pou\u017e\u00edval tradi\u010dn\u00e9 oce\u013eov\u00e9 z\u00e1brany [&hellip;]<\/p>\n","protected":false},"author":1,"featured_media":0,"parent":12713,"menu_order":0,"comment_status":"closed","ping_status":"closed","template":"","meta":{"inline_featured_image":false,"ngg_post_thumbnail":0,"footnotes":""},"class_list":["post-13039","page","type-page","status-publish","hentry"],"acf":[],"yoast_head":"<!-- This site is optimized with the Yoast SEO plugin v27.0 - https:\/\/yoast.com\/product\/yoast-seo-wordpress\/ -->\n<title>Bezpe\u010dnostn\u00e9 br\u00e1ny SGA - Anter System<\/title>\n<meta name=\"description\" content=\"Na\u0161e syst\u00e9my in\u0161talujeme na z\u00e1klade \u0161pecifick\u00fdch potrieb ka\u017ed\u00e9ho skladov\u00e9ho priestoru. Poskytujeme ochranu v\u0161ade tam, kde hroz\u00ed riziko kol\u00edzie skladov\u00fdch\" \/>\n<meta name=\"robots\" content=\"index, follow, max-snippet:-1, max-image-preview:large, max-video-preview:-1\" \/>\n<link rel=\"canonical\" href=\"https:\/\/antersystem.com\/sk\/case-studies\/sga-safety-gates\/\" \/>\n<meta property=\"og:locale\" content=\"sk_SK\" \/>\n<meta property=\"og:type\" content=\"article\" \/>\n<meta property=\"og:title\" content=\"Bezpe\u010dnostn\u00e9 br\u00e1ny SGA - Anter System\" \/>\n<meta property=\"og:description\" content=\"Na\u0161e syst\u00e9my in\u0161talujeme na z\u00e1klade \u0161pecifick\u00fdch potrieb ka\u017ed\u00e9ho skladov\u00e9ho priestoru. Poskytujeme ochranu v\u0161ade tam, kde hroz\u00ed riziko kol\u00edzie skladov\u00fdch\" \/>\n<meta property=\"og:url\" content=\"https:\/\/antersystem.com\/sk\/case-studies\/sga-safety-gates\/\" \/>\n<meta property=\"og:site_name\" content=\"Anter System\" \/>\n<meta property=\"article:modified_time\" content=\"2026-01-30T00:31:15+00:00\" \/>\n<meta name=\"twitter:card\" content=\"summary_large_image\" \/>\n<meta name=\"twitter:label1\" content=\"Predpokladan\u00fd \u010das \u010d\u00edtania\" \/>\n\t<meta name=\"twitter:data1\" content=\"1 min\u00fata\" \/>\n<script type=\"application\/ld+json\" class=\"yoast-schema-graph\">{\"@context\":\"https:\/\/schema.org\",\"@graph\":[{\"@type\":\"WebPage\",\"@id\":\"https:\/\/antersystem.com\/sk\/case-studies\/sga-safety-gates\/\",\"url\":\"https:\/\/antersystem.com\/sk\/case-studies\/sga-safety-gates\/\",\"name\":\"Bezpe\u010dnostn\u00e9 br\u00e1ny SGA - Anter System\",\"isPartOf\":{\"@id\":\"https:\/\/antersystem.com\/sk\/#website\"},\"datePublished\":\"2023-12-11T11:55:28+00:00\",\"dateModified\":\"2026-01-30T00:31:15+00:00\",\"description\":\"Na\u0161e syst\u00e9my in\u0161talujeme na z\u00e1klade \u0161pecifick\u00fdch potrieb ka\u017ed\u00e9ho skladov\u00e9ho priestoru. Poskytujeme ochranu v\u0161ade tam, kde hroz\u00ed riziko kol\u00edzie skladov\u00fdch\",\"breadcrumb\":{\"@id\":\"https:\/\/antersystem.com\/sk\/case-studies\/sga-safety-gates\/#breadcrumb\"},\"inLanguage\":\"sk-SK\",\"potentialAction\":[{\"@type\":\"ReadAction\",\"target\":[\"https:\/\/antersystem.com\/sk\/case-studies\/sga-safety-gates\/\"]}]},{\"@type\":\"BreadcrumbList\",\"@id\":\"https:\/\/antersystem.com\/sk\/case-studies\/sga-safety-gates\/#breadcrumb\",\"itemListElement\":[{\"@type\":\"ListItem\",\"position\":1,\"name\":\"AnterSystem\",\"item\":\"https:\/\/antersystem.com\/sk\/\"},{\"@type\":\"ListItem\",\"position\":2,\"name\":\"Pr\u00edpadov\u00e9 \u0161t\u00fadie\",\"item\":\"https:\/\/antersystem.com\/sk\/case-studies\/\"},{\"@type\":\"ListItem\",\"position\":3,\"name\":\"Bezpe\u010dnostn\u00e9 br\u00e1ny SGA\"}]},{\"@type\":\"WebSite\",\"@id\":\"https:\/\/antersystem.com\/sk\/#website\",\"url\":\"https:\/\/antersystem.com\/sk\/\",\"name\":\"Anter System\",\"description\":\"Jeste\u015bmy polskim producentem elastycznych barier ochronnych wykonywanych z polimerowych tworzyw sztucznych. Na rynku krajowym i zagranicznym dzia\u0142amy od ponad 15 lat dbaj\u0105c o zapewnienie bezpiecze\u0144stwa w zak\u0142adach produkcyjnych, magazynach oraz centrach logistycznych.\",\"potentialAction\":[{\"@type\":\"SearchAction\",\"target\":{\"@type\":\"EntryPoint\",\"urlTemplate\":\"https:\/\/antersystem.com\/sk\/?s={search_term_string}\"},\"query-input\":{\"@type\":\"PropertyValueSpecification\",\"valueRequired\":true,\"valueName\":\"search_term_string\"}}],\"inLanguage\":\"sk-SK\"}]}<\/script>\n<!-- \/ Yoast SEO plugin. -->","yoast_head_json":{"title":"Bezpe\u010dnostn\u00e9 br\u00e1ny SGA - Anter System","description":"Na\u0161e syst\u00e9my in\u0161talujeme na z\u00e1klade \u0161pecifick\u00fdch potrieb ka\u017ed\u00e9ho skladov\u00e9ho priestoru. Poskytujeme ochranu v\u0161ade tam, kde hroz\u00ed riziko kol\u00edzie skladov\u00fdch","robots":{"index":"index","follow":"follow","max-snippet":"max-snippet:-1","max-image-preview":"max-image-preview:large","max-video-preview":"max-video-preview:-1"},"canonical":"https:\/\/antersystem.com\/sk\/case-studies\/sga-safety-gates\/","og_locale":"sk_SK","og_type":"article","og_title":"Bezpe\u010dnostn\u00e9 br\u00e1ny SGA - Anter System","og_description":"Na\u0161e syst\u00e9my in\u0161talujeme na z\u00e1klade \u0161pecifick\u00fdch potrieb ka\u017ed\u00e9ho skladov\u00e9ho priestoru. Poskytujeme ochranu v\u0161ade tam, kde hroz\u00ed riziko kol\u00edzie skladov\u00fdch","og_url":"https:\/\/antersystem.com\/sk\/case-studies\/sga-safety-gates\/","og_site_name":"Anter System","article_modified_time":"2026-01-30T00:31:15+00:00","twitter_card":"summary_large_image","twitter_misc":{"Predpokladan\u00fd \u010das \u010d\u00edtania":"1 min\u00fata"},"schema":{"@context":"https:\/\/schema.org","@graph":[{"@type":"WebPage","@id":"https:\/\/antersystem.com\/sk\/case-studies\/sga-safety-gates\/","url":"https:\/\/antersystem.com\/sk\/case-studies\/sga-safety-gates\/","name":"Bezpe\u010dnostn\u00e9 br\u00e1ny SGA - Anter System","isPartOf":{"@id":"https:\/\/antersystem.com\/sk\/#website"},"datePublished":"2023-12-11T11:55:28+00:00","dateModified":"2026-01-30T00:31:15+00:00","description":"Na\u0161e syst\u00e9my in\u0161talujeme na z\u00e1klade \u0161pecifick\u00fdch potrieb ka\u017ed\u00e9ho skladov\u00e9ho priestoru. Poskytujeme ochranu v\u0161ade tam, kde hroz\u00ed riziko kol\u00edzie skladov\u00fdch","breadcrumb":{"@id":"https:\/\/antersystem.com\/sk\/case-studies\/sga-safety-gates\/#breadcrumb"},"inLanguage":"sk-SK","potentialAction":[{"@type":"ReadAction","target":["https:\/\/antersystem.com\/sk\/case-studies\/sga-safety-gates\/"]}]},{"@type":"BreadcrumbList","@id":"https:\/\/antersystem.com\/sk\/case-studies\/sga-safety-gates\/#breadcrumb","itemListElement":[{"@type":"ListItem","position":1,"name":"AnterSystem","item":"https:\/\/antersystem.com\/sk\/"},{"@type":"ListItem","position":2,"name":"Pr\u00edpadov\u00e9 \u0161t\u00fadie","item":"https:\/\/antersystem.com\/sk\/case-studies\/"},{"@type":"ListItem","position":3,"name":"Bezpe\u010dnostn\u00e9 br\u00e1ny SGA"}]},{"@type":"WebSite","@id":"https:\/\/antersystem.com\/sk\/#website","url":"https:\/\/antersystem.com\/sk\/","name":"Anter System","description":"Jeste\u015bmy polskim producentem elastycznych barier ochronnych wykonywanych z polimerowych tworzyw sztucznych. Na rynku krajowym i zagranicznym dzia\u0142amy od ponad 15 lat dbaj\u0105c o zapewnienie bezpiecze\u0144stwa w zak\u0142adach produkcyjnych, magazynach oraz centrach logistycznych.","potentialAction":[{"@type":"SearchAction","target":{"@type":"EntryPoint","urlTemplate":"https:\/\/antersystem.com\/sk\/?s={search_term_string}"},"query-input":{"@type":"PropertyValueSpecification","valueRequired":true,"valueName":"search_term_string"}}],"inLanguage":"sk-SK"}]}},"_links":{"self":[{"href":"https:\/\/antersystem.com\/sk\/wp-json\/wp\/v2\/pages\/13039","targetHints":{"allow":["GET"]}}],"collection":[{"href":"https:\/\/antersystem.com\/sk\/wp-json\/wp\/v2\/pages"}],"about":[{"href":"https:\/\/antersystem.com\/sk\/wp-json\/wp\/v2\/types\/page"}],"author":[{"embeddable":true,"href":"https:\/\/antersystem.com\/sk\/wp-json\/wp\/v2\/users\/1"}],"replies":[{"embeddable":true,"href":"https:\/\/antersystem.com\/sk\/wp-json\/wp\/v2\/comments?post=13039"}],"version-history":[{"count":1,"href":"https:\/\/antersystem.com\/sk\/wp-json\/wp\/v2\/pages\/13039\/revisions"}],"predecessor-version":[{"id":13041,"href":"https:\/\/antersystem.com\/sk\/wp-json\/wp\/v2\/pages\/13039\/revisions\/13041"}],"up":[{"embeddable":true,"href":"https:\/\/antersystem.com\/sk\/wp-json\/wp\/v2\/pages\/12713"}],"wp:attachment":[{"href":"https:\/\/antersystem.com\/sk\/wp-json\/wp\/v2\/media?parent=13039"}],"curies":[{"name":"wp","href":"https:\/\/api.w.org\/{rel}","templated":true}]}}