{"id":13052,"date":"2023-09-01T11:16:10","date_gmt":"2023-09-01T09:16:10","guid":{"rendered":"https:\/\/new.antersystem.com\/case-studies\/lift-gates\/"},"modified":"2026-01-30T01:31:27","modified_gmt":"2026-01-30T00:31:27","slug":"lift-gates","status":"publish","type":"page","link":"https:\/\/antersystem.com\/sk\/case-studies\/lift-gates\/","title":{"rendered":"Bezpe\u010dnostn\u00e9 br\u00e1ny LIFT GATE"},"content":{"rendered":"\n<div class=\"wp-block-columns is-layout-flex wp-container-core-columns-is-layout-9d6595d7 wp-block-columns-is-layout-flex\">\n<div class=\"wp-block-column is-layout-flow wp-block-column-is-layout-flow\" style=\"flex-basis:10%\"><\/div>\n\n\n\n<div class=\"wp-block-column is-layout-flow wp-block-column-is-layout-flow\" style=\"flex-basis:80%\">\n<p class=\"justify-mru\">Klient z automobilov\u00e9ho priemyslu sa na n\u00e1s obr\u00e1til s v\u00fdzvou zabezpe\u010denia dopravn\u00fdch tr\u00e1s pri zachovan\u00ed pr\u00edstupu do skladovac\u00edch priestorov. Na zv\u00fd\u0161enie bezpe\u010dnosti a optimaliz\u00e1ciu pracovn\u00e9ho \u010dasu boli pozd\u013a\u017e chodn\u00edkov pre chodcov nain\u0161talovan\u00e9 bezpe\u010dnostn\u00e9 br\u00e1ny LIFT GATE. Toto rie\u0161enie zabezpe\u010dilo bezpe\u010dn\u00fd prechod po chodn\u00edkoch pre chodcov a z\u00e1rove\u0148 umo\u017enilo do\u010dasn\u00e9 uzavretie oblasti v pr\u00edpade potreby. Projekt plne splnil o\u010dak\u00e1vania klienta a prispel k zv\u00fd\u0161eniu bezpe\u010dnosti a efekt\u00edvnosti prev\u00e1dzky.<\/p>\n\n\n\nngg_shortcode_0_placeholder\n<\/div>\n\n\n\n<div class=\"wp-block-column is-layout-flow wp-block-column-is-layout-flow\" style=\"flex-basis:10%\"><\/div>\n<\/div>\n","protected":false},"excerpt":{"rendered":"<p>Klient z automobilov\u00e9ho priemyslu sa na n\u00e1s obr\u00e1til s v\u00fdzvou zabezpe\u010denia dopravn\u00fdch tr\u00e1s pri zachovan\u00ed pr\u00edstupu do skladovac\u00edch priestorov. Na zv\u00fd\u0161enie bezpe\u010dnosti a optimaliz\u00e1ciu pracovn\u00e9ho \u010dasu boli pozd\u013a\u017e chodn\u00edkov pre chodcov nain\u0161talovan\u00e9 bezpe\u010dnostn\u00e9 br\u00e1ny LIFT GATE. Toto rie\u0161enie zabezpe\u010dilo bezpe\u010dn\u00fd prechod po chodn\u00edkoch pre chodcov a z\u00e1rove\u0148 umo\u017enilo do\u010dasn\u00e9 uzavretie oblasti v pr\u00edpade potreby. Projekt [&hellip;]<\/p>\n","protected":false},"author":1,"featured_media":0,"parent":12713,"menu_order":0,"comment_status":"closed","ping_status":"closed","template":"","meta":{"inline_featured_image":false,"ngg_post_thumbnail":0,"footnotes":""},"class_list":["post-13052","page","type-page","status-publish","hentry"],"acf":[],"yoast_head":"<!-- This site is optimized with the Yoast SEO plugin v27.0 - https:\/\/yoast.com\/product\/yoast-seo-wordpress\/ -->\n<title>Bezpe\u010dnostn\u00e9 br\u00e1ny LIFT GATE - Anter System<\/title>\n<meta name=\"description\" content=\"Klient z automobilov\u00e9ho priemyslu sa na n\u00e1s obr\u00e1til s v\u00fdzvou zabezpe\u010denia dopravn\u00fdch tr\u00e1s pri zachovan\u00ed pr\u00edstupu do skladovac\u00edch priestorov. Na zv\u00fd\u0161enie\" \/>\n<meta name=\"robots\" content=\"index, follow, max-snippet:-1, max-image-preview:large, max-video-preview:-1\" \/>\n<link rel=\"canonical\" href=\"https:\/\/antersystem.com\/sk\/case-studies\/lift-gates\/\" \/>\n<meta property=\"og:locale\" content=\"sk_SK\" \/>\n<meta property=\"og:type\" content=\"article\" \/>\n<meta property=\"og:title\" content=\"Bezpe\u010dnostn\u00e9 br\u00e1ny LIFT GATE - Anter System\" \/>\n<meta property=\"og:description\" content=\"Klient z automobilov\u00e9ho priemyslu sa na n\u00e1s obr\u00e1til s v\u00fdzvou zabezpe\u010denia dopravn\u00fdch tr\u00e1s pri zachovan\u00ed pr\u00edstupu do skladovac\u00edch priestorov. Na zv\u00fd\u0161enie\" \/>\n<meta property=\"og:url\" content=\"https:\/\/antersystem.com\/sk\/case-studies\/lift-gates\/\" \/>\n<meta property=\"og:site_name\" content=\"Anter System\" \/>\n<meta property=\"article:modified_time\" content=\"2026-01-30T00:31:27+00:00\" \/>\n<meta name=\"twitter:card\" content=\"summary_large_image\" \/>\n<meta name=\"twitter:label1\" content=\"Predpokladan\u00fd \u010das \u010d\u00edtania\" \/>\n\t<meta name=\"twitter:data1\" content=\"1 min\u00fata\" \/>\n<script type=\"application\/ld+json\" class=\"yoast-schema-graph\">{\"@context\":\"https:\/\/schema.org\",\"@graph\":[{\"@type\":\"WebPage\",\"@id\":\"https:\/\/antersystem.com\/sk\/case-studies\/lift-gates\/\",\"url\":\"https:\/\/antersystem.com\/sk\/case-studies\/lift-gates\/\",\"name\":\"Bezpe\u010dnostn\u00e9 br\u00e1ny LIFT GATE - Anter System\",\"isPartOf\":{\"@id\":\"https:\/\/antersystem.com\/sk\/#website\"},\"datePublished\":\"2023-09-01T09:16:10+00:00\",\"dateModified\":\"2026-01-30T00:31:27+00:00\",\"description\":\"Klient z automobilov\u00e9ho priemyslu sa na n\u00e1s obr\u00e1til s v\u00fdzvou zabezpe\u010denia dopravn\u00fdch tr\u00e1s pri zachovan\u00ed pr\u00edstupu do skladovac\u00edch priestorov. Na zv\u00fd\u0161enie\",\"breadcrumb\":{\"@id\":\"https:\/\/antersystem.com\/sk\/case-studies\/lift-gates\/#breadcrumb\"},\"inLanguage\":\"sk-SK\",\"potentialAction\":[{\"@type\":\"ReadAction\",\"target\":[\"https:\/\/antersystem.com\/sk\/case-studies\/lift-gates\/\"]}]},{\"@type\":\"BreadcrumbList\",\"@id\":\"https:\/\/antersystem.com\/sk\/case-studies\/lift-gates\/#breadcrumb\",\"itemListElement\":[{\"@type\":\"ListItem\",\"position\":1,\"name\":\"AnterSystem\",\"item\":\"https:\/\/antersystem.com\/sk\/\"},{\"@type\":\"ListItem\",\"position\":2,\"name\":\"Pr\u00edpadov\u00e9 \u0161t\u00fadie\",\"item\":\"https:\/\/antersystem.com\/sk\/case-studies\/\"},{\"@type\":\"ListItem\",\"position\":3,\"name\":\"Bezpe\u010dnostn\u00e9 br\u00e1ny LIFT GATE\"}]},{\"@type\":\"WebSite\",\"@id\":\"https:\/\/antersystem.com\/sk\/#website\",\"url\":\"https:\/\/antersystem.com\/sk\/\",\"name\":\"Anter System\",\"description\":\"Jeste\u015bmy polskim producentem elastycznych barier ochronnych wykonywanych z polimerowych tworzyw sztucznych. Na rynku krajowym i zagranicznym dzia\u0142amy od ponad 15 lat dbaj\u0105c o zapewnienie bezpiecze\u0144stwa w zak\u0142adach produkcyjnych, magazynach oraz centrach logistycznych.\",\"potentialAction\":[{\"@type\":\"SearchAction\",\"target\":{\"@type\":\"EntryPoint\",\"urlTemplate\":\"https:\/\/antersystem.com\/sk\/?s={search_term_string}\"},\"query-input\":{\"@type\":\"PropertyValueSpecification\",\"valueRequired\":true,\"valueName\":\"search_term_string\"}}],\"inLanguage\":\"sk-SK\"}]}<\/script>\n<!-- \/ Yoast SEO plugin. -->","yoast_head_json":{"title":"Bezpe\u010dnostn\u00e9 br\u00e1ny LIFT GATE - Anter System","description":"Klient z automobilov\u00e9ho priemyslu sa na n\u00e1s obr\u00e1til s v\u00fdzvou zabezpe\u010denia dopravn\u00fdch tr\u00e1s pri zachovan\u00ed pr\u00edstupu do skladovac\u00edch priestorov. Na zv\u00fd\u0161enie","robots":{"index":"index","follow":"follow","max-snippet":"max-snippet:-1","max-image-preview":"max-image-preview:large","max-video-preview":"max-video-preview:-1"},"canonical":"https:\/\/antersystem.com\/sk\/case-studies\/lift-gates\/","og_locale":"sk_SK","og_type":"article","og_title":"Bezpe\u010dnostn\u00e9 br\u00e1ny LIFT GATE - Anter System","og_description":"Klient z automobilov\u00e9ho priemyslu sa na n\u00e1s obr\u00e1til s v\u00fdzvou zabezpe\u010denia dopravn\u00fdch tr\u00e1s pri zachovan\u00ed pr\u00edstupu do skladovac\u00edch priestorov. Na zv\u00fd\u0161enie","og_url":"https:\/\/antersystem.com\/sk\/case-studies\/lift-gates\/","og_site_name":"Anter System","article_modified_time":"2026-01-30T00:31:27+00:00","twitter_card":"summary_large_image","twitter_misc":{"Predpokladan\u00fd \u010das \u010d\u00edtania":"1 min\u00fata"},"schema":{"@context":"https:\/\/schema.org","@graph":[{"@type":"WebPage","@id":"https:\/\/antersystem.com\/sk\/case-studies\/lift-gates\/","url":"https:\/\/antersystem.com\/sk\/case-studies\/lift-gates\/","name":"Bezpe\u010dnostn\u00e9 br\u00e1ny LIFT GATE - Anter System","isPartOf":{"@id":"https:\/\/antersystem.com\/sk\/#website"},"datePublished":"2023-09-01T09:16:10+00:00","dateModified":"2026-01-30T00:31:27+00:00","description":"Klient z automobilov\u00e9ho priemyslu sa na n\u00e1s obr\u00e1til s v\u00fdzvou zabezpe\u010denia dopravn\u00fdch tr\u00e1s pri zachovan\u00ed pr\u00edstupu do skladovac\u00edch priestorov. Na zv\u00fd\u0161enie","breadcrumb":{"@id":"https:\/\/antersystem.com\/sk\/case-studies\/lift-gates\/#breadcrumb"},"inLanguage":"sk-SK","potentialAction":[{"@type":"ReadAction","target":["https:\/\/antersystem.com\/sk\/case-studies\/lift-gates\/"]}]},{"@type":"BreadcrumbList","@id":"https:\/\/antersystem.com\/sk\/case-studies\/lift-gates\/#breadcrumb","itemListElement":[{"@type":"ListItem","position":1,"name":"AnterSystem","item":"https:\/\/antersystem.com\/sk\/"},{"@type":"ListItem","position":2,"name":"Pr\u00edpadov\u00e9 \u0161t\u00fadie","item":"https:\/\/antersystem.com\/sk\/case-studies\/"},{"@type":"ListItem","position":3,"name":"Bezpe\u010dnostn\u00e9 br\u00e1ny LIFT GATE"}]},{"@type":"WebSite","@id":"https:\/\/antersystem.com\/sk\/#website","url":"https:\/\/antersystem.com\/sk\/","name":"Anter System","description":"Jeste\u015bmy polskim producentem elastycznych barier ochronnych wykonywanych z polimerowych tworzyw sztucznych. Na rynku krajowym i zagranicznym dzia\u0142amy od ponad 15 lat dbaj\u0105c o zapewnienie bezpiecze\u0144stwa w zak\u0142adach produkcyjnych, magazynach oraz centrach logistycznych.","potentialAction":[{"@type":"SearchAction","target":{"@type":"EntryPoint","urlTemplate":"https:\/\/antersystem.com\/sk\/?s={search_term_string}"},"query-input":{"@type":"PropertyValueSpecification","valueRequired":true,"valueName":"search_term_string"}}],"inLanguage":"sk-SK"}]}},"_links":{"self":[{"href":"https:\/\/antersystem.com\/sk\/wp-json\/wp\/v2\/pages\/13052","targetHints":{"allow":["GET"]}}],"collection":[{"href":"https:\/\/antersystem.com\/sk\/wp-json\/wp\/v2\/pages"}],"about":[{"href":"https:\/\/antersystem.com\/sk\/wp-json\/wp\/v2\/types\/page"}],"author":[{"embeddable":true,"href":"https:\/\/antersystem.com\/sk\/wp-json\/wp\/v2\/users\/1"}],"replies":[{"embeddable":true,"href":"https:\/\/antersystem.com\/sk\/wp-json\/wp\/v2\/comments?post=13052"}],"version-history":[{"count":1,"href":"https:\/\/antersystem.com\/sk\/wp-json\/wp\/v2\/pages\/13052\/revisions"}],"predecessor-version":[{"id":13053,"href":"https:\/\/antersystem.com\/sk\/wp-json\/wp\/v2\/pages\/13052\/revisions\/13053"}],"up":[{"embeddable":true,"href":"https:\/\/antersystem.com\/sk\/wp-json\/wp\/v2\/pages\/12713"}],"wp:attachment":[{"href":"https:\/\/antersystem.com\/sk\/wp-json\/wp\/v2\/media?parent=13052"}],"curies":[{"name":"wp","href":"https:\/\/api.w.org\/{rel}","templated":true}]}}