{"id":13107,"date":"2025-01-28T13:58:17","date_gmt":"2025-01-28T12:58:17","guid":{"rendered":"https:\/\/new.antersystem.com\/case-studies\/pedestrian-lt-protecting-people-machines\/"},"modified":"2026-01-30T01:22:08","modified_gmt":"2026-01-30T00:22:08","slug":"pedestrian-lt-protecting-people-machines","status":"publish","type":"page","link":"https:\/\/antersystem.com\/sk\/case-studies\/pedestrian-lt-protecting-people-machines\/","title":{"rendered":"Chodci LT &#8211; ochrana \u013eud\u00ed a strojov"},"content":{"rendered":"\n<div class=\"wp-block-columns is-layout-flex wp-container-core-columns-is-layout-9d6595d7 wp-block-columns-is-layout-flex\">\n<div class=\"wp-block-column is-layout-flow wp-block-column-is-layout-flow\" style=\"flex-basis:10%\"><\/div>\n\n\n\n<div class=\"wp-block-column is-layout-flow wp-block-column-is-layout-flow\">\n<h2 class=\"wp-block-heading\">Z\u00e1brany pre chodcov LT &#8211; ochrana \u013eud\u00ed a strojov v skladov\u00fdch priestoroch s vysokou intenzitou dopravy<\/h2>\n\n\n\n<p>Zaistenie bezpe\u010dnosti os\u00f4b a strojov v prostred\u00ed skladu s vysokou intenzitou prev\u00e1dzky si vy\u017eaduje komplexn\u00fd pr\u00edstup. V danom objekte &#8211; <strong>pracovisku pre zamestnancov aj obsluhu vysokozdvi\u017en\u00fdch voz\u00edkov<\/strong> &#8211; sa nach\u00e1dzali aj zariadenia patriace k automatizovan\u00fdm logistick\u00fdm syst\u00e9mom. Hlavnou prioritou bolo oddeli\u0165 pe\u0161ie trasy od z\u00f3n so strojmi a z\u00e1rove\u0148 <strong>chr\u00e1ni\u0165 k\u013e\u00fa\u010dov\u00e9 prvky infra\u0161trukt\u00fary budovy,<\/strong> ako s\u00fa st\u013apy a nakladacie rampy, pred mo\u017en\u00fdmi n\u00e1razmi vysokozdvi\u017en\u00fdch voz\u00edkov.<\/p>\n\n\n\n<h3 class=\"wp-block-heading\">Implement\u00e1cia<\/h3>\n\n\n\n<p>Projekt sa za\u010dal podrobnou anal\u00fdzou potrieb klienta a dynamick\u00e9ho charakteru skladov\u00fdch oper\u00e1ci\u00ed. V\u010faka zmapovaniu pohybov\u00fdch vzorcov v objekte sme mohli navrhn\u00fa\u0165 a implementova\u0165 bezpe\u010dnostn\u00e9 rie\u0161enia, ktor\u00e9 kombinovali \u00fa\u010dinn\u00fa ochranu s funk\u010dnos\u0165ou a zabezpe\u010dovali plynul\u00fd pracovn\u00fd proces a maxim\u00e1lnu bezpe\u010dnos\u0165.<\/p>\n\n\n\n<p>Aby sme \u00fa\u010dinne <strong>oddelili chodcov od vysokozdvi\u017en\u00fdch voz\u00edkov,<\/strong> nain\u0161talovali sme linky <a href=\"https:\/\/antersystem.com\/produkty\/elastyczna-bariera-pedestrian-r3-lt\/\">z\u00e1bran pre chodcov PEDESTRIAN R2 LT vybaven\u00e9<\/a> zosilnen\u00fdm spodn\u00fdm nosn\u00edkom. T\u00e1to dodato\u010dn\u00e1 ochrana zabra\u0148uje po\u0161kodeniu sp\u00f4soben\u00e9mu n\u00edzko polo\u017een\u00fdmi vidlicami vysokozdvi\u017en\u00e9ho voz\u00edka. V oblastiach so zv\u00fd\u0161en\u00fdm rizikom kol\u00edzie sa ochrana zv\u00fd\u0161ila pomocou <a href=\"https:\/\/antersystem.com\/produkty\/elastyczna-bariera-db-hd\/\">z\u00e1bran DB HD+<\/a>, ktor\u00e9 s\u00fa ur\u010den\u00e9 na pou\u017eitie v \u0165a\u017ek\u00fdch podmienkach.<\/p>\n\n\n\n<p><strong>Na ochranu kon\u0161truk\u010dn\u00fdch st\u013apov<\/strong> <a href=\"https:\/\/antersystem.com\/produkty\/elastyczna-ochrona-kolumn-ral4\/\">sa pou\u017eili pru\u017en\u00e9 chr\u00e1ni\u010de st\u013apov<\/a> <strong>RAL4,<\/strong> ktor\u00e9 dok\u00e1\u017eu absorbova\u0165 a rozpt\u00fdli\u0165 energiu n\u00e1razu, aby sa minimalizovalo po\u0161kodenie st\u013apov. Br\u00e1ny nakladacieho doku boli chr\u00e1nen\u00e9 <a href=\"https:\/\/antersystem.com\/kategorie-produktow\/slupki-ochronne\/\">ochrann\u00fdmi st\u013apikmi PA,<\/a> ktor\u00e9 \u00fa\u010dinne zabra\u0148uj\u00fa kol\u00edzi\u00e1m v oblastiach, kde vysokozdvi\u017en\u00e9 voz\u00edky man\u00e9vruj\u00fa v obmedzenom priestore. Ako doplnok k syst\u00e9mu <a href=\"https:\/\/antersystem.com\/produkty\/corner-bumper\/\">boli nain\u0161talovan\u00e9 CORNER BUMPERS<\/a> na ochranu okrajov stien v rizikov\u00fdch z\u00f3nach.<\/p>\n\n\n\n<h3 class=\"wp-block-heading\">V\u00fdsledky<\/h3>\n\n\n\n<p>In\u0161tal\u00e1cia <strong>flexibiln\u00fdch bezpe\u010dnostn\u00fdch z\u00e1bran Anter System priniesla<\/strong> cel\u00fd rad v\u00fdhod. Pou\u017eit\u00e9 polym\u00e9rne materi\u00e1ly sa vyzna\u010duj\u00fa v\u00fdnimo\u010dnou absorpciou n\u00e1razov, \u010do v\u00fdrazne zni\u017euje riziko n\u00e1kladn\u00fdch opr\u00e1v zariaden\u00ed aj infra\u0161trukt\u00fary po kol\u00edzi\u00e1ch. <strong>Modul\u00e1rna kon\u0161trukcia syst\u00e9mu umo\u017e\u0148uje<\/strong> jednoduch\u00fa mont\u00e1\u017e, demont\u00e1\u017e a prisp\u00f4sobenie vyv\u00edjaj\u00facim sa prev\u00e1dzkov\u00fdm potreb\u00e1m. V\u00fdsledkom implementovan\u00fdch rie\u0161en\u00ed bolo zv\u00fd\u0161enie bezpe\u010dnosti \u013eud\u00ed aj strojov pri minimaliz\u00e1cii prestojov a preru\u0161enia prev\u00e1dzky.<\/p>\n\n\n\n<h3 class=\"wp-block-heading\">Zhrnutie<\/h3>\n\n\n\n<p>V\u010faka rie\u0161eniam spolo\u010dnosti Anter System sa v sklade dosiahlo v\u00fdrazn\u00e9 zlep\u0161enie <strong>bezpe\u010dnosti pr\u00e1ce a priestorovej organiz\u00e1cie v prostred\u00ed, ktor\u00e9<\/strong> zdie\u013eaj\u00fa chodci, vozidl\u00e1 a automatizovan\u00e9 logistick\u00e9 syst\u00e9my. Modern\u00fd dizajn a robustn\u00e1 kon\u0161trukcia na\u0161ich flexibiln\u00fdch ochrann\u00fdch bari\u00e9r zabezpe\u010duj\u00fa nielen \u00fa\u010dinn\u00fa ochranu, ale prispievaj\u00fa aj k optimaliz\u00e1cii pracovn\u00fdch postupov v dne\u0161n\u00fdch r\u00fdchlo sa vyv\u00edjaj\u00facich priemyseln\u00fdch podmienkach.<\/p>\n<\/div>\n\n\n\n<div class=\"wp-block-column is-layout-flow wp-block-column-is-layout-flow\" style=\"flex-basis:10%\"><\/div>\n<\/div>\n\nngg_shortcode_0_placeholder\n","protected":false},"excerpt":{"rendered":"<p>Z\u00e1brany pre chodcov LT &#8211; ochrana \u013eud\u00ed a strojov v skladov\u00fdch priestoroch s vysokou intenzitou dopravy Zaistenie bezpe\u010dnosti os\u00f4b a strojov v prostred\u00ed skladu s vysokou intenzitou prev\u00e1dzky si vy\u017eaduje komplexn\u00fd pr\u00edstup. V danom objekte &#8211; pracovisku pre zamestnancov aj obsluhu vysokozdvi\u017en\u00fdch voz\u00edkov &#8211; sa nach\u00e1dzali aj zariadenia patriace k automatizovan\u00fdm logistick\u00fdm syst\u00e9mom. Hlavnou prioritou [&hellip;]<\/p>\n","protected":false},"author":1,"featured_media":0,"parent":12713,"menu_order":0,"comment_status":"closed","ping_status":"closed","template":"","meta":{"inline_featured_image":false,"ngg_post_thumbnail":0,"footnotes":""},"class_list":["post-13107","page","type-page","status-publish","hentry"],"acf":[],"yoast_head":"<!-- This site is optimized with the Yoast SEO plugin v27.0 - https:\/\/yoast.com\/product\/yoast-seo-wordpress\/ -->\n<title>Chodci LT - ochrana \u013eud\u00ed a strojov - Anter System<\/title>\n<meta name=\"description\" content=\"Z\u00e1brany pre chodcov LT - ochrana \u013eud\u00ed a strojov v skladov\u00fdch priestoroch s vysokou intenzitou dopravy Zaistenie bezpe\u010dnosti os\u00f4b a strojov v prostred\u00ed\" \/>\n<meta name=\"robots\" content=\"index, follow, max-snippet:-1, max-image-preview:large, max-video-preview:-1\" \/>\n<link rel=\"canonical\" href=\"https:\/\/antersystem.com\/sk\/case-studies\/pedestrian-lt-protecting-people-machines\/\" \/>\n<meta property=\"og:locale\" content=\"sk_SK\" \/>\n<meta property=\"og:type\" content=\"article\" \/>\n<meta property=\"og:title\" content=\"Chodci LT - ochrana \u013eud\u00ed a strojov - Anter System\" \/>\n<meta property=\"og:description\" content=\"Z\u00e1brany pre chodcov LT - ochrana \u013eud\u00ed a strojov v skladov\u00fdch priestoroch s vysokou intenzitou dopravy Zaistenie bezpe\u010dnosti os\u00f4b a strojov v prostred\u00ed\" \/>\n<meta property=\"og:url\" content=\"https:\/\/antersystem.com\/sk\/case-studies\/pedestrian-lt-protecting-people-machines\/\" \/>\n<meta property=\"og:site_name\" content=\"Anter System\" \/>\n<meta property=\"article:modified_time\" content=\"2026-01-30T00:22:08+00:00\" \/>\n<meta name=\"twitter:card\" content=\"summary_large_image\" \/>\n<meta name=\"twitter:label1\" content=\"Predpokladan\u00fd \u010das \u010d\u00edtania\" \/>\n\t<meta name=\"twitter:data1\" content=\"3 min\u00faty\" \/>\n<script type=\"application\/ld+json\" class=\"yoast-schema-graph\">{\"@context\":\"https:\/\/schema.org\",\"@graph\":[{\"@type\":\"WebPage\",\"@id\":\"https:\/\/antersystem.com\/sk\/case-studies\/pedestrian-lt-protecting-people-machines\/\",\"url\":\"https:\/\/antersystem.com\/sk\/case-studies\/pedestrian-lt-protecting-people-machines\/\",\"name\":\"Chodci LT - ochrana \u013eud\u00ed a strojov - Anter System\",\"isPartOf\":{\"@id\":\"https:\/\/antersystem.com\/sk\/#website\"},\"datePublished\":\"2025-01-28T12:58:17+00:00\",\"dateModified\":\"2026-01-30T00:22:08+00:00\",\"description\":\"Z\u00e1brany pre chodcov LT - ochrana \u013eud\u00ed a strojov v skladov\u00fdch priestoroch s vysokou intenzitou dopravy Zaistenie bezpe\u010dnosti os\u00f4b a strojov v prostred\u00ed\",\"breadcrumb\":{\"@id\":\"https:\/\/antersystem.com\/sk\/case-studies\/pedestrian-lt-protecting-people-machines\/#breadcrumb\"},\"inLanguage\":\"sk-SK\",\"potentialAction\":[{\"@type\":\"ReadAction\",\"target\":[\"https:\/\/antersystem.com\/sk\/case-studies\/pedestrian-lt-protecting-people-machines\/\"]}]},{\"@type\":\"BreadcrumbList\",\"@id\":\"https:\/\/antersystem.com\/sk\/case-studies\/pedestrian-lt-protecting-people-machines\/#breadcrumb\",\"itemListElement\":[{\"@type\":\"ListItem\",\"position\":1,\"name\":\"AnterSystem\",\"item\":\"https:\/\/antersystem.com\/sk\/\"},{\"@type\":\"ListItem\",\"position\":2,\"name\":\"Pr\u00edpadov\u00e9 \u0161t\u00fadie\",\"item\":\"https:\/\/antersystem.com\/sk\/case-studies\/\"},{\"@type\":\"ListItem\",\"position\":3,\"name\":\"Chodci LT &#8211; ochrana \u013eud\u00ed a strojov\"}]},{\"@type\":\"WebSite\",\"@id\":\"https:\/\/antersystem.com\/sk\/#website\",\"url\":\"https:\/\/antersystem.com\/sk\/\",\"name\":\"Anter System\",\"description\":\"Jeste\u015bmy polskim producentem elastycznych barier ochronnych wykonywanych z polimerowych tworzyw sztucznych. Na rynku krajowym i zagranicznym dzia\u0142amy od ponad 15 lat dbaj\u0105c o zapewnienie bezpiecze\u0144stwa w zak\u0142adach produkcyjnych, magazynach oraz centrach logistycznych.\",\"potentialAction\":[{\"@type\":\"SearchAction\",\"target\":{\"@type\":\"EntryPoint\",\"urlTemplate\":\"https:\/\/antersystem.com\/sk\/?s={search_term_string}\"},\"query-input\":{\"@type\":\"PropertyValueSpecification\",\"valueRequired\":true,\"valueName\":\"search_term_string\"}}],\"inLanguage\":\"sk-SK\"}]}<\/script>\n<!-- \/ Yoast SEO plugin. -->","yoast_head_json":{"title":"Chodci LT - ochrana \u013eud\u00ed a strojov - Anter System","description":"Z\u00e1brany pre chodcov LT - ochrana \u013eud\u00ed a strojov v skladov\u00fdch priestoroch s vysokou intenzitou dopravy Zaistenie bezpe\u010dnosti os\u00f4b a strojov v prostred\u00ed","robots":{"index":"index","follow":"follow","max-snippet":"max-snippet:-1","max-image-preview":"max-image-preview:large","max-video-preview":"max-video-preview:-1"},"canonical":"https:\/\/antersystem.com\/sk\/case-studies\/pedestrian-lt-protecting-people-machines\/","og_locale":"sk_SK","og_type":"article","og_title":"Chodci LT - ochrana \u013eud\u00ed a strojov - Anter System","og_description":"Z\u00e1brany pre chodcov LT - ochrana \u013eud\u00ed a strojov v skladov\u00fdch priestoroch s vysokou intenzitou dopravy Zaistenie bezpe\u010dnosti os\u00f4b a strojov v prostred\u00ed","og_url":"https:\/\/antersystem.com\/sk\/case-studies\/pedestrian-lt-protecting-people-machines\/","og_site_name":"Anter System","article_modified_time":"2026-01-30T00:22:08+00:00","twitter_card":"summary_large_image","twitter_misc":{"Predpokladan\u00fd \u010das \u010d\u00edtania":"3 min\u00faty"},"schema":{"@context":"https:\/\/schema.org","@graph":[{"@type":"WebPage","@id":"https:\/\/antersystem.com\/sk\/case-studies\/pedestrian-lt-protecting-people-machines\/","url":"https:\/\/antersystem.com\/sk\/case-studies\/pedestrian-lt-protecting-people-machines\/","name":"Chodci LT - ochrana \u013eud\u00ed a strojov - Anter System","isPartOf":{"@id":"https:\/\/antersystem.com\/sk\/#website"},"datePublished":"2025-01-28T12:58:17+00:00","dateModified":"2026-01-30T00:22:08+00:00","description":"Z\u00e1brany pre chodcov LT - ochrana \u013eud\u00ed a strojov v skladov\u00fdch priestoroch s vysokou intenzitou dopravy Zaistenie bezpe\u010dnosti os\u00f4b a strojov v prostred\u00ed","breadcrumb":{"@id":"https:\/\/antersystem.com\/sk\/case-studies\/pedestrian-lt-protecting-people-machines\/#breadcrumb"},"inLanguage":"sk-SK","potentialAction":[{"@type":"ReadAction","target":["https:\/\/antersystem.com\/sk\/case-studies\/pedestrian-lt-protecting-people-machines\/"]}]},{"@type":"BreadcrumbList","@id":"https:\/\/antersystem.com\/sk\/case-studies\/pedestrian-lt-protecting-people-machines\/#breadcrumb","itemListElement":[{"@type":"ListItem","position":1,"name":"AnterSystem","item":"https:\/\/antersystem.com\/sk\/"},{"@type":"ListItem","position":2,"name":"Pr\u00edpadov\u00e9 \u0161t\u00fadie","item":"https:\/\/antersystem.com\/sk\/case-studies\/"},{"@type":"ListItem","position":3,"name":"Chodci LT &#8211; ochrana \u013eud\u00ed a strojov"}]},{"@type":"WebSite","@id":"https:\/\/antersystem.com\/sk\/#website","url":"https:\/\/antersystem.com\/sk\/","name":"Anter System","description":"Jeste\u015bmy polskim producentem elastycznych barier ochronnych wykonywanych z polimerowych tworzyw sztucznych. Na rynku krajowym i zagranicznym dzia\u0142amy od ponad 15 lat dbaj\u0105c o zapewnienie bezpiecze\u0144stwa w zak\u0142adach produkcyjnych, magazynach oraz centrach logistycznych.","potentialAction":[{"@type":"SearchAction","target":{"@type":"EntryPoint","urlTemplate":"https:\/\/antersystem.com\/sk\/?s={search_term_string}"},"query-input":{"@type":"PropertyValueSpecification","valueRequired":true,"valueName":"search_term_string"}}],"inLanguage":"sk-SK"}]}},"_links":{"self":[{"href":"https:\/\/antersystem.com\/sk\/wp-json\/wp\/v2\/pages\/13107","targetHints":{"allow":["GET"]}}],"collection":[{"href":"https:\/\/antersystem.com\/sk\/wp-json\/wp\/v2\/pages"}],"about":[{"href":"https:\/\/antersystem.com\/sk\/wp-json\/wp\/v2\/types\/page"}],"author":[{"embeddable":true,"href":"https:\/\/antersystem.com\/sk\/wp-json\/wp\/v2\/users\/1"}],"replies":[{"embeddable":true,"href":"https:\/\/antersystem.com\/sk\/wp-json\/wp\/v2\/comments?post=13107"}],"version-history":[{"count":1,"href":"https:\/\/antersystem.com\/sk\/wp-json\/wp\/v2\/pages\/13107\/revisions"}],"predecessor-version":[{"id":13108,"href":"https:\/\/antersystem.com\/sk\/wp-json\/wp\/v2\/pages\/13107\/revisions\/13108"}],"up":[{"embeddable":true,"href":"https:\/\/antersystem.com\/sk\/wp-json\/wp\/v2\/pages\/12713"}],"wp:attachment":[{"href":"https:\/\/antersystem.com\/sk\/wp-json\/wp\/v2\/media?parent=13107"}],"curies":[{"name":"wp","href":"https:\/\/api.w.org\/{rel}","templated":true}]}}