{"id":13115,"date":"2025-01-28T14:41:10","date_gmt":"2025-01-28T13:41:10","guid":{"rendered":"https:\/\/new.antersystem.com\/case-studies\/wall-protector-hd-warehouses-with-high-storage\/"},"modified":"2026-01-30T01:22:09","modified_gmt":"2026-01-30T00:22:09","slug":"wall-protector-hd-warehouses-with-high-storage","status":"publish","type":"page","link":"https:\/\/antersystem.com\/sk\/case-studies\/wall-protector-hd-warehouses-with-high-storage\/","title":{"rendered":"WALL PROTECTOR HD+ v skladoch s vysok\u00fdmi skladovac\u00edmi plochami"},"content":{"rendered":"\n<div class=\"wp-block-columns is-layout-flex wp-container-core-columns-is-layout-9d6595d7 wp-block-columns-is-layout-flex\">\n<div class=\"wp-block-column is-layout-flow wp-block-column-is-layout-flow\" style=\"flex-basis:10%\"><\/div>\n\n\n\n<div class=\"wp-block-column is-layout-flow wp-block-column-is-layout-flow\">\n<h2 class=\"wp-block-heading\">Wall Protector HD+ so z\u00e1branami GB HD+ pre bezpe\u010dnos\u0165 v skladoch s vysok\u00fdmi skladovac\u00edmi priestormi<\/h2>\n\n\n\n<p>V dynamicky funguj\u00facej priemyselnej hale, kde <strong>sa stret\u00e1vaj\u00fa \u013eudia, stroje, roboty a vysoko polo\u017een\u00e9 skladovacie priestory, bolo potrebn\u00e9<\/strong> zabezpe\u010di\u0165 bezpe\u010dnos\u0165 na pracovisku a efekt\u00edvnu organiz\u00e1ciu priestoru. Hlavn\u00fdm cie\u013eom bolo oddeli\u0165 \u013eud\u00ed a stroje od z\u00f3n skladovania. Okrem toho bolo ve\u013emi d\u00f4le\u017eit\u00e9 ur\u010di\u0165 jasn\u00e9 dopravn\u00e9 trasy a chr\u00e1ni\u0165 infra\u0161trukt\u00faru pred mo\u017en\u00fdm po\u0161koden\u00edm sp\u00f4soben\u00fdm intenz\u00edvnou dopravou a povahou oper\u00e1ci\u00ed v tomto prostred\u00ed.<\/p>\n\n\n\n<h3 class=\"wp-block-heading\">Implement\u00e1cia<\/h3>\n\n\n\n<p>Proces implement\u00e1cie sa za\u010dal d\u00f4kladnou anal\u00fdzou potrieb a potenci\u00e1lnych riz\u00edk spojen\u00fdch s pou\u017e\u00edvan\u00edm zariadenia. Na z\u00e1klade toho sa navrhla ochrana pozost\u00e1vaj\u00faca zo <a href=\"https:\/\/antersystem.com\/produkty\/ciag-elastycznych-barier-wall-protector-hd-m16-z-barierami-gb-hd\/\">s\u00e9rie flexibiln\u00fdch z\u00e1bran WALL PROTECTOR HD+ v kombin\u00e1cii so z\u00e1branami GB HD+.<\/a><\/p>\n\n\n\n<p>WALL PROTECTORS boli <strong>strategicky umiestnen\u00e9 tak, aby<\/strong> chr\u00e1nili vysoko polo\u017een\u00e9 skladovacie priestory pred posunom skladovan\u00e9ho tovaru a aby chr\u00e1nili v\u00fdrobn\u00e9 z\u00f3ny, v ktor\u00fdch pracuj\u00fa stroje a priemyseln\u00e9 roboty. Pou\u017eitie zosilnen\u00fdch spodn\u00fdch <a href=\"https:\/\/antersystem.com\/produkty\/elastyczna-bariera-gb-hd\/\">ochrann\u00fdch z\u00e1bran GB HD+ zabezpe\u010dilo<\/a> \u00fa\u010dinn\u00fa ochranu pri\u013eahl\u00fdch oblast\u00ed pred n\u00edzko umiestnen\u00fdmi vidlicami vysokozdvi\u017en\u00fdch voz\u00edkov pracuj\u00facich v z\u00f3ne.<\/p>\n\n\n\n<p>WALL PROTECTOR sa pou\u017e\u00edval aj <strong>na ochranu a pr\u00edsne oddelenie v\u00fdrobn\u00fdch z\u00f3n vybaven\u00fdch<\/strong> robotmi, strojmi a in\u00fdmi modern\u00fdmi syst\u00e9mami na podporu v\u00fdroby a logistiky. Tieto rie\u0161enia nielen\u017ee chr\u00e1nili k\u013e\u00fa\u010dov\u00e9 prvky haly, ale pomohli aj vymedzi\u0165 jasn\u00e9 dopravn\u00e9 trasy medzi pracovn\u00fdmi oblas\u0165ami.<\/p>\n\n\n\n<p>Realiz\u00e1cia bola doplnen\u00e1 o pou\u017eitie <a href=\"https:\/\/antersystem.com\/produkty\/bramka-bezpieczenstwa-sga-ze-znakiem-stop-i-oswietleniem-ostrzegawczym\/\">bezpe\u010dnostn\u00fdch z\u00e1vor SGA so<\/a> zna\u010dkami zastavenia a sveteln\u00fdmi sign\u00e1lmi v l\u00edni\u00e1ch z\u00e1vor Traffic R3. Reguluj\u00fa pohyb chodcov v kritick\u00fdch oblastiach a minimalizuj\u00fa riziko vstupu na trasy pou\u017e\u00edvan\u00e9 vozidlami.<\/p>\n\n\n\n<h3 class=\"wp-block-heading\">V\u00fdsledky<\/h3>\n\n\n\n<p>Pou\u017eitie flexibiln\u00fdch ochrann\u00fdch z\u00e1bran WALL PROTECTOR HD+ v kombin\u00e1cii so z\u00e1branami GB HD+ prinieslo mno\u017estvo v\u00fdhod. V\u010faka implementovan\u00fdm rie\u0161eniam boli vysokozdvi\u017en\u00e9 skladovacie priestory <strong>\u00fa\u010dinne oddelen\u00e9 od dopravn\u00fdch a v\u00fdrobn\u00fdch z\u00f3n, \u010do<\/strong> v\u00fdrazne zv\u00fd\u0161ilo bezpe\u010dnos\u0165 pr\u00e1ce. Jasne vyzna\u010den\u00e9 prepravn\u00e9 trasy zlep\u0161ili tok a efekt\u00edvnos\u0165 logistick\u00fdch procesov a minimalizovali riziko kol\u00edzi\u00ed a prestojov. Modul\u00e1rna kon\u0161trukcia syst\u00e9mu v\u00fdrazne u\u013eah\u010dila realiz\u00e1ciu \u00falohy v s\u00falade s potrebami klienta a zabezpe\u010dila primeran\u00fa ochranu v ur\u010den\u00fdch oblastiach.<\/p>\n\n\n\n<h3 class=\"wp-block-heading\">Zhrnutie<\/h3>\n\n\n\n<p>Implement\u00e1cia syst\u00e9mu WALL PROTECTOR HD+ so z\u00e1branami GB HD+ v hale s automatizovan\u00fdmi v\u00fdrobn\u00fdmi z\u00f3nami a vysok\u00fdmi skladovac\u00edmi priestormi <strong>v\u00fdrazne zlep\u0161ila bezpe\u010dnos\u0165 pr\u00e1ce a organiz\u00e1ciu priestoru.<\/strong> V\u010faka pou\u017eit\u00fdm rie\u0161eniam bolo mo\u017en\u00e9 \u00fa\u010dinne zabezpe\u010di\u0165 \u0161pecifick\u00e9 \u010dasti haly, zlep\u0161i\u0165 organiz\u00e1ciu dopravy v dynamickom priemyselnom prostred\u00ed a zaisti\u0165 bezpe\u010dnos\u0165 zamestnancov v oblastiach, ktor\u00e9 s\u00fa najviac ohrozen\u00e9 nehodami.<\/p>\n<\/div>\n\n\n\n<div class=\"wp-block-column is-layout-flow wp-block-column-is-layout-flow\" style=\"flex-basis:10%\"><\/div>\n<\/div>\n\nngg_shortcode_0_placeholder\n","protected":false},"excerpt":{"rendered":"<p>Wall Protector HD+ so z\u00e1branami GB HD+ pre bezpe\u010dnos\u0165 v skladoch s vysok\u00fdmi skladovac\u00edmi priestormi V dynamicky funguj\u00facej priemyselnej hale, kde sa stret\u00e1vaj\u00fa \u013eudia, stroje, roboty a vysoko polo\u017een\u00e9 skladovacie priestory, bolo potrebn\u00e9 zabezpe\u010di\u0165 bezpe\u010dnos\u0165 na pracovisku a efekt\u00edvnu organiz\u00e1ciu priestoru. Hlavn\u00fdm cie\u013eom bolo oddeli\u0165 \u013eud\u00ed a stroje od z\u00f3n skladovania. Okrem toho bolo ve\u013emi [&hellip;]<\/p>\n","protected":false},"author":1,"featured_media":0,"parent":12713,"menu_order":0,"comment_status":"closed","ping_status":"closed","template":"","meta":{"inline_featured_image":false,"ngg_post_thumbnail":0,"footnotes":""},"class_list":["post-13115","page","type-page","status-publish","hentry"],"acf":[],"yoast_head":"<!-- This site is optimized with the Yoast SEO plugin v27.0 - https:\/\/yoast.com\/product\/yoast-seo-wordpress\/ -->\n<title>WALL PROTECTOR HD+ v skladoch s vysok\u00fdmi skladovac\u00edmi plochami - Anter System<\/title>\n<meta name=\"description\" content=\"Wall Protector HD+ so z\u00e1branami GB HD+ pre bezpe\u010dnos\u0165 v skladoch s vysok\u00fdmi skladovac\u00edmi priestormi V dynamicky funguj\u00facej priemyselnej hale, kde sa\" \/>\n<meta name=\"robots\" content=\"index, follow, max-snippet:-1, max-image-preview:large, max-video-preview:-1\" \/>\n<link rel=\"canonical\" href=\"https:\/\/antersystem.com\/sk\/case-studies\/wall-protector-hd-warehouses-with-high-storage\/\" \/>\n<meta property=\"og:locale\" content=\"sk_SK\" \/>\n<meta property=\"og:type\" content=\"article\" \/>\n<meta property=\"og:title\" content=\"WALL PROTECTOR HD+ v skladoch s vysok\u00fdmi skladovac\u00edmi plochami - Anter System\" \/>\n<meta property=\"og:description\" content=\"Wall Protector HD+ so z\u00e1branami GB HD+ pre bezpe\u010dnos\u0165 v skladoch s vysok\u00fdmi skladovac\u00edmi priestormi V dynamicky funguj\u00facej priemyselnej hale, kde sa\" \/>\n<meta property=\"og:url\" content=\"https:\/\/antersystem.com\/sk\/case-studies\/wall-protector-hd-warehouses-with-high-storage\/\" \/>\n<meta property=\"og:site_name\" content=\"Anter System\" \/>\n<meta property=\"article:modified_time\" content=\"2026-01-30T00:22:09+00:00\" \/>\n<meta name=\"twitter:card\" content=\"summary_large_image\" \/>\n<meta name=\"twitter:label1\" content=\"Predpokladan\u00fd \u010das \u010d\u00edtania\" \/>\n\t<meta name=\"twitter:data1\" content=\"3 min\u00faty\" \/>\n<script type=\"application\/ld+json\" class=\"yoast-schema-graph\">{\"@context\":\"https:\/\/schema.org\",\"@graph\":[{\"@type\":\"WebPage\",\"@id\":\"https:\/\/antersystem.com\/sk\/case-studies\/wall-protector-hd-warehouses-with-high-storage\/\",\"url\":\"https:\/\/antersystem.com\/sk\/case-studies\/wall-protector-hd-warehouses-with-high-storage\/\",\"name\":\"WALL PROTECTOR HD+ v skladoch s vysok\u00fdmi skladovac\u00edmi plochami - Anter System\",\"isPartOf\":{\"@id\":\"https:\/\/antersystem.com\/sk\/#website\"},\"datePublished\":\"2025-01-28T13:41:10+00:00\",\"dateModified\":\"2026-01-30T00:22:09+00:00\",\"description\":\"Wall Protector HD+ so z\u00e1branami GB HD+ pre bezpe\u010dnos\u0165 v skladoch s vysok\u00fdmi skladovac\u00edmi priestormi V dynamicky funguj\u00facej priemyselnej hale, kde sa\",\"breadcrumb\":{\"@id\":\"https:\/\/antersystem.com\/sk\/case-studies\/wall-protector-hd-warehouses-with-high-storage\/#breadcrumb\"},\"inLanguage\":\"sk-SK\",\"potentialAction\":[{\"@type\":\"ReadAction\",\"target\":[\"https:\/\/antersystem.com\/sk\/case-studies\/wall-protector-hd-warehouses-with-high-storage\/\"]}]},{\"@type\":\"BreadcrumbList\",\"@id\":\"https:\/\/antersystem.com\/sk\/case-studies\/wall-protector-hd-warehouses-with-high-storage\/#breadcrumb\",\"itemListElement\":[{\"@type\":\"ListItem\",\"position\":1,\"name\":\"AnterSystem\",\"item\":\"https:\/\/antersystem.com\/sk\/\"},{\"@type\":\"ListItem\",\"position\":2,\"name\":\"Pr\u00edpadov\u00e9 \u0161t\u00fadie\",\"item\":\"https:\/\/antersystem.com\/sk\/case-studies\/\"},{\"@type\":\"ListItem\",\"position\":3,\"name\":\"WALL PROTECTOR HD+ v skladoch s vysok\u00fdmi skladovac\u00edmi plochami\"}]},{\"@type\":\"WebSite\",\"@id\":\"https:\/\/antersystem.com\/sk\/#website\",\"url\":\"https:\/\/antersystem.com\/sk\/\",\"name\":\"Anter System\",\"description\":\"Jeste\u015bmy polskim producentem elastycznych barier ochronnych wykonywanych z polimerowych tworzyw sztucznych. Na rynku krajowym i zagranicznym dzia\u0142amy od ponad 15 lat dbaj\u0105c o zapewnienie bezpiecze\u0144stwa w zak\u0142adach produkcyjnych, magazynach oraz centrach logistycznych.\",\"potentialAction\":[{\"@type\":\"SearchAction\",\"target\":{\"@type\":\"EntryPoint\",\"urlTemplate\":\"https:\/\/antersystem.com\/sk\/?s={search_term_string}\"},\"query-input\":{\"@type\":\"PropertyValueSpecification\",\"valueRequired\":true,\"valueName\":\"search_term_string\"}}],\"inLanguage\":\"sk-SK\"}]}<\/script>\n<!-- \/ Yoast SEO plugin. -->","yoast_head_json":{"title":"WALL PROTECTOR HD+ v skladoch s vysok\u00fdmi skladovac\u00edmi plochami - Anter System","description":"Wall Protector HD+ so z\u00e1branami GB HD+ pre bezpe\u010dnos\u0165 v skladoch s vysok\u00fdmi skladovac\u00edmi priestormi V dynamicky funguj\u00facej priemyselnej hale, kde sa","robots":{"index":"index","follow":"follow","max-snippet":"max-snippet:-1","max-image-preview":"max-image-preview:large","max-video-preview":"max-video-preview:-1"},"canonical":"https:\/\/antersystem.com\/sk\/case-studies\/wall-protector-hd-warehouses-with-high-storage\/","og_locale":"sk_SK","og_type":"article","og_title":"WALL PROTECTOR HD+ v skladoch s vysok\u00fdmi skladovac\u00edmi plochami - Anter System","og_description":"Wall Protector HD+ so z\u00e1branami GB HD+ pre bezpe\u010dnos\u0165 v skladoch s vysok\u00fdmi skladovac\u00edmi priestormi V dynamicky funguj\u00facej priemyselnej hale, kde sa","og_url":"https:\/\/antersystem.com\/sk\/case-studies\/wall-protector-hd-warehouses-with-high-storage\/","og_site_name":"Anter System","article_modified_time":"2026-01-30T00:22:09+00:00","twitter_card":"summary_large_image","twitter_misc":{"Predpokladan\u00fd \u010das \u010d\u00edtania":"3 min\u00faty"},"schema":{"@context":"https:\/\/schema.org","@graph":[{"@type":"WebPage","@id":"https:\/\/antersystem.com\/sk\/case-studies\/wall-protector-hd-warehouses-with-high-storage\/","url":"https:\/\/antersystem.com\/sk\/case-studies\/wall-protector-hd-warehouses-with-high-storage\/","name":"WALL PROTECTOR HD+ v skladoch s vysok\u00fdmi skladovac\u00edmi plochami - Anter System","isPartOf":{"@id":"https:\/\/antersystem.com\/sk\/#website"},"datePublished":"2025-01-28T13:41:10+00:00","dateModified":"2026-01-30T00:22:09+00:00","description":"Wall Protector HD+ so z\u00e1branami GB HD+ pre bezpe\u010dnos\u0165 v skladoch s vysok\u00fdmi skladovac\u00edmi priestormi V dynamicky funguj\u00facej priemyselnej hale, kde sa","breadcrumb":{"@id":"https:\/\/antersystem.com\/sk\/case-studies\/wall-protector-hd-warehouses-with-high-storage\/#breadcrumb"},"inLanguage":"sk-SK","potentialAction":[{"@type":"ReadAction","target":["https:\/\/antersystem.com\/sk\/case-studies\/wall-protector-hd-warehouses-with-high-storage\/"]}]},{"@type":"BreadcrumbList","@id":"https:\/\/antersystem.com\/sk\/case-studies\/wall-protector-hd-warehouses-with-high-storage\/#breadcrumb","itemListElement":[{"@type":"ListItem","position":1,"name":"AnterSystem","item":"https:\/\/antersystem.com\/sk\/"},{"@type":"ListItem","position":2,"name":"Pr\u00edpadov\u00e9 \u0161t\u00fadie","item":"https:\/\/antersystem.com\/sk\/case-studies\/"},{"@type":"ListItem","position":3,"name":"WALL PROTECTOR HD+ v skladoch s vysok\u00fdmi skladovac\u00edmi plochami"}]},{"@type":"WebSite","@id":"https:\/\/antersystem.com\/sk\/#website","url":"https:\/\/antersystem.com\/sk\/","name":"Anter System","description":"Jeste\u015bmy polskim producentem elastycznych barier ochronnych wykonywanych z polimerowych tworzyw sztucznych. Na rynku krajowym i zagranicznym dzia\u0142amy od ponad 15 lat dbaj\u0105c o zapewnienie bezpiecze\u0144stwa w zak\u0142adach produkcyjnych, magazynach oraz centrach logistycznych.","potentialAction":[{"@type":"SearchAction","target":{"@type":"EntryPoint","urlTemplate":"https:\/\/antersystem.com\/sk\/?s={search_term_string}"},"query-input":{"@type":"PropertyValueSpecification","valueRequired":true,"valueName":"search_term_string"}}],"inLanguage":"sk-SK"}]}},"_links":{"self":[{"href":"https:\/\/antersystem.com\/sk\/wp-json\/wp\/v2\/pages\/13115","targetHints":{"allow":["GET"]}}],"collection":[{"href":"https:\/\/antersystem.com\/sk\/wp-json\/wp\/v2\/pages"}],"about":[{"href":"https:\/\/antersystem.com\/sk\/wp-json\/wp\/v2\/types\/page"}],"author":[{"embeddable":true,"href":"https:\/\/antersystem.com\/sk\/wp-json\/wp\/v2\/users\/1"}],"replies":[{"embeddable":true,"href":"https:\/\/antersystem.com\/sk\/wp-json\/wp\/v2\/comments?post=13115"}],"version-history":[{"count":1,"href":"https:\/\/antersystem.com\/sk\/wp-json\/wp\/v2\/pages\/13115\/revisions"}],"predecessor-version":[{"id":13117,"href":"https:\/\/antersystem.com\/sk\/wp-json\/wp\/v2\/pages\/13115\/revisions\/13117"}],"up":[{"embeddable":true,"href":"https:\/\/antersystem.com\/sk\/wp-json\/wp\/v2\/pages\/12713"}],"wp:attachment":[{"href":"https:\/\/antersystem.com\/sk\/wp-json\/wp\/v2\/media?parent=13115"}],"curies":[{"name":"wp","href":"https:\/\/api.w.org\/{rel}","templated":true}]}}