{"id":13163,"date":"2025-06-04T16:04:00","date_gmt":"2025-06-04T14:04:00","guid":{"rendered":"https:\/\/new.antersystem.com\/gold-medal-smart-gate\/"},"modified":"2026-04-16T11:29:51","modified_gmt":"2026-04-16T09:29:51","slug":"gold-medal-smart-gate","status":"publish","type":"page","link":"https:\/\/antersystem.com\/sk\/novinky\/gold-medal-smart-gate\/","title":{"rendered":"Zlat\u00e1 medaila pre SMART GATE"},"content":{"rendered":"\n<div class=\"wp-block-columns is-layout-flex wp-container-core-columns-is-layout-9d6595d7 wp-block-columns-is-layout-flex\">\n<div class=\"wp-block-column is-layout-flow wp-block-column-is-layout-flow\">\n<h2 class=\"wp-block-heading\">N\u00e1\u0161 produkt z\u00edskal prest\u00ed\u017ene ocenenie<\/h2>\n\n\n\n<div class=\"wp-block-columns is-layout-flex wp-container-core-columns-is-layout-9d6595d7 wp-block-columns-is-layout-flex\">\n<div class=\"wp-block-column is-layout-flow wp-block-column-is-layout-flow\" style=\"flex-basis:10%\"><\/div>\n\n\n\n<div class=\"wp-block-column is-layout-flow wp-block-column-is-layout-flow\">\n<p>S hrdos\u0165ou oznamujeme, \u017ee jedna z na\u0161ich najnov\u0161\u00edch inov\u00e1ci\u00ed &#8211; <strong>inteligentn\u00e1 bezpe\u010dnostn\u00e1 br\u00e1na SGA GATE PROTECTOR (SMART GATE) &#8211; bola<\/strong> ocenen\u00e1 prest\u00ed\u017enou zlatou <strong>medailou Modernlog 2025.<\/strong> T\u00fdmto ocenen\u00edm sa vyzdvihuj\u00fa rie\u0161enia, ktor\u00e9 prin\u00e1\u0161aj\u00fa skuto\u010dn\u00fa hodnotu pre priemysel prostredn\u00edctvom inov\u00e1ci\u00ed, kvality dizajnu a vplyvu na bezpe\u010dnos\u0165 na pracovisku. <\/p>\n\n\n\n<h3 class=\"wp-block-heading\">Ocenenie, ktor\u00e9 in\u0161piruje k zodpovednosti<\/h3>\n\n\n\n<p>Zlat\u00e1 medaila, ktor\u00fa ude\u013euje odborn\u00e1 porota MTP, je viac ako symbolick\u00e9 uznanie &#8211; je to zn\u00e1mka kvality potvrdzuj\u00faca \u00fa\u010dinnos\u0165 a praktick\u00fa hodnotu ocenen\u00e9ho rie\u0161enia. V kateg\u00f3rii v\u00fdrobkov pre bezpe\u010dnos\u0165 na pracovisku porota ocenila na\u0161u br\u00e1nu za <strong>inovat\u00edvnu integr\u00e1ciu technol\u00f3gie detekcie nebezpe\u010denstva s akt\u00edvnou ochranou pou\u017e\u00edvate\u013ea v spolo\u010dn\u00fdch<\/strong> z\u00f3nach pre chodcov a priemyseln\u00e9 vozidl\u00e1. <\/p>\n\n\n\n<figure class=\"wp-block-embed is-type-video is-provider-youtube wp-block-embed-youtube wp-embed-aspect-16-9 wp-has-aspect-ratio\"><div class=\"wp-block-embed__wrapper\" style=\"text-align: center;\">\n<iframe loading=\"lazy\" title=\"GATE PROTECTOR with SGA SAFETY GATE WING\" width=\"500\" height=\"281\" src=\"https:\/\/www.youtube.com\/embed\/cdwOuzXI_zU?feature=oembed\" frameborder=\"0\" allow=\"accelerometer; autoplay; clipboard-write; encrypted-media; gyroscope; picture-in-picture; web-share\" referrerpolicy=\"strict-origin-when-cross-origin\" allowfullscreen><\/iframe>\n<\/div><\/figure>\n\n\n<div style=\"height:30px\" aria-hidden=\"true\" class=\"wp-block-spacer\"><\/div>\n\n\n\n<h3 class=\"wp-block-heading\">\u010c\u00edm vynik\u00e1 SGA GATE PROTECTOR?<\/h3>\n\n\n\n<p>Inteligentn\u00e1 br\u00e1na SMART GATE je inteligentn\u00fd automatick\u00fd bezpe\u010dnostn\u00fd syst\u00e9m ur\u010den\u00fd na ochranu najkritickej\u0161\u00edch oblast\u00ed v skladoch, logistick\u00fdch centr\u00e1ch a priemyseln\u00fdch zariadeniach &#8211; tam, kde sa kri\u017euj\u00fa cesty pre chodcov s cestami pre vozidl\u00e1. Medzi jeho k\u013e\u00fa\u010dov\u00e9 funkcie patr\u00ed:<\/p>\n\n\n\n<ul class=\"wp-block-list\"><li><strong>Pokro\u010dil\u00e9 detek\u010dn\u00e9 syst\u00e9my &#8211;<\/strong> sn\u00edma\u010de pohybu, RFID, technol\u00f3gia UWB a laserov\u00e9 detektory umo\u017e\u0148uj\u00fa presn\u00fa detekciu pribli\u017euj\u00facich sa vozidiel.<\/li>\n<li><strong>Akt\u00edvna sveteln\u00e1 a zvukov\u00e1 signaliz\u00e1cia &#8211;<\/strong> jasne \u010derven\u00e9 v\u00fdstra\u017en\u00e9 svetl\u00e1 a zvukov\u00e9 alarmy s\u00fa jasne vidite\u013en\u00e9 a po\u010dute\u013en\u00e9 pre chodcov aj obsluhu vysokozdvi\u017en\u00e9ho voz\u00edka.<\/li>\n<li><strong>Automatick\u00e9 blokovanie prejazdu &#8211;<\/strong> po rozpoznan\u00ed vozidla sa br\u00e1na okam\u017eite zatvor\u00ed, \u010d\u00edm sa zabr\u00e1ni kol\u00edzii.<\/li>\n<li><strong>Bezprobl\u00e9mov\u00e1 integr\u00e1cia s automatiz\u00e1ciou budov &#8211;<\/strong> SGA GATE PROTECTOR mo\u017eno plne integrova\u0165 s klientskymi syst\u00e9mami, ktor\u00e9 podporuj\u00fa riadenie dopravy, bezpe\u010dnosti a evaku\u00e1cie.<\/li>\n<li><strong>Funkcia automatick\u00e9ho otv\u00e1rania &#8211;<\/strong> ke\u010f je priestor vo\u013en\u00fd, br\u00e1na sa automaticky otvor\u00ed, \u010d\u00edm sa zachov\u00e1 hladk\u00fd priebeh pr\u00e1ce.<\/li>\n<\/ul>\n\n\n<div style=\"height:30px\" aria-hidden=\"true\" class=\"wp-block-spacer\"><\/div>\n\n\n\n<div class=\"wp-block-media-text is-stacked-on-mobile\" style=\"grid-template-columns:18% auto\"><figure class=\"wp-block-media-text__media\"><img loading=\"lazy\" decoding=\"async\" width=\"683\" height=\"1024\" src=\"https:\/\/antersystem.com\/wp-content\/uploads\/ELASTYCZNA-BARIERA-GATE-PROTECTOR-Z-BRAMKA-SGA2-683x1024.png\" alt=\"\" class=\"wp-image-6000 size-full\" srcset=\"https:\/\/antersystem.com\/wp-content\/uploads\/ELASTYCZNA-BARIERA-GATE-PROTECTOR-Z-BRAMKA-SGA2-683x1024.png 683w, https:\/\/antersystem.com\/wp-content\/uploads\/ELASTYCZNA-BARIERA-GATE-PROTECTOR-Z-BRAMKA-SGA2-200x300.png 200w, https:\/\/antersystem.com\/wp-content\/uploads\/ELASTYCZNA-BARIERA-GATE-PROTECTOR-Z-BRAMKA-SGA2-768x1152.png 768w, https:\/\/antersystem.com\/wp-content\/uploads\/ELASTYCZNA-BARIERA-GATE-PROTECTOR-Z-BRAMKA-SGA2-1024x1536.png 1024w, https:\/\/antersystem.com\/wp-content\/uploads\/ELASTYCZNA-BARIERA-GATE-PROTECTOR-Z-BRAMKA-SGA2-1365x2048.png 1365w, https:\/\/antersystem.com\/wp-content\/uploads\/ELASTYCZNA-BARIERA-GATE-PROTECTOR-Z-BRAMKA-SGA2-450x675.png 450w, https:\/\/antersystem.com\/wp-content\/uploads\/ELASTYCZNA-BARIERA-GATE-PROTECTOR-Z-BRAMKA-SGA2-330x495.png 330w\" sizes=\"auto, (max-width: 683px) 100vw, 683px\" \/><\/figure><div class=\"wp-block-media-text__content\">\n<h3 class=\"wp-block-heading\">Skuto\u010dn\u00e9 v\u00fdhody &#8211; bezpe\u010dnos\u0165, pohodlie a efekt\u00edvnos\u0165<\/h3>\n\n\n\n<p>Zavedenie syst\u00e9mu SGA GATE PROTECTOR \u00faplne eliminovalo incidenty na najnebezpe\u010dnej\u0161\u00edch kri\u017eovatk\u00e1ch v zariadeniach na\u0161ich klientov. Zv\u00fd\u0161en\u00e1 bezpe\u010dnos\u0165 sa premieta nielen do ochrany \u017eivota a zdravia, ale aj do <strong>s\u00fastredenej\u0161ej, istej\u0161ej a efekt\u00edvnej\u0161ej pr\u00e1ce cel\u00fdch prev\u00e1dzkov\u00fdch t\u00edmov.<\/strong> Vizu\u00e1lne a akustick\u00e9 sign\u00e1ly pom\u00e1haj\u00fa oper\u00e1torom, zni\u017euj\u00fa stres a potrebu neust\u00e1leho monitorovania prostredia.  <\/p>\n\n\n\n<p>Toto rie\u0161enie bolo navrhnut\u00e9 s oh\u013eadom na flexibilitu &#8211; technologick\u00fa aj priestorov\u00fa. Br\u00e1nu je mo\u017en\u00e9 prisp\u00f4sobi\u0165 tak, aby sp\u013a\u0148ala \u0161pecifick\u00e9 po\u017eiadavky objektu, a jej modul\u00e1rna kon\u0161trukcia umo\u017e\u0148uje jednoduch\u00fa integr\u00e1ciu s ostatn\u00fdmi ochrann\u00fdmi produktmi Anter System. <\/p>\n<\/div><\/div>\n\n\n\n<div style=\"height:30px\" aria-hidden=\"true\" class=\"wp-block-spacer\"><\/div>\n\n\n\n<h3 class=\"wp-block-heading\">\u010eakujeme za uznanie!<\/h3>\n\n\n\n<p>Zlat\u00e1 medaila Modernlog 2025 potvrdzuje, \u017ee cesta, ktorou sme sa vydali &#8211; invest\u00edcie do <strong>inteligentn\u00fdch, automatizovan\u00fdch bezpe\u010dnostn\u00fdch syst\u00e9mov &#8211;<\/strong> priamo reaguje na skuto\u010dn\u00e9 potreby trhu. \u010eakujeme porote s\u00fa\u0165a\u017ee za d\u00f4veru a na\u0161im klientom a partnerom za to, \u017ee n\u00e1s in\u0161piruj\u00fa k \u010fal\u0161\u00edm inov\u00e1ci\u00e1m. <\/p>\n\n\n\n<p>\u010eal\u0161ie inform\u00e1cie o ochrannom zariaden\u00ed SGA GATE PROTECTOR <strong><a href=\"https:\/\/antersystem.com\/produkty\/elastyczna-bariera-gate-protector-with-sga-gate\/\">tu<\/a><\/strong>.<\/p>\n<\/div>\n<\/div>\n<\/div>\n<\/div>\n\n<p><\/p>\n","protected":false},"excerpt":{"rendered":"<p>N\u00e1\u0161 produkt z\u00edskal prest\u00ed\u017ene ocenenie S hrdos\u0165ou oznamujeme, \u017ee jedna z na\u0161ich najnov\u0161\u00edch inov\u00e1ci\u00ed &#8211; inteligentn\u00e1 bezpe\u010dnostn\u00e1 br\u00e1na SGA GATE PROTECTOR (SMART GATE) &#8211; bola ocenen\u00e1 prest\u00ed\u017enou zlatou medailou Modernlog 2025. T\u00fdmto ocenen\u00edm sa vyzdvihuj\u00fa rie\u0161enia, ktor\u00e9 prin\u00e1\u0161aj\u00fa skuto\u010dn\u00fa hodnotu pre priemysel prostredn\u00edctvom inov\u00e1ci\u00ed, kvality dizajnu a vplyvu na bezpe\u010dnos\u0165 na pracovisku. Ocenenie, ktor\u00e9 in\u0161piruje [&hellip;]<\/p>\n","protected":false},"author":11,"featured_media":13165,"parent":30350,"menu_order":0,"comment_status":"closed","ping_status":"closed","template":"","meta":{"inline_featured_image":false,"ngg_post_thumbnail":0,"footnotes":""},"class_list":["post-13163","page","type-page","status-publish","has-post-thumbnail","hentry"],"acf":[],"yoast_head":"<!-- This site is optimized with the Yoast SEO plugin v27.0 - https:\/\/yoast.com\/product\/yoast-seo-wordpress\/ -->\n<title>Zlat\u00e1 medaila pre SMART GATE - Anter System<\/title>\n<meta name=\"description\" content=\"Inteligentn\u00fd produkt SMART GATE z\u00edskal na ve\u013etrhu Modernlog 2025 prest\u00ed\u017enu zlat\u00fa medailu.\" \/>\n<meta name=\"robots\" content=\"index, follow, max-snippet:-1, max-image-preview:large, max-video-preview:-1\" \/>\n<link rel=\"canonical\" href=\"https:\/\/antersystem.com\/sk\/novinky\/gold-medal-smart-gate\/\" \/>\n<meta property=\"og:locale\" content=\"sk_SK\" \/>\n<meta property=\"og:type\" content=\"article\" \/>\n<meta property=\"og:title\" content=\"Zlat\u00e1 medaila pre SMART GATE - Anter System\" \/>\n<meta property=\"og:description\" content=\"Inteligentn\u00fd produkt SMART GATE z\u00edskal na ve\u013etrhu Modernlog 2025 prest\u00ed\u017enu zlat\u00fa medailu.\" \/>\n<meta property=\"og:url\" content=\"https:\/\/antersystem.com\/sk\/novinky\/gold-medal-smart-gate\/\" \/>\n<meta property=\"og:site_name\" content=\"Anter System\" \/>\n<meta property=\"article:modified_time\" content=\"2026-04-16T09:29:51+00:00\" \/>\n<meta property=\"og:image\" content=\"https:\/\/antersystem.com\/wp-content\/uploads\/gate-protector-medal-1.png\" \/>\n\t<meta property=\"og:image:width\" content=\"1024\" \/>\n\t<meta property=\"og:image:height\" content=\"768\" \/>\n\t<meta property=\"og:image:type\" content=\"image\/png\" \/>\n<meta name=\"twitter:card\" content=\"summary_large_image\" \/>\n<meta name=\"twitter:label1\" content=\"Predpokladan\u00fd \u010das \u010d\u00edtania\" \/>\n\t<meta name=\"twitter:data1\" content=\"3 min\u00faty\" \/>\n<script type=\"application\/ld+json\" class=\"yoast-schema-graph\">{\"@context\":\"https:\/\/schema.org\",\"@graph\":[{\"@type\":\"WebPage\",\"@id\":\"https:\/\/antersystem.com\/sk\/novinky\/gold-medal-smart-gate\/\",\"url\":\"https:\/\/antersystem.com\/sk\/novinky\/gold-medal-smart-gate\/\",\"name\":\"Zlat\u00e1 medaila pre SMART GATE - Anter System\",\"isPartOf\":{\"@id\":\"https:\/\/antersystem.com\/sk\/#website\"},\"primaryImageOfPage\":{\"@id\":\"https:\/\/antersystem.com\/sk\/novinky\/gold-medal-smart-gate\/#primaryimage\"},\"image\":{\"@id\":\"https:\/\/antersystem.com\/sk\/novinky\/gold-medal-smart-gate\/#primaryimage\"},\"thumbnailUrl\":\"https:\/\/antersystem.com\/wp-content\/uploads\/gate-protector-medal-1.png\",\"datePublished\":\"2025-06-04T14:04:00+00:00\",\"dateModified\":\"2026-04-16T09:29:51+00:00\",\"description\":\"Inteligentn\u00fd produkt SMART GATE z\u00edskal na ve\u013etrhu Modernlog 2025 prest\u00ed\u017enu zlat\u00fa medailu.\",\"breadcrumb\":{\"@id\":\"https:\/\/antersystem.com\/sk\/novinky\/gold-medal-smart-gate\/#breadcrumb\"},\"inLanguage\":\"sk-SK\",\"potentialAction\":[{\"@type\":\"ReadAction\",\"target\":[\"https:\/\/antersystem.com\/sk\/novinky\/gold-medal-smart-gate\/\"]}]},{\"@type\":\"ImageObject\",\"inLanguage\":\"sk-SK\",\"@id\":\"https:\/\/antersystem.com\/sk\/novinky\/gold-medal-smart-gate\/#primaryimage\",\"url\":\"https:\/\/antersystem.com\/wp-content\/uploads\/gate-protector-medal-1.png\",\"contentUrl\":\"https:\/\/antersystem.com\/wp-content\/uploads\/gate-protector-medal-1.png\",\"width\":1024,\"height\":768},{\"@type\":\"BreadcrumbList\",\"@id\":\"https:\/\/antersystem.com\/sk\/novinky\/gold-medal-smart-gate\/#breadcrumb\",\"itemListElement\":[{\"@type\":\"ListItem\",\"position\":1,\"name\":\"AnterSystem\",\"item\":\"https:\/\/antersystem.com\/sk\/\"},{\"@type\":\"ListItem\",\"position\":2,\"name\":\"Novinky\",\"item\":\"https:\/\/antersystem.com\/sk\/novinky\/\"},{\"@type\":\"ListItem\",\"position\":3,\"name\":\"Zlat\u00e1 medaila pre SMART GATE\"}]},{\"@type\":\"WebSite\",\"@id\":\"https:\/\/antersystem.com\/sk\/#website\",\"url\":\"https:\/\/antersystem.com\/sk\/\",\"name\":\"Anter System\",\"description\":\"Jeste\u015bmy polskim producentem elastycznych barier ochronnych wykonywanych z polimerowych tworzyw sztucznych. Na rynku krajowym i zagranicznym dzia\u0142amy od ponad 15 lat dbaj\u0105c o zapewnienie bezpiecze\u0144stwa w zak\u0142adach produkcyjnych, magazynach oraz centrach logistycznych.\",\"potentialAction\":[{\"@type\":\"SearchAction\",\"target\":{\"@type\":\"EntryPoint\",\"urlTemplate\":\"https:\/\/antersystem.com\/sk\/?s={search_term_string}\"},\"query-input\":{\"@type\":\"PropertyValueSpecification\",\"valueRequired\":true,\"valueName\":\"search_term_string\"}}],\"inLanguage\":\"sk-SK\"}]}<\/script>\n<!-- \/ Yoast SEO plugin. -->","yoast_head_json":{"title":"Zlat\u00e1 medaila pre SMART GATE - Anter System","description":"Inteligentn\u00fd produkt SMART GATE z\u00edskal na ve\u013etrhu Modernlog 2025 prest\u00ed\u017enu zlat\u00fa medailu.","robots":{"index":"index","follow":"follow","max-snippet":"max-snippet:-1","max-image-preview":"max-image-preview:large","max-video-preview":"max-video-preview:-1"},"canonical":"https:\/\/antersystem.com\/sk\/novinky\/gold-medal-smart-gate\/","og_locale":"sk_SK","og_type":"article","og_title":"Zlat\u00e1 medaila pre SMART GATE - Anter System","og_description":"Inteligentn\u00fd produkt SMART GATE z\u00edskal na ve\u013etrhu Modernlog 2025 prest\u00ed\u017enu zlat\u00fa medailu.","og_url":"https:\/\/antersystem.com\/sk\/novinky\/gold-medal-smart-gate\/","og_site_name":"Anter System","article_modified_time":"2026-04-16T09:29:51+00:00","og_image":[{"width":1024,"height":768,"url":"https:\/\/antersystem.com\/wp-content\/uploads\/gate-protector-medal-1.png","type":"image\/png"}],"twitter_card":"summary_large_image","twitter_misc":{"Predpokladan\u00fd \u010das \u010d\u00edtania":"3 min\u00faty"},"schema":{"@context":"https:\/\/schema.org","@graph":[{"@type":"WebPage","@id":"https:\/\/antersystem.com\/sk\/novinky\/gold-medal-smart-gate\/","url":"https:\/\/antersystem.com\/sk\/novinky\/gold-medal-smart-gate\/","name":"Zlat\u00e1 medaila pre SMART GATE - Anter System","isPartOf":{"@id":"https:\/\/antersystem.com\/sk\/#website"},"primaryImageOfPage":{"@id":"https:\/\/antersystem.com\/sk\/novinky\/gold-medal-smart-gate\/#primaryimage"},"image":{"@id":"https:\/\/antersystem.com\/sk\/novinky\/gold-medal-smart-gate\/#primaryimage"},"thumbnailUrl":"https:\/\/antersystem.com\/wp-content\/uploads\/gate-protector-medal-1.png","datePublished":"2025-06-04T14:04:00+00:00","dateModified":"2026-04-16T09:29:51+00:00","description":"Inteligentn\u00fd produkt SMART GATE z\u00edskal na ve\u013etrhu Modernlog 2025 prest\u00ed\u017enu zlat\u00fa medailu.","breadcrumb":{"@id":"https:\/\/antersystem.com\/sk\/novinky\/gold-medal-smart-gate\/#breadcrumb"},"inLanguage":"sk-SK","potentialAction":[{"@type":"ReadAction","target":["https:\/\/antersystem.com\/sk\/novinky\/gold-medal-smart-gate\/"]}]},{"@type":"ImageObject","inLanguage":"sk-SK","@id":"https:\/\/antersystem.com\/sk\/novinky\/gold-medal-smart-gate\/#primaryimage","url":"https:\/\/antersystem.com\/wp-content\/uploads\/gate-protector-medal-1.png","contentUrl":"https:\/\/antersystem.com\/wp-content\/uploads\/gate-protector-medal-1.png","width":1024,"height":768},{"@type":"BreadcrumbList","@id":"https:\/\/antersystem.com\/sk\/novinky\/gold-medal-smart-gate\/#breadcrumb","itemListElement":[{"@type":"ListItem","position":1,"name":"AnterSystem","item":"https:\/\/antersystem.com\/sk\/"},{"@type":"ListItem","position":2,"name":"Novinky","item":"https:\/\/antersystem.com\/sk\/novinky\/"},{"@type":"ListItem","position":3,"name":"Zlat\u00e1 medaila pre SMART GATE"}]},{"@type":"WebSite","@id":"https:\/\/antersystem.com\/sk\/#website","url":"https:\/\/antersystem.com\/sk\/","name":"Anter System","description":"Jeste\u015bmy polskim producentem elastycznych barier ochronnych wykonywanych z polimerowych tworzyw sztucznych. Na rynku krajowym i zagranicznym dzia\u0142amy od ponad 15 lat dbaj\u0105c o zapewnienie bezpiecze\u0144stwa w zak\u0142adach produkcyjnych, magazynach oraz centrach logistycznych.","potentialAction":[{"@type":"SearchAction","target":{"@type":"EntryPoint","urlTemplate":"https:\/\/antersystem.com\/sk\/?s={search_term_string}"},"query-input":{"@type":"PropertyValueSpecification","valueRequired":true,"valueName":"search_term_string"}}],"inLanguage":"sk-SK"}]}},"_links":{"self":[{"href":"https:\/\/antersystem.com\/sk\/wp-json\/wp\/v2\/pages\/13163","targetHints":{"allow":["GET"]}}],"collection":[{"href":"https:\/\/antersystem.com\/sk\/wp-json\/wp\/v2\/pages"}],"about":[{"href":"https:\/\/antersystem.com\/sk\/wp-json\/wp\/v2\/types\/page"}],"author":[{"embeddable":true,"href":"https:\/\/antersystem.com\/sk\/wp-json\/wp\/v2\/users\/11"}],"replies":[{"embeddable":true,"href":"https:\/\/antersystem.com\/sk\/wp-json\/wp\/v2\/comments?post=13163"}],"version-history":[{"count":1,"href":"https:\/\/antersystem.com\/sk\/wp-json\/wp\/v2\/pages\/13163\/revisions"}],"predecessor-version":[{"id":13167,"href":"https:\/\/antersystem.com\/sk\/wp-json\/wp\/v2\/pages\/13163\/revisions\/13167"}],"up":[{"embeddable":true,"href":"https:\/\/antersystem.com\/sk\/wp-json\/wp\/v2\/pages\/30350"}],"wp:featuredmedia":[{"embeddable":true,"href":"https:\/\/antersystem.com\/sk\/wp-json\/wp\/v2\/media\/13165"}],"wp:attachment":[{"href":"https:\/\/antersystem.com\/sk\/wp-json\/wp\/v2\/media?parent=13163"}],"curies":[{"name":"wp","href":"https:\/\/api.w.org\/{rel}","templated":true}]}}