{"id":13191,"date":"2024-04-24T15:59:43","date_gmt":"2024-04-24T13:59:43","guid":{"rendered":"https:\/\/new.antersystem.com\/hygiene-standards\/"},"modified":"2026-01-30T14:29:58","modified_gmt":"2026-01-30T13:29:58","slug":"hygiene-standards","status":"publish","type":"page","link":"https:\/\/antersystem.com\/sk\/novinky\/hygiene-standards\/","title":{"rendered":"Hygienick\u00e9 normy"},"content":{"rendered":"\n<div class=\"wp-block-columns is-layout-flex wp-container-core-columns-is-layout-9d6595d7 wp-block-columns-is-layout-flex\">\n<div class=\"wp-block-column is-layout-flow wp-block-column-is-layout-flow\" style=\"flex-basis:10%\"><\/div>\n\n\n\n<div class=\"wp-block-column is-layout-flow wp-block-column-is-layout-flow\">\n<h2 class=\"wp-block-heading\">Hygienick\u00e9 normy a prisp\u00f4sobenie flexibiln\u00fdch bari\u00e9r r\u00f4znym pracovn\u00fdm prostrediam<\/h2>\n\n\n\n<p>Syst\u00e9my ochrany pracoviska musia by\u0165 prisp\u00f4soben\u00e9 konkr\u00e9tnym podmienkam prostredia, v ktorom pracuj\u00fa. V s\u00favislosti s na\u0161imi <strong>flexibiln\u00fdmi polym\u00e9rov\u00fdmi bari\u00e9rami<\/strong> sa \u010dasto stret\u00e1vate s fr\u00e1zou &#8222;sp\u013a\u0148a\u0165 hygienick\u00e9 po\u017eiadavky&#8220; &#8211; \u010do to v\u0161ak v praxi skuto\u010dne znamen\u00e1?<\/p>\n\n\n\n<h3 class=\"wp-block-heading\">Pod\u013ea \u010doho sa ur\u010duje, \u010di bezpe\u010dnostn\u00e1 bari\u00e9ra sp\u013a\u0148a hygienick\u00e9 normy?<\/h3>\n\n\n\n<p>Ke\u010f hovor\u00edme o hygienick\u00fdch norm\u00e1ch, naj\u010dastej\u0161ie m\u00e1me na mysli v\u00fdrobn\u00e9 prostredie v potravin\u00e1rskom <strong>a farmaceutickom priemysle.<\/strong> Na zabezpe\u010denie hygieny a bezpe\u010dnosti &#8211; nielen pracovn\u00edkov, ale aj v\u00fdrobkov, s ktor\u00fdmi sa manipuluje &#8211; sa zoh\u013ead\u0148uje mno\u017estvo faktorov. Ni\u017e\u0161ie s\u00fa uveden\u00e9 k\u013e\u00fa\u010dov\u00e9 aspekty, ktor\u00e9 definuj\u00fa hygienick\u00fa bezpe\u010dnos\u0165 ochrann\u00fdch bari\u00e9r:  <\/p>\n\n<p><strong>\u010cistite\u013enos\u0165:<\/strong> Bezpe\u010dnostn\u00e9 z\u00e1brany by sa mali da\u0165 \u013eahko \u010disti\u0165 a dezinfikova\u0165, ich povrch by mal by\u0165 hladk\u00fd a nepor\u00e9zny, aby sa na \u0148om nehromadili ne\u010distoty a bakt\u00e9rie.<\/p>\n<p><strong>Dodr\u017eiavanie bezpe\u010dnosti potrav\u00edn:<\/strong> V zariadeniach, v ktor\u00fdch s\u00fa z\u00e1brany in\u0161talovan\u00e9 v bl\u00edzkosti z\u00f3n na spracovanie potrav\u00edn, musia sp\u013a\u0148a\u0165 predpisy o bezpe\u010dnosti potrav\u00edn, ako je HACCP <strong>a in\u00e9<\/strong> miestne hygienick\u00e9 normy. Materi\u00e1ly by mali by\u0165 netoxick\u00e9, odoln\u00e9 vo\u010di kor\u00f3zii a certifikovan\u00e9 na pou\u017eitie v hygienickom prostred\u00ed. <\/p>\n<p><strong>Chemick\u00e1 odolnos\u0165:<\/strong> Bari\u00e9ry by mali odol\u00e1va\u0165 pou\u017e\u00edvaniu siln\u00fdch \u010distiacich a dezinfek\u010dn\u00fdch prostriedkov, ktor\u00e9 sa be\u017ene pou\u017e\u00edvaj\u00fa pri \u00fadr\u017ebe v oblasti priemyselnej hygieny.<\/p>\n<p><strong>Odolnos\u0165 vo\u010di \u017eivotn\u00e9mu prostrediu:<\/strong> Vysok\u00e1 vlhkos\u0165, r\u00fdchle zmeny teploty alebo mraziv\u00e9 prostredie by nemali ovplyvni\u0165 \u0161truktur\u00e1lnu integritu alebo v\u00fdkonnos\u0165 bari\u00e9r.<\/p>\n<p><strong>Certifik\u00e1cia a dodr\u017eiavanie predpisov:<\/strong> V z\u00e1vislosti od odvetvia musia flexibiln\u00e9 bezpe\u010dnostn\u00e9 z\u00e1brany prejs\u0165 certifik\u00e1ciou a testovan\u00edm, aby sa potvrdila zhoda s pr\u00edslu\u0161n\u00fdmi medzin\u00e1rodn\u00fdmi a vn\u00fatro\u0161t\u00e1tnymi hygienick\u00fdmi normami.<\/p>\n\n\n\n<h3 class=\"wp-block-heading\"><strong>Prijat\u00e9 normy pre ochrann\u00e9 bari\u00e9ry v hygienickom prostred\u00ed<\/strong><\/h3>\n\n\n\n<p>Bezpe\u010dnostn\u00e9 bari\u00e9ry pou\u017e\u00edvan\u00e9 v prostred\u00ed, kde sa spracov\u00e1vaj\u00fa potraviny, musia sp\u013a\u0148a\u0165 nieko\u013eko noriem, aby sa zabezpe\u010dila ochrana pred kontamin\u00e1ciou a zdravotn\u00fdmi rizikami. Ni\u017e\u0161ie s\u00fa uveden\u00e9 najd\u00f4le\u017eitej\u0161ie r\u00e1mce upravuj\u00face dodr\u017eiavanie t\u00fdchto predpisov: <\/p>\n\n\n\n<p><strong>HACCP (Hazard Analysis and Critical Control Points) &#8211; syst\u00e9m riadenia, ktor\u00fd<\/strong> identifikuje a kontroluje potenci\u00e1lne rizik\u00e1 v celom procese v\u00fdroby potrav\u00edn. Flexibiln\u00e9 bari\u00e9ry pou\u017e\u00edvan\u00e9 v tak\u00fdchto zariadeniach musia by\u0165 v s\u00falade so z\u00e1sadami HACCP, pri\u010dom sa mus\u00ed zabezpe\u010di\u0165, aby ich in\u0161tal\u00e1cia a materi\u00e1ly nevn\u00e1\u0161ali riziko kontamin\u00e1cie a aby podporovali udr\u017eiavanie kontrolovan\u00fdch hygienick\u00fdch podmienok.<\/p>\n\n\n\n<p><strong>FDA (Food and Drug Administration) &#8211; pri aplik\u00e1ci\u00e1ch<\/strong> v Spojen\u00fdch \u0161t\u00e1toch musia bari\u00e9ry sp\u013a\u0148a\u0165 predpisy FDA t\u00fdkaj\u00face sa bezpe\u010dnosti a hygieny potrav\u00edn. To znamen\u00e1, \u017ee sa pou\u017e\u00edvaj\u00fa materi\u00e1ly, ktor\u00e9 nie s\u00fa toxick\u00e9, nekontaminuj\u00fa a s\u00fa bezpe\u010dn\u00e9 pre nepriamy kontakt s potravinami v s\u00falade s feder\u00e1lnymi normami pre potravin\u00e1rsky priemysel. <\/p>\n\n\n\n<p><strong>ISO 22000 &#8211;<\/strong> t\u00e1to medzin\u00e1rodn\u00e1 norma definuje po\u017eiadavky na syst\u00e9my mana\u017e\u00e9rstva bezpe\u010dnosti potrav\u00edn a zabezpe\u010duje, aby v\u0161etky zariadenia a komponenty pou\u017e\u00edvan\u00e9 vo v\u00fdrobn\u00fdch a logistick\u00fdch zariadeniach prispievali k bezpe\u010dn\u00e9mu zaobch\u00e1dzaniu s potravinami.<\/p>\n\n\n\n<p><strong>Certifik\u00e1ty \u0161pecifick\u00e9 pre dan\u00e9 odvetvie:<\/strong> V z\u00e1vislosti od typu v\u00fdroby sa m\u00f4\u017eu uplat\u0148ova\u0165 \u010fal\u0161ie certifik\u00e1cie &#8211; napr\u00edklad <strong>certifik\u00e1cia<\/strong> USDA <strong>Organic<\/strong> pre zariadenia vyr\u00e1baj\u00face biopotraviny alebo in\u00e9 miestne \u0161pecifick\u00e9 povolenia pre dan\u00e9 odvetvie.<\/p>\n\n\n\n<p><strong>Miestne a vn\u00fatro\u0161t\u00e1tne predpisy:<\/strong> Ka\u017ed\u00e1 krajina m\u00e1 svoje vlastn\u00e9 hygienick\u00e9 a epidemiologick\u00e9 predpisy, ktor\u00e9 definuj\u00fa hygienick\u00e9 po\u017eiadavky v prostred\u00ed v\u00fdroby a spracovania potrav\u00edn. Bari\u00e9ry musia sp\u013a\u0148a\u0165 tieto miestne predpisy, aby boli pr\u00e1vne schv\u00e1len\u00e9 na pou\u017e\u00edvanie v tak\u00fdchto zariadeniach. <\/p>\n\n\n\n<p>V\u0161etky tieto faktory s\u00fa rozhoduj\u00face pri udr\u017eiavan\u00ed najvy\u0161\u0161\u00edch hygienick\u00fdch noriem vo v\u00fdrobn\u00fdch zariadeniach &#8211; \u010di u\u017e v potravin\u00e1rskom, farmaceutickom alebo chemickom priemysle &#8211; a minimalizuj\u00fa riziko kontamin\u00e1cie a chr\u00e1nia zdravie spotrebite\u013eov.<\/p>\n\n\n\n<p><a href=\"https:\/\/antersystem.com\/nasze-systemy\/\">Flexibiln\u00e9 z\u00e1brany Anter System s\u00fa<\/a> navrhnut\u00e9 a vyroben\u00e9 tak, aby sp\u013a\u0148ali najvy\u0161\u0161ie hygienick\u00e9 normy a normy bezpe\u010dnosti potrav\u00edn, plne v s\u00falade s <strong>po\u017eiadavkami<\/strong> HACCP <strong>, FDA a ISO 22000<\/strong>. Ich kvalita a bezpe\u010dnos\u0165 s\u00fa \u010falej overen\u00e9 <strong>certifik\u00e1ciou T\u00dcV Rheinland.<\/strong><\/p>\n\n\n<div class=\"wp-block-image\">\n<figure class=\"aligncenter size-large is-resized\"><a href=\"https:\/\/antersystem.com\/nasze-systemy\/\"><img loading=\"lazy\" decoding=\"async\" width=\"768\" height=\"1024\" src=\"https:\/\/antersystem.com\/wp-content\/uploads\/mroznia-768x1024.webp\" alt=\"Flexibiln&#xE9; bezpe&#x10D;nostn&#xE9; bari&#xE9;ry v hygienickom prostred&#xED;\" class=\"wp-image-4652\" style=\"width:462px;height:auto\" srcset=\"https:\/\/antersystem.com\/wp-content\/uploads\/mroznia-768x1024.webp 768w, https:\/\/antersystem.com\/wp-content\/uploads\/mroznia-225x300.webp 225w, https:\/\/antersystem.com\/wp-content\/uploads\/mroznia-450x600.webp 450w, https:\/\/antersystem.com\/wp-content\/uploads\/mroznia-330x440.webp 330w, https:\/\/antersystem.com\/wp-content\/uploads\/mroznia.webp 900w\" sizes=\"auto, (max-width: 768px) 100vw, 768px\" \/><\/a><\/figure><\/div><\/div>\n\n\n\n<div class=\"wp-block-column is-layout-flow wp-block-column-is-layout-flow\" style=\"flex-basis:10%\"><\/div>\n<\/div>\n","protected":false},"excerpt":{"rendered":"<p>Hygienick\u00e9 normy a prisp\u00f4sobenie flexibiln\u00fdch bari\u00e9r r\u00f4znym pracovn\u00fdm prostrediam Syst\u00e9my ochrany pracoviska musia by\u0165 prisp\u00f4soben\u00e9 konkr\u00e9tnym podmienkam prostredia, v ktorom pracuj\u00fa. V s\u00favislosti s na\u0161imi flexibiln\u00fdmi polym\u00e9rov\u00fdmi bari\u00e9rami sa \u010dasto stret\u00e1vate s fr\u00e1zou &#8222;sp\u013a\u0148a\u0165 hygienick\u00e9 po\u017eiadavky&#8220; &#8211; \u010do to v\u0161ak v praxi skuto\u010dne znamen\u00e1? Pod\u013ea \u010doho sa ur\u010duje, \u010di bezpe\u010dnostn\u00e1 bari\u00e9ra sp\u013a\u0148a hygienick\u00e9 normy? Ke\u010f [&hellip;]<\/p>\n","protected":false},"author":1,"featured_media":0,"parent":30350,"menu_order":0,"comment_status":"closed","ping_status":"closed","template":"","meta":{"inline_featured_image":false,"ngg_post_thumbnail":0,"footnotes":""},"class_list":["post-13191","page","type-page","status-publish","hentry"],"acf":[],"yoast_head":"<!-- This site is optimized with the Yoast SEO plugin v27.0 - https:\/\/yoast.com\/product\/yoast-seo-wordpress\/ -->\n<title>Hygienick\u00e9 normy - Anter System<\/title>\n<meta name=\"description\" content=\"Rie\u0161enia bezpe\u010dnosti pr\u00e1ce z\u00e1visia od konkr\u00e9tnych podmienok prostredia. V pr\u00edpade na\u0161ich flexibiln\u00fdch bari\u00e9r to zah\u0155\u0148a aj hygienick\u00e9 normy.\" \/>\n<meta name=\"robots\" content=\"index, follow, max-snippet:-1, max-image-preview:large, max-video-preview:-1\" \/>\n<link rel=\"canonical\" href=\"https:\/\/antersystem.com\/sk\/novinky\/hygiene-standards\/\" \/>\n<meta property=\"og:locale\" content=\"sk_SK\" \/>\n<meta property=\"og:type\" content=\"article\" \/>\n<meta property=\"og:title\" content=\"Hygienick\u00e9 normy - Anter System\" \/>\n<meta property=\"og:description\" content=\"Rie\u0161enia bezpe\u010dnosti pr\u00e1ce z\u00e1visia od konkr\u00e9tnych podmienok prostredia. V pr\u00edpade na\u0161ich flexibiln\u00fdch bari\u00e9r to zah\u0155\u0148a aj hygienick\u00e9 normy.\" \/>\n<meta property=\"og:url\" content=\"https:\/\/antersystem.com\/sk\/novinky\/hygiene-standards\/\" \/>\n<meta property=\"og:site_name\" content=\"Anter System\" \/>\n<meta property=\"article:modified_time\" content=\"2026-01-30T13:29:58+00:00\" \/>\n<meta property=\"og:image\" content=\"https:\/\/antersystem.com\/wp-content\/uploads\/mroznia-768x1024.webp\" \/>\n<meta name=\"twitter:card\" content=\"summary_large_image\" \/>\n<meta name=\"twitter:label1\" content=\"Predpokladan\u00fd \u010das \u010d\u00edtania\" \/>\n\t<meta name=\"twitter:data1\" content=\"4 min\u00faty\" \/>\n<script type=\"application\/ld+json\" class=\"yoast-schema-graph\">{\"@context\":\"https:\/\/schema.org\",\"@graph\":[{\"@type\":\"WebPage\",\"@id\":\"https:\/\/antersystem.com\/sk\/novinky\/hygiene-standards\/\",\"url\":\"https:\/\/antersystem.com\/sk\/novinky\/hygiene-standards\/\",\"name\":\"Hygienick\u00e9 normy - Anter System\",\"isPartOf\":{\"@id\":\"https:\/\/antersystem.com\/sk\/#website\"},\"primaryImageOfPage\":{\"@id\":\"https:\/\/antersystem.com\/sk\/novinky\/hygiene-standards\/#primaryimage\"},\"image\":{\"@id\":\"https:\/\/antersystem.com\/sk\/novinky\/hygiene-standards\/#primaryimage\"},\"thumbnailUrl\":\"https:\/\/antersystem.com\/wp-content\/uploads\/mroznia-768x1024.webp\",\"datePublished\":\"2024-04-24T13:59:43+00:00\",\"dateModified\":\"2026-01-30T13:29:58+00:00\",\"description\":\"Rie\u0161enia bezpe\u010dnosti pr\u00e1ce z\u00e1visia od konkr\u00e9tnych podmienok prostredia. V pr\u00edpade na\u0161ich flexibiln\u00fdch bari\u00e9r to zah\u0155\u0148a aj hygienick\u00e9 normy.\",\"breadcrumb\":{\"@id\":\"https:\/\/antersystem.com\/sk\/novinky\/hygiene-standards\/#breadcrumb\"},\"inLanguage\":\"sk-SK\",\"potentialAction\":[{\"@type\":\"ReadAction\",\"target\":[\"https:\/\/antersystem.com\/sk\/novinky\/hygiene-standards\/\"]}]},{\"@type\":\"ImageObject\",\"inLanguage\":\"sk-SK\",\"@id\":\"https:\/\/antersystem.com\/sk\/novinky\/hygiene-standards\/#primaryimage\",\"url\":\"https:\/\/antersystem.com\/wp-content\/uploads\/mroznia-768x1024.webp\",\"contentUrl\":\"https:\/\/antersystem.com\/wp-content\/uploads\/mroznia-768x1024.webp\"},{\"@type\":\"BreadcrumbList\",\"@id\":\"https:\/\/antersystem.com\/sk\/novinky\/hygiene-standards\/#breadcrumb\",\"itemListElement\":[{\"@type\":\"ListItem\",\"position\":1,\"name\":\"AnterSystem\",\"item\":\"https:\/\/antersystem.com\/sk\/\"},{\"@type\":\"ListItem\",\"position\":2,\"name\":\"Novinky\",\"item\":\"https:\/\/antersystem.com\/sk\/novinky\/\"},{\"@type\":\"ListItem\",\"position\":3,\"name\":\"Hygienick\u00e9 normy\"}]},{\"@type\":\"WebSite\",\"@id\":\"https:\/\/antersystem.com\/sk\/#website\",\"url\":\"https:\/\/antersystem.com\/sk\/\",\"name\":\"Anter System\",\"description\":\"Jeste\u015bmy polskim producentem elastycznych barier ochronnych wykonywanych z polimerowych tworzyw sztucznych. Na rynku krajowym i zagranicznym dzia\u0142amy od ponad 15 lat dbaj\u0105c o zapewnienie bezpiecze\u0144stwa w zak\u0142adach produkcyjnych, magazynach oraz centrach logistycznych.\",\"potentialAction\":[{\"@type\":\"SearchAction\",\"target\":{\"@type\":\"EntryPoint\",\"urlTemplate\":\"https:\/\/antersystem.com\/sk\/?s={search_term_string}\"},\"query-input\":{\"@type\":\"PropertyValueSpecification\",\"valueRequired\":true,\"valueName\":\"search_term_string\"}}],\"inLanguage\":\"sk-SK\"}]}<\/script>\n<!-- \/ Yoast SEO plugin. -->","yoast_head_json":{"title":"Hygienick\u00e9 normy - Anter System","description":"Rie\u0161enia bezpe\u010dnosti pr\u00e1ce z\u00e1visia od konkr\u00e9tnych podmienok prostredia. V pr\u00edpade na\u0161ich flexibiln\u00fdch bari\u00e9r to zah\u0155\u0148a aj hygienick\u00e9 normy.","robots":{"index":"index","follow":"follow","max-snippet":"max-snippet:-1","max-image-preview":"max-image-preview:large","max-video-preview":"max-video-preview:-1"},"canonical":"https:\/\/antersystem.com\/sk\/novinky\/hygiene-standards\/","og_locale":"sk_SK","og_type":"article","og_title":"Hygienick\u00e9 normy - Anter System","og_description":"Rie\u0161enia bezpe\u010dnosti pr\u00e1ce z\u00e1visia od konkr\u00e9tnych podmienok prostredia. V pr\u00edpade na\u0161ich flexibiln\u00fdch bari\u00e9r to zah\u0155\u0148a aj hygienick\u00e9 normy.","og_url":"https:\/\/antersystem.com\/sk\/novinky\/hygiene-standards\/","og_site_name":"Anter System","article_modified_time":"2026-01-30T13:29:58+00:00","og_image":[{"url":"https:\/\/antersystem.com\/wp-content\/uploads\/mroznia-768x1024.webp","type":"","width":"","height":""}],"twitter_card":"summary_large_image","twitter_misc":{"Predpokladan\u00fd \u010das \u010d\u00edtania":"4 min\u00faty"},"schema":{"@context":"https:\/\/schema.org","@graph":[{"@type":"WebPage","@id":"https:\/\/antersystem.com\/sk\/novinky\/hygiene-standards\/","url":"https:\/\/antersystem.com\/sk\/novinky\/hygiene-standards\/","name":"Hygienick\u00e9 normy - Anter System","isPartOf":{"@id":"https:\/\/antersystem.com\/sk\/#website"},"primaryImageOfPage":{"@id":"https:\/\/antersystem.com\/sk\/novinky\/hygiene-standards\/#primaryimage"},"image":{"@id":"https:\/\/antersystem.com\/sk\/novinky\/hygiene-standards\/#primaryimage"},"thumbnailUrl":"https:\/\/antersystem.com\/wp-content\/uploads\/mroznia-768x1024.webp","datePublished":"2024-04-24T13:59:43+00:00","dateModified":"2026-01-30T13:29:58+00:00","description":"Rie\u0161enia bezpe\u010dnosti pr\u00e1ce z\u00e1visia od konkr\u00e9tnych podmienok prostredia. V pr\u00edpade na\u0161ich flexibiln\u00fdch bari\u00e9r to zah\u0155\u0148a aj hygienick\u00e9 normy.","breadcrumb":{"@id":"https:\/\/antersystem.com\/sk\/novinky\/hygiene-standards\/#breadcrumb"},"inLanguage":"sk-SK","potentialAction":[{"@type":"ReadAction","target":["https:\/\/antersystem.com\/sk\/novinky\/hygiene-standards\/"]}]},{"@type":"ImageObject","inLanguage":"sk-SK","@id":"https:\/\/antersystem.com\/sk\/novinky\/hygiene-standards\/#primaryimage","url":"https:\/\/antersystem.com\/wp-content\/uploads\/mroznia-768x1024.webp","contentUrl":"https:\/\/antersystem.com\/wp-content\/uploads\/mroznia-768x1024.webp"},{"@type":"BreadcrumbList","@id":"https:\/\/antersystem.com\/sk\/novinky\/hygiene-standards\/#breadcrumb","itemListElement":[{"@type":"ListItem","position":1,"name":"AnterSystem","item":"https:\/\/antersystem.com\/sk\/"},{"@type":"ListItem","position":2,"name":"Novinky","item":"https:\/\/antersystem.com\/sk\/novinky\/"},{"@type":"ListItem","position":3,"name":"Hygienick\u00e9 normy"}]},{"@type":"WebSite","@id":"https:\/\/antersystem.com\/sk\/#website","url":"https:\/\/antersystem.com\/sk\/","name":"Anter System","description":"Jeste\u015bmy polskim producentem elastycznych barier ochronnych wykonywanych z polimerowych tworzyw sztucznych. Na rynku krajowym i zagranicznym dzia\u0142amy od ponad 15 lat dbaj\u0105c o zapewnienie bezpiecze\u0144stwa w zak\u0142adach produkcyjnych, magazynach oraz centrach logistycznych.","potentialAction":[{"@type":"SearchAction","target":{"@type":"EntryPoint","urlTemplate":"https:\/\/antersystem.com\/sk\/?s={search_term_string}"},"query-input":{"@type":"PropertyValueSpecification","valueRequired":true,"valueName":"search_term_string"}}],"inLanguage":"sk-SK"}]}},"_links":{"self":[{"href":"https:\/\/antersystem.com\/sk\/wp-json\/wp\/v2\/pages\/13191","targetHints":{"allow":["GET"]}}],"collection":[{"href":"https:\/\/antersystem.com\/sk\/wp-json\/wp\/v2\/pages"}],"about":[{"href":"https:\/\/antersystem.com\/sk\/wp-json\/wp\/v2\/types\/page"}],"author":[{"embeddable":true,"href":"https:\/\/antersystem.com\/sk\/wp-json\/wp\/v2\/users\/1"}],"replies":[{"embeddable":true,"href":"https:\/\/antersystem.com\/sk\/wp-json\/wp\/v2\/comments?post=13191"}],"version-history":[{"count":1,"href":"https:\/\/antersystem.com\/sk\/wp-json\/wp\/v2\/pages\/13191\/revisions"}],"predecessor-version":[{"id":13199,"href":"https:\/\/antersystem.com\/sk\/wp-json\/wp\/v2\/pages\/13191\/revisions\/13199"}],"up":[{"embeddable":true,"href":"https:\/\/antersystem.com\/sk\/wp-json\/wp\/v2\/pages\/30350"}],"wp:attachment":[{"href":"https:\/\/antersystem.com\/sk\/wp-json\/wp\/v2\/media?parent=13191"}],"curies":[{"name":"wp","href":"https:\/\/api.w.org\/{rel}","templated":true}]}}