{"id":13310,"date":"2024-04-12T12:31:12","date_gmt":"2024-04-12T10:31:12","guid":{"rendered":"https:\/\/new.antersystem.com\/gold-medal-traffic-dock-gate\/"},"modified":"2026-01-30T14:29:58","modified_gmt":"2026-01-30T13:29:58","slug":"gold-medal-traffic-dock-gate","status":"publish","type":"page","link":"https:\/\/antersystem.com\/sk\/novinky\/gold-medal-traffic-dock-gate\/","title":{"rendered":"Zlat\u00e1 medaila za TRAFFIC DOCK GATE"},"content":{"rendered":"\n<div class=\"wp-block-columns is-layout-flex wp-container-core-columns-is-layout-9d6595d7 wp-block-columns-is-layout-flex\">\n<div class=\"wp-block-column is-layout-flow wp-block-column-is-layout-flow\" style=\"flex-basis:10%\"><\/div>\n\n\n\n<div class=\"wp-block-column is-layout-flow wp-block-column-is-layout-flow\">\n<h3 class=\"wp-block-heading\">Zlat\u00e1 medaila za automatick\u00fd TRAFFIC DOCK GATE<\/h3>\n\n\n\n<p><strong>Zlat\u00e1 medaila je<\/strong> prest\u00ed\u017ene ocenenie ude\u013eovan\u00e9 na priemyseln\u00fdch ve\u013etrhoch vr\u00e1tane <strong>ve\u013etrhu<\/strong> SAWO <strong>.<\/strong> Oce\u0148uje <strong>inov\u00e1cie, kvalitu a hodnotu v\u00fdrobkov a slu\u017eieb<\/strong> prezentovan\u00fdch po\u010das podujatia. S\u00fa\u0165a\u017e o Zlat\u00fa medailu poskytuje vystavovate\u013eom jedine\u010dn\u00fa pr\u00edle\u017eitos\u0165 prezentova\u0165 svoje najnov\u0161ie rie\u0161enia a z\u00edska\u0165 uznanie medzi z\u00e1kazn\u00edkmi a obchodn\u00fdmi partnermi.  <\/p>\n\n\n\n<p>Jedn\u00fdm z tohtoro\u010dn\u00fdch dr\u017eite\u013eov zlatej medaily je na\u0161a <strong><a href=\"https:\/\/antersystem.com\/sk\/produkty\/traffic-dock-gate\/bramka-dock-gate-3-2\/\">Automatick\u00e1 trafikov\u00e1 dokov\u00e1 br\u00e1na R2<\/a><\/strong>. Toto inovat\u00edvne rie\u0161enie zabezpe\u010duje bezpe\u010dn\u00fa a efekt\u00edvnu manipul\u00e1ciu s n\u00e1kladom v nakladac\u00edch dokoch, skladovac\u00edch z\u00f3nach a skladoch. Br\u00e1na je vybaven\u00e1 pokro\u010dil\u00fdmi automatiza\u010dn\u00fdmi funkciami, ktor\u00e9 umo\u017e\u0148uj\u00fa plynul\u00e9 a r\u00fdchle nakladanie a vykladanie za bezpe\u010dn\u00fdch pracovn\u00fdch podmienok. Jeho progres\u00edvny dizajn a praktick\u00e9 pou\u017eitie boli k\u013e\u00fa\u010dov\u00fdmi faktormi, ktor\u00e9 prispeli k z\u00edskaniu zlatej medaily na ve\u013etrhu SAWO.<\/p>\n\n\n\n<figure class=\"wp-block-gallery has-nested-images columns-default is-cropped wp-block-gallery-1 is-layout-flex wp-block-gallery-is-layout-flex\">\n<figure class=\"wp-block-image size-large\"><img loading=\"lazy\" decoding=\"async\" width=\"720\" height=\"480\" data-id=\"4584\" src=\"https:\/\/antersystem.com\/wp-content\/uploads\/2024_SAWO-Anter-System.webp\" alt=\"fotografia prest&#xED;&#x17E;neho ocenenia Zlat&#xE1; medaila udelen&#xE1; na ve&#x13E;trhu SAWO\" class=\"wp-image-4584\" srcset=\"https:\/\/antersystem.com\/wp-content\/uploads\/2024_SAWO-Anter-System.webp 720w, https:\/\/antersystem.com\/wp-content\/uploads\/2024_SAWO-Anter-System-300x200.webp 300w, https:\/\/antersystem.com\/wp-content\/uploads\/2024_SAWO-Anter-System-450x300.webp 450w, https:\/\/antersystem.com\/wp-content\/uploads\/2024_SAWO-Anter-System-330x220.webp 330w\" sizes=\"auto, (max-width: 720px) 100vw, 720px\" \/><\/figure>\n\n\n<figure class=\"wp-block-image size-large\"><img loading=\"lazy\" decoding=\"async\" width=\"720\" height=\"480\" data-id=\"4585\" src=\"https:\/\/antersystem.com\/wp-content\/uploads\/2024-SAWO-Anter-System.webp\" alt=\"Na fotografii gener&#xE1;lny riadite&#x13E; spolo&#x10D;nosti Anter System pri preberan&#xED; zlatej medaily na ve&#x13E;trhu SAWO\" class=\"wp-image-4585\" srcset=\"https:\/\/antersystem.com\/wp-content\/uploads\/2024-SAWO-Anter-System.webp 720w, https:\/\/antersystem.com\/wp-content\/uploads\/2024-SAWO-Anter-System-300x200.webp 300w, https:\/\/antersystem.com\/wp-content\/uploads\/2024-SAWO-Anter-System-450x300.webp 450w, https:\/\/antersystem.com\/wp-content\/uploads\/2024-SAWO-Anter-System-330x220.webp 330w\" sizes=\"auto, (max-width: 720px) 100vw, 720px\" \/><\/figure><\/figure>\n\n\n\n<p><strong>TRAFFIC DOCK GATE R2 bola<\/strong> navrhnut\u00e1 na <strong>ochranu dver\u00ed nakladacej rampy a dokov a<\/strong> sl\u00fa\u017ei ako spo\u013eahliv\u00e1 z\u00e1brana proti nekontrolovan\u00e9mu pohybu vozidiel. Je vysoko <strong>odoln\u00e1 vo\u010di n\u00e1razom,<\/strong> najm\u00e4 pri kontakte s vysokozdvi\u017en\u00fdm voz\u00edkom. Pru\u017en\u00fd polym\u00e9rov\u00fd materi\u00e1l umo\u017e\u0148uje profilom br\u00e1ny oh\u00fdba\u0165 sa, absorbova\u0165 energiu n\u00e1razu a vr\u00e1ti\u0165 sa do p\u00f4vodn\u00e9ho tvaru. T\u00fdm <strong>sa<\/strong> nielen <strong>minimalizuje riziko zranenia a po\u0161kodenia pracovn\u00edkov pri n\u00e1raze<\/strong>, ale zni\u017euje sa aj n\u00e1raz, ktor\u00fd za\u017e\u00edva obsluha vysokozdvi\u017en\u00e9ho voz\u00edka. Okrem toho je mo\u017en\u00e9 riadiace syst\u00e9my br\u00e1ny integrova\u0165 s existuj\u00facou automatiz\u00e1ciou budovy na zv\u00fd\u0161enie efekt\u00edvnosti a jednoduchosti pou\u017e\u00edvania.    <\/p>\n\n\n\n<div class=\"wp-block-group is-nowrap is-layout-flex wp-container-core-group-is-layout-ad2f72ca wp-block-group-is-layout-flex\">\n<p><strong>TRAFFIC DOCK GATE R2 je vybaven\u00e1<\/strong> <strong>automatick\u00fdm syst\u00e9mom zdv\u00edhania a sp\u00fa\u0161\u0165ania a<\/strong> m\u00f4\u017ee vyd\u00e1va\u0165 <strong>zvukov\u00e9 a vizu\u00e1lne v\u00fdstrahy, ktor\u00e9<\/strong> upozor\u0148uj\u00fa na zvy\u0161uj\u00face sa riziko v nebezpe\u010dn\u00fdch z\u00f3nach. Jednou z dostupn\u00fdch mo\u017enost\u00ed je <strong>syst\u00e9m detekcie vozidiel, ktor\u00fd<\/strong> automaticky zablokuje br\u00e1nu, ke\u010f sa v bl\u00edzkosti nach\u00e1dzaj\u00fa vysokozdvi\u017en\u00e9 voz\u00edky alebo dopravn\u00e9 vozidl\u00e1. M\u00f4\u017ee by\u0165 tie\u017e <strong>integrovan\u00fd so syst\u00e9mom riadenia budovy (BMS), ktor\u00fd automaticky<\/strong> otvor\u00ed br\u00e1nu v pr\u00edpade po\u017eiaru a vytvor\u00ed bezpe\u010dn\u00e9 evakua\u010dn\u00e9 trasy.  <\/p>\n<\/div>\n\n\n\n<p><strong>Zna\u010dka Anter System pon\u00faka<\/strong> cel\u00fd rad mo\u017enost\u00ed ovl\u00e1dania br\u00e1ny TRAFFIC DOCK GATE R2 vr\u00e1tane dia\u013ekov\u00e9ho ovl\u00e1dania, syst\u00e9mov pr\u00edstupov\u00fdch kariet, sn\u00edma\u010dov pohybu, manu\u00e1lnych tla\u010didiel a integr\u00e1cie s klientsk\u00fdmi syst\u00e9mami. Flexibiln\u00fd polym\u00e9rov\u00fd materi\u00e1l zaru\u010duje nielen vysok\u00fa odolnos\u0165, ale aj <strong>modul\u00e1rnu kompatibilitu s<\/strong> in\u00fdmi ochrann\u00fdmi produktmi Anter System, ako s\u00fa napr\u00edklad flexibiln\u00e9 z\u00e1brany pre chodcov. <\/p>\n\n\n<div class=\"wp-block-image\">\n<figure class=\"aligncenter size-large is-resized\"><img loading=\"lazy\" decoding=\"async\" width=\"758\" height=\"1024\" src=\"https:\/\/antersystem.com\/wp-content\/uploads\/Zloty-medal-dla-automatycznej-bramki-Traffic-Dock-Gate-758x1024.webp\" alt=\"TRAFFIC DOCK GATE R2 z&#xED;skala zlat&#xFA; medailu na SAWO\" class=\"wp-image-4538\" style=\"width:414px;height:auto\" srcset=\"https:\/\/antersystem.com\/wp-content\/uploads\/Zloty-medal-dla-automatycznej-bramki-Traffic-Dock-Gate-758x1024.webp 758w, https:\/\/antersystem.com\/wp-content\/uploads\/Zloty-medal-dla-automatycznej-bramki-Traffic-Dock-Gate-222x300.webp 222w, https:\/\/antersystem.com\/wp-content\/uploads\/Zloty-medal-dla-automatycznej-bramki-Traffic-Dock-Gate-768x1037.webp 768w, https:\/\/antersystem.com\/wp-content\/uploads\/Zloty-medal-dla-automatycznej-bramki-Traffic-Dock-Gate-1137x1536.webp 1137w, https:\/\/antersystem.com\/wp-content\/uploads\/Zloty-medal-dla-automatycznej-bramki-Traffic-Dock-Gate-450x608.webp 450w, https:\/\/antersystem.com\/wp-content\/uploads\/Zloty-medal-dla-automatycznej-bramki-Traffic-Dock-Gate-330x446.webp 330w, https:\/\/antersystem.com\/wp-content\/uploads\/Zloty-medal-dla-automatycznej-bramki-Traffic-Dock-Gate.webp 1164w\" sizes=\"auto, (max-width: 758px) 100vw, 758px\" \/><\/figure><\/div><\/div>\n\n\n\n<div class=\"wp-block-column is-layout-flow wp-block-column-is-layout-flow\" style=\"flex-basis:10%\"><\/div>\n<\/div>\n","protected":false},"excerpt":{"rendered":"<p>Zlat\u00e1 medaila za automatick\u00fd TRAFFIC DOCK GATE Zlat\u00e1 medaila je prest\u00ed\u017ene ocenenie ude\u013eovan\u00e9 na priemyseln\u00fdch ve\u013etrhoch vr\u00e1tane ve\u013etrhu SAWO . Oce\u0148uje inov\u00e1cie, kvalitu a hodnotu v\u00fdrobkov a slu\u017eieb prezentovan\u00fdch po\u010das podujatia. S\u00fa\u0165a\u017e o Zlat\u00fa medailu poskytuje vystavovate\u013eom jedine\u010dn\u00fa pr\u00edle\u017eitos\u0165 prezentova\u0165 svoje najnov\u0161ie rie\u0161enia a z\u00edska\u0165 uznanie medzi z\u00e1kazn\u00edkmi a obchodn\u00fdmi partnermi. Jedn\u00fdm z tohtoro\u010dn\u00fdch dr\u017eite\u013eov [&hellip;]<\/p>\n","protected":false},"author":1,"featured_media":0,"parent":30350,"menu_order":0,"comment_status":"closed","ping_status":"closed","template":"","meta":{"inline_featured_image":false,"ngg_post_thumbnail":0,"footnotes":""},"class_list":["post-13310","page","type-page","status-publish","hentry"],"acf":[],"yoast_head":"<!-- This site is optimized with the Yoast SEO plugin v27.0 - https:\/\/yoast.com\/product\/yoast-seo-wordpress\/ -->\n<title>Zlat\u00e1 medaila za TRAFFIC DOCK GATE - Anter System<\/title>\n<meta name=\"description\" content=\"Zlat\u00e1 medaila za automatick\u00fd TRAFFIC DOCK GATE Zlat\u00e1 medaila je prest\u00ed\u017ene ocenenie ude\u013eovan\u00e9 na priemyseln\u00fdch ve\u013etrhoch vr\u00e1tane ve\u013etrhu SAWO . Oce\u0148uje\" \/>\n<meta name=\"robots\" content=\"index, follow, max-snippet:-1, max-image-preview:large, max-video-preview:-1\" \/>\n<link rel=\"canonical\" href=\"https:\/\/antersystem.com\/sk\/novinky\/gold-medal-traffic-dock-gate\/\" \/>\n<meta property=\"og:locale\" content=\"sk_SK\" \/>\n<meta property=\"og:type\" content=\"article\" \/>\n<meta property=\"og:title\" content=\"Zlat\u00e1 medaila za TRAFFIC DOCK GATE - Anter System\" \/>\n<meta property=\"og:description\" content=\"Zlat\u00e1 medaila za automatick\u00fd TRAFFIC DOCK GATE Zlat\u00e1 medaila je prest\u00ed\u017ene ocenenie ude\u013eovan\u00e9 na priemyseln\u00fdch ve\u013etrhoch vr\u00e1tane ve\u013etrhu SAWO . Oce\u0148uje\" \/>\n<meta property=\"og:url\" content=\"https:\/\/antersystem.com\/sk\/novinky\/gold-medal-traffic-dock-gate\/\" \/>\n<meta property=\"og:site_name\" content=\"Anter System\" \/>\n<meta property=\"article:modified_time\" content=\"2026-01-30T13:29:58+00:00\" \/>\n<meta property=\"og:image\" content=\"https:\/\/antersystem.com\/wp-content\/uploads\/2024_SAWO-Anter-System.webp\" \/>\n<meta name=\"twitter:card\" content=\"summary_large_image\" \/>\n<meta name=\"twitter:label1\" content=\"Predpokladan\u00fd \u010das \u010d\u00edtania\" \/>\n\t<meta name=\"twitter:data1\" content=\"2 min\u00faty\" \/>\n<script type=\"application\/ld+json\" class=\"yoast-schema-graph\">{\"@context\":\"https:\/\/schema.org\",\"@graph\":[{\"@type\":\"WebPage\",\"@id\":\"https:\/\/antersystem.com\/sk\/novinky\/gold-medal-traffic-dock-gate\/\",\"url\":\"https:\/\/antersystem.com\/sk\/novinky\/gold-medal-traffic-dock-gate\/\",\"name\":\"Zlat\u00e1 medaila za TRAFFIC DOCK GATE - Anter System\",\"isPartOf\":{\"@id\":\"https:\/\/antersystem.com\/sk\/#website\"},\"primaryImageOfPage\":{\"@id\":\"https:\/\/antersystem.com\/sk\/novinky\/gold-medal-traffic-dock-gate\/#primaryimage\"},\"image\":{\"@id\":\"https:\/\/antersystem.com\/sk\/novinky\/gold-medal-traffic-dock-gate\/#primaryimage\"},\"thumbnailUrl\":\"https:\/\/antersystem.com\/wp-content\/uploads\/2024_SAWO-Anter-System.webp\",\"datePublished\":\"2024-04-12T10:31:12+00:00\",\"dateModified\":\"2026-01-30T13:29:58+00:00\",\"description\":\"Zlat\u00e1 medaila za automatick\u00fd TRAFFIC DOCK GATE Zlat\u00e1 medaila je prest\u00ed\u017ene ocenenie ude\u013eovan\u00e9 na priemyseln\u00fdch ve\u013etrhoch vr\u00e1tane ve\u013etrhu SAWO . Oce\u0148uje\",\"breadcrumb\":{\"@id\":\"https:\/\/antersystem.com\/sk\/novinky\/gold-medal-traffic-dock-gate\/#breadcrumb\"},\"inLanguage\":\"sk-SK\",\"potentialAction\":[{\"@type\":\"ReadAction\",\"target\":[\"https:\/\/antersystem.com\/sk\/novinky\/gold-medal-traffic-dock-gate\/\"]}]},{\"@type\":\"ImageObject\",\"inLanguage\":\"sk-SK\",\"@id\":\"https:\/\/antersystem.com\/sk\/novinky\/gold-medal-traffic-dock-gate\/#primaryimage\",\"url\":\"https:\/\/antersystem.com\/wp-content\/uploads\/2024_SAWO-Anter-System.webp\",\"contentUrl\":\"https:\/\/antersystem.com\/wp-content\/uploads\/2024_SAWO-Anter-System.webp\"},{\"@type\":\"BreadcrumbList\",\"@id\":\"https:\/\/antersystem.com\/sk\/novinky\/gold-medal-traffic-dock-gate\/#breadcrumb\",\"itemListElement\":[{\"@type\":\"ListItem\",\"position\":1,\"name\":\"AnterSystem\",\"item\":\"https:\/\/antersystem.com\/sk\/\"},{\"@type\":\"ListItem\",\"position\":2,\"name\":\"Novinky\",\"item\":\"https:\/\/antersystem.com\/sk\/novinky\/\"},{\"@type\":\"ListItem\",\"position\":3,\"name\":\"Zlat\u00e1 medaila za TRAFFIC DOCK GATE\"}]},{\"@type\":\"WebSite\",\"@id\":\"https:\/\/antersystem.com\/sk\/#website\",\"url\":\"https:\/\/antersystem.com\/sk\/\",\"name\":\"Anter System\",\"description\":\"Jeste\u015bmy polskim producentem elastycznych barier ochronnych wykonywanych z polimerowych tworzyw sztucznych. Na rynku krajowym i zagranicznym dzia\u0142amy od ponad 15 lat dbaj\u0105c o zapewnienie bezpiecze\u0144stwa w zak\u0142adach produkcyjnych, magazynach oraz centrach logistycznych.\",\"potentialAction\":[{\"@type\":\"SearchAction\",\"target\":{\"@type\":\"EntryPoint\",\"urlTemplate\":\"https:\/\/antersystem.com\/sk\/?s={search_term_string}\"},\"query-input\":{\"@type\":\"PropertyValueSpecification\",\"valueRequired\":true,\"valueName\":\"search_term_string\"}}],\"inLanguage\":\"sk-SK\"}]}<\/script>\n<!-- \/ Yoast SEO plugin. -->","yoast_head_json":{"title":"Zlat\u00e1 medaila za TRAFFIC DOCK GATE - Anter System","description":"Zlat\u00e1 medaila za automatick\u00fd TRAFFIC DOCK GATE Zlat\u00e1 medaila je prest\u00ed\u017ene ocenenie ude\u013eovan\u00e9 na priemyseln\u00fdch ve\u013etrhoch vr\u00e1tane ve\u013etrhu SAWO . Oce\u0148uje","robots":{"index":"index","follow":"follow","max-snippet":"max-snippet:-1","max-image-preview":"max-image-preview:large","max-video-preview":"max-video-preview:-1"},"canonical":"https:\/\/antersystem.com\/sk\/novinky\/gold-medal-traffic-dock-gate\/","og_locale":"sk_SK","og_type":"article","og_title":"Zlat\u00e1 medaila za TRAFFIC DOCK GATE - Anter System","og_description":"Zlat\u00e1 medaila za automatick\u00fd TRAFFIC DOCK GATE Zlat\u00e1 medaila je prest\u00ed\u017ene ocenenie ude\u013eovan\u00e9 na priemyseln\u00fdch ve\u013etrhoch vr\u00e1tane ve\u013etrhu SAWO . Oce\u0148uje","og_url":"https:\/\/antersystem.com\/sk\/novinky\/gold-medal-traffic-dock-gate\/","og_site_name":"Anter System","article_modified_time":"2026-01-30T13:29:58+00:00","og_image":[{"url":"https:\/\/antersystem.com\/wp-content\/uploads\/2024_SAWO-Anter-System.webp","type":"","width":"","height":""}],"twitter_card":"summary_large_image","twitter_misc":{"Predpokladan\u00fd \u010das \u010d\u00edtania":"2 min\u00faty"},"schema":{"@context":"https:\/\/schema.org","@graph":[{"@type":"WebPage","@id":"https:\/\/antersystem.com\/sk\/novinky\/gold-medal-traffic-dock-gate\/","url":"https:\/\/antersystem.com\/sk\/novinky\/gold-medal-traffic-dock-gate\/","name":"Zlat\u00e1 medaila za TRAFFIC DOCK GATE - Anter System","isPartOf":{"@id":"https:\/\/antersystem.com\/sk\/#website"},"primaryImageOfPage":{"@id":"https:\/\/antersystem.com\/sk\/novinky\/gold-medal-traffic-dock-gate\/#primaryimage"},"image":{"@id":"https:\/\/antersystem.com\/sk\/novinky\/gold-medal-traffic-dock-gate\/#primaryimage"},"thumbnailUrl":"https:\/\/antersystem.com\/wp-content\/uploads\/2024_SAWO-Anter-System.webp","datePublished":"2024-04-12T10:31:12+00:00","dateModified":"2026-01-30T13:29:58+00:00","description":"Zlat\u00e1 medaila za automatick\u00fd TRAFFIC DOCK GATE Zlat\u00e1 medaila je prest\u00ed\u017ene ocenenie ude\u013eovan\u00e9 na priemyseln\u00fdch ve\u013etrhoch vr\u00e1tane ve\u013etrhu SAWO . Oce\u0148uje","breadcrumb":{"@id":"https:\/\/antersystem.com\/sk\/novinky\/gold-medal-traffic-dock-gate\/#breadcrumb"},"inLanguage":"sk-SK","potentialAction":[{"@type":"ReadAction","target":["https:\/\/antersystem.com\/sk\/novinky\/gold-medal-traffic-dock-gate\/"]}]},{"@type":"ImageObject","inLanguage":"sk-SK","@id":"https:\/\/antersystem.com\/sk\/novinky\/gold-medal-traffic-dock-gate\/#primaryimage","url":"https:\/\/antersystem.com\/wp-content\/uploads\/2024_SAWO-Anter-System.webp","contentUrl":"https:\/\/antersystem.com\/wp-content\/uploads\/2024_SAWO-Anter-System.webp"},{"@type":"BreadcrumbList","@id":"https:\/\/antersystem.com\/sk\/novinky\/gold-medal-traffic-dock-gate\/#breadcrumb","itemListElement":[{"@type":"ListItem","position":1,"name":"AnterSystem","item":"https:\/\/antersystem.com\/sk\/"},{"@type":"ListItem","position":2,"name":"Novinky","item":"https:\/\/antersystem.com\/sk\/novinky\/"},{"@type":"ListItem","position":3,"name":"Zlat\u00e1 medaila za TRAFFIC DOCK GATE"}]},{"@type":"WebSite","@id":"https:\/\/antersystem.com\/sk\/#website","url":"https:\/\/antersystem.com\/sk\/","name":"Anter System","description":"Jeste\u015bmy polskim producentem elastycznych barier ochronnych wykonywanych z polimerowych tworzyw sztucznych. Na rynku krajowym i zagranicznym dzia\u0142amy od ponad 15 lat dbaj\u0105c o zapewnienie bezpiecze\u0144stwa w zak\u0142adach produkcyjnych, magazynach oraz centrach logistycznych.","potentialAction":[{"@type":"SearchAction","target":{"@type":"EntryPoint","urlTemplate":"https:\/\/antersystem.com\/sk\/?s={search_term_string}"},"query-input":{"@type":"PropertyValueSpecification","valueRequired":true,"valueName":"search_term_string"}}],"inLanguage":"sk-SK"}]}},"_links":{"self":[{"href":"https:\/\/antersystem.com\/sk\/wp-json\/wp\/v2\/pages\/13310","targetHints":{"allow":["GET"]}}],"collection":[{"href":"https:\/\/antersystem.com\/sk\/wp-json\/wp\/v2\/pages"}],"about":[{"href":"https:\/\/antersystem.com\/sk\/wp-json\/wp\/v2\/types\/page"}],"author":[{"embeddable":true,"href":"https:\/\/antersystem.com\/sk\/wp-json\/wp\/v2\/users\/1"}],"replies":[{"embeddable":true,"href":"https:\/\/antersystem.com\/sk\/wp-json\/wp\/v2\/comments?post=13310"}],"version-history":[{"count":1,"href":"https:\/\/antersystem.com\/sk\/wp-json\/wp\/v2\/pages\/13310\/revisions"}],"predecessor-version":[{"id":13320,"href":"https:\/\/antersystem.com\/sk\/wp-json\/wp\/v2\/pages\/13310\/revisions\/13320"}],"up":[{"embeddable":true,"href":"https:\/\/antersystem.com\/sk\/wp-json\/wp\/v2\/pages\/30350"}],"wp:attachment":[{"href":"https:\/\/antersystem.com\/sk\/wp-json\/wp\/v2\/media?parent=13310"}],"curies":[{"name":"wp","href":"https:\/\/api.w.org\/{rel}","templated":true}]}}