{"id":15339,"date":"2023-10-16T15:46:15","date_gmt":"2023-10-16T13:46:15","guid":{"rendered":"https:\/\/new.antersystem.com\/what-are-barriers-made-of\/"},"modified":"2026-01-30T14:29:57","modified_gmt":"2026-01-30T13:29:57","slug":"what-are-barriers-made-of","status":"publish","type":"page","link":"https:\/\/antersystem.com\/sk\/novinky\/what-are-barriers-made-of\/","title":{"rendered":"Z \u010doho s\u00fa vyroben\u00e9 na\u0161e bari\u00e9ry?"},"content":{"rendered":"\n<div class=\"wp-block-columns is-layout-flex wp-container-core-columns-is-layout-9d6595d7 wp-block-columns-is-layout-flex\">\n  \n  <div class=\"wp-block-column is-layout-flow wp-block-column-is-layout-flow\" style=\"flex-basis:10%\"><\/div>\n  \n\n  \n  <div class=\"wp-block-column is-layout-flow wp-block-column-is-layout-flow\">\n    \n    <h3 class=\"wp-block-heading\"><strong>i-PLAST a ERTAX<\/strong><\/h3>\n    \n\n    \n    <p>Navrhujeme a vyr\u00e1bame inovat\u00edvne bezpe\u010dnostn\u00e9 bari\u00e9ry s pou\u017eit\u00edm na\u0161ich patentovan\u00fdch materi\u00e1lov: <strong>i-PLAST a ERTAX<\/strong> <strong>.<\/strong><\/p>\n    \n\n    \n    <p><strong>Zmes i-PLAST je<\/strong> vystu\u017een\u00fd materi\u00e1l na b\u00e1zi technick\u00e9ho polym\u00e9ru. Umo\u017e\u0148uje v\u00fdrobu ty\u010d\u00ed s hr\u00fabkou a geometriou, ktor\u00e9 boli predt\u00fdm nedosiahnute\u013en\u00e9. <strong>i-PLAST je \u00faplne oh\u0148ovzdorn\u00fd, netoxick\u00fd a plne vyhovuje norm\u00e1m HACCP, tak\u017ee je ide\u00e1lny<\/strong> pre spolo\u010dnosti, ktor\u00e9 pracuj\u00fa pod\u013ea pr\u00edsnych hygienick\u00fdch predpisov.<\/p>\n    \n\n    \n    <p>Bari\u00e9ry vytla\u010den\u00e9 z tejto zmesi vykazuj\u00fa v\u00fdnimo\u010dn\u00fa <strong>odolnos\u0165 vo\u010di poveternostn\u00fdm podmienkam (UV \u017eiareniu, mrazu) a kor\u00f3zii, v\u010faka \u010domu s\u00fa<\/strong> vhodn\u00e9 na in\u0161tal\u00e1ciu v interi\u00e9ri aj exteri\u00e9ri. Profily s\u00fa dut\u00e9, \u010do umo\u017e\u0148uje, aby bari\u00e9ry absorbovali energiu n\u00e1razu a \u00fa\u010dinne ju rozpt\u00fdlili. Po uvo\u013enen\u00ed tlaku sa vr\u00e1tia do p\u00f4vodn\u00e9ho tvaru. Zachov\u00e1vaj\u00fa si svoju \u0161trukt\u00faru aj po kol\u00edzii s vysokozdvi\u017en\u00fdmi voz\u00edkmi, \u010d\u00edm chr\u00e1nia podlahu v mieste in\u0161tal\u00e1cie aj kon\u0161trukciu budovy.<\/p>\n    \n\n    \n    <p><strong>Zmes ERTAX je<\/strong> inovat\u00edvny techno-plastov\u00fd materi\u00e1l vlastnej recept\u00fary, ktor\u00fd vykazuje <strong>vysok\u00fa mechanick\u00fa pru\u017enos\u0165.<\/strong> Je netoxick\u00fd a sp\u013a\u0148a po\u017eiadavky HACCP. Povrch nie je vopred upravovan\u00fd, \u010do zaru\u010duje dlhodob\u00fa trvanlivos\u0165 a konzistentn\u00fa estetiku v priebehu \u010dasu.<\/p>\n    \n\n    \n    <p>Bari\u00e9ry sa vyr\u00e1baj\u00fa z polospracovan\u00fdch dosiek s vysokou kompresiou. Ich patentovan\u00e1 geometria <strong>zabezpe\u010duje dynamick\u00fd v\u00fdkon pri n\u00e1raze a kontrolovan\u00fa deform\u00e1ciu.<\/strong><\/p>\n    \n\n    \n    <p><strong>V\u0161etky v\u00fdrobky s\u00fa testovan\u00e9 spolo\u010dnos\u0165ou T\u00dcV Rheinland a<\/strong> z\u00edskali bezpe\u010dnostn\u00fd certifik\u00e1t. <a href=\"https:\/\/antersystem.com\/o-naszej-firmie\/\">Ka\u017edoro\u010dne sa podrobuj\u00fa v\u00fdrobn\u00fdm kontrol\u00e1m, aby sa zabezpe\u010dila ich st\u00e1la a \u0161pi\u010dkov\u00e1 kvalita.<\/a><\/p>\n    \n\n    \n<div data-video-id=\"\" class='wp-block-html5-player-video html5_video_players' class=\"wp-block-html5-player-video\" data-nonce=\"93a13dc457\" data-attributes=\"{&quot;source&quot;:&quot;https:\\\/\\\/antersystem.com\\\/wp-content\\\/uploads\\\/AnterSystem_animacja.mp4&quot;,&quot;provider&quot;:&quot;self-hosted&quot;,&quot;imported&quot;:false,&quot;poster&quot;:&quot;&quot;,&quot;options&quot;:{&quot;controls&quot;:[&quot;play-large&quot;,&quot;play&quot;,&quot;progress&quot;,&quot;current-time&quot;,&quot;mute&quot;,&quot;volume&quot;,&quot;captions&quot;,&quot;settings&quot;,&quot;airplay&quot;,&quot;fullscreen&quot;],&quot;settings&quot;:[&quot;captions&quot;,&quot;quality&quot;,&quot;speed&quot;,&quot;loop&quot;],&quot;loadSprite&quot;:true,&quot;autoplay&quot;:false,&quot;playsinline&quot;:true,&quot;seekTime&quot;:10,&quot;volume&quot;:1,&quot;muted&quot;:false,&quot;hideControls&quot;:true,&quot;resetOnEnd&quot;:false,&quot;tooltips&quot;:{&quot;controls&quot;:true,&quot;seek&quot;:true},&quot;captions&quot;:{&quot;active&quot;:true,&quot;language&quot;:&quot;auto&quot;,&quot;update&quot;:true},&quot;ratio&quot;:null,&quot;storage&quot;:{&quot;enabled&quot;:true,&quot;key&quot;:&quot;plyr&quot;},&quot;speed&quot;:{&quot;options&quot;:[0.5,0.75,1,1.25,1.5,1.75,2,4]},&quot;loop&quot;:{&quot;active&quot;:false},&quot;ads&quot;:{&quot;enabled&quot;:true,&quot;tagUrl&quot;:null},&quot;urls&quot;:{&quot;enabled&quot;:false,&quot;download&quot;:null},&quot;markers&quot;:{&quot;enabled&quot;:false,&quot;points&quot;:[]},&quot;preload&quot;:&quot;metadata&quot;},&quot;features&quot;:{&quot;popup&quot;:{&quot;enabled&quot;:false,&quot;selector&quot;:null,&quot;hasBtn&quot;:false,&quot;type&quot;:&quot;button&quot;,&quot;btnText&quot;:&quot;Watch Video&quot;,&quot;align&quot;:&quot;center&quot;,&quot;btnStyle&quot;:{&quot;color&quot;:&quot;#fff&quot;,&quot;backgroundColor&quot;:&quot;#006BA1&quot;,&quot;fontSize&quot;:&quot;16px&quot;,&quot;padding&quot;:{&quot;top&quot;:&quot;10px&quot;,&quot;right&quot;:&quot;20px&quot;,&quot;bottom&quot;:&quot;10px&quot;,&quot;left&quot;:&quot;20px&quot;}},&quot;isTrigger&quot;:false},&quot;overlay&quot;:{&quot;enabled&quot;:false,&quot;items&quot;:[{&quot;color&quot;:&quot;#fff&quot;,&quot;backgroundColor&quot;:&quot;#333&quot;,&quot;fontSize&quot;:&quot;16px&quot;,&quot;link&quot;:&quot;&quot;,&quot;logo&quot;:&quot;&quot;,&quot;text&quot;:&quot;Simple Text&quot;,&quot;position&quot;:&quot;top_right&quot;,&quot;type&quot;:&quot;text&quot;,&quot;opacity&quot;:1}]},&quot;endScreen&quot;:{&quot;enabled&quot;:false,&quot;text&quot;:&quot;Simple Text&quot;,&quot;btnText&quot;:&quot;Visit&quot;,&quot;btnLink&quot;:&quot;&quot;,&quot;btnStyle&quot;:[]},&quot;thumbInPause&quot;:{&quot;enabled&quot;:false,&quot;type&quot;:&quot;default&quot;},&quot;watermark&quot;:{&quot;enabled&quot;:false,&quot;type&quot;:&quot;email&quot;,&quot;text&quot;:&quot;&quot;,&quot;color&quot;:&quot;#f00&quot;},&quot;passwordProtected&quot;:{&quot;enabled&quot;:false,&quot;errorMessage&quot;:&quot;Password didn&#039;t matched&quot;,&quot;heading&quot;:&quot;Please Entire the password to access the video&quot;,&quot;button&quot;:{&quot;text&quot;:&quot;Access&quot;,&quot;color&quot;:&quot;#222&quot;,&quot;backgroundColor&quot;:&quot;#ffffffe3&quot;},&quot;password&quot;:null},&quot;sticky&quot;:{&quot;enabled&quot;:false,&quot;position&quot;:&quot;top_right&quot;},&quot;playWhenVisible&quot;:false,&quot;disablePause&quot;:false,&quot;hideYoutubeUI&quot;:false,&quot;startTime&quot;:null,&quot;hideLoadingPlaceholder&quot;:false,&quot;saveState&quot;:false},&quot;onlyLoggedIn&quot;:{&quot;whoCanSeeThisVideo&quot;:&quot;everyone&quot;,&quot;allowedRoles&quot;:[],&quot;message&quot;:&quot;This video is only for registered users. Please login to view the video.&quot;},&quot;seo&quot;:{&quot;title&quot;:&quot;&quot;,&quot;description&quot;:&quot;&quot;,&quot;duration&quot;:&quot;&quot;},&quot;quality&quot;:[],&quot;subtitle&quot;:[{&quot;label&quot;:&quot;English\\\/en&quot;,&quot;caption_file&quot;:&quot;&quot;}],&quot;thumbInPause&quot;:false,&quot;hideYoutubeUI&quot;:false,&quot;autoplayWhenVisible&quot;:false,&quot;styles&quot;:{&quot;plyr_wrapper&quot;:{&quot;width&quot;:&quot;100%&quot;,&quot;borderRadius&quot;:&quot;0px&quot;,&quot;overflow&quot;:&quot;hidden&quot;},&quot;.plyr&quot;:{&quot;--plyr-color-main&quot;:&quot;#00b2ff&quot;}},&quot;CSS&quot;:&quot;&quot;,&quot;isCDURL&quot;:false,&quot;posterTime&quot;:20,&quot;chapters&quot;:[],&quot;controls&quot;:{&quot;play-large&quot;:true,&quot;restart&quot;:false,&quot;rewind&quot;:false,&quot;play&quot;:true,&quot;fast-forward&quot;:false,&quot;progress&quot;:true,&quot;current-time&quot;:true,&quot;duration&quot;:false,&quot;mute&quot;:true,&quot;volume&quot;:true,&quot;pip&quot;:false,&quot;airplay&quot;:false,&quot;settings&quot;:true,&quot;downlaod&quot;:false,&quot;fullscreen&quot;:true},&quot;brandColor&quot;:&quot;#00B3FF&quot;,&quot;width&quot;:{&quot;deprecated&quot;:true,&quot;number&quot;:100,&quot;unit&quot;:&quot;%&quot;},&quot;radius&quot;:{&quot;number&quot;:0,&quot;unit&quot;:&quot;px&quot;},&quot;repeat&quot;:false,&quot;autoplay&quot;:false,&quot;muted&quot;:false,&quot;sticky&quot;:false,&quot;stickyPosition&quot;:&quot;top-right&quot;,&quot;popup&quot;:false,&quot;popupType&quot;:&quot;button&quot;,&quot;playsinline&quot;:false,&quot;popupBtnStyle&quot;:{&quot;color&quot;:&quot;#fff&quot;,&quot;backgroundColor&quot;:&quot;#006BA1&quot;,&quot;fontSize&quot;:&quot;16px&quot;,&quot;padding&quot;:{&quot;top&quot;:&quot;10px&quot;,&quot;right&quot;:&quot;20px&quot;,&quot;bottom&quot;:&quot;10px&quot;,&quot;left&quot;:&quot;20px&quot;},&quot;align&quot;:&quot;center&quot;},&quot;popupBtnText&quot;:&quot;Watch Video&quot;,&quot;disablePause&quot;:false,&quot;thumbStyle&quot;:&quot;default&quot;,&quot;resetOnEnd&quot;:false,&quot;autoHideControl&quot;:true,&quot;protected&quot;:false,&quot;protectedText&quot;:&quot;Please enter password to wath the video&quot;,&quot;seekTime&quot;:10,&quot;startTime&quot;:0,&quot;preload&quot;:&quot;metadata&quot;,&quot;overlay&quot;:false,&quot;overlayPosition&quot;:&quot;top_right&quot;,&quot;overlayBackground&quot;:&quot;#333&quot;,&quot;overlayOpacity&quot;:0.8,&quot;overlayTextColor&quot;:&quot;#ffffff&quot;,&quot;overlayFontSize&quot;:{&quot;number&quot;:20,&quot;unit&quot;:&quot;px&quot;},&quot;overlayTextHoverColor&quot;:&quot;#ffffff&quot;,&quot;endScreen&quot;:{&quot;enabled&quot;:false,&quot;text&quot;:&quot;Simple Text&quot;,&quot;btnText&quot;:&quot;Watch Again&quot;,&quot;btnLink&quot;:&quot;&quot;,&quot;btnStyle&quot;:[]},&quot;endscreen&quot;:false,&quot;endscreenText&quot;:&quot;Endscreen text&quot;,&quot;endscreenTextLink&quot;:&quot;#&quot;,&quot;streaming&quot;:false,&quot;streamingType&quot;:&quot;hls&quot;,&quot;speed&quot;:{&quot;1&quot;:true,&quot;2&quot;:true,&quot;3&quot;:true,&quot;0.5&quot;:true,&quot;0.75&quot;:true,&quot;1.25&quot;:true,&quot;1.5&quot;:true,&quot;1.75&quot;:true,&quot;2.5&quot;:true},&quot;captionEnabled&quot;:false,&quot;saveState&quot;:false,&quot;openPopupId&quot;:&quot;&quot;}\" style=\"aspect-ratio:16\/9\">\n    <div class=\"preload_poster\" style=\"overflow:hidden;aspect-ratio:16\/9;\">\n        <svg width=\"36px\" height=\"36px\" viewBox=\"0 0 15 15\" fill=\"none\" xmlns=\"http:\/\/www.w3.org\/2000\/svg\">\n            <path d=\"M4.79062 2.09314C4.63821 1.98427 4.43774 1.96972 4.27121 2.05542C4.10467 2.14112 4 2.31271 4 2.5V12.5C4 12.6873 4.10467 12.8589 4.27121 12.9446C4.43774 13.0303 4.63821 13.0157 4.79062 12.9069L11.7906 7.90687C11.922 7.81301 12 7.66148 12 7.5C12 7.33853 11.922 7.18699 11.7906 7.09314L4.79062 2.09314Z\" fill=\"#fff\" \/>\n        <\/svg>\n    <\/div>\n<\/div>\n\n\n\n    \n    <p>&nbsp;<\/p>\n    <p><strong>V\u00ddHODY POU\u017d\u00cdVANIA FLEXIBILN\u00ddCH BARI\u00c9R:<\/strong><\/p>\n    <ul>\n      <li>V\u010faka jedine\u010dn\u00e9mu zlo\u017eeniu materi\u00e1lu si zachov\u00e1vaj\u00fa svoju \u0161trukt\u00faru aj po zr\u00e1\u017eke s vysokozdvi\u017en\u00fdm voz\u00edkom.<\/li>\n      <li>Odolnos\u0165 vo\u010di kor\u00f3zii, poveternostn\u00fdm podmienkam (prev\u00e1dzkov\u00fd rozsah od -30 \u00b0C do +60 \u00b0C) a chemik\u00e1li\u00e1m.<\/li>\n      <li>K dispoz\u00edcii s\u00fa dva typy mont\u00e1\u017ee. Vn\u00fatorn\u00e9 kotviace syst\u00e9my (skryt\u00e9 vo vn\u00fatri st\u013apikovej kon\u0161trukcie) pom\u00e1haj\u00fa dodr\u017eiava\u0165 hygienick\u00e9 normy, tak\u017ee s\u00fa ide\u00e1lne pre potravin\u00e1rsky priemysel.<\/li>\n      <li>Vonkaj\u0161ie kotvy sa upev\u0148uj\u00fa do bet\u00f3nu skrutkami, \u010d\u00edm sa minimalizuje riziko vzniku trhl\u00edn. Na ukotvenie nie je potrebn\u00e1 \u017eiadna roz\u0165a\u017enos\u0165, preto s\u00fa vhodn\u00e9 na in\u0161tal\u00e1ciu v bl\u00edzkosti hr\u00e1n alebo susedn\u00fdch kotiev. Toto rie\u0161enie sa d\u00e1 pou\u017ei\u0165 opakovane.<\/li>\n      <li>Testovan\u00e9 spolo\u010dnos\u0165ou T\u00dcV Rheinland a podliehaj\u00face nepretr\u017eitej kontrole v\u00fdroby na zabezpe\u010denie najvy\u0161\u0161ej kvality.<\/li>\n      <li>Dodr\u017eiava\u0165 pr\u00edsne bezpe\u010dnostn\u00e9 a hygienick\u00e9 normy.<\/li>\n      <li>Modul\u00e1rna kon\u0161trukcia &#8211; jednoduch\u00e9 pripojenie, premiestnenie alebo roz\u0161\u00edrenie, aby sa prisp\u00f4sobili meniacim sa skladov\u00fdm alebo v\u00fdrobn\u00fdm dispoz\u00edci\u00e1m.<\/li>\n      <li>Plne recyklovate\u013en\u00e9.<\/li>\n    <\/ul>\n    <p>&nbsp;<\/p>\n    \n  <\/div>\n  \n\n  \n  <div class=\"wp-block-column is-layout-flow wp-block-column-is-layout-flow\" style=\"flex-basis:10%\"><\/div>\n  \n<\/div>\n","protected":false},"excerpt":{"rendered":"<p>i-PLAST a ERTAX Navrhujeme a vyr\u00e1bame inovat\u00edvne bezpe\u010dnostn\u00e9 bari\u00e9ry s pou\u017eit\u00edm na\u0161ich patentovan\u00fdch materi\u00e1lov: i-PLAST a ERTAX . Zmes i-PLAST je vystu\u017een\u00fd materi\u00e1l na b\u00e1zi technick\u00e9ho polym\u00e9ru. Umo\u017e\u0148uje v\u00fdrobu ty\u010d\u00ed s hr\u00fabkou a geometriou, ktor\u00e9 boli predt\u00fdm nedosiahnute\u013en\u00e9. i-PLAST je \u00faplne oh\u0148ovzdorn\u00fd, netoxick\u00fd a plne vyhovuje norm\u00e1m HACCP, tak\u017ee je ide\u00e1lny pre spolo\u010dnosti, ktor\u00e9 pracuj\u00fa [&hellip;]<\/p>\n","protected":false},"author":1,"featured_media":0,"parent":30350,"menu_order":0,"comment_status":"closed","ping_status":"closed","template":"","meta":{"inline_featured_image":false,"ngg_post_thumbnail":0,"footnotes":""},"class_list":["post-15339","page","type-page","status-publish","hentry"],"acf":[],"yoast_head":"<!-- This site is optimized with the Yoast SEO plugin v27.0 - https:\/\/yoast.com\/product\/yoast-seo-wordpress\/ -->\n<title>Z \u010doho s\u00fa vyroben\u00e9 na\u0161e bari\u00e9ry? - Anter System<\/title>\n<meta name=\"description\" content=\"i-PLAST a ERTAX Navrhujeme a vyr\u00e1bame inovat\u00edvne bezpe\u010dnostn\u00e9 bari\u00e9ry s pou\u017eit\u00edm na\u0161ich patentovan\u00fdch materi\u00e1lov: i-PLAST a ERTAX . Zmes i-PLAST je\" \/>\n<meta name=\"robots\" content=\"index, follow, max-snippet:-1, max-image-preview:large, max-video-preview:-1\" \/>\n<link rel=\"canonical\" href=\"https:\/\/antersystem.com\/sk\/novinky\/what-are-barriers-made-of\/\" \/>\n<meta property=\"og:locale\" content=\"sk_SK\" \/>\n<meta property=\"og:type\" content=\"article\" \/>\n<meta property=\"og:title\" content=\"Z \u010doho s\u00fa vyroben\u00e9 na\u0161e bari\u00e9ry? - Anter System\" \/>\n<meta property=\"og:description\" content=\"i-PLAST a ERTAX Navrhujeme a vyr\u00e1bame inovat\u00edvne bezpe\u010dnostn\u00e9 bari\u00e9ry s pou\u017eit\u00edm na\u0161ich patentovan\u00fdch materi\u00e1lov: i-PLAST a ERTAX . Zmes i-PLAST je\" \/>\n<meta property=\"og:url\" content=\"https:\/\/antersystem.com\/sk\/novinky\/what-are-barriers-made-of\/\" \/>\n<meta property=\"og:site_name\" content=\"Anter System\" \/>\n<meta property=\"article:modified_time\" content=\"2026-01-30T13:29:57+00:00\" \/>\n<meta name=\"twitter:card\" content=\"summary_large_image\" \/>\n<meta name=\"twitter:label1\" content=\"Predpokladan\u00fd \u010das \u010d\u00edtania\" \/>\n\t<meta name=\"twitter:data1\" content=\"2 min\u00faty\" \/>\n<script type=\"application\/ld+json\" class=\"yoast-schema-graph\">{\"@context\":\"https:\/\/schema.org\",\"@graph\":[{\"@type\":\"WebPage\",\"@id\":\"https:\/\/antersystem.com\/sk\/novinky\/what-are-barriers-made-of\/\",\"url\":\"https:\/\/antersystem.com\/sk\/novinky\/what-are-barriers-made-of\/\",\"name\":\"Z \u010doho s\u00fa vyroben\u00e9 na\u0161e bari\u00e9ry? - Anter System\",\"isPartOf\":{\"@id\":\"https:\/\/antersystem.com\/sk\/#website\"},\"datePublished\":\"2023-10-16T13:46:15+00:00\",\"dateModified\":\"2026-01-30T13:29:57+00:00\",\"description\":\"i-PLAST a ERTAX Navrhujeme a vyr\u00e1bame inovat\u00edvne bezpe\u010dnostn\u00e9 bari\u00e9ry s pou\u017eit\u00edm na\u0161ich patentovan\u00fdch materi\u00e1lov: i-PLAST a ERTAX . Zmes i-PLAST je\",\"breadcrumb\":{\"@id\":\"https:\/\/antersystem.com\/sk\/novinky\/what-are-barriers-made-of\/#breadcrumb\"},\"inLanguage\":\"sk-SK\",\"potentialAction\":[{\"@type\":\"ReadAction\",\"target\":[\"https:\/\/antersystem.com\/sk\/novinky\/what-are-barriers-made-of\/\"]}]},{\"@type\":\"BreadcrumbList\",\"@id\":\"https:\/\/antersystem.com\/sk\/novinky\/what-are-barriers-made-of\/#breadcrumb\",\"itemListElement\":[{\"@type\":\"ListItem\",\"position\":1,\"name\":\"AnterSystem\",\"item\":\"https:\/\/antersystem.com\/sk\/\"},{\"@type\":\"ListItem\",\"position\":2,\"name\":\"Novinky\",\"item\":\"https:\/\/antersystem.com\/sk\/novinky\/\"},{\"@type\":\"ListItem\",\"position\":3,\"name\":\"Z \u010doho s\u00fa vyroben\u00e9 na\u0161e bari\u00e9ry?\"}]},{\"@type\":\"WebSite\",\"@id\":\"https:\/\/antersystem.com\/sk\/#website\",\"url\":\"https:\/\/antersystem.com\/sk\/\",\"name\":\"Anter System\",\"description\":\"Jeste\u015bmy polskim producentem elastycznych barier ochronnych wykonywanych z polimerowych tworzyw sztucznych. Na rynku krajowym i zagranicznym dzia\u0142amy od ponad 15 lat dbaj\u0105c o zapewnienie bezpiecze\u0144stwa w zak\u0142adach produkcyjnych, magazynach oraz centrach logistycznych.\",\"potentialAction\":[{\"@type\":\"SearchAction\",\"target\":{\"@type\":\"EntryPoint\",\"urlTemplate\":\"https:\/\/antersystem.com\/sk\/?s={search_term_string}\"},\"query-input\":{\"@type\":\"PropertyValueSpecification\",\"valueRequired\":true,\"valueName\":\"search_term_string\"}}],\"inLanguage\":\"sk-SK\"}]}<\/script>\n<!-- \/ Yoast SEO plugin. -->","yoast_head_json":{"title":"Z \u010doho s\u00fa vyroben\u00e9 na\u0161e bari\u00e9ry? - Anter System","description":"i-PLAST a ERTAX Navrhujeme a vyr\u00e1bame inovat\u00edvne bezpe\u010dnostn\u00e9 bari\u00e9ry s pou\u017eit\u00edm na\u0161ich patentovan\u00fdch materi\u00e1lov: i-PLAST a ERTAX . Zmes i-PLAST je","robots":{"index":"index","follow":"follow","max-snippet":"max-snippet:-1","max-image-preview":"max-image-preview:large","max-video-preview":"max-video-preview:-1"},"canonical":"https:\/\/antersystem.com\/sk\/novinky\/what-are-barriers-made-of\/","og_locale":"sk_SK","og_type":"article","og_title":"Z \u010doho s\u00fa vyroben\u00e9 na\u0161e bari\u00e9ry? - Anter System","og_description":"i-PLAST a ERTAX Navrhujeme a vyr\u00e1bame inovat\u00edvne bezpe\u010dnostn\u00e9 bari\u00e9ry s pou\u017eit\u00edm na\u0161ich patentovan\u00fdch materi\u00e1lov: i-PLAST a ERTAX . Zmes i-PLAST je","og_url":"https:\/\/antersystem.com\/sk\/novinky\/what-are-barriers-made-of\/","og_site_name":"Anter System","article_modified_time":"2026-01-30T13:29:57+00:00","twitter_card":"summary_large_image","twitter_misc":{"Predpokladan\u00fd \u010das \u010d\u00edtania":"2 min\u00faty"},"schema":{"@context":"https:\/\/schema.org","@graph":[{"@type":"WebPage","@id":"https:\/\/antersystem.com\/sk\/novinky\/what-are-barriers-made-of\/","url":"https:\/\/antersystem.com\/sk\/novinky\/what-are-barriers-made-of\/","name":"Z \u010doho s\u00fa vyroben\u00e9 na\u0161e bari\u00e9ry? - Anter System","isPartOf":{"@id":"https:\/\/antersystem.com\/sk\/#website"},"datePublished":"2023-10-16T13:46:15+00:00","dateModified":"2026-01-30T13:29:57+00:00","description":"i-PLAST a ERTAX Navrhujeme a vyr\u00e1bame inovat\u00edvne bezpe\u010dnostn\u00e9 bari\u00e9ry s pou\u017eit\u00edm na\u0161ich patentovan\u00fdch materi\u00e1lov: i-PLAST a ERTAX . Zmes i-PLAST je","breadcrumb":{"@id":"https:\/\/antersystem.com\/sk\/novinky\/what-are-barriers-made-of\/#breadcrumb"},"inLanguage":"sk-SK","potentialAction":[{"@type":"ReadAction","target":["https:\/\/antersystem.com\/sk\/novinky\/what-are-barriers-made-of\/"]}]},{"@type":"BreadcrumbList","@id":"https:\/\/antersystem.com\/sk\/novinky\/what-are-barriers-made-of\/#breadcrumb","itemListElement":[{"@type":"ListItem","position":1,"name":"AnterSystem","item":"https:\/\/antersystem.com\/sk\/"},{"@type":"ListItem","position":2,"name":"Novinky","item":"https:\/\/antersystem.com\/sk\/novinky\/"},{"@type":"ListItem","position":3,"name":"Z \u010doho s\u00fa vyroben\u00e9 na\u0161e bari\u00e9ry?"}]},{"@type":"WebSite","@id":"https:\/\/antersystem.com\/sk\/#website","url":"https:\/\/antersystem.com\/sk\/","name":"Anter System","description":"Jeste\u015bmy polskim producentem elastycznych barier ochronnych wykonywanych z polimerowych tworzyw sztucznych. Na rynku krajowym i zagranicznym dzia\u0142amy od ponad 15 lat dbaj\u0105c o zapewnienie bezpiecze\u0144stwa w zak\u0142adach produkcyjnych, magazynach oraz centrach logistycznych.","potentialAction":[{"@type":"SearchAction","target":{"@type":"EntryPoint","urlTemplate":"https:\/\/antersystem.com\/sk\/?s={search_term_string}"},"query-input":{"@type":"PropertyValueSpecification","valueRequired":true,"valueName":"search_term_string"}}],"inLanguage":"sk-SK"}]}},"_links":{"self":[{"href":"https:\/\/antersystem.com\/sk\/wp-json\/wp\/v2\/pages\/15339","targetHints":{"allow":["GET"]}}],"collection":[{"href":"https:\/\/antersystem.com\/sk\/wp-json\/wp\/v2\/pages"}],"about":[{"href":"https:\/\/antersystem.com\/sk\/wp-json\/wp\/v2\/types\/page"}],"author":[{"embeddable":true,"href":"https:\/\/antersystem.com\/sk\/wp-json\/wp\/v2\/users\/1"}],"replies":[{"embeddable":true,"href":"https:\/\/antersystem.com\/sk\/wp-json\/wp\/v2\/comments?post=15339"}],"version-history":[{"count":1,"href":"https:\/\/antersystem.com\/sk\/wp-json\/wp\/v2\/pages\/15339\/revisions"}],"predecessor-version":[{"id":15342,"href":"https:\/\/antersystem.com\/sk\/wp-json\/wp\/v2\/pages\/15339\/revisions\/15342"}],"up":[{"embeddable":true,"href":"https:\/\/antersystem.com\/sk\/wp-json\/wp\/v2\/pages\/30350"}],"wp:attachment":[{"href":"https:\/\/antersystem.com\/sk\/wp-json\/wp\/v2\/media?parent=15339"}],"curies":[{"name":"wp","href":"https:\/\/api.w.org\/{rel}","templated":true}]}}