{"id":15430,"date":"2024-11-08T10:12:51","date_gmt":"2024-11-08T09:12:51","guid":{"rendered":"https:\/\/new.antersystem.com\/warsaw-industry-week-2024-2\/"},"modified":"2026-01-31T22:28:38","modified_gmt":"2026-01-31T21:28:38","slug":"warsaw-industry-week-2024-2","status":"publish","type":"page","link":"https:\/\/antersystem.com\/sk\/novinky\/warsaw-industry-week-2024-2\/","title":{"rendered":"Warsaw Industry Week 2024"},"content":{"rendered":"\n<div class=\"wp-block-columns is-layout-flex wp-container-core-columns-is-layout-9d6595d7 wp-block-columns-is-layout-flex\">\n<div class=\"wp-block-column is-layout-flow wp-block-column-is-layout-flow\">\n<h2 class=\"wp-block-heading\">Spr\u00e1va z Warsaw Industry Week 5-7.11.2024<\/h2>\n\n\n\n<div class=\"wp-block-columns is-layout-flex wp-container-core-columns-is-layout-9d6595d7 wp-block-columns-is-layout-flex\">\n<div class=\"wp-block-column is-layout-flow wp-block-column-is-layout-flow\" style=\"flex-basis:10%\"><\/div>\n\n\n\n<div class=\"wp-block-column is-layout-flow wp-block-column-is-layout-flow\" style=\"flex-basis:10%\"><\/div>\n<\/div>\n\n\n\n<div class=\"wp-block-columns is-layout-flex wp-container-core-columns-is-layout-9d6595d7 wp-block-columns-is-layout-flex\">\n<div class=\"wp-block-column is-layout-flow wp-block-column-is-layout-flow\" style=\"flex-basis:10%\"><\/div>\n\n\n\n<div class=\"wp-block-column is-layout-flow wp-block-column-is-layout-flow\">\n<p><strong>Warsaw Industry Week<\/strong> v roku 2024 <strong>bol<\/strong> \u00f4smym a \u010fal\u0161\u00edm ve\u013emi \u00faspe\u0161n\u00fdm ro\u010dn\u00edkom jedn\u00e9ho z najv\u00fdznamnej\u0161\u00edch priemyseln\u00fdch podujat\u00ed v strednej a v\u00fdchodnej Eur\u00f3pe. <strong>Spolo\u010dnos\u0165 Anter System ako vystavovate\u013e mala t\u00fa \u010des\u0165<\/strong> z\u00fa\u010dastni\u0165 sa na tomto prest\u00ed\u017enom ve\u013etrhu <strong>,<\/strong> na ktorom sa z\u00fa\u010dastnilo viac ako 370 vystavovate\u013eov a tis\u00edce odborn\u00edkov z cel\u00e9ho priemyslu. Podujatie poskytlo vynikaj\u00facu platformu na prezent\u00e1ciu na\u0161ich inovat\u00edvnych priemyseln\u00fdch a intralogistick\u00fdch rie\u0161en\u00ed vr\u00e1tane pokro\u010dil\u00fdch syst\u00e9mov na podporu bezpe\u010dnosti pr\u00e1ce a efekt\u00edvnosti procesov. \u010eal\u0161\u00edm vrcholom ve\u013etrhu bola mo\u017enos\u0165 z\u00fa\u010dastni\u0165 sa na sprievodn\u00fdch podujatiach, ako napr\u00edklad na medzin\u00e1rodnej priemyselnej konferencii.<\/p>\n\n\n\n<p>N\u00e1\u0161 st\u00e1nok vzbudil zna\u010dn\u00fd z\u00e1ujem, najm\u00e4 v\u010faka prezent\u00e1cii produktov, ako s\u00fa <a href=\"https:\/\/antersystem.com\/kategorie-produktow\/bramki-bezpieczenstwa\/\">automatick\u00e9 bezpe\u010dnostn\u00e9 br\u00e1ny a<\/a> <a href=\"https:\/\/antersystem.com\/kategorie-produktow\/odbojnice-regalowe\/\">GATE PROTECTORY st\u013apov a reg\u00e1lov.<\/a> Tieto rie\u0161enia, ktor\u00e9 s\u00fa ur\u010den\u00e9 na zv\u00fd\u0161enie bezpe\u010dnosti a organiz\u00e1cie pr\u00e1ce vo v\u00fdrobn\u00fdch prev\u00e1dzkach, s\u00fa v dokonalom s\u00falade s dominantn\u00fdmi trendmi automatiz\u00e1cie a optimaliz\u00e1cie pracovn\u00e9ho priestoru, ktor\u00e9 boli predstaven\u00e9 na tohtoro\u010dnom ve\u013etrhu.<\/p>\n\n\n\n<p>\u00da\u010das\u0165 na <strong>Warsaw Industry Week<\/strong> n\u00e1m <strong>umo\u017enila<\/strong> nielen podeli\u0165 sa o na\u0161e odborn\u00e9 znalosti, ale aj nadviaza\u0165 cenn\u00e9 obchodn\u00e9 vz\u0165ahy a vymeni\u0165 si poznatky s odborn\u00edkmi z odvetvia. To poskytuje siln\u00fa in\u0161pir\u00e1ciu pre \u010fal\u0161\u00ed v\u00fdvoj na\u0161ich produktov v s\u00falade s vyv\u00edjaj\u00facimi sa o\u010dak\u00e1vaniami trhu a transform\u00e1ciou odvetvia. Sme hrd\u00ed na to, \u017ee na\u0161e inov\u00e1cie na\u010falej reaguj\u00fa na dynamick\u00e9 potreby trhu a prispievaj\u00fa k zvy\u0161ovaniu efekt\u00edvnosti a bezpe\u010dnosti v celom priemyselnom odvetv\u00ed.<\/p>\n\n\n\n<p>\u010eakujeme v\u0161etk\u00fdm, ktor\u00ed <strong>nav\u0161t\u00edvili n\u00e1\u0161 st\u00e1nok &#8211;<\/strong> uvid\u00edme sa na \u010fal\u0161om ro\u010dn\u00edku!<\/p>\n\n\n\n<div class=\"wp-block-columns is-layout-flex wp-container-core-columns-is-layout-9d6595d7 wp-block-columns-is-layout-flex\">\n<div class=\"wp-block-column is-layout-flow wp-block-column-is-layout-flow\"><\/div>\n\n\n\n<div class=\"wp-block-column is-layout-flow wp-block-column-is-layout-flow\"><\/div>\n\n\n\n<div class=\"wp-block-column is-layout-flow wp-block-column-is-layout-flow\"><\/div>\n<\/div>\n<\/div>\n\n\n\n<div class=\"wp-block-column is-layout-flow wp-block-column-is-layout-flow\" style=\"flex-basis:10%\"><\/div>\n<\/div>\n\n\n\nngg_shortcode_0_placeholder\n<\/div>\n<\/div>\n\n<p><\/p>\n","protected":false},"excerpt":{"rendered":"<p>Spr\u00e1va z Warsaw Industry Week 5-7.11.2024 Warsaw Industry Week v roku 2024 bol \u00f4smym a \u010fal\u0161\u00edm ve\u013emi \u00faspe\u0161n\u00fdm ro\u010dn\u00edkom jedn\u00e9ho z najv\u00fdznamnej\u0161\u00edch priemyseln\u00fdch podujat\u00ed v strednej a v\u00fdchodnej Eur\u00f3pe. Spolo\u010dnos\u0165 Anter System ako vystavovate\u013e mala t\u00fa \u010des\u0165 z\u00fa\u010dastni\u0165 sa na tomto prest\u00ed\u017enom ve\u013etrhu , na ktorom sa z\u00fa\u010dastnilo viac ako 370 vystavovate\u013eov a tis\u00edce odborn\u00edkov [&hellip;]<\/p>\n","protected":false},"author":1,"featured_media":0,"parent":30350,"menu_order":0,"comment_status":"closed","ping_status":"closed","template":"","meta":{"inline_featured_image":false,"ngg_post_thumbnail":0,"footnotes":""},"class_list":["post-15430","page","type-page","status-publish","hentry"],"acf":[],"yoast_head":"<!-- This site is optimized with the Yoast SEO plugin v27.0 - https:\/\/yoast.com\/product\/yoast-seo-wordpress\/ -->\n<title>Warsaw Industry Week 2024 - Anter System<\/title>\n<meta name=\"description\" content=\"W dniach 5-7listopada odby\u0142a si\u0119 \u00f3sma edycja targ\u00f3w Warsaw Industry Week, podczas kt\u00f3rej nie mog\u0142o zabrakn\u0105\u0107 stoiska Anter System\" \/>\n<meta name=\"robots\" content=\"index, follow, max-snippet:-1, max-image-preview:large, max-video-preview:-1\" \/>\n<link rel=\"canonical\" href=\"https:\/\/antersystem.com\/sk\/novinky\/warsaw-industry-week-2024-2\/\" \/>\n<meta property=\"og:locale\" content=\"sk_SK\" \/>\n<meta property=\"og:type\" content=\"article\" \/>\n<meta property=\"og:title\" content=\"Warsaw Industry Week 2024 - Anter System\" \/>\n<meta property=\"og:description\" content=\"W dniach 5-7listopada odby\u0142a si\u0119 \u00f3sma edycja targ\u00f3w Warsaw Industry Week, podczas kt\u00f3rej nie mog\u0142o zabrakn\u0105\u0107 stoiska Anter System\" \/>\n<meta property=\"og:url\" content=\"https:\/\/antersystem.com\/sk\/novinky\/warsaw-industry-week-2024-2\/\" \/>\n<meta property=\"og:site_name\" content=\"Anter System\" \/>\n<meta property=\"article:modified_time\" content=\"2026-01-31T21:28:38+00:00\" \/>\n<meta name=\"twitter:card\" content=\"summary_large_image\" \/>\n<meta name=\"twitter:label1\" content=\"Predpokladan\u00fd \u010das \u010d\u00edtania\" \/>\n\t<meta name=\"twitter:data1\" content=\"2 min\u00faty\" \/>\n<script type=\"application\/ld+json\" class=\"yoast-schema-graph\">{\"@context\":\"https:\/\/schema.org\",\"@graph\":[{\"@type\":\"WebPage\",\"@id\":\"https:\/\/antersystem.com\/sk\/novinky\/warsaw-industry-week-2024-2\/\",\"url\":\"https:\/\/antersystem.com\/sk\/novinky\/warsaw-industry-week-2024-2\/\",\"name\":\"Warsaw Industry Week 2024 - Anter System\",\"isPartOf\":{\"@id\":\"https:\/\/antersystem.com\/sk\/#website\"},\"datePublished\":\"2024-11-08T09:12:51+00:00\",\"dateModified\":\"2026-01-31T21:28:38+00:00\",\"description\":\"W dniach 5-7listopada odby\u0142a si\u0119 \u00f3sma edycja targ\u00f3w Warsaw Industry Week, podczas kt\u00f3rej nie mog\u0142o zabrakn\u0105\u0107 stoiska Anter System\",\"breadcrumb\":{\"@id\":\"https:\/\/antersystem.com\/sk\/novinky\/warsaw-industry-week-2024-2\/#breadcrumb\"},\"inLanguage\":\"sk-SK\",\"potentialAction\":[{\"@type\":\"ReadAction\",\"target\":[\"https:\/\/antersystem.com\/sk\/novinky\/warsaw-industry-week-2024-2\/\"]}]},{\"@type\":\"BreadcrumbList\",\"@id\":\"https:\/\/antersystem.com\/sk\/novinky\/warsaw-industry-week-2024-2\/#breadcrumb\",\"itemListElement\":[{\"@type\":\"ListItem\",\"position\":1,\"name\":\"AnterSystem\",\"item\":\"https:\/\/antersystem.com\/sk\/\"},{\"@type\":\"ListItem\",\"position\":2,\"name\":\"Novinky\",\"item\":\"https:\/\/antersystem.com\/sk\/novinky\/\"},{\"@type\":\"ListItem\",\"position\":3,\"name\":\"Warsaw Industry Week 2024\"}]},{\"@type\":\"WebSite\",\"@id\":\"https:\/\/antersystem.com\/sk\/#website\",\"url\":\"https:\/\/antersystem.com\/sk\/\",\"name\":\"Anter System\",\"description\":\"Jeste\u015bmy polskim producentem elastycznych barier ochronnych wykonywanych z polimerowych tworzyw sztucznych. Na rynku krajowym i zagranicznym dzia\u0142amy od ponad 15 lat dbaj\u0105c o zapewnienie bezpiecze\u0144stwa w zak\u0142adach produkcyjnych, magazynach oraz centrach logistycznych.\",\"potentialAction\":[{\"@type\":\"SearchAction\",\"target\":{\"@type\":\"EntryPoint\",\"urlTemplate\":\"https:\/\/antersystem.com\/sk\/?s={search_term_string}\"},\"query-input\":{\"@type\":\"PropertyValueSpecification\",\"valueRequired\":true,\"valueName\":\"search_term_string\"}}],\"inLanguage\":\"sk-SK\"}]}<\/script>\n<!-- \/ Yoast SEO plugin. -->","yoast_head_json":{"title":"Warsaw Industry Week 2024 - Anter System","description":"W dniach 5-7listopada odby\u0142a si\u0119 \u00f3sma edycja targ\u00f3w Warsaw Industry Week, podczas kt\u00f3rej nie mog\u0142o zabrakn\u0105\u0107 stoiska Anter System","robots":{"index":"index","follow":"follow","max-snippet":"max-snippet:-1","max-image-preview":"max-image-preview:large","max-video-preview":"max-video-preview:-1"},"canonical":"https:\/\/antersystem.com\/sk\/novinky\/warsaw-industry-week-2024-2\/","og_locale":"sk_SK","og_type":"article","og_title":"Warsaw Industry Week 2024 - Anter System","og_description":"W dniach 5-7listopada odby\u0142a si\u0119 \u00f3sma edycja targ\u00f3w Warsaw Industry Week, podczas kt\u00f3rej nie mog\u0142o zabrakn\u0105\u0107 stoiska Anter System","og_url":"https:\/\/antersystem.com\/sk\/novinky\/warsaw-industry-week-2024-2\/","og_site_name":"Anter System","article_modified_time":"2026-01-31T21:28:38+00:00","twitter_card":"summary_large_image","twitter_misc":{"Predpokladan\u00fd \u010das \u010d\u00edtania":"2 min\u00faty"},"schema":{"@context":"https:\/\/schema.org","@graph":[{"@type":"WebPage","@id":"https:\/\/antersystem.com\/sk\/novinky\/warsaw-industry-week-2024-2\/","url":"https:\/\/antersystem.com\/sk\/novinky\/warsaw-industry-week-2024-2\/","name":"Warsaw Industry Week 2024 - Anter System","isPartOf":{"@id":"https:\/\/antersystem.com\/sk\/#website"},"datePublished":"2024-11-08T09:12:51+00:00","dateModified":"2026-01-31T21:28:38+00:00","description":"W dniach 5-7listopada odby\u0142a si\u0119 \u00f3sma edycja targ\u00f3w Warsaw Industry Week, podczas kt\u00f3rej nie mog\u0142o zabrakn\u0105\u0107 stoiska Anter System","breadcrumb":{"@id":"https:\/\/antersystem.com\/sk\/novinky\/warsaw-industry-week-2024-2\/#breadcrumb"},"inLanguage":"sk-SK","potentialAction":[{"@type":"ReadAction","target":["https:\/\/antersystem.com\/sk\/novinky\/warsaw-industry-week-2024-2\/"]}]},{"@type":"BreadcrumbList","@id":"https:\/\/antersystem.com\/sk\/novinky\/warsaw-industry-week-2024-2\/#breadcrumb","itemListElement":[{"@type":"ListItem","position":1,"name":"AnterSystem","item":"https:\/\/antersystem.com\/sk\/"},{"@type":"ListItem","position":2,"name":"Novinky","item":"https:\/\/antersystem.com\/sk\/novinky\/"},{"@type":"ListItem","position":3,"name":"Warsaw Industry Week 2024"}]},{"@type":"WebSite","@id":"https:\/\/antersystem.com\/sk\/#website","url":"https:\/\/antersystem.com\/sk\/","name":"Anter System","description":"Jeste\u015bmy polskim producentem elastycznych barier ochronnych wykonywanych z polimerowych tworzyw sztucznych. Na rynku krajowym i zagranicznym dzia\u0142amy od ponad 15 lat dbaj\u0105c o zapewnienie bezpiecze\u0144stwa w zak\u0142adach produkcyjnych, magazynach oraz centrach logistycznych.","potentialAction":[{"@type":"SearchAction","target":{"@type":"EntryPoint","urlTemplate":"https:\/\/antersystem.com\/sk\/?s={search_term_string}"},"query-input":{"@type":"PropertyValueSpecification","valueRequired":true,"valueName":"search_term_string"}}],"inLanguage":"sk-SK"}]}},"_links":{"self":[{"href":"https:\/\/antersystem.com\/sk\/wp-json\/wp\/v2\/pages\/15430","targetHints":{"allow":["GET"]}}],"collection":[{"href":"https:\/\/antersystem.com\/sk\/wp-json\/wp\/v2\/pages"}],"about":[{"href":"https:\/\/antersystem.com\/sk\/wp-json\/wp\/v2\/types\/page"}],"author":[{"embeddable":true,"href":"https:\/\/antersystem.com\/sk\/wp-json\/wp\/v2\/users\/1"}],"replies":[{"embeddable":true,"href":"https:\/\/antersystem.com\/sk\/wp-json\/wp\/v2\/comments?post=15430"}],"version-history":[{"count":1,"href":"https:\/\/antersystem.com\/sk\/wp-json\/wp\/v2\/pages\/15430\/revisions"}],"predecessor-version":[{"id":15433,"href":"https:\/\/antersystem.com\/sk\/wp-json\/wp\/v2\/pages\/15430\/revisions\/15433"}],"up":[{"embeddable":true,"href":"https:\/\/antersystem.com\/sk\/wp-json\/wp\/v2\/pages\/30350"}],"wp:attachment":[{"href":"https:\/\/antersystem.com\/sk\/wp-json\/wp\/v2\/media?parent=15430"}],"curies":[{"name":"wp","href":"https:\/\/api.w.org\/{rel}","templated":true}]}}