{"id":15501,"date":"2023-10-16T10:41:27","date_gmt":"2023-10-16T08:41:27","guid":{"rendered":"https:\/\/new.antersystem.com\/safe-space-wall-protection\/"},"modified":"2026-01-30T14:29:57","modified_gmt":"2026-01-30T13:29:57","slug":"safe-space-wall-protection","status":"publish","type":"page","link":"https:\/\/antersystem.com\/sk\/novinky\/safe-space-wall-protection\/","title":{"rendered":"Bezpe\u010dn\u00fd priestor &#8222;Bezpieczna przestrze\u0144&#8220;"},"content":{"rendered":"\n<div class=\"wp-block-columns is-layout-flex wp-container-core-columns-is-layout-9d6595d7 wp-block-columns-is-layout-flex\">\n<div class=\"wp-block-column is-layout-flow wp-block-column-is-layout-flow\" style=\"flex-basis:10%\"><\/div>\n\n\n\n<div class=\"wp-block-column is-layout-flow wp-block-column-is-layout-flow\">\n<h3 class=\"wp-block-heading\">Bezpe\u010dn\u00fd priestor. Ochrana stien &#8211; polym\u00e9rov\u00e9 bezpe\u010dnostn\u00e9 syst\u00e9my pre sklady a priemyseln\u00e9 objekty<\/h3>\n\n\n\n<p style=\"text-align: left;\">V j\u00fanovom vydan\u00ed <em>\u010dasopisu Top Logistyk<\/em> 2019 vy\u0161iel \u010dl\u00e1nok o Wall Protection &#8211; vertik\u00e1lnych ochrann\u00fdch kon\u0161trukci\u00e1ch s modul\u00e1rnou kon\u0161trukciou, ktor\u00e9 umo\u017e\u0148uj\u00fa vytv\u00e1ra\u0165 bezpe\u010dnostn\u00e9 steny \u013eubovo\u013enej d\u013a\u017eky a geometrick\u00e9ho tvaru. V\u010faka svojej flexibilite umo\u017e\u0148uj\u00fa tieto syst\u00e9my stava\u0165 a\u017eurov\u00e9 ochrann\u00e9 steny \u013eubovo\u013enej v\u00fd\u0161ky, ktor\u00e9 sa dokonale hodia do modern\u00fdch skladov\u00fdch a priemyseln\u00fdch priestorov.<\/p>\n<p>Viac inform\u00e1ci\u00ed o v\u00fdhod\u00e1ch bezpe\u010dnostn\u00fdch syst\u00e9mov na b\u00e1ze polym\u00e9rov n\u00e1jdete v nasleduj\u00facom <em>\u010dl\u00e1nku spolo\u010dnosti Top Logistyk<\/em>.<\/p>\n<p>&nbsp;<\/p>\n<p>&nbsp;<\/p>\n<\/div>\n\n\n\n<div class=\"wp-block-column is-layout-flow wp-block-column-is-layout-flow\" style=\"flex-basis:10%\"><\/div>\n<\/div>\n\n<div data-wp-interactive=\"core\/file\" class=\"wp-block-file\"><object data-wp-bind--hidden=\"!state.hasPdfPreview\" hidden class=\"wp-block-file__embed\" data=\"https:\/\/antersystem.com\/wp-content\/uploads\/Anter-System_artykul_Bezpieczna-przestrzen.pdf\" type=\"application\/pdf\" style=\"width:100%;height:600px\" aria-label=\"Vlo\u017ei\u0165 Anter-System_artykul_Bezpieczna-przestrzen.\"><\/object><a id=\"wp-block-file--media-ee450cea-ca59-4ce4-8c22-729773c7fc8d\" href=\"https:\/\/antersystem.com\/wp-content\/uploads\/Anter-System_artykul_Bezpieczna-przestrzen.pdf\">Anter-System_artykul_Bezpieczna-przestrzen<\/a><a href=\"https:\/\/antersystem.com\/wp-content\/uploads\/Anter-System_artykul_Bezpieczna-przestrzen.pdf\" class=\"wp-block-file__button wp-element-button\" download=\"\" aria-describedby=\"wp-block-file--media-ee450cea-ca59-4ce4-8c22-729773c7fc8d\">Stiahnite si<\/a><\/div>\n","protected":false},"excerpt":{"rendered":"<p>Bezpe\u010dn\u00fd priestor. Ochrana stien &#8211; polym\u00e9rov\u00e9 bezpe\u010dnostn\u00e9 syst\u00e9my pre sklady a priemyseln\u00e9 objekty V j\u00fanovom vydan\u00ed \u010dasopisu Top Logistyk 2019 vy\u0161iel \u010dl\u00e1nok o Wall Protection &#8211; vertik\u00e1lnych ochrann\u00fdch kon\u0161trukci\u00e1ch s modul\u00e1rnou kon\u0161trukciou, ktor\u00e9 umo\u017e\u0148uj\u00fa vytv\u00e1ra\u0165 bezpe\u010dnostn\u00e9 steny \u013eubovo\u013enej d\u013a\u017eky a geometrick\u00e9ho tvaru. V\u010faka svojej flexibilite umo\u017e\u0148uj\u00fa tieto syst\u00e9my stava\u0165 a\u017eurov\u00e9 ochrann\u00e9 steny \u013eubovo\u013enej v\u00fd\u0161ky, ktor\u00e9 [&hellip;]<\/p>\n","protected":false},"author":1,"featured_media":0,"parent":30350,"menu_order":0,"comment_status":"closed","ping_status":"closed","template":"","meta":{"inline_featured_image":false,"ngg_post_thumbnail":0,"footnotes":""},"class_list":["post-15501","page","type-page","status-publish","hentry"],"acf":[],"yoast_head":"<!-- This site is optimized with the Yoast SEO plugin v27.0 - https:\/\/yoast.com\/product\/yoast-seo-wordpress\/ -->\n<title>Bezpe\u010dn\u00fd priestor &quot;Bezpieczna przestrze\u0144&quot; - Anter System<\/title>\n<meta name=\"description\" content=\"Bezpe\u010dn\u00fd priestor. Ochrana stien - polym\u00e9rov\u00e9 bezpe\u010dnostn\u00e9 syst\u00e9my pre sklady a priemyseln\u00e9 objekty V j\u00fanovom vydan\u00ed \u010dasopisu Top Logistyk 2019 vy\u0161iel\" \/>\n<meta name=\"robots\" content=\"index, follow, max-snippet:-1, max-image-preview:large, max-video-preview:-1\" \/>\n<link rel=\"canonical\" href=\"https:\/\/antersystem.com\/sk\/novinky\/safe-space-wall-protection\/\" \/>\n<meta property=\"og:locale\" content=\"sk_SK\" \/>\n<meta property=\"og:type\" content=\"article\" \/>\n<meta property=\"og:title\" content=\"Bezpe\u010dn\u00fd priestor &quot;Bezpieczna przestrze\u0144&quot; - Anter System\" \/>\n<meta property=\"og:description\" content=\"Bezpe\u010dn\u00fd priestor. Ochrana stien - polym\u00e9rov\u00e9 bezpe\u010dnostn\u00e9 syst\u00e9my pre sklady a priemyseln\u00e9 objekty V j\u00fanovom vydan\u00ed \u010dasopisu Top Logistyk 2019 vy\u0161iel\" \/>\n<meta property=\"og:url\" content=\"https:\/\/antersystem.com\/sk\/novinky\/safe-space-wall-protection\/\" \/>\n<meta property=\"og:site_name\" content=\"Anter System\" \/>\n<meta property=\"article:modified_time\" content=\"2026-01-30T13:29:57+00:00\" \/>\n<meta name=\"twitter:card\" content=\"summary_large_image\" \/>\n<meta name=\"twitter:label1\" content=\"Predpokladan\u00fd \u010das \u010d\u00edtania\" \/>\n\t<meta name=\"twitter:data1\" content=\"1 min\u00fata\" \/>\n<script type=\"application\/ld+json\" class=\"yoast-schema-graph\">{\"@context\":\"https:\/\/schema.org\",\"@graph\":[{\"@type\":\"WebPage\",\"@id\":\"https:\/\/antersystem.com\/sk\/novinky\/safe-space-wall-protection\/\",\"url\":\"https:\/\/antersystem.com\/sk\/novinky\/safe-space-wall-protection\/\",\"name\":\"Bezpe\u010dn\u00fd priestor \\\"Bezpieczna przestrze\u0144\\\" - Anter System\",\"isPartOf\":{\"@id\":\"https:\/\/antersystem.com\/sk\/#website\"},\"datePublished\":\"2023-10-16T08:41:27+00:00\",\"dateModified\":\"2026-01-30T13:29:57+00:00\",\"description\":\"Bezpe\u010dn\u00fd priestor. Ochrana stien - polym\u00e9rov\u00e9 bezpe\u010dnostn\u00e9 syst\u00e9my pre sklady a priemyseln\u00e9 objekty V j\u00fanovom vydan\u00ed \u010dasopisu Top Logistyk 2019 vy\u0161iel\",\"breadcrumb\":{\"@id\":\"https:\/\/antersystem.com\/sk\/novinky\/safe-space-wall-protection\/#breadcrumb\"},\"inLanguage\":\"sk-SK\",\"potentialAction\":[{\"@type\":\"ReadAction\",\"target\":[\"https:\/\/antersystem.com\/sk\/novinky\/safe-space-wall-protection\/\"]}]},{\"@type\":\"BreadcrumbList\",\"@id\":\"https:\/\/antersystem.com\/sk\/novinky\/safe-space-wall-protection\/#breadcrumb\",\"itemListElement\":[{\"@type\":\"ListItem\",\"position\":1,\"name\":\"AnterSystem\",\"item\":\"https:\/\/antersystem.com\/sk\/\"},{\"@type\":\"ListItem\",\"position\":2,\"name\":\"Novinky\",\"item\":\"https:\/\/antersystem.com\/sk\/novinky\/\"},{\"@type\":\"ListItem\",\"position\":3,\"name\":\"Bezpe\u010dn\u00fd priestor &#8220;Bezpieczna przestrze\u0144&#8221;\"}]},{\"@type\":\"WebSite\",\"@id\":\"https:\/\/antersystem.com\/sk\/#website\",\"url\":\"https:\/\/antersystem.com\/sk\/\",\"name\":\"Anter System\",\"description\":\"Jeste\u015bmy polskim producentem elastycznych barier ochronnych wykonywanych z polimerowych tworzyw sztucznych. Na rynku krajowym i zagranicznym dzia\u0142amy od ponad 15 lat dbaj\u0105c o zapewnienie bezpiecze\u0144stwa w zak\u0142adach produkcyjnych, magazynach oraz centrach logistycznych.\",\"potentialAction\":[{\"@type\":\"SearchAction\",\"target\":{\"@type\":\"EntryPoint\",\"urlTemplate\":\"https:\/\/antersystem.com\/sk\/?s={search_term_string}\"},\"query-input\":{\"@type\":\"PropertyValueSpecification\",\"valueRequired\":true,\"valueName\":\"search_term_string\"}}],\"inLanguage\":\"sk-SK\"}]}<\/script>\n<!-- \/ Yoast SEO plugin. -->","yoast_head_json":{"title":"Bezpe\u010dn\u00fd priestor \"Bezpieczna przestrze\u0144\" - Anter System","description":"Bezpe\u010dn\u00fd priestor. Ochrana stien - polym\u00e9rov\u00e9 bezpe\u010dnostn\u00e9 syst\u00e9my pre sklady a priemyseln\u00e9 objekty V j\u00fanovom vydan\u00ed \u010dasopisu Top Logistyk 2019 vy\u0161iel","robots":{"index":"index","follow":"follow","max-snippet":"max-snippet:-1","max-image-preview":"max-image-preview:large","max-video-preview":"max-video-preview:-1"},"canonical":"https:\/\/antersystem.com\/sk\/novinky\/safe-space-wall-protection\/","og_locale":"sk_SK","og_type":"article","og_title":"Bezpe\u010dn\u00fd priestor \"Bezpieczna przestrze\u0144\" - Anter System","og_description":"Bezpe\u010dn\u00fd priestor. Ochrana stien - polym\u00e9rov\u00e9 bezpe\u010dnostn\u00e9 syst\u00e9my pre sklady a priemyseln\u00e9 objekty V j\u00fanovom vydan\u00ed \u010dasopisu Top Logistyk 2019 vy\u0161iel","og_url":"https:\/\/antersystem.com\/sk\/novinky\/safe-space-wall-protection\/","og_site_name":"Anter System","article_modified_time":"2026-01-30T13:29:57+00:00","twitter_card":"summary_large_image","twitter_misc":{"Predpokladan\u00fd \u010das \u010d\u00edtania":"1 min\u00fata"},"schema":{"@context":"https:\/\/schema.org","@graph":[{"@type":"WebPage","@id":"https:\/\/antersystem.com\/sk\/novinky\/safe-space-wall-protection\/","url":"https:\/\/antersystem.com\/sk\/novinky\/safe-space-wall-protection\/","name":"Bezpe\u010dn\u00fd priestor \"Bezpieczna przestrze\u0144\" - Anter System","isPartOf":{"@id":"https:\/\/antersystem.com\/sk\/#website"},"datePublished":"2023-10-16T08:41:27+00:00","dateModified":"2026-01-30T13:29:57+00:00","description":"Bezpe\u010dn\u00fd priestor. Ochrana stien - polym\u00e9rov\u00e9 bezpe\u010dnostn\u00e9 syst\u00e9my pre sklady a priemyseln\u00e9 objekty V j\u00fanovom vydan\u00ed \u010dasopisu Top Logistyk 2019 vy\u0161iel","breadcrumb":{"@id":"https:\/\/antersystem.com\/sk\/novinky\/safe-space-wall-protection\/#breadcrumb"},"inLanguage":"sk-SK","potentialAction":[{"@type":"ReadAction","target":["https:\/\/antersystem.com\/sk\/novinky\/safe-space-wall-protection\/"]}]},{"@type":"BreadcrumbList","@id":"https:\/\/antersystem.com\/sk\/novinky\/safe-space-wall-protection\/#breadcrumb","itemListElement":[{"@type":"ListItem","position":1,"name":"AnterSystem","item":"https:\/\/antersystem.com\/sk\/"},{"@type":"ListItem","position":2,"name":"Novinky","item":"https:\/\/antersystem.com\/sk\/novinky\/"},{"@type":"ListItem","position":3,"name":"Bezpe\u010dn\u00fd priestor &#8220;Bezpieczna przestrze\u0144&#8221;"}]},{"@type":"WebSite","@id":"https:\/\/antersystem.com\/sk\/#website","url":"https:\/\/antersystem.com\/sk\/","name":"Anter System","description":"Jeste\u015bmy polskim producentem elastycznych barier ochronnych wykonywanych z polimerowych tworzyw sztucznych. Na rynku krajowym i zagranicznym dzia\u0142amy od ponad 15 lat dbaj\u0105c o zapewnienie bezpiecze\u0144stwa w zak\u0142adach produkcyjnych, magazynach oraz centrach logistycznych.","potentialAction":[{"@type":"SearchAction","target":{"@type":"EntryPoint","urlTemplate":"https:\/\/antersystem.com\/sk\/?s={search_term_string}"},"query-input":{"@type":"PropertyValueSpecification","valueRequired":true,"valueName":"search_term_string"}}],"inLanguage":"sk-SK"}]}},"_links":{"self":[{"href":"https:\/\/antersystem.com\/sk\/wp-json\/wp\/v2\/pages\/15501","targetHints":{"allow":["GET"]}}],"collection":[{"href":"https:\/\/antersystem.com\/sk\/wp-json\/wp\/v2\/pages"}],"about":[{"href":"https:\/\/antersystem.com\/sk\/wp-json\/wp\/v2\/types\/page"}],"author":[{"embeddable":true,"href":"https:\/\/antersystem.com\/sk\/wp-json\/wp\/v2\/users\/1"}],"replies":[{"embeddable":true,"href":"https:\/\/antersystem.com\/sk\/wp-json\/wp\/v2\/comments?post=15501"}],"version-history":[{"count":1,"href":"https:\/\/antersystem.com\/sk\/wp-json\/wp\/v2\/pages\/15501\/revisions"}],"predecessor-version":[{"id":15505,"href":"https:\/\/antersystem.com\/sk\/wp-json\/wp\/v2\/pages\/15501\/revisions\/15505"}],"up":[{"embeddable":true,"href":"https:\/\/antersystem.com\/sk\/wp-json\/wp\/v2\/pages\/30350"}],"wp:attachment":[{"href":"https:\/\/antersystem.com\/sk\/wp-json\/wp\/v2\/media?parent=15501"}],"curies":[{"name":"wp","href":"https:\/\/api.w.org\/{rel}","templated":true}]}}