{"id":15548,"date":"2023-12-07T09:34:39","date_gmt":"2023-12-07T08:34:39","guid":{"rendered":"https:\/\/new.antersystem.com\/forbes-diamonds-2024\/"},"modified":"2026-01-30T14:29:57","modified_gmt":"2026-01-30T13:29:57","slug":"forbes-diamonds-2024","status":"publish","type":"page","link":"https:\/\/antersystem.com\/sk\/novinky\/forbes-diamonds-2024\/","title":{"rendered":"Diamanty Forbes 2024"},"content":{"rendered":"\n<div class=\"wp-block-columns is-layout-flex wp-container-core-columns-is-layout-9d6595d7 wp-block-columns-is-layout-flex\">\n  \n  <div class=\"wp-block-column is-layout-flow wp-block-column-is-layout-flow\" style=\"flex-basis:10%\"><\/div>\n  \n\n  \n  <div class=\"wp-block-column is-layout-flow wp-block-column-is-layout-flow\">\n    \n    <h3 class=\"wp-block-heading\"><strong>Anter System z\u00edskal ocenenie Forbes Diamonds Poland 2024 ako jedna z najdynamickej\u0161ie sa rozv\u00edjaj\u00facich spolo\u010dnost\u00ed.<\/strong><\/h3>\n    \n\n    \n    <h4>Slovo od n\u00e1s<\/h4>\n    <p>N\u00e1\u0161 pr\u00edbeh nie je ako filmov\u00fd scen\u00e1r. Nejde o \u017eiadne dramatick\u00e9 zvraty v deji ani nepravdepodobn\u00e9 n\u00e1hody &#8211; hoci podobne ako mnoh\u00ed podnikatelia v Po\u013esku sme ur\u010dite \u010delili mnoh\u00fdm v\u00fdzvam. Zakladatelia a spolumajitelia sa nesna\u017eia hra\u0165 na superhrdinov, a napriek tomu zna\u010dka Anter System st\u00e1le rastie. Je zalo\u017een\u00e1 na konzistentn\u00fdch vz\u0165ahoch so z\u00e1kazn\u00edkmi a na uspokojovan\u00ed skuto\u010dn\u00fdch potrieb. Neust\u00e1le sa prisp\u00f4sobujeme meniacim sa podmienkam a vynaklad\u00e1me ve\u013ek\u00e9 \u00fasilie na to, aby sme si udr\u017eali preh\u013ead o trhu. Koncepcia flexibiln\u00fdch bezpe\u010dnostn\u00fdch bari\u00e9r nie je v na\u0161om odvetv\u00ed e\u0161te z\u010faleka samozrejm\u00e1, preto je na\u0161a vzdel\u00e1vacia misia na\u010falej d\u00f4le\u017eitou s\u00fa\u010das\u0165ou na\u0161ej \u010dinnosti.<\/p>\n\n    <p>Preto sme obzvl\u00e1\u0161\u0165 v\u010fa\u010dn\u00ed za toto uznanie &#8211; zaradenie do zoznamu Forbes Diamonds 2024. Toto prest\u00ed\u017ene ocenenie posil\u0148uje na\u0161u d\u00f4veryhodnos\u0165 v o\u010diach na\u0161ich partnerov a distrib\u00fatorov a povzbudzuje n\u00e1s k \u010fal\u0161iemu zdokona\u013eovaniu n\u00e1\u0161ho inova\u010dn\u00e9ho modelu a oslovovaniu \u0161ir\u0161\u00edch trhov. In\u0161piruje n\u00e1s to, aby sme neust\u00e1le zlep\u0161ovali na\u0161u ponuku a vyv\u00edjali rie\u0161enia, ktor\u00e9 bud\u00fa na\u0161im klientom sl\u00fa\u017ei\u0165 e\u0161te lep\u0161ie.<\/p>\n\n    <h4>\u010co s\u00fa diamanty Forbes?<\/h4>\n    <p>Zoznam diamantov Forbes sa zostavuje v mene redakcie \u010dasopisu Forbes. Jeho cie\u013eom je vyzdvihn\u00fa\u0165 a oceni\u0165 najdynamickej\u0161ie sa rozv\u00edjaj\u00face spolo\u010dnosti v Po\u013esku. Rebr\u00ed\u010dek klasifikuje podniky na z\u00e1klade miery ich rastu a finan\u010dnej v\u00fdkonnosti za posledn\u00e9 tri roky, pri\u010dom zd\u00f4raz\u0148uje stabilitu a potenci\u00e1l ka\u017edej spolo\u010dnosti. Sl\u00fa\u017ei ako d\u00f4le\u017eit\u00fd zdroj inform\u00e1ci\u00ed pre investorov a obchodn\u00fdch partnerov. Spolo\u010dnosti s\u00fa ocenen\u00e9 v troch kateg\u00f3ri\u00e1ch pod\u013ea v\u00fd\u0161ky tr\u017eieb: od 5 do 50 mili\u00f3nov PLN, od 50 do 250 mili\u00f3nov PLN a nad 250 mili\u00f3nov PLN. Finan\u010dn\u00e9 in\u0161tit\u00facie, ako s\u00fa banky, s\u00fa z rebr\u00ed\u010dka vyl\u00fa\u010den\u00e9.<\/p>\n\n    <p><em>&#8222;Zaradenie do rebr\u00ed\u010dka Forbes Diamonds je d\u00f4kazom odvahy a \u00fa\u010dinn\u00fdch obchodn\u00fdch strat\u00e9gi\u00ed, ktor\u00e9 s\u00fa dobre prisp\u00f4soben\u00e9 turbulentn\u00fdm \u010dasom,&#8220; uviedla Ewa \u0141uniewska<\/em>, podpredsedn\u00ed\u010dka predstavenstva ING Bank \u015al\u0105ski, strategick\u00e9ho partnera s\u00fa\u0165a\u017ee.<\/p>\n    <p>&nbsp;<\/p>\n    \n\n    <div class=\"wp-block-image\">\n    <figure class=\"aligncenter size-large is-resized\"><img loading=\"lazy\" decoding=\"async\" width=\"1024\" height=\"535\" src=\"https:\/\/antersystem.com\/wp-content\/uploads\/Diamenty-Forbes-2024-Anter-System-1024x535.jpg\" alt=\"Anter System - ocenenie Forbes Diamonds 2024\" class=\"wp-image-3741\" style=\"width:709px;height:auto\" srcset=\"https:\/\/antersystem.com\/wp-content\/uploads\/Diamenty-Forbes-2024-Anter-System-1024x535.jpg 1024w, https:\/\/antersystem.com\/wp-content\/uploads\/Diamenty-Forbes-2024-Anter-System-300x157.jpg 300w, https:\/\/antersystem.com\/wp-content\/uploads\/Diamenty-Forbes-2024-Anter-System-768x401.jpg 768w, https:\/\/antersystem.com\/wp-content\/uploads\/Diamenty-Forbes-2024-Anter-System-450x235.jpg 450w, https:\/\/antersystem.com\/wp-content\/uploads\/Diamenty-Forbes-2024-Anter-System-330x172.jpg 330w, https:\/\/antersystem.com\/wp-content\/uploads\/Diamenty-Forbes-2024-Anter-System.jpg 1200w\" sizes=\"auto, (max-width: 1024px) 100vw, 1024px\" \/><\/figure><\/div>\n  <\/div>\n  \n\n  \n  <div class=\"wp-block-column is-layout-flow wp-block-column-is-layout-flow\" style=\"flex-basis:10%\"><\/div>\n  \n<\/div>\n","protected":false},"excerpt":{"rendered":"<p>Anter System z\u00edskal ocenenie Forbes Diamonds Poland 2024 ako jedna z najdynamickej\u0161ie sa rozv\u00edjaj\u00facich spolo\u010dnost\u00ed. Slovo od n\u00e1s N\u00e1\u0161 pr\u00edbeh nie je ako filmov\u00fd scen\u00e1r. Nejde o \u017eiadne dramatick\u00e9 zvraty v deji ani nepravdepodobn\u00e9 n\u00e1hody &#8211; hoci podobne ako mnoh\u00ed podnikatelia v Po\u013esku sme ur\u010dite \u010delili mnoh\u00fdm v\u00fdzvam. Zakladatelia a spolumajitelia sa nesna\u017eia hra\u0165 na [&hellip;]<\/p>\n","protected":false},"author":1,"featured_media":0,"parent":30350,"menu_order":0,"comment_status":"closed","ping_status":"closed","template":"","meta":{"inline_featured_image":false,"ngg_post_thumbnail":0,"footnotes":""},"class_list":["post-15548","page","type-page","status-publish","hentry"],"acf":[],"yoast_head":"<!-- This site is optimized with the Yoast SEO plugin v27.0 - https:\/\/yoast.com\/product\/yoast-seo-wordpress\/ -->\n<title>Diamanty Forbes 2024 - Anter System<\/title>\n<meta name=\"description\" content=\"Anter System z\u00edskal ocenenie Forbes Diamonds Poland 2024 ako jedna z najdynamickej\u0161ie sa rozv\u00edjaj\u00facich spolo\u010dnost\u00ed. Slovo od n\u00e1s N\u00e1\u0161 pr\u00edbeh nie je ako\" \/>\n<meta name=\"robots\" content=\"index, follow, max-snippet:-1, max-image-preview:large, max-video-preview:-1\" \/>\n<link rel=\"canonical\" href=\"https:\/\/antersystem.com\/sk\/novinky\/forbes-diamonds-2024\/\" \/>\n<meta property=\"og:locale\" content=\"sk_SK\" \/>\n<meta property=\"og:type\" content=\"article\" \/>\n<meta property=\"og:title\" content=\"Diamanty Forbes 2024 - Anter System\" \/>\n<meta property=\"og:description\" content=\"Anter System z\u00edskal ocenenie Forbes Diamonds Poland 2024 ako jedna z najdynamickej\u0161ie sa rozv\u00edjaj\u00facich spolo\u010dnost\u00ed. Slovo od n\u00e1s N\u00e1\u0161 pr\u00edbeh nie je ako\" \/>\n<meta property=\"og:url\" content=\"https:\/\/antersystem.com\/sk\/novinky\/forbes-diamonds-2024\/\" \/>\n<meta property=\"og:site_name\" content=\"Anter System\" \/>\n<meta property=\"article:modified_time\" content=\"2026-01-30T13:29:57+00:00\" \/>\n<meta property=\"og:image\" content=\"https:\/\/antersystem.com\/wp-content\/uploads\/Diamenty-Forbes-2024-Anter-System-1024x535.jpg\" \/>\n<meta name=\"twitter:card\" content=\"summary_large_image\" \/>\n<meta name=\"twitter:label1\" content=\"Predpokladan\u00fd \u010das \u010d\u00edtania\" \/>\n\t<meta name=\"twitter:data1\" content=\"2 min\u00faty\" \/>\n<script type=\"application\/ld+json\" class=\"yoast-schema-graph\">{\"@context\":\"https:\/\/schema.org\",\"@graph\":[{\"@type\":\"WebPage\",\"@id\":\"https:\/\/antersystem.com\/sk\/novinky\/forbes-diamonds-2024\/\",\"url\":\"https:\/\/antersystem.com\/sk\/novinky\/forbes-diamonds-2024\/\",\"name\":\"Diamanty Forbes 2024 - Anter System\",\"isPartOf\":{\"@id\":\"https:\/\/antersystem.com\/sk\/#website\"},\"primaryImageOfPage\":{\"@id\":\"https:\/\/antersystem.com\/sk\/novinky\/forbes-diamonds-2024\/#primaryimage\"},\"image\":{\"@id\":\"https:\/\/antersystem.com\/sk\/novinky\/forbes-diamonds-2024\/#primaryimage\"},\"thumbnailUrl\":\"https:\/\/antersystem.com\/wp-content\/uploads\/Diamenty-Forbes-2024-Anter-System-1024x535.jpg\",\"datePublished\":\"2023-12-07T08:34:39+00:00\",\"dateModified\":\"2026-01-30T13:29:57+00:00\",\"description\":\"Anter System z\u00edskal ocenenie Forbes Diamonds Poland 2024 ako jedna z najdynamickej\u0161ie sa rozv\u00edjaj\u00facich spolo\u010dnost\u00ed. Slovo od n\u00e1s N\u00e1\u0161 pr\u00edbeh nie je ako\",\"breadcrumb\":{\"@id\":\"https:\/\/antersystem.com\/sk\/novinky\/forbes-diamonds-2024\/#breadcrumb\"},\"inLanguage\":\"sk-SK\",\"potentialAction\":[{\"@type\":\"ReadAction\",\"target\":[\"https:\/\/antersystem.com\/sk\/novinky\/forbes-diamonds-2024\/\"]}]},{\"@type\":\"ImageObject\",\"inLanguage\":\"sk-SK\",\"@id\":\"https:\/\/antersystem.com\/sk\/novinky\/forbes-diamonds-2024\/#primaryimage\",\"url\":\"https:\/\/antersystem.com\/wp-content\/uploads\/Diamenty-Forbes-2024-Anter-System-1024x535.jpg\",\"contentUrl\":\"https:\/\/antersystem.com\/wp-content\/uploads\/Diamenty-Forbes-2024-Anter-System-1024x535.jpg\"},{\"@type\":\"BreadcrumbList\",\"@id\":\"https:\/\/antersystem.com\/sk\/novinky\/forbes-diamonds-2024\/#breadcrumb\",\"itemListElement\":[{\"@type\":\"ListItem\",\"position\":1,\"name\":\"AnterSystem\",\"item\":\"https:\/\/antersystem.com\/sk\/\"},{\"@type\":\"ListItem\",\"position\":2,\"name\":\"Novinky\",\"item\":\"https:\/\/antersystem.com\/sk\/novinky\/\"},{\"@type\":\"ListItem\",\"position\":3,\"name\":\"Diamanty Forbes 2024\"}]},{\"@type\":\"WebSite\",\"@id\":\"https:\/\/antersystem.com\/sk\/#website\",\"url\":\"https:\/\/antersystem.com\/sk\/\",\"name\":\"Anter System\",\"description\":\"Jeste\u015bmy polskim producentem elastycznych barier ochronnych wykonywanych z polimerowych tworzyw sztucznych. Na rynku krajowym i zagranicznym dzia\u0142amy od ponad 15 lat dbaj\u0105c o zapewnienie bezpiecze\u0144stwa w zak\u0142adach produkcyjnych, magazynach oraz centrach logistycznych.\",\"potentialAction\":[{\"@type\":\"SearchAction\",\"target\":{\"@type\":\"EntryPoint\",\"urlTemplate\":\"https:\/\/antersystem.com\/sk\/?s={search_term_string}\"},\"query-input\":{\"@type\":\"PropertyValueSpecification\",\"valueRequired\":true,\"valueName\":\"search_term_string\"}}],\"inLanguage\":\"sk-SK\"}]}<\/script>\n<!-- \/ Yoast SEO plugin. -->","yoast_head_json":{"title":"Diamanty Forbes 2024 - Anter System","description":"Anter System z\u00edskal ocenenie Forbes Diamonds Poland 2024 ako jedna z najdynamickej\u0161ie sa rozv\u00edjaj\u00facich spolo\u010dnost\u00ed. Slovo od n\u00e1s N\u00e1\u0161 pr\u00edbeh nie je ako","robots":{"index":"index","follow":"follow","max-snippet":"max-snippet:-1","max-image-preview":"max-image-preview:large","max-video-preview":"max-video-preview:-1"},"canonical":"https:\/\/antersystem.com\/sk\/novinky\/forbes-diamonds-2024\/","og_locale":"sk_SK","og_type":"article","og_title":"Diamanty Forbes 2024 - Anter System","og_description":"Anter System z\u00edskal ocenenie Forbes Diamonds Poland 2024 ako jedna z najdynamickej\u0161ie sa rozv\u00edjaj\u00facich spolo\u010dnost\u00ed. Slovo od n\u00e1s N\u00e1\u0161 pr\u00edbeh nie je ako","og_url":"https:\/\/antersystem.com\/sk\/novinky\/forbes-diamonds-2024\/","og_site_name":"Anter System","article_modified_time":"2026-01-30T13:29:57+00:00","og_image":[{"url":"https:\/\/antersystem.com\/wp-content\/uploads\/Diamenty-Forbes-2024-Anter-System-1024x535.jpg","type":"","width":"","height":""}],"twitter_card":"summary_large_image","twitter_misc":{"Predpokladan\u00fd \u010das \u010d\u00edtania":"2 min\u00faty"},"schema":{"@context":"https:\/\/schema.org","@graph":[{"@type":"WebPage","@id":"https:\/\/antersystem.com\/sk\/novinky\/forbes-diamonds-2024\/","url":"https:\/\/antersystem.com\/sk\/novinky\/forbes-diamonds-2024\/","name":"Diamanty Forbes 2024 - Anter System","isPartOf":{"@id":"https:\/\/antersystem.com\/sk\/#website"},"primaryImageOfPage":{"@id":"https:\/\/antersystem.com\/sk\/novinky\/forbes-diamonds-2024\/#primaryimage"},"image":{"@id":"https:\/\/antersystem.com\/sk\/novinky\/forbes-diamonds-2024\/#primaryimage"},"thumbnailUrl":"https:\/\/antersystem.com\/wp-content\/uploads\/Diamenty-Forbes-2024-Anter-System-1024x535.jpg","datePublished":"2023-12-07T08:34:39+00:00","dateModified":"2026-01-30T13:29:57+00:00","description":"Anter System z\u00edskal ocenenie Forbes Diamonds Poland 2024 ako jedna z najdynamickej\u0161ie sa rozv\u00edjaj\u00facich spolo\u010dnost\u00ed. Slovo od n\u00e1s N\u00e1\u0161 pr\u00edbeh nie je ako","breadcrumb":{"@id":"https:\/\/antersystem.com\/sk\/novinky\/forbes-diamonds-2024\/#breadcrumb"},"inLanguage":"sk-SK","potentialAction":[{"@type":"ReadAction","target":["https:\/\/antersystem.com\/sk\/novinky\/forbes-diamonds-2024\/"]}]},{"@type":"ImageObject","inLanguage":"sk-SK","@id":"https:\/\/antersystem.com\/sk\/novinky\/forbes-diamonds-2024\/#primaryimage","url":"https:\/\/antersystem.com\/wp-content\/uploads\/Diamenty-Forbes-2024-Anter-System-1024x535.jpg","contentUrl":"https:\/\/antersystem.com\/wp-content\/uploads\/Diamenty-Forbes-2024-Anter-System-1024x535.jpg"},{"@type":"BreadcrumbList","@id":"https:\/\/antersystem.com\/sk\/novinky\/forbes-diamonds-2024\/#breadcrumb","itemListElement":[{"@type":"ListItem","position":1,"name":"AnterSystem","item":"https:\/\/antersystem.com\/sk\/"},{"@type":"ListItem","position":2,"name":"Novinky","item":"https:\/\/antersystem.com\/sk\/novinky\/"},{"@type":"ListItem","position":3,"name":"Diamanty Forbes 2024"}]},{"@type":"WebSite","@id":"https:\/\/antersystem.com\/sk\/#website","url":"https:\/\/antersystem.com\/sk\/","name":"Anter System","description":"Jeste\u015bmy polskim producentem elastycznych barier ochronnych wykonywanych z polimerowych tworzyw sztucznych. Na rynku krajowym i zagranicznym dzia\u0142amy od ponad 15 lat dbaj\u0105c o zapewnienie bezpiecze\u0144stwa w zak\u0142adach produkcyjnych, magazynach oraz centrach logistycznych.","potentialAction":[{"@type":"SearchAction","target":{"@type":"EntryPoint","urlTemplate":"https:\/\/antersystem.com\/sk\/?s={search_term_string}"},"query-input":{"@type":"PropertyValueSpecification","valueRequired":true,"valueName":"search_term_string"}}],"inLanguage":"sk-SK"}]}},"_links":{"self":[{"href":"https:\/\/antersystem.com\/sk\/wp-json\/wp\/v2\/pages\/15548","targetHints":{"allow":["GET"]}}],"collection":[{"href":"https:\/\/antersystem.com\/sk\/wp-json\/wp\/v2\/pages"}],"about":[{"href":"https:\/\/antersystem.com\/sk\/wp-json\/wp\/v2\/types\/page"}],"author":[{"embeddable":true,"href":"https:\/\/antersystem.com\/sk\/wp-json\/wp\/v2\/users\/1"}],"replies":[{"embeddable":true,"href":"https:\/\/antersystem.com\/sk\/wp-json\/wp\/v2\/comments?post=15548"}],"version-history":[{"count":1,"href":"https:\/\/antersystem.com\/sk\/wp-json\/wp\/v2\/pages\/15548\/revisions"}],"predecessor-version":[{"id":15554,"href":"https:\/\/antersystem.com\/sk\/wp-json\/wp\/v2\/pages\/15548\/revisions\/15554"}],"up":[{"embeddable":true,"href":"https:\/\/antersystem.com\/sk\/wp-json\/wp\/v2\/pages\/30350"}],"wp:attachment":[{"href":"https:\/\/antersystem.com\/sk\/wp-json\/wp\/v2\/media?parent=15548"}],"curies":[{"name":"wp","href":"https:\/\/api.w.org\/{rel}","templated":true}]}}