{"id":15564,"date":"2024-03-26T13:03:30","date_gmt":"2024-03-26T12:03:30","guid":{"rendered":"https:\/\/new.antersystem.com\/sawo-2024\/"},"modified":"2026-01-30T14:29:58","modified_gmt":"2026-01-30T13:29:58","slug":"sawo-2024","status":"publish","type":"page","link":"https:\/\/antersystem.com\/sk\/novinky\/sawo-2024\/","title":{"rendered":"Ve\u013etrhy SAWO"},"content":{"rendered":"\n<div class=\"wp-block-columns is-layout-flex wp-container-core-columns-is-layout-9d6595d7 wp-block-columns-is-layout-flex\">\n<div class=\"wp-block-column is-layout-flow wp-block-column-is-layout-flow\" style=\"flex-basis:10%\"><\/div>\n\n\n\n<div class=\"wp-block-column is-layout-flow wp-block-column-is-layout-flow\">\n<h3 class=\"wp-block-heading\">Bezpe\u010dnos\u0165 pr\u00e1ce a reakcia na n\u00fadzov\u00e9 situ\u00e1cie &#8211; ve\u013etrh SAWO&#8217;24 v Poznani.<\/h3>\n\n\n\n<p>Ak by boli v\u00fdrobn\u00e9 haly, sklady a in\u00e9 priemyseln\u00e9 zariadenia lep\u0161ie chr\u00e1nen\u00e9, po\u010det neh\u00f4d by bol ur\u010dite ove\u013ea ni\u017e\u0161\u00ed. Zd\u00e1 sa, \u017ee roz\u0161irovanie poznatkov v tejto oblasti by mohlo by\u0165 nekone\u010dn\u00e9 &#8211; a to je dobre. \u010eal\u0161ia pr\u00edle\u017eitos\u0165 sa naskytne v druhej polovici apr\u00edla, a to 23. a\u017e 25. apr\u00edla v Poznani. <strong>Medzin\u00e1rodn\u00fd ve\u013etrh bezpe\u010dnosti pr\u00e1ce, po\u017eiarnej ochrany a z\u00e1chrany SAWO je<\/strong> najv\u00e4\u010d\u0161\u00edm ve\u013etrhom BOZP v strednej a v\u00fdchodnej Eur\u00f3pe.<\/p>\n\n\n\n<p>Po\u010das podujatia <strong>sa predstavia<\/strong> najnov\u0161ie \u00faspechy po\u013esk\u00fdch a medzin\u00e1rodn\u00fdch <strong>v\u00fdrobcov zariaden\u00ed a rie\u0161en\u00ed zameran\u00fdch na bezpe\u010dnos\u0165, ochranu zdravia a pr\u00e1cu<\/strong>. Ve\u013etrh SAWO je tie\u017e priestorom na prezent\u00e1ciu modern\u00fdch technol\u00f3gi\u00ed pou\u017e\u00edvan\u00fdch pri \u0161pecializovan\u00fdch z\u00e1chrann\u00fdch oper\u00e1ci\u00e1ch. N\u00e1v\u0161tevn\u00edci m\u00f4\u017eu o\u010dak\u00e1va\u0165 nielen rozmanit\u00fa v\u00fdstavu, ale aj mo\u017enos\u0165 z\u00fa\u010dastni\u0165 sa tematick\u00fdch konferenci\u00ed a ve\u013ekolep\u00fdch \u017eiv\u00fdch uk\u00e1\u017eok.<\/p>\n\n\n\n<p>Diskusie o tom, ako spr\u00e1vne chr\u00e1ni\u0165 zamestnancov a majetok spolo\u010dnosti pred n\u00e1sledkami \u013eudsk\u00fdch ch\u00fdb a neh\u00f4d, prebiehaj\u00fa u\u017e roky. Jednou z k\u013e\u00fa\u010dov\u00fdch v\u00fdziev, ktor\u00fdm \u010delia modern\u00ed zamestn\u00e1vatelia, je potreba prisp\u00f4sobi\u0165 ochranu zariaden\u00ed dynamicky sa meniacim podmienkam na trhu, ako aj nov\u00fdm rie\u0161eniam a technol\u00f3gi\u00e1m. Po\u010das ve\u013etrhu SAWO sa chceme podeli\u0165 o na\u0161e poznatky v tejto oblasti.<\/p>\n\n\n\n<p>Medzi najv\u00e4\u010d\u0161ie <a href=\"https:\/\/antersystem.com\/nasze-systemy\/\"><strong>v\u00fdhody flexibiln\u00fdch bari\u00e9rov\u00fdch syst\u00e9mov Anter System<\/strong><\/a> s\u00fa ich robustn\u00e1 kon\u0161trukcia a mo\u017enos\u0165 flexibiln\u00e9ho roz\u0161\u00edrenia o \u010fal\u0161ie moduly. V\u00fdznamn\u00e1 je aj ich prijate\u013en\u00e1 cena &#8211; najm\u00e4 vo vz\u0165ahu ku kvalite v\u00fdrobku. Flexibiln\u00e9 z\u00e1brany zvy\u0161uj\u00fa \u00farove\u0148 bezpe\u010dnosti oper\u00e1ci\u00ed s vysokozdvi\u017en\u00fdmi voz\u00edkmi a pom\u00e1haj\u00fa chr\u00e1ni\u0165 ostatn\u00fdch zamestnancov pred n\u00e1sledkami ch\u00fdb obsluhy. Pou\u017e\u00edvanie bari\u00e9r pohlcuj\u00facich energiu v priemyseln\u00fdch zariadeniach z\u00e1rove\u0148 vedie k merate\u013en\u00e9mu a dlhodob\u00e9mu zn\u00ed\u017eeniu n\u00e1kladov v\u010faka lep\u0161ej ochrane n\u00e1kladu a optimaliz\u00e1cii skladov\u00e9ho priestoru. Tieto v\u00fdrobky podporuj\u00fa bezpe\u010dn\u00e9 a pohodln\u00e9 skladovanie tovaru vo ve\u013ek\u00fdch v\u00fd\u0161kach, napr\u00edklad bez rizika n\u00e1hodn\u00e9ho posunu.<\/p>\n\n\n\n<p>Tak\u017ee sa uvid\u00edme na nadch\u00e1dzaj\u00facom ro\u010dn\u00edku! Poz\u00fdvame v\u00e1s, aby ste si na\u0161e v\u00fdrobky pozreli zbl\u00edzka: <strong>Hala 3A (pr\u00edzemie), st\u00e1nok \u010d. 121.<\/strong><\/p>\n\n\n\n<p>Odkaz na podujatie: <a href=\"https:\/\/targisawo.pl\/pl\/program-wydarzen\/\"><strong>targisawo.pl<\/strong><\/a><\/p>\n\n\n\n<p><strong>#SAWO #tradefair #rescue #OHS<\/strong> <strong>#flexiblesafetybarriers<\/strong><\/p>\n<\/div>\n\n\n\n<div class=\"wp-block-column is-layout-flow wp-block-column-is-layout-flow\" style=\"flex-basis:10%\"><\/div>\n<\/div>\n<div class=\"wp-block-image\">\n<figure class=\"aligncenter size-large is-resized\"><img loading=\"lazy\" decoding=\"async\" width=\"1024\" height=\"535\" src=\"https:\/\/antersystem.com\/wp-content\/uploads\/SAWO-targi-ochrony-pracy-pozarnictwa-i-ratownictwa-Anter-System-1024x535.webp\" alt=\"\" class=\"wp-image-4389\" style=\"width:720px;height:auto\" srcset=\"https:\/\/antersystem.com\/wp-content\/uploads\/SAWO-targi-ochrony-pracy-pozarnictwa-i-ratownictwa-Anter-System-1024x535.webp 1024w, https:\/\/antersystem.com\/wp-content\/uploads\/SAWO-targi-ochrony-pracy-pozarnictwa-i-ratownictwa-Anter-System-300x157.webp 300w, https:\/\/antersystem.com\/wp-content\/uploads\/SAWO-targi-ochrony-pracy-pozarnictwa-i-ratownictwa-Anter-System-768x401.webp 768w, https:\/\/antersystem.com\/wp-content\/uploads\/SAWO-targi-ochrony-pracy-pozarnictwa-i-ratownictwa-Anter-System-450x235.webp 450w, https:\/\/antersystem.com\/wp-content\/uploads\/SAWO-targi-ochrony-pracy-pozarnictwa-i-ratownictwa-Anter-System-330x172.webp 330w, https:\/\/antersystem.com\/wp-content\/uploads\/SAWO-targi-ochrony-pracy-pozarnictwa-i-ratownictwa-Anter-System.webp 1200w\" sizes=\"auto, (max-width: 1024px) 100vw, 1024px\" \/><\/figure><\/div>","protected":false},"excerpt":{"rendered":"<p>Bezpe\u010dnos\u0165 pr\u00e1ce a reakcia na n\u00fadzov\u00e9 situ\u00e1cie &#8211; ve\u013etrh SAWO&#8217;24 v Poznani. Ak by boli v\u00fdrobn\u00e9 haly, sklady a in\u00e9 priemyseln\u00e9 zariadenia lep\u0161ie chr\u00e1nen\u00e9, po\u010det neh\u00f4d by bol ur\u010dite ove\u013ea ni\u017e\u0161\u00ed. Zd\u00e1 sa, \u017ee roz\u0161irovanie poznatkov v tejto oblasti by mohlo by\u0165 nekone\u010dn\u00e9 &#8211; a to je dobre. \u010eal\u0161ia pr\u00edle\u017eitos\u0165 sa naskytne v druhej polovici [&hellip;]<\/p>\n","protected":false},"author":1,"featured_media":0,"parent":30350,"menu_order":0,"comment_status":"closed","ping_status":"closed","template":"","meta":{"inline_featured_image":false,"ngg_post_thumbnail":0,"footnotes":""},"class_list":["post-15564","page","type-page","status-publish","hentry"],"acf":[],"yoast_head":"<!-- This site is optimized with the Yoast SEO plugin v27.0 - https:\/\/yoast.com\/product\/yoast-seo-wordpress\/ -->\n<title>Ve\u013etrhy SAWO - Anter System<\/title>\n<meta name=\"description\" content=\"Bezpe\u010dnos\u0165 pr\u00e1ce a reakcia na n\u00fadzov\u00e9 situ\u00e1cie - ve\u013etrh SAWO&#039;24 v Poznani. Ak by boli v\u00fdrobn\u00e9 haly, sklady a in\u00e9 priemyseln\u00e9 zariadenia lep\u0161ie chr\u00e1nen\u00e9,\" \/>\n<meta name=\"robots\" content=\"index, follow, max-snippet:-1, max-image-preview:large, max-video-preview:-1\" \/>\n<link rel=\"canonical\" href=\"https:\/\/antersystem.com\/sk\/novinky\/sawo-2024\/\" \/>\n<meta property=\"og:locale\" content=\"sk_SK\" \/>\n<meta property=\"og:type\" content=\"article\" \/>\n<meta property=\"og:title\" content=\"Ve\u013etrhy SAWO - Anter System\" \/>\n<meta property=\"og:description\" content=\"Bezpe\u010dnos\u0165 pr\u00e1ce a reakcia na n\u00fadzov\u00e9 situ\u00e1cie - ve\u013etrh SAWO&#039;24 v Poznani. Ak by boli v\u00fdrobn\u00e9 haly, sklady a in\u00e9 priemyseln\u00e9 zariadenia lep\u0161ie chr\u00e1nen\u00e9,\" \/>\n<meta property=\"og:url\" content=\"https:\/\/antersystem.com\/sk\/novinky\/sawo-2024\/\" \/>\n<meta property=\"og:site_name\" content=\"Anter System\" \/>\n<meta property=\"article:modified_time\" content=\"2026-01-30T13:29:58+00:00\" \/>\n<meta property=\"og:image\" content=\"https:\/\/antersystem.com\/wp-content\/uploads\/SAWO-targi-ochrony-pracy-pozarnictwa-i-ratownictwa-Anter-System-1024x535.webp\" \/>\n<meta name=\"twitter:card\" content=\"summary_large_image\" \/>\n<meta name=\"twitter:label1\" content=\"Predpokladan\u00fd \u010das \u010d\u00edtania\" \/>\n\t<meta name=\"twitter:data1\" content=\"2 min\u00faty\" \/>\n<script type=\"application\/ld+json\" class=\"yoast-schema-graph\">{\"@context\":\"https:\/\/schema.org\",\"@graph\":[{\"@type\":\"WebPage\",\"@id\":\"https:\/\/antersystem.com\/sk\/novinky\/sawo-2024\/\",\"url\":\"https:\/\/antersystem.com\/sk\/novinky\/sawo-2024\/\",\"name\":\"Ve\u013etrhy SAWO - Anter System\",\"isPartOf\":{\"@id\":\"https:\/\/antersystem.com\/sk\/#website\"},\"primaryImageOfPage\":{\"@id\":\"https:\/\/antersystem.com\/sk\/novinky\/sawo-2024\/#primaryimage\"},\"image\":{\"@id\":\"https:\/\/antersystem.com\/sk\/novinky\/sawo-2024\/#primaryimage\"},\"thumbnailUrl\":\"https:\/\/antersystem.com\/wp-content\/uploads\/SAWO-targi-ochrony-pracy-pozarnictwa-i-ratownictwa-Anter-System-1024x535.webp\",\"datePublished\":\"2024-03-26T12:03:30+00:00\",\"dateModified\":\"2026-01-30T13:29:58+00:00\",\"description\":\"Bezpe\u010dnos\u0165 pr\u00e1ce a reakcia na n\u00fadzov\u00e9 situ\u00e1cie - ve\u013etrh SAWO'24 v Poznani. Ak by boli v\u00fdrobn\u00e9 haly, sklady a in\u00e9 priemyseln\u00e9 zariadenia lep\u0161ie chr\u00e1nen\u00e9,\",\"breadcrumb\":{\"@id\":\"https:\/\/antersystem.com\/sk\/novinky\/sawo-2024\/#breadcrumb\"},\"inLanguage\":\"sk-SK\",\"potentialAction\":[{\"@type\":\"ReadAction\",\"target\":[\"https:\/\/antersystem.com\/sk\/novinky\/sawo-2024\/\"]}]},{\"@type\":\"ImageObject\",\"inLanguage\":\"sk-SK\",\"@id\":\"https:\/\/antersystem.com\/sk\/novinky\/sawo-2024\/#primaryimage\",\"url\":\"https:\/\/antersystem.com\/wp-content\/uploads\/SAWO-targi-ochrony-pracy-pozarnictwa-i-ratownictwa-Anter-System-1024x535.webp\",\"contentUrl\":\"https:\/\/antersystem.com\/wp-content\/uploads\/SAWO-targi-ochrony-pracy-pozarnictwa-i-ratownictwa-Anter-System-1024x535.webp\"},{\"@type\":\"BreadcrumbList\",\"@id\":\"https:\/\/antersystem.com\/sk\/novinky\/sawo-2024\/#breadcrumb\",\"itemListElement\":[{\"@type\":\"ListItem\",\"position\":1,\"name\":\"AnterSystem\",\"item\":\"https:\/\/antersystem.com\/sk\/\"},{\"@type\":\"ListItem\",\"position\":2,\"name\":\"Novinky\",\"item\":\"https:\/\/antersystem.com\/sk\/novinky\/\"},{\"@type\":\"ListItem\",\"position\":3,\"name\":\"Ve\u013etrhy SAWO\"}]},{\"@type\":\"WebSite\",\"@id\":\"https:\/\/antersystem.com\/sk\/#website\",\"url\":\"https:\/\/antersystem.com\/sk\/\",\"name\":\"Anter System\",\"description\":\"Jeste\u015bmy polskim producentem elastycznych barier ochronnych wykonywanych z polimerowych tworzyw sztucznych. Na rynku krajowym i zagranicznym dzia\u0142amy od ponad 15 lat dbaj\u0105c o zapewnienie bezpiecze\u0144stwa w zak\u0142adach produkcyjnych, magazynach oraz centrach logistycznych.\",\"potentialAction\":[{\"@type\":\"SearchAction\",\"target\":{\"@type\":\"EntryPoint\",\"urlTemplate\":\"https:\/\/antersystem.com\/sk\/?s={search_term_string}\"},\"query-input\":{\"@type\":\"PropertyValueSpecification\",\"valueRequired\":true,\"valueName\":\"search_term_string\"}}],\"inLanguage\":\"sk-SK\"}]}<\/script>\n<!-- \/ Yoast SEO plugin. -->","yoast_head_json":{"title":"Ve\u013etrhy SAWO - Anter System","description":"Bezpe\u010dnos\u0165 pr\u00e1ce a reakcia na n\u00fadzov\u00e9 situ\u00e1cie - ve\u013etrh SAWO'24 v Poznani. Ak by boli v\u00fdrobn\u00e9 haly, sklady a in\u00e9 priemyseln\u00e9 zariadenia lep\u0161ie chr\u00e1nen\u00e9,","robots":{"index":"index","follow":"follow","max-snippet":"max-snippet:-1","max-image-preview":"max-image-preview:large","max-video-preview":"max-video-preview:-1"},"canonical":"https:\/\/antersystem.com\/sk\/novinky\/sawo-2024\/","og_locale":"sk_SK","og_type":"article","og_title":"Ve\u013etrhy SAWO - Anter System","og_description":"Bezpe\u010dnos\u0165 pr\u00e1ce a reakcia na n\u00fadzov\u00e9 situ\u00e1cie - ve\u013etrh SAWO'24 v Poznani. Ak by boli v\u00fdrobn\u00e9 haly, sklady a in\u00e9 priemyseln\u00e9 zariadenia lep\u0161ie chr\u00e1nen\u00e9,","og_url":"https:\/\/antersystem.com\/sk\/novinky\/sawo-2024\/","og_site_name":"Anter System","article_modified_time":"2026-01-30T13:29:58+00:00","og_image":[{"url":"https:\/\/antersystem.com\/wp-content\/uploads\/SAWO-targi-ochrony-pracy-pozarnictwa-i-ratownictwa-Anter-System-1024x535.webp","type":"","width":"","height":""}],"twitter_card":"summary_large_image","twitter_misc":{"Predpokladan\u00fd \u010das \u010d\u00edtania":"2 min\u00faty"},"schema":{"@context":"https:\/\/schema.org","@graph":[{"@type":"WebPage","@id":"https:\/\/antersystem.com\/sk\/novinky\/sawo-2024\/","url":"https:\/\/antersystem.com\/sk\/novinky\/sawo-2024\/","name":"Ve\u013etrhy SAWO - Anter System","isPartOf":{"@id":"https:\/\/antersystem.com\/sk\/#website"},"primaryImageOfPage":{"@id":"https:\/\/antersystem.com\/sk\/novinky\/sawo-2024\/#primaryimage"},"image":{"@id":"https:\/\/antersystem.com\/sk\/novinky\/sawo-2024\/#primaryimage"},"thumbnailUrl":"https:\/\/antersystem.com\/wp-content\/uploads\/SAWO-targi-ochrony-pracy-pozarnictwa-i-ratownictwa-Anter-System-1024x535.webp","datePublished":"2024-03-26T12:03:30+00:00","dateModified":"2026-01-30T13:29:58+00:00","description":"Bezpe\u010dnos\u0165 pr\u00e1ce a reakcia na n\u00fadzov\u00e9 situ\u00e1cie - ve\u013etrh SAWO'24 v Poznani. Ak by boli v\u00fdrobn\u00e9 haly, sklady a in\u00e9 priemyseln\u00e9 zariadenia lep\u0161ie chr\u00e1nen\u00e9,","breadcrumb":{"@id":"https:\/\/antersystem.com\/sk\/novinky\/sawo-2024\/#breadcrumb"},"inLanguage":"sk-SK","potentialAction":[{"@type":"ReadAction","target":["https:\/\/antersystem.com\/sk\/novinky\/sawo-2024\/"]}]},{"@type":"ImageObject","inLanguage":"sk-SK","@id":"https:\/\/antersystem.com\/sk\/novinky\/sawo-2024\/#primaryimage","url":"https:\/\/antersystem.com\/wp-content\/uploads\/SAWO-targi-ochrony-pracy-pozarnictwa-i-ratownictwa-Anter-System-1024x535.webp","contentUrl":"https:\/\/antersystem.com\/wp-content\/uploads\/SAWO-targi-ochrony-pracy-pozarnictwa-i-ratownictwa-Anter-System-1024x535.webp"},{"@type":"BreadcrumbList","@id":"https:\/\/antersystem.com\/sk\/novinky\/sawo-2024\/#breadcrumb","itemListElement":[{"@type":"ListItem","position":1,"name":"AnterSystem","item":"https:\/\/antersystem.com\/sk\/"},{"@type":"ListItem","position":2,"name":"Novinky","item":"https:\/\/antersystem.com\/sk\/novinky\/"},{"@type":"ListItem","position":3,"name":"Ve\u013etrhy SAWO"}]},{"@type":"WebSite","@id":"https:\/\/antersystem.com\/sk\/#website","url":"https:\/\/antersystem.com\/sk\/","name":"Anter System","description":"Jeste\u015bmy polskim producentem elastycznych barier ochronnych wykonywanych z polimerowych tworzyw sztucznych. Na rynku krajowym i zagranicznym dzia\u0142amy od ponad 15 lat dbaj\u0105c o zapewnienie bezpiecze\u0144stwa w zak\u0142adach produkcyjnych, magazynach oraz centrach logistycznych.","potentialAction":[{"@type":"SearchAction","target":{"@type":"EntryPoint","urlTemplate":"https:\/\/antersystem.com\/sk\/?s={search_term_string}"},"query-input":{"@type":"PropertyValueSpecification","valueRequired":true,"valueName":"search_term_string"}}],"inLanguage":"sk-SK"}]}},"_links":{"self":[{"href":"https:\/\/antersystem.com\/sk\/wp-json\/wp\/v2\/pages\/15564","targetHints":{"allow":["GET"]}}],"collection":[{"href":"https:\/\/antersystem.com\/sk\/wp-json\/wp\/v2\/pages"}],"about":[{"href":"https:\/\/antersystem.com\/sk\/wp-json\/wp\/v2\/types\/page"}],"author":[{"embeddable":true,"href":"https:\/\/antersystem.com\/sk\/wp-json\/wp\/v2\/users\/1"}],"replies":[{"embeddable":true,"href":"https:\/\/antersystem.com\/sk\/wp-json\/wp\/v2\/comments?post=15564"}],"version-history":[{"count":1,"href":"https:\/\/antersystem.com\/sk\/wp-json\/wp\/v2\/pages\/15564\/revisions"}],"predecessor-version":[{"id":15571,"href":"https:\/\/antersystem.com\/sk\/wp-json\/wp\/v2\/pages\/15564\/revisions\/15571"}],"up":[{"embeddable":true,"href":"https:\/\/antersystem.com\/sk\/wp-json\/wp\/v2\/pages\/30350"}],"wp:attachment":[{"href":"https:\/\/antersystem.com\/sk\/wp-json\/wp\/v2\/media?parent=15564"}],"curies":[{"name":"wp","href":"https:\/\/api.w.org\/{rel}","templated":true}]}}