{"id":15620,"date":"2023-11-15T15:46:20","date_gmt":"2023-11-15T14:46:20","guid":{"rendered":"https:\/\/new.antersystem.com\/axon-intralogistyka-magazynowanie-2023\/"},"modified":"2026-01-30T14:29:57","modified_gmt":"2026-01-30T13:29:57","slug":"axon-intralogistyka-magazynowanie-2023","status":"publish","type":"page","link":"https:\/\/antersystem.com\/sk\/novinky\/axon-intralogistyka-magazynowanie-2023\/","title":{"rendered":"Ako efekt\u00edvne vyu\u017ei\u0165 priestor a bezpe\u010dne ho uskladni\u0165?"},"content":{"rendered":"\n<div class=\"wp-block-columns is-layout-flex wp-container-core-columns-is-layout-9d6595d7 wp-block-columns-is-layout-flex\">\n  \n  <div class=\"wp-block-column is-layout-flow wp-block-column-is-layout-flow\" style=\"flex-basis:10%\"><\/div>\n  \n\n  \n  <div class=\"wp-block-column is-layout-flow wp-block-column-is-layout-flow\">\n    \n    <h3 class=\"wp-block-heading\">Ako efekt\u00edvne vyu\u017ei\u0165 priestor a zabezpe\u010di\u0165 bezpe\u010dn\u00e9 skladovanie?<\/h3>\n    \n\n    \n    <p><strong>Pridajte sa k n\u00e1m 23. novembra na bezplatnej technickej konferencii v <\/strong><strong>Terminal Hotel \/ Wroc\u0142aw &#8211; <\/strong><strong><a href=\"https:\/\/www.axonmedia.pl\/konferencje\/program\/intralogistyka-magazynowanie-2023-wroclaw\/\">&#8222;Rozwi\u0105zania intralogistyczne i magazynowe&#8220;<\/a><\/strong><\/p>\n    <p>Odborn\u00edci z praxe a experti z r\u00f4znych odvetv\u00ed sa tu podelia o svoje poznatky a sk\u00fasenosti so zlep\u0161ovan\u00edm intern\u00fdch procesov, ako aj o probl\u00e9moch a chyb\u00e1ch, ktor\u00e9 vznikaj\u00fa pri prisp\u00f4sobovan\u00ed logistick\u00fdch oper\u00e1ci\u00ed potreb\u00e1m modern\u00fdch zariaden\u00ed.<\/p>\n    <p>Odborn\u00edci zo spolo\u010dnosti Anter System bud\u00fa na mieste demon\u0161trova\u0165, ako implementova\u0165 rie\u0161enia, ktor\u00e9 \u0161etria \u010das aj peniaze. N\u00e1jdete ich v showroome flexibiln\u00fdch bezpe\u010dnostn\u00fdch z\u00e1bran. <a href=\"https:\/\/antersystem.com\/wiedza-i-nowosci\/bariery-ochronne-z-polimerowych-tworzyw\/\">Najnov\u0161ie v\u00fdrobky z<\/a> tejto kateg\u00f3rie bud\u00fa prezentovan\u00e9 po\u010das cel\u00e9ho d\u0148a. Ak ste v procese redizajnu svojho dod\u00e1vate\u013esk\u00e9ho re\u0165azca, optimaliz\u00e1cie v\u00fdrobn\u00fdch rozvrhov alebo zav\u00e1dzania automatiz\u00e1cie procesov &#8211; pr\u00ed\u010fte a pripojte sa k n\u00e1m! Po\u010fme sa porozpr\u00e1va\u0165 o tom, ako zv\u00fd\u0161i\u0165 bezpe\u010dnostn\u00e9 \u0161tandardy vo va\u0161ich zariadeniach a integrova\u0165 ochrann\u00e9 zariadenia so syst\u00e9mami automatiz\u00e1cie budov. Aj ke\u010f sa t\u00fdmito t\u00e9mami e\u0161te len za\u010d\u00ednate zaobera\u0165, bezpe\u010dnostn\u00e9 bari\u00e9ry a produkty, ako s\u00fa stojany na pr\u00edvesy, v\u00e1m pom\u00f4\u017eu zisti\u0165, ako tak\u00e9to zlep\u0161enia zvy\u0161uj\u00fa kvalitu pracoviska aj finan\u010dn\u00fa efekt\u00edvnos\u0165.<\/p>\n    <p><strong>Program konferencie pokr\u00fdva<\/strong> \u0161irok\u00fa \u0161k\u00e1lu t\u00e9m, \u010do umo\u017e\u0148uje ka\u017ed\u00e9mu \u00fa\u010dastn\u00edkovi n\u00e1js\u0165 technologick\u00e9 rie\u0161enia prisp\u00f4soben\u00e9 jeho potreb\u00e1m.<\/p>\n    <p>De\u0148 predt\u00fdm, <strong>22. novembra,<\/strong> sa <strong>na tom<\/strong> istom mieste uskuto\u010dn\u00ed \u010fal\u0161ia technick\u00e1 konferencia &#8211; &#8220; <strong>Spo\u013eahlivos\u0165 a \u00fadr\u017eba vo v\u00fdrobn\u00fdch zariadeniach&#8220; &#8211; ktor\u00fa<\/strong> v mene organiz\u00e1tora, spolo\u010dnosti Axon Media, tie\u017e vrelo odpor\u00fa\u010dame.<\/p>\n    <p>&nbsp;<\/p>\n    <p>Hotel Terminal &#8211; Dynamick\u00e9 kongresov\u00e9 centrum<br>Rakietov\u00e1 33<br>54-615 Wroc\u0142aw<\/p>\n    <p>&nbsp;<\/p>\n    \n\n    <div class=\"wp-block-image\">\n    <figure class=\"aligncenter size-large is-resized\"><img loading=\"lazy\" decoding=\"async\" width=\"1024\" height=\"535\" src=\"https:\/\/antersystem.com\/wp-content\/uploads\/Konferencja-Axon-Media-Anter-System-2023-2-1024x535.jpg\" alt=\"Anter System na technickej konferencii Axon Media 2023\" class=\"wp-image-3540\" style=\"width:714px;height:auto\" srcset=\"https:\/\/antersystem.com\/wp-content\/uploads\/Konferencja-Axon-Media-Anter-System-2023-2-1024x535.jpg 1024w, https:\/\/antersystem.com\/wp-content\/uploads\/Konferencja-Axon-Media-Anter-System-2023-2-300x157.jpg 300w, https:\/\/antersystem.com\/wp-content\/uploads\/Konferencja-Axon-Media-Anter-System-2023-2-768x401.jpg 768w, https:\/\/antersystem.com\/wp-content\/uploads\/Konferencja-Axon-Media-Anter-System-2023-2-450x235.jpg 450w, https:\/\/antersystem.com\/wp-content\/uploads\/Konferencja-Axon-Media-Anter-System-2023-2-330x172.jpg 330w, https:\/\/antersystem.com\/wp-content\/uploads\/Konferencja-Axon-Media-Anter-System-2023-2.jpg 1200w\" sizes=\"auto, (max-width: 1024px) 100vw, 1024px\" \/><\/figure><\/div>\n  <\/div>\n  \n\n  \n  <div class=\"wp-block-column is-layout-flow wp-block-column-is-layout-flow\" style=\"flex-basis:10%\"><\/div>\n  \n<\/div>\n","protected":false},"excerpt":{"rendered":"<p>Ako efekt\u00edvne vyu\u017ei\u0165 priestor a zabezpe\u010di\u0165 bezpe\u010dn\u00e9 skladovanie? Pridajte sa k n\u00e1m 23. novembra na bezplatnej technickej konferencii v Terminal Hotel \/ Wroc\u0142aw &#8211; &#8222;Rozwi\u0105zania intralogistyczne i magazynowe&#8220; Odborn\u00edci z praxe a experti z r\u00f4znych odvetv\u00ed sa tu podelia o svoje poznatky a sk\u00fasenosti so zlep\u0161ovan\u00edm intern\u00fdch procesov, ako aj o probl\u00e9moch a chyb\u00e1ch, ktor\u00e9 [&hellip;]<\/p>\n","protected":false},"author":1,"featured_media":0,"parent":30350,"menu_order":0,"comment_status":"closed","ping_status":"closed","template":"","meta":{"inline_featured_image":false,"ngg_post_thumbnail":0,"footnotes":""},"class_list":["post-15620","page","type-page","status-publish","hentry"],"acf":[],"yoast_head":"<!-- This site is optimized with the Yoast SEO plugin v27.0 - https:\/\/yoast.com\/product\/yoast-seo-wordpress\/ -->\n<title>Ako efekt\u00edvne vyu\u017ei\u0165 priestor a bezpe\u010dne ho uskladni\u0165? - Anter System<\/title>\n<meta name=\"description\" content=\"Ako efekt\u00edvne vyu\u017ei\u0165 priestor a zabezpe\u010di\u0165 bezpe\u010dn\u00e9 skladovanie? Pridajte sa k n\u00e1m 23. novembra na bezplatnej technickej konferencii v Terminal Hotel \/\" \/>\n<meta name=\"robots\" content=\"index, follow, max-snippet:-1, max-image-preview:large, max-video-preview:-1\" \/>\n<link rel=\"canonical\" href=\"https:\/\/antersystem.com\/sk\/novinky\/axon-intralogistyka-magazynowanie-2023\/\" \/>\n<meta property=\"og:locale\" content=\"sk_SK\" \/>\n<meta property=\"og:type\" content=\"article\" \/>\n<meta property=\"og:title\" content=\"Ako efekt\u00edvne vyu\u017ei\u0165 priestor a bezpe\u010dne ho uskladni\u0165? - Anter System\" \/>\n<meta property=\"og:description\" content=\"Ako efekt\u00edvne vyu\u017ei\u0165 priestor a zabezpe\u010di\u0165 bezpe\u010dn\u00e9 skladovanie? Pridajte sa k n\u00e1m 23. novembra na bezplatnej technickej konferencii v Terminal Hotel \/\" \/>\n<meta property=\"og:url\" content=\"https:\/\/antersystem.com\/sk\/novinky\/axon-intralogistyka-magazynowanie-2023\/\" \/>\n<meta property=\"og:site_name\" content=\"Anter System\" \/>\n<meta property=\"article:modified_time\" content=\"2026-01-30T13:29:57+00:00\" \/>\n<meta property=\"og:image\" content=\"https:\/\/antersystem.com\/wp-content\/uploads\/Konferencja-Axon-Media-Anter-System-2023-2-1024x535.jpg\" \/>\n<meta name=\"twitter:card\" content=\"summary_large_image\" \/>\n<meta name=\"twitter:label1\" content=\"Predpokladan\u00fd \u010das \u010d\u00edtania\" \/>\n\t<meta name=\"twitter:data1\" content=\"2 min\u00faty\" \/>\n<script type=\"application\/ld+json\" class=\"yoast-schema-graph\">{\"@context\":\"https:\/\/schema.org\",\"@graph\":[{\"@type\":\"WebPage\",\"@id\":\"https:\/\/antersystem.com\/sk\/novinky\/axon-intralogistyka-magazynowanie-2023\/\",\"url\":\"https:\/\/antersystem.com\/sk\/novinky\/axon-intralogistyka-magazynowanie-2023\/\",\"name\":\"Ako efekt\u00edvne vyu\u017ei\u0165 priestor a bezpe\u010dne ho uskladni\u0165? - Anter System\",\"isPartOf\":{\"@id\":\"https:\/\/antersystem.com\/sk\/#website\"},\"primaryImageOfPage\":{\"@id\":\"https:\/\/antersystem.com\/sk\/novinky\/axon-intralogistyka-magazynowanie-2023\/#primaryimage\"},\"image\":{\"@id\":\"https:\/\/antersystem.com\/sk\/novinky\/axon-intralogistyka-magazynowanie-2023\/#primaryimage\"},\"thumbnailUrl\":\"https:\/\/antersystem.com\/wp-content\/uploads\/Konferencja-Axon-Media-Anter-System-2023-2-1024x535.jpg\",\"datePublished\":\"2023-11-15T14:46:20+00:00\",\"dateModified\":\"2026-01-30T13:29:57+00:00\",\"description\":\"Ako efekt\u00edvne vyu\u017ei\u0165 priestor a zabezpe\u010di\u0165 bezpe\u010dn\u00e9 skladovanie? Pridajte sa k n\u00e1m 23. novembra na bezplatnej technickej konferencii v Terminal Hotel \/\",\"breadcrumb\":{\"@id\":\"https:\/\/antersystem.com\/sk\/novinky\/axon-intralogistyka-magazynowanie-2023\/#breadcrumb\"},\"inLanguage\":\"sk-SK\",\"potentialAction\":[{\"@type\":\"ReadAction\",\"target\":[\"https:\/\/antersystem.com\/sk\/novinky\/axon-intralogistyka-magazynowanie-2023\/\"]}]},{\"@type\":\"ImageObject\",\"inLanguage\":\"sk-SK\",\"@id\":\"https:\/\/antersystem.com\/sk\/novinky\/axon-intralogistyka-magazynowanie-2023\/#primaryimage\",\"url\":\"https:\/\/antersystem.com\/wp-content\/uploads\/Konferencja-Axon-Media-Anter-System-2023-2-1024x535.jpg\",\"contentUrl\":\"https:\/\/antersystem.com\/wp-content\/uploads\/Konferencja-Axon-Media-Anter-System-2023-2-1024x535.jpg\"},{\"@type\":\"BreadcrumbList\",\"@id\":\"https:\/\/antersystem.com\/sk\/novinky\/axon-intralogistyka-magazynowanie-2023\/#breadcrumb\",\"itemListElement\":[{\"@type\":\"ListItem\",\"position\":1,\"name\":\"AnterSystem\",\"item\":\"https:\/\/antersystem.com\/sk\/\"},{\"@type\":\"ListItem\",\"position\":2,\"name\":\"Novinky\",\"item\":\"https:\/\/antersystem.com\/sk\/novinky\/\"},{\"@type\":\"ListItem\",\"position\":3,\"name\":\"Ako efekt\u00edvne vyu\u017ei\u0165 priestor a bezpe\u010dne ho uskladni\u0165?\"}]},{\"@type\":\"WebSite\",\"@id\":\"https:\/\/antersystem.com\/sk\/#website\",\"url\":\"https:\/\/antersystem.com\/sk\/\",\"name\":\"Anter System\",\"description\":\"Jeste\u015bmy polskim producentem elastycznych barier ochronnych wykonywanych z polimerowych tworzyw sztucznych. Na rynku krajowym i zagranicznym dzia\u0142amy od ponad 15 lat dbaj\u0105c o zapewnienie bezpiecze\u0144stwa w zak\u0142adach produkcyjnych, magazynach oraz centrach logistycznych.\",\"potentialAction\":[{\"@type\":\"SearchAction\",\"target\":{\"@type\":\"EntryPoint\",\"urlTemplate\":\"https:\/\/antersystem.com\/sk\/?s={search_term_string}\"},\"query-input\":{\"@type\":\"PropertyValueSpecification\",\"valueRequired\":true,\"valueName\":\"search_term_string\"}}],\"inLanguage\":\"sk-SK\"}]}<\/script>\n<!-- \/ Yoast SEO plugin. -->","yoast_head_json":{"title":"Ako efekt\u00edvne vyu\u017ei\u0165 priestor a bezpe\u010dne ho uskladni\u0165? - Anter System","description":"Ako efekt\u00edvne vyu\u017ei\u0165 priestor a zabezpe\u010di\u0165 bezpe\u010dn\u00e9 skladovanie? Pridajte sa k n\u00e1m 23. novembra na bezplatnej technickej konferencii v Terminal Hotel \/","robots":{"index":"index","follow":"follow","max-snippet":"max-snippet:-1","max-image-preview":"max-image-preview:large","max-video-preview":"max-video-preview:-1"},"canonical":"https:\/\/antersystem.com\/sk\/novinky\/axon-intralogistyka-magazynowanie-2023\/","og_locale":"sk_SK","og_type":"article","og_title":"Ako efekt\u00edvne vyu\u017ei\u0165 priestor a bezpe\u010dne ho uskladni\u0165? - Anter System","og_description":"Ako efekt\u00edvne vyu\u017ei\u0165 priestor a zabezpe\u010di\u0165 bezpe\u010dn\u00e9 skladovanie? Pridajte sa k n\u00e1m 23. novembra na bezplatnej technickej konferencii v Terminal Hotel \/","og_url":"https:\/\/antersystem.com\/sk\/novinky\/axon-intralogistyka-magazynowanie-2023\/","og_site_name":"Anter System","article_modified_time":"2026-01-30T13:29:57+00:00","og_image":[{"url":"https:\/\/antersystem.com\/wp-content\/uploads\/Konferencja-Axon-Media-Anter-System-2023-2-1024x535.jpg","type":"","width":"","height":""}],"twitter_card":"summary_large_image","twitter_misc":{"Predpokladan\u00fd \u010das \u010d\u00edtania":"2 min\u00faty"},"schema":{"@context":"https:\/\/schema.org","@graph":[{"@type":"WebPage","@id":"https:\/\/antersystem.com\/sk\/novinky\/axon-intralogistyka-magazynowanie-2023\/","url":"https:\/\/antersystem.com\/sk\/novinky\/axon-intralogistyka-magazynowanie-2023\/","name":"Ako efekt\u00edvne vyu\u017ei\u0165 priestor a bezpe\u010dne ho uskladni\u0165? - Anter System","isPartOf":{"@id":"https:\/\/antersystem.com\/sk\/#website"},"primaryImageOfPage":{"@id":"https:\/\/antersystem.com\/sk\/novinky\/axon-intralogistyka-magazynowanie-2023\/#primaryimage"},"image":{"@id":"https:\/\/antersystem.com\/sk\/novinky\/axon-intralogistyka-magazynowanie-2023\/#primaryimage"},"thumbnailUrl":"https:\/\/antersystem.com\/wp-content\/uploads\/Konferencja-Axon-Media-Anter-System-2023-2-1024x535.jpg","datePublished":"2023-11-15T14:46:20+00:00","dateModified":"2026-01-30T13:29:57+00:00","description":"Ako efekt\u00edvne vyu\u017ei\u0165 priestor a zabezpe\u010di\u0165 bezpe\u010dn\u00e9 skladovanie? Pridajte sa k n\u00e1m 23. novembra na bezplatnej technickej konferencii v Terminal Hotel \/","breadcrumb":{"@id":"https:\/\/antersystem.com\/sk\/novinky\/axon-intralogistyka-magazynowanie-2023\/#breadcrumb"},"inLanguage":"sk-SK","potentialAction":[{"@type":"ReadAction","target":["https:\/\/antersystem.com\/sk\/novinky\/axon-intralogistyka-magazynowanie-2023\/"]}]},{"@type":"ImageObject","inLanguage":"sk-SK","@id":"https:\/\/antersystem.com\/sk\/novinky\/axon-intralogistyka-magazynowanie-2023\/#primaryimage","url":"https:\/\/antersystem.com\/wp-content\/uploads\/Konferencja-Axon-Media-Anter-System-2023-2-1024x535.jpg","contentUrl":"https:\/\/antersystem.com\/wp-content\/uploads\/Konferencja-Axon-Media-Anter-System-2023-2-1024x535.jpg"},{"@type":"BreadcrumbList","@id":"https:\/\/antersystem.com\/sk\/novinky\/axon-intralogistyka-magazynowanie-2023\/#breadcrumb","itemListElement":[{"@type":"ListItem","position":1,"name":"AnterSystem","item":"https:\/\/antersystem.com\/sk\/"},{"@type":"ListItem","position":2,"name":"Novinky","item":"https:\/\/antersystem.com\/sk\/novinky\/"},{"@type":"ListItem","position":3,"name":"Ako efekt\u00edvne vyu\u017ei\u0165 priestor a bezpe\u010dne ho uskladni\u0165?"}]},{"@type":"WebSite","@id":"https:\/\/antersystem.com\/sk\/#website","url":"https:\/\/antersystem.com\/sk\/","name":"Anter System","description":"Jeste\u015bmy polskim producentem elastycznych barier ochronnych wykonywanych z polimerowych tworzyw sztucznych. Na rynku krajowym i zagranicznym dzia\u0142amy od ponad 15 lat dbaj\u0105c o zapewnienie bezpiecze\u0144stwa w zak\u0142adach produkcyjnych, magazynach oraz centrach logistycznych.","potentialAction":[{"@type":"SearchAction","target":{"@type":"EntryPoint","urlTemplate":"https:\/\/antersystem.com\/sk\/?s={search_term_string}"},"query-input":{"@type":"PropertyValueSpecification","valueRequired":true,"valueName":"search_term_string"}}],"inLanguage":"sk-SK"}]}},"_links":{"self":[{"href":"https:\/\/antersystem.com\/sk\/wp-json\/wp\/v2\/pages\/15620","targetHints":{"allow":["GET"]}}],"collection":[{"href":"https:\/\/antersystem.com\/sk\/wp-json\/wp\/v2\/pages"}],"about":[{"href":"https:\/\/antersystem.com\/sk\/wp-json\/wp\/v2\/types\/page"}],"author":[{"embeddable":true,"href":"https:\/\/antersystem.com\/sk\/wp-json\/wp\/v2\/users\/1"}],"replies":[{"embeddable":true,"href":"https:\/\/antersystem.com\/sk\/wp-json\/wp\/v2\/comments?post=15620"}],"version-history":[{"count":1,"href":"https:\/\/antersystem.com\/sk\/wp-json\/wp\/v2\/pages\/15620\/revisions"}],"predecessor-version":[{"id":15626,"href":"https:\/\/antersystem.com\/sk\/wp-json\/wp\/v2\/pages\/15620\/revisions\/15626"}],"up":[{"embeddable":true,"href":"https:\/\/antersystem.com\/sk\/wp-json\/wp\/v2\/pages\/30350"}],"wp:attachment":[{"href":"https:\/\/antersystem.com\/sk\/wp-json\/wp\/v2\/media?parent=15620"}],"curies":[{"name":"wp","href":"https:\/\/api.w.org\/{rel}","templated":true}]}}