{"id":15621,"date":"2023-10-09T09:58:06","date_gmt":"2023-10-09T07:58:06","guid":{"rendered":"https:\/\/new.antersystem.com\/modernlog-2023\/"},"modified":"2026-01-30T14:29:57","modified_gmt":"2026-01-30T13:29:57","slug":"modernlog-2023","status":"publish","type":"page","link":"https:\/\/antersystem.com\/sk\/novinky\/modernlog-2023\/","title":{"rendered":"Modernlog 2023"},"content":{"rendered":"\n<div class=\"wp-block-columns is-layout-flex wp-container-core-columns-is-layout-9d6595d7 wp-block-columns-is-layout-flex\">\n<div class=\"wp-block-column is-layout-flow wp-block-column-is-layout-flow\" style=\"flex-basis:10%\"><\/div>\n\n\n\n<div class=\"wp-block-column is-layout-flow wp-block-column-is-layout-flow\">\n<h3 class=\"wp-block-heading\">Anter System na Modernlog 2023<\/h3>\n\n\n\n<p style=\"text-align: left;\">Sme radi, \u017ee sme sa mohli z\u00fa\u010dastni\u0165 na poprednom ve\u013etrhu pre logistiku, skladovanie a dopravu Modernlog. Ako renomovan\u00fd v\u00fdrobca flexibiln\u00fdch bezpe\u010dnostn\u00fdch z\u00e1bran mala spolo\u010dnos\u0165 Anter System skvel\u00fa pr\u00edle\u017eitos\u0165 predstavi\u0165 svoje inovat\u00edvne rie\u0161enia \u0161irokej odbornej verejnosti.<\/p>\n<p style=\"text-align: left;\">Poz\u00fdvame v\u00e1s pozrie\u0165 si na\u0161e s\u00fahrnn\u00e9 video z podujatia. Zistite, ako predstavujeme na\u0161e rie\u0161enia ur\u010den\u00e9 na optimaliz\u00e1ciu logistick\u00fdch oper\u00e1ci\u00ed prostredn\u00edctvom zv\u00fd\u0161enia bezpe\u010dnosti a efekt\u00edvnosti v skladovom prostred\u00ed. Video tie\u017e poukazuje na na\u0161e interakcie s klientmi a partnermi, ako aj na na\u0161u \u00fa\u010das\u0165 v in\u0161pirat\u00edvnych diskusi\u00e1ch o bud\u00facnosti tohto odvetvia.<\/p>\n<p style=\"text-align: left;\">Po\u010das ve\u013etrhu Modernlog z\u00edskali na\u0161e flexibiln\u00e9 bezpe\u010dnostn\u00e9 bari\u00e9ry uznanie mnoh\u00fdch odborn\u00edkov z odvetvia, \u010do potvrdzuje, \u017ee spolo\u010dnos\u0165 Anter System je na \u010dele inov\u00e1ci\u00ed v oblasti bezpe\u010dnosti v sklade.<\/p>\n<p style=\"text-align: left;\">Srde\u010dne v\u00e1s poz\u00fdvame pozrie\u0165 si video a za\u017ei\u0165 atmosf\u00e9ru tohto in\u0161pirat\u00edvneho podujatia. Pozrite sa, ako spolo\u010dnos\u0165 Anter System prispieva k formovaniu bud\u00facnosti logistick\u00e9ho sektora.<\/p>\n\n\n<p><video style=\"width: 100%; height: auto;\" controls><source src=\"https:\/\/antersystem.com\/wp-content\/uploads\/antersystem_small_Modernlog.mp4\" type=\"video\/mp4\"><\/video><\/p>\n<\/div>\n\n\n\n<div class=\"wp-block-column is-layout-flow wp-block-column-is-layout-flow\" style=\"flex-basis:10%\"><\/div>\n<\/div>\n","protected":false},"excerpt":{"rendered":"<p>Anter System na Modernlog 2023 Sme radi, \u017ee sme sa mohli z\u00fa\u010dastni\u0165 na poprednom ve\u013etrhu pre logistiku, skladovanie a dopravu Modernlog. Ako renomovan\u00fd v\u00fdrobca flexibiln\u00fdch bezpe\u010dnostn\u00fdch z\u00e1bran mala spolo\u010dnos\u0165 Anter System skvel\u00fa pr\u00edle\u017eitos\u0165 predstavi\u0165 svoje inovat\u00edvne rie\u0161enia \u0161irokej odbornej verejnosti. Poz\u00fdvame v\u00e1s pozrie\u0165 si na\u0161e s\u00fahrnn\u00e9 video z podujatia. Zistite, ako predstavujeme na\u0161e rie\u0161enia ur\u010den\u00e9 [&hellip;]<\/p>\n","protected":false},"author":1,"featured_media":0,"parent":30350,"menu_order":0,"comment_status":"closed","ping_status":"closed","template":"","meta":{"inline_featured_image":false,"ngg_post_thumbnail":0,"footnotes":""},"class_list":["post-15621","page","type-page","status-publish","hentry"],"acf":[],"yoast_head":"<!-- This site is optimized with the Yoast SEO plugin v27.0 - https:\/\/yoast.com\/product\/yoast-seo-wordpress\/ -->\n<title>Modernlog 2023 - Anter System<\/title>\n<meta name=\"description\" content=\"Anter System, ako renomovan\u00fd producent elastick\u00fdch bari\u00e9r ochrann\u00fdch, m\u011bl neuv\u011b\u0159itelnou p\u0159\u00edle\u017eitost prezentovat sv\u00e9 inovativn\u00ed \u0159e\u0161en\u00ed \u0161irok\u00e9 ve\u0159ejnosti z bran\u017ee na v\u00fdstav\u011b Modernlog 2023.\" \/>\n<meta name=\"robots\" content=\"index, follow, max-snippet:-1, max-image-preview:large, max-video-preview:-1\" \/>\n<link rel=\"canonical\" href=\"https:\/\/antersystem.com\/sk\/novinky\/modernlog-2023\/\" \/>\n<meta property=\"og:locale\" content=\"sk_SK\" \/>\n<meta property=\"og:type\" content=\"article\" \/>\n<meta property=\"og:title\" content=\"Modernlog 2023 - Anter System\" \/>\n<meta property=\"og:description\" content=\"Anter System, ako renomovan\u00fd producent elastick\u00fdch bari\u00e9r ochrann\u00fdch, m\u011bl neuv\u011b\u0159itelnou p\u0159\u00edle\u017eitost prezentovat sv\u00e9 inovativn\u00ed \u0159e\u0161en\u00ed \u0161irok\u00e9 ve\u0159ejnosti z bran\u017ee na v\u00fdstav\u011b Modernlog 2023.\" \/>\n<meta property=\"og:url\" content=\"https:\/\/antersystem.com\/sk\/novinky\/modernlog-2023\/\" \/>\n<meta property=\"og:site_name\" content=\"Anter System\" \/>\n<meta property=\"article:modified_time\" content=\"2026-01-30T13:29:57+00:00\" \/>\n<meta name=\"twitter:card\" content=\"summary_large_image\" \/>\n<meta name=\"twitter:label1\" content=\"Predpokladan\u00fd \u010das \u010d\u00edtania\" \/>\n\t<meta name=\"twitter:data1\" content=\"1 min\u00fata\" \/>\n<script type=\"application\/ld+json\" class=\"yoast-schema-graph\">{\"@context\":\"https:\/\/schema.org\",\"@graph\":[{\"@type\":\"WebPage\",\"@id\":\"https:\/\/antersystem.com\/sk\/novinky\/modernlog-2023\/\",\"url\":\"https:\/\/antersystem.com\/sk\/novinky\/modernlog-2023\/\",\"name\":\"Modernlog 2023 - Anter System\",\"isPartOf\":{\"@id\":\"https:\/\/antersystem.com\/sk\/#website\"},\"datePublished\":\"2023-10-09T07:58:06+00:00\",\"dateModified\":\"2026-01-30T13:29:57+00:00\",\"description\":\"Anter System, ako renomovan\u00fd producent elastick\u00fdch bari\u00e9r ochrann\u00fdch, m\u011bl neuv\u011b\u0159itelnou p\u0159\u00edle\u017eitost prezentovat sv\u00e9 inovativn\u00ed \u0159e\u0161en\u00ed \u0161irok\u00e9 ve\u0159ejnosti z bran\u017ee na v\u00fdstav\u011b Modernlog 2023.\",\"breadcrumb\":{\"@id\":\"https:\/\/antersystem.com\/sk\/novinky\/modernlog-2023\/#breadcrumb\"},\"inLanguage\":\"sk-SK\",\"potentialAction\":[{\"@type\":\"ReadAction\",\"target\":[\"https:\/\/antersystem.com\/sk\/novinky\/modernlog-2023\/\"]}]},{\"@type\":\"BreadcrumbList\",\"@id\":\"https:\/\/antersystem.com\/sk\/novinky\/modernlog-2023\/#breadcrumb\",\"itemListElement\":[{\"@type\":\"ListItem\",\"position\":1,\"name\":\"AnterSystem\",\"item\":\"https:\/\/antersystem.com\/sk\/\"},{\"@type\":\"ListItem\",\"position\":2,\"name\":\"Novinky\",\"item\":\"https:\/\/antersystem.com\/sk\/novinky\/\"},{\"@type\":\"ListItem\",\"position\":3,\"name\":\"Modernlog 2023\"}]},{\"@type\":\"WebSite\",\"@id\":\"https:\/\/antersystem.com\/sk\/#website\",\"url\":\"https:\/\/antersystem.com\/sk\/\",\"name\":\"Anter System\",\"description\":\"Jeste\u015bmy polskim producentem elastycznych barier ochronnych wykonywanych z polimerowych tworzyw sztucznych. Na rynku krajowym i zagranicznym dzia\u0142amy od ponad 15 lat dbaj\u0105c o zapewnienie bezpiecze\u0144stwa w zak\u0142adach produkcyjnych, magazynach oraz centrach logistycznych.\",\"potentialAction\":[{\"@type\":\"SearchAction\",\"target\":{\"@type\":\"EntryPoint\",\"urlTemplate\":\"https:\/\/antersystem.com\/sk\/?s={search_term_string}\"},\"query-input\":{\"@type\":\"PropertyValueSpecification\",\"valueRequired\":true,\"valueName\":\"search_term_string\"}}],\"inLanguage\":\"sk-SK\"}]}<\/script>\n<!-- \/ Yoast SEO plugin. -->","yoast_head_json":{"title":"Modernlog 2023 - Anter System","description":"Anter System, ako renomovan\u00fd producent elastick\u00fdch bari\u00e9r ochrann\u00fdch, m\u011bl neuv\u011b\u0159itelnou p\u0159\u00edle\u017eitost prezentovat sv\u00e9 inovativn\u00ed \u0159e\u0161en\u00ed \u0161irok\u00e9 ve\u0159ejnosti z bran\u017ee na v\u00fdstav\u011b Modernlog 2023.","robots":{"index":"index","follow":"follow","max-snippet":"max-snippet:-1","max-image-preview":"max-image-preview:large","max-video-preview":"max-video-preview:-1"},"canonical":"https:\/\/antersystem.com\/sk\/novinky\/modernlog-2023\/","og_locale":"sk_SK","og_type":"article","og_title":"Modernlog 2023 - Anter System","og_description":"Anter System, ako renomovan\u00fd producent elastick\u00fdch bari\u00e9r ochrann\u00fdch, m\u011bl neuv\u011b\u0159itelnou p\u0159\u00edle\u017eitost prezentovat sv\u00e9 inovativn\u00ed \u0159e\u0161en\u00ed \u0161irok\u00e9 ve\u0159ejnosti z bran\u017ee na v\u00fdstav\u011b Modernlog 2023.","og_url":"https:\/\/antersystem.com\/sk\/novinky\/modernlog-2023\/","og_site_name":"Anter System","article_modified_time":"2026-01-30T13:29:57+00:00","twitter_card":"summary_large_image","twitter_misc":{"Predpokladan\u00fd \u010das \u010d\u00edtania":"1 min\u00fata"},"schema":{"@context":"https:\/\/schema.org","@graph":[{"@type":"WebPage","@id":"https:\/\/antersystem.com\/sk\/novinky\/modernlog-2023\/","url":"https:\/\/antersystem.com\/sk\/novinky\/modernlog-2023\/","name":"Modernlog 2023 - Anter System","isPartOf":{"@id":"https:\/\/antersystem.com\/sk\/#website"},"datePublished":"2023-10-09T07:58:06+00:00","dateModified":"2026-01-30T13:29:57+00:00","description":"Anter System, ako renomovan\u00fd producent elastick\u00fdch bari\u00e9r ochrann\u00fdch, m\u011bl neuv\u011b\u0159itelnou p\u0159\u00edle\u017eitost prezentovat sv\u00e9 inovativn\u00ed \u0159e\u0161en\u00ed \u0161irok\u00e9 ve\u0159ejnosti z bran\u017ee na v\u00fdstav\u011b Modernlog 2023.","breadcrumb":{"@id":"https:\/\/antersystem.com\/sk\/novinky\/modernlog-2023\/#breadcrumb"},"inLanguage":"sk-SK","potentialAction":[{"@type":"ReadAction","target":["https:\/\/antersystem.com\/sk\/novinky\/modernlog-2023\/"]}]},{"@type":"BreadcrumbList","@id":"https:\/\/antersystem.com\/sk\/novinky\/modernlog-2023\/#breadcrumb","itemListElement":[{"@type":"ListItem","position":1,"name":"AnterSystem","item":"https:\/\/antersystem.com\/sk\/"},{"@type":"ListItem","position":2,"name":"Novinky","item":"https:\/\/antersystem.com\/sk\/novinky\/"},{"@type":"ListItem","position":3,"name":"Modernlog 2023"}]},{"@type":"WebSite","@id":"https:\/\/antersystem.com\/sk\/#website","url":"https:\/\/antersystem.com\/sk\/","name":"Anter System","description":"Jeste\u015bmy polskim producentem elastycznych barier ochronnych wykonywanych z polimerowych tworzyw sztucznych. Na rynku krajowym i zagranicznym dzia\u0142amy od ponad 15 lat dbaj\u0105c o zapewnienie bezpiecze\u0144stwa w zak\u0142adach produkcyjnych, magazynach oraz centrach logistycznych.","potentialAction":[{"@type":"SearchAction","target":{"@type":"EntryPoint","urlTemplate":"https:\/\/antersystem.com\/sk\/?s={search_term_string}"},"query-input":{"@type":"PropertyValueSpecification","valueRequired":true,"valueName":"search_term_string"}}],"inLanguage":"sk-SK"}]}},"_links":{"self":[{"href":"https:\/\/antersystem.com\/sk\/wp-json\/wp\/v2\/pages\/15621","targetHints":{"allow":["GET"]}}],"collection":[{"href":"https:\/\/antersystem.com\/sk\/wp-json\/wp\/v2\/pages"}],"about":[{"href":"https:\/\/antersystem.com\/sk\/wp-json\/wp\/v2\/types\/page"}],"author":[{"embeddable":true,"href":"https:\/\/antersystem.com\/sk\/wp-json\/wp\/v2\/users\/1"}],"replies":[{"embeddable":true,"href":"https:\/\/antersystem.com\/sk\/wp-json\/wp\/v2\/comments?post=15621"}],"version-history":[{"count":1,"href":"https:\/\/antersystem.com\/sk\/wp-json\/wp\/v2\/pages\/15621\/revisions"}],"predecessor-version":[{"id":15627,"href":"https:\/\/antersystem.com\/sk\/wp-json\/wp\/v2\/pages\/15621\/revisions\/15627"}],"up":[{"embeddable":true,"href":"https:\/\/antersystem.com\/sk\/wp-json\/wp\/v2\/pages\/30350"}],"wp:attachment":[{"href":"https:\/\/antersystem.com\/sk\/wp-json\/wp\/v2\/media?parent=15621"}],"curies":[{"name":"wp","href":"https:\/\/api.w.org\/{rel}","templated":true}]}}