{"id":15681,"date":"2023-10-20T11:06:59","date_gmt":"2023-10-20T09:06:59","guid":{"rendered":"https:\/\/new.antersystem.com\/ecovadis-2023-anter-system\/"},"modified":"2026-01-30T14:29:57","modified_gmt":"2026-01-30T13:29:57","slug":"ecovadis-2023-anter-system","status":"publish","type":"page","link":"https:\/\/antersystem.com\/sk\/novinky\/ecovadis-2023-anter-system\/","title":{"rendered":"Strieborn\u00fd certifik\u00e1t udr\u017eate\u013enosti EcoVadis"},"content":{"rendered":"\n<div class=\"wp-block-columns is-layout-flex wp-container-core-columns-is-layout-9d6595d7 wp-block-columns-is-layout-flex\">\n  \n  <div class=\"wp-block-column is-layout-flow wp-block-column-is-layout-flow\" style=\"flex-basis:10%\"><\/div>\n  \n\n  \n  <div class=\"wp-block-column is-layout-flow wp-block-column-is-layout-flow\">\n    \n    <h3 class=\"wp-block-heading\">Podnikanie by malo re\u0161pektova\u0165 \u017eivotn\u00e9 prostredie!  <br\/>V roku 2023 sme z\u00edskali strieborn\u00fd certifik\u00e1t udr\u017eate\u013enosti EcoVadis.<\/h3>\n    \n\n    \n    <p>Je to ve\u013ek\u00e1 pocta, ktor\u00e1 korunuje na\u0161e \u00fasilie v oblasti ochrany \u017eivotn\u00e9ho prostredia a spolo\u010denskej zodpovednosti. Ak chceme toto miesto na\u010falej ob\u00fdva\u0165, mus\u00edme zachova\u0165 jasn\u00e9 a re\u0161pektuj\u00face vz\u0165ahy medzi spolo\u010dnos\u0165ou, pr\u00edrodou a jej komer\u010dn\u00fdm vyu\u017e\u00edvan\u00edm.<\/p>\n\n    <h4>Certifik\u00e1t EcoVadis &#8211; \u010do znamen\u00e1?<\/h4>\n    <p>Certifik\u00e1t EcoVadis potvrdzuje, \u017ee spolo\u010dnos\u0165 \u00fa\u010dinne riadi svoje <strong>postupy<\/strong> <strong>CSR (Corporate Social Responsibility) a ESG (<\/strong> <strong>Environmental, Social and Governance).<\/strong>  Hodnot\u00ed v\u00fdkonnos\u0165 na z\u00e1klade medzin\u00e1rodn\u00fdch noriem v oblastiach, ako s\u00fa <strong>pracovn\u00e9 pr\u00e1va, vplyv na \u017eivotn\u00e9 prostredie, etika, udr\u017eate\u013en\u00e9 obstar\u00e1vanie a \u013eudsk\u00e9 pr\u00e1va &#8211; v 200 kateg\u00f3ri\u00e1ch<\/strong>.<\/p>\n\n    <p>Glob\u00e1lny t\u00edm odborn\u00edkov z r\u00f4znych oblast\u00ed, ktor\u00ed pracuj\u00fa prostredn\u00edctvom technologickej platformy EcoVadis, hodnot\u00ed spolo\u010dnosti na z\u00e1klade komplexn\u00e9ho hodnotiaceho syst\u00e9mu udr\u017eate\u013enosti.  <strong>Len 25 % spolo\u010dnost\u00ed na celom svete, ktor\u00e9 prejd\u00fa t\u00fdmto hodnotiacim procesom, z\u00edska strieborn\u00fd certifik\u00e1t &#8211; a my sme hrd\u00ed, \u017ee sme medzi nimi.<\/strong><\/p>\n\n    <p>\u00daspe\u0161ne sme absolvovali hodnotenie a preuk\u00e1zali sme siln\u00fd syst\u00e9m riadenia v s\u00falade s metodikou EcoVadis. Certifik\u00e1cia zoh\u013ead\u0148uje tieto medzin\u00e1rodn\u00e9 normy:<\/p>\n    <ul>\n      <li>Sie\u0165 UN Global Compact<\/li>\n      <li>Glob\u00e1lna iniciat\u00edva pre pod\u00e1vanie spr\u00e1v (GRI)<\/li>\n      <li>Dohovory Medzin\u00e1rodnej organiz\u00e1cie pr\u00e1ce (MOP)<\/li>\n      <li>Norma ISO 26000<\/li>\n      <li>Hlavn\u00e9 z\u00e1sady OSN v oblasti podnikania a \u013eudsk\u00fdch pr\u00e1v<\/li>\n      <li>Pl\u00e1n CERES<\/li>\n    <\/ul>\n\n    <p><strong>\u010eakujeme v\u0161etk\u00fdm na\u0161im zamestnancom a partnerom za ich pr\u00edspevok k dosiahnutiu tohto m\u00ed\u013enika.<\/strong><\/p>\n    <p>&nbsp;<\/p>\n    \n  <\/div>\n  \n\n  \n  <div class=\"wp-block-column is-layout-flow wp-block-column-is-layout-flow\" style=\"flex-basis:10%\"><\/div>\n  \n<\/div>\n<div class=\"wp-block-image\">\n<figure class=\"aligncenter size-full is-resized\"><img loading=\"lazy\" decoding=\"async\" width=\"720\" height=\"480\" src=\"https:\/\/antersystem.com\/wp-content\/uploads\/eco-vadis-111-eng-edited.jpg\" alt=\"Strieborn&#xFD; certifik&#xE1;t udr&#x17E;ate&#x13E;nosti EcoVadis 2023\" class=\"wp-image-3096\" style=\"aspect-ratio:1.5;object-fit:cover;width:504px;height:auto\" srcset=\"https:\/\/antersystem.com\/wp-content\/uploads\/eco-vadis-111-eng-edited.jpg 720w, https:\/\/antersystem.com\/wp-content\/uploads\/eco-vadis-111-eng-edited-300x200.jpg 300w, https:\/\/antersystem.com\/wp-content\/uploads\/eco-vadis-111-eng-edited-450x300.jpg 450w, https:\/\/antersystem.com\/wp-content\/uploads\/eco-vadis-111-eng-edited-330x220.jpg 330w\" sizes=\"auto, (max-width: 720px) 100vw, 720px\" \/><\/figure><\/div>","protected":false},"excerpt":{"rendered":"<p>Podnikanie by malo re\u0161pektova\u0165 \u017eivotn\u00e9 prostredie! V roku 2023 sme z\u00edskali strieborn\u00fd certifik\u00e1t udr\u017eate\u013enosti EcoVadis. Je to ve\u013ek\u00e1 pocta, ktor\u00e1 korunuje na\u0161e \u00fasilie v oblasti ochrany \u017eivotn\u00e9ho prostredia a spolo\u010denskej zodpovednosti. Ak chceme toto miesto na\u010falej ob\u00fdva\u0165, mus\u00edme zachova\u0165 jasn\u00e9 a re\u0161pektuj\u00face vz\u0165ahy medzi spolo\u010dnos\u0165ou, pr\u00edrodou a jej komer\u010dn\u00fdm vyu\u017e\u00edvan\u00edm. Certifik\u00e1t EcoVadis &#8211; \u010do znamen\u00e1? [&hellip;]<\/p>\n","protected":false},"author":1,"featured_media":0,"parent":30350,"menu_order":0,"comment_status":"closed","ping_status":"closed","template":"","meta":{"inline_featured_image":false,"ngg_post_thumbnail":0,"footnotes":""},"class_list":["post-15681","page","type-page","status-publish","hentry"],"acf":[],"yoast_head":"<!-- This site is optimized with the Yoast SEO plugin v27.0 - https:\/\/yoast.com\/product\/yoast-seo-wordpress\/ -->\n<title>Strieborn\u00fd certifik\u00e1t udr\u017eate\u013enosti EcoVadis - Anter System<\/title>\n<meta name=\"description\" content=\"Podnikanie by malo re\u0161pektova\u0165 \u017eivotn\u00e9 prostredie! V roku 2023 sme z\u00edskali strieborn\u00fd certifik\u00e1t udr\u017eate\u013enosti EcoVadis. Je to ve\u013ek\u00e1 pocta, ktor\u00e1 korunuje\" \/>\n<meta name=\"robots\" content=\"index, follow, max-snippet:-1, max-image-preview:large, max-video-preview:-1\" \/>\n<link rel=\"canonical\" href=\"https:\/\/antersystem.com\/sk\/novinky\/ecovadis-2023-anter-system\/\" \/>\n<meta property=\"og:locale\" content=\"sk_SK\" \/>\n<meta property=\"og:type\" content=\"article\" \/>\n<meta property=\"og:title\" content=\"Strieborn\u00fd certifik\u00e1t udr\u017eate\u013enosti EcoVadis - Anter System\" \/>\n<meta property=\"og:description\" content=\"Podnikanie by malo re\u0161pektova\u0165 \u017eivotn\u00e9 prostredie! V roku 2023 sme z\u00edskali strieborn\u00fd certifik\u00e1t udr\u017eate\u013enosti EcoVadis. Je to ve\u013ek\u00e1 pocta, ktor\u00e1 korunuje\" \/>\n<meta property=\"og:url\" content=\"https:\/\/antersystem.com\/sk\/novinky\/ecovadis-2023-anter-system\/\" \/>\n<meta property=\"og:site_name\" content=\"Anter System\" \/>\n<meta property=\"article:modified_time\" content=\"2026-01-30T13:29:57+00:00\" \/>\n<meta property=\"og:image\" content=\"https:\/\/antersystem.com\/wp-content\/uploads\/eco-vadis-111-eng-edited.jpg\" \/>\n<meta name=\"twitter:card\" content=\"summary_large_image\" \/>\n<meta name=\"twitter:label1\" content=\"Predpokladan\u00fd \u010das \u010d\u00edtania\" \/>\n\t<meta name=\"twitter:data1\" content=\"1 min\u00fata\" \/>\n<script type=\"application\/ld+json\" class=\"yoast-schema-graph\">{\"@context\":\"https:\/\/schema.org\",\"@graph\":[{\"@type\":\"WebPage\",\"@id\":\"https:\/\/antersystem.com\/sk\/novinky\/ecovadis-2023-anter-system\/\",\"url\":\"https:\/\/antersystem.com\/sk\/novinky\/ecovadis-2023-anter-system\/\",\"name\":\"Strieborn\u00fd certifik\u00e1t udr\u017eate\u013enosti EcoVadis - Anter System\",\"isPartOf\":{\"@id\":\"https:\/\/antersystem.com\/sk\/#website\"},\"primaryImageOfPage\":{\"@id\":\"https:\/\/antersystem.com\/sk\/novinky\/ecovadis-2023-anter-system\/#primaryimage\"},\"image\":{\"@id\":\"https:\/\/antersystem.com\/sk\/novinky\/ecovadis-2023-anter-system\/#primaryimage\"},\"thumbnailUrl\":\"https:\/\/antersystem.com\/wp-content\/uploads\/eco-vadis-111-eng-edited.jpg\",\"datePublished\":\"2023-10-20T09:06:59+00:00\",\"dateModified\":\"2026-01-30T13:29:57+00:00\",\"description\":\"Podnikanie by malo re\u0161pektova\u0165 \u017eivotn\u00e9 prostredie! V roku 2023 sme z\u00edskali strieborn\u00fd certifik\u00e1t udr\u017eate\u013enosti EcoVadis. Je to ve\u013ek\u00e1 pocta, ktor\u00e1 korunuje\",\"breadcrumb\":{\"@id\":\"https:\/\/antersystem.com\/sk\/novinky\/ecovadis-2023-anter-system\/#breadcrumb\"},\"inLanguage\":\"sk-SK\",\"potentialAction\":[{\"@type\":\"ReadAction\",\"target\":[\"https:\/\/antersystem.com\/sk\/novinky\/ecovadis-2023-anter-system\/\"]}]},{\"@type\":\"ImageObject\",\"inLanguage\":\"sk-SK\",\"@id\":\"https:\/\/antersystem.com\/sk\/novinky\/ecovadis-2023-anter-system\/#primaryimage\",\"url\":\"https:\/\/antersystem.com\/wp-content\/uploads\/eco-vadis-111-eng-edited.jpg\",\"contentUrl\":\"https:\/\/antersystem.com\/wp-content\/uploads\/eco-vadis-111-eng-edited.jpg\"},{\"@type\":\"BreadcrumbList\",\"@id\":\"https:\/\/antersystem.com\/sk\/novinky\/ecovadis-2023-anter-system\/#breadcrumb\",\"itemListElement\":[{\"@type\":\"ListItem\",\"position\":1,\"name\":\"AnterSystem\",\"item\":\"https:\/\/antersystem.com\/sk\/\"},{\"@type\":\"ListItem\",\"position\":2,\"name\":\"Novinky\",\"item\":\"https:\/\/antersystem.com\/sk\/novinky\/\"},{\"@type\":\"ListItem\",\"position\":3,\"name\":\"Strieborn\u00fd certifik\u00e1t udr\u017eate\u013enosti EcoVadis\"}]},{\"@type\":\"WebSite\",\"@id\":\"https:\/\/antersystem.com\/sk\/#website\",\"url\":\"https:\/\/antersystem.com\/sk\/\",\"name\":\"Anter System\",\"description\":\"Jeste\u015bmy polskim producentem elastycznych barier ochronnych wykonywanych z polimerowych tworzyw sztucznych. Na rynku krajowym i zagranicznym dzia\u0142amy od ponad 15 lat dbaj\u0105c o zapewnienie bezpiecze\u0144stwa w zak\u0142adach produkcyjnych, magazynach oraz centrach logistycznych.\",\"potentialAction\":[{\"@type\":\"SearchAction\",\"target\":{\"@type\":\"EntryPoint\",\"urlTemplate\":\"https:\/\/antersystem.com\/sk\/?s={search_term_string}\"},\"query-input\":{\"@type\":\"PropertyValueSpecification\",\"valueRequired\":true,\"valueName\":\"search_term_string\"}}],\"inLanguage\":\"sk-SK\"}]}<\/script>\n<!-- \/ Yoast SEO plugin. -->","yoast_head_json":{"title":"Strieborn\u00fd certifik\u00e1t udr\u017eate\u013enosti EcoVadis - Anter System","description":"Podnikanie by malo re\u0161pektova\u0165 \u017eivotn\u00e9 prostredie! V roku 2023 sme z\u00edskali strieborn\u00fd certifik\u00e1t udr\u017eate\u013enosti EcoVadis. Je to ve\u013ek\u00e1 pocta, ktor\u00e1 korunuje","robots":{"index":"index","follow":"follow","max-snippet":"max-snippet:-1","max-image-preview":"max-image-preview:large","max-video-preview":"max-video-preview:-1"},"canonical":"https:\/\/antersystem.com\/sk\/novinky\/ecovadis-2023-anter-system\/","og_locale":"sk_SK","og_type":"article","og_title":"Strieborn\u00fd certifik\u00e1t udr\u017eate\u013enosti EcoVadis - Anter System","og_description":"Podnikanie by malo re\u0161pektova\u0165 \u017eivotn\u00e9 prostredie! V roku 2023 sme z\u00edskali strieborn\u00fd certifik\u00e1t udr\u017eate\u013enosti EcoVadis. Je to ve\u013ek\u00e1 pocta, ktor\u00e1 korunuje","og_url":"https:\/\/antersystem.com\/sk\/novinky\/ecovadis-2023-anter-system\/","og_site_name":"Anter System","article_modified_time":"2026-01-30T13:29:57+00:00","og_image":[{"url":"https:\/\/antersystem.com\/wp-content\/uploads\/eco-vadis-111-eng-edited.jpg","type":"","width":"","height":""}],"twitter_card":"summary_large_image","twitter_misc":{"Predpokladan\u00fd \u010das \u010d\u00edtania":"1 min\u00fata"},"schema":{"@context":"https:\/\/schema.org","@graph":[{"@type":"WebPage","@id":"https:\/\/antersystem.com\/sk\/novinky\/ecovadis-2023-anter-system\/","url":"https:\/\/antersystem.com\/sk\/novinky\/ecovadis-2023-anter-system\/","name":"Strieborn\u00fd certifik\u00e1t udr\u017eate\u013enosti EcoVadis - Anter System","isPartOf":{"@id":"https:\/\/antersystem.com\/sk\/#website"},"primaryImageOfPage":{"@id":"https:\/\/antersystem.com\/sk\/novinky\/ecovadis-2023-anter-system\/#primaryimage"},"image":{"@id":"https:\/\/antersystem.com\/sk\/novinky\/ecovadis-2023-anter-system\/#primaryimage"},"thumbnailUrl":"https:\/\/antersystem.com\/wp-content\/uploads\/eco-vadis-111-eng-edited.jpg","datePublished":"2023-10-20T09:06:59+00:00","dateModified":"2026-01-30T13:29:57+00:00","description":"Podnikanie by malo re\u0161pektova\u0165 \u017eivotn\u00e9 prostredie! V roku 2023 sme z\u00edskali strieborn\u00fd certifik\u00e1t udr\u017eate\u013enosti EcoVadis. Je to ve\u013ek\u00e1 pocta, ktor\u00e1 korunuje","breadcrumb":{"@id":"https:\/\/antersystem.com\/sk\/novinky\/ecovadis-2023-anter-system\/#breadcrumb"},"inLanguage":"sk-SK","potentialAction":[{"@type":"ReadAction","target":["https:\/\/antersystem.com\/sk\/novinky\/ecovadis-2023-anter-system\/"]}]},{"@type":"ImageObject","inLanguage":"sk-SK","@id":"https:\/\/antersystem.com\/sk\/novinky\/ecovadis-2023-anter-system\/#primaryimage","url":"https:\/\/antersystem.com\/wp-content\/uploads\/eco-vadis-111-eng-edited.jpg","contentUrl":"https:\/\/antersystem.com\/wp-content\/uploads\/eco-vadis-111-eng-edited.jpg"},{"@type":"BreadcrumbList","@id":"https:\/\/antersystem.com\/sk\/novinky\/ecovadis-2023-anter-system\/#breadcrumb","itemListElement":[{"@type":"ListItem","position":1,"name":"AnterSystem","item":"https:\/\/antersystem.com\/sk\/"},{"@type":"ListItem","position":2,"name":"Novinky","item":"https:\/\/antersystem.com\/sk\/novinky\/"},{"@type":"ListItem","position":3,"name":"Strieborn\u00fd certifik\u00e1t udr\u017eate\u013enosti EcoVadis"}]},{"@type":"WebSite","@id":"https:\/\/antersystem.com\/sk\/#website","url":"https:\/\/antersystem.com\/sk\/","name":"Anter System","description":"Jeste\u015bmy polskim producentem elastycznych barier ochronnych wykonywanych z polimerowych tworzyw sztucznych. Na rynku krajowym i zagranicznym dzia\u0142amy od ponad 15 lat dbaj\u0105c o zapewnienie bezpiecze\u0144stwa w zak\u0142adach produkcyjnych, magazynach oraz centrach logistycznych.","potentialAction":[{"@type":"SearchAction","target":{"@type":"EntryPoint","urlTemplate":"https:\/\/antersystem.com\/sk\/?s={search_term_string}"},"query-input":{"@type":"PropertyValueSpecification","valueRequired":true,"valueName":"search_term_string"}}],"inLanguage":"sk-SK"}]}},"_links":{"self":[{"href":"https:\/\/antersystem.com\/sk\/wp-json\/wp\/v2\/pages\/15681","targetHints":{"allow":["GET"]}}],"collection":[{"href":"https:\/\/antersystem.com\/sk\/wp-json\/wp\/v2\/pages"}],"about":[{"href":"https:\/\/antersystem.com\/sk\/wp-json\/wp\/v2\/types\/page"}],"author":[{"embeddable":true,"href":"https:\/\/antersystem.com\/sk\/wp-json\/wp\/v2\/users\/1"}],"replies":[{"embeddable":true,"href":"https:\/\/antersystem.com\/sk\/wp-json\/wp\/v2\/comments?post=15681"}],"version-history":[{"count":1,"href":"https:\/\/antersystem.com\/sk\/wp-json\/wp\/v2\/pages\/15681\/revisions"}],"predecessor-version":[{"id":15686,"href":"https:\/\/antersystem.com\/sk\/wp-json\/wp\/v2\/pages\/15681\/revisions\/15686"}],"up":[{"embeddable":true,"href":"https:\/\/antersystem.com\/sk\/wp-json\/wp\/v2\/pages\/30350"}],"wp:attachment":[{"href":"https:\/\/antersystem.com\/sk\/wp-json\/wp\/v2\/media?parent=15681"}],"curies":[{"name":"wp","href":"https:\/\/api.w.org\/{rel}","templated":true}]}}