{"id":15756,"date":"2024-05-28T10:54:04","date_gmt":"2024-05-28T08:54:04","guid":{"rendered":"https:\/\/new.antersystem.com\/modernlog24\/"},"modified":"2026-01-30T14:29:58","modified_gmt":"2026-01-30T13:29:58","slug":"modernlog24","status":"publish","type":"page","link":"https:\/\/antersystem.com\/sk\/novinky\/modernlog24\/","title":{"rendered":"MODERNLOG&#8217;24"},"content":{"rendered":"\n<div class=\"wp-block-columns is-layout-flex wp-container-core-columns-is-layout-9d6595d7 wp-block-columns-is-layout-flex\">\n<div class=\"wp-block-column is-layout-flow wp-block-column-is-layout-flow\" style=\"flex-basis:10%\"><\/div>\n\n\n\n<div class=\"wp-block-column is-layout-flow wp-block-column-is-layout-flow\">\n<h2 class=\"wp-block-heading\">Anter System &#8211; technologick\u00fd partner IN4LOG<\/h2>\n\n\n\n<h2 class=\"wp-block-heading\"><br\/>Ve\u013etrh Modernlog sa bude kona\u0165 od 4. do 7. j\u00fana 2024 na medzin\u00e1rodnom v\u00fdstavisku v Poznani v pavil\u00f3noch 7, 7A, 8 a 8A.<\/h2>\n\n\n\n<p>Za\u010diatok j\u00fana je na medzin\u00e1rodnom v\u00fdstavisku v Poznani vzru\u0161uj\u00facim obdob\u00edm. <strong>Modernlog a<\/strong> <strong>konferencia Smart Warehouse sa<\/strong> konaj\u00fa spolu s ve\u013etrhom <strong>ITM Industry Europe,<\/strong> ktor\u00fd predstavuje \u00faspechy po\u013esk\u00e9ho a svetov\u00e9ho priemyslu. Medzi sprievodn\u00e9 podujatia patr\u00ed aj <strong>ve\u013etrh priemyselnej spolupr\u00e1ce v oblasti subdod\u00e1vok.<\/strong> <a href=\"https:\/\/modernlog.pl\/pl\/aktualnosci\/wieksze-potrzeby-wieksza-powierzchnia-targi-modernlog-i-konferencja-smart-warehouse-z-nowa-lokalizacja\/\">Viac inform\u00e1ci\u00ed n\u00e1jdete na webovej str\u00e1nke organiz\u00e1tora.<\/a> N\u00e1v\u0161tevn\u00edci, ktor\u00ed sa pl\u00e1nuj\u00fa z\u00fa\u010dastni\u0165, by si ur\u010dite mali d\u00f4kladne napl\u00e1nova\u0165 trasu!<\/p>\n\n\n\n<p>Teraz sp\u00e4\u0165 k Modernlogu. Hlavnou atrakciou <strong>ve\u013etrhu logistiky, skladovania a dopravy s\u00fa<\/strong> \u017eiv\u00e9 <strong>uk\u00e1\u017eky<\/strong> strojov v <strong>z\u00f3ne In4Log, organizovan\u00e9<\/strong> v spolupr\u00e1ci s technologick\u00fdmi partnermi. <strong>Pr\u00e1ve tu n\u00e1s n\u00e1jdete &#8211; predstavujeme na\u0161e flexibiln\u00e9 bezpe\u010dnostn\u00e9 bari\u00e9ry.<\/strong> <strong>Spolo\u010dnos\u0165<\/strong> Anter <strong>System<\/strong> ako technologick\u00fd partner z\u00f3ny a konferencie <strong>poskytne<\/strong> bezpe\u010dnostn\u00e9 syst\u00e9my pre z\u00f3nu In4Log. Mnoh\u00e9 z ochrann\u00fdch rie\u0161en\u00ed, ktor\u00e9 tu priebe\u017ene opisujeme, bud\u00fa k dispoz\u00edcii priamo na mieste, aby ste si ich mohli vysk\u00fa\u0161a\u0165 v praxi.<\/p>\n\n\n\n<h3 class=\"wp-block-heading\">Optimaliz\u00e1cia v akcii<\/h3>\n\n\n\n<p><strong>In4Log je<\/strong> \u017eiv\u00e1 prezent\u00e1cia intralogistick\u00fdch procesov, ktor\u00e1 obnovuje kritick\u00e9 oper\u00e1cie zo skladov\u00e9ho a logistick\u00e9ho prostredia. Je to ide\u00e1lne miesto na to, aby ste sa na svoje s\u00fa\u010dasn\u00e9 vybavenie pozreli z novej perspekt\u00edvy a odblokovali vy\u0161\u0161iu produktivitu prostredn\u00edctvom lep\u0161ieho vyu\u017e\u00edvania zdrojov. Osved\u010den\u00e9 postupy a podporn\u00e9 produkty m\u00f4\u017eu in\u0161pirova\u0165 kreat\u00edvnej\u0161\u00ed pr\u00edstup k logistike. Uk\u00e1\u017eky sa bud\u00fa kona\u0165 ka\u017ed\u00fd de\u0148 podujatia.<\/p>\n\n\n\n<h3 class=\"wp-block-heading\">Bud\u00face technol\u00f3gie v logistike<\/h3>\n\n\n\n<p>Tohtoro\u010dn\u00fd Modernlog je nabit\u00fd vedomos\u0165ami. N\u00e1v\u0161tevn\u00edci s\u00fa pozvan\u00ed na <strong>konferenciu Smart Warehouse,<\/strong> ktor\u00e1 pon\u00faka praktick\u00e9 pr\u00edpadov\u00e9 \u0161t\u00fadie, poznatky o logistike <strong>4.0 a modern\u00e9 rie\u0161enia<\/strong> pre sklady bud\u00facnosti. Program zah\u0155\u0148a tematick\u00e9 panely, ako napr\u00edklad:<\/p>\n\n\n\n<ul>\n<li>Mana\u017e\u00e9ri \u010delia v\u00fdzvam logistiky bud\u00facnosti<\/li>\n<li>Digitaliz\u00e1cia a IoT &#8211; podpora skladov\u00fdch procesov<\/li>\n<li>Inteligentn\u00e9 sklady &#8211; automatiz\u00e1cia a transform\u00e1cia<\/li>\n<li>Roboty a technol\u00f3gie bud\u00facnosti<\/li>\n<li>Plnenie elektronick\u00e9ho obchodu &#8211; rast\u00face potreby, nov\u00e9 v\u00fdzvy<\/li>\n<\/ul>\n\n\n\n<p>Pre t\u00fdch, ktor\u00ed sa zauj\u00edmaj\u00fa o vplyv umelej inteligencie na pracovisko, je obzvl\u00e1\u0161\u0165 zauj\u00edmav\u00e1 predn\u00e1\u0161ka: <em>&#8222;Medzi zmyslom a nezmyslom &#8211; ako technologick\u00fd v\u00fdvoj zmen\u00ed na\u0161e pracovn\u00e9 sk\u00fasenosti&#8220; (<\/em> 1. <em>de\u0148<\/em>, predn\u00e1\u0161aj\u00faci: Bart\u0142omiej Brach).<\/p>\n\n\n\n<p>Na\u0161e <strong>flexibiln\u00e9 bari\u00e9ry s\u00fa<\/strong> priamou reakciou na v\u00fdzvy r\u00fdchlo sa vyv\u00edjaj\u00faceho sveta zalo\u017een\u00e9ho na technol\u00f3gi\u00e1ch. Umo\u017e\u0148uj\u00fa dynamick\u00e9 prisp\u00f4sobenie meniacim sa prev\u00e1dzkov\u00fdm podmienkam, pon\u00fakaj\u00fa kontrolu aj ochranu a z\u00e1rove\u0148 umo\u017e\u0148uj\u00fa rozv\u00edja\u0165 v\u00fdhody automatiz\u00e1cie.<\/p>\n\n\n\n<p>Poz\u00fdvame v\u00e1s presk\u00fama\u0165 v\u00fdhody flexibiln\u00fdch bari\u00e9r &#8211; v\u00fdrobkov s mnoh\u00fdmi inovat\u00edvnymi funkciami, ktor\u00e9 e\u0161te len bud\u00fa objaven\u00e9. Predstav\u00edme aj <strong>ocenen\u00e9 inov\u00e1cie spolo\u010dnosti Anter System, ktor\u00e9 boli ocenen\u00e9<\/strong> vo v\u00fdznamn\u00fdch priemyseln\u00fdch s\u00fa\u0165a\u017eiach. <strong>O\u010dak\u00e1vajte odborn\u00e9 poradenstvo a p\u00fatav\u00e9 praktick\u00e9 sk\u00fasenosti.<\/strong> A pre t\u00fdch, ktor\u00ed chc\u00fa vidie\u0165, \u010do ich \u010dak\u00e1 &#8211; tu je n\u00e1\u0161 <strong><a href=\"https:\/\/antersystem.com\/wiedza-i-nowosci\/modernlog-targi-logistyki-magazynowania-i-transportu\/\">rekapitul\u00e1cia z predch\u00e1dzaj\u00faceho ro\u010dn\u00edka.<\/a><\/strong><\/p>\n\n\n\n<p>\u010coskoro sa uvid\u00edme na <strong>Modernlog 2024!<\/strong> Objavte, ako m\u00f4\u017eu rie\u0161enia Anter System zmeni\u0165 va\u0161e podnikanie: <strong>Pavil\u00f3n 7A, st\u00e1nok 44.<\/strong><\/p>\n\n\n\n<p>Odkaz na podujatie: <strong><a href=\"https:\/\/modernlog.pl\/pl\/\">Modernlog<\/a><\/strong><\/p>\n\n\n\n<p><strong>#Modernlog #tradeshow #bezpe\u010dnos\u0165 #OHS #flexiblebarriers<\/strong><\/p>\n<\/div>\n\n\n\n<div class=\"wp-block-column is-layout-flow wp-block-column-is-layout-flow\" style=\"flex-basis:10%\"><\/div>\n<\/div>\n<div class=\"wp-block-image\">\n<figure class=\"aligncenter size-large is-resized\"><img loading=\"lazy\" decoding=\"async\" width=\"1024\" height=\"535\" src=\"https:\/\/antersystem.com\/wp-content\/uploads\/ZAJAWKA-MODERNLOG-1024x535.webp\" alt=\"Anter System na Modernlog 2024\" class=\"wp-image-4733\" style=\"width:720px;height:auto\" srcset=\"https:\/\/antersystem.com\/wp-content\/uploads\/ZAJAWKA-MODERNLOG-1024x535.webp 1024w, https:\/\/antersystem.com\/wp-content\/uploads\/ZAJAWKA-MODERNLOG-300x157.webp 300w, https:\/\/antersystem.com\/wp-content\/uploads\/ZAJAWKA-MODERNLOG-768x401.webp 768w, https:\/\/antersystem.com\/wp-content\/uploads\/ZAJAWKA-MODERNLOG-450x235.webp 450w, https:\/\/antersystem.com\/wp-content\/uploads\/ZAJAWKA-MODERNLOG-330x172.webp 330w, https:\/\/antersystem.com\/wp-content\/uploads\/ZAJAWKA-MODERNLOG.webp 1200w\" sizes=\"auto, (max-width: 1024px) 100vw, 1024px\" \/><\/figure><\/div>","protected":false},"excerpt":{"rendered":"<p>Anter System &#8211; technologick\u00fd partner IN4LOG Ve\u013etrh Modernlog sa bude kona\u0165 od 4. do 7. j\u00fana 2024 na medzin\u00e1rodnom v\u00fdstavisku v Poznani v pavil\u00f3noch 7, 7A, 8 a 8A. Za\u010diatok j\u00fana je na medzin\u00e1rodnom v\u00fdstavisku v Poznani vzru\u0161uj\u00facim obdob\u00edm. Modernlog a konferencia Smart Warehouse sa konaj\u00fa spolu s ve\u013etrhom ITM Industry Europe, ktor\u00fd predstavuje \u00faspechy [&hellip;]<\/p>\n","protected":false},"author":1,"featured_media":0,"parent":30350,"menu_order":0,"comment_status":"closed","ping_status":"closed","template":"","meta":{"inline_featured_image":false,"ngg_post_thumbnail":0,"footnotes":""},"class_list":["post-15756","page","type-page","status-publish","hentry"],"acf":[],"yoast_head":"<!-- This site is optimized with the Yoast SEO plugin v27.0 - https:\/\/yoast.com\/product\/yoast-seo-wordpress\/ -->\n<title>MODERNLOG&#039;24 - Anter System<\/title>\n<meta name=\"description\" content=\"Targi Modernlog potrwaj\u0105 od 4 do 7 czerwca&#039;24 na terenie Mi\u0119dzynarodowych Targ\u00f3w Pozna\u0144skich. Anter System zabezpieczy tam stref\u0119 In4Log.\" \/>\n<meta name=\"robots\" content=\"index, follow, max-snippet:-1, max-image-preview:large, max-video-preview:-1\" \/>\n<link rel=\"canonical\" href=\"https:\/\/antersystem.com\/sk\/novinky\/modernlog24\/\" \/>\n<meta property=\"og:locale\" content=\"sk_SK\" \/>\n<meta property=\"og:type\" content=\"article\" \/>\n<meta property=\"og:title\" content=\"MODERNLOG&#039;24 - Anter System\" \/>\n<meta property=\"og:description\" content=\"Targi Modernlog potrwaj\u0105 od 4 do 7 czerwca&#039;24 na terenie Mi\u0119dzynarodowych Targ\u00f3w Pozna\u0144skich. Anter System zabezpieczy tam stref\u0119 In4Log.\" \/>\n<meta property=\"og:url\" content=\"https:\/\/antersystem.com\/sk\/novinky\/modernlog24\/\" \/>\n<meta property=\"og:site_name\" content=\"Anter System\" \/>\n<meta property=\"article:modified_time\" content=\"2026-01-30T13:29:58+00:00\" \/>\n<meta property=\"og:image\" content=\"https:\/\/antersystem.com\/wp-content\/uploads\/ZAJAWKA-MODERNLOG-1024x535.webp\" \/>\n<meta name=\"twitter:card\" content=\"summary_large_image\" \/>\n<meta name=\"twitter:label1\" content=\"Predpokladan\u00fd \u010das \u010d\u00edtania\" \/>\n\t<meta name=\"twitter:data1\" content=\"3 min\u00faty\" \/>\n<script type=\"application\/ld+json\" class=\"yoast-schema-graph\">{\"@context\":\"https:\/\/schema.org\",\"@graph\":[{\"@type\":\"WebPage\",\"@id\":\"https:\/\/antersystem.com\/sk\/novinky\/modernlog24\/\",\"url\":\"https:\/\/antersystem.com\/sk\/novinky\/modernlog24\/\",\"name\":\"MODERNLOG'24 - Anter System\",\"isPartOf\":{\"@id\":\"https:\/\/antersystem.com\/sk\/#website\"},\"primaryImageOfPage\":{\"@id\":\"https:\/\/antersystem.com\/sk\/novinky\/modernlog24\/#primaryimage\"},\"image\":{\"@id\":\"https:\/\/antersystem.com\/sk\/novinky\/modernlog24\/#primaryimage\"},\"thumbnailUrl\":\"https:\/\/antersystem.com\/wp-content\/uploads\/ZAJAWKA-MODERNLOG-1024x535.webp\",\"datePublished\":\"2024-05-28T08:54:04+00:00\",\"dateModified\":\"2026-01-30T13:29:58+00:00\",\"description\":\"Targi Modernlog potrwaj\u0105 od 4 do 7 czerwca'24 na terenie Mi\u0119dzynarodowych Targ\u00f3w Pozna\u0144skich. Anter System zabezpieczy tam stref\u0119 In4Log.\",\"breadcrumb\":{\"@id\":\"https:\/\/antersystem.com\/sk\/novinky\/modernlog24\/#breadcrumb\"},\"inLanguage\":\"sk-SK\",\"potentialAction\":[{\"@type\":\"ReadAction\",\"target\":[\"https:\/\/antersystem.com\/sk\/novinky\/modernlog24\/\"]}]},{\"@type\":\"ImageObject\",\"inLanguage\":\"sk-SK\",\"@id\":\"https:\/\/antersystem.com\/sk\/novinky\/modernlog24\/#primaryimage\",\"url\":\"https:\/\/antersystem.com\/wp-content\/uploads\/ZAJAWKA-MODERNLOG-1024x535.webp\",\"contentUrl\":\"https:\/\/antersystem.com\/wp-content\/uploads\/ZAJAWKA-MODERNLOG-1024x535.webp\"},{\"@type\":\"BreadcrumbList\",\"@id\":\"https:\/\/antersystem.com\/sk\/novinky\/modernlog24\/#breadcrumb\",\"itemListElement\":[{\"@type\":\"ListItem\",\"position\":1,\"name\":\"AnterSystem\",\"item\":\"https:\/\/antersystem.com\/sk\/\"},{\"@type\":\"ListItem\",\"position\":2,\"name\":\"Novinky\",\"item\":\"https:\/\/antersystem.com\/sk\/novinky\/\"},{\"@type\":\"ListItem\",\"position\":3,\"name\":\"MODERNLOG&#8217;24\"}]},{\"@type\":\"WebSite\",\"@id\":\"https:\/\/antersystem.com\/sk\/#website\",\"url\":\"https:\/\/antersystem.com\/sk\/\",\"name\":\"Anter System\",\"description\":\"Jeste\u015bmy polskim producentem elastycznych barier ochronnych wykonywanych z polimerowych tworzyw sztucznych. Na rynku krajowym i zagranicznym dzia\u0142amy od ponad 15 lat dbaj\u0105c o zapewnienie bezpiecze\u0144stwa w zak\u0142adach produkcyjnych, magazynach oraz centrach logistycznych.\",\"potentialAction\":[{\"@type\":\"SearchAction\",\"target\":{\"@type\":\"EntryPoint\",\"urlTemplate\":\"https:\/\/antersystem.com\/sk\/?s={search_term_string}\"},\"query-input\":{\"@type\":\"PropertyValueSpecification\",\"valueRequired\":true,\"valueName\":\"search_term_string\"}}],\"inLanguage\":\"sk-SK\"}]}<\/script>\n<!-- \/ Yoast SEO plugin. -->","yoast_head_json":{"title":"MODERNLOG'24 - Anter System","description":"Targi Modernlog potrwaj\u0105 od 4 do 7 czerwca'24 na terenie Mi\u0119dzynarodowych Targ\u00f3w Pozna\u0144skich. Anter System zabezpieczy tam stref\u0119 In4Log.","robots":{"index":"index","follow":"follow","max-snippet":"max-snippet:-1","max-image-preview":"max-image-preview:large","max-video-preview":"max-video-preview:-1"},"canonical":"https:\/\/antersystem.com\/sk\/novinky\/modernlog24\/","og_locale":"sk_SK","og_type":"article","og_title":"MODERNLOG'24 - Anter System","og_description":"Targi Modernlog potrwaj\u0105 od 4 do 7 czerwca'24 na terenie Mi\u0119dzynarodowych Targ\u00f3w Pozna\u0144skich. Anter System zabezpieczy tam stref\u0119 In4Log.","og_url":"https:\/\/antersystem.com\/sk\/novinky\/modernlog24\/","og_site_name":"Anter System","article_modified_time":"2026-01-30T13:29:58+00:00","og_image":[{"url":"https:\/\/antersystem.com\/wp-content\/uploads\/ZAJAWKA-MODERNLOG-1024x535.webp","type":"","width":"","height":""}],"twitter_card":"summary_large_image","twitter_misc":{"Predpokladan\u00fd \u010das \u010d\u00edtania":"3 min\u00faty"},"schema":{"@context":"https:\/\/schema.org","@graph":[{"@type":"WebPage","@id":"https:\/\/antersystem.com\/sk\/novinky\/modernlog24\/","url":"https:\/\/antersystem.com\/sk\/novinky\/modernlog24\/","name":"MODERNLOG'24 - Anter System","isPartOf":{"@id":"https:\/\/antersystem.com\/sk\/#website"},"primaryImageOfPage":{"@id":"https:\/\/antersystem.com\/sk\/novinky\/modernlog24\/#primaryimage"},"image":{"@id":"https:\/\/antersystem.com\/sk\/novinky\/modernlog24\/#primaryimage"},"thumbnailUrl":"https:\/\/antersystem.com\/wp-content\/uploads\/ZAJAWKA-MODERNLOG-1024x535.webp","datePublished":"2024-05-28T08:54:04+00:00","dateModified":"2026-01-30T13:29:58+00:00","description":"Targi Modernlog potrwaj\u0105 od 4 do 7 czerwca'24 na terenie Mi\u0119dzynarodowych Targ\u00f3w Pozna\u0144skich. Anter System zabezpieczy tam stref\u0119 In4Log.","breadcrumb":{"@id":"https:\/\/antersystem.com\/sk\/novinky\/modernlog24\/#breadcrumb"},"inLanguage":"sk-SK","potentialAction":[{"@type":"ReadAction","target":["https:\/\/antersystem.com\/sk\/novinky\/modernlog24\/"]}]},{"@type":"ImageObject","inLanguage":"sk-SK","@id":"https:\/\/antersystem.com\/sk\/novinky\/modernlog24\/#primaryimage","url":"https:\/\/antersystem.com\/wp-content\/uploads\/ZAJAWKA-MODERNLOG-1024x535.webp","contentUrl":"https:\/\/antersystem.com\/wp-content\/uploads\/ZAJAWKA-MODERNLOG-1024x535.webp"},{"@type":"BreadcrumbList","@id":"https:\/\/antersystem.com\/sk\/novinky\/modernlog24\/#breadcrumb","itemListElement":[{"@type":"ListItem","position":1,"name":"AnterSystem","item":"https:\/\/antersystem.com\/sk\/"},{"@type":"ListItem","position":2,"name":"Novinky","item":"https:\/\/antersystem.com\/sk\/novinky\/"},{"@type":"ListItem","position":3,"name":"MODERNLOG&#8217;24"}]},{"@type":"WebSite","@id":"https:\/\/antersystem.com\/sk\/#website","url":"https:\/\/antersystem.com\/sk\/","name":"Anter System","description":"Jeste\u015bmy polskim producentem elastycznych barier ochronnych wykonywanych z polimerowych tworzyw sztucznych. Na rynku krajowym i zagranicznym dzia\u0142amy od ponad 15 lat dbaj\u0105c o zapewnienie bezpiecze\u0144stwa w zak\u0142adach produkcyjnych, magazynach oraz centrach logistycznych.","potentialAction":[{"@type":"SearchAction","target":{"@type":"EntryPoint","urlTemplate":"https:\/\/antersystem.com\/sk\/?s={search_term_string}"},"query-input":{"@type":"PropertyValueSpecification","valueRequired":true,"valueName":"search_term_string"}}],"inLanguage":"sk-SK"}]}},"_links":{"self":[{"href":"https:\/\/antersystem.com\/sk\/wp-json\/wp\/v2\/pages\/15756","targetHints":{"allow":["GET"]}}],"collection":[{"href":"https:\/\/antersystem.com\/sk\/wp-json\/wp\/v2\/pages"}],"about":[{"href":"https:\/\/antersystem.com\/sk\/wp-json\/wp\/v2\/types\/page"}],"author":[{"embeddable":true,"href":"https:\/\/antersystem.com\/sk\/wp-json\/wp\/v2\/users\/1"}],"replies":[{"embeddable":true,"href":"https:\/\/antersystem.com\/sk\/wp-json\/wp\/v2\/comments?post=15756"}],"version-history":[{"count":1,"href":"https:\/\/antersystem.com\/sk\/wp-json\/wp\/v2\/pages\/15756\/revisions"}],"predecessor-version":[{"id":15759,"href":"https:\/\/antersystem.com\/sk\/wp-json\/wp\/v2\/pages\/15756\/revisions\/15759"}],"up":[{"embeddable":true,"href":"https:\/\/antersystem.com\/sk\/wp-json\/wp\/v2\/pages\/30350"}],"wp:attachment":[{"href":"https:\/\/antersystem.com\/sk\/wp-json\/wp\/v2\/media?parent=15756"}],"curies":[{"name":"wp","href":"https:\/\/api.w.org\/{rel}","templated":true}]}}