{"id":30345,"date":"2023-11-22T10:15:28","date_gmt":"2023-11-22T09:15:28","guid":{"rendered":"https:\/\/new.antersystem.com\/big-5-global-2023\/"},"modified":"2026-01-30T14:29:57","modified_gmt":"2026-01-30T13:29:57","slug":"big-5-global-2023","status":"publish","type":"page","link":"https:\/\/antersystem.com\/sk\/novinky\/big-5-global-2023\/","title":{"rendered":"Anter System na ve\u013etrhu Big 5 Global&#8217;23"},"content":{"rendered":"\n<div class=\"wp-block-columns is-layout-flex wp-container-core-columns-is-layout-9d6595d7 wp-block-columns-is-layout-flex\">\n<div class=\"wp-block-column is-layout-flow wp-block-column-is-layout-flow\" style=\"flex-basis:10%\"><\/div>\n\n\n\n<div class=\"wp-block-column is-layout-flow wp-block-column-is-layout-flow\">\n<h3 class=\"wp-block-heading\"><strong>Anter System v spolupr\u00e1ci s Po\u013eskou agent\u00farou pre invest\u00edcie a obchod v Dubaji<\/strong><\/h3>\n\n\n\n<p>\u010coraz viac vyu\u017e\u00edvame digitaliz\u00e1ciu a internet vec\u00ed. Digit\u00e1lny obeh dokumentov a roz\u0161\u00edren\u00e9 pou\u017e\u00edvanie GPS sa stali \u0161tandardom. Okrem nov\u00fdch technol\u00f3gi\u00ed s\u00fa v\u0161ak sp\u00f4sobmi objavovania nezn\u00e1meho aj medzin\u00e1rodn\u00e9 partnerstv\u00e1 a vstup na vzdialen\u00e9 trhy. \u010co skuto\u010dne vieme o trhoch Bl\u00edzkeho v\u00fdchodu? Do akej miery pozn\u00e1 svetov\u00fd priemysel \u0161peciality po\u013esk\u00fdch spolo\u010dnost\u00ed?<\/p>\n\n\n\n<p>To sa pr\u00e1ve dozved\u00e1me! Ako v\u00fdrobca flexibiln\u00fdch bezpe\u010dnostn\u00fdch z\u00e1bran sme prijali pozvanie spolo\u010dnosti PAIH na stavebn\u00fd ve\u013etrh Big 5 Global 2023. Podujatie sa uskuto\u010dn\u00ed 4. a\u017e 7. decembra 2023 v Dubaji (Spojen\u00e9 arabsk\u00e9 emir\u00e1ty).<\/p>\n\n\n\n<h4 class=\"wp-block-heading\">Big 5 Global<\/h4>\n\n\n\n<p><a href=\"https:\/\/www.big5global.com\/\">Ve\u013etrh Big 5 Global<\/a> je jedn\u00fdm z najd\u00f4le\u017eitej\u0161\u00edch podujat\u00ed v glob\u00e1lnom stavebnom a infra\u0161trukt\u00farnom priemysle. Na predch\u00e1dzaj\u00facom ro\u010dn\u00edku sa z\u00fa\u010dastnilo 2 200 vystavovate\u013eov zo 150 kraj\u00edn a viac ako 68 000 n\u00e1v\u0161tevn\u00edkov. S\u00fa\u010das\u0165ou podujatia je aj mno\u017estvo \u010fal\u0161\u00edch iniciat\u00edv, konferenci\u00ed a tematick\u00fdch zasadnut\u00ed.<\/p>\n\n\n\n<p>Sme ve\u013emi radi, \u017ee m\u00e1me mo\u017enos\u0165 predstavi\u0165 po\u013esk\u00e9 v\u00fdrobky a slu\u017eby \u0161irok\u00e9mu publiku potenci\u00e1lnych klientov. Reakcia Po\u013eskej agent\u00fary pre invest\u00edcie a obchod je pre n\u00e1s ve\u013ekou c\u0165ou. Spolo\u010dnos\u0165 Anter System, ktor\u00e1 sa \u0161pecializuje na bezpe\u010dnostn\u00e9 syst\u00e9my, vznikla na z\u00e1klade rozsiahlych sk\u00fasenost\u00ed svojich zakladate\u013eov v tejto oblasti. Poskytovanie poradenstva v oblasti rie\u0161en\u00ed, ktor\u00e9 m\u00f4\u017eu zv\u00fd\u0161i\u0165 kvalitu a bezpe\u010dnos\u0165 pr\u00e1ce, je jedn\u00fdm zo z\u00e1kladn\u00fdch kame\u0148ov n\u00e1\u0161ho rozvoja. Ver\u00edme, \u017ee schopnos\u0165 organizova\u0165 priestor pomocou flexibiln\u00fdch bezpe\u010dnostn\u00fdch bari\u00e9r je na konkuren\u010dnom trhu silnou v\u00fdhodou.<\/p>\n\n\n\n<p>Poz\u00fdvame v\u00e1s nav\u0161t\u00edvi\u0165 n\u00e1\u0161 st\u00e1nok a podeli\u0165 sa o svoje n\u00e1pady!<\/p>\n<\/div>\n\n\n\n<div class=\"wp-block-column is-layout-flow wp-block-column-is-layout-flow\" style=\"flex-basis:10%\"><\/div>\n<\/div>\n\n<p><\/p>\n<div class=\"wp-block-image\">\n<figure class=\"aligncenter size-large is-resized\"><img loading=\"lazy\" decoding=\"async\" width=\"1024\" height=\"535\" src=\"https:\/\/antersystem.com\/wp-content\/uploads\/4-7-December-2023-Dubai-World-Trade-Centre-1-1024x535.jpg\" alt=\"\" class=\"wp-image-3635\" style=\"width:720px;height:auto\" srcset=\"https:\/\/antersystem.com\/wp-content\/uploads\/4-7-December-2023-Dubai-World-Trade-Centre-1-1024x535.jpg 1024w, https:\/\/antersystem.com\/wp-content\/uploads\/4-7-December-2023-Dubai-World-Trade-Centre-1-300x157.jpg 300w, https:\/\/antersystem.com\/wp-content\/uploads\/4-7-December-2023-Dubai-World-Trade-Centre-1-768x401.jpg 768w, https:\/\/antersystem.com\/wp-content\/uploads\/4-7-December-2023-Dubai-World-Trade-Centre-1-450x235.jpg 450w, https:\/\/antersystem.com\/wp-content\/uploads\/4-7-December-2023-Dubai-World-Trade-Centre-1-330x172.jpg 330w, https:\/\/antersystem.com\/wp-content\/uploads\/4-7-December-2023-Dubai-World-Trade-Centre-1.jpg 1200w\" sizes=\"auto, (max-width: 1024px) 100vw, 1024px\" \/><\/figure><\/div>","protected":false},"excerpt":{"rendered":"<p>Anter System v spolupr\u00e1ci s Po\u013eskou agent\u00farou pre invest\u00edcie a obchod v Dubaji \u010coraz viac vyu\u017e\u00edvame digitaliz\u00e1ciu a internet vec\u00ed. Digit\u00e1lny obeh dokumentov a roz\u0161\u00edren\u00e9 pou\u017e\u00edvanie GPS sa stali \u0161tandardom. Okrem nov\u00fdch technol\u00f3gi\u00ed s\u00fa v\u0161ak sp\u00f4sobmi objavovania nezn\u00e1meho aj medzin\u00e1rodn\u00e9 partnerstv\u00e1 a vstup na vzdialen\u00e9 trhy. \u010co skuto\u010dne vieme o trhoch Bl\u00edzkeho v\u00fdchodu? Do akej [&hellip;]<\/p>\n","protected":false},"author":1,"featured_media":0,"parent":30350,"menu_order":0,"comment_status":"closed","ping_status":"closed","template":"","meta":{"inline_featured_image":false,"ngg_post_thumbnail":0,"footnotes":""},"class_list":["post-30345","page","type-page","status-publish","hentry"],"acf":[],"yoast_head":"<!-- This site is optimized with the Yoast SEO plugin v27.0 - https:\/\/yoast.com\/product\/yoast-seo-wordpress\/ -->\n<title>Anter System na ve\u013etrhu Big 5 Global&#039;23 - Anter System<\/title>\n<meta name=\"description\" content=\"Ako producent elastycznych barier ochronnych przyj\u0119li\u015bmy zaproszenie PAIH do udzia\u0142u w targach budowlanych Big 5 Global 2023.\" \/>\n<meta name=\"robots\" content=\"index, follow, max-snippet:-1, max-image-preview:large, max-video-preview:-1\" \/>\n<link rel=\"canonical\" href=\"https:\/\/antersystem.com\/sk\/novinky\/big-5-global-2023\/\" \/>\n<meta property=\"og:locale\" content=\"sk_SK\" \/>\n<meta property=\"og:type\" content=\"article\" \/>\n<meta property=\"og:title\" content=\"Anter System na ve\u013etrhu Big 5 Global&#039;23 - Anter System\" \/>\n<meta property=\"og:description\" content=\"Ako producent elastycznych barier ochronnych przyj\u0119li\u015bmy zaproszenie PAIH do udzia\u0142u w targach budowlanych Big 5 Global 2023.\" \/>\n<meta property=\"og:url\" content=\"https:\/\/antersystem.com\/sk\/novinky\/big-5-global-2023\/\" \/>\n<meta property=\"og:site_name\" content=\"Anter System\" \/>\n<meta property=\"article:modified_time\" content=\"2026-01-30T13:29:57+00:00\" \/>\n<meta property=\"og:image\" content=\"https:\/\/antersystem.com\/wp-content\/uploads\/4-7-December-2023-Dubai-World-Trade-Centre-1-1024x535.jpg\" \/>\n<meta name=\"twitter:card\" content=\"summary_large_image\" \/>\n<meta name=\"twitter:label1\" content=\"Predpokladan\u00fd \u010das \u010d\u00edtania\" \/>\n\t<meta name=\"twitter:data1\" content=\"2 min\u00faty\" \/>\n<script type=\"application\/ld+json\" class=\"yoast-schema-graph\">{\"@context\":\"https:\/\/schema.org\",\"@graph\":[{\"@type\":\"WebPage\",\"@id\":\"https:\/\/antersystem.com\/sk\/novinky\/big-5-global-2023\/\",\"url\":\"https:\/\/antersystem.com\/sk\/novinky\/big-5-global-2023\/\",\"name\":\"Anter System na ve\u013etrhu Big 5 Global'23 - Anter System\",\"isPartOf\":{\"@id\":\"https:\/\/antersystem.com\/sk\/#website\"},\"primaryImageOfPage\":{\"@id\":\"https:\/\/antersystem.com\/sk\/novinky\/big-5-global-2023\/#primaryimage\"},\"image\":{\"@id\":\"https:\/\/antersystem.com\/sk\/novinky\/big-5-global-2023\/#primaryimage\"},\"thumbnailUrl\":\"https:\/\/antersystem.com\/wp-content\/uploads\/4-7-December-2023-Dubai-World-Trade-Centre-1-1024x535.jpg\",\"datePublished\":\"2023-11-22T09:15:28+00:00\",\"dateModified\":\"2026-01-30T13:29:57+00:00\",\"description\":\"Ako producent elastycznych barier ochronnych przyj\u0119li\u015bmy zaproszenie PAIH do udzia\u0142u w targach budowlanych Big 5 Global 2023.\",\"breadcrumb\":{\"@id\":\"https:\/\/antersystem.com\/sk\/novinky\/big-5-global-2023\/#breadcrumb\"},\"inLanguage\":\"sk-SK\",\"potentialAction\":[{\"@type\":\"ReadAction\",\"target\":[\"https:\/\/antersystem.com\/sk\/novinky\/big-5-global-2023\/\"]}]},{\"@type\":\"ImageObject\",\"inLanguage\":\"sk-SK\",\"@id\":\"https:\/\/antersystem.com\/sk\/novinky\/big-5-global-2023\/#primaryimage\",\"url\":\"https:\/\/antersystem.com\/wp-content\/uploads\/4-7-December-2023-Dubai-World-Trade-Centre-1-1024x535.jpg\",\"contentUrl\":\"https:\/\/antersystem.com\/wp-content\/uploads\/4-7-December-2023-Dubai-World-Trade-Centre-1-1024x535.jpg\"},{\"@type\":\"BreadcrumbList\",\"@id\":\"https:\/\/antersystem.com\/sk\/novinky\/big-5-global-2023\/#breadcrumb\",\"itemListElement\":[{\"@type\":\"ListItem\",\"position\":1,\"name\":\"AnterSystem\",\"item\":\"https:\/\/antersystem.com\/sk\/\"},{\"@type\":\"ListItem\",\"position\":2,\"name\":\"Novinky\",\"item\":\"https:\/\/antersystem.com\/sk\/novinky\/\"},{\"@type\":\"ListItem\",\"position\":3,\"name\":\"Anter System na ve\u013etrhu Big 5 Global&#8217;23\"}]},{\"@type\":\"WebSite\",\"@id\":\"https:\/\/antersystem.com\/sk\/#website\",\"url\":\"https:\/\/antersystem.com\/sk\/\",\"name\":\"Anter System\",\"description\":\"Jeste\u015bmy polskim producentem elastycznych barier ochronnych wykonywanych z polimerowych tworzyw sztucznych. Na rynku krajowym i zagranicznym dzia\u0142amy od ponad 15 lat dbaj\u0105c o zapewnienie bezpiecze\u0144stwa w zak\u0142adach produkcyjnych, magazynach oraz centrach logistycznych.\",\"potentialAction\":[{\"@type\":\"SearchAction\",\"target\":{\"@type\":\"EntryPoint\",\"urlTemplate\":\"https:\/\/antersystem.com\/sk\/?s={search_term_string}\"},\"query-input\":{\"@type\":\"PropertyValueSpecification\",\"valueRequired\":true,\"valueName\":\"search_term_string\"}}],\"inLanguage\":\"sk-SK\"}]}<\/script>\n<!-- \/ Yoast SEO plugin. -->","yoast_head_json":{"title":"Anter System na ve\u013etrhu Big 5 Global'23 - Anter System","description":"Ako producent elastycznych barier ochronnych przyj\u0119li\u015bmy zaproszenie PAIH do udzia\u0142u w targach budowlanych Big 5 Global 2023.","robots":{"index":"index","follow":"follow","max-snippet":"max-snippet:-1","max-image-preview":"max-image-preview:large","max-video-preview":"max-video-preview:-1"},"canonical":"https:\/\/antersystem.com\/sk\/novinky\/big-5-global-2023\/","og_locale":"sk_SK","og_type":"article","og_title":"Anter System na ve\u013etrhu Big 5 Global'23 - Anter System","og_description":"Ako producent elastycznych barier ochronnych przyj\u0119li\u015bmy zaproszenie PAIH do udzia\u0142u w targach budowlanych Big 5 Global 2023.","og_url":"https:\/\/antersystem.com\/sk\/novinky\/big-5-global-2023\/","og_site_name":"Anter System","article_modified_time":"2026-01-30T13:29:57+00:00","og_image":[{"url":"https:\/\/antersystem.com\/wp-content\/uploads\/4-7-December-2023-Dubai-World-Trade-Centre-1-1024x535.jpg","type":"","width":"","height":""}],"twitter_card":"summary_large_image","twitter_misc":{"Predpokladan\u00fd \u010das \u010d\u00edtania":"2 min\u00faty"},"schema":{"@context":"https:\/\/schema.org","@graph":[{"@type":"WebPage","@id":"https:\/\/antersystem.com\/sk\/novinky\/big-5-global-2023\/","url":"https:\/\/antersystem.com\/sk\/novinky\/big-5-global-2023\/","name":"Anter System na ve\u013etrhu Big 5 Global'23 - Anter System","isPartOf":{"@id":"https:\/\/antersystem.com\/sk\/#website"},"primaryImageOfPage":{"@id":"https:\/\/antersystem.com\/sk\/novinky\/big-5-global-2023\/#primaryimage"},"image":{"@id":"https:\/\/antersystem.com\/sk\/novinky\/big-5-global-2023\/#primaryimage"},"thumbnailUrl":"https:\/\/antersystem.com\/wp-content\/uploads\/4-7-December-2023-Dubai-World-Trade-Centre-1-1024x535.jpg","datePublished":"2023-11-22T09:15:28+00:00","dateModified":"2026-01-30T13:29:57+00:00","description":"Ako producent elastycznych barier ochronnych przyj\u0119li\u015bmy zaproszenie PAIH do udzia\u0142u w targach budowlanych Big 5 Global 2023.","breadcrumb":{"@id":"https:\/\/antersystem.com\/sk\/novinky\/big-5-global-2023\/#breadcrumb"},"inLanguage":"sk-SK","potentialAction":[{"@type":"ReadAction","target":["https:\/\/antersystem.com\/sk\/novinky\/big-5-global-2023\/"]}]},{"@type":"ImageObject","inLanguage":"sk-SK","@id":"https:\/\/antersystem.com\/sk\/novinky\/big-5-global-2023\/#primaryimage","url":"https:\/\/antersystem.com\/wp-content\/uploads\/4-7-December-2023-Dubai-World-Trade-Centre-1-1024x535.jpg","contentUrl":"https:\/\/antersystem.com\/wp-content\/uploads\/4-7-December-2023-Dubai-World-Trade-Centre-1-1024x535.jpg"},{"@type":"BreadcrumbList","@id":"https:\/\/antersystem.com\/sk\/novinky\/big-5-global-2023\/#breadcrumb","itemListElement":[{"@type":"ListItem","position":1,"name":"AnterSystem","item":"https:\/\/antersystem.com\/sk\/"},{"@type":"ListItem","position":2,"name":"Novinky","item":"https:\/\/antersystem.com\/sk\/novinky\/"},{"@type":"ListItem","position":3,"name":"Anter System na ve\u013etrhu Big 5 Global&#8217;23"}]},{"@type":"WebSite","@id":"https:\/\/antersystem.com\/sk\/#website","url":"https:\/\/antersystem.com\/sk\/","name":"Anter System","description":"Jeste\u015bmy polskim producentem elastycznych barier ochronnych wykonywanych z polimerowych tworzyw sztucznych. Na rynku krajowym i zagranicznym dzia\u0142amy od ponad 15 lat dbaj\u0105c o zapewnienie bezpiecze\u0144stwa w zak\u0142adach produkcyjnych, magazynach oraz centrach logistycznych.","potentialAction":[{"@type":"SearchAction","target":{"@type":"EntryPoint","urlTemplate":"https:\/\/antersystem.com\/sk\/?s={search_term_string}"},"query-input":{"@type":"PropertyValueSpecification","valueRequired":true,"valueName":"search_term_string"}}],"inLanguage":"sk-SK"}]}},"_links":{"self":[{"href":"https:\/\/antersystem.com\/sk\/wp-json\/wp\/v2\/pages\/30345","targetHints":{"allow":["GET"]}}],"collection":[{"href":"https:\/\/antersystem.com\/sk\/wp-json\/wp\/v2\/pages"}],"about":[{"href":"https:\/\/antersystem.com\/sk\/wp-json\/wp\/v2\/types\/page"}],"author":[{"embeddable":true,"href":"https:\/\/antersystem.com\/sk\/wp-json\/wp\/v2\/users\/1"}],"replies":[{"embeddable":true,"href":"https:\/\/antersystem.com\/sk\/wp-json\/wp\/v2\/comments?post=30345"}],"version-history":[{"count":1,"href":"https:\/\/antersystem.com\/sk\/wp-json\/wp\/v2\/pages\/30345\/revisions"}],"predecessor-version":[{"id":30346,"href":"https:\/\/antersystem.com\/sk\/wp-json\/wp\/v2\/pages\/30345\/revisions\/30346"}],"up":[{"embeddable":true,"href":"https:\/\/antersystem.com\/sk\/wp-json\/wp\/v2\/pages\/30350"}],"wp:attachment":[{"href":"https:\/\/antersystem.com\/sk\/wp-json\/wp\/v2\/media?parent=30345"}],"curies":[{"name":"wp","href":"https:\/\/api.w.org\/{rel}","templated":true}]}}