{"id":30826,"date":"2024-02-15T10:41:35","date_gmt":"2024-02-15T09:41:35","guid":{"rendered":"https:\/\/new.antersystem.com\/novinky\/logimat-2024\/"},"modified":"2026-01-30T14:36:36","modified_gmt":"2026-01-30T13:36:36","slug":"logimat-2024","status":"publish","type":"page","link":"https:\/\/antersystem.com\/sk\/novinky\/logimat-2024\/","title":{"rendered":"LogiMAT 2024"},"content":{"rendered":"\n<div class=\"wp-block-columns is-layout-flex wp-container-core-columns-is-layout-9d6595d7 wp-block-columns-is-layout-flex\">\n  \n  <div class=\"wp-block-column is-layout-flow wp-block-column-is-layout-flow\" style=\"flex-basis:10%\"><\/div>\n  \n\n  \n  <div class=\"wp-block-column is-layout-flow wp-block-column-is-layout-flow\">\n    \n    <h3 class=\"wp-block-heading\">Pozv\u00e1nka na LogiMAT!<\/h3>\n    \n\n    \n    <p>U\u017e o mesiac <strong>sa<\/strong> v Stuttgarte za\u010dne medzin\u00e1rodn\u00fd <strong>ve\u013etrh LogiMAT<\/strong>. Od <strong>19. do 21. marca<\/strong> predstav\u00edme na\u0161e syst\u00e9my, ktor\u00e9 zvy\u0161uj\u00fa bezpe\u010dnos\u0165 v skladoch a logistick\u00fdch centr\u00e1ch. Podujatie v\u00e1s poz\u00fdva na prehliadku nov\u00fdch priemyseln\u00fdch trendov a najmodernej\u0161\u00edch produktov. Hlavn\u00e1 t\u00e9ma tohtoro\u010dnej obchodnej platformy: <strong>SPOLO\u010cNE FORMOVA\u0164 ZMENU.<\/strong><\/p>\n    \n\n    \n    <h4 class=\"wp-block-heading\"><strong>\u010co m\u00f4\u017eete o\u010dak\u00e1va\u0165 na ve\u013etrhu LogiMAT 2024?<\/strong><\/h4>\n    \n\n    \n    <p>Popri glob\u00e1lnych a eur\u00f3pskych premi\u00e9rach <strong>sa<\/strong> odborn\u00edci z odvetvia na <strong>ve\u013etrhu LogiMAT 2024<\/strong> zozn\u00e1mia so \u0161irokou \u0161k\u00e1lou nov\u00fdch a vylep\u0161en\u00fdch rie\u0161en\u00ed ur\u010den\u00fdch na optimaliz\u00e1ciu pracovn\u00fdch postupov v intralogistike. \u00dastrednou t\u00e9mou tohto ro\u010dn\u00edka <strong>bude mobilita skladu<\/strong>, ktor\u00e1 bude zv\u00fdraznen\u00e1 naprie\u010d produktmi a rie\u0161eniami prezentovan\u00fdmi r\u00f4znymi vystavovate\u013emi &#8211; od v\u00fdrobcov strojov a zariaden\u00ed, cez v\u00fdvoj\u00e1rov auton\u00f3mnych mobiln\u00fdch robotov (AMR), v\u00fdrobcov priemyseln\u00fdch voz\u00edkov a\u017e po spolo\u010dnosti ako sme my &#8211; v\u00fdrobcovia <a href=\"https:\/\/antersystem.com\/produkty\/\">mobiln\u00fdch a flexibiln\u00fdch bezpe\u010dnostn\u00fdch bari\u00e9r.<\/a><\/p>\n    \n\n    \n    <p>Vstupenky na podujatie si m\u00f4\u017eete rezervova\u0165 tu: <a href=\"https:\/\/www.logimat-messe.de\/en\"><strong>logimat-messe.de\/en<\/strong><\/a><\/p>\n    \n\n    \n    <p><em>&#8222;V\u010faka cel\u00e9mu spektru inov\u00e1ci\u00ed, ktor\u00e9 vystavovatelia prines\u00fa do Stuttgartu, LogiMAT 2024 odr\u00e1\u017ea aktu\u00e1lne trendy, ktor\u00e9 formuj\u00fa cel\u00fd sektor intralogistiky,&#8220; zhrnul<\/em> riadite\u013e <em>v\u00fdstavy<\/em> Michael <strong>Ruchty.<\/strong> <em>&#8222;LogiMAT d\u00e1va odborn\u00edkom pr\u00edle\u017eitos\u0165 presk\u00fama\u0165 najmodernej\u0161ie rie\u0161enia, ktor\u00e9 bud\u00fa v nasleduj\u00facich rokoch definova\u0165 toto odvetvie.&#8220;<\/em><\/p>\n    \n\n    \n    <h4 class=\"wp-block-heading\"><strong>Zdie\u013eanie vedomost\u00ed<\/strong><\/h4>\n    \n\n    \n    <p>Poskytujeme odborn\u00e9 rie\u0161enia na posilnenie bezpe\u010dnosti pr\u00e1ce vo va\u0161ej firme. Ak m\u00e1te z\u00e1ujem sa s nami spoji\u0165, radi sa s vami stretneme a podrobne prediskutujeme konkr\u00e9tne mo\u017enosti. Nav\u0161t\u00edvte n\u00e1s v <strong>hale 9, st\u00e1nok 9A17.<\/strong> Na\u010falej pon\u00fakame aj <strong>bezplatn\u00fd bezpe\u010dnostn\u00fd audit na mieste zameran\u00fd<\/strong> na zlep\u0161enie stability a spo\u013eahlivosti pracovn\u00fdch priestorov &#8211; ak si chcete napl\u00e1nova\u0165 svoj audit, zavolajte n\u00e1m na <a href=\"tel:+48%20606%20116%20171\"><strong>+48 606 116 171<\/strong><\/a>.<\/p>\n    \n\n    \n    <hr class=\"wp-block-separator has-text-color has-white-color has-alpha-channel-opacity has-white-background-color has-background is-style-default\"\/>\n    \n  <\/div>\n  \n\n  \n  <div class=\"wp-block-column is-layout-flow wp-block-column-is-layout-flow\" style=\"flex-basis:10%\"><\/div>\n  \n<\/div>\n<div class=\"wp-block-image\">\n<figure class=\"aligncenter size-large is-resized\"><img loading=\"lazy\" decoding=\"async\" width=\"1024\" height=\"535\" src=\"https:\/\/antersystem.com\/wp-content\/uploads\/Logimat2024-Anter-System-invitation-2-1024x535.jpg\" alt=\"Anter System na pozv&#xE1;nke na LogiMAT 2024\" class=\"wp-image-4227\" style=\"width:720px;height:auto\" srcset=\"https:\/\/antersystem.com\/wp-content\/uploads\/Logimat2024-Anter-System-invitation-2-1024x535.jpg 1024w, https:\/\/antersystem.com\/wp-content\/uploads\/Logimat2024-Anter-System-invitation-2-300x157.jpg 300w, https:\/\/antersystem.com\/wp-content\/uploads\/Logimat2024-Anter-System-invitation-2-768x401.jpg 768w, https:\/\/antersystem.com\/wp-content\/uploads\/Logimat2024-Anter-System-invitation-2-450x235.jpg 450w, https:\/\/antersystem.com\/wp-content\/uploads\/Logimat2024-Anter-System-invitation-2-330x172.jpg 330w, https:\/\/antersystem.com\/wp-content\/uploads\/Logimat2024-Anter-System-invitation-2.jpg 1200w\" sizes=\"auto, (max-width: 1024px) 100vw, 1024px\" \/><\/figure><\/div>","protected":false},"excerpt":{"rendered":"<p>Pozv\u00e1nka na LogiMAT! U\u017e o mesiac sa v Stuttgarte za\u010dne medzin\u00e1rodn\u00fd ve\u013etrh LogiMAT. Od 19. do 21. marca predstav\u00edme na\u0161e syst\u00e9my, ktor\u00e9 zvy\u0161uj\u00fa bezpe\u010dnos\u0165 v skladoch a logistick\u00fdch centr\u00e1ch. Podujatie v\u00e1s poz\u00fdva na prehliadku nov\u00fdch priemyseln\u00fdch trendov a najmodernej\u0161\u00edch produktov. Hlavn\u00e1 t\u00e9ma tohtoro\u010dnej obchodnej platformy: SPOLO\u010cNE FORMOVA\u0164 ZMENU. \u010co m\u00f4\u017eete o\u010dak\u00e1va\u0165 na ve\u013etrhu LogiMAT 2024? [&hellip;]<\/p>\n","protected":false},"author":1,"featured_media":0,"parent":30350,"menu_order":0,"comment_status":"closed","ping_status":"closed","template":"","meta":{"inline_featured_image":false,"ngg_post_thumbnail":0,"footnotes":""},"class_list":["post-30826","page","type-page","status-publish","hentry"],"acf":[],"yoast_head":"<!-- This site is optimized with the Yoast SEO plugin v27.0 - https:\/\/yoast.com\/product\/yoast-seo-wordpress\/ -->\n<title>LogiMAT 2024 - Anter System<\/title>\n<meta name=\"description\" content=\"U\u017e za mesiac za\u010d\u00ednaj\u0105 si\u0119 mi\u0119dzynarodowe Targi Logimat w Stuttgarcie. W dniach 19-21.03 b\u0119dziemy prezentowa\u0107 tam nasze systemy.\" \/>\n<meta name=\"robots\" content=\"index, follow, max-snippet:-1, max-image-preview:large, max-video-preview:-1\" \/>\n<link rel=\"canonical\" href=\"https:\/\/antersystem.com\/sk\/novinky\/logimat-2024\/\" \/>\n<meta property=\"og:locale\" content=\"sk_SK\" \/>\n<meta property=\"og:type\" content=\"article\" \/>\n<meta property=\"og:title\" content=\"LogiMAT 2024 - Anter System\" \/>\n<meta property=\"og:description\" content=\"U\u017e za mesiac za\u010d\u00ednaj\u0105 si\u0119 mi\u0119dzynarodowe Targi Logimat w Stuttgarcie. W dniach 19-21.03 b\u0119dziemy prezentowa\u0107 tam nasze systemy.\" \/>\n<meta property=\"og:url\" content=\"https:\/\/antersystem.com\/sk\/novinky\/logimat-2024\/\" \/>\n<meta property=\"og:site_name\" content=\"Anter System\" \/>\n<meta property=\"article:modified_time\" content=\"2026-01-30T13:36:36+00:00\" \/>\n<meta property=\"og:image\" content=\"https:\/\/antersystem.com\/wp-content\/uploads\/Logimat2024-Anter-System-invitation-2-1024x535.jpg\" \/>\n<meta name=\"twitter:card\" content=\"summary_large_image\" \/>\n<meta name=\"twitter:label1\" content=\"Predpokladan\u00fd \u010das \u010d\u00edtania\" \/>\n\t<meta name=\"twitter:data1\" content=\"2 min\u00faty\" \/>\n<script type=\"application\/ld+json\" class=\"yoast-schema-graph\">{\"@context\":\"https:\/\/schema.org\",\"@graph\":[{\"@type\":\"WebPage\",\"@id\":\"https:\/\/antersystem.com\/sk\/novinky\/logimat-2024\/\",\"url\":\"https:\/\/antersystem.com\/sk\/novinky\/logimat-2024\/\",\"name\":\"LogiMAT 2024 - Anter System\",\"isPartOf\":{\"@id\":\"https:\/\/antersystem.com\/sk\/#website\"},\"primaryImageOfPage\":{\"@id\":\"https:\/\/antersystem.com\/sk\/novinky\/logimat-2024\/#primaryimage\"},\"image\":{\"@id\":\"https:\/\/antersystem.com\/sk\/novinky\/logimat-2024\/#primaryimage\"},\"thumbnailUrl\":\"https:\/\/antersystem.com\/wp-content\/uploads\/Logimat2024-Anter-System-invitation-2-1024x535.jpg\",\"datePublished\":\"2024-02-15T09:41:35+00:00\",\"dateModified\":\"2026-01-30T13:36:36+00:00\",\"description\":\"U\u017e za mesiac za\u010d\u00ednaj\u0105 si\u0119 mi\u0119dzynarodowe Targi Logimat w Stuttgarcie. W dniach 19-21.03 b\u0119dziemy prezentowa\u0107 tam nasze systemy.\",\"breadcrumb\":{\"@id\":\"https:\/\/antersystem.com\/sk\/novinky\/logimat-2024\/#breadcrumb\"},\"inLanguage\":\"sk-SK\",\"potentialAction\":[{\"@type\":\"ReadAction\",\"target\":[\"https:\/\/antersystem.com\/sk\/novinky\/logimat-2024\/\"]}]},{\"@type\":\"ImageObject\",\"inLanguage\":\"sk-SK\",\"@id\":\"https:\/\/antersystem.com\/sk\/novinky\/logimat-2024\/#primaryimage\",\"url\":\"https:\/\/antersystem.com\/wp-content\/uploads\/Logimat2024-Anter-System-invitation-2-1024x535.jpg\",\"contentUrl\":\"https:\/\/antersystem.com\/wp-content\/uploads\/Logimat2024-Anter-System-invitation-2-1024x535.jpg\"},{\"@type\":\"BreadcrumbList\",\"@id\":\"https:\/\/antersystem.com\/sk\/novinky\/logimat-2024\/#breadcrumb\",\"itemListElement\":[{\"@type\":\"ListItem\",\"position\":1,\"name\":\"AnterSystem\",\"item\":\"https:\/\/antersystem.com\/sk\/\"},{\"@type\":\"ListItem\",\"position\":2,\"name\":\"Novinky\",\"item\":\"https:\/\/antersystem.com\/sk\/novinky\/\"},{\"@type\":\"ListItem\",\"position\":3,\"name\":\"LogiMAT 2024\"}]},{\"@type\":\"WebSite\",\"@id\":\"https:\/\/antersystem.com\/sk\/#website\",\"url\":\"https:\/\/antersystem.com\/sk\/\",\"name\":\"Anter System\",\"description\":\"Jeste\u015bmy polskim producentem elastycznych barier ochronnych wykonywanych z polimerowych tworzyw sztucznych. Na rynku krajowym i zagranicznym dzia\u0142amy od ponad 15 lat dbaj\u0105c o zapewnienie bezpiecze\u0144stwa w zak\u0142adach produkcyjnych, magazynach oraz centrach logistycznych.\",\"potentialAction\":[{\"@type\":\"SearchAction\",\"target\":{\"@type\":\"EntryPoint\",\"urlTemplate\":\"https:\/\/antersystem.com\/sk\/?s={search_term_string}\"},\"query-input\":{\"@type\":\"PropertyValueSpecification\",\"valueRequired\":true,\"valueName\":\"search_term_string\"}}],\"inLanguage\":\"sk-SK\"}]}<\/script>\n<!-- \/ Yoast SEO plugin. -->","yoast_head_json":{"title":"LogiMAT 2024 - Anter System","description":"U\u017e za mesiac za\u010d\u00ednaj\u0105 si\u0119 mi\u0119dzynarodowe Targi Logimat w Stuttgarcie. W dniach 19-21.03 b\u0119dziemy prezentowa\u0107 tam nasze systemy.","robots":{"index":"index","follow":"follow","max-snippet":"max-snippet:-1","max-image-preview":"max-image-preview:large","max-video-preview":"max-video-preview:-1"},"canonical":"https:\/\/antersystem.com\/sk\/novinky\/logimat-2024\/","og_locale":"sk_SK","og_type":"article","og_title":"LogiMAT 2024 - Anter System","og_description":"U\u017e za mesiac za\u010d\u00ednaj\u0105 si\u0119 mi\u0119dzynarodowe Targi Logimat w Stuttgarcie. W dniach 19-21.03 b\u0119dziemy prezentowa\u0107 tam nasze systemy.","og_url":"https:\/\/antersystem.com\/sk\/novinky\/logimat-2024\/","og_site_name":"Anter System","article_modified_time":"2026-01-30T13:36:36+00:00","og_image":[{"url":"https:\/\/antersystem.com\/wp-content\/uploads\/Logimat2024-Anter-System-invitation-2-1024x535.jpg","type":"","width":"","height":""}],"twitter_card":"summary_large_image","twitter_misc":{"Predpokladan\u00fd \u010das \u010d\u00edtania":"2 min\u00faty"},"schema":{"@context":"https:\/\/schema.org","@graph":[{"@type":"WebPage","@id":"https:\/\/antersystem.com\/sk\/novinky\/logimat-2024\/","url":"https:\/\/antersystem.com\/sk\/novinky\/logimat-2024\/","name":"LogiMAT 2024 - Anter System","isPartOf":{"@id":"https:\/\/antersystem.com\/sk\/#website"},"primaryImageOfPage":{"@id":"https:\/\/antersystem.com\/sk\/novinky\/logimat-2024\/#primaryimage"},"image":{"@id":"https:\/\/antersystem.com\/sk\/novinky\/logimat-2024\/#primaryimage"},"thumbnailUrl":"https:\/\/antersystem.com\/wp-content\/uploads\/Logimat2024-Anter-System-invitation-2-1024x535.jpg","datePublished":"2024-02-15T09:41:35+00:00","dateModified":"2026-01-30T13:36:36+00:00","description":"U\u017e za mesiac za\u010d\u00ednaj\u0105 si\u0119 mi\u0119dzynarodowe Targi Logimat w Stuttgarcie. W dniach 19-21.03 b\u0119dziemy prezentowa\u0107 tam nasze systemy.","breadcrumb":{"@id":"https:\/\/antersystem.com\/sk\/novinky\/logimat-2024\/#breadcrumb"},"inLanguage":"sk-SK","potentialAction":[{"@type":"ReadAction","target":["https:\/\/antersystem.com\/sk\/novinky\/logimat-2024\/"]}]},{"@type":"ImageObject","inLanguage":"sk-SK","@id":"https:\/\/antersystem.com\/sk\/novinky\/logimat-2024\/#primaryimage","url":"https:\/\/antersystem.com\/wp-content\/uploads\/Logimat2024-Anter-System-invitation-2-1024x535.jpg","contentUrl":"https:\/\/antersystem.com\/wp-content\/uploads\/Logimat2024-Anter-System-invitation-2-1024x535.jpg"},{"@type":"BreadcrumbList","@id":"https:\/\/antersystem.com\/sk\/novinky\/logimat-2024\/#breadcrumb","itemListElement":[{"@type":"ListItem","position":1,"name":"AnterSystem","item":"https:\/\/antersystem.com\/sk\/"},{"@type":"ListItem","position":2,"name":"Novinky","item":"https:\/\/antersystem.com\/sk\/novinky\/"},{"@type":"ListItem","position":3,"name":"LogiMAT 2024"}]},{"@type":"WebSite","@id":"https:\/\/antersystem.com\/sk\/#website","url":"https:\/\/antersystem.com\/sk\/","name":"Anter System","description":"Jeste\u015bmy polskim producentem elastycznych barier ochronnych wykonywanych z polimerowych tworzyw sztucznych. Na rynku krajowym i zagranicznym dzia\u0142amy od ponad 15 lat dbaj\u0105c o zapewnienie bezpiecze\u0144stwa w zak\u0142adach produkcyjnych, magazynach oraz centrach logistycznych.","potentialAction":[{"@type":"SearchAction","target":{"@type":"EntryPoint","urlTemplate":"https:\/\/antersystem.com\/sk\/?s={search_term_string}"},"query-input":{"@type":"PropertyValueSpecification","valueRequired":true,"valueName":"search_term_string"}}],"inLanguage":"sk-SK"}]}},"_links":{"self":[{"href":"https:\/\/antersystem.com\/sk\/wp-json\/wp\/v2\/pages\/30826","targetHints":{"allow":["GET"]}}],"collection":[{"href":"https:\/\/antersystem.com\/sk\/wp-json\/wp\/v2\/pages"}],"about":[{"href":"https:\/\/antersystem.com\/sk\/wp-json\/wp\/v2\/types\/page"}],"author":[{"embeddable":true,"href":"https:\/\/antersystem.com\/sk\/wp-json\/wp\/v2\/users\/1"}],"replies":[{"embeddable":true,"href":"https:\/\/antersystem.com\/sk\/wp-json\/wp\/v2\/comments?post=30826"}],"version-history":[{"count":1,"href":"https:\/\/antersystem.com\/sk\/wp-json\/wp\/v2\/pages\/30826\/revisions"}],"predecessor-version":[{"id":30827,"href":"https:\/\/antersystem.com\/sk\/wp-json\/wp\/v2\/pages\/30826\/revisions\/30827"}],"up":[{"embeddable":true,"href":"https:\/\/antersystem.com\/sk\/wp-json\/wp\/v2\/pages\/30350"}],"wp:attachment":[{"href":"https:\/\/antersystem.com\/sk\/wp-json\/wp\/v2\/media?parent=30826"}],"curies":[{"name":"wp","href":"https:\/\/api.w.org\/{rel}","templated":true}]}}