{"id":38822,"date":"2025-06-11T10:14:00","date_gmt":"2025-06-11T08:14:00","guid":{"rendered":"https:\/\/antersystem.com\/novinky\/anter-system-gets-polska-nagroda-inteligentnego-rozwoju\/"},"modified":"2026-02-02T10:38:45","modified_gmt":"2026-02-02T09:38:45","slug":"anter-system-gets-polska-nagroda-inteligentnego-rozwoju","status":"publish","type":"page","link":"https:\/\/antersystem.com\/sk\/novinky\/anter-system-gets-polska-nagroda-inteligentnego-rozwoju\/","title":{"rendered":"Anter System z\u00edskava Polska Nagroda Inteligentnego Rozwoju"},"content":{"rendered":"\n<div class=\"wp-block-columns is-layout-flex wp-container-core-columns-is-layout-9d6595d7 wp-block-columns-is-layout-flex\">\n<div class=\"wp-block-column is-layout-flow wp-block-column-is-layout-flow\">\n<div class=\"wp-block-columns is-layout-flex wp-container-core-columns-is-layout-9d6595d7 wp-block-columns-is-layout-flex\">\n<div class=\"wp-block-column is-layout-flow wp-block-column-is-layout-flow\">\n<p>Sme radi, \u017ee po\u010das jubilejn\u00e9ho 10. ro\u010dn\u00edka F\u00f3ra inteligentn\u00e9ho rozvoja v Uniejowe bola spolo\u010dnos\u0165 Anter System ocenen\u00e1 prest\u00ed\u017enou po\u013eskou cenou za inteligentn\u00fd rozvoj. Toto ocenenie sa ude\u013euje jednotlivcom, spolo\u010dnostiam a organiz\u00e1ci\u00e1m, ktor\u00fdch aktivity prispievaj\u00fa k vytv\u00e1raniu inovat\u00edvnych rie\u0161en\u00ed podporuj\u00facich udr\u017eate\u013en\u00fd rozvoj spolo\u010dnosti a hospod\u00e1rstva. <\/p>\n\n\n\n<p>Toto ocenenie je pre n\u00e1s ve\u013ekou c\u0165ou a potvrden\u00edm, \u017ee smer, ktor\u00fdm sme sa vydali &#8211; v\u00fdvoj inteligentn\u00fdch technol\u00f3gi\u00ed, ktor\u00e9 chr\u00e1nia \u013eud\u00ed a infra\u0161trukt\u00faru v priemyseln\u00fdch priestoroch &#8211; uzn\u00e1vaj\u00fa nielen na\u0161i klienti, ale aj odborn\u00edci a l\u00eddri v oblasti inov\u00e1ci\u00ed v Po\u013esku.<\/p>\n\n\n\n<h2 class=\"wp-block-heading\">F\u00f3rum bud\u00facnosti, ktor\u00e9 sp\u00e1ja vedu, technol\u00f3gie a podnikanie<\/h2>\n\n\n\n<p>F\u00f3rum inteligentn\u00e9ho rozvoja je jedn\u00fdm z najin\u0161pirat\u00edvnej\u0161\u00edch hospod\u00e1rskych a technologick\u00fdch podujat\u00ed v Po\u013esku. Na kongrese sa stret\u00e1vaj\u00fa z\u00e1stupcovia podnikate\u013eskej sf\u00e9ry, vedy, miestnych samospr\u00e1v a investi\u010dnej komunity, aby spolo\u010dne presk\u00famali, ako m\u00f4\u017eu modern\u00e9 technol\u00f3gie re\u00e1lne ovplyvni\u0165 kvalitu \u017eivota a hospod\u00e1rsky rast. \u00da\u010das\u0165 na tomto podujat\u00ed je nielen c\u0165ou, ale aj pr\u00edle\u017eitos\u0165ou na v\u00fdmenu sk\u00fasenost\u00ed a poznatkov s \u010fal\u0161\u00edmi l\u00eddrami v oblasti inov\u00e1ci\u00ed.  <\/p>\n\n\n\n<h2 class=\"wp-block-heading\">Prezent\u00e1cia o technol\u00f3gii, ktor\u00e1 chr\u00e1ni<\/h2>\n\n\n\n<p>V r\u00e1mci f\u00f3ra sme mali mo\u017enos\u0165 z\u00fa\u010dastni\u0165 sa aj odborn\u00e9ho programu. Tomasz Bary\u0142a, produktov\u00fd mana\u017e\u00e9r spolo\u010dnosti Anter System, sa z\u00fa\u010dastnil na paneli &#8222;Technol\u00f3gie bud\u00facnosti v akcii &#8211; ako inov\u00e1cie formuj\u00fa vedu, obchod a spolo\u010dnos\u0165&#8220;, kde predniesol prezent\u00e1ciu s n\u00e1zvom &#8222;Technol\u00f3gia, ktor\u00e1 chr\u00e1ni &#8211; inteligentn\u00e9 bezpe\u010dnostn\u00e9 syst\u00e9my v priemyseln\u00fdch priestoroch&#8220;. <\/p>\n\n\n\n<p>Po\u010das svojho vyst\u00fapenia sa Tomasz okrem in\u00e9ho venoval nasleduj\u00facim t\u00e9mam:<\/p>\n\n\n\n<ul class=\"wp-block-list\">\n<li>s\u00fa\u010dasn\u00e9 bezpe\u010dnostn\u00e9 v\u00fdzvy, ktor\u00fdm \u010del\u00ed intralogistika,<\/li>\n\n\n\n<li>ako flexibiln\u00e9 bezpe\u010dnostn\u00e9 bari\u00e9ry v kombin\u00e1cii s automatiza\u010dn\u00fdmi prvkami zvy\u0161uj\u00fa bezpe\u010dnos\u0165 a efekt\u00edvnos\u0165 na pracovisku.<\/li>\n<\/ul>\n\n\n\n<h2 class=\"wp-block-heading\">Motiv\u00e1cia pre \u010fal\u0161\u00ed rast<\/h2>\n\n\n\n<p>Z\u00edskan\u00e9 ocenenie nie je len zdrojom prest\u00ed\u017ee, ale aj z\u00e1v\u00e4zkom pokra\u010dova\u0165 vo v\u00fdvoji, zav\u00e1dza\u0165 nov\u00e9 inov\u00e1cie a neust\u00e1le zvy\u0161ova\u0165 bezpe\u010dnostn\u00e9 \u0161tandardy v priemysle. \u010eakujeme porote s\u00fa\u0165a\u017ee za d\u00f4veru a uznanie a v\u0161etk\u00fdm \u00fa\u010dastn\u00edkom f\u00f3ra za cenn\u00e9 rozhovory a in\u0161pirat\u00edvne stretnutia. <\/p>\n<\/div>\n<\/div>\n<\/div>\n<\/div>\n","protected":false},"excerpt":{"rendered":"<p>Sme radi, \u017ee po\u010das jubilejn\u00e9ho 10. ro\u010dn\u00edka F\u00f3ra inteligentn\u00e9ho rozvoja v Uniejowe bola spolo\u010dnos\u0165 Anter System ocenen\u00e1 prest\u00ed\u017enou po\u013eskou cenou za inteligentn\u00fd rozvoj. Toto ocenenie sa ude\u013euje jednotlivcom, spolo\u010dnostiam a organiz\u00e1ci\u00e1m, ktor\u00fdch aktivity prispievaj\u00fa k vytv\u00e1raniu inovat\u00edvnych rie\u0161en\u00ed podporuj\u00facich udr\u017eate\u013en\u00fd rozvoj spolo\u010dnosti a hospod\u00e1rstva. Toto ocenenie je pre n\u00e1s ve\u013ekou c\u0165ou a potvrden\u00edm, \u017ee smer, [&hellip;]<\/p>\n","protected":false},"author":11,"featured_media":0,"parent":30350,"menu_order":0,"comment_status":"closed","ping_status":"closed","template":"","meta":{"inline_featured_image":false,"ngg_post_thumbnail":0,"footnotes":""},"class_list":["post-38822","page","type-page","status-publish","hentry"],"acf":[],"yoast_head":"<!-- This site is optimized with the Yoast SEO plugin v27.0 - https:\/\/yoast.com\/product\/yoast-seo-wordpress\/ -->\n<title>Anter System z\u00edskava Polska Nagroda Inteligentnego Rozwoju - Anter System<\/title>\n<meta name=\"description\" content=\"Sme radi, \u017ee po\u010das jubilejn\u00e9ho 10. ro\u010dn\u00edka F\u00f3ra inteligentn\u00e9ho rozvoja v Uniejowe bola spolo\u010dnos\u0165 Anter System ocenen\u00e1 prest\u00ed\u017enou po\u013eskou cenou za\" \/>\n<meta name=\"robots\" content=\"index, follow, max-snippet:-1, max-image-preview:large, max-video-preview:-1\" \/>\n<link rel=\"canonical\" href=\"https:\/\/antersystem.com\/sk\/novinky\/anter-system-gets-polska-nagroda-inteligentnego-rozwoju\/\" \/>\n<meta property=\"og:locale\" content=\"sk_SK\" \/>\n<meta property=\"og:type\" content=\"article\" \/>\n<meta property=\"og:title\" content=\"Anter System z\u00edskava Polska Nagroda Inteligentnego Rozwoju - Anter System\" \/>\n<meta property=\"og:description\" content=\"Sme radi, \u017ee po\u010das jubilejn\u00e9ho 10. ro\u010dn\u00edka F\u00f3ra inteligentn\u00e9ho rozvoja v Uniejowe bola spolo\u010dnos\u0165 Anter System ocenen\u00e1 prest\u00ed\u017enou po\u013eskou cenou za\" \/>\n<meta property=\"og:url\" content=\"https:\/\/antersystem.com\/sk\/novinky\/anter-system-gets-polska-nagroda-inteligentnego-rozwoju\/\" \/>\n<meta property=\"og:site_name\" content=\"Anter System\" \/>\n<meta property=\"article:modified_time\" content=\"2026-02-02T09:38:45+00:00\" \/>\n<meta name=\"twitter:card\" content=\"summary_large_image\" \/>\n<meta name=\"twitter:label1\" content=\"Predpokladan\u00fd \u010das \u010d\u00edtania\" \/>\n\t<meta name=\"twitter:data1\" content=\"2 min\u00faty\" \/>\n<script type=\"application\/ld+json\" class=\"yoast-schema-graph\">{\"@context\":\"https:\/\/schema.org\",\"@graph\":[{\"@type\":\"WebPage\",\"@id\":\"https:\/\/antersystem.com\/sk\/novinky\/anter-system-gets-polska-nagroda-inteligentnego-rozwoju\/\",\"url\":\"https:\/\/antersystem.com\/sk\/novinky\/anter-system-gets-polska-nagroda-inteligentnego-rozwoju\/\",\"name\":\"Anter System z\u00edskava Polska Nagroda Inteligentnego Rozwoju - Anter System\",\"isPartOf\":{\"@id\":\"https:\/\/antersystem.com\/sk\/#website\"},\"datePublished\":\"2025-06-11T08:14:00+00:00\",\"dateModified\":\"2026-02-02T09:38:45+00:00\",\"description\":\"Sme radi, \u017ee po\u010das jubilejn\u00e9ho 10. ro\u010dn\u00edka F\u00f3ra inteligentn\u00e9ho rozvoja v Uniejowe bola spolo\u010dnos\u0165 Anter System ocenen\u00e1 prest\u00ed\u017enou po\u013eskou cenou za\",\"breadcrumb\":{\"@id\":\"https:\/\/antersystem.com\/sk\/novinky\/anter-system-gets-polska-nagroda-inteligentnego-rozwoju\/#breadcrumb\"},\"inLanguage\":\"sk-SK\",\"potentialAction\":[{\"@type\":\"ReadAction\",\"target\":[\"https:\/\/antersystem.com\/sk\/novinky\/anter-system-gets-polska-nagroda-inteligentnego-rozwoju\/\"]}]},{\"@type\":\"BreadcrumbList\",\"@id\":\"https:\/\/antersystem.com\/sk\/novinky\/anter-system-gets-polska-nagroda-inteligentnego-rozwoju\/#breadcrumb\",\"itemListElement\":[{\"@type\":\"ListItem\",\"position\":1,\"name\":\"AnterSystem\",\"item\":\"https:\/\/antersystem.com\/sk\/\"},{\"@type\":\"ListItem\",\"position\":2,\"name\":\"Novinky\",\"item\":\"https:\/\/antersystem.com\/sk\/novinky\/\"},{\"@type\":\"ListItem\",\"position\":3,\"name\":\"Anter System z\u00edskava Polska Nagroda Inteligentnego Rozwoju\"}]},{\"@type\":\"WebSite\",\"@id\":\"https:\/\/antersystem.com\/sk\/#website\",\"url\":\"https:\/\/antersystem.com\/sk\/\",\"name\":\"Anter System\",\"description\":\"Jeste\u015bmy polskim producentem elastycznych barier ochronnych wykonywanych z polimerowych tworzyw sztucznych. Na rynku krajowym i zagranicznym dzia\u0142amy od ponad 15 lat dbaj\u0105c o zapewnienie bezpiecze\u0144stwa w zak\u0142adach produkcyjnych, magazynach oraz centrach logistycznych.\",\"potentialAction\":[{\"@type\":\"SearchAction\",\"target\":{\"@type\":\"EntryPoint\",\"urlTemplate\":\"https:\/\/antersystem.com\/sk\/?s={search_term_string}\"},\"query-input\":{\"@type\":\"PropertyValueSpecification\",\"valueRequired\":true,\"valueName\":\"search_term_string\"}}],\"inLanguage\":\"sk-SK\"}]}<\/script>\n<!-- \/ Yoast SEO plugin. -->","yoast_head_json":{"title":"Anter System z\u00edskava Polska Nagroda Inteligentnego Rozwoju - Anter System","description":"Sme radi, \u017ee po\u010das jubilejn\u00e9ho 10. ro\u010dn\u00edka F\u00f3ra inteligentn\u00e9ho rozvoja v Uniejowe bola spolo\u010dnos\u0165 Anter System ocenen\u00e1 prest\u00ed\u017enou po\u013eskou cenou za","robots":{"index":"index","follow":"follow","max-snippet":"max-snippet:-1","max-image-preview":"max-image-preview:large","max-video-preview":"max-video-preview:-1"},"canonical":"https:\/\/antersystem.com\/sk\/novinky\/anter-system-gets-polska-nagroda-inteligentnego-rozwoju\/","og_locale":"sk_SK","og_type":"article","og_title":"Anter System z\u00edskava Polska Nagroda Inteligentnego Rozwoju - Anter System","og_description":"Sme radi, \u017ee po\u010das jubilejn\u00e9ho 10. ro\u010dn\u00edka F\u00f3ra inteligentn\u00e9ho rozvoja v Uniejowe bola spolo\u010dnos\u0165 Anter System ocenen\u00e1 prest\u00ed\u017enou po\u013eskou cenou za","og_url":"https:\/\/antersystem.com\/sk\/novinky\/anter-system-gets-polska-nagroda-inteligentnego-rozwoju\/","og_site_name":"Anter System","article_modified_time":"2026-02-02T09:38:45+00:00","twitter_card":"summary_large_image","twitter_misc":{"Predpokladan\u00fd \u010das \u010d\u00edtania":"2 min\u00faty"},"schema":{"@context":"https:\/\/schema.org","@graph":[{"@type":"WebPage","@id":"https:\/\/antersystem.com\/sk\/novinky\/anter-system-gets-polska-nagroda-inteligentnego-rozwoju\/","url":"https:\/\/antersystem.com\/sk\/novinky\/anter-system-gets-polska-nagroda-inteligentnego-rozwoju\/","name":"Anter System z\u00edskava Polska Nagroda Inteligentnego Rozwoju - Anter System","isPartOf":{"@id":"https:\/\/antersystem.com\/sk\/#website"},"datePublished":"2025-06-11T08:14:00+00:00","dateModified":"2026-02-02T09:38:45+00:00","description":"Sme radi, \u017ee po\u010das jubilejn\u00e9ho 10. ro\u010dn\u00edka F\u00f3ra inteligentn\u00e9ho rozvoja v Uniejowe bola spolo\u010dnos\u0165 Anter System ocenen\u00e1 prest\u00ed\u017enou po\u013eskou cenou za","breadcrumb":{"@id":"https:\/\/antersystem.com\/sk\/novinky\/anter-system-gets-polska-nagroda-inteligentnego-rozwoju\/#breadcrumb"},"inLanguage":"sk-SK","potentialAction":[{"@type":"ReadAction","target":["https:\/\/antersystem.com\/sk\/novinky\/anter-system-gets-polska-nagroda-inteligentnego-rozwoju\/"]}]},{"@type":"BreadcrumbList","@id":"https:\/\/antersystem.com\/sk\/novinky\/anter-system-gets-polska-nagroda-inteligentnego-rozwoju\/#breadcrumb","itemListElement":[{"@type":"ListItem","position":1,"name":"AnterSystem","item":"https:\/\/antersystem.com\/sk\/"},{"@type":"ListItem","position":2,"name":"Novinky","item":"https:\/\/antersystem.com\/sk\/novinky\/"},{"@type":"ListItem","position":3,"name":"Anter System z\u00edskava Polska Nagroda Inteligentnego Rozwoju"}]},{"@type":"WebSite","@id":"https:\/\/antersystem.com\/sk\/#website","url":"https:\/\/antersystem.com\/sk\/","name":"Anter System","description":"Jeste\u015bmy polskim producentem elastycznych barier ochronnych wykonywanych z polimerowych tworzyw sztucznych. Na rynku krajowym i zagranicznym dzia\u0142amy od ponad 15 lat dbaj\u0105c o zapewnienie bezpiecze\u0144stwa w zak\u0142adach produkcyjnych, magazynach oraz centrach logistycznych.","potentialAction":[{"@type":"SearchAction","target":{"@type":"EntryPoint","urlTemplate":"https:\/\/antersystem.com\/sk\/?s={search_term_string}"},"query-input":{"@type":"PropertyValueSpecification","valueRequired":true,"valueName":"search_term_string"}}],"inLanguage":"sk-SK"}]}},"_links":{"self":[{"href":"https:\/\/antersystem.com\/sk\/wp-json\/wp\/v2\/pages\/38822","targetHints":{"allow":["GET"]}}],"collection":[{"href":"https:\/\/antersystem.com\/sk\/wp-json\/wp\/v2\/pages"}],"about":[{"href":"https:\/\/antersystem.com\/sk\/wp-json\/wp\/v2\/types\/page"}],"author":[{"embeddable":true,"href":"https:\/\/antersystem.com\/sk\/wp-json\/wp\/v2\/users\/11"}],"replies":[{"embeddable":true,"href":"https:\/\/antersystem.com\/sk\/wp-json\/wp\/v2\/comments?post=38822"}],"version-history":[{"count":1,"href":"https:\/\/antersystem.com\/sk\/wp-json\/wp\/v2\/pages\/38822\/revisions"}],"predecessor-version":[{"id":38823,"href":"https:\/\/antersystem.com\/sk\/wp-json\/wp\/v2\/pages\/38822\/revisions\/38823"}],"up":[{"embeddable":true,"href":"https:\/\/antersystem.com\/sk\/wp-json\/wp\/v2\/pages\/30350"}],"wp:attachment":[{"href":"https:\/\/antersystem.com\/sk\/wp-json\/wp\/v2\/media?parent=38822"}],"curies":[{"name":"wp","href":"https:\/\/api.w.org\/{rel}","templated":true}]}}