{"id":38843,"date":"2024-06-14T14:17:21","date_gmt":"2024-06-14T12:17:21","guid":{"rendered":"https:\/\/antersystem.com\/novinky\/modernlog-2024\/"},"modified":"2026-02-02T14:14:31","modified_gmt":"2026-02-02T13:14:31","slug":"modernlog-2024","status":"publish","type":"page","link":"https:\/\/antersystem.com\/sk\/novinky\/modernlog-2024\/","title":{"rendered":"Modernlog 2024"},"content":{"rendered":"\n<div class=\"wp-block-columns is-layout-flex wp-container-core-columns-is-layout-9d6595d7 wp-block-columns-is-layout-flex\">\n<div class=\"wp-block-column is-layout-flow wp-block-column-is-layout-flow\">\n<h2 class=\"wp-block-heading\">Spr\u00e1va z Modernlogu, 4. &#8211; 7. j\u00fana 2024<\/h2>\n\n\n\n<div class=\"wp-block-columns is-layout-flex wp-container-core-columns-is-layout-9d6595d7 wp-block-columns-is-layout-flex\">\n<div class=\"wp-block-column is-layout-flow wp-block-column-is-layout-flow\" style=\"flex-basis:10%\"><\/div>\n\n\n\n<div class=\"wp-block-column is-layout-flow wp-block-column-is-layout-flow\">\n<div class=\"wp-block-media-text has-media-on-the-right is-stacked-on-mobile\"><div class=\"wp-block-media-text__content\">\n<p>Oslavy logistick\u00e9ho priemyslu v Poznani &#8211; s\u00fa\u010das\u0165 najv\u00e4\u010d\u0161ieho priemyseln\u00e9ho bloku podujat\u00ed pre priemysel 4.0 v Po\u013esku &#8211; sa skon\u010dili. V d\u0148och 4. a\u017e 7. j\u00fana <strong>sa<\/strong> na medzin\u00e1rodnom v\u00fdstavisku v Poznani <strong>konal ve\u013etrh Modernlog<\/strong>, ktor\u00e9ho s\u00fa\u010das\u0165ou boli odborn\u00e9 konferencie, \u017eiv\u00e9 uk\u00e1\u017eky a networkingov\u00e9 stretnutia. \u00da\u010dastn\u00edci mali mo\u017enos\u0165 presk\u00fama\u0165 \u0161irok\u00fa ponuku vystavovate\u013eov, \u010do viedlo k nadviazaniu mnoh\u00fdch nov\u00fdch obchodn\u00fdch vz\u0165ahov so spolo\u010dnos\u0165ami, ktor\u00e9 h\u013eadaj\u00fa inovat\u00edvne logistick\u00e9 rie\u0161enia.  <\/p>\n<\/div><figure class=\"wp-block-media-text__media\"><img loading=\"lazy\" decoding=\"async\" width=\"1024\" height=\"683\" src=\"https:\/\/antersystem.com\/wp-content\/uploads\/2024-06-05_modernlog_fotobueno_-1836-1-1024x683.jpg\" alt=\"Ve\u013etrh Modernlog 2024 v Poznani\" class=\"wp-image-4800 size-full\" srcset=\"https:\/\/antersystem.com\/wp-content\/uploads\/2024-06-05_modernlog_fotobueno_-1836-1-1024x683.jpg 1024w, https:\/\/antersystem.com\/wp-content\/uploads\/2024-06-05_modernlog_fotobueno_-1836-1-300x200.jpg 300w, https:\/\/antersystem.com\/wp-content\/uploads\/2024-06-05_modernlog_fotobueno_-1836-1-768x512.jpg 768w, https:\/\/antersystem.com\/wp-content\/uploads\/2024-06-05_modernlog_fotobueno_-1836-1-1536x1024.jpg 1536w, https:\/\/antersystem.com\/wp-content\/uploads\/2024-06-05_modernlog_fotobueno_-1836-1-2048x1365.jpg 2048w, https:\/\/antersystem.com\/wp-content\/uploads\/2024-06-05_modernlog_fotobueno_-1836-1-450x300.jpg 450w, https:\/\/antersystem.com\/wp-content\/uploads\/2024-06-05_modernlog_fotobueno_-1836-1-330x220.jpg 330w\" sizes=\"auto, (max-width: 1024px) 100vw, 1024px\" \/><\/figure><\/div>\n\n\n\n<div class=\"wp-block-media-text is-stacked-on-mobile\"><figure class=\"wp-block-media-text__media\"><img loading=\"lazy\" decoding=\"async\" width=\"1024\" height=\"683\" src=\"https:\/\/antersystem.com\/wp-content\/uploads\/2024-06-05_modernlog_fotobueno_-1976-1-1024x683.jpg\" alt=\"Konferencia Smart Warehouse na ve\u013etrhu Modernlog 2024\" class=\"wp-image-4794 size-full\" srcset=\"https:\/\/antersystem.com\/wp-content\/uploads\/2024-06-05_modernlog_fotobueno_-1976-1-1024x683.jpg 1024w, https:\/\/antersystem.com\/wp-content\/uploads\/2024-06-05_modernlog_fotobueno_-1976-1-300x200.jpg 300w, https:\/\/antersystem.com\/wp-content\/uploads\/2024-06-05_modernlog_fotobueno_-1976-1-768x512.jpg 768w, https:\/\/antersystem.com\/wp-content\/uploads\/2024-06-05_modernlog_fotobueno_-1976-1-1536x1024.jpg 1536w, https:\/\/antersystem.com\/wp-content\/uploads\/2024-06-05_modernlog_fotobueno_-1976-1-2048x1365.jpg 2048w, https:\/\/antersystem.com\/wp-content\/uploads\/2024-06-05_modernlog_fotobueno_-1976-1-450x300.jpg 450w, https:\/\/antersystem.com\/wp-content\/uploads\/2024-06-05_modernlog_fotobueno_-1976-1-330x220.jpg 330w\" sizes=\"auto, (max-width: 1024px) 100vw, 1024px\" \/><\/figure><div class=\"wp-block-media-text__content\">\n<p>Po\u010das <strong>konferencie Smart Warehouse<\/strong> predn\u00e1\u0161aj\u00faci a \u00fa\u010dastn\u00edci diskutovali o bud\u00facom smerovan\u00ed po\u013esk\u00e9ho skladovania so zameran\u00edm na robotiku, automatiz\u00e1ciu a vyu\u017e\u00edvanie umelej inteligencie. N\u00e1v\u0161tevn\u00edci si mohli prezrie\u0165 logistick\u00e9 technol\u00f3gie, ktor\u00e9 predstavilo viac ako 100 vystavovate\u013eov. V <strong>z\u00f3ne In4Log,<\/strong> vytvorenej v spolupr\u00e1ci s vydavate\u013estvom MEDIALOG a technologick\u00fdmi partnermi, sa konali \u017eiv\u00e9 uk\u00e1\u017eky strojov. V simulovanom logistickom zariaden\u00ed boli predstaven\u00e9 najmodernej\u0161ie skladov\u00e9 rie\u0161enia pre 21. storo\u010die &#8211; vr\u00e1tane technol\u00f3gi\u00ed poskytovan\u00fdch spolo\u010dnos\u0165ou <strong>Anter System<\/strong>.   <\/p>\n<\/div><\/div>\n\n\n\n<div class=\"wp-block-media-text has-media-on-the-right is-stacked-on-mobile\"><div class=\"wp-block-media-text__content\">\n<p>Tohtoro\u010dn\u00e9 podujatie bolo tie\u017e pr\u00edle\u017eitos\u0165ou na rie\u0161enie k\u013e\u00fa\u010dov\u00fdch v\u00fdziev, ktor\u00fdm \u010del\u00ed odvetvie logistiky. Aby si odvetvie udr\u017ealo konkurencieschopnos\u0165, mus\u00ed \u00fa\u010dinne prejs\u0165 technologickou a digit\u00e1lnou transform\u00e1ciou smerom k <strong>Priemyslu 4.0 a ekologick\u00fdm prechodom<\/strong> k <strong>v\u00fdrobe<\/strong> s n\u00edzkymi emisiami <strong>.<\/strong> Po\u013esko ako jeden z l\u00eddrov reindustrializ\u00e1cie v Eur\u00f3pe m\u00e1 st\u00e1le zna\u010dn\u00fd potenci\u00e1l na rozvoj technologicky vyspel\u00e9ho, automatizovan\u00e9ho a robotizovan\u00e9ho priemyslu.  <\/p>\n<\/div><figure class=\"wp-block-media-text__media\"><img loading=\"lazy\" decoding=\"async\" width=\"840\" height=\"560\" src=\"https:\/\/antersystem.com\/wp-content\/uploads\/2024-06-05_modernlog_fotobueno_-3154.jpg\" alt=\"Panelov\u00e1 diskusia na Modernlog 2024\" class=\"wp-image-4795 size-full\" srcset=\"https:\/\/antersystem.com\/wp-content\/uploads\/2024-06-05_modernlog_fotobueno_-3154.jpg 840w, https:\/\/antersystem.com\/wp-content\/uploads\/2024-06-05_modernlog_fotobueno_-3154-300x200.jpg 300w, https:\/\/antersystem.com\/wp-content\/uploads\/2024-06-05_modernlog_fotobueno_-3154-768x512.jpg 768w, https:\/\/antersystem.com\/wp-content\/uploads\/2024-06-05_modernlog_fotobueno_-3154-450x300.jpg 450w, https:\/\/antersystem.com\/wp-content\/uploads\/2024-06-05_modernlog_fotobueno_-3154-330x220.jpg 330w\" sizes=\"auto, (max-width: 840px) 100vw, 840px\" \/><\/figure><\/div>\n\n\n\n<div class=\"wp-block-media-text is-stacked-on-mobile\"><figure class=\"wp-block-media-text__media\"><img loading=\"lazy\" decoding=\"async\" width=\"1024\" height=\"683\" src=\"https:\/\/antersystem.com\/wp-content\/uploads\/2024-06-05_modernlog_fotobueno_-2950-1-1024x683.jpg\" alt=\"Sl\u00e1vnostn\u00e9 otvorenie ve\u013etrhu Modernlog 2024\" class=\"wp-image-4797 size-full\" srcset=\"https:\/\/antersystem.com\/wp-content\/uploads\/2024-06-05_modernlog_fotobueno_-2950-1-1024x683.jpg 1024w, https:\/\/antersystem.com\/wp-content\/uploads\/2024-06-05_modernlog_fotobueno_-2950-1-300x200.jpg 300w, https:\/\/antersystem.com\/wp-content\/uploads\/2024-06-05_modernlog_fotobueno_-2950-1-768x512.jpg 768w, https:\/\/antersystem.com\/wp-content\/uploads\/2024-06-05_modernlog_fotobueno_-2950-1-1536x1024.jpg 1536w, https:\/\/antersystem.com\/wp-content\/uploads\/2024-06-05_modernlog_fotobueno_-2950-1-2048x1365.jpg 2048w, https:\/\/antersystem.com\/wp-content\/uploads\/2024-06-05_modernlog_fotobueno_-2950-1-450x300.jpg 450w, https:\/\/antersystem.com\/wp-content\/uploads\/2024-06-05_modernlog_fotobueno_-2950-1-330x220.jpg 330w\" sizes=\"auto, (max-width: 1024px) 100vw, 1024px\" \/><\/figure><div class=\"wp-block-media-text__content\">\n<p>Otvorenie ve\u013etrhu poctil svojou pr\u00edtomnos\u0165ou Ignacy <strong>Niemczycki,<\/strong> \u0161t\u00e1tny <strong>podtajomn\u00edk<\/strong> ministerstva rozvoja a technol\u00f3gi\u00ed. S\u00fa\u010das\u0165ou podujatia boli dynamick\u00e9 panelov\u00e9 diskusie, p\u00fatav\u00e9 pr\u00edpadov\u00e9 \u0161t\u00fadie a cenn\u00e9 pr\u00edle\u017eitosti na nadv\u00e4zovanie kontaktov. \u00da\u010dastn\u00edci roz\u0161\u00edrili svoje profesion\u00e1lne kontakty &#8211; medzi dod\u00e1vate\u013emi, konzultantmi a logistick\u00fdmi oper\u00e1tormi &#8211; a z\u00e1rove\u0148 presk\u00famali najnov\u0161ie trendy a porovnali ich s realitou svojich vlastn\u00fdch organiz\u00e1ci\u00ed.  <\/p>\n<\/div><\/div>\n\n\n\n<div class=\"wp-block-media-text has-media-on-the-right is-stacked-on-mobile\"><div class=\"wp-block-media-text__content\">\n<p><strong>Modernlog 2024 bol<\/strong> v\u00fdnimo\u010dnou pr\u00edle\u017eitos\u0165ou z\u00edska\u0165 preh\u013ead o najnov\u0161\u00edch logistick\u00fdch technol\u00f3gi\u00e1ch a trendoch v oblasti priemyslu 4.0, ako aj nadviaza\u0165 cenn\u00e9 obchodn\u00e9 kontakty a vymeni\u0165 si sk\u00fasenosti s l\u00eddrami v tomto odvetv\u00ed. Poz\u00fdvame v\u00e1s, aby ste si prezreli na\u0161u fotogal\u00e9riu ni\u017e\u0161ie: <\/p>\n<\/div><figure class=\"wp-block-media-text__media\"><img loading=\"lazy\" decoding=\"async\" width=\"1024\" height=\"683\" src=\"https:\/\/antersystem.com\/wp-content\/uploads\/2024-06-05_modernlog_fotobueno_-1954-1-1024x683.jpg\" alt=\"Fotoreport\u00e1\u017e z konferencie Modernlog 2024\" class=\"wp-image-4798 size-full\" srcset=\"https:\/\/antersystem.com\/wp-content\/uploads\/2024-06-05_modernlog_fotobueno_-1954-1-1024x683.jpg 1024w, https:\/\/antersystem.com\/wp-content\/uploads\/2024-06-05_modernlog_fotobueno_-1954-1-300x200.jpg 300w, https:\/\/antersystem.com\/wp-content\/uploads\/2024-06-05_modernlog_fotobueno_-1954-1-768x512.jpg 768w, https:\/\/antersystem.com\/wp-content\/uploads\/2024-06-05_modernlog_fotobueno_-1954-1-1536x1024.jpg 1536w, https:\/\/antersystem.com\/wp-content\/uploads\/2024-06-05_modernlog_fotobueno_-1954-1-2048x1365.jpg 2048w, https:\/\/antersystem.com\/wp-content\/uploads\/2024-06-05_modernlog_fotobueno_-1954-1-450x300.jpg 450w, https:\/\/antersystem.com\/wp-content\/uploads\/2024-06-05_modernlog_fotobueno_-1954-1-330x220.jpg 330w\" sizes=\"auto, (max-width: 1024px) 100vw, 1024px\" \/><\/figure><\/div>\n<\/div>\n\n\n\n<div class=\"wp-block-column is-layout-flow wp-block-column-is-layout-flow\" style=\"flex-basis:10%\"><\/div>\n<\/div>\n\n\n\nngg_shortcode_0_placeholder\n<\/div>\n<\/div>\n\n<p><\/p>\n","protected":false},"excerpt":{"rendered":"<p>Spr\u00e1va z Modernlogu, 4. &#8211; 7. j\u00fana 2024 Oslavy logistick\u00e9ho priemyslu v Poznani &#8211; s\u00fa\u010das\u0165 najv\u00e4\u010d\u0161ieho priemyseln\u00e9ho bloku podujat\u00ed pre priemysel 4.0 v Po\u013esku &#8211; sa skon\u010dili. V d\u0148och 4. a\u017e 7. j\u00fana sa na medzin\u00e1rodnom v\u00fdstavisku v Poznani konal ve\u013etrh Modernlog, ktor\u00e9ho s\u00fa\u010das\u0165ou boli odborn\u00e9 konferencie, \u017eiv\u00e9 uk\u00e1\u017eky a networkingov\u00e9 stretnutia. \u00da\u010dastn\u00edci mali mo\u017enos\u0165 [&hellip;]<\/p>\n","protected":false},"author":1,"featured_media":0,"parent":30350,"menu_order":0,"comment_status":"closed","ping_status":"closed","template":"","meta":{"inline_featured_image":false,"ngg_post_thumbnail":0,"footnotes":""},"class_list":["post-38843","page","type-page","status-publish","hentry"],"acf":[],"yoast_head":"<!-- This site is optimized with the Yoast SEO plugin v27.0 - https:\/\/yoast.com\/product\/yoast-seo-wordpress\/ -->\n<title>Modernlog 2024 - Anter System<\/title>\n<meta name=\"description\" content=\"W dniach 4-7 czerwca odby\u0142 si\u0119 Modernlog, kt\u00f3ry wype\u0142niony by\u0142 specjalistycznymi konferencjami i pokazami.\" \/>\n<meta name=\"robots\" content=\"index, follow, max-snippet:-1, max-image-preview:large, max-video-preview:-1\" \/>\n<link rel=\"canonical\" href=\"https:\/\/antersystem.com\/sk\/novinky\/modernlog-2024\/\" \/>\n<meta property=\"og:locale\" content=\"sk_SK\" \/>\n<meta property=\"og:type\" content=\"article\" \/>\n<meta property=\"og:title\" content=\"Modernlog 2024 - Anter System\" \/>\n<meta property=\"og:description\" content=\"W dniach 4-7 czerwca odby\u0142 si\u0119 Modernlog, kt\u00f3ry wype\u0142niony by\u0142 specjalistycznymi konferencjami i pokazami.\" \/>\n<meta property=\"og:url\" content=\"https:\/\/antersystem.com\/sk\/novinky\/modernlog-2024\/\" \/>\n<meta property=\"og:site_name\" content=\"Anter System\" \/>\n<meta property=\"article:modified_time\" content=\"2026-02-02T13:14:31+00:00\" \/>\n<meta property=\"og:image\" content=\"https:\/\/antersystem.com\/wp-content\/uploads\/2024-06-05_modernlog_fotobueno_-1836-1-1024x683.jpg\" \/>\n<meta name=\"twitter:card\" content=\"summary_large_image\" \/>\n<meta name=\"twitter:label1\" content=\"Predpokladan\u00fd \u010das \u010d\u00edtania\" \/>\n\t<meta name=\"twitter:data1\" content=\"2 min\u00faty\" \/>\n<script type=\"application\/ld+json\" class=\"yoast-schema-graph\">{\"@context\":\"https:\/\/schema.org\",\"@graph\":[{\"@type\":\"WebPage\",\"@id\":\"https:\/\/antersystem.com\/sk\/novinky\/modernlog-2024\/\",\"url\":\"https:\/\/antersystem.com\/sk\/novinky\/modernlog-2024\/\",\"name\":\"Modernlog 2024 - Anter System\",\"isPartOf\":{\"@id\":\"https:\/\/antersystem.com\/sk\/#website\"},\"primaryImageOfPage\":{\"@id\":\"https:\/\/antersystem.com\/sk\/novinky\/modernlog-2024\/#primaryimage\"},\"image\":{\"@id\":\"https:\/\/antersystem.com\/sk\/novinky\/modernlog-2024\/#primaryimage\"},\"thumbnailUrl\":\"https:\/\/antersystem.com\/wp-content\/uploads\/2024-06-05_modernlog_fotobueno_-1836-1-1024x683.jpg\",\"datePublished\":\"2024-06-14T12:17:21+00:00\",\"dateModified\":\"2026-02-02T13:14:31+00:00\",\"description\":\"W dniach 4-7 czerwca odby\u0142 si\u0119 Modernlog, kt\u00f3ry wype\u0142niony by\u0142 specjalistycznymi konferencjami i pokazami.\",\"breadcrumb\":{\"@id\":\"https:\/\/antersystem.com\/sk\/novinky\/modernlog-2024\/#breadcrumb\"},\"inLanguage\":\"sk-SK\",\"potentialAction\":[{\"@type\":\"ReadAction\",\"target\":[\"https:\/\/antersystem.com\/sk\/novinky\/modernlog-2024\/\"]}]},{\"@type\":\"ImageObject\",\"inLanguage\":\"sk-SK\",\"@id\":\"https:\/\/antersystem.com\/sk\/novinky\/modernlog-2024\/#primaryimage\",\"url\":\"https:\/\/antersystem.com\/wp-content\/uploads\/2024-06-05_modernlog_fotobueno_-1836-1-1024x683.jpg\",\"contentUrl\":\"https:\/\/antersystem.com\/wp-content\/uploads\/2024-06-05_modernlog_fotobueno_-1836-1-1024x683.jpg\"},{\"@type\":\"BreadcrumbList\",\"@id\":\"https:\/\/antersystem.com\/sk\/novinky\/modernlog-2024\/#breadcrumb\",\"itemListElement\":[{\"@type\":\"ListItem\",\"position\":1,\"name\":\"AnterSystem\",\"item\":\"https:\/\/antersystem.com\/sk\/\"},{\"@type\":\"ListItem\",\"position\":2,\"name\":\"Novinky\",\"item\":\"https:\/\/antersystem.com\/sk\/novinky\/\"},{\"@type\":\"ListItem\",\"position\":3,\"name\":\"Modernlog 2024\"}]},{\"@type\":\"WebSite\",\"@id\":\"https:\/\/antersystem.com\/sk\/#website\",\"url\":\"https:\/\/antersystem.com\/sk\/\",\"name\":\"Anter System\",\"description\":\"Jeste\u015bmy polskim producentem elastycznych barier ochronnych wykonywanych z polimerowych tworzyw sztucznych. Na rynku krajowym i zagranicznym dzia\u0142amy od ponad 15 lat dbaj\u0105c o zapewnienie bezpiecze\u0144stwa w zak\u0142adach produkcyjnych, magazynach oraz centrach logistycznych.\",\"potentialAction\":[{\"@type\":\"SearchAction\",\"target\":{\"@type\":\"EntryPoint\",\"urlTemplate\":\"https:\/\/antersystem.com\/sk\/?s={search_term_string}\"},\"query-input\":{\"@type\":\"PropertyValueSpecification\",\"valueRequired\":true,\"valueName\":\"search_term_string\"}}],\"inLanguage\":\"sk-SK\"}]}<\/script>\n<!-- \/ Yoast SEO plugin. -->","yoast_head_json":{"title":"Modernlog 2024 - Anter System","description":"W dniach 4-7 czerwca odby\u0142 si\u0119 Modernlog, kt\u00f3ry wype\u0142niony by\u0142 specjalistycznymi konferencjami i pokazami.","robots":{"index":"index","follow":"follow","max-snippet":"max-snippet:-1","max-image-preview":"max-image-preview:large","max-video-preview":"max-video-preview:-1"},"canonical":"https:\/\/antersystem.com\/sk\/novinky\/modernlog-2024\/","og_locale":"sk_SK","og_type":"article","og_title":"Modernlog 2024 - Anter System","og_description":"W dniach 4-7 czerwca odby\u0142 si\u0119 Modernlog, kt\u00f3ry wype\u0142niony by\u0142 specjalistycznymi konferencjami i pokazami.","og_url":"https:\/\/antersystem.com\/sk\/novinky\/modernlog-2024\/","og_site_name":"Anter System","article_modified_time":"2026-02-02T13:14:31+00:00","og_image":[{"url":"https:\/\/antersystem.com\/wp-content\/uploads\/2024-06-05_modernlog_fotobueno_-1836-1-1024x683.jpg","type":"","width":"","height":""}],"twitter_card":"summary_large_image","twitter_misc":{"Predpokladan\u00fd \u010das \u010d\u00edtania":"2 min\u00faty"},"schema":{"@context":"https:\/\/schema.org","@graph":[{"@type":"WebPage","@id":"https:\/\/antersystem.com\/sk\/novinky\/modernlog-2024\/","url":"https:\/\/antersystem.com\/sk\/novinky\/modernlog-2024\/","name":"Modernlog 2024 - Anter System","isPartOf":{"@id":"https:\/\/antersystem.com\/sk\/#website"},"primaryImageOfPage":{"@id":"https:\/\/antersystem.com\/sk\/novinky\/modernlog-2024\/#primaryimage"},"image":{"@id":"https:\/\/antersystem.com\/sk\/novinky\/modernlog-2024\/#primaryimage"},"thumbnailUrl":"https:\/\/antersystem.com\/wp-content\/uploads\/2024-06-05_modernlog_fotobueno_-1836-1-1024x683.jpg","datePublished":"2024-06-14T12:17:21+00:00","dateModified":"2026-02-02T13:14:31+00:00","description":"W dniach 4-7 czerwca odby\u0142 si\u0119 Modernlog, kt\u00f3ry wype\u0142niony by\u0142 specjalistycznymi konferencjami i pokazami.","breadcrumb":{"@id":"https:\/\/antersystem.com\/sk\/novinky\/modernlog-2024\/#breadcrumb"},"inLanguage":"sk-SK","potentialAction":[{"@type":"ReadAction","target":["https:\/\/antersystem.com\/sk\/novinky\/modernlog-2024\/"]}]},{"@type":"ImageObject","inLanguage":"sk-SK","@id":"https:\/\/antersystem.com\/sk\/novinky\/modernlog-2024\/#primaryimage","url":"https:\/\/antersystem.com\/wp-content\/uploads\/2024-06-05_modernlog_fotobueno_-1836-1-1024x683.jpg","contentUrl":"https:\/\/antersystem.com\/wp-content\/uploads\/2024-06-05_modernlog_fotobueno_-1836-1-1024x683.jpg"},{"@type":"BreadcrumbList","@id":"https:\/\/antersystem.com\/sk\/novinky\/modernlog-2024\/#breadcrumb","itemListElement":[{"@type":"ListItem","position":1,"name":"AnterSystem","item":"https:\/\/antersystem.com\/sk\/"},{"@type":"ListItem","position":2,"name":"Novinky","item":"https:\/\/antersystem.com\/sk\/novinky\/"},{"@type":"ListItem","position":3,"name":"Modernlog 2024"}]},{"@type":"WebSite","@id":"https:\/\/antersystem.com\/sk\/#website","url":"https:\/\/antersystem.com\/sk\/","name":"Anter System","description":"Jeste\u015bmy polskim producentem elastycznych barier ochronnych wykonywanych z polimerowych tworzyw sztucznych. Na rynku krajowym i zagranicznym dzia\u0142amy od ponad 15 lat dbaj\u0105c o zapewnienie bezpiecze\u0144stwa w zak\u0142adach produkcyjnych, magazynach oraz centrach logistycznych.","potentialAction":[{"@type":"SearchAction","target":{"@type":"EntryPoint","urlTemplate":"https:\/\/antersystem.com\/sk\/?s={search_term_string}"},"query-input":{"@type":"PropertyValueSpecification","valueRequired":true,"valueName":"search_term_string"}}],"inLanguage":"sk-SK"}]}},"_links":{"self":[{"href":"https:\/\/antersystem.com\/sk\/wp-json\/wp\/v2\/pages\/38843","targetHints":{"allow":["GET"]}}],"collection":[{"href":"https:\/\/antersystem.com\/sk\/wp-json\/wp\/v2\/pages"}],"about":[{"href":"https:\/\/antersystem.com\/sk\/wp-json\/wp\/v2\/types\/page"}],"author":[{"embeddable":true,"href":"https:\/\/antersystem.com\/sk\/wp-json\/wp\/v2\/users\/1"}],"replies":[{"embeddable":true,"href":"https:\/\/antersystem.com\/sk\/wp-json\/wp\/v2\/comments?post=38843"}],"version-history":[{"count":1,"href":"https:\/\/antersystem.com\/sk\/wp-json\/wp\/v2\/pages\/38843\/revisions"}],"predecessor-version":[{"id":38844,"href":"https:\/\/antersystem.com\/sk\/wp-json\/wp\/v2\/pages\/38843\/revisions\/38844"}],"up":[{"embeddable":true,"href":"https:\/\/antersystem.com\/sk\/wp-json\/wp\/v2\/pages\/30350"}],"wp:attachment":[{"href":"https:\/\/antersystem.com\/sk\/wp-json\/wp\/v2\/media?parent=38843"}],"curies":[{"name":"wp","href":"https:\/\/api.w.org\/{rel}","templated":true}]}}