{"id":38899,"date":"2024-11-25T09:14:04","date_gmt":"2024-11-25T08:14:04","guid":{"rendered":"https:\/\/antersystem.com\/novinky\/anter-system-at-intralogistyka-i-magazynowanie-conference-2024\/"},"modified":"2026-02-02T14:15:57","modified_gmt":"2026-02-02T13:15:57","slug":"anter-system-at-intralogistyka-i-magazynowanie-conference-2024","status":"publish","type":"page","link":"https:\/\/antersystem.com\/sk\/novinky\/anter-system-at-intralogistyka-i-magazynowanie-conference-2024\/","title":{"rendered":"Anter System na konferencii &#8222;Intralogistyka i magazynowanie&#8220;"},"content":{"rendered":"\n<div class=\"wp-block-columns is-layout-flex wp-container-core-columns-is-layout-9d6595d7 wp-block-columns-is-layout-flex\">\n<div class=\"wp-block-column is-layout-flow wp-block-column-is-layout-flow\" style=\"flex-basis:10%\"><\/div>\n\n\n\n<div class=\"wp-block-column is-layout-flow wp-block-column-is-layout-flow\">\n<h2 class=\"wp-block-heading\">Objavte najnov\u0161ie trendy v intralogistike!<\/h2>\n\n\n\n<p>S pote\u0161en\u00edm oznamujeme, \u017ee spolo\u010dnos\u0165 Anter System je partnerom konferencie &#8220; <strong>Optimaliz\u00e1cia intralogistick\u00fdch a skladov\u00fdch procesov&#8220;, ktor\u00e1 sa<\/strong> uskuto\u010dn\u00ed 5. decembra <strong>2024 v meste Swarz\u0119dz pri<\/strong> Poznani. Hlavn\u00fdm cie\u013eom podujatia je spoji\u0165 odborn\u00edkov z oblasti skladovej logistiky, priemyslu a automatiz\u00e1cie a vytvori\u0165 platformu na v\u00fdmenu poznatkov a prezent\u00e1ciu najnov\u0161\u00edch rie\u0161en\u00ed. <\/p>\n\n\n\n<p><strong>Predn\u00e1\u0161ky, workshopy, vytv\u00e1ranie obchodn\u00fdch siet\u00ed<\/strong><\/p>\n\n\n\n<p>Konferencia sa bude zaobera\u0165 k\u013e\u00fa\u010dov\u00fdmi t\u00e9mami s\u00favisiacimi s <strong>automatiz\u00e1ciou skladov\u00fdch procesov, implement\u00e1ciou inovat\u00edvnych technol\u00f3gi\u00ed a<\/strong> <strong>zvy\u0161ovan\u00edm bezpe\u010dnosti v skladovom<\/strong> prostred\u00ed. Medzi diskutovan\u00e9 t\u00e9my bud\u00fa patri\u0165 syst\u00e9my internej prepravy, skladov\u00e9 roboty, automatizovan\u00e9 syst\u00e9my skladovania a vychyst\u00e1vania objedn\u00e1vok, technol\u00f3gie RFID a bezdr\u00f4tovej identifik\u00e1cie, ako aj programovanie pre intralogistiku. \u00da\u010dastn\u00edci bud\u00fa ma\u0165 mo\u017enos\u0165 z\u00fa\u010dastni\u0165 sa aj na technick\u00fdch workshopoch &#8211; v\u00fdborn\u00e1 pr\u00edle\u017eitos\u0165 preh\u013abi\u0165 si praktick\u00e9 zru\u010dnosti s\u00favisiace s t\u00e9mami konferencie. \u010eal\u0161ou v\u00fdhodou podujatia bude <strong>mo\u017enos\u0165 nadviaza\u0165 cenn\u00e9 obchodn\u00e9 vz\u0165ahy, ktor\u00e9<\/strong> m\u00f4\u017eu podpori\u0165 profesion\u00e1lny rozvoj alebo vies\u0165 k nov\u00fdm partnerstv\u00e1m.   <\/p>\n\n\n\n<p><strong>Hovorme o bezpe\u010dnosti<\/strong><\/p>\n\n\n\n<p>Ako <strong>partner podujatia bude na konferencii pr\u00edtomn\u00e1<\/strong> spolo\u010d <strong>nos\u0165 Anter System, ktor\u00e1 bude odpoveda\u0165 na<\/strong> ot\u00e1zky t\u00fdkaj\u00face sa najmodernej\u0161\u00edch rie\u0161en\u00ed podporuj\u00facich efektivitu a bezpe\u010dnos\u0165 intralogistiky. \u00da\u010dastn\u00edci bud\u00fa ma\u0165 mo\u017enos\u0165 dozvedie\u0165 sa viac o na\u0161ich syst\u00e9moch na ochranu infra\u0161trukt\u00fary, produktoch na riadenie skladov\u00fdch priestorov a bezpe\u010dnostn\u00fdch rie\u0161eniach ur\u010den\u00fdch pre priemyseln\u00e9 a skladovacie zariadenia. <\/p>\n\n\n\n<p>Srde\u010dne v\u00e1s poz\u00fdvame na konferenciu a na rozhovory s na\u0161imi z\u00e1stupcami.<\/p>\n\n\n\n<p><strong>D\u00e1tum:<\/strong> Swarz\u0119dz pri Poznani, 8:00 &#8211; 15:30<br\/><strong>Miesto konania:<\/strong> 5: Antoniego Tabaki 1, Swarz\u0119dz<\/p>\n\n\n\n<p>\u00da\u010das\u0165 na konferencii je bezplatn\u00e1.<\/p>\n\n\n\n<p><strong>Viac inform\u00e1ci\u00ed a registr\u00e1cia:<\/strong> <em><a href=\"https:\/\/www.axonmedia.pl\/konferencje\/aktualne\/intralogistyka-magazynowanie-2024-poznan\/\">&#8222;Intralogistika a skladovanie&#8220;<\/a><\/em><\/p>\n\n\n\n<p>Uvid\u00edme sa v Swarz\u0119dzu &#8211; pracujme spolo\u010dne na formovan\u00ed bud\u00facnosti modern\u00fdch skladov!<\/p>\n\n\n\n<p><\/p>\n\n\n\n<p><\/p>\n<\/div>\n\n\n\n<div class=\"wp-block-column is-layout-flow wp-block-column-is-layout-flow\" style=\"flex-basis:10%\"><\/div>\n<\/div>\n<div class=\"wp-block-image\">\n<figure class=\"aligncenter size-large is-resized\"><img loading=\"lazy\" decoding=\"async\" width=\"1024\" height=\"576\" src=\"https:\/\/antersystem.com\/wp-content\/uploads\/axon_12_2024_konferencja_Intralogistyka-1024x576.jpg\" alt=\"\" class=\"wp-image-5650\" style=\"width:620px;height:auto\" srcset=\"https:\/\/antersystem.com\/wp-content\/uploads\/axon_12_2024_konferencja_Intralogistyka-1024x576.jpg 1024w, https:\/\/antersystem.com\/wp-content\/uploads\/axon_12_2024_konferencja_Intralogistyka-300x169.jpg 300w, https:\/\/antersystem.com\/wp-content\/uploads\/axon_12_2024_konferencja_Intralogistyka-768x432.jpg 768w, https:\/\/antersystem.com\/wp-content\/uploads\/axon_12_2024_konferencja_Intralogistyka-450x253.jpg 450w, https:\/\/antersystem.com\/wp-content\/uploads\/axon_12_2024_konferencja_Intralogistyka-330x186.jpg 330w, https:\/\/antersystem.com\/wp-content\/uploads\/axon_12_2024_konferencja_Intralogistyka.jpg 1115w\" sizes=\"auto, (max-width: 1024px) 100vw, 1024px\" \/><\/figure><\/div>","protected":false},"excerpt":{"rendered":"<p>Objavte najnov\u0161ie trendy v intralogistike! S pote\u0161en\u00edm oznamujeme, \u017ee spolo\u010dnos\u0165 Anter System je partnerom konferencie &#8220; Optimaliz\u00e1cia intralogistick\u00fdch a skladov\u00fdch procesov&#8220;, ktor\u00e1 sa uskuto\u010dn\u00ed 5. decembra 2024 v meste Swarz\u0119dz pri Poznani. Hlavn\u00fdm cie\u013eom podujatia je spoji\u0165 odborn\u00edkov z oblasti skladovej logistiky, priemyslu a automatiz\u00e1cie a vytvori\u0165 platformu na v\u00fdmenu poznatkov a prezent\u00e1ciu najnov\u0161\u00edch rie\u0161en\u00ed. [&hellip;]<\/p>\n","protected":false},"author":1,"featured_media":0,"parent":30350,"menu_order":0,"comment_status":"closed","ping_status":"closed","template":"","meta":{"inline_featured_image":false,"ngg_post_thumbnail":0,"footnotes":""},"class_list":["post-38899","page","type-page","status-publish","hentry"],"acf":[],"yoast_head":"<!-- This site is optimized with the Yoast SEO plugin v27.0 - https:\/\/yoast.com\/product\/yoast-seo-wordpress\/ -->\n<title>Anter System na konferencii &quot;Intralogistyka i magazynowanie&quot; - Anter System<\/title>\n<meta name=\"description\" content=\"Zapraszamy na konferencj\u0119 &quot;Intralogistyka i magazynowanie, kt\u00f3rej tematyka obejmuj mi\u0119dzy innymi zagadnienia zwi\u0105zane z bezpiecznym magazynem\" \/>\n<meta name=\"robots\" content=\"index, follow, max-snippet:-1, max-image-preview:large, max-video-preview:-1\" \/>\n<link rel=\"canonical\" href=\"https:\/\/antersystem.com\/sk\/novinky\/anter-system-at-intralogistyka-i-magazynowanie-conference-2024\/\" \/>\n<meta property=\"og:locale\" content=\"sk_SK\" \/>\n<meta property=\"og:type\" content=\"article\" \/>\n<meta property=\"og:title\" content=\"Anter System na konferencii &quot;Intralogistyka i magazynowanie&quot; - Anter System\" \/>\n<meta property=\"og:description\" content=\"Zapraszamy na konferencj\u0119 &quot;Intralogistyka i magazynowanie, kt\u00f3rej tematyka obejmuj mi\u0119dzy innymi zagadnienia zwi\u0105zane z bezpiecznym magazynem\" \/>\n<meta property=\"og:url\" content=\"https:\/\/antersystem.com\/sk\/novinky\/anter-system-at-intralogistyka-i-magazynowanie-conference-2024\/\" \/>\n<meta property=\"og:site_name\" content=\"Anter System\" \/>\n<meta property=\"article:modified_time\" content=\"2026-02-02T13:15:57+00:00\" \/>\n<meta property=\"og:image\" content=\"https:\/\/antersystem.com\/wp-content\/uploads\/axon_12_2024_konferencja_Intralogistyka-1024x576.jpg\" \/>\n<meta name=\"twitter:card\" content=\"summary_large_image\" \/>\n<meta name=\"twitter:label1\" content=\"Predpokladan\u00fd \u010das \u010d\u00edtania\" \/>\n\t<meta name=\"twitter:data1\" content=\"2 min\u00faty\" \/>\n<script type=\"application\/ld+json\" class=\"yoast-schema-graph\">{\"@context\":\"https:\/\/schema.org\",\"@graph\":[{\"@type\":\"WebPage\",\"@id\":\"https:\/\/antersystem.com\/sk\/novinky\/anter-system-at-intralogistyka-i-magazynowanie-conference-2024\/\",\"url\":\"https:\/\/antersystem.com\/sk\/novinky\/anter-system-at-intralogistyka-i-magazynowanie-conference-2024\/\",\"name\":\"Anter System na konferencii \\\"Intralogistyka i magazynowanie\\\" - Anter System\",\"isPartOf\":{\"@id\":\"https:\/\/antersystem.com\/sk\/#website\"},\"primaryImageOfPage\":{\"@id\":\"https:\/\/antersystem.com\/sk\/novinky\/anter-system-at-intralogistyka-i-magazynowanie-conference-2024\/#primaryimage\"},\"image\":{\"@id\":\"https:\/\/antersystem.com\/sk\/novinky\/anter-system-at-intralogistyka-i-magazynowanie-conference-2024\/#primaryimage\"},\"thumbnailUrl\":\"https:\/\/antersystem.com\/wp-content\/uploads\/axon_12_2024_konferencja_Intralogistyka-1024x576.jpg\",\"datePublished\":\"2024-11-25T08:14:04+00:00\",\"dateModified\":\"2026-02-02T13:15:57+00:00\",\"description\":\"Zapraszamy na konferencj\u0119 \\\"Intralogistyka i magazynowanie, kt\u00f3rej tematyka obejmuj mi\u0119dzy innymi zagadnienia zwi\u0105zane z bezpiecznym magazynem\",\"breadcrumb\":{\"@id\":\"https:\/\/antersystem.com\/sk\/novinky\/anter-system-at-intralogistyka-i-magazynowanie-conference-2024\/#breadcrumb\"},\"inLanguage\":\"sk-SK\",\"potentialAction\":[{\"@type\":\"ReadAction\",\"target\":[\"https:\/\/antersystem.com\/sk\/novinky\/anter-system-at-intralogistyka-i-magazynowanie-conference-2024\/\"]}]},{\"@type\":\"ImageObject\",\"inLanguage\":\"sk-SK\",\"@id\":\"https:\/\/antersystem.com\/sk\/novinky\/anter-system-at-intralogistyka-i-magazynowanie-conference-2024\/#primaryimage\",\"url\":\"https:\/\/antersystem.com\/wp-content\/uploads\/axon_12_2024_konferencja_Intralogistyka-1024x576.jpg\",\"contentUrl\":\"https:\/\/antersystem.com\/wp-content\/uploads\/axon_12_2024_konferencja_Intralogistyka-1024x576.jpg\"},{\"@type\":\"BreadcrumbList\",\"@id\":\"https:\/\/antersystem.com\/sk\/novinky\/anter-system-at-intralogistyka-i-magazynowanie-conference-2024\/#breadcrumb\",\"itemListElement\":[{\"@type\":\"ListItem\",\"position\":1,\"name\":\"AnterSystem\",\"item\":\"https:\/\/antersystem.com\/sk\/\"},{\"@type\":\"ListItem\",\"position\":2,\"name\":\"Novinky\",\"item\":\"https:\/\/antersystem.com\/sk\/novinky\/\"},{\"@type\":\"ListItem\",\"position\":3,\"name\":\"Anter System na konferencii &#8220;Intralogistyka i magazynowanie&#8221;\"}]},{\"@type\":\"WebSite\",\"@id\":\"https:\/\/antersystem.com\/sk\/#website\",\"url\":\"https:\/\/antersystem.com\/sk\/\",\"name\":\"Anter System\",\"description\":\"Jeste\u015bmy polskim producentem elastycznych barier ochronnych wykonywanych z polimerowych tworzyw sztucznych. Na rynku krajowym i zagranicznym dzia\u0142amy od ponad 15 lat dbaj\u0105c o zapewnienie bezpiecze\u0144stwa w zak\u0142adach produkcyjnych, magazynach oraz centrach logistycznych.\",\"potentialAction\":[{\"@type\":\"SearchAction\",\"target\":{\"@type\":\"EntryPoint\",\"urlTemplate\":\"https:\/\/antersystem.com\/sk\/?s={search_term_string}\"},\"query-input\":{\"@type\":\"PropertyValueSpecification\",\"valueRequired\":true,\"valueName\":\"search_term_string\"}}],\"inLanguage\":\"sk-SK\"}]}<\/script>\n<!-- \/ Yoast SEO plugin. -->","yoast_head_json":{"title":"Anter System na konferencii \"Intralogistyka i magazynowanie\" - Anter System","description":"Zapraszamy na konferencj\u0119 \"Intralogistyka i magazynowanie, kt\u00f3rej tematyka obejmuj mi\u0119dzy innymi zagadnienia zwi\u0105zane z bezpiecznym magazynem","robots":{"index":"index","follow":"follow","max-snippet":"max-snippet:-1","max-image-preview":"max-image-preview:large","max-video-preview":"max-video-preview:-1"},"canonical":"https:\/\/antersystem.com\/sk\/novinky\/anter-system-at-intralogistyka-i-magazynowanie-conference-2024\/","og_locale":"sk_SK","og_type":"article","og_title":"Anter System na konferencii \"Intralogistyka i magazynowanie\" - Anter System","og_description":"Zapraszamy na konferencj\u0119 \"Intralogistyka i magazynowanie, kt\u00f3rej tematyka obejmuj mi\u0119dzy innymi zagadnienia zwi\u0105zane z bezpiecznym magazynem","og_url":"https:\/\/antersystem.com\/sk\/novinky\/anter-system-at-intralogistyka-i-magazynowanie-conference-2024\/","og_site_name":"Anter System","article_modified_time":"2026-02-02T13:15:57+00:00","og_image":[{"url":"https:\/\/antersystem.com\/wp-content\/uploads\/axon_12_2024_konferencja_Intralogistyka-1024x576.jpg","type":"","width":"","height":""}],"twitter_card":"summary_large_image","twitter_misc":{"Predpokladan\u00fd \u010das \u010d\u00edtania":"2 min\u00faty"},"schema":{"@context":"https:\/\/schema.org","@graph":[{"@type":"WebPage","@id":"https:\/\/antersystem.com\/sk\/novinky\/anter-system-at-intralogistyka-i-magazynowanie-conference-2024\/","url":"https:\/\/antersystem.com\/sk\/novinky\/anter-system-at-intralogistyka-i-magazynowanie-conference-2024\/","name":"Anter System na konferencii \"Intralogistyka i magazynowanie\" - Anter System","isPartOf":{"@id":"https:\/\/antersystem.com\/sk\/#website"},"primaryImageOfPage":{"@id":"https:\/\/antersystem.com\/sk\/novinky\/anter-system-at-intralogistyka-i-magazynowanie-conference-2024\/#primaryimage"},"image":{"@id":"https:\/\/antersystem.com\/sk\/novinky\/anter-system-at-intralogistyka-i-magazynowanie-conference-2024\/#primaryimage"},"thumbnailUrl":"https:\/\/antersystem.com\/wp-content\/uploads\/axon_12_2024_konferencja_Intralogistyka-1024x576.jpg","datePublished":"2024-11-25T08:14:04+00:00","dateModified":"2026-02-02T13:15:57+00:00","description":"Zapraszamy na konferencj\u0119 \"Intralogistyka i magazynowanie, kt\u00f3rej tematyka obejmuj mi\u0119dzy innymi zagadnienia zwi\u0105zane z bezpiecznym magazynem","breadcrumb":{"@id":"https:\/\/antersystem.com\/sk\/novinky\/anter-system-at-intralogistyka-i-magazynowanie-conference-2024\/#breadcrumb"},"inLanguage":"sk-SK","potentialAction":[{"@type":"ReadAction","target":["https:\/\/antersystem.com\/sk\/novinky\/anter-system-at-intralogistyka-i-magazynowanie-conference-2024\/"]}]},{"@type":"ImageObject","inLanguage":"sk-SK","@id":"https:\/\/antersystem.com\/sk\/novinky\/anter-system-at-intralogistyka-i-magazynowanie-conference-2024\/#primaryimage","url":"https:\/\/antersystem.com\/wp-content\/uploads\/axon_12_2024_konferencja_Intralogistyka-1024x576.jpg","contentUrl":"https:\/\/antersystem.com\/wp-content\/uploads\/axon_12_2024_konferencja_Intralogistyka-1024x576.jpg"},{"@type":"BreadcrumbList","@id":"https:\/\/antersystem.com\/sk\/novinky\/anter-system-at-intralogistyka-i-magazynowanie-conference-2024\/#breadcrumb","itemListElement":[{"@type":"ListItem","position":1,"name":"AnterSystem","item":"https:\/\/antersystem.com\/sk\/"},{"@type":"ListItem","position":2,"name":"Novinky","item":"https:\/\/antersystem.com\/sk\/novinky\/"},{"@type":"ListItem","position":3,"name":"Anter System na konferencii &#8220;Intralogistyka i magazynowanie&#8221;"}]},{"@type":"WebSite","@id":"https:\/\/antersystem.com\/sk\/#website","url":"https:\/\/antersystem.com\/sk\/","name":"Anter System","description":"Jeste\u015bmy polskim producentem elastycznych barier ochronnych wykonywanych z polimerowych tworzyw sztucznych. Na rynku krajowym i zagranicznym dzia\u0142amy od ponad 15 lat dbaj\u0105c o zapewnienie bezpiecze\u0144stwa w zak\u0142adach produkcyjnych, magazynach oraz centrach logistycznych.","potentialAction":[{"@type":"SearchAction","target":{"@type":"EntryPoint","urlTemplate":"https:\/\/antersystem.com\/sk\/?s={search_term_string}"},"query-input":{"@type":"PropertyValueSpecification","valueRequired":true,"valueName":"search_term_string"}}],"inLanguage":"sk-SK"}]}},"_links":{"self":[{"href":"https:\/\/antersystem.com\/sk\/wp-json\/wp\/v2\/pages\/38899","targetHints":{"allow":["GET"]}}],"collection":[{"href":"https:\/\/antersystem.com\/sk\/wp-json\/wp\/v2\/pages"}],"about":[{"href":"https:\/\/antersystem.com\/sk\/wp-json\/wp\/v2\/types\/page"}],"author":[{"embeddable":true,"href":"https:\/\/antersystem.com\/sk\/wp-json\/wp\/v2\/users\/1"}],"replies":[{"embeddable":true,"href":"https:\/\/antersystem.com\/sk\/wp-json\/wp\/v2\/comments?post=38899"}],"version-history":[{"count":1,"href":"https:\/\/antersystem.com\/sk\/wp-json\/wp\/v2\/pages\/38899\/revisions"}],"predecessor-version":[{"id":38900,"href":"https:\/\/antersystem.com\/sk\/wp-json\/wp\/v2\/pages\/38899\/revisions\/38900"}],"up":[{"embeddable":true,"href":"https:\/\/antersystem.com\/sk\/wp-json\/wp\/v2\/pages\/30350"}],"wp:attachment":[{"href":"https:\/\/antersystem.com\/sk\/wp-json\/wp\/v2\/media?parent=38899"}],"curies":[{"name":"wp","href":"https:\/\/api.w.org\/{rel}","templated":true}]}}