{"id":38911,"date":"2023-10-16T09:34:17","date_gmt":"2023-10-16T07:34:17","guid":{"rendered":"https:\/\/antersystem.com\/novinky\/safety-by-the-wall-top-logistyk-magazine\/"},"modified":"2026-02-02T14:16:08","modified_gmt":"2026-02-02T13:16:08","slug":"safety-by-the-wall-top-logistyk-magazine","status":"publish","type":"page","link":"https:\/\/antersystem.com\/sk\/novinky\/safety-by-the-wall-top-logistyk-magazine\/","title":{"rendered":"Bezpe\u010dnos\u0165 pri stene &#8211; Top Logistyk Magazine"},"content":{"rendered":"\n<div class=\"wp-block-columns is-layout-flex wp-container-core-columns-is-layout-9d6595d7 wp-block-columns-is-layout-flex\">\n<div class=\"wp-block-column is-layout-flow wp-block-column-is-layout-flow\" style=\"flex-basis:10%\"><\/div>\n\n\n\n<div class=\"wp-block-column is-layout-flow wp-block-column-is-layout-flow\">\n<h3 class=\"wp-block-heading\">Bezpe\u010dnos\u0165 pri stene &#8211; Top Logistyk Magazine<\/h3>\n\n\n\n<p style=\"text-align: left;\">V auguste 2019 <em>vy\u0161iel<\/em> v \u010dasopise Top <em>Logistyk<\/em> \u010dl\u00e1nok, v ktorom boli predstaven\u00e9 na\u0161e v\u00fd\u0161kov\u00e9 ochrann\u00e9 bari\u00e9ry &#8211; WALL PROTECTOR. Tieto z\u00e1brany v\u00fdrazne zvy\u0161uj\u00fa bezpe\u010dnos\u0165 v skladov\u00fdch priestoroch a z\u00e1rove\u0148 umo\u017e\u0148uj\u00fa optim\u00e1lne vyu\u017eitie skladov\u00e9ho priestoru. <\/p>\n<p>&nbsp;<\/p>\n<p>&nbsp;<\/p>\n<\/div>\n\n\n\n<div class=\"wp-block-column is-layout-flow wp-block-column-is-layout-flow\" style=\"flex-basis:10%\"><\/div>\n<\/div>\n\n<div data-wp-interactive=\"core\/file\" class=\"wp-block-file\"><object data-wp-bind--hidden=\"!state.hasPdfPreview\" hidden class=\"wp-block-file__embed\" data=\"https:\/\/antersystem.com\/wp-content\/uploads\/TL_70_anter-2.pdf\" type=\"application\/pdf\" style=\"width:100%;height:600px\" aria-label=\"Vlo\u017ei\u0165 TL_70_anter-2.\"><\/object><a id=\"wp-block-file--media-ee450cea-ca59-4ce4-8c22-729773c7fc8d\" href=\"https:\/\/antersystem.com\/wp-content\/uploads\/TL_70_anter-2.pdf\">TL_70_anter-2<\/a><a href=\"https:\/\/antersystem.com\/wp-content\/uploads\/TL_70_anter-2.pdf\" class=\"wp-block-file__button wp-element-button\" download=\"\" aria-describedby=\"wp-block-file--media-ee450cea-ca59-4ce4-8c22-729773c7fc8d\">Stiahnite si<\/a><\/div>\n","protected":false},"excerpt":{"rendered":"<p>Bezpe\u010dnos\u0165 pri stene &#8211; Top Logistyk Magazine V auguste 2019 vy\u0161iel v \u010dasopise Top Logistyk \u010dl\u00e1nok, v ktorom boli predstaven\u00e9 na\u0161e v\u00fd\u0161kov\u00e9 ochrann\u00e9 bari\u00e9ry &#8211; WALL PROTECTOR. Tieto z\u00e1brany v\u00fdrazne zvy\u0161uj\u00fa bezpe\u010dnos\u0165 v skladov\u00fdch priestoroch a z\u00e1rove\u0148 umo\u017e\u0148uj\u00fa optim\u00e1lne vyu\u017eitie skladov\u00e9ho priestoru. &nbsp; &nbsp;<\/p>\n","protected":false},"author":1,"featured_media":0,"parent":30350,"menu_order":0,"comment_status":"closed","ping_status":"closed","template":"","meta":{"inline_featured_image":false,"ngg_post_thumbnail":0,"footnotes":""},"class_list":["post-38911","page","type-page","status-publish","hentry"],"acf":[],"yoast_head":"<!-- This site is optimized with the Yoast SEO plugin v27.0 - https:\/\/yoast.com\/product\/yoast-seo-wordpress\/ -->\n<title>Bezpe\u010dnos\u0165 pri stene - Top Logistyk Magazine - Anter System<\/title>\n<meta name=\"description\" content=\"Bariery WALL PROTECTOR mo\u017cna \u0142\u0105czy\u0107 z barierami Restrictor, czyli ogranicznikami wjazd\u00f3w dla w\u00f3zk\u00f3w wid\u0142owych, kt\u00f3re jednocze\u015bnie umo\u017cliwiaj\u0105 w spos\u00f3b bezpieczny podanie palety, blokuj\u0105c przejazd w\u00f3zka w stref\u0119 ruchu pieszego. Tego typu rozwi\u0105zanie zwi\u0119ksza bezpiecze\u0144stwo realizowanych prac. Anter System\" \/>\n<meta name=\"robots\" content=\"index, follow, max-snippet:-1, max-image-preview:large, max-video-preview:-1\" \/>\n<link rel=\"canonical\" href=\"https:\/\/antersystem.com\/sk\/novinky\/safety-by-the-wall-top-logistyk-magazine\/\" \/>\n<meta property=\"og:locale\" content=\"sk_SK\" \/>\n<meta property=\"og:type\" content=\"article\" \/>\n<meta property=\"og:title\" content=\"Bezpe\u010dnos\u0165 pri stene - Top Logistyk Magazine - Anter System\" \/>\n<meta property=\"og:description\" content=\"Bariery WALL PROTECTOR mo\u017cna \u0142\u0105czy\u0107 z barierami Restrictor, czyli ogranicznikami wjazd\u00f3w dla w\u00f3zk\u00f3w wid\u0142owych, kt\u00f3re jednocze\u015bnie umo\u017cliwiaj\u0105 w spos\u00f3b bezpieczny podanie palety, blokuj\u0105c przejazd w\u00f3zka w stref\u0119 ruchu pieszego. Tego typu rozwi\u0105zanie zwi\u0119ksza bezpiecze\u0144stwo realizowanych prac. Anter System\" \/>\n<meta property=\"og:url\" content=\"https:\/\/antersystem.com\/sk\/novinky\/safety-by-the-wall-top-logistyk-magazine\/\" \/>\n<meta property=\"og:site_name\" content=\"Anter System\" \/>\n<meta property=\"article:modified_time\" content=\"2026-02-02T13:16:08+00:00\" \/>\n<meta name=\"twitter:card\" content=\"summary_large_image\" \/>\n<script type=\"application\/ld+json\" class=\"yoast-schema-graph\">{\"@context\":\"https:\/\/schema.org\",\"@graph\":[{\"@type\":\"WebPage\",\"@id\":\"https:\/\/antersystem.com\/sk\/novinky\/safety-by-the-wall-top-logistyk-magazine\/\",\"url\":\"https:\/\/antersystem.com\/sk\/novinky\/safety-by-the-wall-top-logistyk-magazine\/\",\"name\":\"Bezpe\u010dnos\u0165 pri stene - Top Logistyk Magazine - Anter System\",\"isPartOf\":{\"@id\":\"https:\/\/antersystem.com\/sk\/#website\"},\"datePublished\":\"2023-10-16T07:34:17+00:00\",\"dateModified\":\"2026-02-02T13:16:08+00:00\",\"description\":\"Bariery WALL PROTECTOR mo\u017cna \u0142\u0105czy\u0107 z barierami Restrictor, czyli ogranicznikami wjazd\u00f3w dla w\u00f3zk\u00f3w wid\u0142owych, kt\u00f3re jednocze\u015bnie umo\u017cliwiaj\u0105 w spos\u00f3b bezpieczny podanie palety, blokuj\u0105c przejazd w\u00f3zka w stref\u0119 ruchu pieszego. Tego typu rozwi\u0105zanie zwi\u0119ksza bezpiecze\u0144stwo realizowanych prac. Anter System\",\"breadcrumb\":{\"@id\":\"https:\/\/antersystem.com\/sk\/novinky\/safety-by-the-wall-top-logistyk-magazine\/#breadcrumb\"},\"inLanguage\":\"sk-SK\",\"potentialAction\":[{\"@type\":\"ReadAction\",\"target\":[\"https:\/\/antersystem.com\/sk\/novinky\/safety-by-the-wall-top-logistyk-magazine\/\"]}]},{\"@type\":\"BreadcrumbList\",\"@id\":\"https:\/\/antersystem.com\/sk\/novinky\/safety-by-the-wall-top-logistyk-magazine\/#breadcrumb\",\"itemListElement\":[{\"@type\":\"ListItem\",\"position\":1,\"name\":\"AnterSystem\",\"item\":\"https:\/\/antersystem.com\/sk\/\"},{\"@type\":\"ListItem\",\"position\":2,\"name\":\"Novinky\",\"item\":\"https:\/\/antersystem.com\/sk\/novinky\/\"},{\"@type\":\"ListItem\",\"position\":3,\"name\":\"Bezpe\u010dnos\u0165 pri stene &#8211; Top Logistyk Magazine\"}]},{\"@type\":\"WebSite\",\"@id\":\"https:\/\/antersystem.com\/sk\/#website\",\"url\":\"https:\/\/antersystem.com\/sk\/\",\"name\":\"Anter System\",\"description\":\"Jeste\u015bmy polskim producentem elastycznych barier ochronnych wykonywanych z polimerowych tworzyw sztucznych. Na rynku krajowym i zagranicznym dzia\u0142amy od ponad 15 lat dbaj\u0105c o zapewnienie bezpiecze\u0144stwa w zak\u0142adach produkcyjnych, magazynach oraz centrach logistycznych.\",\"potentialAction\":[{\"@type\":\"SearchAction\",\"target\":{\"@type\":\"EntryPoint\",\"urlTemplate\":\"https:\/\/antersystem.com\/sk\/?s={search_term_string}\"},\"query-input\":{\"@type\":\"PropertyValueSpecification\",\"valueRequired\":true,\"valueName\":\"search_term_string\"}}],\"inLanguage\":\"sk-SK\"}]}<\/script>\n<!-- \/ Yoast SEO plugin. -->","yoast_head_json":{"title":"Bezpe\u010dnos\u0165 pri stene - Top Logistyk Magazine - Anter System","description":"Bariery WALL PROTECTOR mo\u017cna \u0142\u0105czy\u0107 z barierami Restrictor, czyli ogranicznikami wjazd\u00f3w dla w\u00f3zk\u00f3w wid\u0142owych, kt\u00f3re jednocze\u015bnie umo\u017cliwiaj\u0105 w spos\u00f3b bezpieczny podanie palety, blokuj\u0105c przejazd w\u00f3zka w stref\u0119 ruchu pieszego. Tego typu rozwi\u0105zanie zwi\u0119ksza bezpiecze\u0144stwo realizowanych prac. Anter System","robots":{"index":"index","follow":"follow","max-snippet":"max-snippet:-1","max-image-preview":"max-image-preview:large","max-video-preview":"max-video-preview:-1"},"canonical":"https:\/\/antersystem.com\/sk\/novinky\/safety-by-the-wall-top-logistyk-magazine\/","og_locale":"sk_SK","og_type":"article","og_title":"Bezpe\u010dnos\u0165 pri stene - Top Logistyk Magazine - Anter System","og_description":"Bariery WALL PROTECTOR mo\u017cna \u0142\u0105czy\u0107 z barierami Restrictor, czyli ogranicznikami wjazd\u00f3w dla w\u00f3zk\u00f3w wid\u0142owych, kt\u00f3re jednocze\u015bnie umo\u017cliwiaj\u0105 w spos\u00f3b bezpieczny podanie palety, blokuj\u0105c przejazd w\u00f3zka w stref\u0119 ruchu pieszego. Tego typu rozwi\u0105zanie zwi\u0119ksza bezpiecze\u0144stwo realizowanych prac. Anter System","og_url":"https:\/\/antersystem.com\/sk\/novinky\/safety-by-the-wall-top-logistyk-magazine\/","og_site_name":"Anter System","article_modified_time":"2026-02-02T13:16:08+00:00","twitter_card":"summary_large_image","schema":{"@context":"https:\/\/schema.org","@graph":[{"@type":"WebPage","@id":"https:\/\/antersystem.com\/sk\/novinky\/safety-by-the-wall-top-logistyk-magazine\/","url":"https:\/\/antersystem.com\/sk\/novinky\/safety-by-the-wall-top-logistyk-magazine\/","name":"Bezpe\u010dnos\u0165 pri stene - Top Logistyk Magazine - Anter System","isPartOf":{"@id":"https:\/\/antersystem.com\/sk\/#website"},"datePublished":"2023-10-16T07:34:17+00:00","dateModified":"2026-02-02T13:16:08+00:00","description":"Bariery WALL PROTECTOR mo\u017cna \u0142\u0105czy\u0107 z barierami Restrictor, czyli ogranicznikami wjazd\u00f3w dla w\u00f3zk\u00f3w wid\u0142owych, kt\u00f3re jednocze\u015bnie umo\u017cliwiaj\u0105 w spos\u00f3b bezpieczny podanie palety, blokuj\u0105c przejazd w\u00f3zka w stref\u0119 ruchu pieszego. Tego typu rozwi\u0105zanie zwi\u0119ksza bezpiecze\u0144stwo realizowanych prac. Anter System","breadcrumb":{"@id":"https:\/\/antersystem.com\/sk\/novinky\/safety-by-the-wall-top-logistyk-magazine\/#breadcrumb"},"inLanguage":"sk-SK","potentialAction":[{"@type":"ReadAction","target":["https:\/\/antersystem.com\/sk\/novinky\/safety-by-the-wall-top-logistyk-magazine\/"]}]},{"@type":"BreadcrumbList","@id":"https:\/\/antersystem.com\/sk\/novinky\/safety-by-the-wall-top-logistyk-magazine\/#breadcrumb","itemListElement":[{"@type":"ListItem","position":1,"name":"AnterSystem","item":"https:\/\/antersystem.com\/sk\/"},{"@type":"ListItem","position":2,"name":"Novinky","item":"https:\/\/antersystem.com\/sk\/novinky\/"},{"@type":"ListItem","position":3,"name":"Bezpe\u010dnos\u0165 pri stene &#8211; Top Logistyk Magazine"}]},{"@type":"WebSite","@id":"https:\/\/antersystem.com\/sk\/#website","url":"https:\/\/antersystem.com\/sk\/","name":"Anter System","description":"Jeste\u015bmy polskim producentem elastycznych barier ochronnych wykonywanych z polimerowych tworzyw sztucznych. Na rynku krajowym i zagranicznym dzia\u0142amy od ponad 15 lat dbaj\u0105c o zapewnienie bezpiecze\u0144stwa w zak\u0142adach produkcyjnych, magazynach oraz centrach logistycznych.","potentialAction":[{"@type":"SearchAction","target":{"@type":"EntryPoint","urlTemplate":"https:\/\/antersystem.com\/sk\/?s={search_term_string}"},"query-input":{"@type":"PropertyValueSpecification","valueRequired":true,"valueName":"search_term_string"}}],"inLanguage":"sk-SK"}]}},"_links":{"self":[{"href":"https:\/\/antersystem.com\/sk\/wp-json\/wp\/v2\/pages\/38911","targetHints":{"allow":["GET"]}}],"collection":[{"href":"https:\/\/antersystem.com\/sk\/wp-json\/wp\/v2\/pages"}],"about":[{"href":"https:\/\/antersystem.com\/sk\/wp-json\/wp\/v2\/types\/page"}],"author":[{"embeddable":true,"href":"https:\/\/antersystem.com\/sk\/wp-json\/wp\/v2\/users\/1"}],"replies":[{"embeddable":true,"href":"https:\/\/antersystem.com\/sk\/wp-json\/wp\/v2\/comments?post=38911"}],"version-history":[{"count":1,"href":"https:\/\/antersystem.com\/sk\/wp-json\/wp\/v2\/pages\/38911\/revisions"}],"predecessor-version":[{"id":38912,"href":"https:\/\/antersystem.com\/sk\/wp-json\/wp\/v2\/pages\/38911\/revisions\/38912"}],"up":[{"embeddable":true,"href":"https:\/\/antersystem.com\/sk\/wp-json\/wp\/v2\/pages\/30350"}],"wp:attachment":[{"href":"https:\/\/antersystem.com\/sk\/wp-json\/wp\/v2\/media?parent=38911"}],"curies":[{"name":"wp","href":"https:\/\/api.w.org\/{rel}","templated":true}]}}