{"id":38994,"date":"2023-10-11T14:02:03","date_gmt":"2023-10-11T12:02:03","guid":{"rendered":"https:\/\/antersystem.com\/novinky\/symbol-2019\/"},"modified":"2026-02-02T15:24:45","modified_gmt":"2026-02-02T14:24:45","slug":"symbol-2019","status":"publish","type":"page","link":"https:\/\/antersystem.com\/sk\/novinky\/symbol-2019\/","title":{"rendered":"Symbol 2019"},"content":{"rendered":"\n<div class=\"wp-block-columns is-layout-flex wp-container-core-columns-is-layout-9d6595d7 wp-block-columns-is-layout-flex\">\n<div class=\"wp-block-column is-layout-flow wp-block-column-is-layout-flow\" style=\"flex-basis:10%\"><\/div>\n\n\n\n<div class=\"wp-block-column is-layout-flow wp-block-column-is-layout-flow\">\n<h3 class=\"wp-block-heading\">Symbol 2019 pre Anter System<\/h3>\n\n\n\n<p style=\"text-align: left;\">V roku 2019 sa na\u0161a spolo\u010dnos\u0165 stala laure\u00e1tom prest\u00ed\u017enej s\u00fa\u0165a\u017ee Symbol 2019. Symbol je celo\u0161t\u00e1tny medi\u00e1lny propaga\u010dn\u00fd program, ktor\u00fd realizuje redakcia &#8222;Monitor rynkowy&#8220;, nez\u00e1visl\u00e1 pr\u00edloha denn\u00edka &#8222;Rzeczpospolita&#8220;, distribuovan\u00e1 spolu s &#8222;Dziennik Gazeta Prawna&#8220; a &#8222;Monitor Biznesu&#8220;.<\/p>\n<p style=\"text-align: left;\">Poskytuje medi\u00e1lnu podporu pri budovan\u00ed siln\u00e9ho a spo\u013eahliv\u00e9ho firemn\u00e9ho imid\u017eu. Ocenenie je uznan\u00edm doteraj\u0161\u00edch \u00faspechov a aktiv\u00edt. <\/p>\n<p>V \u010dl\u00e1nku Jaceka Biesa <a href=\"https:\/\/monitorrynkowy.pl\/bezpiecznie-przy-maszynach\/\">&#8222;Bezpiecznie przy maszynach&#8220; si m\u00f4\u017eete<\/a> pre\u010d\u00edta\u0165 o smerovan\u00ed \u010dinnosti spolo\u010dnosti v citovanom vyhl\u00e1sen\u00ed Tomasza Bary\u0142u, predsedu predstavenstva spolo\u010dnosti Anter System.<\/p>\n<p>&nbsp;<\/p>\n\n\n<div class=\"wp-block-image\">\n<figure class=\"aligncenter size-large is-resized\"><img loading=\"lazy\" decoding=\"async\" src=\"https:\/\/antersystem.com\/wp-content\/uploads\/Symbol_2019_poziom-1-1024x525.png\" alt=\"Ocenenie Symbol 2019 udelen&#xE9; spolo&#x10D;nosti Anter System spolo&#x10D;nos&#x165;ou Monitor rynkowy\" class=\"wp-image-2819\" style=\"width:509px;height:261px\" width=\"509\" height=\"261\"\/><\/figure><\/div><\/div>\n\n\n\n<div class=\"wp-block-column is-layout-flow wp-block-column-is-layout-flow\" style=\"flex-basis:10%\"><\/div>\n<\/div>\n","protected":false},"excerpt":{"rendered":"<p>Symbol 2019 pre Anter System V roku 2019 sa na\u0161a spolo\u010dnos\u0165 stala laure\u00e1tom prest\u00ed\u017enej s\u00fa\u0165a\u017ee Symbol 2019. Symbol je celo\u0161t\u00e1tny medi\u00e1lny propaga\u010dn\u00fd program, ktor\u00fd realizuje redakcia &#8222;Monitor rynkowy&#8220;, nez\u00e1visl\u00e1 pr\u00edloha denn\u00edka &#8222;Rzeczpospolita&#8220;, distribuovan\u00e1 spolu s &#8222;Dziennik Gazeta Prawna&#8220; a &#8222;Monitor Biznesu&#8220;. Poskytuje medi\u00e1lnu podporu pri budovan\u00ed siln\u00e9ho a spo\u013eahliv\u00e9ho firemn\u00e9ho imid\u017eu. Ocenenie je uznan\u00edm doteraj\u0161\u00edch [&hellip;]<\/p>\n","protected":false},"author":1,"featured_media":0,"parent":30350,"menu_order":0,"comment_status":"closed","ping_status":"closed","template":"","meta":{"inline_featured_image":false,"ngg_post_thumbnail":0,"footnotes":""},"class_list":["post-38994","page","type-page","status-publish","hentry"],"acf":[],"yoast_head":"<!-- This site is optimized with the Yoast SEO plugin v27.0 - https:\/\/yoast.com\/product\/yoast-seo-wordpress\/ -->\n<title>Symbol 2019 - Anter System<\/title>\n<meta name=\"description\" content=\"Na\u0161a firma bola v roku 2019 laure\u00e1tom prest\u00ed\u017eneho konkurzu Symbol 2019. Symbol to og\u00f3lnopolski, medialny program promocyjny, prowadzony przez redakcj\u0119 &quot;Monitora rynkowego&quot;.\" \/>\n<meta name=\"robots\" content=\"index, follow, max-snippet:-1, max-image-preview:large, max-video-preview:-1\" \/>\n<link rel=\"canonical\" href=\"https:\/\/antersystem.com\/sk\/novinky\/symbol-2019\/\" \/>\n<meta property=\"og:locale\" content=\"sk_SK\" \/>\n<meta property=\"og:type\" content=\"article\" \/>\n<meta property=\"og:title\" content=\"Symbol 2019 - Anter System\" \/>\n<meta property=\"og:description\" content=\"Na\u0161a firma bola v roku 2019 laure\u00e1tom prest\u00ed\u017eneho konkurzu Symbol 2019. Symbol to og\u00f3lnopolski, medialny program promocyjny, prowadzony przez redakcj\u0119 &quot;Monitora rynkowego&quot;.\" \/>\n<meta property=\"og:url\" content=\"https:\/\/antersystem.com\/sk\/novinky\/symbol-2019\/\" \/>\n<meta property=\"og:site_name\" content=\"Anter System\" \/>\n<meta property=\"article:modified_time\" content=\"2026-02-02T14:24:45+00:00\" \/>\n<meta property=\"og:image\" content=\"https:\/\/antersystem.com\/wp-content\/uploads\/Symbol_2019_poziom-1-1024x525.png\" \/>\n<meta name=\"twitter:card\" content=\"summary_large_image\" \/>\n<meta name=\"twitter:label1\" content=\"Predpokladan\u00fd \u010das \u010d\u00edtania\" \/>\n\t<meta name=\"twitter:data1\" content=\"1 min\u00fata\" \/>\n<script type=\"application\/ld+json\" class=\"yoast-schema-graph\">{\"@context\":\"https:\/\/schema.org\",\"@graph\":[{\"@type\":\"WebPage\",\"@id\":\"https:\/\/antersystem.com\/sk\/novinky\/symbol-2019\/\",\"url\":\"https:\/\/antersystem.com\/sk\/novinky\/symbol-2019\/\",\"name\":\"Symbol 2019 - Anter System\",\"isPartOf\":{\"@id\":\"https:\/\/antersystem.com\/sk\/#website\"},\"primaryImageOfPage\":{\"@id\":\"https:\/\/antersystem.com\/sk\/novinky\/symbol-2019\/#primaryimage\"},\"image\":{\"@id\":\"https:\/\/antersystem.com\/sk\/novinky\/symbol-2019\/#primaryimage\"},\"thumbnailUrl\":\"https:\/\/antersystem.com\/wp-content\/uploads\/Symbol_2019_poziom-1-1024x525.png\",\"datePublished\":\"2023-10-11T12:02:03+00:00\",\"dateModified\":\"2026-02-02T14:24:45+00:00\",\"description\":\"Na\u0161a firma bola v roku 2019 laure\u00e1tom prest\u00ed\u017eneho konkurzu Symbol 2019. Symbol to og\u00f3lnopolski, medialny program promocyjny, prowadzony przez redakcj\u0119 \\\"Monitora rynkowego\\\".\",\"breadcrumb\":{\"@id\":\"https:\/\/antersystem.com\/sk\/novinky\/symbol-2019\/#breadcrumb\"},\"inLanguage\":\"sk-SK\",\"potentialAction\":[{\"@type\":\"ReadAction\",\"target\":[\"https:\/\/antersystem.com\/sk\/novinky\/symbol-2019\/\"]}]},{\"@type\":\"ImageObject\",\"inLanguage\":\"sk-SK\",\"@id\":\"https:\/\/antersystem.com\/sk\/novinky\/symbol-2019\/#primaryimage\",\"url\":\"https:\/\/antersystem.com\/wp-content\/uploads\/Symbol_2019_poziom-1-1024x525.png\",\"contentUrl\":\"https:\/\/antersystem.com\/wp-content\/uploads\/Symbol_2019_poziom-1-1024x525.png\"},{\"@type\":\"BreadcrumbList\",\"@id\":\"https:\/\/antersystem.com\/sk\/novinky\/symbol-2019\/#breadcrumb\",\"itemListElement\":[{\"@type\":\"ListItem\",\"position\":1,\"name\":\"AnterSystem\",\"item\":\"https:\/\/antersystem.com\/sk\/\"},{\"@type\":\"ListItem\",\"position\":2,\"name\":\"Novinky\",\"item\":\"https:\/\/antersystem.com\/sk\/novinky\/\"},{\"@type\":\"ListItem\",\"position\":3,\"name\":\"Symbol 2019\"}]},{\"@type\":\"WebSite\",\"@id\":\"https:\/\/antersystem.com\/sk\/#website\",\"url\":\"https:\/\/antersystem.com\/sk\/\",\"name\":\"Anter System\",\"description\":\"Jeste\u015bmy polskim producentem elastycznych barier ochronnych wykonywanych z polimerowych tworzyw sztucznych. Na rynku krajowym i zagranicznym dzia\u0142amy od ponad 15 lat dbaj\u0105c o zapewnienie bezpiecze\u0144stwa w zak\u0142adach produkcyjnych, magazynach oraz centrach logistycznych.\",\"potentialAction\":[{\"@type\":\"SearchAction\",\"target\":{\"@type\":\"EntryPoint\",\"urlTemplate\":\"https:\/\/antersystem.com\/sk\/?s={search_term_string}\"},\"query-input\":{\"@type\":\"PropertyValueSpecification\",\"valueRequired\":true,\"valueName\":\"search_term_string\"}}],\"inLanguage\":\"sk-SK\"}]}<\/script>\n<!-- \/ Yoast SEO plugin. -->","yoast_head_json":{"title":"Symbol 2019 - Anter System","description":"Na\u0161a firma bola v roku 2019 laure\u00e1tom prest\u00ed\u017eneho konkurzu Symbol 2019. Symbol to og\u00f3lnopolski, medialny program promocyjny, prowadzony przez redakcj\u0119 \"Monitora rynkowego\".","robots":{"index":"index","follow":"follow","max-snippet":"max-snippet:-1","max-image-preview":"max-image-preview:large","max-video-preview":"max-video-preview:-1"},"canonical":"https:\/\/antersystem.com\/sk\/novinky\/symbol-2019\/","og_locale":"sk_SK","og_type":"article","og_title":"Symbol 2019 - Anter System","og_description":"Na\u0161a firma bola v roku 2019 laure\u00e1tom prest\u00ed\u017eneho konkurzu Symbol 2019. Symbol to og\u00f3lnopolski, medialny program promocyjny, prowadzony przez redakcj\u0119 \"Monitora rynkowego\".","og_url":"https:\/\/antersystem.com\/sk\/novinky\/symbol-2019\/","og_site_name":"Anter System","article_modified_time":"2026-02-02T14:24:45+00:00","og_image":[{"url":"https:\/\/antersystem.com\/wp-content\/uploads\/Symbol_2019_poziom-1-1024x525.png","type":"","width":"","height":""}],"twitter_card":"summary_large_image","twitter_misc":{"Predpokladan\u00fd \u010das \u010d\u00edtania":"1 min\u00fata"},"schema":{"@context":"https:\/\/schema.org","@graph":[{"@type":"WebPage","@id":"https:\/\/antersystem.com\/sk\/novinky\/symbol-2019\/","url":"https:\/\/antersystem.com\/sk\/novinky\/symbol-2019\/","name":"Symbol 2019 - Anter System","isPartOf":{"@id":"https:\/\/antersystem.com\/sk\/#website"},"primaryImageOfPage":{"@id":"https:\/\/antersystem.com\/sk\/novinky\/symbol-2019\/#primaryimage"},"image":{"@id":"https:\/\/antersystem.com\/sk\/novinky\/symbol-2019\/#primaryimage"},"thumbnailUrl":"https:\/\/antersystem.com\/wp-content\/uploads\/Symbol_2019_poziom-1-1024x525.png","datePublished":"2023-10-11T12:02:03+00:00","dateModified":"2026-02-02T14:24:45+00:00","description":"Na\u0161a firma bola v roku 2019 laure\u00e1tom prest\u00ed\u017eneho konkurzu Symbol 2019. Symbol to og\u00f3lnopolski, medialny program promocyjny, prowadzony przez redakcj\u0119 \"Monitora rynkowego\".","breadcrumb":{"@id":"https:\/\/antersystem.com\/sk\/novinky\/symbol-2019\/#breadcrumb"},"inLanguage":"sk-SK","potentialAction":[{"@type":"ReadAction","target":["https:\/\/antersystem.com\/sk\/novinky\/symbol-2019\/"]}]},{"@type":"ImageObject","inLanguage":"sk-SK","@id":"https:\/\/antersystem.com\/sk\/novinky\/symbol-2019\/#primaryimage","url":"https:\/\/antersystem.com\/wp-content\/uploads\/Symbol_2019_poziom-1-1024x525.png","contentUrl":"https:\/\/antersystem.com\/wp-content\/uploads\/Symbol_2019_poziom-1-1024x525.png"},{"@type":"BreadcrumbList","@id":"https:\/\/antersystem.com\/sk\/novinky\/symbol-2019\/#breadcrumb","itemListElement":[{"@type":"ListItem","position":1,"name":"AnterSystem","item":"https:\/\/antersystem.com\/sk\/"},{"@type":"ListItem","position":2,"name":"Novinky","item":"https:\/\/antersystem.com\/sk\/novinky\/"},{"@type":"ListItem","position":3,"name":"Symbol 2019"}]},{"@type":"WebSite","@id":"https:\/\/antersystem.com\/sk\/#website","url":"https:\/\/antersystem.com\/sk\/","name":"Anter System","description":"Jeste\u015bmy polskim producentem elastycznych barier ochronnych wykonywanych z polimerowych tworzyw sztucznych. Na rynku krajowym i zagranicznym dzia\u0142amy od ponad 15 lat dbaj\u0105c o zapewnienie bezpiecze\u0144stwa w zak\u0142adach produkcyjnych, magazynach oraz centrach logistycznych.","potentialAction":[{"@type":"SearchAction","target":{"@type":"EntryPoint","urlTemplate":"https:\/\/antersystem.com\/sk\/?s={search_term_string}"},"query-input":{"@type":"PropertyValueSpecification","valueRequired":true,"valueName":"search_term_string"}}],"inLanguage":"sk-SK"}]}},"_links":{"self":[{"href":"https:\/\/antersystem.com\/sk\/wp-json\/wp\/v2\/pages\/38994","targetHints":{"allow":["GET"]}}],"collection":[{"href":"https:\/\/antersystem.com\/sk\/wp-json\/wp\/v2\/pages"}],"about":[{"href":"https:\/\/antersystem.com\/sk\/wp-json\/wp\/v2\/types\/page"}],"author":[{"embeddable":true,"href":"https:\/\/antersystem.com\/sk\/wp-json\/wp\/v2\/users\/1"}],"replies":[{"embeddable":true,"href":"https:\/\/antersystem.com\/sk\/wp-json\/wp\/v2\/comments?post=38994"}],"version-history":[{"count":1,"href":"https:\/\/antersystem.com\/sk\/wp-json\/wp\/v2\/pages\/38994\/revisions"}],"predecessor-version":[{"id":38996,"href":"https:\/\/antersystem.com\/sk\/wp-json\/wp\/v2\/pages\/38994\/revisions\/38996"}],"up":[{"embeddable":true,"href":"https:\/\/antersystem.com\/sk\/wp-json\/wp\/v2\/pages\/30350"}],"wp:attachment":[{"href":"https:\/\/antersystem.com\/sk\/wp-json\/wp\/v2\/media?parent=38994"}],"curies":[{"name":"wp","href":"https:\/\/api.w.org\/{rel}","templated":true}]}}