{"id":39001,"date":"2023-10-11T15:11:24","date_gmt":"2023-10-11T13:11:24","guid":{"rendered":"https:\/\/antersystem.com\/novinky\/product-of-the-year-2019\/"},"modified":"2026-02-02T15:24:44","modified_gmt":"2026-02-02T14:24:44","slug":"product-of-the-year-2019","status":"publish","type":"page","link":"https:\/\/antersystem.com\/sk\/novinky\/product-of-the-year-2019\/","title":{"rendered":"Produkt roka 2019"},"content":{"rendered":"\n<div class=\"wp-block-columns is-layout-flex wp-container-core-columns-is-layout-9d6595d7 wp-block-columns-is-layout-flex\">\n<div class=\"wp-block-column is-layout-flow wp-block-column-is-layout-flow\" style=\"flex-basis:10%\"><\/div>\n\n\n\n<div class=\"wp-block-column is-layout-flow wp-block-column-is-layout-flow\">\n<h3 class=\"wp-block-heading\">Podpera n\u00e1vesu JST 1.2 zv\u00ed\u0165azila v ankete Stroj\u00e1rstvo a \u00fadr\u017eba &#8211; v\u00fdrobok roka 2019<\/h3>\n\n\n\n<p style=\"text-align: left;\">Podpera n\u00e1vesu JST 1.2 je ur\u010den\u00e1 na zaistenie bezpe\u010dnosti pri nakladan\u00ed a vykladan\u00ed tovaru z n\u00e1vesu bez pou\u017eitia \u0165aha\u010da. Podpera \u00fa\u010dinne zabra\u0148uje nakloneniu alebo prevr\u00e1teniu n\u00e1vesu, \u010d\u00edm minimalizuje riziko neh\u00f4d. <strong>V\u00fdhody invest\u00edci\u00ed do spr\u00e1vnych bezpe\u010dnostn\u00fdch rie\u0161en\u00ed na nakladac\u00edch staniciach boli ocenen\u00e9 v ankete Engineering &amp; Maintenance a <a href=\"https:\/\/utrzymanieruchu.pl\/konkurs-produkt-roku-2019-rozstrzygniety\/\">podpera n\u00e1vesu JST 1.2 z\u00edskala v tejto kateg\u00f3rii ocenenie Produkt roka 2019: Dopravn\u00e9 zariadenia.<\/a><\/strong> <\/p>\n<p style=\"text-align: left;\">V\u00fdrobok je vybaven\u00fd samonivela\u010dn\u00fdm syst\u00e9mom a jeho v\u00fd\u0161ku mo\u017eno nastavi\u0165 pod\u013ea potreby. Mobiln\u00fd syst\u00e9m umo\u017e\u0148uje \u013eahk\u00e9 umiestnenie podpery pod n\u00e1ves. V\u00fdrobcovia n\u00e1vesov odpor\u00fa\u010daj\u00fa pou\u017e\u00edva\u0165 podpery pri nakladan\u00ed bez \u0165aha\u010dov &#8211; na niektor\u00fdch n\u00e1vesoch sa navy\u0161e nach\u00e1dzaj\u00fa v\u00fdstra\u017en\u00e9 n\u00e1lepky odpor\u00fa\u010daj\u00face pou\u017eitie dodato\u010dn\u00fdch podper.  <\/p>\n\n\n<div class=\"wp-block-image\">\n<figure class=\"aligncenter size-full is-resized\"><img loading=\"lazy\" decoding=\"async\" src=\"https:\/\/antersystem.com\/wp-content\/uploads\/Produkt-roku-2019-1.png\" alt=\"\" class=\"wp-image-2832\" style=\"width:485px;height:451px\" width=\"485\" height=\"451\" srcset=\"https:\/\/antersystem.com\/wp-content\/uploads\/Produkt-roku-2019-1.png 648w, https:\/\/antersystem.com\/wp-content\/uploads\/Produkt-roku-2019-1-300x279.png 300w, https:\/\/antersystem.com\/wp-content\/uploads\/Produkt-roku-2019-1-450x419.png 450w, https:\/\/antersystem.com\/wp-content\/uploads\/Produkt-roku-2019-1-330x307.png 330w\" sizes=\"auto, (max-width: 485px) 100vw, 485px\" \/><\/figure><\/div><\/div>\n\n\n\n<div class=\"wp-block-column is-layout-flow wp-block-column-is-layout-flow\" style=\"flex-basis:10%\"><\/div>\n<\/div>\n","protected":false},"excerpt":{"rendered":"<p>Podpera n\u00e1vesu JST 1.2 zv\u00ed\u0165azila v ankete Stroj\u00e1rstvo a \u00fadr\u017eba &#8211; v\u00fdrobok roka 2019 Podpera n\u00e1vesu JST 1.2 je ur\u010den\u00e1 na zaistenie bezpe\u010dnosti pri nakladan\u00ed a vykladan\u00ed tovaru z n\u00e1vesu bez pou\u017eitia \u0165aha\u010da. Podpera \u00fa\u010dinne zabra\u0148uje nakloneniu alebo prevr\u00e1teniu n\u00e1vesu, \u010d\u00edm minimalizuje riziko neh\u00f4d. V\u00fdhody invest\u00edci\u00ed do spr\u00e1vnych bezpe\u010dnostn\u00fdch rie\u0161en\u00ed na nakladac\u00edch staniciach boli ocenen\u00e9 [&hellip;]<\/p>\n","protected":false},"author":1,"featured_media":0,"parent":30350,"menu_order":0,"comment_status":"closed","ping_status":"closed","template":"","meta":{"inline_featured_image":false,"ngg_post_thumbnail":0,"footnotes":""},"class_list":["post-39001","page","type-page","status-publish","hentry"],"acf":[],"yoast_head":"<!-- This site is optimized with the Yoast SEO plugin v27.0 - https:\/\/yoast.com\/product\/yoast-seo-wordpress\/ -->\n<title>Produkt roka 2019 - Anter System<\/title>\n<meta name=\"description\" content=\"Podpera n\u00e1vesu JST 1.2 zv\u00ed\u0165azila v ankete Stroj\u00e1rstvo a \u00fadr\u017eba - v\u00fdrobok roka 2019 Podpera n\u00e1vesu JST 1.2 je ur\u010den\u00e1 na zaistenie bezpe\u010dnosti pri nakladan\u00ed\" \/>\n<meta name=\"robots\" content=\"index, follow, max-snippet:-1, max-image-preview:large, max-video-preview:-1\" \/>\n<link rel=\"canonical\" href=\"https:\/\/antersystem.com\/sk\/novinky\/product-of-the-year-2019\/\" \/>\n<meta property=\"og:locale\" content=\"sk_SK\" \/>\n<meta property=\"og:type\" content=\"article\" \/>\n<meta property=\"og:title\" content=\"Produkt roka 2019 - Anter System\" \/>\n<meta property=\"og:description\" content=\"Podpera n\u00e1vesu JST 1.2 zv\u00ed\u0165azila v ankete Stroj\u00e1rstvo a \u00fadr\u017eba - v\u00fdrobok roka 2019 Podpera n\u00e1vesu JST 1.2 je ur\u010den\u00e1 na zaistenie bezpe\u010dnosti pri nakladan\u00ed\" \/>\n<meta property=\"og:url\" content=\"https:\/\/antersystem.com\/sk\/novinky\/product-of-the-year-2019\/\" \/>\n<meta property=\"og:site_name\" content=\"Anter System\" \/>\n<meta property=\"article:modified_time\" content=\"2026-02-02T14:24:44+00:00\" \/>\n<meta property=\"og:image\" content=\"https:\/\/antersystem.com\/wp-content\/uploads\/Produkt-roku-2019-1.png\" \/>\n<meta name=\"twitter:card\" content=\"summary_large_image\" \/>\n<meta name=\"twitter:label1\" content=\"Predpokladan\u00fd \u010das \u010d\u00edtania\" \/>\n\t<meta name=\"twitter:data1\" content=\"1 min\u00fata\" \/>\n<script type=\"application\/ld+json\" class=\"yoast-schema-graph\">{\"@context\":\"https:\/\/schema.org\",\"@graph\":[{\"@type\":\"WebPage\",\"@id\":\"https:\/\/antersystem.com\/sk\/novinky\/product-of-the-year-2019\/\",\"url\":\"https:\/\/antersystem.com\/sk\/novinky\/product-of-the-year-2019\/\",\"name\":\"Produkt roka 2019 - Anter System\",\"isPartOf\":{\"@id\":\"https:\/\/antersystem.com\/sk\/#website\"},\"primaryImageOfPage\":{\"@id\":\"https:\/\/antersystem.com\/sk\/novinky\/product-of-the-year-2019\/#primaryimage\"},\"image\":{\"@id\":\"https:\/\/antersystem.com\/sk\/novinky\/product-of-the-year-2019\/#primaryimage\"},\"thumbnailUrl\":\"https:\/\/antersystem.com\/wp-content\/uploads\/Produkt-roku-2019-1.png\",\"datePublished\":\"2023-10-11T13:11:24+00:00\",\"dateModified\":\"2026-02-02T14:24:44+00:00\",\"description\":\"Podpera n\u00e1vesu JST 1.2 zv\u00ed\u0165azila v ankete Stroj\u00e1rstvo a \u00fadr\u017eba - v\u00fdrobok roka 2019 Podpera n\u00e1vesu JST 1.2 je ur\u010den\u00e1 na zaistenie bezpe\u010dnosti pri nakladan\u00ed\",\"breadcrumb\":{\"@id\":\"https:\/\/antersystem.com\/sk\/novinky\/product-of-the-year-2019\/#breadcrumb\"},\"inLanguage\":\"sk-SK\",\"potentialAction\":[{\"@type\":\"ReadAction\",\"target\":[\"https:\/\/antersystem.com\/sk\/novinky\/product-of-the-year-2019\/\"]}]},{\"@type\":\"ImageObject\",\"inLanguage\":\"sk-SK\",\"@id\":\"https:\/\/antersystem.com\/sk\/novinky\/product-of-the-year-2019\/#primaryimage\",\"url\":\"https:\/\/antersystem.com\/wp-content\/uploads\/Produkt-roku-2019-1.png\",\"contentUrl\":\"https:\/\/antersystem.com\/wp-content\/uploads\/Produkt-roku-2019-1.png\"},{\"@type\":\"BreadcrumbList\",\"@id\":\"https:\/\/antersystem.com\/sk\/novinky\/product-of-the-year-2019\/#breadcrumb\",\"itemListElement\":[{\"@type\":\"ListItem\",\"position\":1,\"name\":\"AnterSystem\",\"item\":\"https:\/\/antersystem.com\/sk\/\"},{\"@type\":\"ListItem\",\"position\":2,\"name\":\"Novinky\",\"item\":\"https:\/\/antersystem.com\/sk\/novinky\/\"},{\"@type\":\"ListItem\",\"position\":3,\"name\":\"Produkt roka 2019\"}]},{\"@type\":\"WebSite\",\"@id\":\"https:\/\/antersystem.com\/sk\/#website\",\"url\":\"https:\/\/antersystem.com\/sk\/\",\"name\":\"Anter System\",\"description\":\"Jeste\u015bmy polskim producentem elastycznych barier ochronnych wykonywanych z polimerowych tworzyw sztucznych. Na rynku krajowym i zagranicznym dzia\u0142amy od ponad 15 lat dbaj\u0105c o zapewnienie bezpiecze\u0144stwa w zak\u0142adach produkcyjnych, magazynach oraz centrach logistycznych.\",\"potentialAction\":[{\"@type\":\"SearchAction\",\"target\":{\"@type\":\"EntryPoint\",\"urlTemplate\":\"https:\/\/antersystem.com\/sk\/?s={search_term_string}\"},\"query-input\":{\"@type\":\"PropertyValueSpecification\",\"valueRequired\":true,\"valueName\":\"search_term_string\"}}],\"inLanguage\":\"sk-SK\"}]}<\/script>\n<!-- \/ Yoast SEO plugin. -->","yoast_head_json":{"title":"Produkt roka 2019 - Anter System","description":"Podpera n\u00e1vesu JST 1.2 zv\u00ed\u0165azila v ankete Stroj\u00e1rstvo a \u00fadr\u017eba - v\u00fdrobok roka 2019 Podpera n\u00e1vesu JST 1.2 je ur\u010den\u00e1 na zaistenie bezpe\u010dnosti pri nakladan\u00ed","robots":{"index":"index","follow":"follow","max-snippet":"max-snippet:-1","max-image-preview":"max-image-preview:large","max-video-preview":"max-video-preview:-1"},"canonical":"https:\/\/antersystem.com\/sk\/novinky\/product-of-the-year-2019\/","og_locale":"sk_SK","og_type":"article","og_title":"Produkt roka 2019 - Anter System","og_description":"Podpera n\u00e1vesu JST 1.2 zv\u00ed\u0165azila v ankete Stroj\u00e1rstvo a \u00fadr\u017eba - v\u00fdrobok roka 2019 Podpera n\u00e1vesu JST 1.2 je ur\u010den\u00e1 na zaistenie bezpe\u010dnosti pri nakladan\u00ed","og_url":"https:\/\/antersystem.com\/sk\/novinky\/product-of-the-year-2019\/","og_site_name":"Anter System","article_modified_time":"2026-02-02T14:24:44+00:00","og_image":[{"url":"https:\/\/antersystem.com\/wp-content\/uploads\/Produkt-roku-2019-1.png","type":"","width":"","height":""}],"twitter_card":"summary_large_image","twitter_misc":{"Predpokladan\u00fd \u010das \u010d\u00edtania":"1 min\u00fata"},"schema":{"@context":"https:\/\/schema.org","@graph":[{"@type":"WebPage","@id":"https:\/\/antersystem.com\/sk\/novinky\/product-of-the-year-2019\/","url":"https:\/\/antersystem.com\/sk\/novinky\/product-of-the-year-2019\/","name":"Produkt roka 2019 - Anter System","isPartOf":{"@id":"https:\/\/antersystem.com\/sk\/#website"},"primaryImageOfPage":{"@id":"https:\/\/antersystem.com\/sk\/novinky\/product-of-the-year-2019\/#primaryimage"},"image":{"@id":"https:\/\/antersystem.com\/sk\/novinky\/product-of-the-year-2019\/#primaryimage"},"thumbnailUrl":"https:\/\/antersystem.com\/wp-content\/uploads\/Produkt-roku-2019-1.png","datePublished":"2023-10-11T13:11:24+00:00","dateModified":"2026-02-02T14:24:44+00:00","description":"Podpera n\u00e1vesu JST 1.2 zv\u00ed\u0165azila v ankete Stroj\u00e1rstvo a \u00fadr\u017eba - v\u00fdrobok roka 2019 Podpera n\u00e1vesu JST 1.2 je ur\u010den\u00e1 na zaistenie bezpe\u010dnosti pri nakladan\u00ed","breadcrumb":{"@id":"https:\/\/antersystem.com\/sk\/novinky\/product-of-the-year-2019\/#breadcrumb"},"inLanguage":"sk-SK","potentialAction":[{"@type":"ReadAction","target":["https:\/\/antersystem.com\/sk\/novinky\/product-of-the-year-2019\/"]}]},{"@type":"ImageObject","inLanguage":"sk-SK","@id":"https:\/\/antersystem.com\/sk\/novinky\/product-of-the-year-2019\/#primaryimage","url":"https:\/\/antersystem.com\/wp-content\/uploads\/Produkt-roku-2019-1.png","contentUrl":"https:\/\/antersystem.com\/wp-content\/uploads\/Produkt-roku-2019-1.png"},{"@type":"BreadcrumbList","@id":"https:\/\/antersystem.com\/sk\/novinky\/product-of-the-year-2019\/#breadcrumb","itemListElement":[{"@type":"ListItem","position":1,"name":"AnterSystem","item":"https:\/\/antersystem.com\/sk\/"},{"@type":"ListItem","position":2,"name":"Novinky","item":"https:\/\/antersystem.com\/sk\/novinky\/"},{"@type":"ListItem","position":3,"name":"Produkt roka 2019"}]},{"@type":"WebSite","@id":"https:\/\/antersystem.com\/sk\/#website","url":"https:\/\/antersystem.com\/sk\/","name":"Anter System","description":"Jeste\u015bmy polskim producentem elastycznych barier ochronnych wykonywanych z polimerowych tworzyw sztucznych. Na rynku krajowym i zagranicznym dzia\u0142amy od ponad 15 lat dbaj\u0105c o zapewnienie bezpiecze\u0144stwa w zak\u0142adach produkcyjnych, magazynach oraz centrach logistycznych.","potentialAction":[{"@type":"SearchAction","target":{"@type":"EntryPoint","urlTemplate":"https:\/\/antersystem.com\/sk\/?s={search_term_string}"},"query-input":{"@type":"PropertyValueSpecification","valueRequired":true,"valueName":"search_term_string"}}],"inLanguage":"sk-SK"}]}},"_links":{"self":[{"href":"https:\/\/antersystem.com\/sk\/wp-json\/wp\/v2\/pages\/39001","targetHints":{"allow":["GET"]}}],"collection":[{"href":"https:\/\/antersystem.com\/sk\/wp-json\/wp\/v2\/pages"}],"about":[{"href":"https:\/\/antersystem.com\/sk\/wp-json\/wp\/v2\/types\/page"}],"author":[{"embeddable":true,"href":"https:\/\/antersystem.com\/sk\/wp-json\/wp\/v2\/users\/1"}],"replies":[{"embeddable":true,"href":"https:\/\/antersystem.com\/sk\/wp-json\/wp\/v2\/comments?post=39001"}],"version-history":[{"count":1,"href":"https:\/\/antersystem.com\/sk\/wp-json\/wp\/v2\/pages\/39001\/revisions"}],"predecessor-version":[{"id":39002,"href":"https:\/\/antersystem.com\/sk\/wp-json\/wp\/v2\/pages\/39001\/revisions\/39002"}],"up":[{"embeddable":true,"href":"https:\/\/antersystem.com\/sk\/wp-json\/wp\/v2\/pages\/30350"}],"wp:attachment":[{"href":"https:\/\/antersystem.com\/sk\/wp-json\/wp\/v2\/media?parent=39001"}],"curies":[{"name":"wp","href":"https:\/\/api.w.org\/{rel}","templated":true}]}}