{"id":39010,"date":"2025-06-09T08:46:29","date_gmt":"2025-06-09T06:46:29","guid":{"rendered":"https:\/\/antersystem.com\/novinky\/trade-fairs-modernlog-and-itm-industry-europe-2025\/"},"modified":"2026-02-02T15:24:46","modified_gmt":"2026-02-02T14:24:46","slug":"trade-fairs-modernlog-and-itm-industry-europe-2025","status":"publish","type":"page","link":"https:\/\/antersystem.com\/sk\/novinky\/trade-fairs-modernlog-and-itm-industry-europe-2025\/","title":{"rendered":"Ve\u013etrhy Modernlog a ITM Industry Europe 2025"},"content":{"rendered":"\n<div class=\"wp-block-columns is-layout-flex wp-container-core-columns-is-layout-9d6595d7 wp-block-columns-is-layout-flex\">\n<div class=\"wp-block-column is-layout-flow wp-block-column-is-layout-flow\">\n<h2 class=\"wp-block-heading\">Spr\u00e1va z ve\u013etrhu priemyslu a logistiky v Poznani<\/h2>\n\n\n\n<div class=\"wp-block-columns is-layout-flex wp-container-core-columns-is-layout-9d6595d7 wp-block-columns-is-layout-flex\">\n<div class=\"wp-block-column is-layout-flow wp-block-column-is-layout-flow\" style=\"flex-basis:10%\"><\/div>\n\n\n\n<div class=\"wp-block-column is-layout-flow wp-block-column-is-layout-flow\">\n<p>V d\u0148och 3. a\u017e 5. j\u00fana 2025 sme sa z\u00fa\u010dastnili dvoch k\u013e\u00fa\u010dov\u00fdch priemyseln\u00fdch podujat\u00ed &#8211; Modernlog a ITM Industry Europe. Obe podujatia, ktor\u00e9 sa konali na medzin\u00e1rodnom ve\u013etrhu v Poznani, pril\u00e1kali tis\u00edce odborn\u00edkov h\u013eadaj\u00facich modern\u00e9 rie\u0161enia pre priemysel, logistiku a automatiz\u00e1ciu. Tento rok bolo mo\u017en\u00e9 vidie\u0165 na\u0161e produkty v dvoch jedine\u010dn\u00fdch priestoroch: v z\u00f3ne Safety Zone po\u010das ITM Industry Europe a v z\u00f3ne In4Log na ve\u013etrhu Modernlog. Obe z\u00f3ny sl\u00fa\u017eili ako centr\u00e1 dynamick\u00fdch uk\u00e1\u017eok, praktick\u00fdch prezent\u00e1ci\u00ed a v\u00fdmeny poznatkov v duchu Industry 4.0.   <\/p>\n\n\n\n<div style=\"height:30px\" aria-hidden=\"true\" class=\"wp-block-spacer\"><\/div>\n\n\n\n<div class=\"wp-block-media-text is-stacked-on-mobile is-image-fill-element\" style=\"grid-template-columns:40% auto\"><figure class=\"wp-block-media-text__media\"><img loading=\"lazy\" decoding=\"async\" width=\"683\" height=\"1024\" src=\"https:\/\/antersystem.com\/wp-content\/uploads\/modernlog-2025-011-683x1024.png\" alt=\"\" class=\"wp-image-6172 size-full\" style=\"object-position:50% 54%\" srcset=\"https:\/\/antersystem.com\/wp-content\/uploads\/modernlog-2025-011-683x1024.png 683w, https:\/\/antersystem.com\/wp-content\/uploads\/modernlog-2025-011-200x300.png 200w, https:\/\/antersystem.com\/wp-content\/uploads\/modernlog-2025-011-768x1152.png 768w, https:\/\/antersystem.com\/wp-content\/uploads\/modernlog-2025-011-450x675.png 450w, https:\/\/antersystem.com\/wp-content\/uploads\/modernlog-2025-011-330x495.png 330w, https:\/\/antersystem.com\/wp-content\/uploads\/modernlog-2025-011.png 800w\" sizes=\"auto, (max-width: 683px) 100vw, 683px\" \/><\/figure><div class=\"wp-block-media-text__content\">\n<h3 class=\"wp-block-heading\">Logistika bud\u00facnosti v z\u00f3ne In4Log &#8211; Modernlog 2025<\/h3>\n\n\n\n<p>V z\u00f3ne In4Log mohli n\u00e1v\u0161tevn\u00edci sledova\u0165 cel\u00fd logistick\u00fd proces &#8211; od vyrovn\u00e1vania tovaru, cez automatizovan\u00fa kompletiz\u00e1ciu objedn\u00e1vok a balenie a\u017e po pr\u00edpravu paliet na exped\u00edciu. Na\u0161e flexibiln\u00e9 bezpe\u010dnostn\u00e9 bari\u00e9ry integrovan\u00e9 s detek\u010dn\u00fdmi a signaliza\u010dn\u00fdmi syst\u00e9mami zohr\u00e1vali k\u013e\u00fa\u010dov\u00fa \u00falohu pri zabezpe\u010den\u00ed cel\u00e9ho logistick\u00e9ho priestoru. Uk\u00e1zali sme, ako m\u00f4\u017eu modern\u00e9 ochrann\u00e9 technol\u00f3gie fungova\u0165 v harm\u00f3nii s automatiz\u00e1ciou a robotikou, \u010d\u00edm sa zabezpe\u010d\u00ed plynul\u00e1 a bezpe\u010dn\u00e1 prev\u00e1dzka.  <\/p>\n<\/div><\/div>\n\n\n\n<div style=\"height:30px\" aria-hidden=\"true\" class=\"wp-block-spacer\"><\/div>\n\n\n\n<div class=\"wp-block-media-text has-media-on-the-right is-stacked-on-mobile\" style=\"grid-template-columns:auto 40%\"><div class=\"wp-block-media-text__content\" style=\"padding-left: 0px\">\n\n<h3 class=\"wp-block-heading\">Inov\u00e1cie v bezpe\u010dnostnej z\u00f3ne &#8211; ITM Industry Europe<\/h3>\n\n\n<p>V bezpe\u010dnostnej z\u00f3ne sme spolu s \u010fal\u0161\u00edmi l\u00eddrami v oblasti ochrany procesov a os\u00f4b predstavili inovat\u00edvne rie\u0161enia na zabezpe\u010denie v\u00fdrobn\u00fdch a skladov\u00fdch priestorov. Jedn\u00fdm z vrcholov programu boli &#8222;crash testy&#8220;, ktor\u00e9 demon\u0161trovali, ako m\u00f4\u017eu spr\u00e1vne ochrann\u00e9 opatrenia minimalizova\u0165 rizik\u00e1 nehody a chr\u00e1ni\u0165 zdravie pracovn\u00edkov. <\/p>\n\n<\/div><figure class=\"wp-block-media-text__media\"><img loading=\"lazy\" decoding=\"async\" width=\"1024\" height=\"683\" src=\"https:\/\/antersystem.com\/wp-content\/uploads\/ITM-2025-002-1024x683.png\" alt=\"\" class=\"wp-image-6158 size-full\" srcset=\"https:\/\/antersystem.com\/wp-content\/uploads\/ITM-2025-002-1024x683.png 1024w, https:\/\/antersystem.com\/wp-content\/uploads\/ITM-2025-002-300x200.png 300w, https:\/\/antersystem.com\/wp-content\/uploads\/ITM-2025-002-768x512.png 768w, https:\/\/antersystem.com\/wp-content\/uploads\/ITM-2025-002-450x300.png 450w, https:\/\/antersystem.com\/wp-content\/uploads\/ITM-2025-002-330x220.png 330w, https:\/\/antersystem.com\/wp-content\/uploads\/ITM-2025-002.png 1200w\" sizes=\"auto, (max-width: 1024px) 100vw, 1024px\" \/><\/figure><\/div>\n\n\n\n<div style=\"height:30px\" aria-hidden=\"true\" class=\"wp-block-spacer\"><\/div>\n\n\n\n<div class=\"wp-block-media-text is-stacked-on-mobile is-image-fill-element\" style=\"grid-template-columns:40% auto\"><figure class=\"wp-block-media-text__media\"><img loading=\"lazy\" decoding=\"async\" width=\"683\" height=\"1024\" src=\"https:\/\/antersystem.com\/wp-content\/uploads\/modernlog-2025-012-683x1024.png\" alt=\"\" class=\"wp-image-6168 size-full\" style=\"object-position:51% 48%\" srcset=\"https:\/\/antersystem.com\/wp-content\/uploads\/modernlog-2025-012-683x1024.png 683w, https:\/\/antersystem.com\/wp-content\/uploads\/modernlog-2025-012-200x300.png 200w, https:\/\/antersystem.com\/wp-content\/uploads\/modernlog-2025-012-768x1152.png 768w, https:\/\/antersystem.com\/wp-content\/uploads\/modernlog-2025-012-450x675.png 450w, https:\/\/antersystem.com\/wp-content\/uploads\/modernlog-2025-012-330x495.png 330w, https:\/\/antersystem.com\/wp-content\/uploads\/modernlog-2025-012.png 800w\" sizes=\"auto, (max-width: 683px) 100vw, 683px\" \/><\/figure><div class=\"wp-block-media-text__content\">\n<h3 class=\"wp-block-heading\">Pr\u00edle\u017eitos\u0165 spoji\u0165 sa<\/h3>\n\n\n\n<p>V susedstve oboch predv\u00e1dzac\u00edch z\u00f3n sme vytvorili priestory, kde si n\u00e1v\u0161tevn\u00edci mohli bli\u017e\u0161ie prezrie\u0165 produkty Anter System. Tieto priestory poskytli ide\u00e1lne prostredie na in\u0161pirat\u00edvne rozhovory o rie\u0161eniach, ktor\u00e9 podporuj\u00fa bezpe\u010dnos\u0165 v priemysle. <\/p>\n\n\n\n<p>Najv\u00e4\u010d\u0161\u00edm l\u00e1kadlom v na\u0161ich st\u00e1nkoch boli ako v\u017edy nov\u00e9 produkty vr\u00e1tane z\u00e1bran GATE PROTECTOR s v\u00fdstra\u017en\u00fdm syst\u00e9mom, ktor\u00e9 boli v Poznani predstaven\u00e9 po prv\u00fdkr\u00e1t. GATE PROTECTORS, ur\u010den\u00e9 na ochranu br\u00e1n, medziposchod\u00ed a n\u00edzko zavesenej infra\u0161trukt\u00fary, s\u00fa vybaven\u00e9 v\u00fdstra\u017en\u00fdmi svetlami signalizuj\u00facimi nebezpe\u010denstvo. Br\u00e1ny s\u00fa vybaven\u00e9 pokro\u010dil\u00fdmi detek\u010dn\u00fdmi syst\u00e9mami, ktor\u00e9 identifikuj\u00fa bl\u00ed\u017eiace sa vozidlo vstupuj\u00face do nebezpe\u010dnej z\u00f3ny a okam\u017eite aktivuj\u00fa intenz\u00edvne \u010derven\u00e9 v\u00fdstra\u017en\u00e9 svetl\u00e1, vidite\u013en\u00e9 na \u00farovni o\u010d\u00ed chodcov aj pre obsluhu vysokozdvi\u017en\u00fdch voz\u00edkov.  <\/p>\n<\/div><\/div>\n\n\n\n<div style=\"height:30px\" aria-hidden=\"true\" class=\"wp-block-spacer\"><\/div>\n\n\n\n<div class=\"wp-block-media-text has-media-on-the-right is-stacked-on-mobile is-image-fill-element\" style=\"grid-template-columns:auto 35%\"><div class=\"wp-block-media-text__content\" style=\"padding-left: 0px\">\n\n<h3 class=\"wp-block-heading\">Zlat\u00e1 medaila na Modernlog 2025<\/h3>\n\n\n<p>S hrdos\u0165ou oznamujeme, \u017ee n\u00e1\u0161 produkt &#8211; inteligentn\u00fd SGA GATE PROTECTOR &#8211; z\u00edskal na ve\u013etrhu Modernlog 2025 zlat\u00fa medailu. Porota s\u00fa\u0165a\u017ee ocenila toto rie\u0161enie v kateg\u00f3rii produktov pre bezpe\u010dnos\u0165 na pracovisku. SGA GATE PROTECTOR nie je len fyzickou ochranou z\u00f3n zdie\u013ean\u00fdch chodcami a vozidlami &#8211; je to inteligentn\u00fd syst\u00e9m, ktor\u00fd akt\u00edvne reaguje na potenci\u00e1lne nebezpe\u010denstv\u00e1. V\u010faka pokro\u010dilej detekcii v kombin\u00e1cii so syst\u00e9mom akt\u00edvnej svetelnej signaliz\u00e1cie a uzamykan\u00edm priechodu br\u00e1na v\u00fdrazne zni\u017euje riziko kol\u00edzi\u00ed a zabezpe\u010duje bezpe\u010dn\u00e9 spolu\u017eitie \u013eud\u00ed a strojov v dynamickom pracovnom prostred\u00ed. Zlat\u00e1 medaila je pre n\u00e1s ve\u013ekou c\u0165ou a motiv\u00e1ciou pokra\u010dova\u0165 vo v\u00fdvoji technol\u00f3gi\u00ed, ktor\u00e9 zvy\u0161uj\u00fa bezpe\u010dnos\u0165 na pracovisku. Viac inform\u00e1ci\u00ed o br\u00e1ne n\u00e1jdete <a href=\"https:\/\/antersystem.com\/produkty\/elastyczna-bariera-gate-protector-with-sga-gate\/\"><strong>tu<\/strong><\/a>.     <\/p>\n\n<\/div><figure class=\"wp-block-media-text__media\"><img loading=\"lazy\" decoding=\"async\" width=\"683\" height=\"1024\" src=\"https:\/\/antersystem.com\/wp-content\/uploads\/modernlog-2025-009-683x1024.png\" alt=\"\" class=\"wp-image-6157 size-full\" style=\"object-position:39% 51%\" srcset=\"https:\/\/antersystem.com\/wp-content\/uploads\/modernlog-2025-009-683x1024.png 683w, https:\/\/antersystem.com\/wp-content\/uploads\/modernlog-2025-009-200x300.png 200w, https:\/\/antersystem.com\/wp-content\/uploads\/modernlog-2025-009-768x1152.png 768w, https:\/\/antersystem.com\/wp-content\/uploads\/modernlog-2025-009-450x675.png 450w, https:\/\/antersystem.com\/wp-content\/uploads\/modernlog-2025-009-330x495.png 330w, https:\/\/antersystem.com\/wp-content\/uploads\/modernlog-2025-009.png 800w\" sizes=\"auto, (max-width: 683px) 100vw, 683px\" \/><\/figure><\/div>\n\n\n\n<div style=\"height:30px\" aria-hidden=\"true\" class=\"wp-block-spacer\"><\/div>\n\n\n\n<figure class=\"wp-block-embed is-type-video is-provider-youtube wp-block-embed-youtube wp-embed-aspect-16-9 wp-has-aspect-ratio\"><div class=\"wp-block-embed__wrapper\" style=\"text-align: center;\">\n<iframe loading=\"lazy\" title=\"Targi Modernlog i ITM Industry Europe 2025\" width=\"500\" height=\"281\" src=\"https:\/\/www.youtube.com\/embed\/ofugWHZvKVU?feature=oembed\" frameborder=\"0\" allow=\"accelerometer; autoplay; clipboard-write; encrypted-media; gyroscope; picture-in-picture; web-share\" referrerpolicy=\"strict-origin-when-cross-origin\" allowfullscreen><\/iframe>\n<\/div><\/figure>\n\n\n<p>Radi by sme sa po\u010fakovali v\u0161etk\u00fdm, ktor\u00ed nav\u0161t\u00edvili na\u0161e st\u00e1nky. V\u00e1\u0161 z\u00e1ujem, po\u010detn\u00e9 ot\u00e1zky a diskusie s\u00fa pre n\u00e1s ve\u013emi cenn\u00e9. Sme radi, \u017ee sme mali mo\u017enos\u0165 prezentova\u0165 na\u0161e rie\u0161enia v takom profesion\u00e1lnom a inovat\u00edvnom prostred\u00ed.  <\/p>\n\n\n\n<p>Uvid\u00edme sa na \u010fal\u0161\u00edch ve\u013etrhoch!<\/p>\n<\/div>\n\n\n\n<div class=\"wp-block-column is-layout-flow wp-block-column-is-layout-flow\" style=\"flex-basis:10%\"><\/div>\n<\/div>\n\n\n\nngg_shortcode_0_placeholder\n<\/div>\n<\/div>\n","protected":false},"excerpt":{"rendered":"<p>Spr\u00e1va z ve\u013etrhu priemyslu a logistiky v Poznani V d\u0148och 3. a\u017e 5. j\u00fana 2025 sme sa z\u00fa\u010dastnili dvoch k\u013e\u00fa\u010dov\u00fdch priemyseln\u00fdch podujat\u00ed &#8211; Modernlog a ITM Industry Europe. Obe podujatia, ktor\u00e9 sa konali na medzin\u00e1rodnom ve\u013etrhu v Poznani, pril\u00e1kali tis\u00edce odborn\u00edkov h\u013eadaj\u00facich modern\u00e9 rie\u0161enia pre priemysel, logistiku a automatiz\u00e1ciu. Tento rok bolo mo\u017en\u00e9 vidie\u0165 na\u0161e [&hellip;]<\/p>\n","protected":false},"author":11,"featured_media":0,"parent":30350,"menu_order":0,"comment_status":"closed","ping_status":"closed","template":"","meta":{"inline_featured_image":false,"ngg_post_thumbnail":0,"footnotes":""},"class_list":["post-39010","page","type-page","status-publish","hentry"],"acf":[],"yoast_head":"<!-- This site is optimized with the Yoast SEO plugin v27.0 - https:\/\/yoast.com\/product\/yoast-seo-wordpress\/ -->\n<title>Ve\u013etrhy Modernlog a ITM Industry Europe 2025 - Anter System<\/title>\n<meta name=\"description\" content=\"Spr\u00e1va z ve\u013etrhu priemyslu a logistiky v Poznani V d\u0148och 3. a\u017e 5. j\u00fana 2025 sme sa z\u00fa\u010dastnili dvoch k\u013e\u00fa\u010dov\u00fdch priemyseln\u00fdch podujat\u00ed - Modernlog a ITM\" \/>\n<meta name=\"robots\" content=\"index, follow, max-snippet:-1, max-image-preview:large, max-video-preview:-1\" \/>\n<link rel=\"canonical\" href=\"https:\/\/antersystem.com\/sk\/novinky\/trade-fairs-modernlog-and-itm-industry-europe-2025\/\" \/>\n<meta property=\"og:locale\" content=\"sk_SK\" \/>\n<meta property=\"og:type\" content=\"article\" \/>\n<meta property=\"og:title\" content=\"Ve\u013etrhy Modernlog a ITM Industry Europe 2025 - Anter System\" \/>\n<meta property=\"og:description\" content=\"Spr\u00e1va z ve\u013etrhu priemyslu a logistiky v Poznani V d\u0148och 3. a\u017e 5. j\u00fana 2025 sme sa z\u00fa\u010dastnili dvoch k\u013e\u00fa\u010dov\u00fdch priemyseln\u00fdch podujat\u00ed - Modernlog a ITM\" \/>\n<meta property=\"og:url\" content=\"https:\/\/antersystem.com\/sk\/novinky\/trade-fairs-modernlog-and-itm-industry-europe-2025\/\" \/>\n<meta property=\"og:site_name\" content=\"Anter System\" \/>\n<meta property=\"article:modified_time\" content=\"2026-02-02T14:24:46+00:00\" \/>\n<meta property=\"og:image\" content=\"https:\/\/antersystem.com\/wp-content\/uploads\/modernlog-2025-011-683x1024.png\" \/>\n<meta name=\"twitter:card\" content=\"summary_large_image\" \/>\n<meta name=\"twitter:label1\" content=\"Predpokladan\u00fd \u010das \u010d\u00edtania\" \/>\n\t<meta name=\"twitter:data1\" content=\"3 min\u00faty\" \/>\n<script type=\"application\/ld+json\" class=\"yoast-schema-graph\">{\"@context\":\"https:\/\/schema.org\",\"@graph\":[{\"@type\":\"WebPage\",\"@id\":\"https:\/\/antersystem.com\/sk\/novinky\/trade-fairs-modernlog-and-itm-industry-europe-2025\/\",\"url\":\"https:\/\/antersystem.com\/sk\/novinky\/trade-fairs-modernlog-and-itm-industry-europe-2025\/\",\"name\":\"Ve\u013etrhy Modernlog a ITM Industry Europe 2025 - Anter System\",\"isPartOf\":{\"@id\":\"https:\/\/antersystem.com\/sk\/#website\"},\"primaryImageOfPage\":{\"@id\":\"https:\/\/antersystem.com\/sk\/novinky\/trade-fairs-modernlog-and-itm-industry-europe-2025\/#primaryimage\"},\"image\":{\"@id\":\"https:\/\/antersystem.com\/sk\/novinky\/trade-fairs-modernlog-and-itm-industry-europe-2025\/#primaryimage\"},\"thumbnailUrl\":\"https:\/\/antersystem.com\/wp-content\/uploads\/modernlog-2025-011-683x1024.png\",\"datePublished\":\"2025-06-09T06:46:29+00:00\",\"dateModified\":\"2026-02-02T14:24:46+00:00\",\"description\":\"Spr\u00e1va z ve\u013etrhu priemyslu a logistiky v Poznani V d\u0148och 3. a\u017e 5. j\u00fana 2025 sme sa z\u00fa\u010dastnili dvoch k\u013e\u00fa\u010dov\u00fdch priemyseln\u00fdch podujat\u00ed - Modernlog a ITM\",\"breadcrumb\":{\"@id\":\"https:\/\/antersystem.com\/sk\/novinky\/trade-fairs-modernlog-and-itm-industry-europe-2025\/#breadcrumb\"},\"inLanguage\":\"sk-SK\",\"potentialAction\":[{\"@type\":\"ReadAction\",\"target\":[\"https:\/\/antersystem.com\/sk\/novinky\/trade-fairs-modernlog-and-itm-industry-europe-2025\/\"]}]},{\"@type\":\"ImageObject\",\"inLanguage\":\"sk-SK\",\"@id\":\"https:\/\/antersystem.com\/sk\/novinky\/trade-fairs-modernlog-and-itm-industry-europe-2025\/#primaryimage\",\"url\":\"https:\/\/antersystem.com\/wp-content\/uploads\/modernlog-2025-011-683x1024.png\",\"contentUrl\":\"https:\/\/antersystem.com\/wp-content\/uploads\/modernlog-2025-011-683x1024.png\"},{\"@type\":\"BreadcrumbList\",\"@id\":\"https:\/\/antersystem.com\/sk\/novinky\/trade-fairs-modernlog-and-itm-industry-europe-2025\/#breadcrumb\",\"itemListElement\":[{\"@type\":\"ListItem\",\"position\":1,\"name\":\"AnterSystem\",\"item\":\"https:\/\/antersystem.com\/sk\/\"},{\"@type\":\"ListItem\",\"position\":2,\"name\":\"Novinky\",\"item\":\"https:\/\/antersystem.com\/sk\/novinky\/\"},{\"@type\":\"ListItem\",\"position\":3,\"name\":\"Ve\u013etrhy Modernlog a ITM Industry Europe 2025\"}]},{\"@type\":\"WebSite\",\"@id\":\"https:\/\/antersystem.com\/sk\/#website\",\"url\":\"https:\/\/antersystem.com\/sk\/\",\"name\":\"Anter System\",\"description\":\"Jeste\u015bmy polskim producentem elastycznych barier ochronnych wykonywanych z polimerowych tworzyw sztucznych. Na rynku krajowym i zagranicznym dzia\u0142amy od ponad 15 lat dbaj\u0105c o zapewnienie bezpiecze\u0144stwa w zak\u0142adach produkcyjnych, magazynach oraz centrach logistycznych.\",\"potentialAction\":[{\"@type\":\"SearchAction\",\"target\":{\"@type\":\"EntryPoint\",\"urlTemplate\":\"https:\/\/antersystem.com\/sk\/?s={search_term_string}\"},\"query-input\":{\"@type\":\"PropertyValueSpecification\",\"valueRequired\":true,\"valueName\":\"search_term_string\"}}],\"inLanguage\":\"sk-SK\"}]}<\/script>\n<!-- \/ Yoast SEO plugin. -->","yoast_head_json":{"title":"Ve\u013etrhy Modernlog a ITM Industry Europe 2025 - Anter System","description":"Spr\u00e1va z ve\u013etrhu priemyslu a logistiky v Poznani V d\u0148och 3. a\u017e 5. j\u00fana 2025 sme sa z\u00fa\u010dastnili dvoch k\u013e\u00fa\u010dov\u00fdch priemyseln\u00fdch podujat\u00ed - Modernlog a ITM","robots":{"index":"index","follow":"follow","max-snippet":"max-snippet:-1","max-image-preview":"max-image-preview:large","max-video-preview":"max-video-preview:-1"},"canonical":"https:\/\/antersystem.com\/sk\/novinky\/trade-fairs-modernlog-and-itm-industry-europe-2025\/","og_locale":"sk_SK","og_type":"article","og_title":"Ve\u013etrhy Modernlog a ITM Industry Europe 2025 - Anter System","og_description":"Spr\u00e1va z ve\u013etrhu priemyslu a logistiky v Poznani V d\u0148och 3. a\u017e 5. j\u00fana 2025 sme sa z\u00fa\u010dastnili dvoch k\u013e\u00fa\u010dov\u00fdch priemyseln\u00fdch podujat\u00ed - Modernlog a ITM","og_url":"https:\/\/antersystem.com\/sk\/novinky\/trade-fairs-modernlog-and-itm-industry-europe-2025\/","og_site_name":"Anter System","article_modified_time":"2026-02-02T14:24:46+00:00","og_image":[{"url":"https:\/\/antersystem.com\/wp-content\/uploads\/modernlog-2025-011-683x1024.png","type":"","width":"","height":""}],"twitter_card":"summary_large_image","twitter_misc":{"Predpokladan\u00fd \u010das \u010d\u00edtania":"3 min\u00faty"},"schema":{"@context":"https:\/\/schema.org","@graph":[{"@type":"WebPage","@id":"https:\/\/antersystem.com\/sk\/novinky\/trade-fairs-modernlog-and-itm-industry-europe-2025\/","url":"https:\/\/antersystem.com\/sk\/novinky\/trade-fairs-modernlog-and-itm-industry-europe-2025\/","name":"Ve\u013etrhy Modernlog a ITM Industry Europe 2025 - Anter System","isPartOf":{"@id":"https:\/\/antersystem.com\/sk\/#website"},"primaryImageOfPage":{"@id":"https:\/\/antersystem.com\/sk\/novinky\/trade-fairs-modernlog-and-itm-industry-europe-2025\/#primaryimage"},"image":{"@id":"https:\/\/antersystem.com\/sk\/novinky\/trade-fairs-modernlog-and-itm-industry-europe-2025\/#primaryimage"},"thumbnailUrl":"https:\/\/antersystem.com\/wp-content\/uploads\/modernlog-2025-011-683x1024.png","datePublished":"2025-06-09T06:46:29+00:00","dateModified":"2026-02-02T14:24:46+00:00","description":"Spr\u00e1va z ve\u013etrhu priemyslu a logistiky v Poznani V d\u0148och 3. a\u017e 5. j\u00fana 2025 sme sa z\u00fa\u010dastnili dvoch k\u013e\u00fa\u010dov\u00fdch priemyseln\u00fdch podujat\u00ed - Modernlog a ITM","breadcrumb":{"@id":"https:\/\/antersystem.com\/sk\/novinky\/trade-fairs-modernlog-and-itm-industry-europe-2025\/#breadcrumb"},"inLanguage":"sk-SK","potentialAction":[{"@type":"ReadAction","target":["https:\/\/antersystem.com\/sk\/novinky\/trade-fairs-modernlog-and-itm-industry-europe-2025\/"]}]},{"@type":"ImageObject","inLanguage":"sk-SK","@id":"https:\/\/antersystem.com\/sk\/novinky\/trade-fairs-modernlog-and-itm-industry-europe-2025\/#primaryimage","url":"https:\/\/antersystem.com\/wp-content\/uploads\/modernlog-2025-011-683x1024.png","contentUrl":"https:\/\/antersystem.com\/wp-content\/uploads\/modernlog-2025-011-683x1024.png"},{"@type":"BreadcrumbList","@id":"https:\/\/antersystem.com\/sk\/novinky\/trade-fairs-modernlog-and-itm-industry-europe-2025\/#breadcrumb","itemListElement":[{"@type":"ListItem","position":1,"name":"AnterSystem","item":"https:\/\/antersystem.com\/sk\/"},{"@type":"ListItem","position":2,"name":"Novinky","item":"https:\/\/antersystem.com\/sk\/novinky\/"},{"@type":"ListItem","position":3,"name":"Ve\u013etrhy Modernlog a ITM Industry Europe 2025"}]},{"@type":"WebSite","@id":"https:\/\/antersystem.com\/sk\/#website","url":"https:\/\/antersystem.com\/sk\/","name":"Anter System","description":"Jeste\u015bmy polskim producentem elastycznych barier ochronnych wykonywanych z polimerowych tworzyw sztucznych. Na rynku krajowym i zagranicznym dzia\u0142amy od ponad 15 lat dbaj\u0105c o zapewnienie bezpiecze\u0144stwa w zak\u0142adach produkcyjnych, magazynach oraz centrach logistycznych.","potentialAction":[{"@type":"SearchAction","target":{"@type":"EntryPoint","urlTemplate":"https:\/\/antersystem.com\/sk\/?s={search_term_string}"},"query-input":{"@type":"PropertyValueSpecification","valueRequired":true,"valueName":"search_term_string"}}],"inLanguage":"sk-SK"}]}},"_links":{"self":[{"href":"https:\/\/antersystem.com\/sk\/wp-json\/wp\/v2\/pages\/39010","targetHints":{"allow":["GET"]}}],"collection":[{"href":"https:\/\/antersystem.com\/sk\/wp-json\/wp\/v2\/pages"}],"about":[{"href":"https:\/\/antersystem.com\/sk\/wp-json\/wp\/v2\/types\/page"}],"author":[{"embeddable":true,"href":"https:\/\/antersystem.com\/sk\/wp-json\/wp\/v2\/users\/11"}],"replies":[{"embeddable":true,"href":"https:\/\/antersystem.com\/sk\/wp-json\/wp\/v2\/comments?post=39010"}],"version-history":[{"count":1,"href":"https:\/\/antersystem.com\/sk\/wp-json\/wp\/v2\/pages\/39010\/revisions"}],"predecessor-version":[{"id":39011,"href":"https:\/\/antersystem.com\/sk\/wp-json\/wp\/v2\/pages\/39010\/revisions\/39011"}],"up":[{"embeddable":true,"href":"https:\/\/antersystem.com\/sk\/wp-json\/wp\/v2\/pages\/30350"}],"wp:attachment":[{"href":"https:\/\/antersystem.com\/sk\/wp-json\/wp\/v2\/media?parent=39010"}],"curies":[{"name":"wp","href":"https:\/\/api.w.org\/{rel}","templated":true}]}}