{"id":39019,"date":"2024-12-12T15:46:51","date_gmt":"2024-12-12T14:46:51","guid":{"rendered":"https:\/\/antersystem.com\/novinky\/anter-system-expert-commentary-for-kaizen-magazine\/"},"modified":"2026-02-02T15:24:50","modified_gmt":"2026-02-02T14:24:50","slug":"anter-system-expert-commentary-for-kaizen-magazine","status":"publish","type":"page","link":"https:\/\/antersystem.com\/sk\/novinky\/anter-system-expert-commentary-for-kaizen-magazine\/","title":{"rendered":"Odborn\u00fd koment\u00e1r Anter System pre \u010dasopis KAIZEN"},"content":{"rendered":"\n<div class=\"wp-block-columns is-layout-flex wp-container-core-columns-is-layout-9d6595d7 wp-block-columns-is-layout-flex\">\n  \n  <div class=\"wp-block-column is-layout-flow wp-block-column-is-layout-flow\" style=\"flex-basis:10%\"><\/div>\n  \n\n  \n  <div class=\"wp-block-column is-layout-flow wp-block-column-is-layout-flow\">\n    \n    <h2 class=\"wp-block-heading\">Nieko\u013eko slov od spolo\u010dnosti Anter System o priemyselnej bezpe\u010dnosti pre <em>\u010dasopis Kaizen<\/em> <\/h2>\n    \n\n    \n    <p>S pote\u0161en\u00edm v\u00e1m oznamujeme, \u017ee v najnov\u0161om \u010d\u00edsle <em>\u010dasopisu Kaizen<\/em> (okt\u00f3ber &#8211; november 2024, \u010d. 5(70)\/2024) n\u00e1jdete odborn\u00fd koment\u00e1r Nat\u00e1lie Margatisovej, projektovej <strong>mana\u017e\u00e9rky spolo\u010dnosti Anter System.<\/strong> Koment\u00e1r je s\u00fa\u010das\u0165ou \u010dl\u00e1nku Michala Jurczaka s n\u00e1zvom <em>&#8222;Dopravn\u00e1 z\u00f3na. Ako a \u010d\u00edm zabezpe\u010di\u0165 priestory pre pohyb zariaden\u00ed a os\u00f4b v priemyseln\u00fdch hal\u00e1ch?&#8220;, ktor\u00fd sk\u00fama<\/em> s\u00fa\u010dasn\u00e9 <strong>trendy v oblasti bezpe\u010dnosti pr\u00e1ce v priemyselnom prostred\u00ed.<\/strong> V \u010dl\u00e1nku sa sk\u00fama \u0161irok\u00e1 \u0161k\u00e1la modern\u00fdch rie\u0161en\u00ed &#8211; od IT syst\u00e9mov a\u017e po opatrenia fyzickej ochrany. <\/p>\n    \n\n    \n    <p><strong>N\u00e1\u0161 odborn\u00fd koment\u00e1r sa zameriava<\/strong> na rast\u00face povedomie o prevencii \u00farazov v modern\u00fdch priemyseln\u00fdch zariadeniach, <strong>na<\/strong> spolupr\u00e1cu s odborn\u00edkmi na bezpe\u010dnos\u0165 pr\u00e1ce po\u010das bezpe\u010dnostn\u00fdch auditov a na najnov\u0161ie inov\u00e1cie modul\u00e1rneho syst\u00e9mu flexibiln\u00fdch ochrann\u00fdch bari\u00e9r vyvinut\u00e9ho spolo\u010dnos\u0165ou Anter System.<\/p>\n    \n\n    \n    <blockquote class=\"wp-block-quote is-layout-flow wp-block-quote-is-layout-flow\">\n      \n      <p><em>&#8222;[&#8230;] Fyzick\u00e9 bezpe\u010dnostn\u00e9 bari\u00e9ry zost\u00e1vaj\u00fa k\u013e\u00fa\u010dov\u00fdm prvkom ochrann\u00fdch syst\u00e9mov v priemyseln\u00fdch hal\u00e1ch. Pom\u00e1haj\u00fa minimalizova\u0165 riziko neh\u00f4d s chodcami a \u00fa\u010dinne chr\u00e1nia stroje, reg\u00e1ly, infra\u0161trukt\u00faru a in\u00e9 oblasti vystaven\u00e9 po\u0161kodeniu. Pri v\u00fdbere spr\u00e1vnej ochrany zohr\u00e1va k\u013e\u00fa\u010dov\u00fa \u00falohu pou\u017eit\u00fd materi\u00e1l. Je vhodn\u00e9 zv\u00e1\u017ei\u0165 odolnos\u0165, \u017eivotnos\u0165, jednoduchos\u0165 \u00fadr\u017eby a estetiku pon\u00fakan\u00fdch rie\u0161en\u00ed. [&#8230;]      <\/em><\/p>\n      \n\n      \n      <p><em>Tieto modern\u00e9 syst\u00e9my pon\u00fakaj\u00fa aj \u010fal\u0161ie funkcie, ako s\u00fa v\u00fdstra\u017en\u00e9 svetl\u00e1 alebo zvukov\u00e9 sign\u00e1ly. \u010coraz popul\u00e1rnej\u0161ie s\u00fa rie\u0161enia, ktor\u00e9 blokuj\u00fa bezpe\u010dnostn\u00e9 br\u00e1ny pri detekcii bl\u00ed\u017eiaceho sa vozidla. Cie\u013eom v\u0161etk\u00fdch t\u00fdchto funkci\u00ed je zabr\u00e1ni\u0165 kol\u00edzi\u00e1m medzi chodcami a vozidlami v oblastiach, ktor\u00e9 s\u00fa obzvl\u00e1\u0161\u0165 vystaven\u00e9 n\u00e1razom.&#8220;  <\/em><\/p>\n      \n      <cite>Natalia Margatis, projektov\u00e1 mana\u017e\u00e9rka spolo\u010dnosti Anter System, Kaizen \u010d <em>. 5(70<\/em> )\/2024<\/cite>\n    <\/blockquote>\n    \n\n    \n    <p>Cel\u00fd \u010dl\u00e1nok je k dispoz\u00edcii online na adrese: <a href=\"https:\/\/www.logistyczny.com\/sklep24\/index.php\/kaizen\/2024\/kaizen-5-2024-e-wydanie.html\"><em>Kaizen 5\/2024 e-edition &#8211; 2024 &#8211; Kaizen<\/em><\/a><\/p>\n    \n\n    \n    <p>Najnov\u0161ie vydanie obsahuje aj mnoho \u010fal\u0161\u00edch podnetn\u00fdch t\u00e9m pre odborn\u00edkov v priemyselnom sektore &#8211; o mana\u017emente, automatiz\u00e1cii, robotike a umelej inteligencii vo v\u00fdrobe &#8211; spolu so zauj\u00edmav\u00fdm v\u00fdro\u010dn\u00fdm s\u00fahrnn\u00fdm \u010dl\u00e1nkom: <em>&#8222;P\u00e4\u0165 trendov. Nov\u00e9 technol\u00f3gie v logistike a priemysle v roku 2024 &#8211; od umelej inteligencie po elektrifik\u00e1ciu&#8220;.<\/em> Vrelo odpor\u00fa\u010dame pre\u010d\u00edta\u0165 si ho!<\/p>\n    \n\n    \n    <p>&#8212;&#8212;&#8212;&#8212;&#8212;&#8212;&#8212;&#8212;&#8212;&#8212;&#8212;&#8212;-<\/p>\n    \n\n    \n    <p><em>&#8222;Kaizen. \u010casopis o n\u00e1strojoch neust\u00e1leho zlep\u0161ovania v \u0161t\u00edhlej v\u00fdrobe&#8220; je<\/em> jedinou po\u013eskou publik\u00e1ciou ur\u010denou koordin\u00e1torom Kaizen\/Lean a odborn\u00edkom, ktor\u00ed zav\u00e1dzaj\u00fa strat\u00e9gie \u0161t\u00edhleho riadenia v podnikoch &#8211; s osobitn\u00fdm zameran\u00edm na v\u00fdrobn\u00e9 oblasti a procesy. Doplnkov\u00fdm obsahom s\u00fa materi\u00e1ly o hardv\u00e9rovej infra\u0161trukt\u00fare pou\u017e\u00edvanej na v\u00fdrobn\u00fdch link\u00e1ch, rie\u0161eniach automatizuj\u00facich tok materi\u00e1lu a v\u00fdrobkov a IT syst\u00e9moch riadiacich v\u00fdrobn\u00e9 procesy. <\/p>\n    \n\n    \n    <p><em>Zdroj: <a href=\"https:\/\/www.logistyczny.com\/\">www.logistyczny.com<\/a><\/em><\/p>\n    \n  <\/div>\n  \n\n  \n  <div class=\"wp-block-column is-layout-flow wp-block-column-is-layout-flow\" style=\"flex-basis:10%\"><\/div>\n  \n<\/div>\n","protected":false},"excerpt":{"rendered":"<p>Nieko\u013eko slov od spolo\u010dnosti Anter System o priemyselnej bezpe\u010dnosti pre \u010dasopis Kaizen S pote\u0161en\u00edm v\u00e1m oznamujeme, \u017ee v najnov\u0161om \u010d\u00edsle \u010dasopisu Kaizen (okt\u00f3ber &#8211; november 2024, \u010d. 5(70)\/2024) n\u00e1jdete odborn\u00fd koment\u00e1r Nat\u00e1lie Margatisovej, projektovej mana\u017e\u00e9rky spolo\u010dnosti Anter System. Koment\u00e1r je s\u00fa\u010das\u0165ou \u010dl\u00e1nku Michala Jurczaka s n\u00e1zvom &#8222;Dopravn\u00e1 z\u00f3na. Ako a \u010d\u00edm zabezpe\u010di\u0165 priestory pre pohyb [&hellip;]<\/p>\n","protected":false},"author":1,"featured_media":0,"parent":30350,"menu_order":0,"comment_status":"closed","ping_status":"closed","template":"","meta":{"inline_featured_image":false,"ngg_post_thumbnail":0,"footnotes":""},"class_list":["post-39019","page","type-page","status-publish","hentry"],"acf":[],"yoast_head":"<!-- This site is optimized with the Yoast SEO plugin v27.0 - https:\/\/yoast.com\/product\/yoast-seo-wordpress\/ -->\n<title>Odborn\u00fd koment\u00e1r Anter System pre \u010dasopis KAIZEN - Anter System<\/title>\n<meta name=\"description\" content=\"Zapraszamy do lektury najnowszego wydania magazynu KAIZEN, w kt\u00f3rym ukaza\u0142 si\u0119 komentarz ekspercki firmy Anter System\" \/>\n<meta name=\"robots\" content=\"index, follow, max-snippet:-1, max-image-preview:large, max-video-preview:-1\" \/>\n<link rel=\"canonical\" href=\"https:\/\/antersystem.com\/sk\/novinky\/anter-system-expert-commentary-for-kaizen-magazine\/\" \/>\n<meta property=\"og:locale\" content=\"sk_SK\" \/>\n<meta property=\"og:type\" content=\"article\" \/>\n<meta property=\"og:title\" content=\"Odborn\u00fd koment\u00e1r Anter System pre \u010dasopis KAIZEN - Anter System\" \/>\n<meta property=\"og:description\" content=\"Zapraszamy do lektury najnowszego wydania magazynu KAIZEN, w kt\u00f3rym ukaza\u0142 si\u0119 komentarz ekspercki firmy Anter System\" \/>\n<meta property=\"og:url\" content=\"https:\/\/antersystem.com\/sk\/novinky\/anter-system-expert-commentary-for-kaizen-magazine\/\" \/>\n<meta property=\"og:site_name\" content=\"Anter System\" \/>\n<meta property=\"article:modified_time\" content=\"2026-02-02T14:24:50+00:00\" \/>\n<meta name=\"twitter:card\" content=\"summary_large_image\" \/>\n<meta name=\"twitter:label1\" content=\"Predpokladan\u00fd \u010das \u010d\u00edtania\" \/>\n\t<meta name=\"twitter:data1\" content=\"3 min\u00faty\" \/>\n<script type=\"application\/ld+json\" class=\"yoast-schema-graph\">{\"@context\":\"https:\/\/schema.org\",\"@graph\":[{\"@type\":\"WebPage\",\"@id\":\"https:\/\/antersystem.com\/sk\/novinky\/anter-system-expert-commentary-for-kaizen-magazine\/\",\"url\":\"https:\/\/antersystem.com\/sk\/novinky\/anter-system-expert-commentary-for-kaizen-magazine\/\",\"name\":\"Odborn\u00fd koment\u00e1r Anter System pre \u010dasopis KAIZEN - Anter System\",\"isPartOf\":{\"@id\":\"https:\/\/antersystem.com\/sk\/#website\"},\"datePublished\":\"2024-12-12T14:46:51+00:00\",\"dateModified\":\"2026-02-02T14:24:50+00:00\",\"description\":\"Zapraszamy do lektury najnowszego wydania magazynu KAIZEN, w kt\u00f3rym ukaza\u0142 si\u0119 komentarz ekspercki firmy Anter System\",\"breadcrumb\":{\"@id\":\"https:\/\/antersystem.com\/sk\/novinky\/anter-system-expert-commentary-for-kaizen-magazine\/#breadcrumb\"},\"inLanguage\":\"sk-SK\",\"potentialAction\":[{\"@type\":\"ReadAction\",\"target\":[\"https:\/\/antersystem.com\/sk\/novinky\/anter-system-expert-commentary-for-kaizen-magazine\/\"]}]},{\"@type\":\"BreadcrumbList\",\"@id\":\"https:\/\/antersystem.com\/sk\/novinky\/anter-system-expert-commentary-for-kaizen-magazine\/#breadcrumb\",\"itemListElement\":[{\"@type\":\"ListItem\",\"position\":1,\"name\":\"AnterSystem\",\"item\":\"https:\/\/antersystem.com\/sk\/\"},{\"@type\":\"ListItem\",\"position\":2,\"name\":\"Novinky\",\"item\":\"https:\/\/antersystem.com\/sk\/novinky\/\"},{\"@type\":\"ListItem\",\"position\":3,\"name\":\"Odborn\u00fd koment\u00e1r Anter System pre \u010dasopis KAIZEN\"}]},{\"@type\":\"WebSite\",\"@id\":\"https:\/\/antersystem.com\/sk\/#website\",\"url\":\"https:\/\/antersystem.com\/sk\/\",\"name\":\"Anter System\",\"description\":\"Jeste\u015bmy polskim producentem elastycznych barier ochronnych wykonywanych z polimerowych tworzyw sztucznych. Na rynku krajowym i zagranicznym dzia\u0142amy od ponad 15 lat dbaj\u0105c o zapewnienie bezpiecze\u0144stwa w zak\u0142adach produkcyjnych, magazynach oraz centrach logistycznych.\",\"potentialAction\":[{\"@type\":\"SearchAction\",\"target\":{\"@type\":\"EntryPoint\",\"urlTemplate\":\"https:\/\/antersystem.com\/sk\/?s={search_term_string}\"},\"query-input\":{\"@type\":\"PropertyValueSpecification\",\"valueRequired\":true,\"valueName\":\"search_term_string\"}}],\"inLanguage\":\"sk-SK\"}]}<\/script>\n<!-- \/ Yoast SEO plugin. -->","yoast_head_json":{"title":"Odborn\u00fd koment\u00e1r Anter System pre \u010dasopis KAIZEN - Anter System","description":"Zapraszamy do lektury najnowszego wydania magazynu KAIZEN, w kt\u00f3rym ukaza\u0142 si\u0119 komentarz ekspercki firmy Anter System","robots":{"index":"index","follow":"follow","max-snippet":"max-snippet:-1","max-image-preview":"max-image-preview:large","max-video-preview":"max-video-preview:-1"},"canonical":"https:\/\/antersystem.com\/sk\/novinky\/anter-system-expert-commentary-for-kaizen-magazine\/","og_locale":"sk_SK","og_type":"article","og_title":"Odborn\u00fd koment\u00e1r Anter System pre \u010dasopis KAIZEN - Anter System","og_description":"Zapraszamy do lektury najnowszego wydania magazynu KAIZEN, w kt\u00f3rym ukaza\u0142 si\u0119 komentarz ekspercki firmy Anter System","og_url":"https:\/\/antersystem.com\/sk\/novinky\/anter-system-expert-commentary-for-kaizen-magazine\/","og_site_name":"Anter System","article_modified_time":"2026-02-02T14:24:50+00:00","twitter_card":"summary_large_image","twitter_misc":{"Predpokladan\u00fd \u010das \u010d\u00edtania":"3 min\u00faty"},"schema":{"@context":"https:\/\/schema.org","@graph":[{"@type":"WebPage","@id":"https:\/\/antersystem.com\/sk\/novinky\/anter-system-expert-commentary-for-kaizen-magazine\/","url":"https:\/\/antersystem.com\/sk\/novinky\/anter-system-expert-commentary-for-kaizen-magazine\/","name":"Odborn\u00fd koment\u00e1r Anter System pre \u010dasopis KAIZEN - Anter System","isPartOf":{"@id":"https:\/\/antersystem.com\/sk\/#website"},"datePublished":"2024-12-12T14:46:51+00:00","dateModified":"2026-02-02T14:24:50+00:00","description":"Zapraszamy do lektury najnowszego wydania magazynu KAIZEN, w kt\u00f3rym ukaza\u0142 si\u0119 komentarz ekspercki firmy Anter System","breadcrumb":{"@id":"https:\/\/antersystem.com\/sk\/novinky\/anter-system-expert-commentary-for-kaizen-magazine\/#breadcrumb"},"inLanguage":"sk-SK","potentialAction":[{"@type":"ReadAction","target":["https:\/\/antersystem.com\/sk\/novinky\/anter-system-expert-commentary-for-kaizen-magazine\/"]}]},{"@type":"BreadcrumbList","@id":"https:\/\/antersystem.com\/sk\/novinky\/anter-system-expert-commentary-for-kaizen-magazine\/#breadcrumb","itemListElement":[{"@type":"ListItem","position":1,"name":"AnterSystem","item":"https:\/\/antersystem.com\/sk\/"},{"@type":"ListItem","position":2,"name":"Novinky","item":"https:\/\/antersystem.com\/sk\/novinky\/"},{"@type":"ListItem","position":3,"name":"Odborn\u00fd koment\u00e1r Anter System pre \u010dasopis KAIZEN"}]},{"@type":"WebSite","@id":"https:\/\/antersystem.com\/sk\/#website","url":"https:\/\/antersystem.com\/sk\/","name":"Anter System","description":"Jeste\u015bmy polskim producentem elastycznych barier ochronnych wykonywanych z polimerowych tworzyw sztucznych. Na rynku krajowym i zagranicznym dzia\u0142amy od ponad 15 lat dbaj\u0105c o zapewnienie bezpiecze\u0144stwa w zak\u0142adach produkcyjnych, magazynach oraz centrach logistycznych.","potentialAction":[{"@type":"SearchAction","target":{"@type":"EntryPoint","urlTemplate":"https:\/\/antersystem.com\/sk\/?s={search_term_string}"},"query-input":{"@type":"PropertyValueSpecification","valueRequired":true,"valueName":"search_term_string"}}],"inLanguage":"sk-SK"}]}},"_links":{"self":[{"href":"https:\/\/antersystem.com\/sk\/wp-json\/wp\/v2\/pages\/39019","targetHints":{"allow":["GET"]}}],"collection":[{"href":"https:\/\/antersystem.com\/sk\/wp-json\/wp\/v2\/pages"}],"about":[{"href":"https:\/\/antersystem.com\/sk\/wp-json\/wp\/v2\/types\/page"}],"author":[{"embeddable":true,"href":"https:\/\/antersystem.com\/sk\/wp-json\/wp\/v2\/users\/1"}],"replies":[{"embeddable":true,"href":"https:\/\/antersystem.com\/sk\/wp-json\/wp\/v2\/comments?post=39019"}],"version-history":[{"count":1,"href":"https:\/\/antersystem.com\/sk\/wp-json\/wp\/v2\/pages\/39019\/revisions"}],"predecessor-version":[{"id":39021,"href":"https:\/\/antersystem.com\/sk\/wp-json\/wp\/v2\/pages\/39019\/revisions\/39021"}],"up":[{"embeddable":true,"href":"https:\/\/antersystem.com\/sk\/wp-json\/wp\/v2\/pages\/30350"}],"wp:attachment":[{"href":"https:\/\/antersystem.com\/sk\/wp-json\/wp\/v2\/media?parent=39019"}],"curies":[{"name":"wp","href":"https:\/\/api.w.org\/{rel}","templated":true}]}}