{"id":39099,"date":"2023-10-16T11:07:01","date_gmt":"2023-10-16T09:07:01","guid":{"rendered":"https:\/\/antersystem.com\/novinky\/proper-securing-of-a-trailer-without-a-tractor-unit\/"},"modified":"2026-02-02T15:47:33","modified_gmt":"2026-02-02T14:47:33","slug":"proper-securing-of-a-trailer-without-a-tractor-unit","status":"publish","type":"page","link":"https:\/\/antersystem.com\/sk\/novinky\/proper-securing-of-a-trailer-without-a-tractor-unit\/","title":{"rendered":"Podporn\u00fd bod v \u010dasopise MID"},"content":{"rendered":"\n<div class=\"wp-block-columns is-layout-flex wp-container-core-columns-is-layout-9d6595d7 wp-block-columns-is-layout-flex\">\n<div class=\"wp-block-column is-layout-flow wp-block-column-is-layout-flow\" style=\"flex-basis:10%\"><\/div>\n\n\n\n<div class=\"wp-block-column is-layout-flow wp-block-column-is-layout-flow\">\n<h3 class=\"wp-block-heading\">Bod podpory<\/h3>\n\n\n\n<p style=\"text-align: left;\">V auguste 2019 bol v \u010dasopise &#8222;Magazynowanie i Dystrybucja&#8220; uverejnen\u00fd \u010dl\u00e1nok opisuj\u00faci funkcie a pou\u017eitie podpern\u00fdch n\u00e1vesov, ktor\u00e9 umo\u017e\u0148uj\u00fa nakladanie a vykladanie tovaru bez pou\u017eitia \u0165aha\u010da.<\/p>\n<p>Bezpe\u010dnos\u0165 predov\u0161etk\u00fdm &#8211; odpor\u00fa\u010dame v\u00e1m, aby ste si ju pre\u010d\u00edtali.<\/p>\n<p>&nbsp;<\/p>\n<\/div>\n\n\n\n<div class=\"wp-block-column is-layout-flow wp-block-column-is-layout-flow\" style=\"flex-basis:10%\"><\/div>\n<\/div>\n\n<div data-wp-interactive=\"core\/file\" class=\"wp-block-file\"><object data-wp-bind--hidden=\"!state.hasPdfPreview\" hidden class=\"wp-block-file__embed\" data=\"https:\/\/antersystem.com\/wp-content\/uploads\/MID70_antersystem_punkt-podparcia.pdf\" type=\"application\/pdf\" style=\"width:100%;height:600px\" aria-label=\"Vlo\u017ei\u0165 MID70_antersystem_punkt-podparcia.\"><\/object><a id=\"wp-block-file--media-ee450cea-ca59-4ce4-8c22-729773c7fc8d\" href=\"https:\/\/antersystem.com\/wp-content\/uploads\/MID70_antersystem_punkt-podparcia.pdf\">MID70_antersystem_punkt-podparcia<\/a><a href=\"https:\/\/antersystem.com\/wp-content\/uploads\/MID70_antersystem_punkt-podparcia.pdf\" class=\"wp-block-file__button wp-element-button\" download=\"\" aria-describedby=\"wp-block-file--media-ee450cea-ca59-4ce4-8c22-729773c7fc8d\">Stiahnite si<\/a><\/div>\n","protected":false},"excerpt":{"rendered":"<p>Bod podpory V auguste 2019 bol v \u010dasopise &#8222;Magazynowanie i Dystrybucja&#8220; uverejnen\u00fd \u010dl\u00e1nok opisuj\u00faci funkcie a pou\u017eitie podpern\u00fdch n\u00e1vesov, ktor\u00e9 umo\u017e\u0148uj\u00fa nakladanie a vykladanie tovaru bez pou\u017eitia \u0165aha\u010da. Bezpe\u010dnos\u0165 predov\u0161etk\u00fdm &#8211; odpor\u00fa\u010dame v\u00e1m, aby ste si ju pre\u010d\u00edtali. &nbsp;<\/p>\n","protected":false},"author":1,"featured_media":0,"parent":30350,"menu_order":0,"comment_status":"closed","ping_status":"closed","template":"","meta":{"inline_featured_image":false,"ngg_post_thumbnail":0,"footnotes":""},"class_list":["post-39099","page","type-page","status-publish","hentry"],"acf":[],"yoast_head":"<!-- This site is optimized with the Yoast SEO plugin v27.0 - https:\/\/yoast.com\/product\/yoast-seo-wordpress\/ -->\n<title>Podporn\u00fd bod v \u010dasopise MID - Anter System<\/title>\n<meta name=\"description\" content=\"Stosuj\u0105c podpory pod naczepy, ograniczamy do minimum ryzyko uszkodzenia pojazdu, a pracownicy w spokoju i bezpiecznie mog\u0105 pracowa\u0107.\" \/>\n<meta name=\"robots\" content=\"index, follow, max-snippet:-1, max-image-preview:large, max-video-preview:-1\" \/>\n<link rel=\"canonical\" href=\"https:\/\/antersystem.com\/sk\/novinky\/proper-securing-of-a-trailer-without-a-tractor-unit\/\" \/>\n<meta property=\"og:locale\" content=\"sk_SK\" \/>\n<meta property=\"og:type\" content=\"article\" \/>\n<meta property=\"og:title\" content=\"Podporn\u00fd bod v \u010dasopise MID - Anter System\" \/>\n<meta property=\"og:description\" content=\"Stosuj\u0105c podpory pod naczepy, ograniczamy do minimum ryzyko uszkodzenia pojazdu, a pracownicy w spokoju i bezpiecznie mog\u0105 pracowa\u0107.\" \/>\n<meta property=\"og:url\" content=\"https:\/\/antersystem.com\/sk\/novinky\/proper-securing-of-a-trailer-without-a-tractor-unit\/\" \/>\n<meta property=\"og:site_name\" content=\"Anter System\" \/>\n<meta property=\"article:modified_time\" content=\"2026-02-02T14:47:33+00:00\" \/>\n<meta name=\"twitter:card\" content=\"summary_large_image\" \/>\n<script type=\"application\/ld+json\" class=\"yoast-schema-graph\">{\"@context\":\"https:\/\/schema.org\",\"@graph\":[{\"@type\":\"WebPage\",\"@id\":\"https:\/\/antersystem.com\/sk\/novinky\/proper-securing-of-a-trailer-without-a-tractor-unit\/\",\"url\":\"https:\/\/antersystem.com\/sk\/novinky\/proper-securing-of-a-trailer-without-a-tractor-unit\/\",\"name\":\"Podporn\u00fd bod v \u010dasopise MID - Anter System\",\"isPartOf\":{\"@id\":\"https:\/\/antersystem.com\/sk\/#website\"},\"datePublished\":\"2023-10-16T09:07:01+00:00\",\"dateModified\":\"2026-02-02T14:47:33+00:00\",\"description\":\"Stosuj\u0105c podpory pod naczepy, ograniczamy do minimum ryzyko uszkodzenia pojazdu, a pracownicy w spokoju i bezpiecznie mog\u0105 pracowa\u0107.\",\"breadcrumb\":{\"@id\":\"https:\/\/antersystem.com\/sk\/novinky\/proper-securing-of-a-trailer-without-a-tractor-unit\/#breadcrumb\"},\"inLanguage\":\"sk-SK\",\"potentialAction\":[{\"@type\":\"ReadAction\",\"target\":[\"https:\/\/antersystem.com\/sk\/novinky\/proper-securing-of-a-trailer-without-a-tractor-unit\/\"]}]},{\"@type\":\"BreadcrumbList\",\"@id\":\"https:\/\/antersystem.com\/sk\/novinky\/proper-securing-of-a-trailer-without-a-tractor-unit\/#breadcrumb\",\"itemListElement\":[{\"@type\":\"ListItem\",\"position\":1,\"name\":\"AnterSystem\",\"item\":\"https:\/\/antersystem.com\/sk\/\"},{\"@type\":\"ListItem\",\"position\":2,\"name\":\"Novinky\",\"item\":\"https:\/\/antersystem.com\/sk\/novinky\/\"},{\"@type\":\"ListItem\",\"position\":3,\"name\":\"Podporn\u00fd bod v \u010dasopise MID\"}]},{\"@type\":\"WebSite\",\"@id\":\"https:\/\/antersystem.com\/sk\/#website\",\"url\":\"https:\/\/antersystem.com\/sk\/\",\"name\":\"Anter System\",\"description\":\"Jeste\u015bmy polskim producentem elastycznych barier ochronnych wykonywanych z polimerowych tworzyw sztucznych. Na rynku krajowym i zagranicznym dzia\u0142amy od ponad 15 lat dbaj\u0105c o zapewnienie bezpiecze\u0144stwa w zak\u0142adach produkcyjnych, magazynach oraz centrach logistycznych.\",\"potentialAction\":[{\"@type\":\"SearchAction\",\"target\":{\"@type\":\"EntryPoint\",\"urlTemplate\":\"https:\/\/antersystem.com\/sk\/?s={search_term_string}\"},\"query-input\":{\"@type\":\"PropertyValueSpecification\",\"valueRequired\":true,\"valueName\":\"search_term_string\"}}],\"inLanguage\":\"sk-SK\"}]}<\/script>\n<!-- \/ Yoast SEO plugin. -->","yoast_head_json":{"title":"Podporn\u00fd bod v \u010dasopise MID - Anter System","description":"Stosuj\u0105c podpory pod naczepy, ograniczamy do minimum ryzyko uszkodzenia pojazdu, a pracownicy w spokoju i bezpiecznie mog\u0105 pracowa\u0107.","robots":{"index":"index","follow":"follow","max-snippet":"max-snippet:-1","max-image-preview":"max-image-preview:large","max-video-preview":"max-video-preview:-1"},"canonical":"https:\/\/antersystem.com\/sk\/novinky\/proper-securing-of-a-trailer-without-a-tractor-unit\/","og_locale":"sk_SK","og_type":"article","og_title":"Podporn\u00fd bod v \u010dasopise MID - Anter System","og_description":"Stosuj\u0105c podpory pod naczepy, ograniczamy do minimum ryzyko uszkodzenia pojazdu, a pracownicy w spokoju i bezpiecznie mog\u0105 pracowa\u0107.","og_url":"https:\/\/antersystem.com\/sk\/novinky\/proper-securing-of-a-trailer-without-a-tractor-unit\/","og_site_name":"Anter System","article_modified_time":"2026-02-02T14:47:33+00:00","twitter_card":"summary_large_image","schema":{"@context":"https:\/\/schema.org","@graph":[{"@type":"WebPage","@id":"https:\/\/antersystem.com\/sk\/novinky\/proper-securing-of-a-trailer-without-a-tractor-unit\/","url":"https:\/\/antersystem.com\/sk\/novinky\/proper-securing-of-a-trailer-without-a-tractor-unit\/","name":"Podporn\u00fd bod v \u010dasopise MID - Anter System","isPartOf":{"@id":"https:\/\/antersystem.com\/sk\/#website"},"datePublished":"2023-10-16T09:07:01+00:00","dateModified":"2026-02-02T14:47:33+00:00","description":"Stosuj\u0105c podpory pod naczepy, ograniczamy do minimum ryzyko uszkodzenia pojazdu, a pracownicy w spokoju i bezpiecznie mog\u0105 pracowa\u0107.","breadcrumb":{"@id":"https:\/\/antersystem.com\/sk\/novinky\/proper-securing-of-a-trailer-without-a-tractor-unit\/#breadcrumb"},"inLanguage":"sk-SK","potentialAction":[{"@type":"ReadAction","target":["https:\/\/antersystem.com\/sk\/novinky\/proper-securing-of-a-trailer-without-a-tractor-unit\/"]}]},{"@type":"BreadcrumbList","@id":"https:\/\/antersystem.com\/sk\/novinky\/proper-securing-of-a-trailer-without-a-tractor-unit\/#breadcrumb","itemListElement":[{"@type":"ListItem","position":1,"name":"AnterSystem","item":"https:\/\/antersystem.com\/sk\/"},{"@type":"ListItem","position":2,"name":"Novinky","item":"https:\/\/antersystem.com\/sk\/novinky\/"},{"@type":"ListItem","position":3,"name":"Podporn\u00fd bod v \u010dasopise MID"}]},{"@type":"WebSite","@id":"https:\/\/antersystem.com\/sk\/#website","url":"https:\/\/antersystem.com\/sk\/","name":"Anter System","description":"Jeste\u015bmy polskim producentem elastycznych barier ochronnych wykonywanych z polimerowych tworzyw sztucznych. Na rynku krajowym i zagranicznym dzia\u0142amy od ponad 15 lat dbaj\u0105c o zapewnienie bezpiecze\u0144stwa w zak\u0142adach produkcyjnych, magazynach oraz centrach logistycznych.","potentialAction":[{"@type":"SearchAction","target":{"@type":"EntryPoint","urlTemplate":"https:\/\/antersystem.com\/sk\/?s={search_term_string}"},"query-input":{"@type":"PropertyValueSpecification","valueRequired":true,"valueName":"search_term_string"}}],"inLanguage":"sk-SK"}]}},"_links":{"self":[{"href":"https:\/\/antersystem.com\/sk\/wp-json\/wp\/v2\/pages\/39099","targetHints":{"allow":["GET"]}}],"collection":[{"href":"https:\/\/antersystem.com\/sk\/wp-json\/wp\/v2\/pages"}],"about":[{"href":"https:\/\/antersystem.com\/sk\/wp-json\/wp\/v2\/types\/page"}],"author":[{"embeddable":true,"href":"https:\/\/antersystem.com\/sk\/wp-json\/wp\/v2\/users\/1"}],"replies":[{"embeddable":true,"href":"https:\/\/antersystem.com\/sk\/wp-json\/wp\/v2\/comments?post=39099"}],"version-history":[{"count":1,"href":"https:\/\/antersystem.com\/sk\/wp-json\/wp\/v2\/pages\/39099\/revisions"}],"predecessor-version":[{"id":39101,"href":"https:\/\/antersystem.com\/sk\/wp-json\/wp\/v2\/pages\/39099\/revisions\/39101"}],"up":[{"embeddable":true,"href":"https:\/\/antersystem.com\/sk\/wp-json\/wp\/v2\/pages\/30350"}],"wp:attachment":[{"href":"https:\/\/antersystem.com\/sk\/wp-json\/wp\/v2\/media?parent=39099"}],"curies":[{"name":"wp","href":"https:\/\/api.w.org\/{rel}","templated":true}]}}