{"id":39107,"date":"2023-10-10T10:31:28","date_gmt":"2023-10-10T08:31:28","guid":{"rendered":"https:\/\/antersystem.com\/novinky\/magazine-mid-hazardous-events\/"},"modified":"2026-02-02T15:47:32","modified_gmt":"2026-02-02T14:47:32","slug":"magazine-mid-hazardous-events","status":"publish","type":"page","link":"https:\/\/antersystem.com\/sk\/novinky\/magazine-mid-hazardous-events\/","title":{"rendered":"\u010casopis MID &#8222;Nebezpe\u010dn\u00e9 udalosti&#8220;"},"content":{"rendered":"\n<div class=\"wp-block-columns is-layout-flex wp-container-core-columns-is-layout-9d6595d7 wp-block-columns-is-layout-flex\">\n<div class=\"wp-block-column is-layout-flow wp-block-column-is-layout-flow\" style=\"flex-basis:10%\"><\/div>\n\n\n\n<div class=\"wp-block-column is-layout-flow wp-block-column-is-layout-flow\">\n<h3 class=\"wp-block-heading\">\u010casopis MID 1\/2023 &#8211; \u010dl\u00e1nok &#8222;Nebezpe\u010dn\u00e9 udalosti&#8220; (&#8222;Zdarzenia niebezpieczn\u00e9&#8220;)<\/h3>\n\n\n\n<p style=\"text-align: left;\">Poz\u00fdvame v\u00e1s k pre\u010d\u00edtaniu \u010dl\u00e1nku S\u0142awomira Erkirta s n\u00e1zvom &#8222;Nebezpe\u010dn\u00e9 udalosti&#8220;, ktor\u00fd komentuje na\u0161a projektov\u00e1 mana\u017e\u00e9rka Natalia Margatis. Pani Nat\u00e1lia sa v texte del\u00ed o svoje postrehy t\u00fdkaj\u00face sa zmien v odvetv\u00ed, ktor\u00e9 ovplyv\u0148uj\u00fa bezpe\u010dnos\u0165 pr\u00e1ce. <\/p>\n<p>&nbsp;<\/p>\n<\/div>\n\n\n\n<div class=\"wp-block-column is-layout-flow wp-block-column-is-layout-flow\" style=\"flex-basis:10%\"><\/div>\n<\/div>\n\n<div data-wp-interactive=\"core\/file\" class=\"wp-block-file\"><object data-wp-bind--hidden=\"!state.hasPdfPreview\" hidden class=\"wp-block-file__embed\" data=\"https:\/\/antersystem.com\/wp-content\/uploads\/MID_91_1_2023-net.pdf\" type=\"application\/pdf\" style=\"width:100%;height:600px\" aria-label=\"Vlo\u017ei\u0165 MID_91_1_2023-net.\"><\/object><a id=\"wp-block-file--media-c4a79965-4313-4b68-8827-3aa81c41db0a\" href=\"https:\/\/antersystem.com\/wp-content\/uploads\/MID_91_1_2023-net.pdf\">MID_91_1_2023-net<\/a><a href=\"https:\/\/antersystem.com\/wp-content\/uploads\/MID_91_1_2023-net.pdf\" class=\"wp-block-file__button wp-element-button\" download=\"\" aria-describedby=\"wp-block-file--media-c4a79965-4313-4b68-8827-3aa81c41db0a\">Stiahnite si<\/a><\/div>\n","protected":false},"excerpt":{"rendered":"<p>\u010casopis MID 1\/2023 &#8211; \u010dl\u00e1nok &#8222;Nebezpe\u010dn\u00e9 udalosti&#8220; (&#8222;Zdarzenia niebezpieczn\u00e9&#8220;) Poz\u00fdvame v\u00e1s k pre\u010d\u00edtaniu \u010dl\u00e1nku S\u0142awomira Erkirta s n\u00e1zvom &#8222;Nebezpe\u010dn\u00e9 udalosti&#8220;, ktor\u00fd komentuje na\u0161a projektov\u00e1 mana\u017e\u00e9rka Natalia Margatis. Pani Nat\u00e1lia sa v texte del\u00ed o svoje postrehy t\u00fdkaj\u00face sa zmien v odvetv\u00ed, ktor\u00e9 ovplyv\u0148uj\u00fa bezpe\u010dnos\u0165 pr\u00e1ce. &nbsp;<\/p>\n","protected":false},"author":1,"featured_media":0,"parent":30350,"menu_order":0,"comment_status":"closed","ping_status":"closed","template":"","meta":{"inline_featured_image":false,"ngg_post_thumbnail":0,"footnotes":""},"class_list":["post-39107","page","type-page","status-publish","hentry"],"acf":[],"yoast_head":"<!-- This site is optimized with the Yoast SEO plugin v27.0 - https:\/\/yoast.com\/product\/yoast-seo-wordpress\/ -->\n<title>\u010casopis MID &quot;Nebezpe\u010dn\u00e9 udalosti&quot; - Anter System<\/title>\n<meta name=\"description\" content=\"\u010casopis MID 1\/2023 - \u010dl\u00e1nok &quot;Nebezpe\u010dn\u00e9 udalosti&quot; (&quot;Zdarzenia niebezpieczn\u00e9&quot;) Poz\u00fdvame v\u00e1s k pre\u010d\u00edtaniu \u010dl\u00e1nku S\u0142awomira Erkirta s n\u00e1zvom &quot;Nebezpe\u010dn\u00e9\" \/>\n<meta name=\"robots\" content=\"index, follow, max-snippet:-1, max-image-preview:large, max-video-preview:-1\" \/>\n<link rel=\"canonical\" href=\"https:\/\/antersystem.com\/sk\/novinky\/magazine-mid-hazardous-events\/\" \/>\n<meta property=\"og:locale\" content=\"sk_SK\" \/>\n<meta property=\"og:type\" content=\"article\" \/>\n<meta property=\"og:title\" content=\"\u010casopis MID &quot;Nebezpe\u010dn\u00e9 udalosti&quot; - Anter System\" \/>\n<meta property=\"og:description\" content=\"\u010casopis MID 1\/2023 - \u010dl\u00e1nok &quot;Nebezpe\u010dn\u00e9 udalosti&quot; (&quot;Zdarzenia niebezpieczn\u00e9&quot;) Poz\u00fdvame v\u00e1s k pre\u010d\u00edtaniu \u010dl\u00e1nku S\u0142awomira Erkirta s n\u00e1zvom &quot;Nebezpe\u010dn\u00e9\" \/>\n<meta property=\"og:url\" content=\"https:\/\/antersystem.com\/sk\/novinky\/magazine-mid-hazardous-events\/\" \/>\n<meta property=\"og:site_name\" content=\"Anter System\" \/>\n<meta property=\"article:modified_time\" content=\"2026-02-02T14:47:32+00:00\" \/>\n<meta name=\"twitter:card\" content=\"summary_large_image\" \/>\n<script type=\"application\/ld+json\" class=\"yoast-schema-graph\">{\"@context\":\"https:\/\/schema.org\",\"@graph\":[{\"@type\":\"WebPage\",\"@id\":\"https:\/\/antersystem.com\/sk\/novinky\/magazine-mid-hazardous-events\/\",\"url\":\"https:\/\/antersystem.com\/sk\/novinky\/magazine-mid-hazardous-events\/\",\"name\":\"\u010casopis MID \\\"Nebezpe\u010dn\u00e9 udalosti\\\" - Anter System\",\"isPartOf\":{\"@id\":\"https:\/\/antersystem.com\/sk\/#website\"},\"datePublished\":\"2023-10-10T08:31:28+00:00\",\"dateModified\":\"2026-02-02T14:47:32+00:00\",\"description\":\"\u010casopis MID 1\/2023 - \u010dl\u00e1nok \\\"Nebezpe\u010dn\u00e9 udalosti\\\" (\\\"Zdarzenia niebezpieczn\u00e9\\\") Poz\u00fdvame v\u00e1s k pre\u010d\u00edtaniu \u010dl\u00e1nku S\u0142awomira Erkirta s n\u00e1zvom \\\"Nebezpe\u010dn\u00e9\",\"breadcrumb\":{\"@id\":\"https:\/\/antersystem.com\/sk\/novinky\/magazine-mid-hazardous-events\/#breadcrumb\"},\"inLanguage\":\"sk-SK\",\"potentialAction\":[{\"@type\":\"ReadAction\",\"target\":[\"https:\/\/antersystem.com\/sk\/novinky\/magazine-mid-hazardous-events\/\"]}]},{\"@type\":\"BreadcrumbList\",\"@id\":\"https:\/\/antersystem.com\/sk\/novinky\/magazine-mid-hazardous-events\/#breadcrumb\",\"itemListElement\":[{\"@type\":\"ListItem\",\"position\":1,\"name\":\"AnterSystem\",\"item\":\"https:\/\/antersystem.com\/sk\/\"},{\"@type\":\"ListItem\",\"position\":2,\"name\":\"Novinky\",\"item\":\"https:\/\/antersystem.com\/sk\/novinky\/\"},{\"@type\":\"ListItem\",\"position\":3,\"name\":\"\u010casopis MID &#8220;Nebezpe\u010dn\u00e9 udalosti&#8221;\"}]},{\"@type\":\"WebSite\",\"@id\":\"https:\/\/antersystem.com\/sk\/#website\",\"url\":\"https:\/\/antersystem.com\/sk\/\",\"name\":\"Anter System\",\"description\":\"Jeste\u015bmy polskim producentem elastycznych barier ochronnych wykonywanych z polimerowych tworzyw sztucznych. Na rynku krajowym i zagranicznym dzia\u0142amy od ponad 15 lat dbaj\u0105c o zapewnienie bezpiecze\u0144stwa w zak\u0142adach produkcyjnych, magazynach oraz centrach logistycznych.\",\"potentialAction\":[{\"@type\":\"SearchAction\",\"target\":{\"@type\":\"EntryPoint\",\"urlTemplate\":\"https:\/\/antersystem.com\/sk\/?s={search_term_string}\"},\"query-input\":{\"@type\":\"PropertyValueSpecification\",\"valueRequired\":true,\"valueName\":\"search_term_string\"}}],\"inLanguage\":\"sk-SK\"}]}<\/script>\n<!-- \/ Yoast SEO plugin. -->","yoast_head_json":{"title":"\u010casopis MID \"Nebezpe\u010dn\u00e9 udalosti\" - Anter System","description":"\u010casopis MID 1\/2023 - \u010dl\u00e1nok \"Nebezpe\u010dn\u00e9 udalosti\" (\"Zdarzenia niebezpieczn\u00e9\") Poz\u00fdvame v\u00e1s k pre\u010d\u00edtaniu \u010dl\u00e1nku S\u0142awomira Erkirta s n\u00e1zvom \"Nebezpe\u010dn\u00e9","robots":{"index":"index","follow":"follow","max-snippet":"max-snippet:-1","max-image-preview":"max-image-preview:large","max-video-preview":"max-video-preview:-1"},"canonical":"https:\/\/antersystem.com\/sk\/novinky\/magazine-mid-hazardous-events\/","og_locale":"sk_SK","og_type":"article","og_title":"\u010casopis MID \"Nebezpe\u010dn\u00e9 udalosti\" - Anter System","og_description":"\u010casopis MID 1\/2023 - \u010dl\u00e1nok \"Nebezpe\u010dn\u00e9 udalosti\" (\"Zdarzenia niebezpieczn\u00e9\") Poz\u00fdvame v\u00e1s k pre\u010d\u00edtaniu \u010dl\u00e1nku S\u0142awomira Erkirta s n\u00e1zvom \"Nebezpe\u010dn\u00e9","og_url":"https:\/\/antersystem.com\/sk\/novinky\/magazine-mid-hazardous-events\/","og_site_name":"Anter System","article_modified_time":"2026-02-02T14:47:32+00:00","twitter_card":"summary_large_image","schema":{"@context":"https:\/\/schema.org","@graph":[{"@type":"WebPage","@id":"https:\/\/antersystem.com\/sk\/novinky\/magazine-mid-hazardous-events\/","url":"https:\/\/antersystem.com\/sk\/novinky\/magazine-mid-hazardous-events\/","name":"\u010casopis MID \"Nebezpe\u010dn\u00e9 udalosti\" - Anter System","isPartOf":{"@id":"https:\/\/antersystem.com\/sk\/#website"},"datePublished":"2023-10-10T08:31:28+00:00","dateModified":"2026-02-02T14:47:32+00:00","description":"\u010casopis MID 1\/2023 - \u010dl\u00e1nok \"Nebezpe\u010dn\u00e9 udalosti\" (\"Zdarzenia niebezpieczn\u00e9\") Poz\u00fdvame v\u00e1s k pre\u010d\u00edtaniu \u010dl\u00e1nku S\u0142awomira Erkirta s n\u00e1zvom \"Nebezpe\u010dn\u00e9","breadcrumb":{"@id":"https:\/\/antersystem.com\/sk\/novinky\/magazine-mid-hazardous-events\/#breadcrumb"},"inLanguage":"sk-SK","potentialAction":[{"@type":"ReadAction","target":["https:\/\/antersystem.com\/sk\/novinky\/magazine-mid-hazardous-events\/"]}]},{"@type":"BreadcrumbList","@id":"https:\/\/antersystem.com\/sk\/novinky\/magazine-mid-hazardous-events\/#breadcrumb","itemListElement":[{"@type":"ListItem","position":1,"name":"AnterSystem","item":"https:\/\/antersystem.com\/sk\/"},{"@type":"ListItem","position":2,"name":"Novinky","item":"https:\/\/antersystem.com\/sk\/novinky\/"},{"@type":"ListItem","position":3,"name":"\u010casopis MID &#8220;Nebezpe\u010dn\u00e9 udalosti&#8221;"}]},{"@type":"WebSite","@id":"https:\/\/antersystem.com\/sk\/#website","url":"https:\/\/antersystem.com\/sk\/","name":"Anter System","description":"Jeste\u015bmy polskim producentem elastycznych barier ochronnych wykonywanych z polimerowych tworzyw sztucznych. Na rynku krajowym i zagranicznym dzia\u0142amy od ponad 15 lat dbaj\u0105c o zapewnienie bezpiecze\u0144stwa w zak\u0142adach produkcyjnych, magazynach oraz centrach logistycznych.","potentialAction":[{"@type":"SearchAction","target":{"@type":"EntryPoint","urlTemplate":"https:\/\/antersystem.com\/sk\/?s={search_term_string}"},"query-input":{"@type":"PropertyValueSpecification","valueRequired":true,"valueName":"search_term_string"}}],"inLanguage":"sk-SK"}]}},"_links":{"self":[{"href":"https:\/\/antersystem.com\/sk\/wp-json\/wp\/v2\/pages\/39107","targetHints":{"allow":["GET"]}}],"collection":[{"href":"https:\/\/antersystem.com\/sk\/wp-json\/wp\/v2\/pages"}],"about":[{"href":"https:\/\/antersystem.com\/sk\/wp-json\/wp\/v2\/types\/page"}],"author":[{"embeddable":true,"href":"https:\/\/antersystem.com\/sk\/wp-json\/wp\/v2\/users\/1"}],"replies":[{"embeddable":true,"href":"https:\/\/antersystem.com\/sk\/wp-json\/wp\/v2\/comments?post=39107"}],"version-history":[{"count":1,"href":"https:\/\/antersystem.com\/sk\/wp-json\/wp\/v2\/pages\/39107\/revisions"}],"predecessor-version":[{"id":39109,"href":"https:\/\/antersystem.com\/sk\/wp-json\/wp\/v2\/pages\/39107\/revisions\/39109"}],"up":[{"embeddable":true,"href":"https:\/\/antersystem.com\/sk\/wp-json\/wp\/v2\/pages\/30350"}],"wp:attachment":[{"href":"https:\/\/antersystem.com\/sk\/wp-json\/wp\/v2\/media?parent=39107"}],"curies":[{"name":"wp","href":"https:\/\/api.w.org\/{rel}","templated":true}]}}