{"id":39113,"date":"2024-04-29T13:41:44","date_gmt":"2024-04-29T11:41:44","guid":{"rendered":"https:\/\/antersystem.com\/novinky\/report-from-sawo-2024-trade-fair\/"},"modified":"2026-02-02T15:47:33","modified_gmt":"2026-02-02T14:47:33","slug":"report-from-sawo-2024-trade-fair","status":"publish","type":"page","link":"https:\/\/antersystem.com\/sk\/novinky\/report-from-sawo-2024-trade-fair\/","title":{"rendered":"Spr\u00e1va z ve\u013etrhu SAWO 2024"},"content":{"rendered":"\n<div class=\"wp-block-columns is-layout-flex wp-container-core-columns-is-layout-9d6595d7 wp-block-columns-is-layout-flex\">\n<div class=\"wp-block-column is-layout-flow wp-block-column-is-layout-flow\" style=\"flex-basis:10%\"><\/div>\n\n\n\n<div class=\"wp-block-column is-layout-flow wp-block-column-is-layout-flow\">\n<h2 class=\"wp-block-heading\">Vizu\u00e1lna spr\u00e1va z ve\u013etrhu SAWO&#8217;24<\/h2>\n\n\n\n<p>Medzin\u00e1rodn\u00fd ve\u013etrh bezpe\u010dnosti pr\u00e1ce, po\u017eiarnej ochrany a z\u00e1chrany SAWO je najv\u00e4\u010d\u0161\u00edm ve\u013etrhom BOZP v strednej a v\u00fdchodnej Eur\u00f3pe. Podujatie sa kon\u00e1 ka\u017ed\u00e9 dva roky. SAWO je jedine\u010dn\u00fdm podujat\u00edm v Po\u013esku, ktor\u00e9 priamo prispieva k zav\u00e1dzaniu modern\u00fdch technol\u00f3gi\u00ed a rie\u0161en\u00ed v podnikoch, zlep\u0161ovaniu kvality pr\u00e1ce a bezpe\u010dnosti zamestnancov.  <\/p>\n\n\n\n<p>Po\u010das tohto ro\u010dn\u00edka sme od organiz\u00e1torov z\u00edskali zlat\u00fa medailu za <strong><a href=\"https:\/\/antersystem.com\/sk\/produkty\/traffic-dock-gate\/bramka-dock-gate-3-2\/\">Automatick\u00fa dopravn\u00fa TRAFFIC DOCK GATE R2<\/a><\/strong>. Toto inovat\u00edvne rie\u0161enie zabezpe\u010duje bezpe\u010dn\u00fa a efekt\u00edvnu manipul\u00e1ciu s tovarom na nakladac\u00edch ramp\u00e1ch, v skladovac\u00edch priestoroch a v skladoch. N\u00e1\u0161 t\u00edm viedol mno\u017estvo rozhovorov a prezentoval rie\u0161enia Anter System stovk\u00e1m n\u00e1v\u0161tevn\u00edkov s jedin\u00fdm cie\u013eom &#8211; urobi\u0165 bezpe\u010dn\u00fa pr\u00e1cu \u0161tandardom.  <\/p>\n\n\n\n<p>\u010eakujeme v\u00e1m za n\u00e1v\u0161tevu n\u00e1\u0161ho st\u00e1nku a za mo\u017enos\u0165 predstavi\u0165 rie\u0161enia, ktor\u00e9 pon\u00faka spolo\u010dnos\u0165 Anter System <a href=\"https:\/\/www.youtube.com\/channel\/UC1zGnGoW-aY0v1ZrDd3KHLA\">@antersystem_pl.<\/a><\/p>\n\n\n\n<p>Poz\u00fdvame v\u00e1s, aby ste sa s nami spojili a pozreli si video\/fotografie zachyt\u00e1vaj\u00face atmosf\u00e9ru podujatia!<\/p>\n\n\n\nngg_shortcode_0_placeholder\n\n\n\n<figure class=\"wp-block-embed aligncenter is-type-video is-provider-youtube wp-block-embed-youtube wp-embed-aspect-16-9 wp-has-aspect-ratio\"><div class=\"wp-block-embed__wrapper\">\n<iframe loading=\"lazy\" title=\"Relacja z targ\u00f3w SAWO 2024 Anter System. [Report from the SAWO 2024 Anter System fair.]\" width=\"500\" height=\"281\" src=\"https:\/\/www.youtube.com\/embed\/sRi9QEKJonk?feature=oembed\" frameborder=\"0\" allow=\"accelerometer; autoplay; clipboard-write; encrypted-media; gyroscope; picture-in-picture; web-share\" referrerpolicy=\"strict-origin-when-cross-origin\" allowfullscreen><\/iframe>\n<\/div><\/figure>\n\n\n\n<h3 class=\"wp-block-heading\"><\/h3>\n<\/div>\n\n\n\n<div class=\"wp-block-column is-layout-flow wp-block-column-is-layout-flow\" style=\"flex-basis:10%\"><\/div>\n<\/div>\n","protected":false},"excerpt":{"rendered":"<p>Vizu\u00e1lna spr\u00e1va z ve\u013etrhu SAWO&#8217;24 Medzin\u00e1rodn\u00fd ve\u013etrh bezpe\u010dnosti pr\u00e1ce, po\u017eiarnej ochrany a z\u00e1chrany SAWO je najv\u00e4\u010d\u0161\u00edm ve\u013etrhom BOZP v strednej a v\u00fdchodnej Eur\u00f3pe. Podujatie sa kon\u00e1 ka\u017ed\u00e9 dva roky. SAWO je jedine\u010dn\u00fdm podujat\u00edm v Po\u013esku, ktor\u00e9 priamo prispieva k zav\u00e1dzaniu modern\u00fdch technol\u00f3gi\u00ed a rie\u0161en\u00ed v podnikoch, zlep\u0161ovaniu kvality pr\u00e1ce a bezpe\u010dnosti zamestnancov. Po\u010das tohto ro\u010dn\u00edka [&hellip;]<\/p>\n","protected":false},"author":1,"featured_media":0,"parent":30350,"menu_order":0,"comment_status":"closed","ping_status":"closed","template":"","meta":{"inline_featured_image":false,"ngg_post_thumbnail":0,"footnotes":""},"class_list":["post-39113","page","type-page","status-publish","hentry"],"acf":[],"yoast_head":"<!-- This site is optimized with the Yoast SEO plugin v27.0 - https:\/\/yoast.com\/product\/yoast-seo-wordpress\/ -->\n<title>Spr\u00e1va z ve\u013etrhu SAWO 2024 - Anter System<\/title>\n<meta name=\"description\" content=\"Vizu\u00e1lna spr\u00e1va z ve\u013etrhu SAWO&#039;24 Medzin\u00e1rodn\u00fd ve\u013etrh bezpe\u010dnosti pr\u00e1ce, po\u017eiarnej ochrany a z\u00e1chrany SAWO je najv\u00e4\u010d\u0161\u00edm ve\u013etrhom BOZP v strednej a\" \/>\n<meta name=\"robots\" content=\"index, follow, max-snippet:-1, max-image-preview:large, max-video-preview:-1\" \/>\n<link rel=\"canonical\" href=\"https:\/\/antersystem.com\/sk\/novinky\/report-from-sawo-2024-trade-fair\/\" \/>\n<meta property=\"og:locale\" content=\"sk_SK\" \/>\n<meta property=\"og:type\" content=\"article\" \/>\n<meta property=\"og:title\" content=\"Spr\u00e1va z ve\u013etrhu SAWO 2024 - Anter System\" \/>\n<meta property=\"og:description\" content=\"Vizu\u00e1lna spr\u00e1va z ve\u013etrhu SAWO&#039;24 Medzin\u00e1rodn\u00fd ve\u013etrh bezpe\u010dnosti pr\u00e1ce, po\u017eiarnej ochrany a z\u00e1chrany SAWO je najv\u00e4\u010d\u0161\u00edm ve\u013etrhom BOZP v strednej a\" \/>\n<meta property=\"og:url\" content=\"https:\/\/antersystem.com\/sk\/novinky\/report-from-sawo-2024-trade-fair\/\" \/>\n<meta property=\"og:site_name\" content=\"Anter System\" \/>\n<meta property=\"article:modified_time\" content=\"2026-02-02T14:47:33+00:00\" \/>\n<meta name=\"twitter:card\" content=\"summary_large_image\" \/>\n<meta name=\"twitter:label1\" content=\"Predpokladan\u00fd \u010das \u010d\u00edtania\" \/>\n\t<meta name=\"twitter:data1\" content=\"1 min\u00fata\" \/>\n<script type=\"application\/ld+json\" class=\"yoast-schema-graph\">{\"@context\":\"https:\/\/schema.org\",\"@graph\":[{\"@type\":\"WebPage\",\"@id\":\"https:\/\/antersystem.com\/sk\/novinky\/report-from-sawo-2024-trade-fair\/\",\"url\":\"https:\/\/antersystem.com\/sk\/novinky\/report-from-sawo-2024-trade-fair\/\",\"name\":\"Spr\u00e1va z ve\u013etrhu SAWO 2024 - Anter System\",\"isPartOf\":{\"@id\":\"https:\/\/antersystem.com\/sk\/#website\"},\"datePublished\":\"2024-04-29T11:41:44+00:00\",\"dateModified\":\"2026-02-02T14:47:33+00:00\",\"description\":\"Vizu\u00e1lna spr\u00e1va z ve\u013etrhu SAWO'24 Medzin\u00e1rodn\u00fd ve\u013etrh bezpe\u010dnosti pr\u00e1ce, po\u017eiarnej ochrany a z\u00e1chrany SAWO je najv\u00e4\u010d\u0161\u00edm ve\u013etrhom BOZP v strednej a\",\"breadcrumb\":{\"@id\":\"https:\/\/antersystem.com\/sk\/novinky\/report-from-sawo-2024-trade-fair\/#breadcrumb\"},\"inLanguage\":\"sk-SK\",\"potentialAction\":[{\"@type\":\"ReadAction\",\"target\":[\"https:\/\/antersystem.com\/sk\/novinky\/report-from-sawo-2024-trade-fair\/\"]}]},{\"@type\":\"BreadcrumbList\",\"@id\":\"https:\/\/antersystem.com\/sk\/novinky\/report-from-sawo-2024-trade-fair\/#breadcrumb\",\"itemListElement\":[{\"@type\":\"ListItem\",\"position\":1,\"name\":\"AnterSystem\",\"item\":\"https:\/\/antersystem.com\/sk\/\"},{\"@type\":\"ListItem\",\"position\":2,\"name\":\"Novinky\",\"item\":\"https:\/\/antersystem.com\/sk\/novinky\/\"},{\"@type\":\"ListItem\",\"position\":3,\"name\":\"Spr\u00e1va z ve\u013etrhu SAWO 2024\"}]},{\"@type\":\"WebSite\",\"@id\":\"https:\/\/antersystem.com\/sk\/#website\",\"url\":\"https:\/\/antersystem.com\/sk\/\",\"name\":\"Anter System\",\"description\":\"Jeste\u015bmy polskim producentem elastycznych barier ochronnych wykonywanych z polimerowych tworzyw sztucznych. Na rynku krajowym i zagranicznym dzia\u0142amy od ponad 15 lat dbaj\u0105c o zapewnienie bezpiecze\u0144stwa w zak\u0142adach produkcyjnych, magazynach oraz centrach logistycznych.\",\"potentialAction\":[{\"@type\":\"SearchAction\",\"target\":{\"@type\":\"EntryPoint\",\"urlTemplate\":\"https:\/\/antersystem.com\/sk\/?s={search_term_string}\"},\"query-input\":{\"@type\":\"PropertyValueSpecification\",\"valueRequired\":true,\"valueName\":\"search_term_string\"}}],\"inLanguage\":\"sk-SK\"}]}<\/script>\n<!-- \/ Yoast SEO plugin. -->","yoast_head_json":{"title":"Spr\u00e1va z ve\u013etrhu SAWO 2024 - Anter System","description":"Vizu\u00e1lna spr\u00e1va z ve\u013etrhu SAWO'24 Medzin\u00e1rodn\u00fd ve\u013etrh bezpe\u010dnosti pr\u00e1ce, po\u017eiarnej ochrany a z\u00e1chrany SAWO je najv\u00e4\u010d\u0161\u00edm ve\u013etrhom BOZP v strednej a","robots":{"index":"index","follow":"follow","max-snippet":"max-snippet:-1","max-image-preview":"max-image-preview:large","max-video-preview":"max-video-preview:-1"},"canonical":"https:\/\/antersystem.com\/sk\/novinky\/report-from-sawo-2024-trade-fair\/","og_locale":"sk_SK","og_type":"article","og_title":"Spr\u00e1va z ve\u013etrhu SAWO 2024 - Anter System","og_description":"Vizu\u00e1lna spr\u00e1va z ve\u013etrhu SAWO'24 Medzin\u00e1rodn\u00fd ve\u013etrh bezpe\u010dnosti pr\u00e1ce, po\u017eiarnej ochrany a z\u00e1chrany SAWO je najv\u00e4\u010d\u0161\u00edm ve\u013etrhom BOZP v strednej a","og_url":"https:\/\/antersystem.com\/sk\/novinky\/report-from-sawo-2024-trade-fair\/","og_site_name":"Anter System","article_modified_time":"2026-02-02T14:47:33+00:00","twitter_card":"summary_large_image","twitter_misc":{"Predpokladan\u00fd \u010das \u010d\u00edtania":"1 min\u00fata"},"schema":{"@context":"https:\/\/schema.org","@graph":[{"@type":"WebPage","@id":"https:\/\/antersystem.com\/sk\/novinky\/report-from-sawo-2024-trade-fair\/","url":"https:\/\/antersystem.com\/sk\/novinky\/report-from-sawo-2024-trade-fair\/","name":"Spr\u00e1va z ve\u013etrhu SAWO 2024 - Anter System","isPartOf":{"@id":"https:\/\/antersystem.com\/sk\/#website"},"datePublished":"2024-04-29T11:41:44+00:00","dateModified":"2026-02-02T14:47:33+00:00","description":"Vizu\u00e1lna spr\u00e1va z ve\u013etrhu SAWO'24 Medzin\u00e1rodn\u00fd ve\u013etrh bezpe\u010dnosti pr\u00e1ce, po\u017eiarnej ochrany a z\u00e1chrany SAWO je najv\u00e4\u010d\u0161\u00edm ve\u013etrhom BOZP v strednej a","breadcrumb":{"@id":"https:\/\/antersystem.com\/sk\/novinky\/report-from-sawo-2024-trade-fair\/#breadcrumb"},"inLanguage":"sk-SK","potentialAction":[{"@type":"ReadAction","target":["https:\/\/antersystem.com\/sk\/novinky\/report-from-sawo-2024-trade-fair\/"]}]},{"@type":"BreadcrumbList","@id":"https:\/\/antersystem.com\/sk\/novinky\/report-from-sawo-2024-trade-fair\/#breadcrumb","itemListElement":[{"@type":"ListItem","position":1,"name":"AnterSystem","item":"https:\/\/antersystem.com\/sk\/"},{"@type":"ListItem","position":2,"name":"Novinky","item":"https:\/\/antersystem.com\/sk\/novinky\/"},{"@type":"ListItem","position":3,"name":"Spr\u00e1va z ve\u013etrhu SAWO 2024"}]},{"@type":"WebSite","@id":"https:\/\/antersystem.com\/sk\/#website","url":"https:\/\/antersystem.com\/sk\/","name":"Anter System","description":"Jeste\u015bmy polskim producentem elastycznych barier ochronnych wykonywanych z polimerowych tworzyw sztucznych. Na rynku krajowym i zagranicznym dzia\u0142amy od ponad 15 lat dbaj\u0105c o zapewnienie bezpiecze\u0144stwa w zak\u0142adach produkcyjnych, magazynach oraz centrach logistycznych.","potentialAction":[{"@type":"SearchAction","target":{"@type":"EntryPoint","urlTemplate":"https:\/\/antersystem.com\/sk\/?s={search_term_string}"},"query-input":{"@type":"PropertyValueSpecification","valueRequired":true,"valueName":"search_term_string"}}],"inLanguage":"sk-SK"}]}},"_links":{"self":[{"href":"https:\/\/antersystem.com\/sk\/wp-json\/wp\/v2\/pages\/39113","targetHints":{"allow":["GET"]}}],"collection":[{"href":"https:\/\/antersystem.com\/sk\/wp-json\/wp\/v2\/pages"}],"about":[{"href":"https:\/\/antersystem.com\/sk\/wp-json\/wp\/v2\/types\/page"}],"author":[{"embeddable":true,"href":"https:\/\/antersystem.com\/sk\/wp-json\/wp\/v2\/users\/1"}],"replies":[{"embeddable":true,"href":"https:\/\/antersystem.com\/sk\/wp-json\/wp\/v2\/comments?post=39113"}],"version-history":[{"count":1,"href":"https:\/\/antersystem.com\/sk\/wp-json\/wp\/v2\/pages\/39113\/revisions"}],"predecessor-version":[{"id":39115,"href":"https:\/\/antersystem.com\/sk\/wp-json\/wp\/v2\/pages\/39113\/revisions\/39115"}],"up":[{"embeddable":true,"href":"https:\/\/antersystem.com\/sk\/wp-json\/wp\/v2\/pages\/30350"}],"wp:attachment":[{"href":"https:\/\/antersystem.com\/sk\/wp-json\/wp\/v2\/media?parent=39113"}],"curies":[{"name":"wp","href":"https:\/\/api.w.org\/{rel}","templated":true}]}}