{"id":39321,"date":"2023-10-24T15:40:36","date_gmt":"2023-10-24T13:40:36","guid":{"rendered":"https:\/\/antersystem.com\/novinky\/trade-fair-in-toronto-november-79-2023\/"},"modified":"2026-02-04T11:22:52","modified_gmt":"2026-02-04T10:22:52","slug":"trade-fair-in-toronto-november-79-2023","status":"publish","type":"page","link":"https:\/\/antersystem.com\/sk\/novinky\/trade-fair-in-toronto-november-79-2023\/","title":{"rendered":"Ve\u013etrh v Toronte, 7.-9. novembra 2023"},"content":{"rendered":"\n<div class=\"wp-block-columns is-layout-flex wp-container-core-columns-is-layout-9d6595d7 wp-block-columns-is-layout-flex\">\n<div class=\"wp-block-column is-layout-flow wp-block-column-is-layout-flow\" style=\"flex-basis:10%\"><\/div>\n\n\n\n<div class=\"wp-block-column is-layout-flow wp-block-column-is-layout-flow\">\n<h3 class=\"wp-block-heading\">Ve\u013etrh v Toronte, 7.-9. novembra 2023<\/h3>\n\n\n\n<p style=\"text-align: left;\"><strong>Za\u010diatkom novembra sa na ve\u013etrhu PACK EX v Toronte ponor\u00edme do inov\u00e1ci\u00ed zo sveta v\u00fdroby.<\/strong>  Na podujat\u00ed bude vystavova\u0165 aj spolo\u010dnos\u0165 Anter System. Od 7. do 9. novembra sa s nami budete m\u00f4c\u0165 stretn\u00fa\u0165 a pozrie\u0165 si na\u0161e produkty, ako s\u00fa PA <a href=\"https:\/\/antersystem.com\/kategorie_produktow\/slupki-ochronne\/\">st\u013apiky, KB ochrann\u00e9<\/a> z\u00e1brany a flexibiln\u00e9 <a href=\"https:\/\/antersystem.com\/sk\/elastyczna-bariera-pedestrian-r3-hd-flexi-2\/\">z\u00e1brany pre chodcov R3, v st\u00e1nku \u010d. 2318.<\/a> Poz\u00fdvame v\u0161etk\u00fdch, ktor\u00ed maj\u00fa z\u00e1ujem o syst\u00e9my zvy\u0161uj\u00face bezpe\u010dnos\u0165, aby n\u00e1s nav\u0161t\u00edvili. <\/p>\n<h3><strong>\u010co je PACK EX?<\/strong><\/h3>\n<p>PACK EX je s\u00fa\u010das\u0165ou ve\u013ek\u00fdch stroj\u00e1rskych ve\u013etrhov v r\u00e1mci ADM Toronto, ktor\u00e9 poskytuj\u00fa rie\u0161enia od n\u00e1vrhu a\u017e po v\u00fdrobu v ka\u017edej f\u00e1ze v\u00fdrobn\u00e9ho procesu. Je to jedin\u00e9 podujatie svojho druhu v Kanade venovan\u00e9 obalom. V r\u00e1mci ve\u013etrhu m\u00f4\u017eu dod\u00e1vatelia a n\u00e1kupcovia objavova\u0165 inov\u00e1cie v odvetv\u00ed, rozv\u00edja\u0165 nov\u00e9 technol\u00f3gie a budova\u0165 vz\u0165ahy s odborn\u00edkmi. S na\u0161imi ochrann\u00fdmi bari\u00e9rami dokonale zapad\u00e1me do modern\u00e9ho priemyseln\u00e9ho prostredia zameran\u00e9ho na udr\u017eate\u013enos\u0165.   <\/p>\n<h3><strong>T\u00e9my tohto vydania<\/strong><\/h3>\n<p>Medzi hlavn\u00e9 t\u00e9my tohtoro\u010dn\u00e9ho ro\u010dn\u00edka patria:<\/p>\n<ul>\n<li style=\"text-align: left;\">l\u00eddri v odvetv\u00ed, ktor\u00ed predstavia najnov\u0161ie projekty a rie\u0161enia v oblasti F&amp;B, aby splnili s\u00fa\u010dasn\u00e9 v\u00fdzvy a predpisy t\u00fdkaj\u00face sa odpadu.<\/li>\n<li style=\"text-align: left;\">\u0161pi\u010dkov\u00fd obsah od inteligentnej v\u00fdroby a\u017e po automatiz\u00e1ciu balenia v popredn\u00fdch v\u00fdrobn\u00fdch odvetviach: potravin\u00e1rskom a n\u00e1pojovom, elektronickom, stroj\u00e1rskom, leteckom a automobilovom.<\/li>\n<\/ul>\n<p>Podujatia PACK EX s\u00fa ur\u010den\u00e9 v\u00fdrobcom, in\u017einierom, mana\u017e\u00e9rom, t\u00edmom \u00fadr\u017eby, dod\u00e1vate\u013eom a prev\u00e1dzkovate\u013eom strojov. In\u0161pir\u00e1ciu m\u00f4\u017eete \u010derpa\u0165 od spolo\u010dnost\u00ed, ako s\u00fa DHL, Est\u00e9e Lauder, Ferrero Canada, Unilever Canada, Kellogg a mnoho \u010fal\u0161\u00edch. <\/p>\n<p>&nbsp;<\/p>\n\n\n<div class=\"wp-block-image\">\n<figure class=\"aligncenter size-large is-resized\"><a href=\"https:\/\/amto23.mapyourshow.com\/8_0\/exhibitor\/exhibitor-details.cfm?exhid=974402\"><img loading=\"lazy\" decoding=\"async\" width=\"1024\" height=\"535\" src=\"https:\/\/antersystem.com\/wp-content\/uploads\/FLEXIBLE-SAFETY-BARIERS-1-1024x535.jpg\" alt=\"\" class=\"wp-image-3125\" style=\"aspect-ratio:1.9140186915887851;width:647px;height:auto\" srcset=\"https:\/\/antersystem.com\/wp-content\/uploads\/FLEXIBLE-SAFETY-BARIERS-1-1024x535.jpg 1024w, https:\/\/antersystem.com\/wp-content\/uploads\/FLEXIBLE-SAFETY-BARIERS-1-300x157.jpg 300w, https:\/\/antersystem.com\/wp-content\/uploads\/FLEXIBLE-SAFETY-BARIERS-1-768x401.jpg 768w, https:\/\/antersystem.com\/wp-content\/uploads\/FLEXIBLE-SAFETY-BARIERS-1-450x235.jpg 450w, https:\/\/antersystem.com\/wp-content\/uploads\/FLEXIBLE-SAFETY-BARIERS-1-330x172.jpg 330w, https:\/\/antersystem.com\/wp-content\/uploads\/FLEXIBLE-SAFETY-BARIERS-1.jpg 1200w\" sizes=\"auto, (max-width: 1024px) 100vw, 1024px\" \/><\/a><\/figure><\/div><\/div>\n\n\n\n<div class=\"wp-block-column is-layout-flow wp-block-column-is-layout-flow\" style=\"flex-basis:10%\"><\/div>\n<\/div>\n","protected":false},"excerpt":{"rendered":"<p>Ve\u013etrh v Toronte, 7.-9. novembra 2023 Za\u010diatkom novembra sa na ve\u013etrhu PACK EX v Toronte ponor\u00edme do inov\u00e1ci\u00ed zo sveta v\u00fdroby. Na podujat\u00ed bude vystavova\u0165 aj spolo\u010dnos\u0165 Anter System. Od 7. do 9. novembra sa s nami budete m\u00f4c\u0165 stretn\u00fa\u0165 a pozrie\u0165 si na\u0161e produkty, ako s\u00fa PA st\u013apiky, KB ochrann\u00e9 z\u00e1brany a flexibiln\u00e9 z\u00e1brany [&hellip;]<\/p>\n","protected":false},"author":1,"featured_media":0,"parent":30350,"menu_order":0,"comment_status":"closed","ping_status":"closed","template":"","meta":{"inline_featured_image":false,"ngg_post_thumbnail":0,"footnotes":""},"class_list":["post-39321","page","type-page","status-publish","hentry"],"acf":[],"yoast_head":"<!-- This site is optimized with the Yoast SEO plugin v27.0 - https:\/\/yoast.com\/product\/yoast-seo-wordpress\/ -->\n<title>Ve\u013etrh v Toronte, 7.-9. novembra 2023 - Anter System<\/title>\n<meta name=\"description\" content=\"Ve\u013etrh v Toronte, 7.-9. novembra 2023 Za\u010diatkom novembra sa na ve\u013etrhu PACK EX v Toronte ponor\u00edme do inov\u00e1ci\u00ed zo sveta v\u00fdroby. Na podujat\u00ed bude vystavova\u0165\" \/>\n<meta name=\"robots\" content=\"index, follow, max-snippet:-1, max-image-preview:large, max-video-preview:-1\" \/>\n<link rel=\"canonical\" href=\"https:\/\/antersystem.com\/sk\/novinky\/trade-fair-in-toronto-november-79-2023\/\" \/>\n<meta property=\"og:locale\" content=\"sk_SK\" \/>\n<meta property=\"og:type\" content=\"article\" \/>\n<meta property=\"og:title\" content=\"Ve\u013etrh v Toronte, 7.-9. novembra 2023 - Anter System\" \/>\n<meta property=\"og:description\" content=\"Ve\u013etrh v Toronte, 7.-9. novembra 2023 Za\u010diatkom novembra sa na ve\u013etrhu PACK EX v Toronte ponor\u00edme do inov\u00e1ci\u00ed zo sveta v\u00fdroby. Na podujat\u00ed bude vystavova\u0165\" \/>\n<meta property=\"og:url\" content=\"https:\/\/antersystem.com\/sk\/novinky\/trade-fair-in-toronto-november-79-2023\/\" \/>\n<meta property=\"og:site_name\" content=\"Anter System\" \/>\n<meta property=\"article:modified_time\" content=\"2026-02-04T10:22:52+00:00\" \/>\n<meta property=\"og:image\" content=\"https:\/\/antersystem.com\/wp-content\/uploads\/FLEXIBLE-SAFETY-BARIERS-1-1024x535.jpg\" \/>\n<meta name=\"twitter:card\" content=\"summary_large_image\" \/>\n<meta name=\"twitter:label1\" content=\"Predpokladan\u00fd \u010das \u010d\u00edtania\" \/>\n\t<meta name=\"twitter:data1\" content=\"2 min\u00faty\" \/>\n<script type=\"application\/ld+json\" class=\"yoast-schema-graph\">{\"@context\":\"https:\/\/schema.org\",\"@graph\":[{\"@type\":\"WebPage\",\"@id\":\"https:\/\/antersystem.com\/sk\/novinky\/trade-fair-in-toronto-november-79-2023\/\",\"url\":\"https:\/\/antersystem.com\/sk\/novinky\/trade-fair-in-toronto-november-79-2023\/\",\"name\":\"Ve\u013etrh v Toronte, 7.-9. novembra 2023 - Anter System\",\"isPartOf\":{\"@id\":\"https:\/\/antersystem.com\/sk\/#website\"},\"primaryImageOfPage\":{\"@id\":\"https:\/\/antersystem.com\/sk\/novinky\/trade-fair-in-toronto-november-79-2023\/#primaryimage\"},\"image\":{\"@id\":\"https:\/\/antersystem.com\/sk\/novinky\/trade-fair-in-toronto-november-79-2023\/#primaryimage\"},\"thumbnailUrl\":\"https:\/\/antersystem.com\/wp-content\/uploads\/FLEXIBLE-SAFETY-BARIERS-1-1024x535.jpg\",\"datePublished\":\"2023-10-24T13:40:36+00:00\",\"dateModified\":\"2026-02-04T10:22:52+00:00\",\"description\":\"Ve\u013etrh v Toronte, 7.-9. novembra 2023 Za\u010diatkom novembra sa na ve\u013etrhu PACK EX v Toronte ponor\u00edme do inov\u00e1ci\u00ed zo sveta v\u00fdroby. Na podujat\u00ed bude vystavova\u0165\",\"breadcrumb\":{\"@id\":\"https:\/\/antersystem.com\/sk\/novinky\/trade-fair-in-toronto-november-79-2023\/#breadcrumb\"},\"inLanguage\":\"sk-SK\",\"potentialAction\":[{\"@type\":\"ReadAction\",\"target\":[\"https:\/\/antersystem.com\/sk\/novinky\/trade-fair-in-toronto-november-79-2023\/\"]}]},{\"@type\":\"ImageObject\",\"inLanguage\":\"sk-SK\",\"@id\":\"https:\/\/antersystem.com\/sk\/novinky\/trade-fair-in-toronto-november-79-2023\/#primaryimage\",\"url\":\"https:\/\/antersystem.com\/wp-content\/uploads\/FLEXIBLE-SAFETY-BARIERS-1-1024x535.jpg\",\"contentUrl\":\"https:\/\/antersystem.com\/wp-content\/uploads\/FLEXIBLE-SAFETY-BARIERS-1-1024x535.jpg\"},{\"@type\":\"BreadcrumbList\",\"@id\":\"https:\/\/antersystem.com\/sk\/novinky\/trade-fair-in-toronto-november-79-2023\/#breadcrumb\",\"itemListElement\":[{\"@type\":\"ListItem\",\"position\":1,\"name\":\"AnterSystem\",\"item\":\"https:\/\/antersystem.com\/sk\/\"},{\"@type\":\"ListItem\",\"position\":2,\"name\":\"Novinky\",\"item\":\"https:\/\/antersystem.com\/sk\/novinky\/\"},{\"@type\":\"ListItem\",\"position\":3,\"name\":\"Ve\u013etrh v Toronte, 7.-9. novembra 2023\"}]},{\"@type\":\"WebSite\",\"@id\":\"https:\/\/antersystem.com\/sk\/#website\",\"url\":\"https:\/\/antersystem.com\/sk\/\",\"name\":\"Anter System\",\"description\":\"Jeste\u015bmy polskim producentem elastycznych barier ochronnych wykonywanych z polimerowych tworzyw sztucznych. Na rynku krajowym i zagranicznym dzia\u0142amy od ponad 15 lat dbaj\u0105c o zapewnienie bezpiecze\u0144stwa w zak\u0142adach produkcyjnych, magazynach oraz centrach logistycznych.\",\"potentialAction\":[{\"@type\":\"SearchAction\",\"target\":{\"@type\":\"EntryPoint\",\"urlTemplate\":\"https:\/\/antersystem.com\/sk\/?s={search_term_string}\"},\"query-input\":{\"@type\":\"PropertyValueSpecification\",\"valueRequired\":true,\"valueName\":\"search_term_string\"}}],\"inLanguage\":\"sk-SK\"}]}<\/script>\n<!-- \/ Yoast SEO plugin. -->","yoast_head_json":{"title":"Ve\u013etrh v Toronte, 7.-9. novembra 2023 - Anter System","description":"Ve\u013etrh v Toronte, 7.-9. novembra 2023 Za\u010diatkom novembra sa na ve\u013etrhu PACK EX v Toronte ponor\u00edme do inov\u00e1ci\u00ed zo sveta v\u00fdroby. Na podujat\u00ed bude vystavova\u0165","robots":{"index":"index","follow":"follow","max-snippet":"max-snippet:-1","max-image-preview":"max-image-preview:large","max-video-preview":"max-video-preview:-1"},"canonical":"https:\/\/antersystem.com\/sk\/novinky\/trade-fair-in-toronto-november-79-2023\/","og_locale":"sk_SK","og_type":"article","og_title":"Ve\u013etrh v Toronte, 7.-9. novembra 2023 - Anter System","og_description":"Ve\u013etrh v Toronte, 7.-9. novembra 2023 Za\u010diatkom novembra sa na ve\u013etrhu PACK EX v Toronte ponor\u00edme do inov\u00e1ci\u00ed zo sveta v\u00fdroby. Na podujat\u00ed bude vystavova\u0165","og_url":"https:\/\/antersystem.com\/sk\/novinky\/trade-fair-in-toronto-november-79-2023\/","og_site_name":"Anter System","article_modified_time":"2026-02-04T10:22:52+00:00","og_image":[{"url":"https:\/\/antersystem.com\/wp-content\/uploads\/FLEXIBLE-SAFETY-BARIERS-1-1024x535.jpg","type":"","width":"","height":""}],"twitter_card":"summary_large_image","twitter_misc":{"Predpokladan\u00fd \u010das \u010d\u00edtania":"2 min\u00faty"},"schema":{"@context":"https:\/\/schema.org","@graph":[{"@type":"WebPage","@id":"https:\/\/antersystem.com\/sk\/novinky\/trade-fair-in-toronto-november-79-2023\/","url":"https:\/\/antersystem.com\/sk\/novinky\/trade-fair-in-toronto-november-79-2023\/","name":"Ve\u013etrh v Toronte, 7.-9. novembra 2023 - Anter System","isPartOf":{"@id":"https:\/\/antersystem.com\/sk\/#website"},"primaryImageOfPage":{"@id":"https:\/\/antersystem.com\/sk\/novinky\/trade-fair-in-toronto-november-79-2023\/#primaryimage"},"image":{"@id":"https:\/\/antersystem.com\/sk\/novinky\/trade-fair-in-toronto-november-79-2023\/#primaryimage"},"thumbnailUrl":"https:\/\/antersystem.com\/wp-content\/uploads\/FLEXIBLE-SAFETY-BARIERS-1-1024x535.jpg","datePublished":"2023-10-24T13:40:36+00:00","dateModified":"2026-02-04T10:22:52+00:00","description":"Ve\u013etrh v Toronte, 7.-9. novembra 2023 Za\u010diatkom novembra sa na ve\u013etrhu PACK EX v Toronte ponor\u00edme do inov\u00e1ci\u00ed zo sveta v\u00fdroby. Na podujat\u00ed bude vystavova\u0165","breadcrumb":{"@id":"https:\/\/antersystem.com\/sk\/novinky\/trade-fair-in-toronto-november-79-2023\/#breadcrumb"},"inLanguage":"sk-SK","potentialAction":[{"@type":"ReadAction","target":["https:\/\/antersystem.com\/sk\/novinky\/trade-fair-in-toronto-november-79-2023\/"]}]},{"@type":"ImageObject","inLanguage":"sk-SK","@id":"https:\/\/antersystem.com\/sk\/novinky\/trade-fair-in-toronto-november-79-2023\/#primaryimage","url":"https:\/\/antersystem.com\/wp-content\/uploads\/FLEXIBLE-SAFETY-BARIERS-1-1024x535.jpg","contentUrl":"https:\/\/antersystem.com\/wp-content\/uploads\/FLEXIBLE-SAFETY-BARIERS-1-1024x535.jpg"},{"@type":"BreadcrumbList","@id":"https:\/\/antersystem.com\/sk\/novinky\/trade-fair-in-toronto-november-79-2023\/#breadcrumb","itemListElement":[{"@type":"ListItem","position":1,"name":"AnterSystem","item":"https:\/\/antersystem.com\/sk\/"},{"@type":"ListItem","position":2,"name":"Novinky","item":"https:\/\/antersystem.com\/sk\/novinky\/"},{"@type":"ListItem","position":3,"name":"Ve\u013etrh v Toronte, 7.-9. novembra 2023"}]},{"@type":"WebSite","@id":"https:\/\/antersystem.com\/sk\/#website","url":"https:\/\/antersystem.com\/sk\/","name":"Anter System","description":"Jeste\u015bmy polskim producentem elastycznych barier ochronnych wykonywanych z polimerowych tworzyw sztucznych. Na rynku krajowym i zagranicznym dzia\u0142amy od ponad 15 lat dbaj\u0105c o zapewnienie bezpiecze\u0144stwa w zak\u0142adach produkcyjnych, magazynach oraz centrach logistycznych.","potentialAction":[{"@type":"SearchAction","target":{"@type":"EntryPoint","urlTemplate":"https:\/\/antersystem.com\/sk\/?s={search_term_string}"},"query-input":{"@type":"PropertyValueSpecification","valueRequired":true,"valueName":"search_term_string"}}],"inLanguage":"sk-SK"}]}},"_links":{"self":[{"href":"https:\/\/antersystem.com\/sk\/wp-json\/wp\/v2\/pages\/39321","targetHints":{"allow":["GET"]}}],"collection":[{"href":"https:\/\/antersystem.com\/sk\/wp-json\/wp\/v2\/pages"}],"about":[{"href":"https:\/\/antersystem.com\/sk\/wp-json\/wp\/v2\/types\/page"}],"author":[{"embeddable":true,"href":"https:\/\/antersystem.com\/sk\/wp-json\/wp\/v2\/users\/1"}],"replies":[{"embeddable":true,"href":"https:\/\/antersystem.com\/sk\/wp-json\/wp\/v2\/comments?post=39321"}],"version-history":[{"count":1,"href":"https:\/\/antersystem.com\/sk\/wp-json\/wp\/v2\/pages\/39321\/revisions"}],"predecessor-version":[{"id":39324,"href":"https:\/\/antersystem.com\/sk\/wp-json\/wp\/v2\/pages\/39321\/revisions\/39324"}],"up":[{"embeddable":true,"href":"https:\/\/antersystem.com\/sk\/wp-json\/wp\/v2\/pages\/30350"}],"wp:attachment":[{"href":"https:\/\/antersystem.com\/sk\/wp-json\/wp\/v2\/media?parent=39321"}],"curies":[{"name":"wp","href":"https:\/\/api.w.org\/{rel}","templated":true}]}}