{"id":39455,"date":"2024-06-17T15:23:53","date_gmt":"2024-06-17T13:23:53","guid":{"rendered":"https:\/\/antersystem.com\/novinky\/technical-conferences-mielec-20-06\/"},"modified":"2026-02-04T13:51:20","modified_gmt":"2026-02-04T12:51:20","slug":"technical-conferences-mielec-20-06","status":"publish","type":"page","link":"https:\/\/antersystem.com\/sk\/novinky\/technical-conferences-mielec-20-06\/","title":{"rendered":"Technick\u00e9 konferencie, Mielec 20.06"},"content":{"rendered":"\n<div class=\"wp-block-columns is-layout-flex wp-container-core-columns-is-layout-9d6595d7 wp-block-columns-is-layout-flex\">\n  \n  <div class=\"wp-block-column is-layout-flow wp-block-column-is-layout-flow\" style=\"flex-basis:10%\"><\/div>\n  \n\n  \n  <div class=\"wp-block-column is-layout-flow wp-block-column-is-layout-flow\">\n    \n    <h2 class=\"wp-block-heading\">Najlep\u0161ie postupy v logistike &#8211; technick\u00e1 konferencia<\/h2>\n    \n\n    \n    <p>Poz\u00fdvame v\u00e1s na bezplatn\u00fa konferenciu <strong>&#8222;Optimaliz\u00e1cia intralogistick\u00fdch a skladov\u00fdch procesov&#8220; venovan\u00fa<\/strong> dynamick\u00fdm zmen\u00e1m v logistickom priemysle. Podujatie sa uskuto\u010dn\u00ed <strong>20. j\u00fana v<\/strong> <strong>hoteli Atena v Mielci.<\/strong> <\/p>\n    \n\n    \n    <p>V\u0161etk\u00fdm, ktor\u00ed chc\u00fa <strong>roz\u0161\u00edri\u0165 svoju profesion\u00e1lnu sie\u0165<\/strong>, vrelo odpor\u00fa\u010dame, <strong>aby<\/strong> sa k n\u00e1m pripojili. Bude tu ve\u013ea pr\u00edle\u017eitost\u00ed na hodnotn\u00e9 diskusie a zaru\u010den\u00fd pr\u00edstup k skuto\u010dn\u00fdm profesion\u00e1lom v odbore. Sila <strong>konferenci\u00ed Axon Media<\/strong> spo\u010d\u00edva v stretnut\u00ed odborn\u00edkov z praxe &#8211; <strong>expertov z r\u00f4znych odvetv\u00ed, ktor\u00ed sa<\/strong> podelia o svoje sk\u00fasenosti so zlep\u0161ovan\u00edm logistick\u00fdch a skladov\u00fdch procesov a <strong>bud\u00fa diskutova\u0165 o v\u00fdzvach s\u00favisiacich s ich prisp\u00f4soben\u00edm \u0161pecifick\u00fdm potreb\u00e1m zariaden\u00ed.<\/strong> Prezent\u00e1cie sa bud\u00fa t\u00fdka\u0165 komplexn\u00fdch implement\u00e1ci\u00ed aj men\u0161\u00edch zlep\u0161en\u00ed, ktor\u00e9 pom\u00e1haj\u00fa \u0161etri\u0165 \u010das a zni\u017eova\u0165 n\u00e1klady.   <\/p>\n    \n\n    \n    <p><strong>Spolo\u010dnos\u0165 Anter System ako partner technick\u00fdch konferenci\u00ed podporuje \u00fasilie o zlep\u0161enie bezpe\u010dnosti a hygieny (BOZP) v skladoch a priemyseln\u00fdch hal\u00e1ch.<\/strong>  Poskytujeme odborn\u00e9 poradenstvo v oblasti pou\u017e\u00edvania ochrann\u00fdch syst\u00e9mov pre chodcov, tovar, stroje a infra\u0161trukt\u00faru. Pokia\u013e ide o bezpe\u010dnos\u0165 pri nakladan\u00ed a vykladan\u00ed, <a href=\"https:\/\/antersystem.com\/sk\/kategorie-produktov\/nakladacia-technika\/\"><strong>m\u00e1me tie\u017e mnoho osved\u010den\u00fdch v\u00fdrobkov, ktor\u00e9 m\u00f4\u017eeme prezentova\u0165 a diskutova\u0165 o nich<\/strong><\/a>. Medzi \u010fal\u0161ie t\u00e9my, ktor\u00fdm sa bude konferencia venova\u0165, patria: syst\u00e9my vn\u00fatornej prepravy, skladov\u00e1 robotika, automatizovan\u00e9 syst\u00e9my skladovania a vychyst\u00e1vania, RFID a bezdr\u00f4tov\u00e1 identifik\u00e1cia, softv\u00e9r pre intralogistiku, projektovanie a poradenstvo v oblasti skladovej logistiky a stroje na ozna\u010dovanie a zna\u010denie.  <\/p>\n    \n\n    \n    <p>Konferencia pon\u00faka vynikaj\u00facu pr\u00edle\u017eitos\u0165 objavi\u0165 technologick\u00e9 rie\u0161enia prisp\u00f4soben\u00e9 individu\u00e1lnym potreb\u00e1m ka\u017ed\u00e9ho \u00fa\u010dastn\u00edka. Z dlhodob\u00e9ho h\u013eadiska podporuje prostredie spolupr\u00e1ce, ktor\u00e9 podporuje zmeny s\u00favisiace s digitaliz\u00e1ciou, automatiz\u00e1ciou a bud\u00facnos\u0165ou pr\u00e1ce. Ver\u00edme, \u017ee je to s\u013eubn\u00fd smer &#8211; pr\u00ed\u010fte nav\u0161t\u00edvi\u0165 st\u00e1nok spolo\u010dnosti <strong>Anter System<\/strong> a pripojte sa k n\u00e1m v predn\u00e1\u0161kovej s\u00e1le!  <\/p>\n    \n\n    \n    <p>Program podujatia: <strong><a href=\"https:\/\/www.axonmedia.pl\/konferencje\/aktualne\/intralogistyka-magazynowanie-2024-mielec\/\">Technick\u00e9 konferencie<\/a><\/strong><\/p>\n    \n\n    \n    <p><strong>#TechnicalConferences #AxonMedia #OHS #Production #FlexibleSafetyBarriers<\/strong><\/p>\n    \n  <\/div>\n  \n\n  \n  <div class=\"wp-block-column is-layout-flow wp-block-column-is-layout-flow\" style=\"flex-basis:10%\"><\/div>\n  \n<\/div>\n<div class=\"wp-block-image\">\n<figure class=\"aligncenter size-large is-resized\"><img loading=\"lazy\" decoding=\"async\" width=\"1024\" height=\"576\" src=\"https:\/\/antersystem.com\/wp-content\/uploads\/AxonMedia-konferencja-w-Mielcu-1-edited-1024x576.webp\" alt=\"Konferencia Axon Media v Mielci 2024 - Anter System\" class=\"wp-image-4856\" style=\"width:620px;height:auto\" srcset=\"https:\/\/antersystem.com\/wp-content\/uploads\/AxonMedia-konferencja-w-Mielcu-1-edited-1024x576.webp 1024w, https:\/\/antersystem.com\/wp-content\/uploads\/AxonMedia-konferencja-w-Mielcu-1-edited-300x169.webp 300w, https:\/\/antersystem.com\/wp-content\/uploads\/AxonMedia-konferencja-w-Mielcu-1-edited-768x432.webp 768w, https:\/\/antersystem.com\/wp-content\/uploads\/AxonMedia-konferencja-w-Mielcu-1-edited-450x253.webp 450w, https:\/\/antersystem.com\/wp-content\/uploads\/AxonMedia-konferencja-w-Mielcu-1-edited-330x186.webp 330w, https:\/\/antersystem.com\/wp-content\/uploads\/AxonMedia-konferencja-w-Mielcu-1-edited.webp 1115w\" sizes=\"auto, (max-width: 1024px) 100vw, 1024px\" \/><\/figure><\/div>","protected":false},"excerpt":{"rendered":"<p>Najlep\u0161ie postupy v logistike &#8211; technick\u00e1 konferencia Poz\u00fdvame v\u00e1s na bezplatn\u00fa konferenciu &#8222;Optimaliz\u00e1cia intralogistick\u00fdch a skladov\u00fdch procesov&#8220; venovan\u00fa dynamick\u00fdm zmen\u00e1m v logistickom priemysle. Podujatie sa uskuto\u010dn\u00ed 20. j\u00fana v hoteli Atena v Mielci. V\u0161etk\u00fdm, ktor\u00ed chc\u00fa roz\u0161\u00edri\u0165 svoju profesion\u00e1lnu sie\u0165, vrelo odpor\u00fa\u010dame, aby sa k n\u00e1m pripojili. Bude tu ve\u013ea pr\u00edle\u017eitost\u00ed na hodnotn\u00e9 diskusie a [&hellip;]<\/p>\n","protected":false},"author":1,"featured_media":0,"parent":30350,"menu_order":0,"comment_status":"closed","ping_status":"closed","template":"","meta":{"inline_featured_image":false,"ngg_post_thumbnail":0,"footnotes":""},"class_list":["post-39455","page","type-page","status-publish","hentry"],"acf":[],"yoast_head":"<!-- This site is optimized with the Yoast SEO plugin v27.0 - https:\/\/yoast.com\/product\/yoast-seo-wordpress\/ -->\n<title>Technick\u00e9 konferencie, Mielec 20.06 - Anter System<\/title>\n<meta name=\"description\" content=\"Najlep\u0161ie postupy v logistike - technick\u00e1 konferencia Poz\u00fdvame v\u00e1s na bezplatn\u00fa konferenciu &quot;Optimaliz\u00e1cia intralogistick\u00fdch a skladov\u00fdch procesov&quot;\" \/>\n<meta name=\"robots\" content=\"index, follow, max-snippet:-1, max-image-preview:large, max-video-preview:-1\" \/>\n<link rel=\"canonical\" href=\"https:\/\/antersystem.com\/sk\/novinky\/technical-conferences-mielec-20-06\/\" \/>\n<meta property=\"og:locale\" content=\"sk_SK\" \/>\n<meta property=\"og:type\" content=\"article\" \/>\n<meta property=\"og:title\" content=\"Technick\u00e9 konferencie, Mielec 20.06 - Anter System\" \/>\n<meta property=\"og:description\" content=\"Najlep\u0161ie postupy v logistike - technick\u00e1 konferencia Poz\u00fdvame v\u00e1s na bezplatn\u00fa konferenciu &quot;Optimaliz\u00e1cia intralogistick\u00fdch a skladov\u00fdch procesov&quot;\" \/>\n<meta property=\"og:url\" content=\"https:\/\/antersystem.com\/sk\/novinky\/technical-conferences-mielec-20-06\/\" \/>\n<meta property=\"og:site_name\" content=\"Anter System\" \/>\n<meta property=\"article:modified_time\" content=\"2026-02-04T12:51:20+00:00\" \/>\n<meta property=\"og:image\" content=\"https:\/\/antersystem.com\/wp-content\/uploads\/AxonMedia-konferencja-w-Mielcu-1-edited-1024x576.webp\" \/>\n<meta name=\"twitter:card\" content=\"summary_large_image\" \/>\n<meta name=\"twitter:label1\" content=\"Predpokladan\u00fd \u010das \u010d\u00edtania\" \/>\n\t<meta name=\"twitter:data1\" content=\"2 min\u00faty\" \/>\n<script type=\"application\/ld+json\" class=\"yoast-schema-graph\">{\"@context\":\"https:\/\/schema.org\",\"@graph\":[{\"@type\":\"WebPage\",\"@id\":\"https:\/\/antersystem.com\/sk\/novinky\/technical-conferences-mielec-20-06\/\",\"url\":\"https:\/\/antersystem.com\/sk\/novinky\/technical-conferences-mielec-20-06\/\",\"name\":\"Technick\u00e9 konferencie, Mielec 20.06 - Anter System\",\"isPartOf\":{\"@id\":\"https:\/\/antersystem.com\/sk\/#website\"},\"primaryImageOfPage\":{\"@id\":\"https:\/\/antersystem.com\/sk\/novinky\/technical-conferences-mielec-20-06\/#primaryimage\"},\"image\":{\"@id\":\"https:\/\/antersystem.com\/sk\/novinky\/technical-conferences-mielec-20-06\/#primaryimage\"},\"thumbnailUrl\":\"https:\/\/antersystem.com\/wp-content\/uploads\/AxonMedia-konferencja-w-Mielcu-1-edited-1024x576.webp\",\"datePublished\":\"2024-06-17T13:23:53+00:00\",\"dateModified\":\"2026-02-04T12:51:20+00:00\",\"description\":\"Najlep\u0161ie postupy v logistike - technick\u00e1 konferencia Poz\u00fdvame v\u00e1s na bezplatn\u00fa konferenciu \\\"Optimaliz\u00e1cia intralogistick\u00fdch a skladov\u00fdch procesov\\\"\",\"breadcrumb\":{\"@id\":\"https:\/\/antersystem.com\/sk\/novinky\/technical-conferences-mielec-20-06\/#breadcrumb\"},\"inLanguage\":\"sk-SK\",\"potentialAction\":[{\"@type\":\"ReadAction\",\"target\":[\"https:\/\/antersystem.com\/sk\/novinky\/technical-conferences-mielec-20-06\/\"]}]},{\"@type\":\"ImageObject\",\"inLanguage\":\"sk-SK\",\"@id\":\"https:\/\/antersystem.com\/sk\/novinky\/technical-conferences-mielec-20-06\/#primaryimage\",\"url\":\"https:\/\/antersystem.com\/wp-content\/uploads\/AxonMedia-konferencja-w-Mielcu-1-edited-1024x576.webp\",\"contentUrl\":\"https:\/\/antersystem.com\/wp-content\/uploads\/AxonMedia-konferencja-w-Mielcu-1-edited-1024x576.webp\"},{\"@type\":\"BreadcrumbList\",\"@id\":\"https:\/\/antersystem.com\/sk\/novinky\/technical-conferences-mielec-20-06\/#breadcrumb\",\"itemListElement\":[{\"@type\":\"ListItem\",\"position\":1,\"name\":\"AnterSystem\",\"item\":\"https:\/\/antersystem.com\/sk\/\"},{\"@type\":\"ListItem\",\"position\":2,\"name\":\"Novinky\",\"item\":\"https:\/\/antersystem.com\/sk\/novinky\/\"},{\"@type\":\"ListItem\",\"position\":3,\"name\":\"Technick\u00e9 konferencie, Mielec 20.06\"}]},{\"@type\":\"WebSite\",\"@id\":\"https:\/\/antersystem.com\/sk\/#website\",\"url\":\"https:\/\/antersystem.com\/sk\/\",\"name\":\"Anter System\",\"description\":\"Jeste\u015bmy polskim producentem elastycznych barier ochronnych wykonywanych z polimerowych tworzyw sztucznych. Na rynku krajowym i zagranicznym dzia\u0142amy od ponad 15 lat dbaj\u0105c o zapewnienie bezpiecze\u0144stwa w zak\u0142adach produkcyjnych, magazynach oraz centrach logistycznych.\",\"potentialAction\":[{\"@type\":\"SearchAction\",\"target\":{\"@type\":\"EntryPoint\",\"urlTemplate\":\"https:\/\/antersystem.com\/sk\/?s={search_term_string}\"},\"query-input\":{\"@type\":\"PropertyValueSpecification\",\"valueRequired\":true,\"valueName\":\"search_term_string\"}}],\"inLanguage\":\"sk-SK\"}]}<\/script>\n<!-- \/ Yoast SEO plugin. -->","yoast_head_json":{"title":"Technick\u00e9 konferencie, Mielec 20.06 - Anter System","description":"Najlep\u0161ie postupy v logistike - technick\u00e1 konferencia Poz\u00fdvame v\u00e1s na bezplatn\u00fa konferenciu \"Optimaliz\u00e1cia intralogistick\u00fdch a skladov\u00fdch procesov\"","robots":{"index":"index","follow":"follow","max-snippet":"max-snippet:-1","max-image-preview":"max-image-preview:large","max-video-preview":"max-video-preview:-1"},"canonical":"https:\/\/antersystem.com\/sk\/novinky\/technical-conferences-mielec-20-06\/","og_locale":"sk_SK","og_type":"article","og_title":"Technick\u00e9 konferencie, Mielec 20.06 - Anter System","og_description":"Najlep\u0161ie postupy v logistike - technick\u00e1 konferencia Poz\u00fdvame v\u00e1s na bezplatn\u00fa konferenciu \"Optimaliz\u00e1cia intralogistick\u00fdch a skladov\u00fdch procesov\"","og_url":"https:\/\/antersystem.com\/sk\/novinky\/technical-conferences-mielec-20-06\/","og_site_name":"Anter System","article_modified_time":"2026-02-04T12:51:20+00:00","og_image":[{"url":"https:\/\/antersystem.com\/wp-content\/uploads\/AxonMedia-konferencja-w-Mielcu-1-edited-1024x576.webp","type":"","width":"","height":""}],"twitter_card":"summary_large_image","twitter_misc":{"Predpokladan\u00fd \u010das \u010d\u00edtania":"2 min\u00faty"},"schema":{"@context":"https:\/\/schema.org","@graph":[{"@type":"WebPage","@id":"https:\/\/antersystem.com\/sk\/novinky\/technical-conferences-mielec-20-06\/","url":"https:\/\/antersystem.com\/sk\/novinky\/technical-conferences-mielec-20-06\/","name":"Technick\u00e9 konferencie, Mielec 20.06 - Anter System","isPartOf":{"@id":"https:\/\/antersystem.com\/sk\/#website"},"primaryImageOfPage":{"@id":"https:\/\/antersystem.com\/sk\/novinky\/technical-conferences-mielec-20-06\/#primaryimage"},"image":{"@id":"https:\/\/antersystem.com\/sk\/novinky\/technical-conferences-mielec-20-06\/#primaryimage"},"thumbnailUrl":"https:\/\/antersystem.com\/wp-content\/uploads\/AxonMedia-konferencja-w-Mielcu-1-edited-1024x576.webp","datePublished":"2024-06-17T13:23:53+00:00","dateModified":"2026-02-04T12:51:20+00:00","description":"Najlep\u0161ie postupy v logistike - technick\u00e1 konferencia Poz\u00fdvame v\u00e1s na bezplatn\u00fa konferenciu \"Optimaliz\u00e1cia intralogistick\u00fdch a skladov\u00fdch procesov\"","breadcrumb":{"@id":"https:\/\/antersystem.com\/sk\/novinky\/technical-conferences-mielec-20-06\/#breadcrumb"},"inLanguage":"sk-SK","potentialAction":[{"@type":"ReadAction","target":["https:\/\/antersystem.com\/sk\/novinky\/technical-conferences-mielec-20-06\/"]}]},{"@type":"ImageObject","inLanguage":"sk-SK","@id":"https:\/\/antersystem.com\/sk\/novinky\/technical-conferences-mielec-20-06\/#primaryimage","url":"https:\/\/antersystem.com\/wp-content\/uploads\/AxonMedia-konferencja-w-Mielcu-1-edited-1024x576.webp","contentUrl":"https:\/\/antersystem.com\/wp-content\/uploads\/AxonMedia-konferencja-w-Mielcu-1-edited-1024x576.webp"},{"@type":"BreadcrumbList","@id":"https:\/\/antersystem.com\/sk\/novinky\/technical-conferences-mielec-20-06\/#breadcrumb","itemListElement":[{"@type":"ListItem","position":1,"name":"AnterSystem","item":"https:\/\/antersystem.com\/sk\/"},{"@type":"ListItem","position":2,"name":"Novinky","item":"https:\/\/antersystem.com\/sk\/novinky\/"},{"@type":"ListItem","position":3,"name":"Technick\u00e9 konferencie, Mielec 20.06"}]},{"@type":"WebSite","@id":"https:\/\/antersystem.com\/sk\/#website","url":"https:\/\/antersystem.com\/sk\/","name":"Anter System","description":"Jeste\u015bmy polskim producentem elastycznych barier ochronnych wykonywanych z polimerowych tworzyw sztucznych. Na rynku krajowym i zagranicznym dzia\u0142amy od ponad 15 lat dbaj\u0105c o zapewnienie bezpiecze\u0144stwa w zak\u0142adach produkcyjnych, magazynach oraz centrach logistycznych.","potentialAction":[{"@type":"SearchAction","target":{"@type":"EntryPoint","urlTemplate":"https:\/\/antersystem.com\/sk\/?s={search_term_string}"},"query-input":{"@type":"PropertyValueSpecification","valueRequired":true,"valueName":"search_term_string"}}],"inLanguage":"sk-SK"}]}},"_links":{"self":[{"href":"https:\/\/antersystem.com\/sk\/wp-json\/wp\/v2\/pages\/39455","targetHints":{"allow":["GET"]}}],"collection":[{"href":"https:\/\/antersystem.com\/sk\/wp-json\/wp\/v2\/pages"}],"about":[{"href":"https:\/\/antersystem.com\/sk\/wp-json\/wp\/v2\/types\/page"}],"author":[{"embeddable":true,"href":"https:\/\/antersystem.com\/sk\/wp-json\/wp\/v2\/users\/1"}],"replies":[{"embeddable":true,"href":"https:\/\/antersystem.com\/sk\/wp-json\/wp\/v2\/comments?post=39455"}],"version-history":[{"count":1,"href":"https:\/\/antersystem.com\/sk\/wp-json\/wp\/v2\/pages\/39455\/revisions"}],"predecessor-version":[{"id":39458,"href":"https:\/\/antersystem.com\/sk\/wp-json\/wp\/v2\/pages\/39455\/revisions\/39458"}],"up":[{"embeddable":true,"href":"https:\/\/antersystem.com\/sk\/wp-json\/wp\/v2\/pages\/30350"}],"wp:attachment":[{"href":"https:\/\/antersystem.com\/sk\/wp-json\/wp\/v2\/media?parent=39455"}],"curies":[{"name":"wp","href":"https:\/\/api.w.org\/{rel}","templated":true}]}}