{"id":39468,"date":"2024-06-18T10:35:57","date_gmt":"2024-06-18T08:35:57","guid":{"rendered":"https:\/\/antersystem.com\/novinky\/mid-magazine-an-exhibition-mix-wystawowa-mieszanka\/"},"modified":"2026-02-04T13:51:20","modified_gmt":"2026-02-04T12:51:20","slug":"mid-magazine-an-exhibition-mix-wystawowa-mieszanka","status":"publish","type":"page","link":"https:\/\/antersystem.com\/sk\/novinky\/mid-magazine-an-exhibition-mix-wystawowa-mieszanka\/","title":{"rendered":"\u010casopis MID &#8222;V\u00fdstava Mix&#8220; &#8211; &#8222;Wystawowa mieszanka&#8220;"},"content":{"rendered":"\n<div class=\"wp-block-columns is-layout-flex wp-container-core-columns-is-layout-9d6595d7 wp-block-columns-is-layout-flex\">\n<div class=\"wp-block-column is-layout-flow wp-block-column-is-layout-flow\" style=\"flex-basis:10%\"><\/div>\n\n\n\n<div class=\"wp-block-column is-layout-flow wp-block-column-is-layout-flow\">\n<h2 class=\"wp-block-heading\">MID 3\/2024. Preh\u013ead produktov predstaven\u00fdch na logistick\u00fdch ve\u013etrhoch v poslednom obdob\u00ed.<\/h2>\n\n\n\n<p>Najnov\u0161ie vydanie \u010dasopisu MID si dalo za \u00falohu zostavi\u0165 k\u013e\u00fa\u010dov\u00e9 inform\u00e1cie o produktoch pre t\u00fdch, ktor\u00ed chc\u00fa by\u0165 v obraze o novink\u00e1ch v logistike, ale nemohli sa z\u00fa\u010dastni\u0165 ve\u013etrhov, ako napr\u00edklad ve\u013etrhu bezpe\u010dnosti pr\u00e1ce SAWO (kde sme mimochodom z\u00edskali zlat\u00fa medailu &#8211; <a href=\"https:\/\/antersystem.com\/sk\/novinky\/gold-medal-traffic-dock-gate\/\"><span style=\"color: #000080;\"><strong>si o tom m\u00f4\u017eete pre\u010d\u00edta\u0165 tu<\/strong><\/span><\/a>). Redakcia tie\u017e vyzdvihuje produkty Anter System ako komplexn\u00e9 rie\u0161enia na ochranu v\u00fdrobn\u00fdch procesov a pracovn\u00edkov skladu pred kol\u00edziami s vysokozdvi\u017en\u00fdmi voz\u00edkmi. To, \u017ee sme v poslednom \u010dase prezentovali na\u0161e rie\u0161enia na mnoh\u00fdch priemyseln\u00fdch podujatiach, ur\u010dite zv\u00fd\u0161ilo na\u0161e uznanie na trhu. Ak je to v\u0161ak v\u00e1\u0161 prv\u00fd kontakt s na\u0161ou spolo\u010dnos\u0165ou a pr\u00e1ve si za\u010d\u00ednate budova\u0165 predstavu o transform\u00e1ci\u00e1ch v logistick\u00fdch priestoroch, venujte chv\u00ed\u013eu pozornosti nieko\u013ek\u00fdm k\u013e\u00fa\u010dov\u00fdm vlastnostiam syst\u00e9mu Anter System, ktor\u00e9 sa m\u00f4\u017eu priamo prejavi\u0165 v zlep\u0161en\u00ed pracovn\u00fdch podmienok vo va\u0161om podniku.   <\/p>\n\n<p><strong>\u010co n\u00e1s odli\u0161uje?<\/strong><\/p>\n<ul>\n<li>Vysok\u00e1 odolnos\u0165 v\u00fdrobkov &#8211; na\u0161e rie\u0161enia odol\u00e1vaj\u00fa n\u00e1razom mnohon\u00e1sobne v\u00e4\u010d\u0161\u00edm ako oce\u013eov\u00e9 v\u00fdrobky, \u010do potvrdzuj\u00fa testy PAS 13 a sp\u00e4tn\u00e1 v\u00e4zba od z\u00e1kazn\u00edkov<\/li>\n<li>Kvalita a s\u00falad s eur\u00f3pskymi normami &#8211; v\u00fdrobky Anter System prech\u00e1dzaj\u00fa pr\u00edsnym testovan\u00edm a s\u00fa certifikovan\u00e9 renomovan\u00fdm in\u0161tit\u00fatom T\u00dcV Rheinland<\/li>\n<li>\u0160irok\u00fd sortiment v\u00fdrobkov &#8211; prisp\u00f4soben\u00fd individu\u00e1lnym potreb\u00e1m spolo\u010dnosti a \u0161pecifick\u00fdm podmienkam miesta in\u0161tal\u00e1cie, od ochrany na \u00farovni podlahy a\u017e po z\u00e1brany na vysok\u00fdch podla\u017eiach, s prihliadnut\u00edm na prev\u00e1dzku vozidiel v objekte<\/li>\n<li>Inov\u00e1cie &#8211; zameriavame sa na modern\u00e9 rie\u0161enia, zav\u00e1dzame automatizovan\u00e9 syst\u00e9my, ktor\u00e9 zvy\u0161uj\u00fa bezpe\u010dnos\u0165, a z\u00e1rove\u0148 neust\u00e1le zlep\u0161ujeme na\u0161e produkty<\/li>\n<li>Modularita &#8211; bari\u00e9ry sa daj\u00fa \u013eahko sp\u00e1ja\u0165, premiest\u0148ova\u0165 a roz\u0161irova\u0165, aby sa prisp\u00f4sobili meniacim sa v\u00fdrobn\u00fdm alebo skladov\u00fdm podmienkam<\/li>\n<li>Ekol\u00f3gia &#8211; na\u0161e v\u00fdrobky s\u00fa 100 % recyklovate\u013en\u00e9, \u010do pom\u00e1ha zni\u017eova\u0165 uhl\u00edkov\u00fa stopu<\/li>\n<\/ul>\n\n<p>Materi\u00e1l, ktor\u00fd zostavil t\u00edm MID, v\u00e1m ur\u010dite pom\u00f4\u017ee pri rozhodovan\u00ed o n\u00e1kupe na z\u00e1klade inform\u00e1ci\u00ed &#8211; nielen pri v\u00fdbere bezpe\u010dnostn\u00fdch bari\u00e9r, ale aj rie\u0161en\u00ed vyu\u017e\u00edvaj\u00facich technol\u00f3gie umelej inteligencie. Rozhodne stoj\u00ed za pre\u010d\u00edtanie! \ud83d\ude42 \u010cl\u00e1nok je k dispoz\u00edcii ni\u017e\u0161ie a cel\u00e9 vydanie n\u00e1jdete na webovej str\u00e1nke vydavate\u013ea.  <\/p>\n<\/div>\n\n\n\n<div class=\"wp-block-column is-layout-flow wp-block-column-is-layout-flow\" style=\"flex-basis:10%\"><\/div>\n<\/div>\n\n<div data-wp-interactive=\"core\/file\" class=\"wp-block-file\"><object data-wp-bind--hidden=\"!state.hasPdfPreview\" hidden class=\"wp-block-file__embed\" data=\"https:\/\/antersystem.com\/wp-content\/uploads\/MID_99_3_2024_Anter-System.pdf\" type=\"application\/pdf\" style=\"width:100%;height:600px\" aria-label=\"Vlo\u017ei\u0165 MID_99_3_2024_Anter-System.\"><\/object><a id=\"wp-block-file--media-81b055e1-ad38-4bf5-98d8-870bb86c3edb\" href=\"https:\/\/antersystem.com\/wp-content\/uploads\/MID_99_3_2024_Anter-System.pdf\">MID_99_3_2024_Anter-System<\/a><a href=\"https:\/\/antersystem.com\/wp-content\/uploads\/MID_99_3_2024_Anter-System.pdf\" class=\"wp-block-file__button wp-element-button\" download=\"\" aria-describedby=\"wp-block-file--media-81b055e1-ad38-4bf5-98d8-870bb86c3edb\">Stiahnite si<\/a><\/div>\n","protected":false},"excerpt":{"rendered":"<p>MID 3\/2024. Preh\u013ead produktov predstaven\u00fdch na logistick\u00fdch ve\u013etrhoch v poslednom obdob\u00ed. Najnov\u0161ie vydanie \u010dasopisu MID si dalo za \u00falohu zostavi\u0165 k\u013e\u00fa\u010dov\u00e9 inform\u00e1cie o produktoch pre t\u00fdch, ktor\u00ed chc\u00fa by\u0165 v obraze o novink\u00e1ch v logistike, ale nemohli sa z\u00fa\u010dastni\u0165 ve\u013etrhov, ako napr\u00edklad ve\u013etrhu bezpe\u010dnosti pr\u00e1ce SAWO (kde sme mimochodom z\u00edskali zlat\u00fa medailu &#8211; si o [&hellip;]<\/p>\n","protected":false},"author":1,"featured_media":0,"parent":30350,"menu_order":0,"comment_status":"closed","ping_status":"closed","template":"","meta":{"inline_featured_image":false,"ngg_post_thumbnail":0,"footnotes":""},"class_list":["post-39468","page","type-page","status-publish","hentry"],"acf":[],"yoast_head":"<!-- This site is optimized with the Yoast SEO plugin v27.0 - https:\/\/yoast.com\/product\/yoast-seo-wordpress\/ -->\n<title>\u010casopis MID &quot;V\u00fdstava Mix&quot; - &quot;Wystawowa mieszanka&quot; - Anter System<\/title>\n<meta name=\"description\" content=\"Najnowszy magazyn MID pokusi\u0142 si\u0119 o zebranie wa\u017cnych wskaza\u0144 ofertowych, dla tych, kt\u00f3rzy chc\u0105 by\u0107 na bie\u017c\u0105co z nowinkami bran\u017cy logistycznej\" \/>\n<meta name=\"robots\" content=\"index, follow, max-snippet:-1, max-image-preview:large, max-video-preview:-1\" \/>\n<link rel=\"canonical\" href=\"https:\/\/antersystem.com\/sk\/novinky\/mid-magazine-an-exhibition-mix-wystawowa-mieszanka\/\" \/>\n<meta property=\"og:locale\" content=\"sk_SK\" \/>\n<meta property=\"og:type\" content=\"article\" \/>\n<meta property=\"og:title\" content=\"\u010casopis MID &quot;V\u00fdstava Mix&quot; - &quot;Wystawowa mieszanka&quot; - Anter System\" \/>\n<meta property=\"og:description\" content=\"Najnowszy magazyn MID pokusi\u0142 si\u0119 o zebranie wa\u017cnych wskaza\u0144 ofertowych, dla tych, kt\u00f3rzy chc\u0105 by\u0107 na bie\u017c\u0105co z nowinkami bran\u017cy logistycznej\" \/>\n<meta property=\"og:url\" content=\"https:\/\/antersystem.com\/sk\/novinky\/mid-magazine-an-exhibition-mix-wystawowa-mieszanka\/\" \/>\n<meta property=\"og:site_name\" content=\"Anter System\" \/>\n<meta property=\"article:modified_time\" content=\"2026-02-04T12:51:20+00:00\" \/>\n<meta name=\"twitter:card\" content=\"summary_large_image\" \/>\n<meta name=\"twitter:label1\" content=\"Predpokladan\u00fd \u010das \u010d\u00edtania\" \/>\n\t<meta name=\"twitter:data1\" content=\"2 min\u00faty\" \/>\n<script type=\"application\/ld+json\" class=\"yoast-schema-graph\">{\"@context\":\"https:\/\/schema.org\",\"@graph\":[{\"@type\":\"WebPage\",\"@id\":\"https:\/\/antersystem.com\/sk\/novinky\/mid-magazine-an-exhibition-mix-wystawowa-mieszanka\/\",\"url\":\"https:\/\/antersystem.com\/sk\/novinky\/mid-magazine-an-exhibition-mix-wystawowa-mieszanka\/\",\"name\":\"\u010casopis MID \\\"V\u00fdstava Mix\\\" - \\\"Wystawowa mieszanka\\\" - Anter System\",\"isPartOf\":{\"@id\":\"https:\/\/antersystem.com\/sk\/#website\"},\"datePublished\":\"2024-06-18T08:35:57+00:00\",\"dateModified\":\"2026-02-04T12:51:20+00:00\",\"description\":\"Najnowszy magazyn MID pokusi\u0142 si\u0119 o zebranie wa\u017cnych wskaza\u0144 ofertowych, dla tych, kt\u00f3rzy chc\u0105 by\u0107 na bie\u017c\u0105co z nowinkami bran\u017cy logistycznej\",\"breadcrumb\":{\"@id\":\"https:\/\/antersystem.com\/sk\/novinky\/mid-magazine-an-exhibition-mix-wystawowa-mieszanka\/#breadcrumb\"},\"inLanguage\":\"sk-SK\",\"potentialAction\":[{\"@type\":\"ReadAction\",\"target\":[\"https:\/\/antersystem.com\/sk\/novinky\/mid-magazine-an-exhibition-mix-wystawowa-mieszanka\/\"]}]},{\"@type\":\"BreadcrumbList\",\"@id\":\"https:\/\/antersystem.com\/sk\/novinky\/mid-magazine-an-exhibition-mix-wystawowa-mieszanka\/#breadcrumb\",\"itemListElement\":[{\"@type\":\"ListItem\",\"position\":1,\"name\":\"AnterSystem\",\"item\":\"https:\/\/antersystem.com\/sk\/\"},{\"@type\":\"ListItem\",\"position\":2,\"name\":\"Novinky\",\"item\":\"https:\/\/antersystem.com\/sk\/novinky\/\"},{\"@type\":\"ListItem\",\"position\":3,\"name\":\"\u010casopis MID &#8220;V\u00fdstava Mix&#8221; &#8211; &#8220;Wystawowa mieszanka&#8221;\"}]},{\"@type\":\"WebSite\",\"@id\":\"https:\/\/antersystem.com\/sk\/#website\",\"url\":\"https:\/\/antersystem.com\/sk\/\",\"name\":\"Anter System\",\"description\":\"Jeste\u015bmy polskim producentem elastycznych barier ochronnych wykonywanych z polimerowych tworzyw sztucznych. Na rynku krajowym i zagranicznym dzia\u0142amy od ponad 15 lat dbaj\u0105c o zapewnienie bezpiecze\u0144stwa w zak\u0142adach produkcyjnych, magazynach oraz centrach logistycznych.\",\"potentialAction\":[{\"@type\":\"SearchAction\",\"target\":{\"@type\":\"EntryPoint\",\"urlTemplate\":\"https:\/\/antersystem.com\/sk\/?s={search_term_string}\"},\"query-input\":{\"@type\":\"PropertyValueSpecification\",\"valueRequired\":true,\"valueName\":\"search_term_string\"}}],\"inLanguage\":\"sk-SK\"}]}<\/script>\n<!-- \/ Yoast SEO plugin. -->","yoast_head_json":{"title":"\u010casopis MID \"V\u00fdstava Mix\" - \"Wystawowa mieszanka\" - Anter System","description":"Najnowszy magazyn MID pokusi\u0142 si\u0119 o zebranie wa\u017cnych wskaza\u0144 ofertowych, dla tych, kt\u00f3rzy chc\u0105 by\u0107 na bie\u017c\u0105co z nowinkami bran\u017cy logistycznej","robots":{"index":"index","follow":"follow","max-snippet":"max-snippet:-1","max-image-preview":"max-image-preview:large","max-video-preview":"max-video-preview:-1"},"canonical":"https:\/\/antersystem.com\/sk\/novinky\/mid-magazine-an-exhibition-mix-wystawowa-mieszanka\/","og_locale":"sk_SK","og_type":"article","og_title":"\u010casopis MID \"V\u00fdstava Mix\" - \"Wystawowa mieszanka\" - Anter System","og_description":"Najnowszy magazyn MID pokusi\u0142 si\u0119 o zebranie wa\u017cnych wskaza\u0144 ofertowych, dla tych, kt\u00f3rzy chc\u0105 by\u0107 na bie\u017c\u0105co z nowinkami bran\u017cy logistycznej","og_url":"https:\/\/antersystem.com\/sk\/novinky\/mid-magazine-an-exhibition-mix-wystawowa-mieszanka\/","og_site_name":"Anter System","article_modified_time":"2026-02-04T12:51:20+00:00","twitter_card":"summary_large_image","twitter_misc":{"Predpokladan\u00fd \u010das \u010d\u00edtania":"2 min\u00faty"},"schema":{"@context":"https:\/\/schema.org","@graph":[{"@type":"WebPage","@id":"https:\/\/antersystem.com\/sk\/novinky\/mid-magazine-an-exhibition-mix-wystawowa-mieszanka\/","url":"https:\/\/antersystem.com\/sk\/novinky\/mid-magazine-an-exhibition-mix-wystawowa-mieszanka\/","name":"\u010casopis MID \"V\u00fdstava Mix\" - \"Wystawowa mieszanka\" - Anter System","isPartOf":{"@id":"https:\/\/antersystem.com\/sk\/#website"},"datePublished":"2024-06-18T08:35:57+00:00","dateModified":"2026-02-04T12:51:20+00:00","description":"Najnowszy magazyn MID pokusi\u0142 si\u0119 o zebranie wa\u017cnych wskaza\u0144 ofertowych, dla tych, kt\u00f3rzy chc\u0105 by\u0107 na bie\u017c\u0105co z nowinkami bran\u017cy logistycznej","breadcrumb":{"@id":"https:\/\/antersystem.com\/sk\/novinky\/mid-magazine-an-exhibition-mix-wystawowa-mieszanka\/#breadcrumb"},"inLanguage":"sk-SK","potentialAction":[{"@type":"ReadAction","target":["https:\/\/antersystem.com\/sk\/novinky\/mid-magazine-an-exhibition-mix-wystawowa-mieszanka\/"]}]},{"@type":"BreadcrumbList","@id":"https:\/\/antersystem.com\/sk\/novinky\/mid-magazine-an-exhibition-mix-wystawowa-mieszanka\/#breadcrumb","itemListElement":[{"@type":"ListItem","position":1,"name":"AnterSystem","item":"https:\/\/antersystem.com\/sk\/"},{"@type":"ListItem","position":2,"name":"Novinky","item":"https:\/\/antersystem.com\/sk\/novinky\/"},{"@type":"ListItem","position":3,"name":"\u010casopis MID &#8220;V\u00fdstava Mix&#8221; &#8211; &#8220;Wystawowa mieszanka&#8221;"}]},{"@type":"WebSite","@id":"https:\/\/antersystem.com\/sk\/#website","url":"https:\/\/antersystem.com\/sk\/","name":"Anter System","description":"Jeste\u015bmy polskim producentem elastycznych barier ochronnych wykonywanych z polimerowych tworzyw sztucznych. Na rynku krajowym i zagranicznym dzia\u0142amy od ponad 15 lat dbaj\u0105c o zapewnienie bezpiecze\u0144stwa w zak\u0142adach produkcyjnych, magazynach oraz centrach logistycznych.","potentialAction":[{"@type":"SearchAction","target":{"@type":"EntryPoint","urlTemplate":"https:\/\/antersystem.com\/sk\/?s={search_term_string}"},"query-input":{"@type":"PropertyValueSpecification","valueRequired":true,"valueName":"search_term_string"}}],"inLanguage":"sk-SK"}]}},"_links":{"self":[{"href":"https:\/\/antersystem.com\/sk\/wp-json\/wp\/v2\/pages\/39468","targetHints":{"allow":["GET"]}}],"collection":[{"href":"https:\/\/antersystem.com\/sk\/wp-json\/wp\/v2\/pages"}],"about":[{"href":"https:\/\/antersystem.com\/sk\/wp-json\/wp\/v2\/types\/page"}],"author":[{"embeddable":true,"href":"https:\/\/antersystem.com\/sk\/wp-json\/wp\/v2\/users\/1"}],"replies":[{"embeddable":true,"href":"https:\/\/antersystem.com\/sk\/wp-json\/wp\/v2\/comments?post=39468"}],"version-history":[{"count":1,"href":"https:\/\/antersystem.com\/sk\/wp-json\/wp\/v2\/pages\/39468\/revisions"}],"predecessor-version":[{"id":39470,"href":"https:\/\/antersystem.com\/sk\/wp-json\/wp\/v2\/pages\/39468\/revisions\/39470"}],"up":[{"embeddable":true,"href":"https:\/\/antersystem.com\/sk\/wp-json\/wp\/v2\/pages\/30350"}],"wp:attachment":[{"href":"https:\/\/antersystem.com\/sk\/wp-json\/wp\/v2\/media?parent=39468"}],"curies":[{"name":"wp","href":"https:\/\/api.w.org\/{rel}","templated":true}]}}